{"id":1108,"date":"2016-12-02T09:02:20","date_gmt":"2016-12-02T08:02:20","guid":{"rendered":"https:\/\/www.studyhelp.de\/schule\/?page_id=1108"},"modified":"2019-10-15T11:12:22","modified_gmt":"2019-10-15T09:12:22","slug":"das-abi-abc","status":"publish","type":"page","link":"https:\/\/www.studyhelp.de\/abitur-ratgeber\/das-abi-abc\/","title":{"rendered":"Das Abi ABC"},"content":{"rendered":"<p>[vc_row][vc_column width=&#8220;1\/1&#8243;][vc_column_text]<\/p>\n<h2>Das Abi-ABC: Die wichtigsten Vokabeln rund um das Abitur<\/h2>\n<p>Freistunden, Leistungskurse und Klausurphasen &#8211; Das sind nur einige der Vokabeln, mit denen Eltern konfrontiert werden, wenn das Kind die Oberstufe betritt. Geh\u00f6ren Sie auch zu den Elternteilen, die sich im sprachlichen Durcheinander der Abiturienten nicht zurechtfinden? Dann sind sie hier genau richtig! Im StudyHelp Abi-ABC erkl\u00e4ren wir Ihnen alle relevanten Begriffe rund ums Abitur.<\/p>\n<h3 id=\"a\" class=\"Anchor\" style=\"margin-top: 50px;\">A wie Abiturf\u00e4cher<\/h3>\n<hr style=\"height: 1px; margin: 0 500px 0 0;\" \/>\n<p>Diejenigen F\u00e4cher, in denen ein Sch\u00fcler am Ende des Abiturs gepr\u00fcft wird. In den ersten beiden Abif\u00e4chern (die Leistungskurse), sowie in dem dritten (1. Wahlkurs) wartet eine schriftliche Pr\u00fcfung auf die Sch\u00fcler. Im Gegensatz dazu, m\u00fcssen die Sch\u00fcler im vierten Abiturfach (2. Wahlkurs) eine m\u00fcndliche Pr\u00fcfung ablegen.<\/p>\n<h3 id=\"b\" class=\"Anchor\" style=\"margin-top: 50px;\">B wie Ball<\/h3>\n<hr style=\"height: 1px; margin: 0 500px 0 0;\" \/>\n<p>Der Abiball ist eine Veranstaltung zur Feier des bestandenen Abiturs und kennzeichnet gleichzeitig den letzten Tag als Sch\u00fcler.<\/p>\n<h3 id=\"c\" class=\"Anchor\" style=\"margin-top: 50px;\">C wie Crashkurs<\/h3>\n<hr style=\"height: 1px; margin: 0 500px 0 0;\" \/>\n<p>Der Crashkurs ist ein beliebter Weg sich auf die bevorstehenden Abiturpr\u00fcfungen vorzubereiten (Siehe Intensivkurs).<\/p>\n<h3 id=\"d\" class=\"Anchor\" style=\"margin-top: 50px;\">D wie Durchfallen<\/h3>\n<hr style=\"height: 1px; margin: 0 500px 0 0;\" \/>\n<p>Ist man durch eine Abiturpr\u00fcfung durchgefallen, erh\u00e4lt man einen zweiten Versuch, um das Abitur zu bestehen (siehe Wiederholen). Ist man auch dann nicht erfolgreich, bleibt einem die M\u00f6glichkeit, sich durch ein 12-monatiges Praktikum oder eine Lehre die Fachhochschulreife anrechnen zu lassen. Die Fachhoschulreife bef\u00e4higt zum Studium an einer Fachhochschule.<\/p>\n<h3 id=\"e\" class=\"Anchor\" style=\"margin-top: 50px;\">E wie Entschuldigungen<\/h3>\n<hr style=\"height: 1px; margin: 0 500px 0 0;\" \/>\n<p>Im Abitur d\u00fcrfen sich Sch\u00fcler selber Entschuldigungen f\u00fcr vers\u00e4umte Studenten schreiben, sofern sie 18 Jahre alt sind.<\/p>\n<h3 id=\"f\" class=\"Anchor\" style=\"margin-top: 50px;\">F wie Freistunden<\/h3>\n<hr style=\"height: 1px; margin: 0 500px 0 0;\" \/>\n<p>In der Oberstufe kommt es h\u00e4ufig vor, dass ein Sch\u00fcler eine oder mehrere Stunden am St\u00fcck keinen Unterricht hat. Dies r\u00fchrt daher, dass jeder seine Kurse im Abitur selber w\u00e4hlen kann und darum einen individuellen Stundenplan erh\u00e4lt.<\/p>\n<h3 id=\"g\" class=\"Anchor\" style=\"margin-top: 50px;\">G wie Grundkurs<\/h3>\n<hr style=\"height: 1px; margin: 0 500px 0 0;\" \/>\n<p>Die Grundkurse vermitteln die grundlegenden Sachverhalte eines Faches und machen neben den zwei Leistungskursen den gesamten Stundenplan aus.<\/p>\n<h3 id=\"h\" class=\"Anchor\" style=\"margin-top: 50px;\">H wie Hausaufgaben<\/h3>\n<hr style=\"height: 1px; margin: 0 500px 0 0;\" \/>\n<p>Die Sch\u00fcler erwarten im Abitur mehr Hausaufgaben als in der Unterstufe. Auch die Inhalte der Hausaufgaben werden im Laufe des Abiturs schwieriger.<\/p>\n<p>&nbsp;<\/p>\n<h3 id=\"i\">I wie Intensivkurs<\/h3>\n<hr style=\"height: 1px; margin: 0 500px 0 0;\" \/>\n<p>In einem Intensivkurs werden die Sch\u00fcler in Gruppen gezielt in einer mehrt\u00e4gigen Lehrveranstaltung auf eine bevorstehende Abiturpr\u00fcfung vorbereitet. Dort werden alle Lehrinhalte, die f\u00fcr das Bestehen der jeweiligen Pr\u00fcfung n\u00f6tig sind, besprochen und vertieft.<\/p>\n<h3 id=\"j\" class=\"Anchor\" style=\"margin-top: 50px;\">J wie Jahrgang<\/h3>\n<hr style=\"height: 1px; margin: 0 500px 0 0;\" \/>\n<p>Klassenunterricht gibt es in der Oberstufe nicht mehr. Der Jahrgang besteht aus verschiedenen Kursen, die man sich (mit Ausnahme von ein paar bundeslandspezifischen Regeln) frei ausw\u00e4hlen kann.<\/p>\n<h3 id=\"k\" class=\"Anchor\" style=\"margin-top: 50px;\">K wie Klausur<\/h3>\n<hr style=\"height: 1px; margin: 0 500px 0 0;\" \/>\n<p>Ein anderes Wort f\u00fcr &#8222;Pr\u00fcfung.&#8220;<\/p>\n<h3 id=\"l\" class=\"Anchor\" style=\"margin-top: 50px;\">L wie Leistungskurs<\/h3>\n<hr style=\"height: 1px; margin: 0 500px 0 0;\" \/>\n<p>Jeder Sch\u00fcler muss sich im Laufe seines Abiturs f\u00fcr zwei Leistungskurse entscheiden. Diese sind die F\u00e4cher, in denen die Sch\u00fcler eine schriftliche Abiturpr\u00fcfung ablegen m\u00fcssen (plus eine Pr\u00fcfung in einem weiteren Fach). Dar\u00fcberhinaus sind die Leistungskurse viel arbeitsintensiver, da die Lerninhalte dort tiefgehender behandelt werden, als in den Grundkursen.<\/p>\n<h3 id=\"m\" class=\"Anchor\" style=\"margin-top: 50px;\">M wie Mottowoche<\/h3>\n<hr style=\"height: 1px; margin: 0 500px 0 0;\" \/>\n<p>Die Mottowoche findet kurz vor den Abiturpr\u00fcfungen statt. In der Mottowoche gibt es jeden Tag ein anderes Motto, zu dem die Sch\u00fcler sich passend verkleiden. Typische Beispiele hierf\u00fcr sind &#8222;Geschlechtertausch&#8220;, &#8222;Pennertag&#8220; und &#8222;Kindheitshelden&#8220;.<\/p>\n<h3 id=\"n\" class=\"Anchor\" style=\"margin-top: 50px;\">N wie Noten<\/h3>\n<hr style=\"height: 1px; margin: 0 500px 0 0;\" \/>\n<p>Das klassische Benotungssystem wird im Abitur durch ein Bepunktungssystem ersetzt (siehe Punkte).<\/p>\n<h3 id=\"o\" class=\"Anchor\" style=\"margin-top: 50px;\">O wie Oberstufe<\/h3>\n<hr style=\"height: 1px; margin: 0 500px 0 0;\" \/>\n<p>Die gymnasiale Oberstufe (auch Sekundarstufe II genannt) bezeichnet die Jahrgangsstufen des Abiturs.<\/p>\n<h3 id=\"p\" class=\"Anchor\" style=\"margin-top: 50px;\">P wie Punkte<\/h3>\n<hr style=\"height: 1px; margin: 0 500px 0 0;\" \/>\n<p>Im Gegensatz zum klassischen Benotungssystem (sehr gut bis ungen\u00fcgend) werden im Abitur die Noten in Punkten von 1 bis 15 angegeben, wobei 1 einem ungen\u00fcgend und eine 15 einem sehr gut + entspricht.<\/p>\n<h3 id=\"q\" class=\"Anchor\" style=\"margin-top: 50px;\">Q wie Q-Vermerk<\/h3>\n<hr style=\"height: 1px; margin: 0 500px 0 0;\" \/>\n<p>Ein Qualifikations-Vermerk, mit dem Sch\u00fcler berechtigt sind am Abitur teilzunehmen.<\/p>\n<h3 id=\"r\" class=\"Anchor\" style=\"margin-top: 50px;\">R wie Reife<\/h3>\n<hr style=\"height: 1px; margin: 0 500px 0 0;\" \/>\n<p>Durch das Bestehen des Abiturs erh\u00e4lt man die Hochschulreife, die einen Sch\u00fcler bef\u00e4higt, die Universit\u00e4t zu besuchen.<\/p>\n<h3 id=\"s\" class=\"Anchor\" style=\"margin-top: 50px;\">S wie Sturm<\/h3>\n<hr style=\"height: 1px; margin: 0 500px 0 0;\" \/>\n<p>Der Abisturm (auch Abistreich oder Chaostag genannt) ist ein beliebtes Ritual unter Abiturienten, welches meist nach der letzten Abschlusspr\u00fcfung stattfindet. An diesem Tag finden zahlreiche von den Sch\u00fclern organisierte Aktivit\u00e4ten statt, die den Ablauf des Schulalltags erheblich st\u00f6ren. Zu diesen Aktivit\u00e4ten k\u00f6nnen Streiche, Partyspiele und Wettbewerbe zwischen Sch\u00fclern und Lehrern z\u00e4hlen.<\/p>\n<h3 id=\"t\" class=\"Anchor\" style=\"margin-top: 50px;\">T wie Taschenrechner<\/h3>\n<hr style=\"height: 1px; margin: 0 500px 0 0;\" \/>\n<p>Der Gebrauch von Taschenrechnern gilt in den Mathepr\u00fcfungen der Oberstufe nicht als T\u00e4uschungsversuch. Im Gegensatz zur Unterstufe sind Taschenrechner als Hilfsmittel f\u00fcr die Matheklausuren erlaubt.<\/p>\n<h3 id=\"u\" class=\"Anchor\" style=\"margin-top: 50px;\">U wie Unterricht<\/h3>\n<hr style=\"height: 1px; margin: 0 500px 0 0;\" \/>\n<p>Der Unterricht findet in der Oberstufe nicht mehr im Klassenverband statt, sondern in Kursen, die sich die Sch\u00fcler selber ausw\u00e4hlen k\u00f6nnen. Somit erstellt sich jeder Sch\u00fcler individuell einen eigenen Stundenplan, welcher seinen Pr\u00e4ferenzen entspricht.<\/p>\n<h3 id=\"v\" class=\"Anchor\" style=\"margin-top: 50px;\">V wie Vorabi<\/h3>\n<hr style=\"height: 1px; margin: 0 500px 0 0;\" \/>\n<p>Die Vorabi-Klausuren sind die letzten Klausuren vor den eigentlichen Abiturpr\u00fcfungen. In den Aufgabenstellungen und der Klausurdauer \u00e4hneln sie den abschlie\u00dfenden Pr\u00fcfungen, die Benotung ist jedoch f\u00fcr das Bestehen des Abiturs nicht relevanter, als die einer gew\u00f6hnlichen Klausur.<\/p>\n<h3 id=\"w\" class=\"Anchor\" style=\"margin-top: 50px;\">W wie Wiederholen<\/h3>\n<hr style=\"height: 1px; margin: 0 500px 0 0;\" \/>\n<p>F\u00e4llt ein Sch\u00fcler durch das Abitur, erh\u00e4lt er die Chance sich dem folgenden Abitur-Jahrgang anzuschlie\u00dfen und das Abitur zu wiederholen. Geht auch der zweite Versuch in die Hose, wird nur in seltenen Ausnahmef\u00e4llen dem Sch\u00fcler eine weitere Chance genehmigt.<\/p>\n<h3 id=\"x\" class=\"Anchor\" style=\"margin-top: 50px;\">X wie X<\/h3>\n<hr style=\"height: 1px; margin: 0 500px 0 0;\" \/>\n<p>Das X wird den Sch\u00fclern im Abitur st\u00e4ndig \u00fcber den Weg laufen. Im Mathematik Unterricht stellt das X einen Platzhalter f\u00fcr eine beliebige Zahl dar und eignet sich besonders gut, um Zusammenh\u00e4nge in Formeln allgemein g\u00fcltig darzustellen. Wichtig ist es dabei, sich vom ersten Blick nicht einsch\u00fcchtern zu lassen.<\/p>\n<h3 id=\"y\" class=\"Anchor\" style=\"margin-top: 50px;\">Y wie YouTube-Nachhilfe<\/h3>\n<hr style=\"height: 1px; margin: 0 500px 0 0;\" \/>\n<p>YouTube ist eine der beliebtesten Formen f\u00fcr Online-Nachhilfe. Die zahlreichen Lehrvideos auf YouTube stellen eine g\u00fcnstige Alternative zum gew\u00f6hnlichen Nachhilfeunterricht bei einem Privatlehrer dar.<\/p>\n<h3 id=\"z\" class=\"Anchor\" style=\"margin-top: 50px;\">Z wie Zeugnisse<\/h3>\n<hr style=\"height: 1px; margin: 0 500px 0 0;\" \/>\n<p>Mit dem Abiturzeugnis wird dem Sch\u00fcler das Bestehen der Oberstufe bescheinigt und ihm die Bef\u00e4higung zum Studium anerkannt.[\/vc_column_text][\/vc_column][\/vc_row]<\/p>\n","protected":false},"excerpt":{"rendered":"<p>[vc_row][vc_column width=&#8220;1\/1&#8243;][vc_column_text] Das Abi-ABC: Die wichtigsten Vokabeln rund um das Abitur Freistunden, Leistungskurse und Klausurphasen &#8211; Das sind nur einige der Vokabeln, mit denen Eltern konfrontiert werden, wenn das Kind die Oberstufe betritt. Geh\u00f6ren Sie auch zu den Elternteilen, die sich im sprachlichen Durcheinander der Abiturienten nicht zurechtfinden? Dann sind sie hier genau richtig! Im [&hellip;]<\/p>\n","protected":false},"author":8,"featured_media":0,"parent":0,"menu_order":0,"comment_status":"closed","ping_status":"closed","template":"","meta":[],"_links":{"self":[{"href":"https:\/\/www.studyhelp.de\/abitur-ratgeber\/wp-json\/wp\/v2\/pages\/1108"}],"collection":[{"href":"https:\/\/www.studyhelp.de\/abitur-ratgeber\/wp-json\/wp\/v2\/pages"}],"about":[{"href":"https:\/\/www.studyhelp.de\/abitur-ratgeber\/wp-json\/wp\/v2\/types\/page"}],"author":[{"embeddable":true,"href":"https:\/\/www.studyhelp.de\/abitur-ratgeber\/wp-json\/wp\/v2\/users\/8"}],"replies":[{"embeddable":true,"href":"https:\/\/www.studyhelp.de\/abitur-ratgeber\/wp-json\/wp\/v2\/comments?post=1108"}],"version-history":[{"count":38,"href":"https:\/\/www.studyhelp.de\/abitur-ratgeber\/wp-json\/wp\/v2\/pages\/1108\/revisions"}],"predecessor-version":[{"id":2646,"href":"https:\/\/www.studyhelp.de\/abitur-ratgeber\/wp-json\/wp\/v2\/pages\/1108\/revisions\/2646"}],"wp:attachment":[{"href":"https:\/\/www.studyhelp.de\/abitur-ratgeber\/wp-json\/wp\/v2\/media?parent=1108"}],"curies":[{"name":"wp","href":"https:\/\/api.w.org\/{rel}","templated":true}]}}