{"id":2722,"date":"2019-10-17T10:40:16","date_gmt":"2019-10-17T08:40:16","guid":{"rendered":"https:\/\/www.studyhelp.de\/abitur-ratgeber\/?page_id=2722"},"modified":"2023-06-12T11:16:53","modified_gmt":"2023-06-12T09:16:53","slug":"biologie-abitur-themen","status":"publish","type":"page","link":"https:\/\/www.studyhelp.de\/abitur-ratgeber\/biologie-abitur-themen\/","title":{"rendered":"Biologie Abitur Themen"},"content":{"rendered":"<p>[vc_row top_padding=&#8220;0&#8243; bottom_padding=&#8220;0&#8243; full_height=&#8220;true&#8220; content_placement=&#8220;top&#8220;][vc_column width=&#8220;1\/1&#8243;][vc_tta_tabs][vc_tta_section title=&#8220;Allgemeines&#8220; tab_id=&#8220;1663065415155-e90383e7-a418&#8243;][vc_column_text]Die Themen der Biologie Abiturpr\u00fcfung k\u00f6nnen sich von Jahr zu Jahr und von Bundesland zu Bundesland gewaltig unterscheiden. Daher ist es ganz wichtig, dass du genau wei\u00dft, welche Inhalte f\u00fcr dich pers\u00f6nlich relevant sind. Der einfachste und sicherste Weg ist in der Regel, deine\/n Bio-Lehrer\/in zu fragen. Weitere Inspiration kannst du dir im Internet holen: Google dazu am Besten mal nach den Vorgaben deines Bundeslandes. Auf der Seite des Bildungsministeriums solltest du schnell f\u00fcndig werden.<\/p>\n<p>In den folgenden Reitern haben wir dir eine \u00dcbersicht aller Themen nach Themengebieten zusammengestellt. Mit einem Klick auf den jeweiligen Punkt gelangst du zum kostenlosen Lernportal \u201eOnline-Lernen\u201c von StudyHelp, wo du dir die Inhalte theoretisch direkt aneignen kannst.<\/p>\n<p>Noch Umfangreichere Unterst\u00fctzung erh\u00e4ltst du mit dem StudyHelp Biologie Abitur Onlinekurs:<br \/>\nMit diesem interaktiven Kurs bist du dazu in der Lage, dir die abiturrelevanten Themen selbstst\u00e4ndig zu erarbeiten, zu vertiefen oder zu festigen \u2013 <strong>in deinem ganz pers\u00f6nlichen Tempo<\/strong>. Dabei kannst du jederzeit deinen <strong>Lernfortschritt verfolgen<\/strong>. Dieser Kurs ist eine super Unterst\u00fctzung zum Schulalltag und begleitet dich bestens in deiner finalen Schulphase.[\/vc_column_text][\/vc_tta_section][vc_tta_section i_position=&#8220;right&#8220; i_icon_fontawesome=&#8220;fa fa-arrow-down&#8220; add_icon=&#8220;true&#8220; title=&#8220;Zytologie&#8220; tab_id=&#8220;1&#8243;]<div class=\"minti_list wpb_content_element color-grey circle\" style=\"\">\n<ul>\n<li><a href=\"https:\/\/www.studyhelp.de\/online-lernen\/biologie\/zellorganellen\/\" target=\"_blank\" rel=\"noopener noreferrer\">Zellorganellen<\/a><\/li>\n<li><a href=\"https:\/\/www.studyhelp.de\/online-lernen\/biologie\/zellmembran\/\" target=\"_blank\" rel=\"noopener noreferrer\">Die Zellmembran<\/a><\/li>\n<li><a href=\"https:\/\/www.studyhelp.de\/online-lernen\/biologie\/mitose\/\" target=\"_blank\" rel=\"noopener noreferrer\">Mitose (und Interphase)<\/a><\/li>\n<\/ul>\n<\/div>[\/vc_tta_section][vc_tta_section i_position=&#8220;right&#8220; i_icon_fontawesome=&#8220;fa fa-arrow-down&#8220; add_icon=&#8220;true&#8220; title=&#8220;Genetik&#8220; tab_id=&#8220;2&#8243;]<div class=\"minti_list wpb_content_element color-grey circle\" style=\"\">\n<ul>\n<li><a href=\"https:\/\/www.studyhelp.de\/online-lernen\/biologie\/dna\/\" target=\"_blank\" rel=\"noopener noreferrer\">Die DNA<\/a><\/li>\n<li><a href=\"https:\/\/www.studyhelp.de\/online-lernen\/biologie\/dna-replikation\/\" target=\"_blank\" rel=\"noopener noreferrer\">DNA-Replikation<\/a><\/li>\n<li><a href=\"https:\/\/www.studyhelp.de\/online-lernen\/biologie\/die-proteinbiosynthese\/\" target=\"_blank\" rel=\"noopener noreferrer\">Die Proteinbiosynthese<\/a><\/li>\n<li><a href=\"https:\/\/www.studyhelp.de\/online-lernen\/biologie\/genregulation\/\" target=\"_blank\" rel=\"noopener noreferrer\">Die Genregulation<\/a><\/li>\n<li><a href=\"https:\/\/www.studyhelp.de\/online-lernen\/biologie\/mutation\/\" target=\"_blank\" rel=\"noopener noreferrer\">Mutation<\/a><\/li>\n<li><a href=\"https:\/\/www.studyhelp.de\/online-lernen\/biologie\/neukombination-von-genen\/\" target=\"_blank\" rel=\"noopener noreferrer\">Meiose<\/a><\/li>\n<li><a href=\"https:\/\/www.studyhelp.de\/online-lernen\/biologie\/zelldifferenzierung\/\" target=\"_blank\" rel=\"noopener noreferrer\">Zelldifferenzierung<\/a><\/li>\n<li><a href=\"https:\/\/www.studyhelp.de\/online-lernen\/biologie\/stammbaumanalyse\/\" target=\"_blank\" rel=\"noopener noreferrer\">Stammbaumanalyse<\/a><\/li>\n<li><a href=\"https:\/\/www.studyhelp.de\/online-lernen\/biologie\/gentechnik\/\" target=\"_blank\" rel=\"noopener noreferrer\">Gentechnik<\/a><\/li>\n<li><a href=\"https:\/\/www.studyhelp.de\/online-lernen\/biologie\/polymerase-kettenreaktion\/\" target=\"_blank\" rel=\"noopener noreferrer\">Polymerase-Kettenreaktion<\/a><\/li>\n<li><a href=\"https:\/\/www.studyhelp.de\/online-lernen\/biologie\/immunbiologie\/\" target=\"_blank\" rel=\"noopener noreferrer\">Immunbiologie<\/a><\/li>\n<li><a href=\"https:\/\/www.studyhelp.de\/online-lernen\/biologie\/antikoerper\/\" target=\"_blank\" rel=\"noopener noreferrer\">Antik\u00f6rper<\/a><\/li>\n<\/ul>\n<\/div>[\/vc_tta_section][vc_tta_section i_position=&#8220;right&#8220; i_icon_fontawesome=&#8220;fa fa-arrow-down&#8220; add_icon=&#8220;true&#8220; title=&#8220;Evolution&#8220; tab_id=&#8220;3&#8243;]<div class=\"minti_list wpb_content_element color-grey circle\" style=\"\">\n<ul>\n<li><a href=\"https:\/\/www.studyhelp.de\/online-lernen\/biologie\/evolutionstheorien\/\" target=\"_blank\" rel=\"noopener noreferrer\">Die Evolutionstheorie (Darwin &amp; Lamarck)<\/a><\/li>\n<li><a href=\"https:\/\/www.studyhelp.de\/online-lernen\/biologie\/evolutionsfaktoren\/\" target=\"_blank\" rel=\"noopener noreferrer\">Evolutionsfaktoren<\/a><\/li>\n<li><a href=\"https:\/\/www.studyhelp.de\/online-lernen\/biologie\/hardy-weinberg-gleichung\/\" target=\"_blank\" rel=\"noopener noreferrer\">Die Hardy-Weinberg-Gleichung<\/a><\/li>\n<li><a href=\"https:\/\/www.studyhelp.de\/online-lernen\/biologie\/belege-fuer-die-evolution\/\" target=\"_blank\" rel=\"noopener noreferrer\">Belege f\u00fcr die Evolution<\/a><\/li>\n<li><a href=\"https:\/\/www.studyhelp.de\/online-lernen\/biologie\/methoden-der-verwandtschaftsanalyse\/\" target=\"_blank\" rel=\"noopener noreferrer\">Verwandtschaftsanalyse<\/a><\/li>\n<li><a href=\"https:\/\/www.studyhelp.de\/online-lernen\/biologie\/evolution-des-menschen\/\" target=\"_blank\" rel=\"noopener noreferrer\">Die Evolution des Menschen<\/a><\/li>\n<li><a href=\"https:\/\/www.studyhelp.de\/online-lernen\/biologie\/datierungsmethoden\/\" target=\"_blank\" rel=\"noopener noreferrer\">Datierungsmethoden<\/a><\/li>\n<\/ul>\n<\/div>[\/vc_tta_section][vc_tta_section i_position=&#8220;right&#8220; i_icon_fontawesome=&#8220;fa fa-arrow-down&#8220; add_icon=&#8220;true&#8220; title=&#8220;\u00d6kologie&#8220; tab_id=&#8220;4&#8243;]<div class=\"minti_list wpb_content_element color-grey circle\" style=\"\">\n<ul>\n<li><a href=\"https:\/\/www.studyhelp.de\/online-lernen\/biologie\/fotosynthese\/\" target=\"_blank\" rel=\"noopener noreferrer\">Fotosynthese<\/a><\/li>\n<li><a href=\"https:\/\/www.studyhelp.de\/online-lernen\/biologie\/zellatmung\/\" target=\"_blank\" rel=\"noopener noreferrer\">Zellatmung<\/a><\/li>\n<li><a href=\"https:\/\/www.studyhelp.de\/online-lernen\/biologie\/umweltfaktoren-und-oekologische-potenz\/\" target=\"_blank\" rel=\"noopener noreferrer\">Umweltfaktoren und \u00f6kologische Potenz<\/a><\/li>\n<li><a href=\"https:\/\/www.studyhelp.de\/online-lernen\/biologie\/biozoenose\/\" target=\"_blank\" rel=\"noopener noreferrer\">Bioz\u00f6nose<\/a><\/li>\n<li><a href=\"https:\/\/www.studyhelp.de\/online-lernen\/biologie\/nahrungsnetze-und-trophiestufen\/\" target=\"_blank\" rel=\"noopener noreferrer\">Nahrungsnetze und Trophiestufen<\/a><\/li>\n<li><a href=\"https:\/\/www.studyhelp.de\/online-lernen\/biologie\/populationswachstum\/\" target=\"_blank\" rel=\"noopener noreferrer\">Populationswachstum<\/a><\/li>\n<li><a href=\"https:\/\/www.studyhelp.de\/online-lernen\/biologie\/oekosysteme\/\" target=\"_blank\" rel=\"noopener noreferrer\">\u00d6kosysteme<\/a><\/li>\n<li><a href=\"https:\/\/www.studyhelp.de\/online-lernen\/biologie\/treibhauseffekt\/\" target=\"_blank\" rel=\"noopener noreferrer\">Der Treibhauseffekt<\/a><\/li>\n<li><a href=\"https:\/\/www.studyhelp.de\/online-lernen\/biologie\/biodiversitaet\/\" target=\"_blank\" rel=\"noopener noreferrer\">Biodiversit\u00e4t<\/a><\/li>\n<\/ul>\n<\/div>[\/vc_tta_section][vc_tta_section i_position=&#8220;right&#8220; i_icon_fontawesome=&#8220;fa fa-arrow-down&#8220; add_icon=&#8220;true&#8220; title=&#8220;Neurobiologie&#8220; tab_id=&#8220;5&#8243;]<div class=\"minti_list wpb_content_element color-grey circle\" style=\"\">\n<ul>\n<li><a href=\"https:\/\/www.studyhelp.de\/online-lernen\/biologie\/nervenzellen\/\" target=\"_blank\" rel=\"noopener noreferrer\">Nervenzellen<\/a><\/li>\n<li><a href=\"https:\/\/www.studyhelp.de\/online-lernen\/biologie\/synapse\/\" target=\"_blank\" rel=\"noopener noreferrer\">Synapsen<\/a><\/li>\n<li><a href=\"https:\/\/www.studyhelp.de\/online-lernen\/biologie\/das-auge\/\" target=\"_blank\" rel=\"noopener noreferrer\">Das Auge<\/a><\/li>\n<li><a href=\"https:\/\/www.studyhelp.de\/online-lernen\/biologie\/das-gehirn\/\" target=\"_blank\" rel=\"noopener noreferrer\">Das Gehirn<\/a><\/li>\n<\/ul>\n<\/div>[\/vc_tta_section][vc_tta_section i_position=&#8220;right&#8220; i_icon_fontawesome=&#8220;fa fa-arrow-down&#8220; add_icon=&#8220;true&#8220; title=&#8220;Verhaltensbiologie&#8220; tab_id=&#8220;6&#8243;]<div class=\"minti_list wpb_content_element color-grey circle\" style=\"\">\n<ul>\n<li><a href=\"https:\/\/www.studyhelp.de\/online-lernen\/biologie\/erblich-bedingte-verhaltensweisen\/\" target=\"_blank\" rel=\"noopener noreferrer\">Erblich bedingte Verhaltensweisen<\/a><\/li>\n<li><a href=\"https:\/\/www.studyhelp.de\/online-lernen\/biologie\/erfahrungsbedingte-verhaltensweisen\/\" target=\"_blank\" rel=\"noopener noreferrer\">Erfahrungsbedingte Verhaltensweisen<\/a><\/li>\n<li><a href=\"https:\/\/www.studyhelp.de\/online-lernen\/biologie\/sozialverhalten\/\" target=\"_blank\" rel=\"noopener noreferrer\">Sozialverhalten<\/a><\/li>\n<\/ul>\n<\/div>[\/vc_tta_section][\/vc_tta_tabs][vc_images_carousel images=&#8220;3255,3256,3257,3258,3259&#8243; img_size=&#8220;full&#8220; onclick=&#8220;custom_link&#8220; custom_links=&#8220;#E-8_aHR0cHMlM0ElMkYlMkZzaG9wLnN0dWR5aGVscC5kZSUyRnByb2R1Y3RzJTJGYmlvbG9naWUtYWJpdHVyLW9ubGluZWt1cnMlM0Z1dG1fc291cmNlJTNEQWJpdHVycmF0Z2ViZXIlMjZ1dG1fbWVkaXVtJTNETGVybnBsYXR0Zm9ybSUyQi0lMkJCaW8lMkJBYmklMjZ1dG1fY2FtcGFpZ24lM0RBYml0dXJyYXRnZWJlcg==&#8220;][\/vc_column][\/vc_row][vc_row][vc_column width=&#8220;1\/1&#8243;][vc_column_text]<div class=\"spacer\" style=\"height: 50px;\"><\/div>\n<p>Alternativ kommt f\u00fcr dich vielleicht das neue Lernheft &#8222;Abiturvorbereitung Biologie&#8220; in Frage. Es\u00a0hilft dir dabei, dich optimal auf deine Abiturpr\u00fcfung im Fach Biologie vorzubereiten. Alle <strong>relevanten Themen <\/strong>sind anschaulich und pr\u00e4gnant f\u00fcr dich aufbereitet.\u00a0Dieses 100-seitige Lernheft konzentriert sich auf wesentliche Inhalte, welche kurz und verst\u00e4ndlich dargestellt werden. <strong>Alle Kapitel beinhalten Beispiele, \u00dcbungsaufgaben und Abbildungen<\/strong>, die dir beim Lernen helfen und dein Verst\u00e4ndnis f\u00fcr das Thema verbessern.\u00a0Als erg\u00e4nzendes Lernmaterial stehen dir dank der <strong>QR-Codes im Heft <\/strong>kostenlose Erkl\u00e4rvideos von<strong>DIE MERKHILFE \u00a0<\/strong>zur Verf\u00fcgung.\u00a0So erh\u00e4ltst du eine <strong>Mischung aus Theorie und Praxis\u00a0<\/strong>mit der du bestm\u00f6glich auf deine bevorstehende Pr\u00fcfung vorbereitet bist. <strong>Klicke f\u00fcr weitere Infos einfach auf das Coverbild:<\/strong><\/p>\n<p><a href=\"https:\/\/shop.studyhelp.de\/collections\/abitur\/products\/lernheft-abiturvorbereitung-biologie?utm_source=Abiturratgeber&amp;utm_medium=Lernhefte+-+Bio+Abi&amp;utm_campaign=Abiturratgeber\"><img decoding=\"async\" loading=\"lazy\" class=\"aligncenter wp-image-3220 size-full\" src=\"http:\/\/www.studyhelp.de\/abitur-ratgeber\/wp-content\/uploads\/2023\/06\/Bio-Cover.webp\" alt=\"https:\/\/shop.studyhelp.de\/collections\/abitur\/products\/lernheft-abiturvorbereitung-biologie?utm_source=Abiturratgeber&amp;utm_medium=Lernhefte+-+Bio+Abi&amp;utm_campaign=Abiturratgeber\" width=\"1800\" height=\"1800\" srcset=\"https:\/\/www.studyhelp.de\/abitur-ratgeber\/wp-content\/uploads\/2023\/06\/Bio-Cover.webp 1800w, https:\/\/www.studyhelp.de\/abitur-ratgeber\/wp-content\/uploads\/2023\/06\/Bio-Cover-300x300.webp 300w, https:\/\/www.studyhelp.de\/abitur-ratgeber\/wp-content\/uploads\/2023\/06\/Bio-Cover-1024x1024.webp 1024w, https:\/\/www.studyhelp.de\/abitur-ratgeber\/wp-content\/uploads\/2023\/06\/Bio-Cover-150x150.webp 150w, https:\/\/www.studyhelp.de\/abitur-ratgeber\/wp-content\/uploads\/2023\/06\/Bio-Cover-768x768.webp 768w, https:\/\/www.studyhelp.de\/abitur-ratgeber\/wp-content\/uploads\/2023\/06\/Bio-Cover-1536x1536.webp 1536w\" sizes=\"(max-width: 1800px) 100vw, 1800px\" \/><\/a>[\/vc_column_text][\/vc_column][\/vc_row]<\/p>\n","protected":false},"excerpt":{"rendered":"<p>[vc_row top_padding=&#8220;0&#8243; bottom_padding=&#8220;0&#8243; full_height=&#8220;true&#8220; content_placement=&#8220;top&#8220;][vc_column width=&#8220;1\/1&#8243;][vc_tta_tabs][vc_tta_section title=&#8220;Allgemeines&#8220; tab_id=&#8220;1663065415155-e90383e7-a418&#8243;][vc_column_text]Die Themen der Biologie Abiturpr\u00fcfung k\u00f6nnen sich von Jahr zu Jahr und von Bundesland zu Bundesland gewaltig unterscheiden. Daher ist es ganz wichtig, dass du genau wei\u00dft, welche Inhalte f\u00fcr dich pers\u00f6nlich relevant sind. Der einfachste und sicherste Weg ist in der Regel, deine\/n Bio-Lehrer\/in zu fragen. Weitere [&hellip;]<\/p>\n","protected":false},"author":2,"featured_media":0,"parent":0,"menu_order":0,"comment_status":"closed","ping_status":"closed","template":"","meta":[],"_links":{"self":[{"href":"https:\/\/www.studyhelp.de\/abitur-ratgeber\/wp-json\/wp\/v2\/pages\/2722"}],"collection":[{"href":"https:\/\/www.studyhelp.de\/abitur-ratgeber\/wp-json\/wp\/v2\/pages"}],"about":[{"href":"https:\/\/www.studyhelp.de\/abitur-ratgeber\/wp-json\/wp\/v2\/types\/page"}],"author":[{"embeddable":true,"href":"https:\/\/www.studyhelp.de\/abitur-ratgeber\/wp-json\/wp\/v2\/users\/2"}],"replies":[{"embeddable":true,"href":"https:\/\/www.studyhelp.de\/abitur-ratgeber\/wp-json\/wp\/v2\/comments?post=2722"}],"version-history":[{"count":14,"href":"https:\/\/www.studyhelp.de\/abitur-ratgeber\/wp-json\/wp\/v2\/pages\/2722\/revisions"}],"predecessor-version":[{"id":3325,"href":"https:\/\/www.studyhelp.de\/abitur-ratgeber\/wp-json\/wp\/v2\/pages\/2722\/revisions\/3325"}],"wp:attachment":[{"href":"https:\/\/www.studyhelp.de\/abitur-ratgeber\/wp-json\/wp\/v2\/media?parent=2722"}],"curies":[{"name":"wp","href":"https:\/\/api.w.org\/{rel}","templated":true}]}}