{"id":3161,"date":"2022-11-07T15:20:00","date_gmt":"2022-11-07T14:20:00","guid":{"rendered":"https:\/\/www.studyhelp.de\/abitur-ratgeber\/?page_id=3161"},"modified":"2022-11-07T15:20:00","modified_gmt":"2022-11-07T14:20:00","slug":"so-testest-du-dein-wissen","status":"publish","type":"page","link":"https:\/\/www.studyhelp.de\/abitur-ratgeber\/so-testest-du-dein-wissen\/","title":{"rendered":"So testest du dein Wissen"},"content":{"rendered":"<h1>Teste vor dem Abi dein Wissen &#8211; so klappt\u2019s am Besten!<\/h1>\n<p><b>Abiturvorbereitung.<\/b> Der erste Gedanke, der dir dabei vielleicht kommt, ist der riesige Berg an Stoff. Darunter Stoff den man schon super beherrscht, Stoff den man noch nicht ansatzweise verstanden hat und irgendwas dazwischen. Wo f\u00e4ngt man also an?<\/p>\n<p>Wie bereits in unserem Beitrag \u201e<a href=\"https:\/\/www.studyhelp.de\/abitur-ratgeber\/abiturvorbereitung\/\">10 Tipps die deine Abiturvorbereitung perfekt machen<\/a>\u201c beschrieben, solltest du dir f\u00fcr jedes Fach einen \u00dcberblick \u00fcber deinen Lernstand verschaffen. Und genau darum soll es hier und heute gehen. Denn es gibt so viele Methoden, dass ein gesonderter Beitrag nur sinnvoll erscheint. Im Folgenden stellen wir dir also verschiedene M\u00f6glichkeiten vor, wie du herausfinden kannst, welche Themengebiete du schon gut kannst und welche du noch intensiver aufarbeiten solltest:<\/p>\n<p>1. Checkliste f\u00fchren<br \/>\n2. Klausuren aus der Oberstufe anschauen<br \/>\n3. Aussagekr\u00e4ftige Aufgaben l\u00f6sen<br \/>\n4. Deine\/n Lehrer\/in fragen<br \/>\n5. StudyHelp-Lerncheck durchf\u00fchren<\/p>\n<p>Was diese Optionen genau bedeuten, erf\u00e4hrst du im Folgenden:<\/p>\n<p><strong>1. Checkliste f\u00fchren<\/strong><br \/>\nEs ist eine M\u00f6glichkeit, f\u00fcr jedes Fach eine detaillierte Liste mit den Themen anzulegen, welche f\u00fcr die Pr\u00fcfung relevant sind. Dazu schaust du am Besten auf der Seite des Bildungsministeriums in deinem Bundesland nach, was genau du f\u00fcr im Abi k\u00f6nnen musst. Au\u00dferdem kann es nie schaden, mit deinem Fachlehrer R\u00fccksprache zu haben um sicherzugehen, dass du auch nichts vergessen hast. Wir empfehlen dir in jedem Fall, ganz kleinschrittig vorzugehen. Wenn deine Liste fertig ist, kannst du abhaken, welche Themen du schon gut kannst, welche du noch nicht beherrschst und welche du verstanden hast, aber noch einmal wiederholen solltest. \u2028Nachteil an dieser Methode: Sie ist kann schnell subjektiv sein. Denn du k\u00f6nntest (unterbewusst) dazu neigen, Themengebiete als \u201ekann ich schon\u201c abzuhaken, ohne richtig sicher auf dem Gebiet zu sein. H\u00e4ufig merkt man jedoch erst beim tats\u00e4chlichen Anwenden, ob man etwas wirklich verstanden hat.<br \/>\nDu solltest diese Methode also definitiv mit mindestens einer der Folgenden kombinieren und eher als \u201eErgebnisliste\u201c dessen sehen. Dennoch dient sie dir w\u00e4hrend deiner gesamten Vorbereitungszeit als treuer und motivierender Begleiter, denn sind wir mal ehrlich: es macht uns doch allen Spa\u00df, erledigte Aufgaben abzuhaken und seinen Fortschritt zu sehen!<\/p>\n<p><strong>2. Klausuren aus der Oberstufe anschauen<\/strong><br \/>\nIn der Oberstufe hast du einige Klausuren geschrieben und vielleicht warst du auch flei\u00dfig und hast die ein oder andere \u00dcbungsaufgabe zur Kontrolle abgegeben. Hoffentlich hast du diese inkl. der Bewertungsb\u00f6gen gut aufbewahrt. Denn auch diese geben dir Aufschluss \u00fcber deinen Lernstand. Warst du in bestimmten Klausuren besonders gut? Klasse! Dann kannst du diese zu dem \u201eAufarbeiten-Stapel\u201c legen. Es gab Ausrei\u00dfer-Klausuren? Besser lernst du die darin enthaltenen Themen dann nochmal genauer.<\/p>\n<p><strong>3. Aufgaben l\u00f6sen<\/strong><br \/>\nWie soeben schon beschrieben, merkt man in der Regel erst beim tats\u00e4chlichen Anwenden, ob man etwas wirklich verstanden hat. Also solltest du dir deine Checkliste zur Hand nehmen und zu jedem dort aufgef\u00fchrten Gebiet mindestens eine repr\u00e4sentative Aufgabe (auf Abiturniveau) bearbeiten und mit der Musterl\u00f6sung abgleichen. So erkennst du ganz schnell, wo es vielleicht noch hakt. Dies kannst du auf deiner Checkliste vermerken und dich besonders auf die Themen konzentrieren, wo du noch keinen Haken setzen durftest.<\/p>\n<p><strong>4. Deine\/n Lehrer\/in fragen<\/strong><br \/>\nSelbsteinsch\u00e4tzung ist gut und wichtig. Doch h\u00e4ufig bedarf es auch nochmal eines Feedbacks von einer Person die dich gut einsch\u00e4tzen kann. Und in der Regel ist dies dein\/e Lehrer\/in. Neben den Klausuren und \u00dcbungen bekommt diese\/r tagt\u00e4glich mit, wie du dich im Unterricht verh\u00e4ltst, in welchen Bereichen du besonders aufgebl\u00fcht ist und wo er\/sie Aufholbedarf sieht. Der Vorteil dabei sit, dass du im Idealfall direkt Tipps erh\u00e4ltst, wie du deine L\u00fccken am Besten schlie\u00dfen kannst. Also trau dich und such das Gespr\u00e4ch &#8211; es wird dir mit Sicherheit weiterhelfen!<\/p>\n<p><strong>5. Der StudyHelp-Lerncheck<\/strong><br \/>\nStudyHelp hat einen Lerncheck entwickelt, der klitzekleine aber detaillierte Aufgaben aus den verschiedensten Themengebieten umfasst. Nicht nur f\u00fcr das Abitur, sondern auch schon f\u00fcr die Sek 1. Du w\u00e4hlst ganz einfach deine Stufe und wenn du magst auch ein \u00dcberthema aus und bekommst randomisiert kleine Multiple Choice-Fragen gestellt. Die Fragen sind so gestellt, dass anhand deiner Antworten ganz schnell ein allumfassendes Bild deines Lernstandes kreiert werden kann. Wenn du alle Fragen ausgef\u00fcllt hast, erh\u00e4ltst du ein detailliertes Ergebnis inklusive Tipps und Tricks zum Schlie\u00dfen deiner Lernl\u00fccken.<\/p>\n<p>Wie du siehst, gibt es nicht die eine Methode, deinen Lernstand zu ermitteln. Du solltest stets verschiedene Methoden kombinieren, denn so kannst du ganz strukturiert in deine Abiturvorbereitung starten und zwischendurch viele kleine Erfolge feiern.<\/p>\n<p>Wenn du zu diesem Thema noch Fragen hast, kannst du uns jederzeit unter <a href=\"info@studyhelp.de\">info@studyhelp.de<\/a> kontaktieren. Wir helfen dir gern weiter!<\/p>\n<p>Viel Erfolg beim Ermitteln deines Lernstandes &#8211; er kann dich auch positiv \u00fcberraschen!<\/p>\n","protected":false},"excerpt":{"rendered":"<p>Teste vor dem Abi dein Wissen &#8211; so klappt\u2019s am Besten! Abiturvorbereitung. Der erste Gedanke, der dir dabei vielleicht kommt, ist der riesige Berg an Stoff. Darunter Stoff den man schon super beherrscht, Stoff den man noch nicht ansatzweise verstanden hat und irgendwas dazwischen. Wo f\u00e4ngt man also an? Wie bereits in unserem Beitrag \u201e10 [&hellip;]<\/p>\n","protected":false},"author":11,"featured_media":0,"parent":0,"menu_order":0,"comment_status":"closed","ping_status":"closed","template":"","meta":[],"_links":{"self":[{"href":"https:\/\/www.studyhelp.de\/abitur-ratgeber\/wp-json\/wp\/v2\/pages\/3161"}],"collection":[{"href":"https:\/\/www.studyhelp.de\/abitur-ratgeber\/wp-json\/wp\/v2\/pages"}],"about":[{"href":"https:\/\/www.studyhelp.de\/abitur-ratgeber\/wp-json\/wp\/v2\/types\/page"}],"author":[{"embeddable":true,"href":"https:\/\/www.studyhelp.de\/abitur-ratgeber\/wp-json\/wp\/v2\/users\/11"}],"replies":[{"embeddable":true,"href":"https:\/\/www.studyhelp.de\/abitur-ratgeber\/wp-json\/wp\/v2\/comments?post=3161"}],"version-history":[{"count":2,"href":"https:\/\/www.studyhelp.de\/abitur-ratgeber\/wp-json\/wp\/v2\/pages\/3161\/revisions"}],"predecessor-version":[{"id":3163,"href":"https:\/\/www.studyhelp.de\/abitur-ratgeber\/wp-json\/wp\/v2\/pages\/3161\/revisions\/3163"}],"wp:attachment":[{"href":"https:\/\/www.studyhelp.de\/abitur-ratgeber\/wp-json\/wp\/v2\/media?parent=3161"}],"curies":[{"name":"wp","href":"https:\/\/api.w.org\/{rel}","templated":true}]}}