{"id":3338,"date":"2023-06-12T13:34:28","date_gmt":"2023-06-12T11:34:28","guid":{"rendered":"https:\/\/www.studyhelp.de\/abitur-ratgeber\/?page_id=3338"},"modified":"2023-06-12T14:56:18","modified_gmt":"2023-06-12T12:56:18","slug":"abitur-intensivkurse-vor-und-nachteile","status":"publish","type":"page","link":"https:\/\/www.studyhelp.de\/abitur-ratgeber\/abitur-intensivkurse-vor-und-nachteile\/","title":{"rendered":"Abitur Intensivkurse &#8211; Vor- und Nachteile"},"content":{"rendered":"<p>[vc_row][vc_column width=&#8220;1\/1&#8243;][vc_single_image image=&#8220;3360&#8243; img_size=&#8220;full&#8220; alignment=&#8220;center&#8220; onclick=&#8220;custom_link&#8220; link=&#8220;https:\/\/www.studyhelp.de\/mathe-abitur-intensivkurs?utm_source=Abiturratgeber&amp;utm_medium=Intensivkurse+-+Mathe&amp;utm_campaign=Abiturratgeber&#8220;][\/vc_column][\/vc_row][vc_row][vc_column width=&#8220;1\/1&#8243;][vc_column_text]<\/p>\n<blockquote><p>Intensivkurs. Crashkurs. Vorbereitungskurs. Trainingskurs.<\/p><\/blockquote>\n<p><strong>Es gibt viele Bezeichnungen f\u00fcr die kompakten Abikurse, welche in der Regel von Nachhilfeanbietern und Bildungsunternehmen angeboten werden. Eines haben aber alle gemeinsam: Sie versprechen eine gezielte und umfassende Vorbereitung auf die Abiturpr\u00fcfung! Aber kann jede\/r Abiturient\/in von einem derartigen Angebot profitieren? Oder k\u00f6nnte es am Ende doch nur herausgeschmissenes Geld sein? Im Folgenden zeigen wir dir die Vor- und Nachteile der Abitur Intensivkurse (wie wir sie bezeichnen) auf und geben dir Hinweise, worauf du vor der Buchung achten solltest!<\/strong><\/p>\n<p><a href=\"https:\/\/www.studyhelp.de\/mathe-abitur-intensivkurs?utm_source=Abiturratgeber&amp;utm_medium=Intensivkurse+-+Mathe&amp;utm_campaign=Abiturratgeber\"><img decoding=\"async\" loading=\"lazy\" class=\"aligncenter wp-image-3281 size-full\" src=\"http:\/\/www.studyhelp.de\/abitur-ratgeber\/wp-content\/uploads\/2023\/06\/Top-Banner-Startseite-Shop-Mobile.png\" alt=\"\" width=\"2880\" height=\"400\" srcset=\"https:\/\/www.studyhelp.de\/abitur-ratgeber\/wp-content\/uploads\/2023\/06\/Top-Banner-Startseite-Shop-Mobile.png 2880w, https:\/\/www.studyhelp.de\/abitur-ratgeber\/wp-content\/uploads\/2023\/06\/Top-Banner-Startseite-Shop-Mobile-300x42.png 300w, https:\/\/www.studyhelp.de\/abitur-ratgeber\/wp-content\/uploads\/2023\/06\/Top-Banner-Startseite-Shop-Mobile-1024x142.png 1024w, https:\/\/www.studyhelp.de\/abitur-ratgeber\/wp-content\/uploads\/2023\/06\/Top-Banner-Startseite-Shop-Mobile-768x107.png 768w, https:\/\/www.studyhelp.de\/abitur-ratgeber\/wp-content\/uploads\/2023\/06\/Top-Banner-Startseite-Shop-Mobile-1536x213.png 1536w, https:\/\/www.studyhelp.de\/abitur-ratgeber\/wp-content\/uploads\/2023\/06\/Top-Banner-Startseite-Shop-Mobile-2048x284.png 2048w\" sizes=\"(max-width: 2880px) 100vw, 2880px\" \/><\/a><\/p>\n<p>[\/vc_column_text][vc_text_separator title=&#8220;Vorteile&#8220;][\/vc_column][\/vc_row][vc_row][vc_column][vc_column_text]Schauen wir uns zun\u00e4chst an, welche <span style=\"text-decoration: underline;\"><strong>Vorteile<\/strong><\/span> ein Abitur Intensivkurs bieten kann.<\/p>\n<ol>\n<li><strong>Intensive Pr\u00fcfungsvorbereitung<\/strong><br \/>\nBeginnen wir mit dem Offensichtlichsten: Ein Abitur Intensivkurs\u00a0bietet in der Regel eine konzentrierte und fokussierte Vorbereitung auf das Abitur. Ihr habt die M\u00f6glichkeit, euch intensiv mit den relevanten Themen auseinanderzusetzen und euer Wissen zu festigen. Dies geschieht in der Regel durch die Wiederholung der pr\u00fcfungsrelevanten Themen mit anschlie\u00dfender Festigung durch \u00dcbungsaufgaben verschiedener Niveaus.<br \/>\n<span style=\"text-decoration: underline;\">Tipp:<\/span> Achte vor der Buchung darauf, dass im Kurs auch anspruchsvolle Aufgaben gerechnet werden, die Grundlagen jedoch nicht au\u00dfer Acht gelassen werden. Denn bevor wir auf dem Abiniveau einsteigen k\u00f6nnen, brauchen wir ein ordentliches Fundament!<\/li>\n<li><strong>Strukturierter Lehrplan<\/strong><br \/>\nVermutlich kennst du es: du schaust auf die ewig lange Liste der pr\u00fcfungsrelevanten Themen und hast null Plan wo du eigentlich beginnen sollst. Ein Abitur Intensivkurs bietet in der Regel einen strukturierten Lehrplan, der alle relevanten Inhalte abdeckt. Dadurch kannst du sicherstellen, dass du keine wichtigen Themen \u00fcbersiehst und eine umfassende Vorbereitung erh\u00e4ltst.<br \/>\n<span style=\"text-decoration: underline;\">Tipp:<\/span> \u00dcberpr\u00fcfe vor der Buchung, ob der von dir pr\u00e4ferierte Anbieter die unterschiedlichen Bundeslandanforderungen ber\u00fccksichtigt. Mathe ist zwar Mathe, Lehrplan aber nicht gleich Lehrplan!<\/li>\n<li><strong>Erfahrene Lehrkr\u00e4fte<\/strong><br \/>\nEigentlich hilft es doch immer, mit jemandem zu sprechen, der die anstehenden Herausforderungen selbst schon erlebt und gemeistert hat. Noch besser ist, wenn er oder sie sogar Profi in der Weitergabe von Wissen ist. Intensivkurse werden oft von erfahrenen Lehrkr\u00e4ften geleitet, die \u00fcber Fachkenntnisse und Erfahrung in der Lehre\/Abiturvorbereitung verf\u00fcgen. Sie k\u00f6nnen euch wertvolle Einblicke, Tipps und Strategien vermitteln, um eure Leistung zu verbessern.<br \/>\n<span style=\"text-decoration: underline;\">Tipp:<\/span>\u00a0Solltest du in der Kursbeschreibung deines Anbieters keine Informationen \u00fcber die Qualifikation deines potenziellen Coaches finden, ruf einfach an und frag nach. In der Regel sind die Ansprechpartner\/innen gern bereit, dir Auskunft \u00fcber den bisherigen Weg deiner Lehrkraft zu geben!<\/li>\n<li><strong>Pr\u00fcfungssimulationen<\/strong><br \/>\nUnter echten Bedingungen! Manche Intensivkurse bieten die M\u00f6glichkeit, Pr\u00fcfungssimulationen durchzuf\u00fchren. Dies hilft euch, euch mit dem Pr\u00fcfungsformat vertraut zu machen, Zeitmanagement-F\u00e4higkeiten zu verbessern und den Pr\u00fcfungsstress zu bew\u00e4ltigen.<br \/>\n<span style=\"text-decoration: underline;\">Tipp:<\/span> Intensivkurse sind &#8211; wie der Name schon sagt &#8211; intensiv und damit zeitlich begrenzt. Daher ist es h\u00e4ufig gar nicht m\u00f6glich, eine Pr\u00fcfungssimulation unter echten Abibedingungen durchzuf\u00fchren. Sollte ein Anbieter mit einer solchen Pr\u00fcfungssimulation werben, solltest du dich genau einlesen oder nachfragen, wie diese vonstattengeht und ob die Abiturpr\u00fcfung, die ihr bearbeitet, auch im Plenum besprechen wird bzw. die M\u00f6glichkeit besteht, Fragen zu stellen und eure L\u00f6sungswege genauestens zu kontrollieren.<\/li>\n<li><strong>Interaktion und Austausch<\/strong><br \/>\nNie vergessen: Ihr sitzt alle im selben Boot! Intensivkurse erm\u00f6glichen es, mit anderen TeilnehmerInnen zu interagieren, Ideen auszutauschen und voneinander zu lernen. Dies schafft eine motivierende Lernumgebung und bietet die M\u00f6glichkeit, euch gegenseitig zu unterst\u00fctzen. Weiterhin hilft es oftmals, in einem neutralen Umfeld zu lernen. Vielleicht bist du aufgrund thematischer Defizite ja im normalen Schulalltag zu sch\u00fcchtern, dich zu melden? In einem Intensivkurs geht es allen gleich: Jede\/r m\u00f6chte sich bestm\u00f6glich auf die Abiturpr\u00fcfung vorbereiten.<br \/>\n<span style=\"text-decoration: underline;\">Tipp:<\/span>\u00a0Zwar ist geteiltes Leid bekanntlich halbes Leid, jedoch trifft dies nur auf eine begrenzte Gruppengr\u00f6\u00dfe zu. Informiere dich vor deiner Kursbuchung noch einmal \u00fcber die konkrete (sowie maximale) Teilnehmerzahl. Ist diese in deiner Stadt relativ hoch, kann es sinnvoll sein, mal f\u00fcr deinen Nachbarort zu fragen (sofern dort Kurse angeboten werden). So nimmst du zwar einen etwas l\u00e4ngeren Fahrtweg auf dich, lernst aber vielleicht in einer viel kleineren Gruppe und profitierst im Endeffekt von deinem Zusatzengagement.<\/li>\n<li><strong>Fokussierte Lernzeit<\/strong><br \/>\nGanz ohne Ablenkung, Aufschieben und Prokrastinieren! Ein Intensivkurs bietet euch die M\u00f6glichkeit, euch \u00fcber einen bestimmten Zeitraum vollst\u00e4ndig auf eure Pr\u00fcfungsvorbereitung zu konzentrieren, ohne von anderen schulischen aber vor allem privaten &#8222;Verpflichtungen&#8220; abgelenkt zu werden.<br \/>\n<span style=\"text-decoration: underline;\">Tipp:<\/span> Es gibt Intensivkurse, die ganze Tage in Anspruch nehmen und welche, die nur \u00fcber halbe Tage dauern. Der Vorteil bei letzterem Angebot ist nat\u00fcrlich der, dass du nach jedem Kurs&#8220;tag&#8220; noch die M\u00f6glichkeit hast, f\u00fcr ein anderes Fach zu lernen. Sei hier aber ehrlich zu dir selbst: Wirst du dies auch tats\u00e4chlich tun oder dir eher f\u00fcr den Rest des Tages eine Pause g\u00f6nnen? Wenn du dich gut kennst und wei\u00dft, dass du danach vermutlich keine Lernunterlagen mehr in die Hand nimmst, solltest du dich f\u00fcr ein ganzt\u00e4giges Modell entscheiden. Denn diese sind in der Regel nach drei Tagen beendet, woraufhin du dich dann neu sortiert und motiviert in die anderen F\u00e4cher st\u00fcrzen kannst!<\/li>\n<\/ol>\n<p>[\/vc_column_text][vc_single_image image=&#8220;3362&#8243; img_size=&#8220;full&#8220; alignment=&#8220;center&#8220; onclick=&#8220;custom_link&#8220; link=&#8220;https:\/\/www.studyhelp.de\/mathe-abitur-intensivkurs?utm_source=Abiturratgeber&amp;utm_medium=Intensivkurse+-+Mathe&amp;utm_campaign=Abiturratgeber&#8220;]<div class=\"spacer\" style=\"height: 60px;\"><\/div>[\/vc_column][vc_column][vc_text_separator title=&#8220;Nachteile&#8220;][\/vc_column][\/vc_row][vc_row][vc_column width=&#8220;1\/1&#8243;][vc_column_text]Wie du siehst, scheint so ein Abitur Intensivkurs die richtige Wahl f\u00fcr jede\/n Abiturient\/in zu sein, denn &#8211; wie k\u00f6nnte es anders sein &#8211; bei so vielen Vorteilen und Versprechungen kann man sein Abitur ja nur supergut bestehen! Dies l\u00e4sst sich pauschal so nicht best\u00e4tigen. Daher m\u00f6chten wir dir auch noch einmal kurz die Nachteile (sofern man die folgenden Punkte so nennen kann, denn Lernen ist ja grunds\u00e4tzlich erstmal immer gut) aufzeigen. Diese kombinieren wir auch wieder mit hoffentlich hilfreichen Tipps:<\/p>\n<ol>\n<li><strong>Zeitliche Einschr\u00e4nkung<\/strong><br \/>\nWir haben schon dar\u00fcber geschrieben, dass sich ein Intensivkurs oft \u00fcber einen begrenzten Zeitraum erstreckt, was bedeutet, dass Sch\u00fclerInnen in kurzer Zeit viel Material lernen m\u00fcssen. Dies erfordert ein hohes Ma\u00df an Engagement und Disziplin.<br \/>\n<span style=\"text-decoration: underline;\">Tipp:<\/span> Bist du eine Person, die gut lange am St\u00fcck effizient und konzentriert arbeiten kann oder sehen deine Lerntage eher aus wie ein Schweizer K\u00e4se (l\u00f6chrig durch viele gro\u00dfe Pausen)? Wenn es dir nichts ausmacht, f\u00fcr einen gewissen Zeitraum mal so richtig ranzuklotzen, ist ein Intensivkurs super! Wenn dir das schwer f\u00e4llt, solltest du zumindest in Erw\u00e4gung ziehen, ein halbt\u00e4giges Modell zu w\u00e4hlen. Vergiss aber nicht: In einer Gruppe vergeht sogar Lernzeit h\u00e4ufig wie im Flug!<\/li>\n<li><strong>Hoher Workload<\/strong><br \/>\nDa ein Intensivkurs darauf abzielt, umfangreiche Inhalte in kurzer Zeit abzudecken, kann der Workload f\u00fcr einige AbiturientInnen als \u00fcberw\u00e4ltigend empfunden werden. Es erfordert eine effektive Zeitplanung und Organisation, um den Kurs erfolgreich zu bew\u00e4ltigen.<br \/>\n<span style=\"text-decoration: underline;\">Tipp:<\/span> Der Vorteil am Intensivkurs ist, dass dieser f\u00fcr dich durchgeplant ist. Du solltest aber vor der Buchung auch an deine anderen F\u00e4cher denken. Ist um den Mathe Intensivkurs beispielsweise ausreichend Zeit, daf\u00fcr zu lernen?<\/li>\n<li><strong>(Hohe) Kosten<\/strong><br \/>\nAbitur Intensivkurse k\u00f6nnen teuer sein, insbesondere wenn sie von renommierten Institutionen oder Experten angeboten werden. Dies kann f\u00fcr manche Familien eine finanzielle Belastung darstellen.<br \/>\n<span style=\"text-decoration: underline;\">Tipp:<\/span> In der Regel k\u00f6nnen Abitur Intensivkurse \u00fcber das <a href=\"https:\/\/www.bmas.de\/DE\/Arbeit\/Grundsicherung-Buergergeld\/Bildungspaket\/bildungspaket.html\">Bildungspaket vom Bundesministerium f\u00fcr Arbeit und Soziales<\/a>\u00a0finanziert werden. Sollte deine Familie nicht \u00fcber die ausreichenden Mittel verf\u00fcgen, kannst du dich entweder direkt beim Kursanbieter oder dem entsprechenden Amt in deinem Bundesland \u00fcber finanzielle Unterst\u00fctzung informieren. <a href=\"https:\/\/studyhelp.de\/abitur-ratgeber\/bildungspaket\/\">Hier<\/a> haben wir auch bereits ein bisschen ausf\u00fchrlicher dar\u00fcber erz\u00e4hlt.<\/li>\n<li><strong>Eingeschr\u00e4nkte Flexibilit\u00e4t<\/strong><br \/>\nDa Intensivkurse in der Regel einen festgelegten Zeitplan haben, kann es f\u00fcr Sch\u00fclerInnen schwierig sein, andere Verpflichtungen wie Arbeit, Praktika oder au\u00dferschulische Aktivit\u00e4ten unterzubringen. Dies erfordert eine gewisse Flexibilit\u00e4t und Priorisierung.<br \/>\n<span style=\"text-decoration: underline;\">Tipp:<\/span> \u00dcber das &#8222;Drumherum-Planen&#8220; haben wir in Punkt 2 bereits geschrieben. So oder so w\u00fcrden wir dir au\u00dferdem dazu raten, Praktika auf die Zeit nach dem Abitur zu verschieben und (sofern m\u00f6glich) deinen Nebenjob sowie au\u00dferschulische Aktivit\u00e4ten w\u00e4hrend der Pr\u00fcfungsvorbereitungszeit auszusetzen oder zumindest auf ein Minimum zu reduzieren. Ist die letzte Pr\u00fcfung erstmal geschafft, kannst du wieder voll reinstarten!<\/li>\n<li><strong>Lerngeschwindigkeit<\/strong><br \/>\nDer schnelle Lernrhythmus in einem Intensivkurs kann dazu f\u00fchren, dass einige Sch\u00fclerInnen Schwierigkeiten haben, mit dem Tempo Schritt zu halten. Es ist wichtig, dass alle TeilnehmerInnen in der Lage sind, selbstst\u00e4ndig zu lernen und zus\u00e4tzliche Zeit au\u00dferhalb des Kurses f\u00fcr das Verst\u00e4ndnis und die Vertiefung des Materials aufzuwenden.<br \/>\n<span style=\"text-decoration: underline;\">Tipp:<\/span> Es gibt\u00a0Anbieter, die ihre Kursgruppen nach Vornoten oder Leistungsstand einteilen, sodass m\u00f6glichst alle TeilnehmerInnen auf demselben Stand sind. Dennoch sollte dir vor der Buchung klar sein, dass jeder Lerntyp eigene Bed\u00fcrfnisse hat &#8211; w\u00e4hrend die einen lieber Fragen stellen m\u00f6chten, pr\u00e4ferieren andere vielleicht das Rechnen von besonders vielen Aufgaben. Frage einfach bei deinem Anbieter nach, wie vor Ort mit diesen unterschiedlichen Bed\u00fcrfnissen umgegangen wird.<\/li>\n<li><strong>&#8222;Schwarze Schafe&#8220; auf dem Markt<\/strong><br \/>\nCorona hat L\u00fccken hinterlassen, dies ist kein Geheimnis mehr. Und eben weil dies kein Geheimnis mehr ist, wurden in den vergangenen drei Jahren viele neue Unternehmen gegr\u00fcndet, die aus euren Lernl\u00fccken Profit schlagen m\u00f6chten. Gleichzeitig erfreuen sich Abitur Intensivkurse einer relativ gro\u00dfen Beliebtheit, weshalb auch alteingesessene (damals noch reine) Nachhilfe-Unternehmen diesen Gesch\u00e4ftszweig f\u00fcr sich entdeckt haben. Nur weil sie in der Nachhilfe bereits viel Erfahrung haben, bedeutet dies nicht, dass auch die hauseigenen Abitur Intensivkurse von hoher Qualit\u00e4t sind.<br \/>\n<span style=\"text-decoration: underline;\">Tipp:<\/span> Name \u2260 Qualit\u00e4t sondern Erfahrung + gute Bewertungen = Qualit\u00e4t! Lies dir vor deiner Buchung Erfahrungsberichte ehemaliger TeilnehmerInnen deines Anbieters durch und entwickle so ein Gef\u00fchl daf\u00fcr, ob es sich um ein seri\u00f6ses Angebot handelt. Zwar darf und sollte man auch neuen Unternehmen die Chance geben, sich auf dem Markt zu etablieren, hinterfrage dann aber ganz genau, woher diese die entsprechende Qualifikation haben, dein Vertrauen zu generieren!<\/li>\n<\/ol>\n<p>Wie du siehst ist es wichtig, dass du (gerne auch gemeinsam mit deinen Eltern) diese Vor- und Nachteile abw\u00e4gst und deine individuellen Bed\u00fcrfnisse und Lernstile ber\u00fccksichtigst, um zu entscheiden, ob ein Abitur Intensivkurs f\u00fcr dich die beste Option ist. Wenn du dir in einem Punkt unsicher bist, greif einfach zum Telefon oder hau in die Tasten deines Mailprogramms und bombardiere die verschiedenen Anbieter mit deinen Fragen. Da die Mitarbeitenden so ja auch viel \u00fcber eure Bed\u00fcrfnisse und W\u00fcnsche erfahren, werden sie dir gern mit Rat und Tat zur Seite stehen![\/vc_column_text][\/vc_column][\/vc_row][vc_row][vc_column width=&#8220;1\/1&#8243;][vc_single_image image=&#8220;3281&#8243; img_size=&#8220;full&#8220; alignment=&#8220;center&#8220; onclick=&#8220;custom_link&#8220; link=&#8220;https:\/\/www.studyhelp.de\/mathe-abitur-intensivkurs?utm_source=Abiturratgeber&amp;utm_medium=Intensivkurse+-+Mathe&amp;utm_campaign=Abiturratgeber&#8220;][\/vc_column][\/vc_row]<\/p>\n","protected":false},"excerpt":{"rendered":"<p>[vc_row][vc_column width=&#8220;1\/1&#8243;][vc_single_image image=&#8220;3360&#8243; img_size=&#8220;full&#8220; alignment=&#8220;center&#8220; onclick=&#8220;custom_link&#8220; link=&#8220;https:\/\/www.studyhelp.de\/mathe-abitur-intensivkurs?utm_source=Abiturratgeber&amp;utm_medium=Intensivkurse+-+Mathe&amp;utm_campaign=Abiturratgeber&#8220;][\/vc_column][\/vc_row][vc_row][vc_column width=&#8220;1\/1&#8243;][vc_column_text] Intensivkurs. Crashkurs. Vorbereitungskurs. Trainingskurs. Es gibt viele Bezeichnungen f\u00fcr die kompakten Abikurse, welche in der Regel von Nachhilfeanbietern und Bildungsunternehmen angeboten werden. Eines haben aber alle gemeinsam: Sie versprechen eine gezielte und umfassende Vorbereitung auf die Abiturpr\u00fcfung! Aber kann jede\/r Abiturient\/in von einem derartigen Angebot profitieren? Oder [&hellip;]<\/p>\n","protected":false},"author":11,"featured_media":0,"parent":0,"menu_order":0,"comment_status":"closed","ping_status":"closed","template":"","meta":[],"_links":{"self":[{"href":"https:\/\/www.studyhelp.de\/abitur-ratgeber\/wp-json\/wp\/v2\/pages\/3338"}],"collection":[{"href":"https:\/\/www.studyhelp.de\/abitur-ratgeber\/wp-json\/wp\/v2\/pages"}],"about":[{"href":"https:\/\/www.studyhelp.de\/abitur-ratgeber\/wp-json\/wp\/v2\/types\/page"}],"author":[{"embeddable":true,"href":"https:\/\/www.studyhelp.de\/abitur-ratgeber\/wp-json\/wp\/v2\/users\/11"}],"replies":[{"embeddable":true,"href":"https:\/\/www.studyhelp.de\/abitur-ratgeber\/wp-json\/wp\/v2\/comments?post=3338"}],"version-history":[{"count":28,"href":"https:\/\/www.studyhelp.de\/abitur-ratgeber\/wp-json\/wp\/v2\/pages\/3338\/revisions"}],"predecessor-version":[{"id":3356,"href":"https:\/\/www.studyhelp.de\/abitur-ratgeber\/wp-json\/wp\/v2\/pages\/3338\/revisions\/3356"}],"wp:attachment":[{"href":"https:\/\/www.studyhelp.de\/abitur-ratgeber\/wp-json\/wp\/v2\/media?parent=3338"}],"curies":[{"name":"wp","href":"https:\/\/api.w.org\/{rel}","templated":true}]}}