{"id":420,"date":"2016-11-11T13:46:31","date_gmt":"2016-11-11T12:46:31","guid":{"rendered":"https:\/\/www.studyhelp.de\/schule\/?page_id=420"},"modified":"2023-06-12T11:25:27","modified_gmt":"2023-06-12T09:25:27","slug":"tipps-fuers-latein-lernen","status":"publish","type":"page","link":"https:\/\/www.studyhelp.de\/abitur-ratgeber\/tipps-fuers-latein-lernen\/","title":{"rendered":"8 Tipps f\u00fcrs Latein Lernen"},"content":{"rendered":"<p>[vc_row][vc_column width=&#8220;1\/1&#8243;][vc_column_text]<strong>StudyHelp hat euch die besten Tipps und Tricks f\u00fcr das Latein Lernen zusammengestellt. Wenn ihr diese Liste immer im Hinterkopf behaltet ist die n\u00e4chste Latein Klausur absolut kein Problem mehr f\u00fcr euch.<\/strong><\/p>\n<h5>1. Lernt regelm\u00e4\u00dfig Vokabeln<\/h5>\n<p>Latein lernen ist eine reine Flei\u00dfaufgabe. Ihr k\u00f6nnt euch das vorstellen wie einen alten r\u00f6mischen Tempel: Das Fundament, auf dem alles basiert, sind die Vokabeln. Darauf\u00a0stehen dann die S\u00e4ulen &#8211; in Form der Grammatik. Und wenn man diese beiden Dinge beherrscht, kommt das \u00dcbersetzen. Wichtig ist also, die Vokabeln und die Grammatik zu beherrschen. Der Rest erkl\u00e4rt sich dann fast von alleine.<\/p>\n<h5>2. Das Latein W\u00f6rterbuch ist nicht die L\u00f6sung<\/h5>\n<p>Die Vokabeln sollte man sich St\u00fcck f\u00fcr St\u00fcck vornehmen. Auch wenn man in der Latinum Pr\u00fcfung ein W\u00f6rterbuch benutzen\u00a0darf, ersetzt das nicht das Vokabel Lernen! In der Pr\u00fcfung hat man nicht genug Zeit, jedes Wort nachzuschauen. Au\u00dferdem wird man viel sicherer im \u00dcbersetzen, wenn man schon viele Vokabeln kennt. Zum Aufbau eines Wortschatzes gibt es zahlreiche darauf abgestimmte schlanke W\u00f6rterb\u00fccher. Versuch auf keinen Fall das W\u00f6rterbuch mit 1500 Seiten auswendig zu lernen!<\/p>\n<h5>3. Latein ist doch wie Franz\u00f6zisch<\/h5>\n<p>Das Lateinische bildet die Grundlage aller romanischen Sprachen wie Franz\u00f6sisch, Spanisch oder nat\u00fcrlich auch Italienisch. Wenn man schon eine dieser Sprachen kennt, sollte man beim Vokabeln Lernen auf verwandte W\u00f6rter achten. Das erleichtert das Lernen ungemein! Das Gleiche gilt f\u00fcr die Grammatik: Wenn man schon diespanische oder franz\u00f6sische Grammatik kennt, wird mann der lateinischen Grammatik viel Vertrautes wiederfinden. Ebenso ist es mit dem Englischen: Das \u201egerund\u201c entstammt beispielsweise dem lateinischen \u201egerundivum\u201c<\/p>\n<h5>4. Latein klingt logisch und ist es auch<\/h5>\n<p>Latein ist eine sehr logische Sprache, die dennoch einigeAusnahmen hat. Es lohnt sich deshalb, die lateinische Grammatik strukturiert zu erarbeiten. Mit jedem Baustein\u00a0wird das Gesamtbild ein bisschen klarer und je weiter man kommt, desto mehr \u00c4hnlichkeiten wird man erkennen.<\/p>\n<h5>5. Dein eigenens Latein Nachschlagewerk<\/h5>\n<p>Im Lateinischen lohnt es sich, ein eigenes Nachschlagewerk anzulegen, das man beim \u00dcbersetzen immer griffbereit\u00a0hat. Viele Teile der Grammatik sollte man gr\u00fcndlich verstanden haben. Wenn man sich hierf\u00fcr ein eigenes Nachschlagewerk\u00a0anlegt, macht man sich automatisch Gedanken \u00fcber die Struktur des Themas. Dadurch pr\u00e4gt sich die Grammatik schneller ein und ist zus\u00e4tzlich beim \u00dcbersetzen immer verf\u00fcgbar.<\/p>\n<h5>6. Stell dir den Lateinischen Text als Puzzle vor<\/h5>\n<p>Lateinische Texte zu \u00fcbersetzen ist am Anfang ein bisschen wie puzzeln. Man \u00fcbersetzt die einzelnen Teile des Satzes\u00a0und versucht, diese sinnvoll zusammen zu bauen. \u00dcbrigens: Das verbessert die Ausdrucksf\u00e4higkeit und st\u00e4rkt das grammatikalische\u00a0Verst\u00e4ndnis. Am Anfang sollte man daf\u00fcr viel Geduld mitbringen. Mit der Zeit merkt man aber, dass man mit den Texten mitw\u00e4chst und immer besser wird. Das motiviert!<\/p>\n<h5>7. \u00dcben, \u00dcben, \u00dcben<\/h5>\n<p>Beim \u00dcbersetzen gilt: \u00dcbung macht den Meister! Im Handel und im Internet gibt es hunderte Quellen pr\u00fcfungsrelevanter Texte, die man inklusive einer L\u00f6sung zum \u00dcben verwenden kann.<\/p>\n<h5>8. Bilde eine Lerngruppe<\/h5>\n<p>Gerade am Anfang ist das \u00dcbersetzen nicht immer einfach. Oft fehlen Vokabeln oder eine bestimmte grammatische Konstruktion\u00a0will einem einfach nicht einfallen. Hier kann es helfen, in der Gruppe zu lernen! Die L\u00fccke des einen kann durch den anderen geschlossen werden. Gemeinsames \u00dcbersetzen kann dabei eine echte Bereicherung sein![\/vc_column_text][\/vc_column][\/vc_row][vc_row][vc_column width=&#8220;1\/1&#8243;]<div class=\"spacer\" style=\"height: 40px;\"><\/div>[vc_separator color=&#8220;black&#8220; border_width=&#8220;3&#8243;][\/vc_column][\/vc_row][vc_row][vc_column width=&#8220;1\/1&#8243;][vc_column_text]<\/p>\n<h4>Zwei exklusive StudyHelp-Empfehlungen<\/h4>\n<p><strong>Nummer 1: Die StudyHelp-Lernplattform<\/strong><\/p>\n<p>Das ganze Wissen, welches du f\u00fcr dein Latinum ben\u00f6tigst, findest du jetzt geb\u00fcndelt in unserem Latein Onlinekurs! Lerne <strong>wann und wo du willst<\/strong> &#8211; egal ob mit Smartphone, Tablet oder PC, aber definitiv mit deinem Lernbuddy Marius von <b>StudyHelpTV<\/b>!<\/p>\n<ul>\n<li>74\u00a0werbefreie Lernvideos mit Marius von StudyHelpTV<\/li>\n<li>Viele\u00a0interaktive Aufgaben mit ausf\u00fchrlichen L\u00f6sungen<\/li>\n<li>Original Pr\u00fcfungstexte inkl. Video\u00fcbersetzungen<\/li>\n<li>verfolge\u00a0deinen Lernfortschritt<\/li>\n<li>f\u00fcr Sch\u00fclerInnen und Studierende geeignet<\/li>\n<li>stelle jederzeit Fragen, wenn etwas unklar ist<\/li>\n<\/ul>\n<p>[\/vc_column_text][vc_images_carousel images=&#8220;3253,3249,3250,3251,3252&#8243; img_size=&#8220;full&#8220; onclick=&#8220;custom_link&#8220; custom_links=&#8220;#E-8_aHR0cHMlM0ElMkYlMkZzaG9wLnN0dWR5aGVscC5kZSUyRnByb2R1Y3RzJTJGbGF0ZWluLW9ubGluZWt1cnMlM0Z1dG1fc291cmNlJTNEQWJpdHVycmF0Z2ViZXIlMjZ1dG1fbWVkaXVtJTNETGVybnBsYXR0Zm9ybSUyQi0lMkJMYXRlaW4lMjZ1dG1fY2FtcGFpZ24lM0RBYml0dXJyYXRnZWJlcg==&#8220;]<div class=\"spacer\" style=\"height: 40px;\"><\/div>[vc_column_text]<strong>Nummer 2: Das StudyHelp-Lernheft<\/strong><\/p>\n<p>Das ganze Wissen, welches du f\u00fcr dein Latinum ben\u00f6tigst, findest du jetzt geb\u00fcndelt in unserem Latein Lernheft! Lerne <strong>wann und wo du willst<\/strong> &#8211; egal ob mit dem Lernheft, Smartphone oder Tablet, aber definitiv mit deinem Lernbuddy Marius von <b>StudyHelpTV<\/b>!<\/p>\n<ul>\n<li>118 Seiten Lernheft + praktisches Zusatzmaterial<\/li>\n<li>75 werbefreie Lernvideos mit Marius von StudyHelpTV<\/li>\n<li>34\u00a0Aufgaben (\u00dcbersetzungstrainings) mit L\u00f6sungen<\/li>\n<li>10 Original Pr\u00fcfungstexte inkl. Video\u00fcbersetzungen<\/li>\n<\/ul>\n<p>&nbsp;<\/p>\n<p><a href=\"https:\/\/shop.studyhelp.de\/collections\/abitur\/products\/latein-lernheft?utm_source=Abiturratgeber&amp;utm_medium=Lernhefte+-+Latein&amp;utm_campaign=Abiturratgeber\"><img decoding=\"async\" loading=\"lazy\" class=\"aligncenter wp-image-3262 size-full\" src=\"http:\/\/www.studyhelp.de\/abitur-ratgeber\/wp-content\/uploads\/2023\/06\/Latein-Lernheft-Latein-Lernheft-1646137465_1800x1800.jpg.webp\" alt=\"https:\/\/shop.studyhelp.de\/collections\/abitur\/products\/latein-lernheft?utm_source=Abiturratgeber&amp;utm_medium=Lernhefte+-+Latein&amp;utm_campaign=Abiturratgeber\" width=\"1800\" height=\"1800\" srcset=\"https:\/\/www.studyhelp.de\/abitur-ratgeber\/wp-content\/uploads\/2023\/06\/Latein-Lernheft-Latein-Lernheft-1646137465_1800x1800.jpg.webp 1800w, https:\/\/www.studyhelp.de\/abitur-ratgeber\/wp-content\/uploads\/2023\/06\/Latein-Lernheft-Latein-Lernheft-1646137465_1800x1800.jpg-300x300.webp 300w, https:\/\/www.studyhelp.de\/abitur-ratgeber\/wp-content\/uploads\/2023\/06\/Latein-Lernheft-Latein-Lernheft-1646137465_1800x1800.jpg-1024x1024.webp 1024w, https:\/\/www.studyhelp.de\/abitur-ratgeber\/wp-content\/uploads\/2023\/06\/Latein-Lernheft-Latein-Lernheft-1646137465_1800x1800.jpg-150x150.webp 150w, https:\/\/www.studyhelp.de\/abitur-ratgeber\/wp-content\/uploads\/2023\/06\/Latein-Lernheft-Latein-Lernheft-1646137465_1800x1800.jpg-768x768.webp 768w, https:\/\/www.studyhelp.de\/abitur-ratgeber\/wp-content\/uploads\/2023\/06\/Latein-Lernheft-Latein-Lernheft-1646137465_1800x1800.jpg-1536x1536.webp 1536w\" sizes=\"(max-width: 1800px) 100vw, 1800px\" \/><\/a>[\/vc_column_text][\/vc_column][\/vc_row]<\/p>\n","protected":false},"excerpt":{"rendered":"<p>[vc_row][vc_column width=&#8220;1\/1&#8243;][vc_column_text]StudyHelp hat euch die besten Tipps und Tricks f\u00fcr das Latein Lernen zusammengestellt. Wenn ihr diese Liste immer im Hinterkopf behaltet ist die n\u00e4chste Latein Klausur absolut kein Problem mehr f\u00fcr euch. 1. Lernt regelm\u00e4\u00dfig Vokabeln Latein lernen ist eine reine Flei\u00dfaufgabe. Ihr k\u00f6nnt euch das vorstellen wie einen alten r\u00f6mischen Tempel: Das Fundament, [&hellip;]<\/p>\n","protected":false},"author":1,"featured_media":0,"parent":0,"menu_order":0,"comment_status":"closed","ping_status":"closed","template":"","meta":[],"_links":{"self":[{"href":"https:\/\/www.studyhelp.de\/abitur-ratgeber\/wp-json\/wp\/v2\/pages\/420"}],"collection":[{"href":"https:\/\/www.studyhelp.de\/abitur-ratgeber\/wp-json\/wp\/v2\/pages"}],"about":[{"href":"https:\/\/www.studyhelp.de\/abitur-ratgeber\/wp-json\/wp\/v2\/types\/page"}],"author":[{"embeddable":true,"href":"https:\/\/www.studyhelp.de\/abitur-ratgeber\/wp-json\/wp\/v2\/users\/1"}],"replies":[{"embeddable":true,"href":"https:\/\/www.studyhelp.de\/abitur-ratgeber\/wp-json\/wp\/v2\/comments?post=420"}],"version-history":[{"count":23,"href":"https:\/\/www.studyhelp.de\/abitur-ratgeber\/wp-json\/wp\/v2\/pages\/420\/revisions"}],"predecessor-version":[{"id":3329,"href":"https:\/\/www.studyhelp.de\/abitur-ratgeber\/wp-json\/wp\/v2\/pages\/420\/revisions\/3329"}],"wp:attachment":[{"href":"https:\/\/www.studyhelp.de\/abitur-ratgeber\/wp-json\/wp\/v2\/media?parent=420"}],"curies":[{"name":"wp","href":"https:\/\/api.w.org\/{rel}","templated":true}]}}