{"id":10001,"date":"2018-10-04T13:11:43","date_gmt":"2018-10-04T11:11:43","guid":{"rendered":"https:\/\/www.studyhelp.de\/online-lernen\/?page_id=10001"},"modified":"2020-05-26T14:06:16","modified_gmt":"2020-05-26T12:06:16","slug":"stoffe-und-teilchen","status":"publish","type":"page","link":"https:\/\/www.studyhelp.de\/online-lernen\/chemie\/stoffe-und-teilchen\/","title":{"rendered":"Stoffe Grundlagen"},"content":{"rendered":"<p>Generell muss bei Stoffen zwischen Stoffegemischen und Reinstoffen unterscheiden. Dies sind die Materialien, mit denen in der Chemie gearbeitet wird.<\/p>\n<div class=\"box info\">\n<ul>\n<li><strong>Reinstoffe<\/strong> sind in der Chemie Stoffe, die einheitlich aus nur einer chemischen Verbindung oder einem chemischen Element zusammengesetzt sind.<\/li>\n<li><strong>Gemische<\/strong> sind Stoffe, die aus mindestens zwei Reinstoffen zusammengesetzt sind.<\/li>\n<\/ul>\n<\/div>\n<p><img decoding=\"async\" loading=\"lazy\" class=\"aligncenter wp-image-10056\" src=\"https:\/\/www.studyhelp.de\/online-lernen\/wp-content\/uploads\/2018\/10\/Stoffe-Teilchen.jpg\" alt=\"Stoffe; Teilchen\" width=\"743\" height=\"450\" srcset=\"https:\/\/www.studyhelp.de\/online-lernen\/wp-content\/uploads\/2018\/10\/Stoffe-Teilchen.jpg 1032w, https:\/\/www.studyhelp.de\/online-lernen\/wp-content\/uploads\/2018\/10\/Stoffe-Teilchen-300x182.jpg 300w, https:\/\/www.studyhelp.de\/online-lernen\/wp-content\/uploads\/2018\/10\/Stoffe-Teilchen-768x465.jpg 768w, https:\/\/www.studyhelp.de\/online-lernen\/wp-content\/uploads\/2018\/10\/Stoffe-Teilchen-1024x620.jpg 1024w\" sizes=\"(max-width: 743px) 100vw, 743px\" \/><\/p>\n<p>Diese Stoffe wiederum k\u00f6nnen in verschiedenen Aggregatzust\u00e4nden vorliegen: <strong>fest<\/strong>, <strong>fl\u00fcssig<\/strong> oder <strong>gasf\u00f6rmig<\/strong>.<br \/>\n<\/p>\n<p><strong>Als Vertiefung in das Thema Stoffe solltest du dir unser passendes Lernvideo anschauen!<\/strong><\/p>\n<div class=\"lyte-wrapper\" style=\"width:420px;max-width:100%;margin:5px;\"><div class=\"lyMe\" id=\"WYL_nrIgIgtW2Os\"><div id=\"lyte_nrIgIgtW2Os\" data-src=\"https:\/\/www.studyhelp.de\/online-lernen\/wp-content\/plugins\/wp-youtube-lyte\/lyteCache.php?origThumbUrl=%2F%2Fi.ytimg.com%2Fvi%2FnrIgIgtW2Os%2Fhqdefault.jpg\" class=\"pL\"><div class=\"tC\"><div class=\"tT\"><\/div><\/div><div class=\"play\"><\/div><div class=\"ctrl\"><div class=\"Lctrl\"><\/div><div class=\"Rctrl\"><\/div><\/div><\/div><noscript><a href=\"https:\/\/youtu.be\/nrIgIgtW2Os\" rel=\"nofollow\"><img src=\"https:\/\/www.studyhelp.de\/online-lernen\/wp-content\/plugins\/wp-youtube-lyte\/lyteCache.php?origThumbUrl=https%3A%2F%2Fi.ytimg.com%2Fvi%2FnrIgIgtW2Os%2F0.jpg\" alt=\"YouTube-Video-Thumbnail\" width=\"420\" height=\"216\" \/><br \/>Dieses Video auf YouTube ansehen<\/a><\/noscript><\/div><\/div><div class=\"lL\" style=\"max-width:100%;width:420px;margin:5px;\"><\/div><\/p>\n<p>Wir m\u00fcssen wissen, wie die Stoffe in den einzelnen Aggregatzust\u00e4nden auf Teilchenebene beschaffen sind. Mit steigender Temperatur werden die zwischenmolekularen Wechselwirkungen immer weiter \u00fcberwunden, wodurch sich die einzelnen Teilchen schneller bewegen und sich weiter voneinander entfernen. So sind die Teilchen im festen Zustand sehr strukturiert und nah aneinander angeordnet, w\u00e4hrend sich diese ordentliche Struktur \u00fcber den fl\u00fcssigen zum gasf\u00f6rmigen Zustand immer mehr verliert und die Teilchen sich weiter voneinander entfernen. Die folgende Darstellung bietet eine \u00dcbersicht auf Teilchenebene.<\/p>\n<p><img decoding=\"async\" loading=\"lazy\" class=\"aligncenter wp-image-10057\" src=\"https:\/\/www.studyhelp.de\/online-lernen\/wp-content\/uploads\/2018\/10\/Teilchenebenen.jpg\" alt=\"Teilchenebenen\" width=\"490\" height=\"383\" srcset=\"https:\/\/www.studyhelp.de\/online-lernen\/wp-content\/uploads\/2018\/10\/Teilchenebenen.jpg 912w, https:\/\/www.studyhelp.de\/online-lernen\/wp-content\/uploads\/2018\/10\/Teilchenebenen-300x235.jpg 300w, https:\/\/www.studyhelp.de\/online-lernen\/wp-content\/uploads\/2018\/10\/Teilchenebenen-768x601.jpg 768w\" sizes=\"(max-width: 490px) 100vw, 490px\" \/><\/p>\n","protected":false},"excerpt":{"rendered":"<p>Generell muss bei Stoffen zwischen Stoffegemischen und Reinstoffen unterscheiden. Dies sind die Materialien, mit denen in der Chemie gearbeitet wird. Diese Stoffe wiederum k\u00f6nnen in verschiedenen Aggregatzust\u00e4nden vorliegen: fest, fl\u00fcssig oder gasf\u00f6rmig. Als Vertiefung in das Thema Stoffe solltest du dir unser passendes Lernvideo anschauen! Dieses Video auf YouTube ansehen Wir m\u00fcssen wissen, wie die [&hellip;]<\/p>\n","protected":false},"author":3,"featured_media":0,"parent":9325,"menu_order":0,"comment_status":"closed","ping_status":"closed","template":"","meta":[],"categories":[54],"tags":[],"yoast_head":"<!-- This site is optimized with the Yoast SEO plugin v14.7 - https:\/\/yoast.com\/wordpress\/plugins\/seo\/ -->\n<title>Stoffe in der Chemie - StudyHelp Online-Lernen<\/title>\n<meta name=\"description\" content=\"Was sind Stoffe? Welche Arten von Stoffen gibt es und wie verhalten sie sich bei steigenden oder fallenden Temparaturen? Wir zeigen es euch! Inkl.\" \/>\n<meta name=\"robots\" content=\"index, follow\" \/>\n<meta name=\"googlebot\" content=\"index, follow, max-snippet:-1, max-image-preview:large, max-video-preview:-1\" \/>\n<meta name=\"bingbot\" content=\"index, follow, max-snippet:-1, max-image-preview:large, max-video-preview:-1\" \/>\n<link rel=\"canonical\" href=\"https:\/\/www.studyhelp.de\/online-lernen\/chemie\/stoffe-und-teilchen\/\" \/>\n<meta property=\"og:locale\" content=\"de_DE\" \/>\n<meta property=\"og:type\" content=\"article\" \/>\n<meta property=\"og:title\" content=\"Stoffe in der Chemie - StudyHelp Online-Lernen\" \/>\n<meta property=\"og:description\" content=\"Was sind Stoffe? Welche Arten von Stoffen gibt es und wie verhalten sie sich bei steigenden oder fallenden Temparaturen? Wir zeigen es euch! Inkl.\" \/>\n<meta property=\"og:url\" content=\"https:\/\/www.studyhelp.de\/online-lernen\/chemie\/stoffe-und-teilchen\/\" \/>\n<meta property=\"og:site_name\" content=\"StudyHelp Online-Lernen\" \/>\n<meta property=\"article:modified_time\" content=\"2020-05-26T12:06:16+00:00\" \/>\n<meta property=\"og:image\" content=\"https:\/\/www.studyhelp.de\/online-lernen\/wp-content\/uploads\/2018\/10\/Stoffe-Teilchen.jpg\" \/>\n<meta name=\"twitter:card\" content=\"summary_large_image\" \/>\n<script type=\"application\/ld+json\" class=\"yoast-schema-graph\">{\"@context\":\"https:\/\/schema.org\",\"@graph\":[{\"@type\":\"WebSite\",\"@id\":\"https:\/\/www.studyhelp.de\/online-lernen\/#website\",\"url\":\"https:\/\/www.studyhelp.de\/online-lernen\/\",\"name\":\"StudyHelp Online-Lernen\",\"description\":\"\",\"potentialAction\":[{\"@type\":\"SearchAction\",\"target\":\"https:\/\/www.studyhelp.de\/online-lernen\/?s={search_term_string}\",\"query-input\":\"required name=search_term_string\"}],\"inLanguage\":\"de-DE\"},{\"@type\":\"ImageObject\",\"@id\":\"https:\/\/www.studyhelp.de\/online-lernen\/chemie\/stoffe-und-teilchen\/#primaryimage\",\"inLanguage\":\"de-DE\",\"url\":\"https:\/\/www.studyhelp.de\/online-lernen\/wp-content\/uploads\/2018\/10\/Stoffe-Teilchen.jpg\",\"width\":1032,\"height\":625,\"caption\":\"Stoffe & Teilchen\"},{\"@type\":\"WebPage\",\"@id\":\"https:\/\/www.studyhelp.de\/online-lernen\/chemie\/stoffe-und-teilchen\/#webpage\",\"url\":\"https:\/\/www.studyhelp.de\/online-lernen\/chemie\/stoffe-und-teilchen\/\",\"name\":\"Stoffe in der Chemie - StudyHelp Online-Lernen\",\"isPartOf\":{\"@id\":\"https:\/\/www.studyhelp.de\/online-lernen\/#website\"},\"primaryImageOfPage\":{\"@id\":\"https:\/\/www.studyhelp.de\/online-lernen\/chemie\/stoffe-und-teilchen\/#primaryimage\"},\"datePublished\":\"2018-10-04T11:11:43+00:00\",\"dateModified\":\"2020-05-26T12:06:16+00:00\",\"description\":\"Was sind Stoffe? Welche Arten von Stoffen gibt es und wie verhalten sie sich bei steigenden oder fallenden Temparaturen? Wir zeigen es euch! Inkl.\",\"inLanguage\":\"de-DE\",\"potentialAction\":[{\"@type\":\"ReadAction\",\"target\":[\"https:\/\/www.studyhelp.de\/online-lernen\/chemie\/stoffe-und-teilchen\/\"]}]}]}<\/script>\n<!-- \/ Yoast SEO plugin. -->","_links":{"self":[{"href":"https:\/\/www.studyhelp.de\/online-lernen\/wp-json\/wp\/v2\/pages\/10001"}],"collection":[{"href":"https:\/\/www.studyhelp.de\/online-lernen\/wp-json\/wp\/v2\/pages"}],"about":[{"href":"https:\/\/www.studyhelp.de\/online-lernen\/wp-json\/wp\/v2\/types\/page"}],"author":[{"embeddable":true,"href":"https:\/\/www.studyhelp.de\/online-lernen\/wp-json\/wp\/v2\/users\/3"}],"replies":[{"embeddable":true,"href":"https:\/\/www.studyhelp.de\/online-lernen\/wp-json\/wp\/v2\/comments?post=10001"}],"version-history":[{"count":11,"href":"https:\/\/www.studyhelp.de\/online-lernen\/wp-json\/wp\/v2\/pages\/10001\/revisions"}],"predecessor-version":[{"id":15828,"href":"https:\/\/www.studyhelp.de\/online-lernen\/wp-json\/wp\/v2\/pages\/10001\/revisions\/15828"}],"up":[{"embeddable":true,"href":"https:\/\/www.studyhelp.de\/online-lernen\/wp-json\/wp\/v2\/pages\/9325"}],"wp:attachment":[{"href":"https:\/\/www.studyhelp.de\/online-lernen\/wp-json\/wp\/v2\/media?parent=10001"}],"wp:term":[{"taxonomy":"category","embeddable":true,"href":"https:\/\/www.studyhelp.de\/online-lernen\/wp-json\/wp\/v2\/categories?post=10001"},{"taxonomy":"post_tag","embeddable":true,"href":"https:\/\/www.studyhelp.de\/online-lernen\/wp-json\/wp\/v2\/tags?post=10001"}],"curies":[{"name":"wp","href":"https:\/\/api.w.org\/{rel}","templated":true}]}}