{"id":10005,"date":"2018-10-04T13:53:06","date_gmt":"2018-10-04T11:53:06","guid":{"rendered":"https:\/\/www.studyhelp.de\/online-lernen\/?page_id=10005"},"modified":"2019-02-06T12:02:30","modified_gmt":"2019-02-06T11:02:30","slug":"katalysatoren","status":"publish","type":"page","link":"https:\/\/www.studyhelp.de\/online-lernen\/chemie\/katalysatoren\/","title":{"rendered":"Katalysatoren"},"content":{"rendered":"<p>Ein Katalysator ist ein Stoff, der die Aktivierungsenergie einer Reaktion herabsetzt und die Rektionsgeschwindigkeit erh\u00f6ht. Dabei wird der Katalysator selbst nicht verbraucht, das hei\u00dft, dass er am Ende der Reaktion unver\u00e4ndert daraus hervorgeht.<\/p>\n<p><img decoding=\"async\" loading=\"lazy\" class=\"aligncenter  wp-image-10075\" src=\"https:\/\/www.studyhelp.de\/online-lernen\/wp-content\/uploads\/2018\/10\/Katalysatoren.jpg\" alt=\"Katalysatoren\" width=\"438\" height=\"340\" srcset=\"https:\/\/www.studyhelp.de\/online-lernen\/wp-content\/uploads\/2018\/10\/Katalysatoren.jpg 614w, https:\/\/www.studyhelp.de\/online-lernen\/wp-content\/uploads\/2018\/10\/Katalysatoren-300x233.jpg 300w\" sizes=\"(max-width: 438px) 100vw, 438px\" \/><\/p>\n<p><strong>Schau dir zur Vertiefung deines Wissen folgendes Lernvideo von Die Merkhilfe an!<\/strong><\/p>\n<div class=\"lyte-wrapper\" style=\"width:420px;max-width:100%;margin:5px;\"><div class=\"lyMe\" id=\"WYL_ZErrsD7Dh_Y\"><div id=\"lyte_ZErrsD7Dh_Y\" data-src=\"https:\/\/www.studyhelp.de\/online-lernen\/wp-content\/plugins\/wp-youtube-lyte\/lyteCache.php?origThumbUrl=%2F%2Fi.ytimg.com%2Fvi%2FZErrsD7Dh_Y%2Fhqdefault.jpg\" class=\"pL\"><div class=\"tC\"><div class=\"tT\"><\/div><\/div><div class=\"play\"><\/div><div class=\"ctrl\"><div class=\"Lctrl\"><\/div><div class=\"Rctrl\"><\/div><\/div><\/div><noscript><a href=\"https:\/\/youtu.be\/ZErrsD7Dh_Y\" rel=\"nofollow\"><img src=\"https:\/\/www.studyhelp.de\/online-lernen\/wp-content\/plugins\/wp-youtube-lyte\/lyteCache.php?origThumbUrl=https%3A%2F%2Fi.ytimg.com%2Fvi%2FZErrsD7Dh_Y%2F0.jpg\" alt=\"YouTube-Video-Thumbnail\" width=\"420\" height=\"216\" \/><br \/>Dieses Video auf YouTube ansehen<\/a><\/noscript><\/div><\/div><div class=\"lL\" style=\"max-width:100%;width:420px;margin:5px;\"><\/div><\/p>\n","protected":false},"excerpt":{"rendered":"<p>Ein Katalysator ist ein Stoff, der die Aktivierungsenergie einer Reaktion herabsetzt und die Rektionsgeschwindigkeit erh\u00f6ht. Dabei wird der Katalysator selbst nicht verbraucht, das hei\u00dft, dass er am Ende der Reaktion unver\u00e4ndert daraus hervorgeht. Schau dir zur Vertiefung deines Wissen folgendes Lernvideo von Die Merkhilfe an! Dieses Video auf YouTube ansehen<\/p>\n","protected":false},"author":3,"featured_media":0,"parent":9325,"menu_order":0,"comment_status":"closed","ping_status":"closed","template":"","meta":[],"categories":[54],"tags":[],"yoast_head":"<!-- This site is optimized with the Yoast SEO plugin v14.7 - https:\/\/yoast.com\/wordpress\/plugins\/seo\/ -->\n<title>Katalysatoren [Chemie Grundlagen] - StudyHelp Online-Lernen<\/title>\n<meta name=\"description\" content=\"Ein Katalysator ist ein Stoff, der die Aktivierungsenergie einer Reaktion herabsetzt und die Rektionsgeschwindigkeit erh\u00f6ht.\" \/>\n<meta name=\"robots\" content=\"index, follow\" \/>\n<meta name=\"googlebot\" content=\"index, follow, max-snippet:-1, max-image-preview:large, max-video-preview:-1\" \/>\n<meta name=\"bingbot\" content=\"index, follow, max-snippet:-1, max-image-preview:large, max-video-preview:-1\" \/>\n<link rel=\"canonical\" href=\"https:\/\/www.studyhelp.de\/online-lernen\/chemie\/katalysatoren\/\" \/>\n<meta property=\"og:locale\" content=\"de_DE\" \/>\n<meta property=\"og:type\" content=\"article\" \/>\n<meta property=\"og:title\" content=\"Katalysatoren [Chemie Grundlagen] - StudyHelp Online-Lernen\" \/>\n<meta property=\"og:description\" content=\"Ein Katalysator ist ein Stoff, der die Aktivierungsenergie einer Reaktion herabsetzt und die Rektionsgeschwindigkeit erh\u00f6ht.\" \/>\n<meta property=\"og:url\" content=\"https:\/\/www.studyhelp.de\/online-lernen\/chemie\/katalysatoren\/\" \/>\n<meta property=\"og:site_name\" content=\"StudyHelp Online-Lernen\" \/>\n<meta property=\"article:modified_time\" content=\"2019-02-06T11:02:30+00:00\" \/>\n<meta property=\"og:image\" content=\"https:\/\/www.studyhelp.de\/online-lernen\/wp-content\/uploads\/2018\/10\/Katalysatoren.jpg\" \/>\n<meta name=\"twitter:card\" content=\"summary_large_image\" \/>\n<script type=\"application\/ld+json\" class=\"yoast-schema-graph\">{\"@context\":\"https:\/\/schema.org\",\"@graph\":[{\"@type\":\"WebSite\",\"@id\":\"https:\/\/www.studyhelp.de\/online-lernen\/#website\",\"url\":\"https:\/\/www.studyhelp.de\/online-lernen\/\",\"name\":\"StudyHelp Online-Lernen\",\"description\":\"\",\"potentialAction\":[{\"@type\":\"SearchAction\",\"target\":\"https:\/\/www.studyhelp.de\/online-lernen\/?s={search_term_string}\",\"query-input\":\"required name=search_term_string\"}],\"inLanguage\":\"de-DE\"},{\"@type\":\"ImageObject\",\"@id\":\"https:\/\/www.studyhelp.de\/online-lernen\/chemie\/katalysatoren\/#primaryimage\",\"inLanguage\":\"de-DE\",\"url\":\"https:\/\/www.studyhelp.de\/online-lernen\/wp-content\/uploads\/2018\/10\/Katalysatoren.jpg\",\"width\":614,\"height\":477,\"caption\":\"Katalysatoren\"},{\"@type\":\"WebPage\",\"@id\":\"https:\/\/www.studyhelp.de\/online-lernen\/chemie\/katalysatoren\/#webpage\",\"url\":\"https:\/\/www.studyhelp.de\/online-lernen\/chemie\/katalysatoren\/\",\"name\":\"Katalysatoren [Chemie Grundlagen] - StudyHelp Online-Lernen\",\"isPartOf\":{\"@id\":\"https:\/\/www.studyhelp.de\/online-lernen\/#website\"},\"primaryImageOfPage\":{\"@id\":\"https:\/\/www.studyhelp.de\/online-lernen\/chemie\/katalysatoren\/#primaryimage\"},\"datePublished\":\"2018-10-04T11:53:06+00:00\",\"dateModified\":\"2019-02-06T11:02:30+00:00\",\"description\":\"Ein Katalysator ist ein Stoff, der die Aktivierungsenergie einer Reaktion herabsetzt und die Rektionsgeschwindigkeit erh\\u00f6ht.\",\"inLanguage\":\"de-DE\",\"potentialAction\":[{\"@type\":\"ReadAction\",\"target\":[\"https:\/\/www.studyhelp.de\/online-lernen\/chemie\/katalysatoren\/\"]}]}]}<\/script>\n<!-- \/ Yoast SEO plugin. -->","_links":{"self":[{"href":"https:\/\/www.studyhelp.de\/online-lernen\/wp-json\/wp\/v2\/pages\/10005"}],"collection":[{"href":"https:\/\/www.studyhelp.de\/online-lernen\/wp-json\/wp\/v2\/pages"}],"about":[{"href":"https:\/\/www.studyhelp.de\/online-lernen\/wp-json\/wp\/v2\/types\/page"}],"author":[{"embeddable":true,"href":"https:\/\/www.studyhelp.de\/online-lernen\/wp-json\/wp\/v2\/users\/3"}],"replies":[{"embeddable":true,"href":"https:\/\/www.studyhelp.de\/online-lernen\/wp-json\/wp\/v2\/comments?post=10005"}],"version-history":[{"count":8,"href":"https:\/\/www.studyhelp.de\/online-lernen\/wp-json\/wp\/v2\/pages\/10005\/revisions"}],"predecessor-version":[{"id":11788,"href":"https:\/\/www.studyhelp.de\/online-lernen\/wp-json\/wp\/v2\/pages\/10005\/revisions\/11788"}],"up":[{"embeddable":true,"href":"https:\/\/www.studyhelp.de\/online-lernen\/wp-json\/wp\/v2\/pages\/9325"}],"wp:attachment":[{"href":"https:\/\/www.studyhelp.de\/online-lernen\/wp-json\/wp\/v2\/media?parent=10005"}],"wp:term":[{"taxonomy":"category","embeddable":true,"href":"https:\/\/www.studyhelp.de\/online-lernen\/wp-json\/wp\/v2\/categories?post=10005"},{"taxonomy":"post_tag","embeddable":true,"href":"https:\/\/www.studyhelp.de\/online-lernen\/wp-json\/wp\/v2\/tags?post=10005"}],"curies":[{"name":"wp","href":"https:\/\/api.w.org\/{rel}","templated":true}]}}