{"id":10011,"date":"2018-10-04T13:54:22","date_gmt":"2018-10-04T11:54:22","guid":{"rendered":"https:\/\/www.studyhelp.de\/online-lernen\/?page_id=10011"},"modified":"2018-10-08T15:20:40","modified_gmt":"2018-10-08T13:20:40","slug":"raeumlicher-bau-von-molekuelen","status":"publish","type":"page","link":"https:\/\/www.studyhelp.de\/online-lernen\/chemie\/raeumlicher-bau-von-molekuelen\/","title":{"rendered":"R\u00e4umlicher Bau von Molek\u00fclen"},"content":{"rendered":"<p>Eine Strukturformel gibt uns zwar Auskunft dar\u00fcber, wie die einzelnen Atome innerhalb eines Molek\u00fcls verkn\u00fcpft sind, jedoch nicht dar\u00fcber, wie sie r\u00e4umlich angeordnet sind. Um diesen r\u00e4umlichen Bau von Molek\u00fclen zu ermitteln, befolgen wir die folgenden Schritte:<br \/>\n<div class=\"box info\">\n<ul>\n<li> <strong>Schritt 1:<\/strong> Strukturformel aufstellen<\/li>\n<li> <strong>Schritt 2:<\/strong> Anzahl der an das Zentralatom gebundenen Atome und freien Elektronenpaare ermitteln<\/li>\n<li> <strong>Schritt 3:<\/strong> Grundstruktur ermitteln<\/li>\n<li> <strong>Schritt 4:<\/strong> R\u00e4umlichen Bau durch Wegdenken der freien Elektronenpaare in der Grundstruktur ermitteln<\/li>\n<\/ul>\n<\/div><\/p>\n\n<h2>\u00dcbersicht der Grundstrukturen<\/h2>\n<p><img decoding=\"async\" loading=\"lazy\" src=\"https:\/\/www.studyhelp.de\/online-lernen\/wp-content\/uploads\/2018\/10\/R\u00e4umlicher-Bau-von-Molek\u00fclen.jpg\" alt=\"R\u00e4umlicher Bau von Molek\u00fclen\" width=\"794\" height=\"688\" class=\"aligncenter size-full wp-image-10119\" srcset=\"https:\/\/www.studyhelp.de\/online-lernen\/wp-content\/uploads\/2018\/10\/R\u00e4umlicher-Bau-von-Molek\u00fclen.jpg 794w, https:\/\/www.studyhelp.de\/online-lernen\/wp-content\/uploads\/2018\/10\/R\u00e4umlicher-Bau-von-Molek\u00fclen-300x260.jpg 300w, https:\/\/www.studyhelp.de\/online-lernen\/wp-content\/uploads\/2018\/10\/R\u00e4umlicher-Bau-von-Molek\u00fclen-768x665.jpg 768w\" sizes=\"(max-width: 794px) 100vw, 794px\" \/><\/p>\n<p>Damit wir uns das richtig vorstellen k\u00f6nnen, stellen wir die Molek\u00fcle Methan, Ammoniak und Wasser gegen\u00fcber:<\/p>\n<p><img decoding=\"async\" loading=\"lazy\" src=\"https:\/\/www.studyhelp.de\/online-lernen\/wp-content\/uploads\/2018\/10\/R\u00e4umlicher-Bau-von-Molek\u00fclen-\u00dcbersicht.jpg\" alt=\"R\u00e4umlicher Bau von Molek\u00fclen \u00dcbersicht\" width=\"800\" height=\"781\" class=\"aligncenter size-full wp-image-10120\" srcset=\"https:\/\/www.studyhelp.de\/online-lernen\/wp-content\/uploads\/2018\/10\/R\u00e4umlicher-Bau-von-Molek\u00fclen-\u00dcbersicht.jpg 800w, https:\/\/www.studyhelp.de\/online-lernen\/wp-content\/uploads\/2018\/10\/R\u00e4umlicher-Bau-von-Molek\u00fclen-\u00dcbersicht-300x293.jpg 300w, https:\/\/www.studyhelp.de\/online-lernen\/wp-content\/uploads\/2018\/10\/R\u00e4umlicher-Bau-von-Molek\u00fclen-\u00dcbersicht-768x750.jpg 768w\" sizes=\"(max-width: 800px) 100vw, 800px\" \/><\/p>\n\n","protected":false},"excerpt":{"rendered":"<p>Eine Strukturformel gibt uns zwar Auskunft dar\u00fcber, wie die einzelnen Atome innerhalb eines Molek\u00fcls verkn\u00fcpft sind, jedoch nicht dar\u00fcber, wie sie r\u00e4umlich angeordnet sind. Um diesen r\u00e4umlichen Bau von Molek\u00fclen zu ermitteln, befolgen wir die folgenden Schritte: \u00dcbersicht der Grundstrukturen Damit wir uns das richtig vorstellen k\u00f6nnen, stellen wir die Molek\u00fcle Methan, Ammoniak und Wasser [&hellip;]<\/p>\n","protected":false},"author":3,"featured_media":0,"parent":9325,"menu_order":0,"comment_status":"closed","ping_status":"closed","template":"","meta":[],"categories":[54],"tags":[],"yoast_head":"<!-- This site is optimized with the Yoast SEO plugin v14.7 - https:\/\/yoast.com\/wordpress\/plugins\/seo\/ -->\n<title>R\u00e4umlicher Bau von Molek\u00fclen - StudyHelp Online-Lernen<\/title>\n<meta name=\"description\" content=\"Der r\u00e4umliche Bau von Molek\u00fclen kann durch folgende f\u00fcnf Schritte nachvollzogen werden. Schritt 1:Strukturformel aufstellen. Schritt 2: Anzahl der..\" \/>\n<meta name=\"robots\" content=\"index, follow\" \/>\n<meta name=\"googlebot\" content=\"index, follow, max-snippet:-1, max-image-preview:large, max-video-preview:-1\" \/>\n<meta name=\"bingbot\" content=\"index, follow, max-snippet:-1, max-image-preview:large, max-video-preview:-1\" \/>\n<link rel=\"canonical\" href=\"https:\/\/www.studyhelp.de\/online-lernen\/chemie\/raeumlicher-bau-von-molekuelen\/\" \/>\n<meta property=\"og:locale\" content=\"de_DE\" \/>\n<meta property=\"og:type\" content=\"article\" \/>\n<meta property=\"og:title\" content=\"R\u00e4umlicher Bau von Molek\u00fclen - StudyHelp Online-Lernen\" \/>\n<meta property=\"og:description\" content=\"Der r\u00e4umliche Bau von Molek\u00fclen kann durch folgende f\u00fcnf Schritte nachvollzogen werden. Schritt 1:Strukturformel aufstellen. Schritt 2: Anzahl der..\" \/>\n<meta property=\"og:url\" content=\"https:\/\/www.studyhelp.de\/online-lernen\/chemie\/raeumlicher-bau-von-molekuelen\/\" \/>\n<meta property=\"og:site_name\" content=\"StudyHelp Online-Lernen\" \/>\n<meta property=\"article:modified_time\" content=\"2018-10-08T13:20:40+00:00\" \/>\n<meta property=\"og:image\" content=\"https:\/\/www.studyhelp.de\/online-lernen\/wp-content\/uploads\/2018\/10\/R\u00e4umlicher-Bau-von-Molek\u00fclen.jpg\" \/>\n<meta name=\"twitter:card\" content=\"summary_large_image\" \/>\n<script type=\"application\/ld+json\" class=\"yoast-schema-graph\">{\"@context\":\"https:\/\/schema.org\",\"@graph\":[{\"@type\":\"WebSite\",\"@id\":\"https:\/\/www.studyhelp.de\/online-lernen\/#website\",\"url\":\"https:\/\/www.studyhelp.de\/online-lernen\/\",\"name\":\"StudyHelp Online-Lernen\",\"description\":\"\",\"potentialAction\":[{\"@type\":\"SearchAction\",\"target\":\"https:\/\/www.studyhelp.de\/online-lernen\/?s={search_term_string}\",\"query-input\":\"required name=search_term_string\"}],\"inLanguage\":\"de-DE\"},{\"@type\":\"ImageObject\",\"@id\":\"https:\/\/www.studyhelp.de\/online-lernen\/chemie\/raeumlicher-bau-von-molekuelen\/#primaryimage\",\"inLanguage\":\"de-DE\",\"url\":\"https:\/\/www.studyhelp.de\/online-lernen\/wp-content\/uploads\/2018\/10\/R\\u00e4umlicher-Bau-von-Molek\\u00fclen.jpg\",\"width\":794,\"height\":688,\"caption\":\"R\\u00e4umlicher Bau von Molek\\u00fclen\"},{\"@type\":\"WebPage\",\"@id\":\"https:\/\/www.studyhelp.de\/online-lernen\/chemie\/raeumlicher-bau-von-molekuelen\/#webpage\",\"url\":\"https:\/\/www.studyhelp.de\/online-lernen\/chemie\/raeumlicher-bau-von-molekuelen\/\",\"name\":\"R\\u00e4umlicher Bau von Molek\\u00fclen - StudyHelp Online-Lernen\",\"isPartOf\":{\"@id\":\"https:\/\/www.studyhelp.de\/online-lernen\/#website\"},\"primaryImageOfPage\":{\"@id\":\"https:\/\/www.studyhelp.de\/online-lernen\/chemie\/raeumlicher-bau-von-molekuelen\/#primaryimage\"},\"datePublished\":\"2018-10-04T11:54:22+00:00\",\"dateModified\":\"2018-10-08T13:20:40+00:00\",\"description\":\"Der r\\u00e4umliche Bau von Molek\\u00fclen kann durch folgende f\\u00fcnf Schritte nachvollzogen werden. Schritt 1:Strukturformel aufstellen. Schritt 2: Anzahl der..\",\"inLanguage\":\"de-DE\",\"potentialAction\":[{\"@type\":\"ReadAction\",\"target\":[\"https:\/\/www.studyhelp.de\/online-lernen\/chemie\/raeumlicher-bau-von-molekuelen\/\"]}]}]}<\/script>\n<!-- \/ Yoast SEO plugin. -->","_links":{"self":[{"href":"https:\/\/www.studyhelp.de\/online-lernen\/wp-json\/wp\/v2\/pages\/10011"}],"collection":[{"href":"https:\/\/www.studyhelp.de\/online-lernen\/wp-json\/wp\/v2\/pages"}],"about":[{"href":"https:\/\/www.studyhelp.de\/online-lernen\/wp-json\/wp\/v2\/types\/page"}],"author":[{"embeddable":true,"href":"https:\/\/www.studyhelp.de\/online-lernen\/wp-json\/wp\/v2\/users\/3"}],"replies":[{"embeddable":true,"href":"https:\/\/www.studyhelp.de\/online-lernen\/wp-json\/wp\/v2\/comments?post=10011"}],"version-history":[{"count":4,"href":"https:\/\/www.studyhelp.de\/online-lernen\/wp-json\/wp\/v2\/pages\/10011\/revisions"}],"predecessor-version":[{"id":10280,"href":"https:\/\/www.studyhelp.de\/online-lernen\/wp-json\/wp\/v2\/pages\/10011\/revisions\/10280"}],"up":[{"embeddable":true,"href":"https:\/\/www.studyhelp.de\/online-lernen\/wp-json\/wp\/v2\/pages\/9325"}],"wp:attachment":[{"href":"https:\/\/www.studyhelp.de\/online-lernen\/wp-json\/wp\/v2\/media?parent=10011"}],"wp:term":[{"taxonomy":"category","embeddable":true,"href":"https:\/\/www.studyhelp.de\/online-lernen\/wp-json\/wp\/v2\/categories?post=10011"},{"taxonomy":"post_tag","embeddable":true,"href":"https:\/\/www.studyhelp.de\/online-lernen\/wp-json\/wp\/v2\/tags?post=10011"}],"curies":[{"name":"wp","href":"https:\/\/api.w.org\/{rel}","templated":true}]}}