{"id":10013,"date":"2018-10-04T13:54:52","date_gmt":"2018-10-04T11:54:52","guid":{"rendered":"https:\/\/www.studyhelp.de\/online-lernen\/?page_id=10013"},"modified":"2018-10-08T15:05:59","modified_gmt":"2018-10-08T13:05:59","slug":"elektronegativitaet","status":"publish","type":"page","link":"https:\/\/www.studyhelp.de\/online-lernen\/chemie\/elektronegativitaet\/","title":{"rendered":"Elektronegativit\u00e4t"},"content":{"rendered":"\n<p>Unter Elektronegativit\u00e4t (kurz: EN) eines Elementes verstehen wir ein Ma\u00df daf\u00fcr, wie stark die Atome dieses Elementes gemeinsame Bindungselektronen anziehen.<\/p>\n\n<p>Wir k\u00f6nnen einen Vergleich zum Tauziehen herstellen: Wenn eine der beiden Personen, die an dem Tau ziehen, st\u00e4rker ist, zieht sie das F\u00e4hnchen in der Mitte n\u00e4her zu sich. Auf die Teilchenebene \u00fcbertragen, ist die st\u00e4rkere Person das Atom mit der h\u00f6heren Elektronegativit\u00e4t, welches die Elektronen in einer Bindung n\u00e4her zu sich zieht.<\/p>\n<p><img decoding=\"async\" loading=\"lazy\" src=\"https:\/\/www.studyhelp.de\/online-lernen\/wp-content\/uploads\/2018\/10\/Elektronegativit\u00e4t.jpg\" alt=\"Elektronegativit\u00e4t\" width=\"604\" height=\"192\" class=\"aligncenter size-full wp-image-10125\" srcset=\"https:\/\/www.studyhelp.de\/online-lernen\/wp-content\/uploads\/2018\/10\/Elektronegativit\u00e4t.jpg 604w, https:\/\/www.studyhelp.de\/online-lernen\/wp-content\/uploads\/2018\/10\/Elektronegativit\u00e4t-300x95.jpg 300w\" sizes=\"(max-width: 604px) 100vw, 604px\" \/><\/p>\n<p>Jedes Element hat eine unterschiedliche Elektronegativit\u00e4t. Die Elektronegativit\u00e4t nimmt innerhalb einer Periode (von links nach rechts) zu und innerhalb einerGruppe (von oben nach unten) ab. Daraus ergibt sich, dass Fluor das Element mit der h\u00f6chsten Elektronegativit\u00e4t ist. Warum steht dann nicht das Element Helium ganz rechts oben? Das liegt daran, dass die Gruppe der Edelgase bereits ein Oktett besitzt und somit keine Verbindungen eingeht.<br \/>\nSobald zwei unterschiedliche Atome durch ein bindendes Elektronenpaar miteinander verbunden sind, werden die Elektronen also stets zu dem elektronegativeren Atom hingezogen. Auf diese Weise ergibt sich eine asymmetrische Ladungsverteilung. Diese Bindung nennen wir polar. Je st\u00e4rker die Elektronen von einem Atom angezogen werden, umso polarer ist eine Bindung.<\/p>\n<p><img decoding=\"async\" loading=\"lazy\" src=\"https:\/\/www.studyhelp.de\/online-lernen\/wp-content\/uploads\/2018\/10\/Elektronegativit\u00e4t-Anziehungskraft.jpg\" alt=\"Elektronegativit\u00e4t &amp; Anziehungskraft\" width=\"468\" height=\"195\" class=\"aligncenter size-full wp-image-10126\" srcset=\"https:\/\/www.studyhelp.de\/online-lernen\/wp-content\/uploads\/2018\/10\/Elektronegativit\u00e4t-Anziehungskraft.jpg 468w, https:\/\/www.studyhelp.de\/online-lernen\/wp-content\/uploads\/2018\/10\/Elektronegativit\u00e4t-Anziehungskraft-300x125.jpg 300w\" sizes=\"(max-width: 468px) 100vw, 468px\" \/><\/p>\n<p>Bei einer Bindung zwischen zwei gleichen Atomen wird gleich stark an den Elektronen des bindenden Elektronenpaares gezogen, wodurch sich eine symmetrische Ladungsverteilung der Bindung ergibt. Hier sprechen wir von einer unpolaren Bindung.<\/p>\n\n<p>Es existieren jedoch auch Bindungen, deren Elektronegativit\u00e4t sich kaum unterscheidet, weshalb wir dann nicht von einer polaren Bindung sprechen k\u00f6nnen. Um zu entscheiden, ob eine Bindung polar ist, ben\u00f6tigen wir die sogenannte Elektronegativit\u00e4tsdifferenz. Dazu ziehen wir die Elektronegativit\u00e4t des einen Atoms von der Elektronegativit\u00e4t des anderen Atoms ab.<\/p>\n<p><strong>Elektronegativit\u00e4tsdifferenz<\/strong><br \/>\n\\begin{align*}<br \/>\n\\Delta \\text{EN} = | \\text{EN}_{\\text{Element 1}} &#8211; \\text{EN}_{\\text{Element 2}}|<br \/>\n\\end{align*}<\/p>\n<p>Im Allgemeinen ergibt sich folgende Entscheidungsregel<\/p>\n<p>\\begin{align*}<br \/>\n &#038; &#038; \\Delta EN &#038; > &#038; \\text{1,7 Ionenbildung} \\\\<br \/>\n0{,}4 &#038; < &#038; \\Delta EN &#038; < &#038; \\text{1,7 polare Elektronenpaarbindung} \\\\\n &#038; &#038; \\Delta EN &#038; < &#038; \\text{0,4 unpolare Elektronenpaarbindung}\n\\end{align*}\n\nF\u00fcr die Verst\u00e4ndlichkeit schauen wir uns einige Beispiele an:\n\n\\begin{align*}\n\n\\text{Natriumchlorid NaCl} \\ &#038; \\Delta\\text{EN } = 4-0{,}9 = 3{,}1 &#038; \\Rightarrow Ionenbindung \\\\\n\\text{Magnesiumoxid MgO} \\ &#038; \\Delta\\text{EN } = 3{,}44-1{,}31 = 2{,}13 &#038; \\Rightarrow Ionenbindung \\\\\n\\text{Wasserstoff H2} \\ &#038; \\Delta\\text{EN } = 2{,}2-2{,}2 = 0 &#038; \\Rightarrow unpolare Bindung \\\\\n\\text{C-H-Bindung} \\ &#038; \\Delta\\text{EN } = 2{,}55-2{,}2 = 0{,}35 &#038; \\Rightarrow unpolare Bindung \\\\\n\\text{O-H-Bindung} \\ &#038; \\Delta\\text{EN } = 3{,}44-2{,}2 = 1{,}24 &#038; \\Rightarrow polare Bindung \n\n\\end{align*}\n\n\n<\/p>\n","protected":false},"excerpt":{"rendered":"<p>Unter Elektronegativit\u00e4t (kurz: EN) eines Elementes verstehen wir ein Ma\u00df daf\u00fcr, wie stark die Atome dieses Elementes gemeinsame Bindungselektronen anziehen. Wir k\u00f6nnen einen Vergleich zum Tauziehen herstellen: Wenn eine der beiden Personen, die an dem Tau ziehen, st\u00e4rker ist, zieht sie das F\u00e4hnchen in der Mitte n\u00e4her zu sich. Auf die Teilchenebene \u00fcbertragen, ist die [&hellip;]<\/p>\n","protected":false},"author":3,"featured_media":0,"parent":9325,"menu_order":0,"comment_status":"closed","ping_status":"closed","template":"","meta":[],"categories":[54],"tags":[],"yoast_head":"<!-- This site is optimized with the Yoast SEO plugin v14.7 - https:\/\/yoast.com\/wordpress\/plugins\/seo\/ -->\n<title>Elektronegativit\u00e4t - StudyHelp Online-Lernen<\/title>\n<meta name=\"description\" content=\"Unter Elektronegativit\u00e4t eines Elementes verstehen wir ein Ma\u00df, das angibt wie stark die Atome dieses Elementes gemeinsame Bindungselektronen anziehen.\" \/>\n<meta name=\"robots\" content=\"index, follow\" \/>\n<meta name=\"googlebot\" content=\"index, follow, max-snippet:-1, max-image-preview:large, max-video-preview:-1\" \/>\n<meta name=\"bingbot\" content=\"index, follow, max-snippet:-1, max-image-preview:large, max-video-preview:-1\" \/>\n<link rel=\"canonical\" href=\"https:\/\/www.studyhelp.de\/online-lernen\/chemie\/elektronegativitaet\/\" \/>\n<meta property=\"og:locale\" content=\"de_DE\" \/>\n<meta property=\"og:type\" content=\"article\" \/>\n<meta property=\"og:title\" content=\"Elektronegativit\u00e4t - StudyHelp Online-Lernen\" \/>\n<meta property=\"og:description\" content=\"Unter Elektronegativit\u00e4t eines Elementes verstehen wir ein Ma\u00df, das angibt wie stark die Atome dieses Elementes gemeinsame Bindungselektronen anziehen.\" \/>\n<meta property=\"og:url\" content=\"https:\/\/www.studyhelp.de\/online-lernen\/chemie\/elektronegativitaet\/\" \/>\n<meta property=\"og:site_name\" content=\"StudyHelp Online-Lernen\" \/>\n<meta property=\"article:modified_time\" content=\"2018-10-08T13:05:59+00:00\" \/>\n<meta property=\"og:image\" content=\"https:\/\/www.studyhelp.de\/online-lernen\/wp-content\/uploads\/2018\/10\/Elektronegativit\u00e4t.jpg\" \/>\n<meta name=\"twitter:card\" content=\"summary_large_image\" \/>\n<script type=\"application\/ld+json\" class=\"yoast-schema-graph\">{\"@context\":\"https:\/\/schema.org\",\"@graph\":[{\"@type\":\"WebSite\",\"@id\":\"https:\/\/www.studyhelp.de\/online-lernen\/#website\",\"url\":\"https:\/\/www.studyhelp.de\/online-lernen\/\",\"name\":\"StudyHelp Online-Lernen\",\"description\":\"\",\"potentialAction\":[{\"@type\":\"SearchAction\",\"target\":\"https:\/\/www.studyhelp.de\/online-lernen\/?s={search_term_string}\",\"query-input\":\"required name=search_term_string\"}],\"inLanguage\":\"de-DE\"},{\"@type\":\"ImageObject\",\"@id\":\"https:\/\/www.studyhelp.de\/online-lernen\/chemie\/elektronegativitaet\/#primaryimage\",\"inLanguage\":\"de-DE\",\"url\":\"https:\/\/www.studyhelp.de\/online-lernen\/wp-content\/uploads\/2018\/10\/Elektronegativit\\u00e4t.jpg\",\"width\":604,\"height\":192,\"caption\":\"Elektronegativit\\u00e4t\"},{\"@type\":\"WebPage\",\"@id\":\"https:\/\/www.studyhelp.de\/online-lernen\/chemie\/elektronegativitaet\/#webpage\",\"url\":\"https:\/\/www.studyhelp.de\/online-lernen\/chemie\/elektronegativitaet\/\",\"name\":\"Elektronegativit\\u00e4t - StudyHelp Online-Lernen\",\"isPartOf\":{\"@id\":\"https:\/\/www.studyhelp.de\/online-lernen\/#website\"},\"primaryImageOfPage\":{\"@id\":\"https:\/\/www.studyhelp.de\/online-lernen\/chemie\/elektronegativitaet\/#primaryimage\"},\"datePublished\":\"2018-10-04T11:54:52+00:00\",\"dateModified\":\"2018-10-08T13:05:59+00:00\",\"description\":\"Unter Elektronegativit\\u00e4t eines Elementes verstehen wir ein Ma\\u00df, das angibt wie stark die Atome dieses Elementes gemeinsame Bindungselektronen anziehen.\",\"inLanguage\":\"de-DE\",\"potentialAction\":[{\"@type\":\"ReadAction\",\"target\":[\"https:\/\/www.studyhelp.de\/online-lernen\/chemie\/elektronegativitaet\/\"]}]}]}<\/script>\n<!-- \/ Yoast SEO plugin. -->","_links":{"self":[{"href":"https:\/\/www.studyhelp.de\/online-lernen\/wp-json\/wp\/v2\/pages\/10013"}],"collection":[{"href":"https:\/\/www.studyhelp.de\/online-lernen\/wp-json\/wp\/v2\/pages"}],"about":[{"href":"https:\/\/www.studyhelp.de\/online-lernen\/wp-json\/wp\/v2\/types\/page"}],"author":[{"embeddable":true,"href":"https:\/\/www.studyhelp.de\/online-lernen\/wp-json\/wp\/v2\/users\/3"}],"replies":[{"embeddable":true,"href":"https:\/\/www.studyhelp.de\/online-lernen\/wp-json\/wp\/v2\/comments?post=10013"}],"version-history":[{"count":35,"href":"https:\/\/www.studyhelp.de\/online-lernen\/wp-json\/wp\/v2\/pages\/10013\/revisions"}],"predecessor-version":[{"id":10248,"href":"https:\/\/www.studyhelp.de\/online-lernen\/wp-json\/wp\/v2\/pages\/10013\/revisions\/10248"}],"up":[{"embeddable":true,"href":"https:\/\/www.studyhelp.de\/online-lernen\/wp-json\/wp\/v2\/pages\/9325"}],"wp:attachment":[{"href":"https:\/\/www.studyhelp.de\/online-lernen\/wp-json\/wp\/v2\/media?parent=10013"}],"wp:term":[{"taxonomy":"category","embeddable":true,"href":"https:\/\/www.studyhelp.de\/online-lernen\/wp-json\/wp\/v2\/categories?post=10013"},{"taxonomy":"post_tag","embeddable":true,"href":"https:\/\/www.studyhelp.de\/online-lernen\/wp-json\/wp\/v2\/tags?post=10013"}],"curies":[{"name":"wp","href":"https:\/\/api.w.org\/{rel}","templated":true}]}}