{"id":10021,"date":"2018-10-04T13:56:34","date_gmt":"2018-10-04T11:56:34","guid":{"rendered":"https:\/\/www.studyhelp.de\/online-lernen\/?page_id=10021"},"modified":"2018-10-09T16:14:57","modified_gmt":"2018-10-09T14:14:57","slug":"chemisches-gleichgewicht","status":"publish","type":"page","link":"https:\/\/www.studyhelp.de\/online-lernen\/chemie\/chemisches-gleichgewicht\/","title":{"rendered":"Chemisches Gleichgewicht"},"content":{"rendered":"\n<p>Die meisten chemischen Reaktionen sind umkehrbar. Das bedeutet, dass eine Reaktion in beide Richtungen stattfindet. Bei solchen umkehrbaren Reaktionen stellt sich irgendwann ein sogenanntes chemisches Gleichgewicht ein. <\/p>\n<p>Dazu ein nicht-chemisches Beispiel:<\/p>\n<p><img decoding=\"async\" loading=\"lazy\" src=\"https:\/\/www.studyhelp.de\/online-lernen\/wp-content\/uploads\/2018\/10\/Chemisches-Gleichgewicht-Beispiel.jpg\" alt=\"Chemisches Gleichgewicht (Beispiel)\" width=\"340\" height=\"310\" class=\"aligncenter size-full wp-image-10412\" srcset=\"https:\/\/www.studyhelp.de\/online-lernen\/wp-content\/uploads\/2018\/10\/Chemisches-Gleichgewicht-Beispiel.jpg 340w, https:\/\/www.studyhelp.de\/online-lernen\/wp-content\/uploads\/2018\/10\/Chemisches-Gleichgewicht-Beispiel-300x274.jpg 300w\" sizes=\"(max-width: 340px) 100vw, 340px\" \/><\/p>\n<p>Wir stellen uns vor, wir haben 50 Euro und unser Freund hat 10 Euro. Wir m\u00f6chten ihn unterst\u00fctzen, indem wir ihm t\u00e4glich 20% von unserem Geld geben, erwarten im Gegenzug aber t\u00e4glich 10% von seinem Geld. Jeden Tag gibt es eine entsprechende Geld\u00fcbergabe.<\/p>\n<p>In der folgenden Tabelle sind die Geldbetr\u00e4ge, die wir und unser Freund an den jeweiligen Tagen nach der Geld\u00fcbergabe haben, aufgef\u00fchrt.<\/p>\n<p>\\begin{array}{|c|c|c|}\\hline<br \/>\n                 {\\textbf{Tag}} &#038;<br \/>\n                 {\\textbf{Wir}} &#038;<br \/>\n                 {\\textbf{Unser Freund}} \\\\<br \/>\n\\hline<br \/>\n\t\t1 &#038;<br \/>\n\t\t\\text{41,00 \u20ac} &#038;<br \/>\n\t\t\\text{19,00 \u20ac}  \\\\<br \/>\n\\hline<br \/>\n\t\t2 &#038;<br \/>\n\t\t\\text{34,70 \u20ac} &#038;<br \/>\n\t\t\\text{25,30 \u20ac}  \\\\<br \/>\n\\hline<br \/>\n\t\t3 &#038;<br \/>\n\t\t\\text{30,29 \u20ac} &#038;<br \/>\n\t\t\\text{29,71 \u20ac} \\\\<br \/>\n\\hline<br \/>\n                \\cdot \\cdot \\cdot &#038;<br \/>\n\t\t\\cdot \\cdot \\cdot &#038;<br \/>\n\t\t\\cdot \\cdot \\cdot \\\\<br \/>\n\\hline<br \/>\n\t\t25 &#038;<br \/>\n\t\t\\text{20,00 \u20ac} &#038;<br \/>\n\t\t\\text{40,00 \u20ac} \\\\<br \/>\n\\hline<br \/>\n\t\t26 &#038;<br \/>\n\t\t\\text{20,00 \u20ac} &#038;<br \/>\n                \\text{40,00 \u20ac} \\\\<br \/>\n\\hline<br \/>\n\\end{array}<\/p>\n<p>Ab dem 25. Tag \u00e4ndert sich an dem Geldbetrag den wir jeweils haben nichts mehr, auch wenn weiterhin die Geldanteile \u00fcbergeben werden. Wir geben unserem Freund jetzt jeden Tag 4 Euro und er gibt uns auch 4 Euro. Es hat sich jetzt trotz der weiteren t\u00e4glichen \u00dcbergabe ein Gleichgewicht eingestellt Nehmen wir dieselbe Situation, aber jetzt starten wir mit 0 Euro und unser Freund<br \/>\nmit 60 Euro. Die Geldbetr\u00e4ge \u00e4ndern sich dann wie folgt:<\/p>\n<p>\\begin{array}{|c|c|c|}\\hline<br \/>\n                 {\\textbf{Tag}} &#038;<br \/>\n                 {\\textbf{Wir}} &#038;<br \/>\n                 {\\textbf{Unser Freund}} \\\\<br \/>\n\\hline<br \/>\n\t\t1 &#038;<br \/>\n\t\t\\text{6,00 \u20ac} &#038;<br \/>\n\t\t\\text{54,00 \u20ac}  \\\\<br \/>\n\\hline<br \/>\n\t\t2 &#038;<br \/>\n\t\t\\text{10,20 \u20ac} &#038;<br \/>\n\t\t\\text{49,80 \u20ac}  \\\\<br \/>\n\\hline<br \/>\n\t\t3 &#038;<br \/>\n\t\t\\text{13,14 \u20ac} &#038;<br \/>\n\t\t\\text{46,86 \u20ac} \\\\<br \/>\n\\hline<br \/>\n                \\cdot \\cdot \\cdot &#038;<br \/>\n\t\t\\cdot \\cdot \\cdot &#038;<br \/>\n\t\t\\cdot \\cdot \\cdot \\\\<br \/>\n\\hline<br \/>\n\t\t25 &#038;<br \/>\n\t\t\\text{20,00 \u20ac} &#038;<br \/>\n\t\t\\text{40,00 \u20ac} \\\\<br \/>\n\\hline<br \/>\n\t\t26 &#038;<br \/>\n\t\t\\text{20,00 \u20ac} &#038;<br \/>\n                \\text{40,00 \u20ac} \\\\<br \/>\n\\hline<br \/>\n\\end{array}<\/p>\n<p>Nach einer gewissen Zeit haben wir wieder die selben Gelbetr\u00e4ge. Bei umkehrbaren chemischen Reaktionen verh\u00e4lt es sich genauso: es gibt eine Hin- und eine R\u00fcckreaktion, welche in bestimmten Geschwindigkeiten ablaufen. Unabh\u00e4ngig davon, mit welchen Mengen wir beginnen, liegt am Ende dasselbe Stoffmengenverh\u00e4ltnis vor.<\/p>\n<p>Betrachten wir hierf\u00fcr eine chemische Reaktion als Beispiel:<\/p>\n<p>\\begin{align*}<br \/>\nH_2+I_2 \\leftrightarrow 2 HI<br \/>\n\\end{align*}<\/p>\n<p>Bei dieser Reaktion handelt es sich um eine umkehrbare Reaktion.<\/p>\n<p>\\begin{align*}<br \/>\n\\text{Hinrekation:} \\quad H_2+I_2 \\rightarrow 2 HI \\\\<br \/>\n\\text{R\u00fcckreaktion:} \\quad 2 HI \\rightarrow H_2+I_2<br \/>\n\\end{align*}<\/p>\n<p>Beide Reaktionen laufen mit einer bestimmten Reaktionsgeschwindigkeit ab, welche unter anderem von der Konzentration der jeweiligen Edukte abh\u00e4ngt.<\/p>\n<p>\\begin{array}{ll}<br \/>\nGeschwindigkeit Hinreaktion: &#038; v_{\\text{hin}} = k_{\\text{hin}} \\cdot c(H_2) \\cdot c(I_2) \\\\<br \/>\nGeschwindigkeit R\u00fcckreaktion: &#038; v_{\\text{r\u00fcck}} = k_{\\text{r\u00fcck}} \\cdot c(HI) \\cdot c(HI) = k_{\\text{r\u00fcck}} \\cdot c(HI)^2<br \/>\n\\end{array}<\/p>\n<p>khin und kr\u00fcck sind die jeweiligen Reaktionskonstanten der Hin- und R\u00fcckreaktion. Bei der Geschwindigkeit der R\u00fcckreaktion m\u00fcssen wir beachten, dass zwei Wasserstoffiodid-Molek\u00fcle vorliegen und die Konzentration des Wasserstoffiodids daher zweimal in die Berechnung der Reaktionsgeschwindigkeit eingeht. Sobald sich eine Reaktion im Gleichgewicht befindet, sind die beiden Reaktionsgeschwindigkeiten gleich gro\u00df. Es ergibt sich daher folgender Zusammenhang:<\/p>\n<p>\\begin{array}{crcll}<br \/>\n&#038; v_{\\text{hin}} &#038; = &#038; v_{\\text{r\u00fcck}} &#038; \\\\<br \/>\n\\Rightarrow &#038; k_{\\text{hin}} \\cdot C_{\\text{GG}}({H_2}) \\cdot C_{\\text{GG}}({I_2}) &#038; = &#038; k_{\\text{r\u00fcck}} \\cdot c_{\\text{GG}}({HI})^2 &#038; |:k_{\\text{r\u00fcck}} \\\\<br \/>\n\\Leftrightarrow &#038; \\frac{k_{\\text{hin}}}{k_{\\text{r\u00fcck}}} \\cdot C_{\\text{GG}}({H_2}) \\cdot C_{\\text{GG}}({I_2}) &#038; = &#038;  C_{\\text{GG}}({HI})^2 &#038; |:\\left(C_{\\text{GG}}({H_2}) \\cdot C_{\\text{GG}}({I_2})\\right) \\\\<br \/>\n\\Leftrightarrow &#038; \\underbrace{\\frac{k_{\\text{hin}}}{k_{\\text{r\u00fcck}}}}_{=K_c} &#038; = &#038;  \\frac{C_{\\text{GG}}({HI})^2}{C_{\\text{GG}}({H_2}) \\cdot C_{\\text{GG}}({I_2})} &#038; = \\frac{C_{\\text{GG}}(\\text{Produkte})}{C_{\\text{GG}}(\\text{Edukte})}<br \/>\n\\end{array}<\/p>\n<p>Wir definieren den Bruch <em>khin<\/em>\/<em>kr\u00fcck<\/em> als Gleichgewichtskonstante Kc. Die Gleichgewichtskonstante gibt eine Aussage \u00fcber die Lage des Gleichgewichts. Mit den<br \/>\nKonzentrationen cGG in der Gleichung sind diejenigen gemeint, die vorliegen, wenn das Gleichgewicht sich eingestellt hat.<\/p>\n<p>\u00dcbertragen auf das Geldbeispiel am Anfang bedeutet das Folgendes:<br \/>\nDie 20%, die wir unserem Freund geben, entsprechen der Reaktionskonstante der Hinreaktion khin. Die 10%, welche unser Freund uns gibt, entsprechen der Reaktionskonstante der R\u00fcckreaktion kr\u00fcck.<\/p>\n<p><img decoding=\"async\" loading=\"lazy\" src=\"https:\/\/www.studyhelp.de\/online-lernen\/wp-content\/uploads\/2018\/10\/Chemisches-Gleichgewicht-Beispiel-2.jpg\" alt=\"Chemisches Gleichgewicht (Beispiel 2)\" width=\"347\" height=\"304\" class=\"aligncenter size-full wp-image-10471\" srcset=\"https:\/\/www.studyhelp.de\/online-lernen\/wp-content\/uploads\/2018\/10\/Chemisches-Gleichgewicht-Beispiel-2.jpg 347w, https:\/\/www.studyhelp.de\/online-lernen\/wp-content\/uploads\/2018\/10\/Chemisches-Gleichgewicht-Beispiel-2-300x263.jpg 300w\" sizes=\"(max-width: 347px) 100vw, 347px\" \/><\/p>\n<p>Die Konzentrationen der Edukte sind die jeweiligen Geldbetr\u00e4ge an den einzelnen Tagen, die wir besitzen und die Konzentrationen der Produkte entsprechend die Geldbetr\u00e4ge an den einzelnen Tagen, die unser Freund besitzt. Die Konzentration cGG(Edukte) im Gleichgewichtszustand sind die 20 Euro die wir am Ende unver\u00e4ndert besitzen und entsprechend cGG(Produkte) im Gleichgewicht die 40 Euro, die unser Freund am Ende unver\u00e4ndert besitzt. Zusammengefasst gilt hier also:<\/p>\n<p>\\begin{align*}<br \/>\nK_c =\\frac{20\\%}{10\\%} = \\frac{40 \\ \\text{Euro}}{20 \\ \\text{Euro}} = \\frac{C_{\\text{GG}}(\\text{Produkte})}{C_{\\text{GG}}(\\text{Edukte})}<br \/>\n\\end{align*}<\/p>\n<div class=\"box info\">\n<p>1. Bei umkehrbaren Reaktionen stellt sich irgendwann ein Gleichgewicht ein.<br \/>\n2. Im GG \u00e4ndern sich die Stoffmengen der Edukte und Produkte nicht mehr.<br \/>\n3. Die Hin- und R\u00fcckreaktion finden nach wie vor statt, \u00e4ndern jedoch an den Stoffmengen nichts mehr.<\/p>\n<\/div>\n","protected":false},"excerpt":{"rendered":"<p>Die meisten chemischen Reaktionen sind umkehrbar. Das bedeutet, dass eine Reaktion in beide Richtungen stattfindet. Bei solchen umkehrbaren Reaktionen stellt sich irgendwann ein sogenanntes chemisches Gleichgewicht ein. Dazu ein nicht-chemisches Beispiel: Wir stellen uns vor, wir haben 50 Euro und unser Freund hat 10 Euro. Wir m\u00f6chten ihn unterst\u00fctzen, indem wir ihm t\u00e4glich 20% von [&hellip;]<\/p>\n","protected":false},"author":3,"featured_media":0,"parent":9325,"menu_order":0,"comment_status":"closed","ping_status":"closed","template":"","meta":[],"categories":[54],"tags":[],"yoast_head":"<!-- This site is optimized with the Yoast SEO plugin v14.7 - https:\/\/yoast.com\/wordpress\/plugins\/seo\/ -->\n<title>Chemisches Gleichgewicht - StudyHelp Online-Lernen<\/title>\n<meta name=\"description\" content=\"Bei umkehrbaren Reaktionen stellt sich irgendwann das sogenannte chemische Gleichgewicht ein. Wie dieses entsteht zeigen wir dir anhand von Beispielen!\" \/>\n<meta name=\"robots\" content=\"index, follow\" \/>\n<meta name=\"googlebot\" content=\"index, follow, max-snippet:-1, max-image-preview:large, max-video-preview:-1\" \/>\n<meta name=\"bingbot\" content=\"index, follow, max-snippet:-1, max-image-preview:large, max-video-preview:-1\" \/>\n<link rel=\"canonical\" href=\"https:\/\/www.studyhelp.de\/online-lernen\/chemie\/chemisches-gleichgewicht\/\" \/>\n<meta property=\"og:locale\" content=\"de_DE\" \/>\n<meta property=\"og:type\" content=\"article\" \/>\n<meta property=\"og:title\" content=\"Chemisches Gleichgewicht - StudyHelp Online-Lernen\" \/>\n<meta property=\"og:description\" content=\"Bei umkehrbaren Reaktionen stellt sich irgendwann das sogenannte chemische Gleichgewicht ein. Wie dieses entsteht zeigen wir dir anhand von Beispielen!\" \/>\n<meta property=\"og:url\" content=\"https:\/\/www.studyhelp.de\/online-lernen\/chemie\/chemisches-gleichgewicht\/\" \/>\n<meta property=\"og:site_name\" content=\"StudyHelp Online-Lernen\" \/>\n<meta property=\"article:modified_time\" content=\"2018-10-09T14:14:57+00:00\" \/>\n<meta property=\"og:image\" content=\"https:\/\/www.studyhelp.de\/online-lernen\/wp-content\/uploads\/2018\/10\/Chemisches-Gleichgewicht-Beispiel.jpg\" \/>\n<meta name=\"twitter:card\" content=\"summary_large_image\" \/>\n<script type=\"application\/ld+json\" class=\"yoast-schema-graph\">{\"@context\":\"https:\/\/schema.org\",\"@graph\":[{\"@type\":\"WebSite\",\"@id\":\"https:\/\/www.studyhelp.de\/online-lernen\/#website\",\"url\":\"https:\/\/www.studyhelp.de\/online-lernen\/\",\"name\":\"StudyHelp Online-Lernen\",\"description\":\"\",\"potentialAction\":[{\"@type\":\"SearchAction\",\"target\":\"https:\/\/www.studyhelp.de\/online-lernen\/?s={search_term_string}\",\"query-input\":\"required name=search_term_string\"}],\"inLanguage\":\"de-DE\"},{\"@type\":\"ImageObject\",\"@id\":\"https:\/\/www.studyhelp.de\/online-lernen\/chemie\/chemisches-gleichgewicht\/#primaryimage\",\"inLanguage\":\"de-DE\",\"url\":\"https:\/\/www.studyhelp.de\/online-lernen\/wp-content\/uploads\/2018\/10\/Chemisches-Gleichgewicht-Beispiel.jpg\",\"width\":340,\"height\":310,\"caption\":\"Chemisches Gleichgewicht (Beispiel)\"},{\"@type\":\"WebPage\",\"@id\":\"https:\/\/www.studyhelp.de\/online-lernen\/chemie\/chemisches-gleichgewicht\/#webpage\",\"url\":\"https:\/\/www.studyhelp.de\/online-lernen\/chemie\/chemisches-gleichgewicht\/\",\"name\":\"Chemisches Gleichgewicht - StudyHelp Online-Lernen\",\"isPartOf\":{\"@id\":\"https:\/\/www.studyhelp.de\/online-lernen\/#website\"},\"primaryImageOfPage\":{\"@id\":\"https:\/\/www.studyhelp.de\/online-lernen\/chemie\/chemisches-gleichgewicht\/#primaryimage\"},\"datePublished\":\"2018-10-04T11:56:34+00:00\",\"dateModified\":\"2018-10-09T14:14:57+00:00\",\"description\":\"Bei umkehrbaren Reaktionen stellt sich irgendwann das sogenannte chemische Gleichgewicht ein. Wie dieses entsteht zeigen wir dir anhand von Beispielen!\",\"inLanguage\":\"de-DE\",\"potentialAction\":[{\"@type\":\"ReadAction\",\"target\":[\"https:\/\/www.studyhelp.de\/online-lernen\/chemie\/chemisches-gleichgewicht\/\"]}]}]}<\/script>\n<!-- \/ Yoast SEO plugin. -->","_links":{"self":[{"href":"https:\/\/www.studyhelp.de\/online-lernen\/wp-json\/wp\/v2\/pages\/10021"}],"collection":[{"href":"https:\/\/www.studyhelp.de\/online-lernen\/wp-json\/wp\/v2\/pages"}],"about":[{"href":"https:\/\/www.studyhelp.de\/online-lernen\/wp-json\/wp\/v2\/types\/page"}],"author":[{"embeddable":true,"href":"https:\/\/www.studyhelp.de\/online-lernen\/wp-json\/wp\/v2\/users\/3"}],"replies":[{"embeddable":true,"href":"https:\/\/www.studyhelp.de\/online-lernen\/wp-json\/wp\/v2\/comments?post=10021"}],"version-history":[{"count":60,"href":"https:\/\/www.studyhelp.de\/online-lernen\/wp-json\/wp\/v2\/pages\/10021\/revisions"}],"predecessor-version":[{"id":10472,"href":"https:\/\/www.studyhelp.de\/online-lernen\/wp-json\/wp\/v2\/pages\/10021\/revisions\/10472"}],"up":[{"embeddable":true,"href":"https:\/\/www.studyhelp.de\/online-lernen\/wp-json\/wp\/v2\/pages\/9325"}],"wp:attachment":[{"href":"https:\/\/www.studyhelp.de\/online-lernen\/wp-json\/wp\/v2\/media?parent=10021"}],"wp:term":[{"taxonomy":"category","embeddable":true,"href":"https:\/\/www.studyhelp.de\/online-lernen\/wp-json\/wp\/v2\/categories?post=10021"},{"taxonomy":"post_tag","embeddable":true,"href":"https:\/\/www.studyhelp.de\/online-lernen\/wp-json\/wp\/v2\/tags?post=10021"}],"curies":[{"name":"wp","href":"https:\/\/api.w.org\/{rel}","templated":true}]}}