{"id":10025,"date":"2018-10-04T13:57:21","date_gmt":"2018-10-04T11:57:21","guid":{"rendered":"https:\/\/www.studyhelp.de\/online-lernen\/?page_id=10025"},"modified":"2018-10-16T15:24:45","modified_gmt":"2018-10-16T13:24:45","slug":"beeinflussung-der-gleichgewichtslage","status":"publish","type":"page","link":"https:\/\/www.studyhelp.de\/online-lernen\/chemie\/beeinflussung-der-gleichgewichtslage\/","title":{"rendered":"Beeinflussung der Gleichgewichtslage"},"content":{"rendered":"\n<p>Das chemische Gleichgewicht kann durch verschiedene Faktoren beeinflusst werden. Diese Beeinflussung der Gleichgewichtslage zeigen in diesem Artikel auf.<\/p>\n<p>Wenn uns eine Reaktion vorliegt, bei der das Gleichgewicht stark auf der Seite der Edukte liegt, wir aber eigentlich die Produkte erzeugen wollen, ben\u00f6tigen wir enorm viele Edukte. Es gibt aber auch noch die M\u00f6glichkeit, auf das Gleichgewicht selbst einzuwirken.<\/p>\n<div class=\"box info\">\n<p>Wenn auf eine chemische Reaktion, die sich im Gleichgewicht befindet, ein \u00e4u\u00dferer Zwang ausge\u00fcbt wird, weicht das Gleichgewicht diesem Zwang aus.<br \/>\n<\/div>\n<p>Dieses Prinzip nennt man das <strong>Gesetz vom kleinsten Zwang<\/strong> oder <strong>Prinzip von Le Chatelier<\/strong>.<br \/>\nJetzt stellt sich die Frage, was ein solcher Zwang ist. Das k\u00f6nnen ganz verschiedene Einfl\u00fcsse sein. Wir k\u00f6nnen ein chemisches Gleichgewicht durch \u00c4nderung folgender Gr\u00f6\u00dfen verschieben:<\/p>\n<ul>\n<li>Druck<\/li>\n<li>Temperatur<\/li>\n<li>Konzetrnation<\/li>\n<\/ul>\n<p>Um zu verstehen, wie und warum das Gleichgewicht durch eine \u00c4nderung verschoben wird, betrachten wir die Einflussgr\u00f6\u00dfen im Folgenden genauer.<\/p>\n<h2 id=\"temperatur\" class=\"anchor\">Temperatur<\/h2>\n<p>Bei einer chemischen Reaktion kennen wir bereits die Begriffe endotherm und exotherm.<\/p>\n<p><img decoding=\"async\" loading=\"lazy\" class=\"aligncenter  wp-image-10564\" src=\"https:\/\/www.studyhelp.de\/online-lernen\/wp-content\/uploads\/2018\/10\/Beeinflussung-der-Gleichgewichtslage.jpg\" alt=\"Beeinflussung der Gleichgewichtslage\" width=\"234\" height=\"51\" \/><\/p>\n<p>Wenn die Temperatur erh\u00f6ht wird, verschiebt sich das Gleichgewicht der Reaktion hin zur endothermen Reaktion (hier nach links), da eine Temperaturerh\u00f6hung bedeutet, dass jetzt mehr Energie zur Verf\u00fcgung steht, welche \u201eaufgebraucht werden muss\u201c. Um diese Energie aufzubrauchen, l\u00e4uft die endotherme Reaktion verst\u00e4rkt ab.<\/p>\n<p><img decoding=\"async\" loading=\"lazy\" class=\"aligncenter  wp-image-10565\" src=\"https:\/\/www.studyhelp.de\/online-lernen\/wp-content\/uploads\/2018\/10\/Beeinflussung-der-Gleichgewichtslage-Temperaturerh\u00f6hung.jpg\" alt=\"Beeinflussung der Gleichgewichtslage Temperaturerh\u00f6hung\" width=\"436\" height=\"43\" \/><\/p>\n<p>Wird die Temperatur gesenkt, verschiebt sich im Gegenzug das Gleichgewicht zur exothermen Reaktion (hier nach rechts). Wird die Temperatur gesenkt, hei\u00dft das, dass weniger Energie hinzugef\u00fchrt wird. Das System m\u00f6chte das ausgleichen, indem mehr Energie erzeugt wird. Also l\u00e4uft die exotherme Reaktion verst\u00e4rkt ab.<\/p>\n<p><img decoding=\"async\" loading=\"lazy\" class=\"aligncenter  wp-image-10566\" src=\"https:\/\/www.studyhelp.de\/online-lernen\/wp-content\/uploads\/2018\/10\/Beeinflussung-der-Gleichgewichtslage-Temperatursenkung.jpg\" alt=\"Beeinflussung der Gleichgewichtslage Temperatursenkung\" width=\"429\" height=\"37\" \/><\/p>\n<h2 id=\"druck\" class=\"anchor\">Druck<\/h2>\n<p>Eine Druck\u00e4nderung wirkt sich nur auf das Gleichgewicht einer Reaktion aus, wenn Gase an der Reaktion beteiligt sind. Bei Stoffen in gasf\u00f6rmigem Zustand entfernen sich die Teilchen so weit voneinander wie m\u00f6glich. Je mehr Teilchen vorhanden sind, umso mehr Platz ben\u00f6tigen diese entsprechend. Wenn sich der Platz jetzt verringert (Druckerh\u00f6hung), wird das Gleichgewicht auf die Seite verschoben, auf der weniger Gasteilchen vorliegen.<\/p>\n<p>Das k\u00f6nnen wir mit Menschen in einem sehr kleinen Raum vergleichen. Es ist beispielsweise kein Problem, wenn zwei Personen in diesem kleinen Raum sind. Versuchen wir jetzt aber sieben Personen in demselben Raum unterzubringen, wird das durchaus unangenehm und jeder w\u00fcrde gerne fl\u00fcchten. Genauso verh\u00e4lt es sich bei den Gasteilchen auch und die Reaktion l\u00e4uft in die Richtung ab, bei<br \/>\nder weniger Teilchen sich den kleinen Raum teilen m\u00fcssen.<\/p>\n<p>Wird jetzt der Druck allerdings gesenkt, steht mehr Platz f\u00fcr die Teilchen zur Verf\u00fcgung. In diesem Fall wird das Gleichgewicht in die Richtung verschoben, auf der mehr Gasteilchen vorhanden sind. Machen wir auch hier wieder den Vergleich mit mehreren Menschen in einem Raum: Wir stellen uns vor, dass wir alleine in einem riesigen Saal stehen. Da wir uns hier aber einsam f\u00fchlen, holen wir all unsere Freunde dazu.<\/p>\n<p>Wir betrachten das Ganze jetzt noch an einer Beispielreaktion: Stickstoff und Wasserstoff reagieren zu Ammoniak.<\/p>\n<p><img decoding=\"async\" loading=\"lazy\" class=\"aligncenter  wp-image-10567\" src=\"https:\/\/www.studyhelp.de\/online-lernen\/wp-content\/uploads\/2018\/10\/Druck.jpg\" alt=\"Druck\" width=\"196\" height=\"29\" \/><\/p>\n<p>Auf der linken Seite haben wir ein Stickstoff-Molek\u00fcl und drei WasserstoffMolek\u00fcle, auf der rechten Seite stehen zwei Ammoniak-Molek\u00fcle. Alle an dieser Reaktion beteiligten Molek\u00fcle sind gasf\u00f6rmig. Das bedeutet, dass auf der linken Seite insgesamt vier Gasteilchen sind und auf der rechten nur zwei. Was passiert jetzt, wenn wir den Druck erh\u00f6hen?<\/p>\n<p>Eine Druckerh\u00f6hung l\u00f6st aus, dass weniger Platz zur Verf\u00fcgung steht. Die vier Teilchen auf der linken Seite werden im Vergleich zu den zwei Teilchen auf der rechten Seite extrem eingeengt. Das Gleichgewicht verschiebt sich somit auf die Seite, auf der die Teilchen weniger eingeengt sind (die rechte Seite). Analog dazu wird das Gleichgewicht bei Drucksenkung nach links verschoben.<\/p>\n<h2 id=\"konzentrationk\" class=\"anchor\">Konzentration<\/h2>\n<p>Eine letzte M\u00f6glichkeit, das Gleichgewicht einer chemischen Reaktion zu verschieben, ist die \u00c4nderung von Konzentrationen. Betrachten wir dieselbe Reaktion wie bei der Druck\u00e4nderung:<br \/>\n<img decoding=\"async\" loading=\"lazy\" class=\"aligncenter  wp-image-10568\" src=\"https:\/\/www.studyhelp.de\/online-lernen\/wp-content\/uploads\/2018\/10\/Konzentration.jpg\" alt=\"Konzentration\" width=\"196\" height=\"33\" \/><\/p>\n<p>Hier liegt das Gleichgewicht stark auf der linken Seite (vgl. erste Beispiel \u2013 Berechnungen mit dem MWG). Wenn wir jetzt Ammoniak herstellen wollen, ist es nicht von Vorteil, wenn die Reaktion kaum abl\u00e4uft. Wie k\u00f6nnen wir das Gleichgewicht also auf die rechte Seite verschieben?<\/p>\n<p>Erh\u00f6hen wir die Konzentration eines Eduktes, beispielsweise des Stickstoffs, versucht das System diesem \u00dcberschuss an Stickstoff auszuweichen, indem die Reaktion so verst\u00e4rkt abl\u00e4uft, dass der \u00fcbersch\u00fcssige Stickstoff abgebaut wird.<\/p>\n<p>Also wird die Reaktion auf die rechte Seite verschoben. Es ist auch m\u00f6glich, die Konzentration des entstehenden Ammoniaks immer wieder zu verringern, indem wir das entstandene Ammoniak aus der Reaktion entfernen. Dann w\u00fcrde ein Ammoniakmangel vorliegen, welcher ausgeglichen werden muss. Auch hier wird das Gleichgewicht nach rechts verschoben, weil die Reaktion in diese Richtung verst\u00e4rkt abl\u00e4uft, in der wieder mehr Ammoniak hergestellt wird um den Mangel auszugleichen.<\/p>\n<h2 id=\"katalysator\" class=\"anchor\">Katalysator<\/h2>\n<p>Wenn wir einen Katalysator bei einer Gleichgewichtsreaktion einsetzen, wird die Lage des Gleichgewichts nicht ver\u00e4ndert. Mit dem Einsatz eines Katalysators k\u00f6nnen wir nur die Reaktionsgeschwindigkeit erh\u00f6hen, sodass sich das Gleichgewicht schneller einstellt.<\/p>\n<h2 id=\"\u00fcbersicht-der-gleichgewichtsverschiebung\" class=\"anchor\">\u00dcbersicht der Gleichgewichtsverschiebungen<\/h2>\n<p><img decoding=\"async\" loading=\"lazy\" class=\"aligncenter  wp-image-10569\" src=\"https:\/\/www.studyhelp.de\/online-lernen\/wp-content\/uploads\/2018\/10\/\u00dcbersicht-der-Gleichgewichtsverschiebungen.jpg\" alt=\"\u00dcbersicht der Gleichgewichtsverschiebungen\" width=\"697\" height=\"393\" \/><\/p>\n","protected":false},"excerpt":{"rendered":"<p>Das chemische Gleichgewicht kann durch verschiedene Faktoren beeinflusst werden. Diese Beeinflussung der Gleichgewichtslage zeigen in diesem Artikel auf. Wenn uns eine Reaktion vorliegt, bei der das Gleichgewicht stark auf der Seite der Edukte liegt, wir aber eigentlich die Produkte erzeugen wollen, ben\u00f6tigen wir enorm viele Edukte. Es gibt aber auch noch die M\u00f6glichkeit, auf das [&hellip;]<\/p>\n","protected":false},"author":3,"featured_media":0,"parent":9325,"menu_order":0,"comment_status":"closed","ping_status":"closed","template":"","meta":[],"categories":[54],"tags":[],"yoast_head":"<!-- This site is optimized with the Yoast SEO plugin v14.7 - https:\/\/yoast.com\/wordpress\/plugins\/seo\/ -->\n<title>Beeinflussung der Gleichgewichtslage [Chemie] - StudyHelp Online-Lernen<\/title>\n<meta name=\"description\" content=\"Das chemische Gleichgewicht kann durch verschiedene Faktoren beeinflusst werden. Diese Beeinflussung der Gleichgewichtslage zeigen in diesem Artikel auf.\" \/>\n<meta name=\"robots\" content=\"index, follow\" \/>\n<meta name=\"googlebot\" content=\"index, follow, max-snippet:-1, max-image-preview:large, max-video-preview:-1\" \/>\n<meta name=\"bingbot\" content=\"index, follow, max-snippet:-1, max-image-preview:large, max-video-preview:-1\" \/>\n<link rel=\"canonical\" href=\"https:\/\/www.studyhelp.de\/online-lernen\/chemie\/beeinflussung-der-gleichgewichtslage\/\" \/>\n<meta property=\"og:locale\" content=\"de_DE\" \/>\n<meta property=\"og:type\" content=\"article\" \/>\n<meta property=\"og:title\" content=\"Beeinflussung der Gleichgewichtslage [Chemie] - StudyHelp Online-Lernen\" \/>\n<meta property=\"og:description\" content=\"Das chemische Gleichgewicht kann durch verschiedene Faktoren beeinflusst werden. Diese Beeinflussung der Gleichgewichtslage zeigen in diesem Artikel auf.\" \/>\n<meta property=\"og:url\" content=\"https:\/\/www.studyhelp.de\/online-lernen\/chemie\/beeinflussung-der-gleichgewichtslage\/\" \/>\n<meta property=\"og:site_name\" content=\"StudyHelp Online-Lernen\" \/>\n<meta property=\"article:modified_time\" content=\"2018-10-16T13:24:45+00:00\" \/>\n<meta property=\"og:image\" content=\"https:\/\/www.studyhelp.de\/online-lernen\/wp-content\/uploads\/2018\/10\/Beeinflussung-der-Gleichgewichtslage.jpg\" \/>\n<meta name=\"twitter:card\" content=\"summary_large_image\" \/>\n<script type=\"application\/ld+json\" class=\"yoast-schema-graph\">{\"@context\":\"https:\/\/schema.org\",\"@graph\":[{\"@type\":\"WebSite\",\"@id\":\"https:\/\/www.studyhelp.de\/online-lernen\/#website\",\"url\":\"https:\/\/www.studyhelp.de\/online-lernen\/\",\"name\":\"StudyHelp Online-Lernen\",\"description\":\"\",\"potentialAction\":[{\"@type\":\"SearchAction\",\"target\":\"https:\/\/www.studyhelp.de\/online-lernen\/?s={search_term_string}\",\"query-input\":\"required name=search_term_string\"}],\"inLanguage\":\"de-DE\"},{\"@type\":\"ImageObject\",\"@id\":\"https:\/\/www.studyhelp.de\/online-lernen\/chemie\/beeinflussung-der-gleichgewichtslage\/#primaryimage\",\"inLanguage\":\"de-DE\",\"url\":\"https:\/\/www.studyhelp.de\/online-lernen\/wp-content\/uploads\/2018\/10\/Beeinflussung-der-Gleichgewichtslage.jpg\",\"width\":317,\"height\":69,\"caption\":\"Beeinflussung der Gleichgewichtslage\"},{\"@type\":\"WebPage\",\"@id\":\"https:\/\/www.studyhelp.de\/online-lernen\/chemie\/beeinflussung-der-gleichgewichtslage\/#webpage\",\"url\":\"https:\/\/www.studyhelp.de\/online-lernen\/chemie\/beeinflussung-der-gleichgewichtslage\/\",\"name\":\"Beeinflussung der Gleichgewichtslage [Chemie] - StudyHelp Online-Lernen\",\"isPartOf\":{\"@id\":\"https:\/\/www.studyhelp.de\/online-lernen\/#website\"},\"primaryImageOfPage\":{\"@id\":\"https:\/\/www.studyhelp.de\/online-lernen\/chemie\/beeinflussung-der-gleichgewichtslage\/#primaryimage\"},\"datePublished\":\"2018-10-04T11:57:21+00:00\",\"dateModified\":\"2018-10-16T13:24:45+00:00\",\"description\":\"Das chemische Gleichgewicht kann durch verschiedene Faktoren beeinflusst werden. Diese Beeinflussung der Gleichgewichtslage zeigen in diesem Artikel auf.\",\"inLanguage\":\"de-DE\",\"potentialAction\":[{\"@type\":\"ReadAction\",\"target\":[\"https:\/\/www.studyhelp.de\/online-lernen\/chemie\/beeinflussung-der-gleichgewichtslage\/\"]}]}]}<\/script>\n<!-- \/ Yoast SEO plugin. -->","_links":{"self":[{"href":"https:\/\/www.studyhelp.de\/online-lernen\/wp-json\/wp\/v2\/pages\/10025"}],"collection":[{"href":"https:\/\/www.studyhelp.de\/online-lernen\/wp-json\/wp\/v2\/pages"}],"about":[{"href":"https:\/\/www.studyhelp.de\/online-lernen\/wp-json\/wp\/v2\/types\/page"}],"author":[{"embeddable":true,"href":"https:\/\/www.studyhelp.de\/online-lernen\/wp-json\/wp\/v2\/users\/3"}],"replies":[{"embeddable":true,"href":"https:\/\/www.studyhelp.de\/online-lernen\/wp-json\/wp\/v2\/comments?post=10025"}],"version-history":[{"count":10,"href":"https:\/\/www.studyhelp.de\/online-lernen\/wp-json\/wp\/v2\/pages\/10025\/revisions"}],"predecessor-version":[{"id":10767,"href":"https:\/\/www.studyhelp.de\/online-lernen\/wp-json\/wp\/v2\/pages\/10025\/revisions\/10767"}],"up":[{"embeddable":true,"href":"https:\/\/www.studyhelp.de\/online-lernen\/wp-json\/wp\/v2\/pages\/9325"}],"wp:attachment":[{"href":"https:\/\/www.studyhelp.de\/online-lernen\/wp-json\/wp\/v2\/media?parent=10025"}],"wp:term":[{"taxonomy":"category","embeddable":true,"href":"https:\/\/www.studyhelp.de\/online-lernen\/wp-json\/wp\/v2\/categories?post=10025"},{"taxonomy":"post_tag","embeddable":true,"href":"https:\/\/www.studyhelp.de\/online-lernen\/wp-json\/wp\/v2\/tags?post=10025"}],"curies":[{"name":"wp","href":"https:\/\/api.w.org\/{rel}","templated":true}]}}