{"id":10029,"date":"2018-10-04T13:58:07","date_gmt":"2018-10-04T11:58:07","guid":{"rendered":"https:\/\/www.studyhelp.de\/online-lernen\/?page_id=10029"},"modified":"2018-10-16T15:22:37","modified_gmt":"2018-10-16T13:22:37","slug":"saeure-base-chemie","status":"publish","type":"page","link":"https:\/\/www.studyhelp.de\/online-lernen\/chemie\/saeure-base-chemie\/","title":{"rendered":"S\u00e4ure-Base-Chemie"},"content":{"rendered":"<p>S\u00e4uren und Basen haben wir bereits in der Mittelstufe kennengelernt. Als kleine Wiederholung hier noch einmal die Definition nach Br\u00f8nstedt:<\/p>\n<div class=\"box info\">\n<ul>\n<li>S\u00e4uren sind Stoffe, die Protonen (H+) abgeben und werden daher auch Protonendonatoren genannt.<\/li>\n<li>Basen sind Stoffe, die Protonen (H+) aufnehmen und werden daher auch Protonenakzeptoren genannt.<\/li>\n<li>Eine S\u00e4ure-Base-Reaktion ist eine chemische Reaktion, bei der ein Protonen\u00fcbergang von der S\u00e4ure zur Base stattfindet.<\/li>\n<li>Eine Protolyse ist eine chemische Reaktion, bei der ein Proton von einer S\u00e4ure auf eine Base \u00fcbergeht.<\/li>\n<\/ul>\n<\/div>\n<p>Wichtig: Eine S\u00e4ure kann nur Protonen abgeben, wenn sie jemand aufnimmt (eine Base) und andersherum.<\/p>\n<p>Bei einer S\u00e4ure-Base-Reaktion wird aus jeder S\u00e4ure eine korrespondierende Base und aus jeder Base eine korrespondierende S\u00e4ure.<\/p>\n<p><img decoding=\"async\" loading=\"lazy\" src=\"https:\/\/www.studyhelp.de\/online-lernen\/wp-content\/uploads\/2018\/10\/S\u00e4uren-und-Basen.jpg\" alt=\"S\u00e4uren und Basen\" width=\"610\" height=\"159\" class=\"aligncenter size-full wp-image-10581\" \/><\/p>\n<p><strong>Beispiel:<\/strong> Schwefels\u00e4ure und Ammoniak<\/p>\n<p><img decoding=\"async\" loading=\"lazy\" src=\"https:\/\/www.studyhelp.de\/online-lernen\/wp-content\/uploads\/2018\/10\/S\u00e4uren-und-Basen-2.jpg\" alt=\"S\u00e4uren und Basen 2\" width=\"603\" height=\"48\" class=\"aligncenter size-full wp-image-10582\" \/><\/p>\n<p>Die zur Schwefels\u00e4ure korrespondierende Base HSO\u2212 4 hat noch ein Proton, welches sie abgeben kann, daher kann sie als S\u00e4ure weiterreagieren.<\/p>\n<p><img decoding=\"async\" loading=\"lazy\" src=\"https:\/\/www.studyhelp.de\/online-lernen\/wp-content\/uploads\/2018\/10\/S\u00e4uren-und-Basen-3.jpg\" alt=\"S\u00e4uren und Basen 3\" width=\"585\" height=\"47\" class=\"aligncenter size-full wp-image-10583\" \/><\/p>\n<p>Da Schwefels\u00e4ure zweimal als S\u00e4ure reagieren kann und daher insgesamt zwei Protonen abgibt, nennen wir sie eine zweiprotonige S\u00e4ure. Die in der ersten Reaktion entstandene, korrespondierende Base HSO\u2212 4 ist ein besonderer Stoff, da er als Base und als S\u00e4ure reagieren kann.<\/p>\n<p>Wenn ein Stoff sowohl als S\u00e4ure als auch als Base reagieren kann, also Protonen abgeben und aufnehmen kann, nennt man diesen Stoff einen Ampholyt. Ob dieser Stoff als S\u00e4ure oder Base reagiert, h\u00e4ngt vom Reaktionspartner ab. Ein klassisches Beispiel f\u00fcr ein Ampholyt ist Wasser.<\/p>\n<p><img decoding=\"async\" loading=\"lazy\" src=\"https:\/\/www.studyhelp.de\/online-lernen\/wp-content\/uploads\/2018\/10\/S\u00e4uren-und-Basen-4.jpg\" alt=\"S\u00e4uren und Basen 4\" width=\"595\" height=\"342\" class=\"aligncenter size-full wp-image-10584\" \/><\/p>\n<p>Ein solcher Ampholyt kann auch mit sich selbst reagieren. Dieser Vorgang hei\u00dft \\textbf{Autoprotolyse}. Betrachten wir das bei dem Ampholyt Wasser:<\/p>\n<p><img decoding=\"async\" loading=\"lazy\" src=\"https:\/\/www.studyhelp.de\/online-lernen\/wp-content\/uploads\/2018\/10\/Ampholyt.jpg\" alt=\"Ampholyt\" width=\"1136\" height=\"62\" class=\"aligncenter size-full wp-image-10585\" \/><\/p>\n","protected":false},"excerpt":{"rendered":"<p>S\u00e4uren und Basen haben wir bereits in der Mittelstufe kennengelernt. Als kleine Wiederholung hier noch einmal die Definition nach Br\u00f8nstedt: Wichtig: Eine S\u00e4ure kann nur Protonen abgeben, wenn sie jemand aufnimmt (eine Base) und andersherum. Bei einer S\u00e4ure-Base-Reaktion wird aus jeder S\u00e4ure eine korrespondierende Base und aus jeder Base eine korrespondierende S\u00e4ure. Beispiel: Schwefels\u00e4ure und [&hellip;]<\/p>\n","protected":false},"author":3,"featured_media":0,"parent":9325,"menu_order":0,"comment_status":"closed","ping_status":"closed","template":"","meta":[],"categories":[54],"tags":[],"yoast_head":"<!-- This site is optimized with the Yoast SEO plugin v14.7 - https:\/\/yoast.com\/wordpress\/plugins\/seo\/ -->\n<title>S\u00e4ure-Base-Chemie - StudyHelp Online-Lernen<\/title>\n<meta name=\"description\" content=\"Bei einer S\u00e4ure-Base-Reaktion wird aus jeder S\u00e4ure eine korrespondierende Base und aus jeder Base eine korrespondierende S\u00e4ure.\" \/>\n<meta name=\"robots\" content=\"index, follow\" \/>\n<meta name=\"googlebot\" content=\"index, follow, max-snippet:-1, max-image-preview:large, max-video-preview:-1\" \/>\n<meta name=\"bingbot\" content=\"index, follow, max-snippet:-1, max-image-preview:large, max-video-preview:-1\" \/>\n<link rel=\"canonical\" href=\"https:\/\/www.studyhelp.de\/online-lernen\/chemie\/saeure-base-chemie\/\" \/>\n<meta property=\"og:locale\" content=\"de_DE\" \/>\n<meta property=\"og:type\" content=\"article\" \/>\n<meta property=\"og:title\" content=\"S\u00e4ure-Base-Chemie - StudyHelp Online-Lernen\" \/>\n<meta property=\"og:description\" content=\"Bei einer S\u00e4ure-Base-Reaktion wird aus jeder S\u00e4ure eine korrespondierende Base und aus jeder Base eine korrespondierende S\u00e4ure.\" \/>\n<meta property=\"og:url\" content=\"https:\/\/www.studyhelp.de\/online-lernen\/chemie\/saeure-base-chemie\/\" \/>\n<meta property=\"og:site_name\" content=\"StudyHelp Online-Lernen\" \/>\n<meta property=\"article:modified_time\" content=\"2018-10-16T13:22:37+00:00\" \/>\n<meta property=\"og:image\" content=\"https:\/\/www.studyhelp.de\/online-lernen\/wp-content\/uploads\/2018\/10\/S\u00e4uren-und-Basen.jpg\" \/>\n<meta name=\"twitter:card\" content=\"summary_large_image\" \/>\n<script type=\"application\/ld+json\" class=\"yoast-schema-graph\">{\"@context\":\"https:\/\/schema.org\",\"@graph\":[{\"@type\":\"WebSite\",\"@id\":\"https:\/\/www.studyhelp.de\/online-lernen\/#website\",\"url\":\"https:\/\/www.studyhelp.de\/online-lernen\/\",\"name\":\"StudyHelp Online-Lernen\",\"description\":\"\",\"potentialAction\":[{\"@type\":\"SearchAction\",\"target\":\"https:\/\/www.studyhelp.de\/online-lernen\/?s={search_term_string}\",\"query-input\":\"required name=search_term_string\"}],\"inLanguage\":\"de-DE\"},{\"@type\":\"ImageObject\",\"@id\":\"https:\/\/www.studyhelp.de\/online-lernen\/chemie\/saeure-base-chemie\/#primaryimage\",\"inLanguage\":\"de-DE\",\"url\":\"https:\/\/www.studyhelp.de\/online-lernen\/wp-content\/uploads\/2018\/10\/S\\u00e4uren-und-Basen.jpg\",\"width\":610,\"height\":159,\"caption\":\"S\\u00e4uren und Basen\"},{\"@type\":\"WebPage\",\"@id\":\"https:\/\/www.studyhelp.de\/online-lernen\/chemie\/saeure-base-chemie\/#webpage\",\"url\":\"https:\/\/www.studyhelp.de\/online-lernen\/chemie\/saeure-base-chemie\/\",\"name\":\"S\\u00e4ure-Base-Chemie - StudyHelp Online-Lernen\",\"isPartOf\":{\"@id\":\"https:\/\/www.studyhelp.de\/online-lernen\/#website\"},\"primaryImageOfPage\":{\"@id\":\"https:\/\/www.studyhelp.de\/online-lernen\/chemie\/saeure-base-chemie\/#primaryimage\"},\"datePublished\":\"2018-10-04T11:58:07+00:00\",\"dateModified\":\"2018-10-16T13:22:37+00:00\",\"description\":\"Bei einer S\\u00e4ure-Base-Reaktion wird aus jeder S\\u00e4ure eine korrespondierende Base und aus jeder Base eine korrespondierende S\\u00e4ure.\",\"inLanguage\":\"de-DE\",\"potentialAction\":[{\"@type\":\"ReadAction\",\"target\":[\"https:\/\/www.studyhelp.de\/online-lernen\/chemie\/saeure-base-chemie\/\"]}]}]}<\/script>\n<!-- \/ Yoast SEO plugin. -->","_links":{"self":[{"href":"https:\/\/www.studyhelp.de\/online-lernen\/wp-json\/wp\/v2\/pages\/10029"}],"collection":[{"href":"https:\/\/www.studyhelp.de\/online-lernen\/wp-json\/wp\/v2\/pages"}],"about":[{"href":"https:\/\/www.studyhelp.de\/online-lernen\/wp-json\/wp\/v2\/types\/page"}],"author":[{"embeddable":true,"href":"https:\/\/www.studyhelp.de\/online-lernen\/wp-json\/wp\/v2\/users\/3"}],"replies":[{"embeddable":true,"href":"https:\/\/www.studyhelp.de\/online-lernen\/wp-json\/wp\/v2\/comments?post=10029"}],"version-history":[{"count":3,"href":"https:\/\/www.studyhelp.de\/online-lernen\/wp-json\/wp\/v2\/pages\/10029\/revisions"}],"predecessor-version":[{"id":10586,"href":"https:\/\/www.studyhelp.de\/online-lernen\/wp-json\/wp\/v2\/pages\/10029\/revisions\/10586"}],"up":[{"embeddable":true,"href":"https:\/\/www.studyhelp.de\/online-lernen\/wp-json\/wp\/v2\/pages\/9325"}],"wp:attachment":[{"href":"https:\/\/www.studyhelp.de\/online-lernen\/wp-json\/wp\/v2\/media?parent=10029"}],"wp:term":[{"taxonomy":"category","embeddable":true,"href":"https:\/\/www.studyhelp.de\/online-lernen\/wp-json\/wp\/v2\/categories?post=10029"},{"taxonomy":"post_tag","embeddable":true,"href":"https:\/\/www.studyhelp.de\/online-lernen\/wp-json\/wp\/v2\/tags?post=10029"}],"curies":[{"name":"wp","href":"https:\/\/api.w.org\/{rel}","templated":true}]}}