{"id":10031,"date":"2018-10-04T13:58:53","date_gmt":"2018-10-04T11:58:53","guid":{"rendered":"https:\/\/www.studyhelp.de\/online-lernen\/?page_id=10031"},"modified":"2018-10-12T09:42:00","modified_gmt":"2018-10-12T07:42:00","slug":"ph-wert-bestimmen","status":"publish","type":"page","link":"https:\/\/www.studyhelp.de\/online-lernen\/chemie\/ph-wert-bestimmen\/","title":{"rendered":"pH-Wert Bestimmen"},"content":{"rendered":"\n<p>Um die St\u00e4rke einer S\u00e4ure bzw. einer Base einsch\u00e4tzen zu k\u00f6nnen, ben\u00f6tigen wir den sogenannten pH-Wert. Der pH-Wert errechnet sich durch den negativ dekadischen Logarithmus der Oxoniumionen. Hier ein Beispiel:<\/p>\n<p>Wenn die Konzentration der Oxoniumionen (H3O+) beispielsweise bei c = 0,01 mol=L liegt, dann k\u00f6nnen wir den pH-Wert berechnen, indem wir auf die Konzentration zun\u00e4chst den Zehnerlogarithmus (lg) anwenden und anschlie\u00dfend noch das Vorzeichen \u00e4ndern.<\/p>\n<p>\\begin{align*}<br \/>\n\\lg(0{,}01) = \\lg(10^{-2}) = -2<br \/>\n\\end{align*}<\/p>\n<p>Nun das Vorzeichen \u00e4ndern und wir erhalten pH= 2.<\/p>\n<p>Wenn wir den pH-Wert einer L\u00f6sung kennen, k\u00f6nnen wir sofort sagen, ob es sich um eine saure oder eine basische L\u00f6sung handelt. Dazu folgende \u00dcbersicht:<\/p>\n<div class=\"box info\">\n<ul>\n<li>pH < 7 saure L\u00f6sung<\/li>\n<li>pH = 7 neutrale L\u00f6sung<\/li>\n<li>pH > 7 basische\/alkalische L\u00f6sung<\/li>\n<\/ul>\n<\/div>\n<p>Diese Einsch\u00e4tzung der L\u00f6sungen leiten wir aus dem Ionenprodukt des Wassers ab. Hier spielt das chemische Gleichgewicht wieder eine wichtige Rolle. Bei der Autoprotolyse des Wassers handelt es sich um eine Gleichgewichtsreaktion, bei der sich das Autoprotolysegleichgewicht sehr schnell einstellt und das Gleichgewicht stark auf der linken Seite (beim Wasser) liegt. Mithilfe des MWG k\u00f6nnen wir nun die Gleichgewichtskonstante hierf\u00fcr berechnen:<\/p>\n<p>\\begin{align*}<br \/>\nK = \\frac{c({H_3O^{+}}) \\cdot c({OH^{-}})}{c({H_2O})^2}<br \/>\n\\end{align*}<\/p>\n<p>Da das Gleichgewicht so stark auf der linken Seite liegt, \u00e4ndert sich die Konzentration des Wassers fast nicht, weshalb man sagen kann, dass sie quasi konstant ist. Diese Konstante verrechnen wir dann mit der Gleichgewichtskonstante zu einer neuen Konstante, das Ionenprodukt des Wassers.<\/p>\n<p>\\begin{align*}<br \/>\n\\begin{array}{crcll}<br \/>\n&#038; K &#038; =  &#038; \\frac{c({H_3O^{+}}) \\cdot c({OH^{-}})}{c({H_2O})^2} &#038; |\\cdot c({H_2O})^2 \\\\<br \/>\n\\Leftrightarrow &#038; K \\cdot c({H_2O})^2  &#038; = &#038; c({H_3O^{+}}) \\cdot c({OH^{-}}) &#038; |\\ \\text{Setze } K \\cdot c({H_2O})^2 = K_\\text{W} \\\\<br \/>\n\\Rightarrow &#038; K_\\text{W} &#038; = &#038; c({H_3O^{+}}) \\cdot c({OH^{-}}) &#038; \\text{Ionenprodukt des Wassers}<br \/>\n\\end{array}<br \/>\n\\end{align*}<\/p>\n<div class=\"box info\">\n<p>\\begin{align*}<br \/>\n\\text{Das Ionenprodukt des Wassers} \\ K_\\text{W} \\text{ist f\u00fcr alle verd\u00fcnnten w\u00e4ssrigen L\u00f6sungen bei 25\u00b0C immer} \\ K_\\text{W} = 10^{-14} \\ \\frac{{mol}^2}{{L}^2}$.<br \/>\n\\end{align*}<br \/>\n<\/div>\n<p>Hieraus k\u00f6nnen wir die Konzentrationen der Oxoniumionen und der Hydroxidionenbestimmen:<br \/>\n\\begin{align*}<br \/>\nK_\\text{W} = 10^{-14} \\ \\frac{{mol}^2}{{L}^2} = c({H_3O^{+}}) \\cdot c({OH^{-}})<br \/>\n\\end{align*}<\/p>\n<p>Da die Konzentration der Oxoniumionen bei der Autoprotolyse gleich der Konzentration der Hydroxidionen ist, k\u00f6nnen wir folgende Gleichung ansetzen:<\/p>\n<p>\\begin{align*}<br \/>\n\\begin{array}{crcll}<br \/>\n&#038; 10^{-14} &#038; = &#038; c({H_3O^{+}}) \\cdot c({H_3O^{+}}) &#038; \\\\<br \/>\n\\Leftrightarrow &#038; 10^{-14} &#038; = &#038; c({H_3O^{+}})^2  &#038; | \\ \\sqrt{ } \\\\<br \/>\n\\Rightarrow &#038; \\sqrt{10^{-14}} &#038; = &#038; \\sqrt{c({H_3O^{+}})^2}  &#038;  \\\\<br \/>\n\\Leftrightarrow &#038; 10^{-7} &#038; = &#038; c({H_3O^{+}}) = c({OH^{-}}) &#038;<br \/>\n\\end{array}<br \/>\n\\end{align*}<\/p>\n<p>Wenn wir jetzt hier anhand der Konzentration der Oxoniumionen den pH-Wert berechnen, erhalten wir pH = 7, was genau dem Wert f\u00fcr eine neutrale L\u00f6sung in der \u00dcbersicht von zuvor entspricht.<\/p>\n","protected":false},"excerpt":{"rendered":"<p>Um die St\u00e4rke einer S\u00e4ure bzw. einer Base einsch\u00e4tzen zu k\u00f6nnen, ben\u00f6tigen wir den sogenannten pH-Wert. Der pH-Wert errechnet sich durch den negativ dekadischen Logarithmus der Oxoniumionen. Hier ein Beispiel: Wenn die Konzentration der Oxoniumionen (H3O+) beispielsweise bei c = 0,01 mol=L liegt, dann k\u00f6nnen wir den pH-Wert berechnen, indem wir auf die Konzentration zun\u00e4chst [&hellip;]<\/p>\n","protected":false},"author":3,"featured_media":0,"parent":9325,"menu_order":0,"comment_status":"closed","ping_status":"closed","template":"","meta":[],"categories":[54],"tags":[],"yoast_head":"<!-- This site is optimized with the Yoast SEO plugin v14.7 - https:\/\/yoast.com\/wordpress\/plugins\/seo\/ -->\n<title>pH-Wert bestimmen verst\u00e4ndlich erkl\u00e4rt! - StudyHelp Online-Lernen<\/title>\n<meta name=\"description\" content=\"Um die St\u00e4rke einer S\u00e4ure bzw. einer Base einsch\u00e4tzen zu k\u00f6nnen, ben\u00f6tigen wir den sogenannten pH-Wert. Der pH-Wert errechnet sich durch..\" \/>\n<meta name=\"robots\" content=\"index, follow\" \/>\n<meta name=\"googlebot\" content=\"index, follow, max-snippet:-1, max-image-preview:large, max-video-preview:-1\" \/>\n<meta name=\"bingbot\" content=\"index, follow, max-snippet:-1, max-image-preview:large, max-video-preview:-1\" \/>\n<link rel=\"canonical\" href=\"https:\/\/www.studyhelp.de\/online-lernen\/chemie\/ph-wert-bestimmen\/\" \/>\n<meta property=\"og:locale\" content=\"de_DE\" \/>\n<meta property=\"og:type\" content=\"article\" \/>\n<meta property=\"og:title\" content=\"pH-Wert bestimmen verst\u00e4ndlich erkl\u00e4rt! - StudyHelp Online-Lernen\" \/>\n<meta property=\"og:description\" content=\"Um die St\u00e4rke einer S\u00e4ure bzw. einer Base einsch\u00e4tzen zu k\u00f6nnen, ben\u00f6tigen wir den sogenannten pH-Wert. Der pH-Wert errechnet sich durch..\" \/>\n<meta property=\"og:url\" content=\"https:\/\/www.studyhelp.de\/online-lernen\/chemie\/ph-wert-bestimmen\/\" \/>\n<meta property=\"og:site_name\" content=\"StudyHelp Online-Lernen\" \/>\n<meta property=\"article:modified_time\" content=\"2018-10-12T07:42:00+00:00\" \/>\n<meta name=\"twitter:card\" content=\"summary_large_image\" \/>\n<script type=\"application\/ld+json\" class=\"yoast-schema-graph\">{\"@context\":\"https:\/\/schema.org\",\"@graph\":[{\"@type\":\"WebSite\",\"@id\":\"https:\/\/www.studyhelp.de\/online-lernen\/#website\",\"url\":\"https:\/\/www.studyhelp.de\/online-lernen\/\",\"name\":\"StudyHelp Online-Lernen\",\"description\":\"\",\"potentialAction\":[{\"@type\":\"SearchAction\",\"target\":\"https:\/\/www.studyhelp.de\/online-lernen\/?s={search_term_string}\",\"query-input\":\"required name=search_term_string\"}],\"inLanguage\":\"de-DE\"},{\"@type\":\"WebPage\",\"@id\":\"https:\/\/www.studyhelp.de\/online-lernen\/chemie\/ph-wert-bestimmen\/#webpage\",\"url\":\"https:\/\/www.studyhelp.de\/online-lernen\/chemie\/ph-wert-bestimmen\/\",\"name\":\"pH-Wert bestimmen verst\\u00e4ndlich erkl\\u00e4rt! - StudyHelp Online-Lernen\",\"isPartOf\":{\"@id\":\"https:\/\/www.studyhelp.de\/online-lernen\/#website\"},\"datePublished\":\"2018-10-04T11:58:53+00:00\",\"dateModified\":\"2018-10-12T07:42:00+00:00\",\"description\":\"Um die St\\u00e4rke einer S\\u00e4ure bzw. einer Base einsch\\u00e4tzen zu k\\u00f6nnen, ben\\u00f6tigen wir den sogenannten pH-Wert. Der pH-Wert errechnet sich durch..\",\"inLanguage\":\"de-DE\",\"potentialAction\":[{\"@type\":\"ReadAction\",\"target\":[\"https:\/\/www.studyhelp.de\/online-lernen\/chemie\/ph-wert-bestimmen\/\"]}]}]}<\/script>\n<!-- \/ Yoast SEO plugin. -->","_links":{"self":[{"href":"https:\/\/www.studyhelp.de\/online-lernen\/wp-json\/wp\/v2\/pages\/10031"}],"collection":[{"href":"https:\/\/www.studyhelp.de\/online-lernen\/wp-json\/wp\/v2\/pages"}],"about":[{"href":"https:\/\/www.studyhelp.de\/online-lernen\/wp-json\/wp\/v2\/types\/page"}],"author":[{"embeddable":true,"href":"https:\/\/www.studyhelp.de\/online-lernen\/wp-json\/wp\/v2\/users\/3"}],"replies":[{"embeddable":true,"href":"https:\/\/www.studyhelp.de\/online-lernen\/wp-json\/wp\/v2\/comments?post=10031"}],"version-history":[{"count":16,"href":"https:\/\/www.studyhelp.de\/online-lernen\/wp-json\/wp\/v2\/pages\/10031\/revisions"}],"predecessor-version":[{"id":10603,"href":"https:\/\/www.studyhelp.de\/online-lernen\/wp-json\/wp\/v2\/pages\/10031\/revisions\/10603"}],"up":[{"embeddable":true,"href":"https:\/\/www.studyhelp.de\/online-lernen\/wp-json\/wp\/v2\/pages\/9325"}],"wp:attachment":[{"href":"https:\/\/www.studyhelp.de\/online-lernen\/wp-json\/wp\/v2\/media?parent=10031"}],"wp:term":[{"taxonomy":"category","embeddable":true,"href":"https:\/\/www.studyhelp.de\/online-lernen\/wp-json\/wp\/v2\/categories?post=10031"},{"taxonomy":"post_tag","embeddable":true,"href":"https:\/\/www.studyhelp.de\/online-lernen\/wp-json\/wp\/v2\/tags?post=10031"}],"curies":[{"name":"wp","href":"https:\/\/api.w.org\/{rel}","templated":true}]}}