{"id":10033,"date":"2018-10-04T13:59:13","date_gmt":"2018-10-04T11:59:13","guid":{"rendered":"https:\/\/www.studyhelp.de\/online-lernen\/?page_id=10033"},"modified":"2019-05-27T09:37:32","modified_gmt":"2019-05-27T07:37:32","slug":"pks-und-pkb-werte","status":"publish","type":"page","link":"https:\/\/www.studyhelp.de\/online-lernen\/chemie\/pks-und-pkb-werte\/","title":{"rendered":"pKs- und pKb-Werte"},"content":{"rendered":"\n<p>Wenn wir zwei verschiedene S\u00e4uren mit der gleichen Konzentration betrachten, so k\u00f6nnen diese trotzdem verschiedene pH-Werte aufweisen. Warum ist das so?<\/p>\n<p>Das liegt daran, dass manche S\u00e4uren st\u00e4rker sind als andere, also leichter ihre Protonen abgeben k\u00f6nnen. Nat\u00fcrlich gibt es auch hier eine Gr\u00f6\u00dfe, welche uns dar\u00fcber Aufschluss gibt.<\/p>\n<p>Es handelt sich dabei um die S\u00e4urekonstante KS bzw. den pKS-Wert. Die S\u00e4urekonstante leitet sich, genau wie das Ionenprodukt des Wassers, aus dem MWG her und ist ein Ma\u00df daf\u00fcr, wie \u201egerne\u201c eine S\u00e4ure ein Proton an Wasser abgibt.<\/p>\n<p><img decoding=\"async\" loading=\"lazy\" class=\"aligncenter wp-image-11814\" src=\"https:\/\/www.studyhelp.de\/online-lernen\/wp-content\/uploads\/2019\/02\/pks.jpg\" alt=\"pks\" width=\"312\" height=\"29\" srcset=\"https:\/\/www.studyhelp.de\/online-lernen\/wp-content\/uploads\/2019\/02\/pks.jpg 625w, https:\/\/www.studyhelp.de\/online-lernen\/wp-content\/uploads\/2019\/02\/pks-300x28.jpg 300w\" sizes=\"(max-width: 312px) 100vw, 312px\" \/><\/p>\n<p>Wenden wir hier wieder das MWG an, erhalten wir die folgende Gleichgewichtskonstante:<\/p>\n<p>\\begin{align*}<br \/>\nK = \\frac{c({H_3O^{+}}) \\cdot c({A^{-}})}{c({HA}) \\cdot c({H_2O})}<br \/>\n\\end{align*}<\/p>\n<p>Auch hier k\u00f6nnen wir, wie bei dem Ionenprodukt des Wassers, die Konzentration des Wassers als ann\u00e4hernd konstant betrachten (da so viel vorhanden ist, dass sich bei der geringen S\u00e4uremenge die Konzentration des Wassers kaum \u00e4ndert) und sie mit der Gleichgewichtskonstanten verrechnen:<\/p>\n<p>\\begin{align*}<br \/>\n\\begin{array}{crcll}<br \/>\n&amp; K &amp; = &amp; \\frac{c({H_3O^{+}}) \\cdot c({A^{-}})}{c({HA}) \\cdot c({H_2O})} &amp; |\\cdot c({H_2O}) \\\\ \\\\<br \/>\n\\Leftrightarrow &amp; K \\cdot c({H_2O}) &amp; = &amp; \\frac{c({H_3O^{+}}) \\cdot c({A^{-}})}{c({HA})} &amp; |\\ \\text{Setze } K \\cdot c({H_2O}) = K_\\text{S} \\\\ \\\\<br \/>\n\\Rightarrow &amp; K_\\text{S} &amp; = &amp; \\frac{c({H_3O^{+}}) \\cdot c({A^{-}})}{c({HA})} &amp; \\text{S\u00e4urekonstante}<br \/>\n\\end{array}<br \/>\n\\end{align*}<\/p>\n<p>Wenn wir jetzt, wie bei der pH-Wert-Berechnung, den negativ dekadischen Logarithmus auf die S\u00e4urekonstante anwenden, erhalten wir den pKS-Wert. Auf dieselbe Weise k\u00f6nnen wir als Ma\u00df f\u00fcr die St\u00e4rke einer Base den pKB-Wert angeben. Der Wert ist dabei ein Ma\u00df daf\u00fcr, wie \u201egerne\u201c eine Base ein Proton von Wasser aufnimmt.<\/p>\n<p>Mithilfe der pKS- und pKB-Werte k\u00f6nnen wir nun verschiedene S\u00e4uren bzw. Basen bez\u00fcglich ihrer St\u00e4rke vergleichen.<\/p>\n<div class=\"box info\">\n<ul>\n<li>Je kleiner der pKS-Wert, umso st\u00e4rker ist die S\u00e4ure.<\/li>\n<li>Je kleiner der pKB-Wert, umso st\u00e4rker ist die Base.<\/li>\n<\/ul>\n<\/div><br \/>\nAnhand der folgenden Tabelle k\u00f6nnen wir einige wichtige S\u00e4uren und Basen miteinander vergleichen.<\/p>\n<p>\\begin{array}{|c|c|c|c|}\\hline<br \/>\n{pK_\\textbf{S}} &amp;<br \/>\n{\\textbf{S\u00e4ure}} &amp;<br \/>\n{\\textbf{Korrespondierende Base}} &amp;<br \/>\n{pK_\\textbf{B}} \\\\<br \/>\n\\hline<br \/>\n{\\text{Vollst\u00e4ndige Protonenabgabe}} &amp;<br \/>\n{HCIO_4} &amp;<br \/>\n{CIO_4^{-}} &amp;<br \/>\n{\\text{Keine Protonenaufnahme}} \\\\<br \/>\n\\hline<br \/>\n{\\text{Vollst\u00e4ndige Protonenabgabe}} &amp;<br \/>\n{HI} &amp;<br \/>\n{I^{-}} &amp;<br \/>\n{\\text{Keine Protonenaufnahme}} \\\\<br \/>\n\\hline<br \/>\n{\\text{Vollst\u00e4ndige Protonenabgabe}} &amp;<br \/>\n{HCI} &amp;<br \/>\n{CI^{-}} &amp;<br \/>\n{\\text{Keine Protonenaufnahme}} \\\\<br \/>\n\\hline<br \/>\n{\\text{Vollst\u00e4ndige Protonenabgabe}} &amp;<br \/>\n{H_2SO_4} &amp;<br \/>\n{HSO_4^{-}} &amp;<br \/>\n{\\text{Keine Protonenaufnahme}} \\\\<br \/>\n\\hline<br \/>\n-1,74 &amp;<br \/>\n{H_3O^{+}} &amp;<br \/>\n{H_2O} &amp;<br \/>\n15,74 \\\\<br \/>\n\\hline<br \/>\n-1,32 &amp;<br \/>\n{HNO_3} &amp;<br \/>\n{NO_3^{-}} &amp;<br \/>\n15,32 \\\\<br \/>\n\\hline<br \/>\n1,92 &amp;<br \/>\n{HSO_4^{-}} &amp;<br \/>\n{SO_4^{2-}} &amp;<br \/>\n12,08 \\\\<br \/>\n\\hline<br \/>\n2,13 &amp;<br \/>\n{H_3PO_4} &amp;<br \/>\n{H_2PO_4^{-}} &amp;<br \/>\n11,87 \\\\<br \/>\n\\hline<br \/>\n3,14 &amp;<br \/>\n{HF} &amp;<br \/>\n{F^{-}} &amp;<br \/>\n10,86 \\\\<br \/>\n\\hline<br \/>\n3,35 &amp;<br \/>\n{HNO_2} &amp;<br \/>\n{NO_2^{-}} &amp;<br \/>\n10,65 \\\\<br \/>\n\\hline<br \/>\n3,75 &amp;<br \/>\n{HCOOH} &amp;<br \/>\n{HCOO^{-}} &amp;<br \/>\n10,25 \\\\<br \/>\n\\hline<br \/>\n4,75 &amp;<br \/>\n{CH_3COOH} &amp;<br \/>\n{CH_3COO^{-}} &amp;<br \/>\n9,25 \\\\<br \/>\n\\hline<br \/>\n6,52 &amp;<br \/>\n{H_2CO_3} &amp;<br \/>\n{HCO_3^{-}} &amp;<br \/>\n7,48 \\\\<br \/>\n\\hline<br \/>\n6,92 &amp;<br \/>\n{H_2S} &amp;<br \/>\n{HS^{-}} &amp;<br \/>\n7,08 \\\\<br \/>\n\\hline<br \/>\n7,00 &amp;<br \/>\n{HSO_3^{-}} &amp;<br \/>\n{SO_3^{2-}} &amp;<br \/>\n7,00 \\\\<br \/>\n\\hline<br \/>\n7,20 &amp;<br \/>\n{H_2PO_4^{-}} &amp;<br \/>\n{HPO_4^{2-}} &amp;<br \/>\n6,80 \\\\<br \/>\n\\hline<br \/>\n9,25 &amp;<br \/>\n{NH_4^{+}} &amp;<br \/>\n{NH_3} &amp;<br \/>\n4,75 \\\\<br \/>\n\\hline<br \/>\n9,40 &amp;<br \/>\n{HCN} &amp;<br \/>\n{CN^{-}} &amp;<br \/>\n4,60 \\\\<br \/>\n\\hline<br \/>\n10,40 &amp;<br \/>\n{HCO_3^{-}} &amp;<br \/>\n{CO_3^{2-}} &amp;<br \/>\n3,60 \\\\<br \/>\n\\hline<br \/>\n12,36 &amp;<br \/>\n{HPO_4^{2-}} &amp;<br \/>\n{PO_4^{2-}} &amp;<br \/>\n1,64 \\\\<br \/>\n\\hline<br \/>\n13,00 &amp;<br \/>\n{HS^{-}} &amp;<br \/>\n{S^{2-}} &amp;<br \/>\n1,00 \\\\<br \/>\n\\hline<br \/>\n15,74 &amp;<br \/>\n{H_2O} &amp;<br \/>\n{OH^{-}} &amp;<br \/>\n-1,74 \\\\<br \/>\n\\hline<br \/>\n{\\text{Keine Protonenabgabe}} &amp;<br \/>\n{C_2H_5OH} &amp;<br \/>\n{CC_2H_5O^{-}} &amp;<br \/>\n{\\text{Vollst\u00e4ndige Protonenaufnahme}} \\\\<br \/>\n\\hline<br \/>\n{\\text{Keine Protonenabgabe}} &amp;<br \/>\n{NH_3} &amp;<br \/>\n{NH_2^{-}} &amp;<br \/>\n{\\text{Vollst\u00e4ndige Protonenaufnahme}} \\\\<br \/>\n\\hline<br \/>\n{\\text{Keine Protonenabgabe}} &amp;<br \/>\n{OH^{-}} &amp;<br \/>\n{O^{2-}} &amp;<br \/>\n{\\text{Vollst\u00e4ndige Protonenaufnahme}} \\\\<br \/>\n\\hline<br \/>\n{\\text{Keine Protonenabgabe}} &amp;<br \/>\n{H_2} &amp;<br \/>\n{H^{-}} &amp;<br \/>\n{\\text{Vollst\u00e4ndige Protonenaufnahme}} \\\\<br \/>\n\\hline<br \/>\n\\end{array}<\/p>\n<p>Die oberen vier S\u00e4uren geben ihre Protonen vollst\u00e4ndig ab, das hei\u00dft es findet eine vollst\u00e4ndige Protolyse statt (wir k\u00f6nnen auch sagen, dass die S\u00e4ure vollst\u00e4ndig dissoziiert). Das Gleichgewicht liegt daher auf der rechten Seite. Je weiter man in der Tabelle nach unten geht, umso gr\u00f6\u00dfer werden die pKS-Werte und daher umso schw\u00e4cher die S\u00e4uren. In der Tabelle sind auch jeweils die korrespondierendenS\u00e4ure-Base-Paare angegeben.<\/p>\n<p>Es wird deutlich, dass die korrespondierende Base schw\u00e4cher ist, je st\u00e4rker eine S\u00e4ure ist. Genauso gilt es umgekehrt: Je st\u00e4rker eine Base ist, desto schw\u00e4cher ist die korrespondierende S\u00e4ure.<\/p>\n<p>Zwischen dem pKS-Wert einer S\u00e4ure und dem pKB-Wert der korrespondierendenBase besteht sogar ein ganz bestimmter Zusammenhang:<\/p>\n<p><img decoding=\"async\" loading=\"lazy\" class=\"aligncenter  wp-image-10628\" src=\"https:\/\/www.studyhelp.de\/online-lernen\/wp-content\/uploads\/2018\/10\/pKs-und-pKb-Werte-Formel.jpg\" alt=\"pKs- und pKb-Werte Formel\" width=\"671\" height=\"64\" srcset=\"https:\/\/www.studyhelp.de\/online-lernen\/wp-content\/uploads\/2018\/10\/pKs-und-pKb-Werte-Formel.jpg 1351w, https:\/\/www.studyhelp.de\/online-lernen\/wp-content\/uploads\/2018\/10\/pKs-und-pKb-Werte-Formel-300x29.jpg 300w, https:\/\/www.studyhelp.de\/online-lernen\/wp-content\/uploads\/2018\/10\/pKs-und-pKb-Werte-Formel-768x73.jpg 768w, https:\/\/www.studyhelp.de\/online-lernen\/wp-content\/uploads\/2018\/10\/pKs-und-pKb-Werte-Formel-1024x98.jpg 1024w\" sizes=\"(max-width: 671px) 100vw, 671px\" \/><\/p>\n<p>Wenden wir hier den negativ dekadischen Logarithmus an, erhalten wir:<\/p>\n<p>\\begin{align*}<br \/>\npK_\\text{S} + pK_\\text{B}=14<br \/>\n\\end{align*}<\/p>\n<p>Ist also der pKS-Wert einer S\u00e4ure bekannt, k\u00f6nnen wir mithilfe der Formel den pKB-Wert der korrespondierenden Base berechnen.<\/p>\n<p>Betrachten wir die Basen in der Tabelle, so k\u00f6nnen wir sehen, dass die unteren vier Basen sehr stark sind, da diese Protonen vollst\u00e4ndig aufnehmen. Das bedeutet, dass alle Base-Teilchen ein Proton aufnehmen.<\/p>\n<p>Jetzt k\u00f6nnen wir uns fragen, warum das so wichtig ist, ob eine S\u00e4ure bzw. Base nun stark oder schwach ist. Das wird vor allem dann wichtig, wenn wir den pH-Wert einer L\u00f6sung berechnen m\u00f6chten. Dazu m\u00fcssen wir die pKS- und die pKB-Werte richtig einordnen k\u00f6nnen.<\/p>\n<p>Um die St\u00e4rke von S\u00e4uren und Basen richtig einzuordnen, sind folgende Werte f\u00fcr uns relevant:<br \/>\n\\begin{align*}<br \/>\n\\begin{array}{ll|ll}<br \/>\npK_\\text{S}&lt;1,5 &amp; starke \\ S\u00e4ure &amp; \\quad pK_\\text{B}&lt;1,5 &amp; starke \\ Base \\\\<br \/>\n1,5 &lt; pK_\\text{S} &lt; 4,75 &amp; mittelstarke \\ S\u00e4ure &amp; \\quad 1,5 &lt; pK_\\text{B} &lt; 4,75 &amp; mittelstarke \\ Base \\\\ pK_\\text{S} &gt; 4,75 &amp; schwache \\ S\u00e4ure &amp; \\quad pK_\\text{B} &gt; 4,75 &amp; schwache \\ Base<br \/>\n\\end{array}<br \/>\n\\end{align*}<\/p>\n<h2 id=\"ph-wert-berechnung\" class=\"anchor\">pH-Wert-Berechnung von S\u00e4uren und Basen verschiedener St\u00e4rken<\/h2>\n<h3 id=\"starke-s\u00e4uren\" class=\"anchor\">Starke S\u00e4uren<\/h3>\n<p>Wenn der pKS-Wert einer S\u00e4ure kleiner als 1,5 ist, so handelt es sich um eine starke S\u00e4ure. Dann k\u00f6nnen wir davon ausgehen, dass die Protolyse nahezu vollst\u00e4ndig verl\u00e4uft. Daher geben alle S\u00e4ureteilchen ihre Protonen an das Wasser ab, wodurch die Konzentration der Oxoniumionen ann\u00e4hernd die gleiche wie die anf\u00e4ngliche S\u00e4urekonzentration ist.<\/p>\n<p>Den pH-Wert k\u00f6nnen wir also folgenderma\u00dfen berechnen:<\/p>\n<p>\\begin{align*}<br \/>\npH =-\\lg\\left( c({H_3O^{+}}) \\right) =-\\lg\\left( c_0({HA}) \\right)<br \/>\n\\end{align*}<\/p>\n<h3 id=\"schwache-s\u00e4uren\" class=\"anchor\">Schwache S\u00e4uren<\/h3>\n<p>Bei schwachen S\u00e4uren geben nur sehr wenige S\u00e4ureteilchen ihr Proton an das Wasser ab. Daher \u00e4ndert sich die Konzentration der S\u00e4ure durch die Protolyse fast nicht, also c(HA) \u2248 c0(HA). Die Konzentration der Oxoniumionen ist hier allerdings genauso gro\u00df wie die Konzentration der entstehenden korrespondierenden Base, da f\u00fcr jedes S\u00e4ureteilchen, das ein Proton abgibt, ein Oxoniumion und ein Teilchen der korrespondierenden Base entstehen, also c(H3O+) = c(A\u2212). Setzt man diese beiden Zusammenh\u00e4nge in das MWG ein, so erh\u00e4lt man folgende Gleichung:<\/p>\n<p>\\begin{align*}<br \/>\n\\begin{array}{crcll}<br \/>\n&amp; K_\\text{S} &amp; = &amp; \\frac{c({A^{-}}) \\cdot c({H_3O^{+}})}{c_0({HA})} &amp; \\\\<br \/>\n\\Leftrightarrow &amp; K_\\text{S} &amp; = &amp; \\frac{c({H_3O^{+}})^2}{c_0({HA})} &amp; |\\cdot c_0({HA})<br \/>\n\\end{array}<br \/>\n\\end{align*}<\/p>\n<p>Um den pH-Wert zu ermitteln, ben\u00f6tigen wir die Konzentration der Oxoniumionen, also l\u00f6sen wir die Gleichung nach der Konzentration auf:<\/p>\n<p>\\begin{align*}<br \/>\n\\begin{array}{crcll}<br \/>\n&amp; c({H_3O^{+}})^2 &amp; = &amp; K_\\text{S} \\cdot c_0({HA}) &amp; |\\ \\sqrt{ } \\\\<br \/>\n\\Leftrightarrow &amp; c({H_3O^{+}}) &amp; = &amp; \\sqrt{K_\\text{S} \\cdot c_0({HA})} &amp; |\\ \\text{neg. Logarithmus anwenden} \\\\<br \/>\n\\Rightarrow &amp; \\text{pH} &amp; = &amp; -\\lg\\left (\\sqrt{K_\\text{S} \\cdot c_0({HA})} \\right) &amp; \\\\<br \/>\n&amp; &amp; = &amp; -\\frac{1}{2} \\cdot \\lg \\left( K_\\text{S} \\cdot c_0({HA}) \\right) &amp;<br \/>\n\\end{array}<br \/>\n\\end{align*}<\/p>\n<p>Den pH-Wert k\u00f6nnen wir also folgenderma\u00dfen berechnen:<\/p>\n<p>\\begin{align*}<br \/>\npH =\\frac{1}{2} \\cdot \\left( \\text{p}K_\\text{S} &#8211; lg \\ (c_0({HA}) \\right))<br \/>\n\\end{align*}<\/p>\n<h3 id=\"starke-basen\" class=\"anchor\">Starke Basen<\/h3>\n<p>Bei starken Basen k\u00f6nnen wir quasi die gleiche Formel verwenden wie bei starken S\u00e4uren. Achtung: Wenn wir den negativ dekadischen Logarithmus der Anfangskonzentration der Base berechnen, erhalten wir nicht den pH-Wert, sondern den pOH-Wert, da bei der Reaktion einer Base mit Wasser keine Oxoniumionen entstehen, sondern Hydroxidionen. Dies ist aber kein Problem, denn mithilfe des pOH-Wertes k\u00f6nnen wir den pH-Wert berechnen, n\u00e4mlich wieder mithilfe des Ionenprodukts des Wassers. Denn daraus ergibt sich folgender Zusammenhang zwischen pH und pOH:<br \/>\n\\begin{align*}<br \/>\n\\text{pH } + \\text{ pOH } = 14<br \/>\n\\end{align*}<\/p>\n<p>So l\u00e4sst sich der pH-Wert bei starken Basen folgenderma\u00dfen berechnen:<br \/>\n\\begin{align*}<br \/>\npH =14 + \\lg \\left( c_0({A^{-}}) \\right)<br \/>\n\\end{align*}<\/p>\n<h3 id=\"schwache-basen\" class=\"anchor\">Schwache Basen<\/h3>\n<p>Auch bei schwachen Basen funktioniert die pH-Wert-Berechnung mit derselben Formel wie bei schwachen S\u00e4uren, nur, dass wir wieder aufpassen m\u00fcssen, dass dadurch zun\u00e4chst der pOH-Wert berechnet wird. Daraus berechnen wir noch den pH-Wert. Hier ergibt sich folgende Formel:<\/p>\n<p>\\begin{align*}<br \/>\npH =14 &#8211; \\frac{1}{2} \\cdot \\left( \\text{p}K_\\text{S} &#8211; c_0({HA}) \\right)<br \/>\n\\end{align*}<\/p>\n","protected":false},"excerpt":{"rendered":"<p>Wenn wir zwei verschiedene S\u00e4uren mit der gleichen Konzentration betrachten, so k\u00f6nnen diese trotzdem verschiedene pH-Werte aufweisen. Warum ist das so? Das liegt daran, dass manche S\u00e4uren st\u00e4rker sind als andere, also leichter ihre Protonen abgeben k\u00f6nnen. Nat\u00fcrlich gibt es auch hier eine Gr\u00f6\u00dfe, welche uns dar\u00fcber Aufschluss gibt. Es handelt sich dabei um die [&hellip;]<\/p>\n","protected":false},"author":3,"featured_media":0,"parent":9325,"menu_order":0,"comment_status":"closed","ping_status":"closed","template":"","meta":[],"categories":[54],"tags":[],"yoast_head":"<!-- This site is optimized with the Yoast SEO plugin v14.7 - https:\/\/yoast.com\/wordpress\/plugins\/seo\/ -->\n<title>pKs- und pKb-Werte berechnen - StudyHelp Online-Lernen<\/title>\n<meta name=\"description\" content=\"Merke dir: Je kleiner der pKS-Wert, umso st\u00e4rker ist die S\u00e4ure - Je kleiner der pKB-Wert, umso st\u00e4rker ist die Base. Die Berechnung der pks- und pkb-Werte..\" \/>\n<meta name=\"robots\" content=\"index, follow\" \/>\n<meta name=\"googlebot\" content=\"index, follow, max-snippet:-1, max-image-preview:large, max-video-preview:-1\" \/>\n<meta name=\"bingbot\" content=\"index, follow, max-snippet:-1, max-image-preview:large, max-video-preview:-1\" \/>\n<link rel=\"canonical\" href=\"https:\/\/www.studyhelp.de\/online-lernen\/chemie\/pks-und-pkb-werte\/\" \/>\n<meta property=\"og:locale\" content=\"de_DE\" \/>\n<meta property=\"og:type\" content=\"article\" \/>\n<meta property=\"og:title\" content=\"pKs- und pKb-Werte berechnen - StudyHelp Online-Lernen\" \/>\n<meta property=\"og:description\" content=\"Merke dir: Je kleiner der pKS-Wert, umso st\u00e4rker ist die S\u00e4ure - Je kleiner der pKB-Wert, umso st\u00e4rker ist die Base. Die Berechnung der pks- und pkb-Werte..\" \/>\n<meta property=\"og:url\" content=\"https:\/\/www.studyhelp.de\/online-lernen\/chemie\/pks-und-pkb-werte\/\" \/>\n<meta property=\"og:site_name\" content=\"StudyHelp Online-Lernen\" \/>\n<meta property=\"article:modified_time\" content=\"2019-05-27T07:37:32+00:00\" \/>\n<meta property=\"og:image\" content=\"https:\/\/www.studyhelp.de\/online-lernen\/wp-content\/uploads\/2019\/02\/pks.jpg\" \/>\n<meta name=\"twitter:card\" content=\"summary_large_image\" \/>\n<script type=\"application\/ld+json\" class=\"yoast-schema-graph\">{\"@context\":\"https:\/\/schema.org\",\"@graph\":[{\"@type\":\"WebSite\",\"@id\":\"https:\/\/www.studyhelp.de\/online-lernen\/#website\",\"url\":\"https:\/\/www.studyhelp.de\/online-lernen\/\",\"name\":\"StudyHelp Online-Lernen\",\"description\":\"\",\"potentialAction\":[{\"@type\":\"SearchAction\",\"target\":\"https:\/\/www.studyhelp.de\/online-lernen\/?s={search_term_string}\",\"query-input\":\"required name=search_term_string\"}],\"inLanguage\":\"de-DE\"},{\"@type\":\"ImageObject\",\"@id\":\"https:\/\/www.studyhelp.de\/online-lernen\/chemie\/pks-und-pkb-werte\/#primaryimage\",\"inLanguage\":\"de-DE\",\"url\":\"https:\/\/www.studyhelp.de\/online-lernen\/wp-content\/uploads\/2019\/02\/pks.jpg\",\"width\":625,\"height\":58,\"caption\":\"pks\"},{\"@type\":\"WebPage\",\"@id\":\"https:\/\/www.studyhelp.de\/online-lernen\/chemie\/pks-und-pkb-werte\/#webpage\",\"url\":\"https:\/\/www.studyhelp.de\/online-lernen\/chemie\/pks-und-pkb-werte\/\",\"name\":\"pKs- und pKb-Werte berechnen - StudyHelp Online-Lernen\",\"isPartOf\":{\"@id\":\"https:\/\/www.studyhelp.de\/online-lernen\/#website\"},\"primaryImageOfPage\":{\"@id\":\"https:\/\/www.studyhelp.de\/online-lernen\/chemie\/pks-und-pkb-werte\/#primaryimage\"},\"datePublished\":\"2018-10-04T11:59:13+00:00\",\"dateModified\":\"2019-05-27T07:37:32+00:00\",\"description\":\"Merke dir: Je kleiner der pKS-Wert, umso st\\u00e4rker ist die S\\u00e4ure - Je kleiner der pKB-Wert, umso st\\u00e4rker ist die Base. Die Berechnung der pks- und pkb-Werte..\",\"inLanguage\":\"de-DE\",\"potentialAction\":[{\"@type\":\"ReadAction\",\"target\":[\"https:\/\/www.studyhelp.de\/online-lernen\/chemie\/pks-und-pkb-werte\/\"]}]}]}<\/script>\n<!-- \/ Yoast SEO plugin. -->","_links":{"self":[{"href":"https:\/\/www.studyhelp.de\/online-lernen\/wp-json\/wp\/v2\/pages\/10033"}],"collection":[{"href":"https:\/\/www.studyhelp.de\/online-lernen\/wp-json\/wp\/v2\/pages"}],"about":[{"href":"https:\/\/www.studyhelp.de\/online-lernen\/wp-json\/wp\/v2\/types\/page"}],"author":[{"embeddable":true,"href":"https:\/\/www.studyhelp.de\/online-lernen\/wp-json\/wp\/v2\/users\/3"}],"replies":[{"embeddable":true,"href":"https:\/\/www.studyhelp.de\/online-lernen\/wp-json\/wp\/v2\/comments?post=10033"}],"version-history":[{"count":43,"href":"https:\/\/www.studyhelp.de\/online-lernen\/wp-json\/wp\/v2\/pages\/10033\/revisions"}],"predecessor-version":[{"id":13263,"href":"https:\/\/www.studyhelp.de\/online-lernen\/wp-json\/wp\/v2\/pages\/10033\/revisions\/13263"}],"up":[{"embeddable":true,"href":"https:\/\/www.studyhelp.de\/online-lernen\/wp-json\/wp\/v2\/pages\/9325"}],"wp:attachment":[{"href":"https:\/\/www.studyhelp.de\/online-lernen\/wp-json\/wp\/v2\/media?parent=10033"}],"wp:term":[{"taxonomy":"category","embeddable":true,"href":"https:\/\/www.studyhelp.de\/online-lernen\/wp-json\/wp\/v2\/categories?post=10033"},{"taxonomy":"post_tag","embeddable":true,"href":"https:\/\/www.studyhelp.de\/online-lernen\/wp-json\/wp\/v2\/tags?post=10033"}],"curies":[{"name":"wp","href":"https:\/\/api.w.org\/{rel}","templated":true}]}}