{"id":10035,"date":"2018-10-04T14:01:38","date_gmt":"2018-10-04T12:01:38","guid":{"rendered":"https:\/\/www.studyhelp.de\/online-lernen\/?page_id=10035"},"modified":"2021-05-27T12:59:47","modified_gmt":"2021-05-27T10:59:47","slug":"puffer-stoffgemisch","status":"publish","type":"page","link":"https:\/\/www.studyhelp.de\/online-lernen\/chemie\/puffer-stoffgemisch\/","title":{"rendered":"Puffer (Stoffgemisch)"},"content":{"rendered":"\n<p>Ein Puffer ist ein Stoffgemisch, welches seinen pH-Wert bei Zugabe von S\u00e4uren oder Basen deutlich weniger \u00e4ndert als in ungepufferten Systemen. Puffer sind oft Stoffgemische aus schwachen S\u00e4uren und ihrer konjugierten Base oder aus schwachen Basen mit ihrer konjugierten S\u00e4ure.<\/p>\n<p>Vergleichen wir die pH-Wert-\u00c4nderung von einem Liter Wasser, wenn 0,1 mol Salzs\u00e4ure hinzugegeben werden und von einem Liter Essigs\u00e4ure-Acetat-Pufferl\u00f6sung, bei derselben Stoffmengenzugabe.<\/p>\n<table style=\"width: 100%;\">\n<tbody>\n<tr>\n<th>0,1 mol Salzs\u00e4ure in 1L Wasser<\/th>\n<th>0,1 mol Salzs\u00e4ure in 1L Essigs\u00e4ure-Acetat-Puffer<\/th>\n<\/tr>\n<tr>\n<td>pH-Wert \u00e4ndert sich von pH = 7 auf pH = 1 $\\Rightarrow$ Gro\u00dfe pH-\u00c4nderung<\/td>\n<td>pH-Wert \u00e4ndert sich von pH = 4,5 auf pH = 4,7 $\\Rightarrow$ kaum eine pH-\u00c4nderung<\/td>\n<\/tr>\n<\/tbody>\n<\/table>\n<p>Der pH-Wert bleibt bei Pufferl\u00f6sungen also relativ stabil. Das bedeutet, die Wirkung der S\u00e4uren bzw. Basen wird durch den Puffer geschw\u00e4cht. Damit ein Puffer den pH-Wert konstant halten kann, muss er also selbst mit den S\u00e4uren bzw. Basen reagieren.<br \/>\nSchauen wir uns den Essigs\u00e4ure-Acetat-Puffer mal genauer an. Hier werden Essigs\u00e4ure (CH3COOH) und ihre konjugierte Base, das Acetat (CH3COO\u2212) im Verh\u00e4ltnis 1:1 zusammengemischt. Hier k\u00f6nnen wir auch die Reaktionsgleichung des Protolysegleichgewichts aufstellen:<br \/>\n<img decoding=\"async\" loading=\"lazy\" class=\"aligncenter size-full wp-image-10671\" src=\"https:\/\/www.studyhelp.de\/online-lernen\/wp-content\/uploads\/2018\/10\/Puffer.jpg\" alt=\"Puffer\" width=\"561\" height=\"42\" srcset=\"https:\/\/www.studyhelp.de\/online-lernen\/wp-content\/uploads\/2018\/10\/Puffer.jpg 561w, https:\/\/www.studyhelp.de\/online-lernen\/wp-content\/uploads\/2018\/10\/Puffer-300x22.jpg 300w\" sizes=\"(max-width: 561px) 100vw, 561px\" \/><\/p>\n<p>Mit dieser Gleichung und dem Wissen \u00fcber Gleichgewichtsreaktionen und die Verschiebung des Gleichgewichts k\u00f6nnen wir nun die Pufferwirkung erkl\u00e4ren:<\/p>\n<p><strong>1. Zugabe von S\u00e4uren<\/strong><br \/>\nGeben wir zu der Pufferl\u00f6sung eine S\u00e4ure hinzu, entstehen mehr H3O+-Ionen. Das hei\u00dft, die Konzentration auf der rechten Seite wird erh\u00f6ht und durch das Prinzip von Le Chatelier wird dadurch das Gleichgewicht auf die linke Seite verschoben und die R\u00fcckreaktion l\u00e4uft verst\u00e4rkt ab.<\/p>\n<p><img decoding=\"async\" loading=\"lazy\" class=\"aligncenter size-full wp-image-10672\" src=\"https:\/\/www.studyhelp.de\/online-lernen\/wp-content\/uploads\/2018\/10\/Zugabe-von-S\u00e4uren-Puffer.jpg\" alt=\"Zugabe von S\u00e4uren (Puffer)\" width=\"565\" height=\"50\" srcset=\"https:\/\/www.studyhelp.de\/online-lernen\/wp-content\/uploads\/2018\/10\/Zugabe-von-S\u00e4uren-Puffer.jpg 565w, https:\/\/www.studyhelp.de\/online-lernen\/wp-content\/uploads\/2018\/10\/Zugabe-von-S\u00e4uren-Puffer-300x27.jpg 300w\" sizes=\"(max-width: 565px) 100vw, 565px\" \/><br \/>\nDie zus\u00e4tzlichen Oxoniumionen werden abgebaut und die Konzentration \u00e4ndert sich kaum. Wenn die Konzentration der Oxoniumionen sich nur kaum ver\u00e4ndert, ver\u00e4ndert sich auch der pH-Wert nur kaum.<\/p>\n<p><strong>2. Zugabe von Basen<\/strong><br \/>\nGeben wir zu der Pufferl\u00f6sung eine Base hinzu, entstehen mehr OH-Ionen. Diese reagieren mit der Essigs\u00e4ure.<br \/>\n<img decoding=\"async\" loading=\"lazy\" class=\"aligncenter size-full wp-image-10673\" src=\"https:\/\/www.studyhelp.de\/online-lernen\/wp-content\/uploads\/2018\/10\/Zugabe-von-Basen-Puffer.jpg\" alt=\"Zugabe von Basen (Puffer)\" width=\"560\" height=\"35\" srcset=\"https:\/\/www.studyhelp.de\/online-lernen\/wp-content\/uploads\/2018\/10\/Zugabe-von-Basen-Puffer.jpg 560w, https:\/\/www.studyhelp.de\/online-lernen\/wp-content\/uploads\/2018\/10\/Zugabe-von-Basen-Puffer-300x19.jpg 300w\" sizes=\"(max-width: 560px) 100vw, 560px\" \/><\/p>\n<p>Die Hydroxidionen werden durch die Essigs\u00e4ure fast vollst\u00e4ndig abgebaut und reagieren daher nicht mit den H3O+-Ionen. Daher \u00e4ndert sich diese Konzentration quasi nicht und daher auch der pH-Wert nicht.<\/p>\n<p><img decoding=\"async\" loading=\"lazy\" class=\"aligncenter size-full wp-image-10674\" src=\"https:\/\/www.studyhelp.de\/online-lernen\/wp-content\/uploads\/2018\/10\/Titrationskurve.jpg\" alt=\"Titrationskurve\" width=\"639\" height=\"489\" srcset=\"https:\/\/www.studyhelp.de\/online-lernen\/wp-content\/uploads\/2018\/10\/Titrationskurve.jpg 639w, https:\/\/www.studyhelp.de\/online-lernen\/wp-content\/uploads\/2018\/10\/Titrationskurve-300x230.jpg 300w\" sizes=\"(max-width: 639px) 100vw, 639px\" \/><\/p>\n<p>Betrachten wir nun die beiden pH-Wert-\u00c4nderungen von einer L\u00f6sung ohne Puffer und einer L\u00f6sung mit Puffer bei Zugabe von S\u00e4uren und Basen. Hier k\u00f6nnen wir ganz deutlich sehen, dass der pH-Wert mit einem Puffer sehr viel l\u00e4nger in einem \u00e4hnlichen pH-Wert-Bereich gehalten wird und nicht, wie bei der L\u00f6sung ohne Puffer, ein extremer pH-Wert-Sprung zu beobachten ist. In dem Bereich, in dem die pH-Wert-Kurve nur leicht ansteigt, liegt der sogenannte Pufferbereich des Puffers. Dieser Bereich ist f\u00fcr jeden Puffer unterschiedlich.<\/p>\n<p>Aber wozu ist das Ganze jetzt eigentlich gut?<\/p>\n<p>Puffer finden wir nicht nur im Labor, sondern vor allem auch bei Lebewesen. Die verschiedenen Enzyme und Proteine in unserem K\u00f6rper sind nur bei bestimmten pH-Werten funktionsf\u00e4hig. Da wir aber beim Essen und Trinken sowohl S\u00e4uren als auch Basen zu uns nehmen, w\u00fcrde sich der pH-Wert drastisch \u00e4ndern und die Enzyme und Proteine w\u00e4ren nicht weiter funktionsf\u00e4hig, was zum Tod f\u00fchren w\u00fcrde. Daher befinden sich in unserem K\u00f6rper Puffer, die den pH-Wert zwischen 7,3 und 7,45 halten. Bei pH-Werten unter 6,8 oder \u00fcber 8,0 w\u00fcrden wir sterben.<\/p>\n<p>Jetzt wissen wir, was Puffer sind, wie sie funktionieren und wieso sie so wichtig sind. Dar\u00fcber hinaus ist es von gro\u00dfer Wichtigkeit, dass wir pH-Werte in Puffersystemen berechnen k\u00f6nnen. Auch hier gibt es eine Formel, die uns weiterhilft.<\/p>\n<div class=\"box info\">\n<p><strong>Henderson-Hasselbach-Gleichung<\/strong><br \/>\n\\begin{align*}<br \/>\n\\text{pH }=\\text{p}K_\\text{S} + \\lg \\left( \\frac{c({A^{-}})}{c({HA})} \\right)<br \/>\n\\end{align*}<\/p>\n<\/div>\n<p>Hier m\u00fcssen wir unbedingt darauf achten, dass sich alle Werte der HendersonHasselbach-Gleichung auf den Puffer beziehen: Es werden also der pKS-Wert der S\u00e4ure im Puffer, die Konzentration der S\u00e4ure im Puffer und die Konzentration der konjugierten Basen im Puffer eingesetzt.<\/p>\n<p><strong>Beispiel:<\/strong> Betrachten wir einen Essigs\u00e4ure-Acetat-Puffer, welcher aus 1 mol Essigs\u00e4ure, 1 mol Natriumacetat und 1 L Wasser hergestellt wird. Berechnen wir nun den pH-Wert der Pufferl\u00f6sung.<\/p>\n<p>Wir ben\u00f6tigen den pKS-Wert der Essigs\u00e4ure und die Konzentrationen von Essigs\u00e4ure und dem Acetat. Da hier die Stoffmengen gegeben sind, m\u00fcssen wir zun\u00e4chst die Konzentrationen berechnen:<br \/>\n\\begin{align*}<br \/>\nc({CH_3COOH}) &amp;= \\frac{n({CH_3COOH})}{V({CH_3COOH})} = \\frac{1 \\ {mol}}{1 \\ {L}} = 1 \\ \\frac{ {mol}}{{L}} \\\\<br \/>\nc({CH_3COO^{-}}) &amp;= \\frac{n({CH_3COO^{-}})}{V({CH_3COO^{-}})} = \\frac{1 \\ {mol}}{1 \\ {L}} = 1 \\ \\frac{{mol}}{{L}}<br \/>\n\\end{align*}<\/p>\n<p>Der pKS-Wert der Essigs\u00e4ure liegt bei pKS = 4,76. Setzen wir nun diese Werte in die Henderson-Hasselbach-Gleichung ein:<\/p>\n<p>\\begin{align*}<br \/>\n\\text{pH }= 4{,}76 + \\lg \\left( \\frac{1 \\ \\frac{{mol}}{{L}}}{1 \\ \\frac{{mol}}{{L}}} \\right) = 4{,}76 + \\lg(1) =4{,}76<br \/>\n\\end{align*}<\/p>\n<p>Jetzt geben wir 0,1 mol Salzs\u00e4ure hinzu und wollen den neuen pH-Wert berechnen. Wenn wir 0,1 mol Salzs\u00e4ure hinzugeben, entstehen ca. 0,1 mol H3O+, daSalzs\u00e4ure eine sehr starke S\u00e4ure ist und daher quasi vollst\u00e4ndig dissoziiert. Jetzt schauen wir uns die Wirkung des Puffers bei der S\u00e4urezugabe genauer an:<\/p>\n<p>Durch die Zugabe der S\u00e4ure entstehen Oxoniumionen, welche mit dem Acetat reagieren. F\u00fcr ein Oxoniumion wird ein Acetat-Ion verbraucht. Daher werden durch die Zugabe von 0,1 mol Salzs\u00e4ure 0,1 mol Acetat zur Reaktion gebracht. So entstehen 0,1 mol Essigs\u00e4ure.<\/p>\n<p><img decoding=\"async\" loading=\"lazy\" class=\"aligncenter wp-image-10677\" src=\"https:\/\/www.studyhelp.de\/online-lernen\/wp-content\/uploads\/2018\/10\/Entstehung-Essigs\u00e4ure.jpg\" alt=\"Entstehung Essigs\u00e4ure\" width=\"533\" height=\"82\" srcset=\"https:\/\/www.studyhelp.de\/online-lernen\/wp-content\/uploads\/2018\/10\/Entstehung-Essigs\u00e4ure.jpg 851w, https:\/\/www.studyhelp.de\/online-lernen\/wp-content\/uploads\/2018\/10\/Entstehung-Essigs\u00e4ure-300x46.jpg 300w, https:\/\/www.studyhelp.de\/online-lernen\/wp-content\/uploads\/2018\/10\/Entstehung-Essigs\u00e4ure-768x118.jpg 768w\" sizes=\"(max-width: 533px) 100vw, 533px\" \/><\/p>\n<p>Nachdem der Puffer die Oxoniumionen also abgefangen hat, bleiben von den 1 mol Acetat noch 0,9 mol \u00fcbrig und von der Essigs\u00e4ure noch 1,1 mol. Mit den neuen Stoffmengen k\u00f6nnen wir die neuen Konzentrationen ausrechnen<\/p>\n<p><img decoding=\"async\" loading=\"lazy\" class=\"aligncenter wp-image-10678\" src=\"https:\/\/www.studyhelp.de\/online-lernen\/wp-content\/uploads\/2018\/10\/Ausrechnen-der-Konzentration.jpg\" alt=\"Ausrechnen der Konzentration\" width=\"434\" height=\"96\" srcset=\"https:\/\/www.studyhelp.de\/online-lernen\/wp-content\/uploads\/2018\/10\/Ausrechnen-der-Konzentration.jpg 742w, https:\/\/www.studyhelp.de\/online-lernen\/wp-content\/uploads\/2018\/10\/Ausrechnen-der-Konzentration-300x66.jpg 300w\" sizes=\"(max-width: 434px) 100vw, 434px\" \/><\/p>\n<p>, welche wir dann in die Henderson-Hasselbach-Gleichung einsetzen k\u00f6nnen, um den pH-Wert zu berechnen:<\/p>\n<p>\\begin{align*}<br \/>\n\\text{pH } = 4{,}76 + \\lg \\left( \\frac{0{,}9 \\ \\frac{{mol}}{{L}}}{1{,}1 \\ \\frac{{mol}}{{L}}} \\right) = 4{,}67<br \/>\n\\end{align*}<\/p>\n","protected":false},"excerpt":{"rendered":"<p>Ein Puffer ist ein Stoffgemisch, welches seinen pH-Wert bei Zugabe von S\u00e4uren oder Basen deutlich weniger \u00e4ndert als in ungepufferten Systemen. Puffer sind oft Stoffgemische aus schwachen S\u00e4uren und ihrer konjugierten Base oder aus schwachen Basen mit ihrer konjugierten S\u00e4ure. Vergleichen wir die pH-Wert-\u00c4nderung von einem Liter Wasser, wenn 0,1 mol Salzs\u00e4ure hinzugegeben werden und [&hellip;]<\/p>\n","protected":false},"author":3,"featured_media":0,"parent":9325,"menu_order":0,"comment_status":"closed","ping_status":"closed","template":"","meta":[],"categories":[54],"tags":[],"yoast_head":"<!-- This site is optimized with the Yoast SEO plugin v14.7 - https:\/\/yoast.com\/wordpress\/plugins\/seo\/ -->\n<title>Puffer (Stoffgemisch) - StudyHelp Online-Lernen<\/title>\n<meta name=\"description\" content=\"Ein Puffer ist ein Stoffgemisch, welches seinen pH-Wert bei Zugabe von S\u00e4uren oder Basen deutlich weniger \u00e4ndert als in ungepufferten Systemen.\" \/>\n<meta name=\"robots\" content=\"index, follow\" \/>\n<meta name=\"googlebot\" content=\"index, follow, max-snippet:-1, max-image-preview:large, max-video-preview:-1\" \/>\n<meta name=\"bingbot\" content=\"index, follow, max-snippet:-1, max-image-preview:large, max-video-preview:-1\" \/>\n<link rel=\"canonical\" href=\"https:\/\/www.studyhelp.de\/online-lernen\/chemie\/puffer-stoffgemisch\/\" \/>\n<meta property=\"og:locale\" content=\"de_DE\" \/>\n<meta property=\"og:type\" content=\"article\" \/>\n<meta property=\"og:title\" content=\"Puffer (Stoffgemisch) - StudyHelp Online-Lernen\" \/>\n<meta property=\"og:description\" content=\"Ein Puffer ist ein Stoffgemisch, welches seinen pH-Wert bei Zugabe von S\u00e4uren oder Basen deutlich weniger \u00e4ndert als in ungepufferten Systemen.\" \/>\n<meta property=\"og:url\" content=\"https:\/\/www.studyhelp.de\/online-lernen\/chemie\/puffer-stoffgemisch\/\" \/>\n<meta property=\"og:site_name\" content=\"StudyHelp Online-Lernen\" \/>\n<meta property=\"article:modified_time\" content=\"2021-05-27T10:59:47+00:00\" \/>\n<meta property=\"og:image\" content=\"https:\/\/www.studyhelp.de\/online-lernen\/wp-content\/uploads\/2018\/10\/Puffer.jpg\" \/>\n<meta name=\"twitter:card\" content=\"summary_large_image\" \/>\n<script type=\"application\/ld+json\" class=\"yoast-schema-graph\">{\"@context\":\"https:\/\/schema.org\",\"@graph\":[{\"@type\":\"WebSite\",\"@id\":\"https:\/\/www.studyhelp.de\/online-lernen\/#website\",\"url\":\"https:\/\/www.studyhelp.de\/online-lernen\/\",\"name\":\"StudyHelp Online-Lernen\",\"description\":\"\",\"potentialAction\":[{\"@type\":\"SearchAction\",\"target\":\"https:\/\/www.studyhelp.de\/online-lernen\/?s={search_term_string}\",\"query-input\":\"required name=search_term_string\"}],\"inLanguage\":\"de-DE\"},{\"@type\":\"ImageObject\",\"@id\":\"https:\/\/www.studyhelp.de\/online-lernen\/chemie\/puffer-stoffgemisch\/#primaryimage\",\"inLanguage\":\"de-DE\",\"url\":\"https:\/\/www.studyhelp.de\/online-lernen\/wp-content\/uploads\/2018\/10\/Puffer.jpg\",\"width\":561,\"height\":42,\"caption\":\"Puffer\"},{\"@type\":\"WebPage\",\"@id\":\"https:\/\/www.studyhelp.de\/online-lernen\/chemie\/puffer-stoffgemisch\/#webpage\",\"url\":\"https:\/\/www.studyhelp.de\/online-lernen\/chemie\/puffer-stoffgemisch\/\",\"name\":\"Puffer (Stoffgemisch) - StudyHelp Online-Lernen\",\"isPartOf\":{\"@id\":\"https:\/\/www.studyhelp.de\/online-lernen\/#website\"},\"primaryImageOfPage\":{\"@id\":\"https:\/\/www.studyhelp.de\/online-lernen\/chemie\/puffer-stoffgemisch\/#primaryimage\"},\"datePublished\":\"2018-10-04T12:01:38+00:00\",\"dateModified\":\"2021-05-27T10:59:47+00:00\",\"description\":\"Ein Puffer ist ein Stoffgemisch, welches seinen pH-Wert bei Zugabe von S\\u00e4uren oder Basen deutlich weniger \\u00e4ndert als in ungepufferten Systemen.\",\"inLanguage\":\"de-DE\",\"potentialAction\":[{\"@type\":\"ReadAction\",\"target\":[\"https:\/\/www.studyhelp.de\/online-lernen\/chemie\/puffer-stoffgemisch\/\"]}]}]}<\/script>\n<!-- \/ Yoast SEO plugin. -->","_links":{"self":[{"href":"https:\/\/www.studyhelp.de\/online-lernen\/wp-json\/wp\/v2\/pages\/10035"}],"collection":[{"href":"https:\/\/www.studyhelp.de\/online-lernen\/wp-json\/wp\/v2\/pages"}],"about":[{"href":"https:\/\/www.studyhelp.de\/online-lernen\/wp-json\/wp\/v2\/types\/page"}],"author":[{"embeddable":true,"href":"https:\/\/www.studyhelp.de\/online-lernen\/wp-json\/wp\/v2\/users\/3"}],"replies":[{"embeddable":true,"href":"https:\/\/www.studyhelp.de\/online-lernen\/wp-json\/wp\/v2\/comments?post=10035"}],"version-history":[{"count":31,"href":"https:\/\/www.studyhelp.de\/online-lernen\/wp-json\/wp\/v2\/pages\/10035\/revisions"}],"predecessor-version":[{"id":16760,"href":"https:\/\/www.studyhelp.de\/online-lernen\/wp-json\/wp\/v2\/pages\/10035\/revisions\/16760"}],"up":[{"embeddable":true,"href":"https:\/\/www.studyhelp.de\/online-lernen\/wp-json\/wp\/v2\/pages\/9325"}],"wp:attachment":[{"href":"https:\/\/www.studyhelp.de\/online-lernen\/wp-json\/wp\/v2\/media?parent=10035"}],"wp:term":[{"taxonomy":"category","embeddable":true,"href":"https:\/\/www.studyhelp.de\/online-lernen\/wp-json\/wp\/v2\/categories?post=10035"},{"taxonomy":"post_tag","embeddable":true,"href":"https:\/\/www.studyhelp.de\/online-lernen\/wp-json\/wp\/v2\/tags?post=10035"}],"curies":[{"name":"wp","href":"https:\/\/api.w.org\/{rel}","templated":true}]}}