{"id":10041,"date":"2018-10-04T14:07:10","date_gmt":"2018-10-04T12:07:10","guid":{"rendered":"https:\/\/www.studyhelp.de\/online-lernen\/?page_id=10041"},"modified":"2021-02-02T14:35:59","modified_gmt":"2021-02-02T13:35:59","slug":"redoxreaktionen","status":"publish","type":"page","link":"https:\/\/www.studyhelp.de\/online-lernen\/chemie\/redoxreaktionen\/","title":{"rendered":"Redoxreaktion"},"content":{"rendered":"\n<p>Bei einer Redoxreaktion handelt es sich um eine chemische Reaktion, bei der Elektronen von einem Reaktionspartner auf den anderen \u00fcbergehen. \u00c4hnlich wie bei den Protonen\u00fcberg\u00e4ngen gibt es auch hier einen Elektronendonator und einen Elektronenakzeptor. Wichtig ist, dass Elektronen nur abgegeben werden k\u00f6nnen, wenn es ein Teilchen gibt, welches diese aufnehmen kann.<\/p>\n<div class=\"box info\">\n<p>Eine <strong>Redoxreaktion<\/strong> besteht aus zwei Teilreaktionen:<\/p>\n<ul>\n<li>die Reduktion und<\/li>\n<li>die Oxidation.<\/li>\n<\/ul>\n<\/div>\n<p>Die Oxidation ist die Reaktion, bei der Elektronen abgegeben werden; die Reduktion ist die Reaktion, bei der Elektronen aufgenommen werden.<\/p>\n<p>Weitere wichtige Begriffe in diesem Zusammenhang sind Oxidationsmittel und Reduktionsmittel. Ein Oxidationsmittel ist ein Teilchen, das einen anderen Stoff oxidiert, also Elektronen aufnimmt und selbst reduziert wird. Ein Reduktionsmittel ist ein Teilchen, das einen anderen Stoff reduziert, also Elektronen abgibt und selbst oxidiert wird.<\/p>\n<p>Redoxreaktionen sind, wie die Protonen\u00fcberg\u00e4nge, umkehrbar und somit Gleichgewichtsreaktionen. Daher gibt es auch hier korrespondierende Redoxpaare.<\/p>\n<p><img decoding=\"async\" loading=\"lazy\" class=\"aligncenter wp-image-10716\" src=\"https:\/\/www.studyhelp.de\/online-lernen\/wp-content\/uploads\/2018\/10\/Korrespondierende-Redoxpaare.jpg\" alt=\"Korrespondierende Redoxpaare\" width=\"699\" height=\"124\" srcset=\"https:\/\/www.studyhelp.de\/online-lernen\/wp-content\/uploads\/2018\/10\/Korrespondierende-Redoxpaare.jpg 1156w, https:\/\/www.studyhelp.de\/online-lernen\/wp-content\/uploads\/2018\/10\/Korrespondierende-Redoxpaare-300x53.jpg 300w, https:\/\/www.studyhelp.de\/online-lernen\/wp-content\/uploads\/2018\/10\/Korrespondierende-Redoxpaare-768x136.jpg 768w, https:\/\/www.studyhelp.de\/online-lernen\/wp-content\/uploads\/2018\/10\/Korrespondierende-Redoxpaare-1024x182.jpg 1024w\" sizes=\"(max-width: 699px) 100vw, 699px\" \/><\/p>\n<p>Redoxreaktionen geh\u00f6ren zu den wichtigsten Reaktionsarten in der Chemie. Im Folgenden wird das Aufstellen einer Redoxreaktion an einem Beispiel schrittweise erkl\u00e4rt.<\/p>\n<div class=\"box info\">\n<ol>\n<li>Bestimmen der Oxidationszahlen<\/li>\n<li>Bestimmen der Oxidation bzw. Reduktion<\/li>\n<li>Mengenausgleich der oxidierten bzw. reduzierten Teilchen<\/li>\n<li>Ausgleichen der Oxidationszahlen durch Elektronen (einfach negativ geladene Teilchen)<\/li>\n<li>Ausgleichen der echten Ladungen durch H3O+-Ionen im sauren Milieu bzw. OH\u2212-Ionen im basischen Milieu<\/li>\n<li>Stoffausgleich mit H2O<\/li>\n<li>Zusammenschreiben zur Redox-Gleichung<\/li>\n<\/ol>\n<\/div>\n<p><strong>Beispiel:<\/strong> Dichromat-Ionen reagieren mit Iodid-Ionen zu Iod und Chrom(III)-Ionen. Die Reaktion findet im sauren pH-Wert-Bereich statt.<\/p>\n<p>Betrachten wir zun\u00e4chst die Reaktion von <strong>Dichromat zu Chrom(III).<\/strong><\/p>\n<p><strong>1. Bestimmen der Oxidationszahlen<\/strong><br \/>\n<img decoding=\"async\" loading=\"lazy\" class=\"aligncenter wp-image-10718\" src=\"https:\/\/www.studyhelp.de\/online-lernen\/wp-content\/uploads\/2018\/10\/Bestimmen-der-Oxidationszahl.jpg\" alt=\"Bestimmen der Oxidationszahl\" width=\"406\" height=\"71\" srcset=\"https:\/\/www.studyhelp.de\/online-lernen\/wp-content\/uploads\/2018\/10\/Bestimmen-der-Oxidationszahl.jpg 685w, https:\/\/www.studyhelp.de\/online-lernen\/wp-content\/uploads\/2018\/10\/Bestimmen-der-Oxidationszahl-300x53.jpg 300w\" sizes=\"(max-width: 406px) 100vw, 406px\" \/><\/p>\n<ul>\n<li>Sauerstoff hat in Verbindungen immer die Oxidationszahl -II.<\/li>\n<li>Insgesamt sind in der Verbindung sieben Sauerstoff-Atome mit jeweils der Oxidationszahl -II.<\/li>\n<li>Alle Oxidationszahlen ergeben aufsummiert die Gesamtladung des Molek\u00fcls (hier -2).<\/li>\n<li>Alle Chrom-Atome haben zusammen die Oxidationszahl 12.<\/li>\n<li>Da zwei Chromatome in dem Molek\u00fcl gebunden sind, teilen wir die Oxidationszahl noch auf.<\/li>\n<\/ul>\n<p><img decoding=\"async\" loading=\"lazy\" class=\"aligncenter wp-image-10719\" src=\"https:\/\/www.studyhelp.de\/online-lernen\/wp-content\/uploads\/2018\/10\/Weitere-Bestimmung-der-Oxidationszahl.jpg\" alt=\"Weitere Bestimmung der Oxidationszahl\" width=\"233\" height=\"302\" srcset=\"https:\/\/www.studyhelp.de\/online-lernen\/wp-content\/uploads\/2018\/10\/Weitere-Bestimmung-der-Oxidationszahl.jpg 406w, https:\/\/www.studyhelp.de\/online-lernen\/wp-content\/uploads\/2018\/10\/Weitere-Bestimmung-der-Oxidationszahl-231x300.jpg 231w\" sizes=\"(max-width: 233px) 100vw, 233px\" \/><\/p>\n<p>Chrom-(III): Cr^3+<br \/>\nAuch hier m\u00fcssen die Oxidationszahlen aufsummiert die Gesamtladung ergeben.<\/p>\n<p>Es liegt hier nur ein Atom vor (und nicht wie bei Dichromat mehrere), weshalb die Ladung auch gleichzeitig die Oxidationszahl (+III) darstellt.<\/p>\n<p><strong>2. Bestimmen der Oxidation bzw. Reduktion<\/strong><\/p>\n<p><img decoding=\"async\" loading=\"lazy\" class=\"wp-image-16598  aligncenter\" src=\"https:\/\/www.studyhelp.de\/online-lernen\/wp-content\/uploads\/2021\/02\/bil_redox2.jpg\" alt=\"\" width=\"226\" height=\"88\" srcset=\"https:\/\/www.studyhelp.de\/online-lernen\/wp-content\/uploads\/2021\/02\/bil_redox2.jpg 788w, https:\/\/www.studyhelp.de\/online-lernen\/wp-content\/uploads\/2021\/02\/bil_redox2-300x116.jpg 300w, https:\/\/www.studyhelp.de\/online-lernen\/wp-content\/uploads\/2021\/02\/bil_redox2-768x298.jpg 768w\" sizes=\"(max-width: 226px) 100vw, 226px\" \/><\/p>\n<p>Von Dichromat zu Chrom-(III) \u00e4ndert sich die Oxidationszahl von +VI auf +III, wird also reduziert. Wir sprechen hier von Reduktion.<\/p>\n<p><strong>3. Mengenausgleich der oxidierten bzw. reduzierten Teilchen<\/strong><br \/>\nAuf beiden Seiten des Reaktionspfeils muss am Ende die gleiche Anzahl an Atomen jeder Sorte stehen (Massenerhaltung). Die Atomsorte, bei der sich die Oxidationszahl \u00e4ndert, muss gleich zu Beginn ausgeglichen werden.<\/p>\n<p><img decoding=\"async\" loading=\"lazy\" class=\"aligncenter wp-image-10721\" src=\"https:\/\/www.studyhelp.de\/online-lernen\/wp-content\/uploads\/2018\/10\/Mengenausgleich-der-oxidierten-bzw.-reduzierten-Teilchen.jpg\" alt=\"Mengenausgleich der oxidierten bzw. reduzierten Teilchen\" width=\"321\" height=\"85\" srcset=\"https:\/\/www.studyhelp.de\/online-lernen\/wp-content\/uploads\/2018\/10\/Mengenausgleich-der-oxidierten-bzw.-reduzierten-Teilchen.jpg 608w, https:\/\/www.studyhelp.de\/online-lernen\/wp-content\/uploads\/2018\/10\/Mengenausgleich-der-oxidierten-bzw.-reduzierten-Teilchen-300x79.jpg 300w\" sizes=\"(max-width: 321px) 100vw, 321px\" \/><\/p>\n<p>Da auf der linken Seite zwei Chrom-Atome stehen, ben\u00f6tigen wir auf der rechten Seite ebenfalls zwei und gleichen mithilfe eines Koeffizienten aus.<\/p>\n<p>\\begin{align*}<br \/>\n{Cr_2O_7^{2-}} \\rightarrow {2 Cr^{3+}}<br \/>\n\\end{align*}<\/p>\n<p><strong>4. Ausgleich der Oxidationszahl durch Elektronen<\/strong><br \/>\nDie Oxidationszahlen m\u00fcssen nun mithilfe von Elektronen (einfach negativ geladene Teilchen) ausgeglichen werden. Wir stellen uns das Ganze dazu wie eine mathematische Gleichung vor, die wir mit einer negativen Zahl so erweitern m\u00fcssen, dass eine wahre Aussage entsteht.<\/p>\n<p>Wir haben jeweils zwei Atome und verdoppeln daher auch die Oxidationszahlen.<\/p>\n<p><img decoding=\"async\" loading=\"lazy\" class=\"aligncenter wp-image-10724\" src=\"https:\/\/www.studyhelp.de\/online-lernen\/wp-content\/uploads\/2018\/10\/Ausgleich-der-Oxidationszahl-durch-Elektronen.jpg\" alt=\"Ausgleich der Oxidationszahl durch Elektronen\" width=\"344\" height=\"188\" srcset=\"https:\/\/www.studyhelp.de\/online-lernen\/wp-content\/uploads\/2018\/10\/Ausgleich-der-Oxidationszahl-durch-Elektronen.jpg 535w, https:\/\/www.studyhelp.de\/online-lernen\/wp-content\/uploads\/2018\/10\/Ausgleich-der-Oxidationszahl-durch-Elektronen-300x164.jpg 300w\" sizes=\"(max-width: 344px) 100vw, 344px\" \/><\/p>\n<p>Indem wir die Gleichung auf der linken Seite um minus sechs erweitern, entsteht eine wahre Aussage: Auf der linken Seite werden sechs Elektronen ben\u00f6tigt.<\/p>\n<p><strong>5. Ausgleichen der echten Ladungen durch H3O^+ Ionen und OH^- Ionen<\/strong><\/p>\n<p>Nun werden die echten Ladungen ausgeglichen. Da die Reaktion im sauren stattfindet, gleichen wir mit H3O+ (einfach positiv geladene Teilchen) aus.<\/p>\n<p>Wir stellen wieder den Vergleich zu einer mathematischen Gleichung her:<\/p>\n<p><img decoding=\"async\" loading=\"lazy\" class=\"aligncenter wp-image-10726\" src=\"https:\/\/www.studyhelp.de\/online-lernen\/wp-content\/uploads\/2018\/10\/Auslgeich-der-Echten-Ladung.jpg\" alt=\"Auslgeich der Echten Ladung\" width=\"376\" height=\"142\" srcset=\"https:\/\/www.studyhelp.de\/online-lernen\/wp-content\/uploads\/2018\/10\/Auslgeich-der-Echten-Ladung.jpg 725w, https:\/\/www.studyhelp.de\/online-lernen\/wp-content\/uploads\/2018\/10\/Auslgeich-der-Echten-Ladung-300x113.jpg 300w\" sizes=\"(max-width: 376px) 100vw, 376px\" \/><\/p>\n<p>Indem wir die Gleichung auf der linken Seite um +14 erweitern, entsteht eine wahre Aussage. Auf der linken Seite werden 14 H3O+-Ionen ben\u00f6tigt.<\/p>\n<p>\\begin{align*}<br \/>\n{Cr_2O_7^{2-}} \\ + \\ {6e^{-}} \\ + \\ 14 {H_3O^{+}} \\rightarrow {2 Cr^{3+}}<br \/>\n\\end{align*}<\/p>\n<p><strong>6. Stoffausgleich mit H2O<\/strong><br \/>\nIn Punkt drei haben wir bereits erw\u00e4hnt, dass auf beiden Seiten des Reaktionspfeils am Ende die gleiche Anzahl an Atomen jeder Sorte stehen muss.<\/p>\n<p>Wenn wir die Reaktionsgleichung betrachten, f\u00e4llt auf, dass rechts weder Sauerstoff- noch Wasserstoff-Atome vorkommen. Diese k\u00f6nnen wir aber mithilfe von Wasser erg\u00e4nzen. Dazu z\u00e4hlen wir die Anzahl der Sauerstoffatome auf der linken Seite.<\/p>\n<p>\\begin{array}{lr}<br \/>\n7 \\ \\text{Sauerstoff-Atome im Dichromat} &amp; 7 \\\\<br \/>\n14 \\ {H_3O^{+}} \\text{mit jeweils einem Sauerstoff-Atom} &amp; + 14 \\\\<br \/>\n\\hline<br \/>\n\\text{Anzahl der Sauerstoff-Atome links} &amp; 21<br \/>\n\\end{array}<\/p>\n<p>Da in einem Wassermolek\u00fcl ein Sauerstoff-Atom gebunden ist, ben\u00f6tigen wir auf der rechten Seite 21 Wassermolek\u00fcle.<br \/>\n\\begin{align*}<br \/>\n{Cr_2O_7^{2-}} \\ + \\ {6e^{-}} \\ + \\ 14 {H_3O^{+}} \\quad \\rightarrow \\quad 21 {H_2O} \\ + \\ {2 Cr^{3+}}<br \/>\n\\end{align*}<\/p>\n<p>Um alles noch einmal zu \u00fcberpr\u00fcfen, k\u00f6nnen wir die Anzahl der WasserstoffAtome auf beiden Seiten vergleichen. Diese m\u00fcssen ebenfalls \u00fcbereinstimmen. Sollte dies nicht der Fall sein, haben wir einen Fehler gemacht.<\/p>\n<p>\\begin{array}{lll}<br \/>\n\\text{Links:} &amp; 14 \\ {H_3O^{+}} \\text{mit je 3 Wasserstoff-Atomen} &amp; 14 \\cdot 3 = 42 \\\\<br \/>\n\\text{Rechts:} &amp; \\text{21 Wassermolek\u00fcle mit je 2 Wasserstoff-Atomen} &amp; 21 \\cdot 2=42<br \/>\n\\end{array}<\/p>\n<p>Hier liegen auf beiden Seiten gleich viele Wasserstoff-Atome vor, also ist alles korrekt und die Reduktionsreaktion fertig.<\/p>\n<p>Die erste Teilreaktion haben wir jetzt geschafft. Die Reaktion von Iodid zu Iod l\u00e4uft nach demselben Prinzip ab.<\/p>\n<p><strong>1. Bestimmen der Oxidationszahlen<\/strong><br \/>\n<strong>Iodid: I\u2013<\/strong><br \/>\nAuch hier gilt die Regel, dass alle Oxidationszahlen aufsummiert die Ladung des Teilchens ergeben m\u00fcssen. Da hier nur ein Atom vorliegt, entspricht die Oxidationszahl dieses Atoms genau der Ladung des Ions, n\u00e4mlich minus eins.<\/p>\n<p><strong>Iod: I2<\/strong><br \/>\nHier handelt es sich um das elementare Iod. Die Ladung betr\u00e4gt hier Null, weshalb die Oxidationszahlen aufsummiert Null ergeben m\u00fcssen. Da wir zwar zwei Atome gebunden haben, diese jedoch von der gleichen Sorte sind und somit die gleiche Oxidationszahl haben, muss die Oxidationszahl Null sein. Im Allgemeinen k\u00f6nnen wir sagen, dass Stoffe, die elementar vorliegen, immer die Oxidationszahl Null haben.<\/p>\n<p><strong>2. Bestimmen der Oxidation bzw. Reduktion<\/strong><br \/>\n<img decoding=\"async\" loading=\"lazy\" class=\"aligncenter wp-image-10738\" src=\"https:\/\/www.studyhelp.de\/online-lernen\/wp-content\/uploads\/2018\/10\/Iod-Oxidationszahl-bestimmen.jpg\" alt=\"\" width=\"197\" height=\"90\" srcset=\"https:\/\/www.studyhelp.de\/online-lernen\/wp-content\/uploads\/2018\/10\/Iod-Oxidationszahl-bestimmen.jpg 342w, https:\/\/www.studyhelp.de\/online-lernen\/wp-content\/uploads\/2018\/10\/Iod-Oxidationszahl-bestimmen-300x137.jpg 300w\" sizes=\"(max-width: 197px) 100vw, 197px\" \/><\/p>\n<p>Von Iodid zu Iod \u00e4ndert sich die Oxidationszahl von -I auf 0, wird also gr\u00f6\u00dfer. Es handelt sich um Oxidation!<\/p>\n<p><strong>3. Mengenausgleich der oxidierten bzw. reduzierten Teilchen<\/strong><br \/>\nAuf beiden Seiten des Reaktionspfeils m\u00fcssen am Ende die gleiche Anzahl an Atomen jeder Sorte stehen (Massenerhaltung). Die Atomsorte, bei der sich die Oxidationszahl \u00e4ndert, muss gleich zu Beginn ausgeglichen werden.<\/p>\n<p><img decoding=\"async\" loading=\"lazy\" class=\"aligncenter wp-image-10739\" src=\"https:\/\/www.studyhelp.de\/online-lernen\/wp-content\/uploads\/2018\/10\/Iod-Oxidationszahl-bestimmen-Schritt-3.jpg\" alt=\"Iod Oxidationszahl bestimmen Schritt 3\" width=\"375\" height=\"120\" srcset=\"https:\/\/www.studyhelp.de\/online-lernen\/wp-content\/uploads\/2018\/10\/Iod-Oxidationszahl-bestimmen-Schritt-3.jpg 500w, https:\/\/www.studyhelp.de\/online-lernen\/wp-content\/uploads\/2018\/10\/Iod-Oxidationszahl-bestimmen-Schritt-3-300x96.jpg 300w\" sizes=\"(max-width: 375px) 100vw, 375px\" \/><\/p>\n<p>Da auf der rechten Seite zwei Iod-Atome stehen, ben\u00f6tigen wir auf der linken Seite auch zwei und gleichen mithilfe eines Koeffizienten aus.<\/p>\n<p><strong>4. Ausgleichen der Oxidationszahlen durch Elektronen<\/strong><br \/>\nDie Oxidationszahlen werden erneut mithilfe von Elektronen ausgeglichen. Das k\u00f6nnen wir ebenfalls auf eine mathematische Gleichung \u00fcbertragen, wobei wir darauf achten m\u00fcssen, dass, wie bei der Reduktion, jeweils zwei Atome vorhanden sind und daher auch die Oxidationszahlen verdoppelt werden.<\/p>\n<p><img decoding=\"async\" loading=\"lazy\" class=\"aligncenter wp-image-10740\" src=\"https:\/\/www.studyhelp.de\/online-lernen\/wp-content\/uploads\/2018\/10\/Ionen-Oxidationszahl-bestimmen-Schritt-3.jpg\" alt=\"Ionen Oxidationszahl bestimmen Schritt 3\" width=\"336\" height=\"192\" srcset=\"https:\/\/www.studyhelp.de\/online-lernen\/wp-content\/uploads\/2018\/10\/Ionen-Oxidationszahl-bestimmen-Schritt-3.jpg 517w, https:\/\/www.studyhelp.de\/online-lernen\/wp-content\/uploads\/2018\/10\/Ionen-Oxidationszahl-bestimmen-Schritt-3-300x171.jpg 300w\" sizes=\"(max-width: 336px) 100vw, 336px\" \/><\/p>\n<p>Indem wir die Gleichung auf der rechten Seite minus zwei addieren, entsteht die wahre Aussage, dass auf der rechten Seite zwei Elektronen ben\u00f6tigt werden.<\/p>\n<p>\\begin{align*}<br \/>\n{2I^{-}} \\quad \\rightarrow \\quad {I_2} \\ + {2e^{-}}<br \/>\n\\end{align*}<\/p>\n<p><strong>5. Ausgleich der echten Ladung durch H3O+ -Ionen<\/strong><\/p>\n<p>Betrachten wir die echten Ladungen auf beiden Seiten, so stellen wir fest, dass sowohl auf der linken als auch auf der rechten Seite jeweils zwei negative Ladungen vorliegen. Die Ladungen stimmen dementsprechend \u00fcberein und wir m\u00fcssen nichts mehr ausgleichen.<\/p>\n<p><strong>6. Stoffausgleich mit H2O<\/strong><br \/>\nIn diesem Fall sind auch bereits alle Stoffmengen ausgeglichen, sodass nicht mehr mit Wasser ausgeglichen werden muss.<\/p>\n<p>Jetzt haben wir beide Teilgleichungen, Reduktion und Oxidation, fertiggestellt. In einem letzten Schritt fassen wir nun die beiden Teilgleichungen zu einer Gesamtgleichung, der Redoxgleichung, zusammen.<\/p>\n<p><strong>7. Zusammenschreiben zur Redox-Gleichung<\/strong><br \/>\nDa es sich bei einer Redoxreaktion um einen Elektronen\u00fcbergang handelt, muss die Anzahl der an der Reaktion beteiligten Elektronen in der Reduktion und der Oxidation \u00fcbereinstimmen. Dazu betrachten wir noch einmal die beiden Teilgleichungen:<\/p>\n<p>\\begin{array}{lccc}<br \/>\n\\text{Red.:} &amp; {Cr_2O_7^{2-}} \\ + {6e^{-}} \\ + 14 {H_3O^{+}} &amp; \\quad \\rightarrow &amp; \\quad 21 \\ {H_2O} \\ + {2 Cr^{3+}} \\\\<br \/>\n\\text{Ox.:} &amp; {2I^{-}} &amp; \\quad \\rightarrow &amp; \\quad {I_2} \\ + \\ {2 e^{-}}<br \/>\n\\end{array}<\/p>\n<p>Bei der Reduktion werden sechs Elektronen aufgenommen, bei der Oxidation jedoch nur zwei abgegeben. Daher muss die Oxidation dreimal ablaufen, sodass die Reduktion einmal ablaufen kann. Was bedeutet das f\u00fcr das Aufstellen der Redoxgleichung?<\/p>\n<p>Die gesamte Oxidationsgleichung muss mit drei multipliziert werden, bei der Reduktion m\u00fcssen wir nichts mehr tun.<\/p>\n<p>\\begin{array}{lcccl}<br \/>\n\\text{Ox.:} &amp; {2I^{-}} &amp; \\rightarrow &amp; {I_2} \\ + {2 e^{-}} &amp; |\\cdot 3 \\\\<br \/>\n&amp; {6I^{-}} &amp; \\rightarrow &amp; {3I_2} \\ + {6 e^{-}} &amp;<br \/>\n\\end{array}<\/p>\n<p>Jetzt haben wir bei beiden Teilgleichungen sechs Elektronen vorliegen und k\u00f6nnen alles als Ganzes zusammenschreiben:<\/p>\n<p>\\begin{align*}<br \/>\n{Cr_2O_7^{2-}} \\ + {6e^{-}} \\ + \\ 14 \\ {H_3O^{+}} \\ + \\ {6I^{-}} \\rightarrow \\ 21 \\ {H_2O} \\ + \\ {2 Cr^{3+}} \\ + \\ {3I_2} \\ + \\ {6 e^{-}}<br \/>\n\\end{align*}<\/p>\n<p>Als allerletztes streichen wir alle Teilchen, die auf der linken und rechten Seite gleich sind, weg. Das machen wir, da die Teilchen nach der Reaktion unver\u00e4ndert vorliegen und entsprechend nicht an der Reaktion beteiligt sind. Somit werden sie einfach weggelassen. In diesem Fall gilt das lediglich f\u00fcr die Elektronen. Diese m\u00fcssen unbedingt auf beiden Seiten wegfallen, da wir sonst beim Erweitern einen Fehler gemacht haben. Die Gesamtgleichung der Redoxreaktion lautet nach dem Wegstreichen der Elektronen:<\/p>\n<p>\\begin{align*}<br \/>\n{Cr_2O_7^{2-}} \\ + 14 \\ {H_3O^{+}} \\ + \\ {6I^{-}} \\rightarrow \\ 21 \\ {H_2O} \\ + \\ {2 Cr^{3+}} \\ + \\ {3I_2}<br \/>\n\\end{align*}<\/p>\n<p>H\u00e4tten wir auf beiden Seiten Wasserteilchen und\/oder Oxoniumionen, w\u00fcrden wir diese ebenfalls wegstreichen.<\/p>\n<p><strong>Beispiel:<\/strong>Betrachten wir die Reaktion von Methanol mit Dichromat zu Kohlenstoffdioxid und Chrom(III). Nachdem wir die einzelnen Teilgleichungen zu einer Gesamtgleichung zusammengefasst und die Elektronen weggestrichen haben, erhalten wir folgende Redoxgleichung, bei der wir noch die Wassermolek\u00fcle und die Oxoniumionen wegstreichen m\u00fcssen, die nicht an der Reaktion beteiligt sind:<\/p>\n<p>\\begin{array}{rcll}<br \/>\n{CH_3OH} \\ + \\ {7H_2O} \\ + \\ {Cr_2O_7^{2-}} \\ + \\ {14 H_3O^{+}} \\ &amp; \\rightarrow &amp; {CO_2} \\ + \\ {6H_3O} \\ + \\ {2Cr^{3+}} \\ + \\ {21 H_2O } &amp; \\quad |-7 {H_2O} \\\\<br \/>\n{CH_3OH} \\ + {Cr_2O_7^{2-}} \\ + \\ {14 H_3O^{+}} \\ &amp; \\rightarrow &amp; \\ {CO_2} \\ + \\ {6H_3O} \\ + \\ {2Cr^{3+}} \\ + \\ {14 H_2O } &amp; \\quad |-6 {H_3O^{+}} \\\\<br \/>\n{CH_3OH} \\ + \\ {Cr_2O_7^{2-}} \\ + \\ {8 H_3O^{+}} \\ &amp; \\rightarrow &amp; \\ {CO_2} \\ + \\ {2Cr^{3+}} \\ + \\ {14 H_2O } &amp;<br \/>\n\\end{array}<\/p>\n","protected":false},"excerpt":{"rendered":"<p>Bei einer Redoxreaktion handelt es sich um eine chemische Reaktion, bei der Elektronen von einem Reaktionspartner auf den anderen \u00fcbergehen. \u00c4hnlich wie bei den Protonen\u00fcberg\u00e4ngen gibt es auch hier einen Elektronendonator und einen Elektronenakzeptor. Wichtig ist, dass Elektronen nur abgegeben werden k\u00f6nnen, wenn es ein Teilchen gibt, welches diese aufnehmen kann. Die Oxidation ist die [&hellip;]<\/p>\n","protected":false},"author":3,"featured_media":0,"parent":9325,"menu_order":0,"comment_status":"closed","ping_status":"closed","template":"","meta":[],"categories":[54],"tags":[],"yoast_head":"<!-- This site is optimized with the Yoast SEO plugin v14.7 - https:\/\/yoast.com\/wordpress\/plugins\/seo\/ -->\n<title>Redoxreaktion verst\u00e4ndlich erkl\u00e4rt - StudyHelp Online-Lernen<\/title>\n<meta name=\"description\" content=\"Bei einer Redoxreaktion handelt es sich um eine chemische Reaktion, bei der Elektronen von einem Reaktionspartner auf den anderen \u00fcbergehen\" \/>\n<meta name=\"robots\" content=\"index, follow\" \/>\n<meta name=\"googlebot\" content=\"index, follow, max-snippet:-1, max-image-preview:large, max-video-preview:-1\" \/>\n<meta name=\"bingbot\" content=\"index, follow, max-snippet:-1, max-image-preview:large, max-video-preview:-1\" \/>\n<link rel=\"canonical\" href=\"https:\/\/www.studyhelp.de\/online-lernen\/chemie\/redoxreaktionen\/\" \/>\n<meta property=\"og:locale\" content=\"de_DE\" \/>\n<meta property=\"og:type\" content=\"article\" \/>\n<meta property=\"og:title\" content=\"Redoxreaktion verst\u00e4ndlich erkl\u00e4rt - StudyHelp Online-Lernen\" \/>\n<meta property=\"og:description\" content=\"Bei einer Redoxreaktion handelt es sich um eine chemische Reaktion, bei der Elektronen von einem Reaktionspartner auf den anderen \u00fcbergehen\" \/>\n<meta property=\"og:url\" content=\"https:\/\/www.studyhelp.de\/online-lernen\/chemie\/redoxreaktionen\/\" \/>\n<meta property=\"og:site_name\" content=\"StudyHelp Online-Lernen\" \/>\n<meta property=\"article:modified_time\" content=\"2021-02-02T13:35:59+00:00\" \/>\n<meta property=\"og:image\" content=\"https:\/\/www.studyhelp.de\/online-lernen\/wp-content\/uploads\/2018\/10\/Korrespondierende-Redoxpaare.jpg\" \/>\n<meta name=\"twitter:card\" content=\"summary_large_image\" \/>\n<script type=\"application\/ld+json\" class=\"yoast-schema-graph\">{\"@context\":\"https:\/\/schema.org\",\"@graph\":[{\"@type\":\"WebSite\",\"@id\":\"https:\/\/www.studyhelp.de\/online-lernen\/#website\",\"url\":\"https:\/\/www.studyhelp.de\/online-lernen\/\",\"name\":\"StudyHelp Online-Lernen\",\"description\":\"\",\"potentialAction\":[{\"@type\":\"SearchAction\",\"target\":\"https:\/\/www.studyhelp.de\/online-lernen\/?s={search_term_string}\",\"query-input\":\"required name=search_term_string\"}],\"inLanguage\":\"de-DE\"},{\"@type\":\"ImageObject\",\"@id\":\"https:\/\/www.studyhelp.de\/online-lernen\/chemie\/redoxreaktionen\/#primaryimage\",\"inLanguage\":\"de-DE\",\"url\":\"https:\/\/www.studyhelp.de\/online-lernen\/wp-content\/uploads\/2018\/10\/Korrespondierende-Redoxpaare.jpg\",\"width\":1156,\"height\":205,\"caption\":\"Korrespondierende Redoxpaare\"},{\"@type\":\"WebPage\",\"@id\":\"https:\/\/www.studyhelp.de\/online-lernen\/chemie\/redoxreaktionen\/#webpage\",\"url\":\"https:\/\/www.studyhelp.de\/online-lernen\/chemie\/redoxreaktionen\/\",\"name\":\"Redoxreaktion verst\\u00e4ndlich erkl\\u00e4rt - StudyHelp Online-Lernen\",\"isPartOf\":{\"@id\":\"https:\/\/www.studyhelp.de\/online-lernen\/#website\"},\"primaryImageOfPage\":{\"@id\":\"https:\/\/www.studyhelp.de\/online-lernen\/chemie\/redoxreaktionen\/#primaryimage\"},\"datePublished\":\"2018-10-04T12:07:10+00:00\",\"dateModified\":\"2021-02-02T13:35:59+00:00\",\"description\":\"Bei einer Redoxreaktion handelt es sich um eine chemische Reaktion, bei der Elektronen von einem Reaktionspartner auf den anderen \\u00fcbergehen\",\"inLanguage\":\"de-DE\",\"potentialAction\":[{\"@type\":\"ReadAction\",\"target\":[\"https:\/\/www.studyhelp.de\/online-lernen\/chemie\/redoxreaktionen\/\"]}]}]}<\/script>\n<!-- \/ Yoast SEO plugin. -->","_links":{"self":[{"href":"https:\/\/www.studyhelp.de\/online-lernen\/wp-json\/wp\/v2\/pages\/10041"}],"collection":[{"href":"https:\/\/www.studyhelp.de\/online-lernen\/wp-json\/wp\/v2\/pages"}],"about":[{"href":"https:\/\/www.studyhelp.de\/online-lernen\/wp-json\/wp\/v2\/types\/page"}],"author":[{"embeddable":true,"href":"https:\/\/www.studyhelp.de\/online-lernen\/wp-json\/wp\/v2\/users\/3"}],"replies":[{"embeddable":true,"href":"https:\/\/www.studyhelp.de\/online-lernen\/wp-json\/wp\/v2\/comments?post=10041"}],"version-history":[{"count":34,"href":"https:\/\/www.studyhelp.de\/online-lernen\/wp-json\/wp\/v2\/pages\/10041\/revisions"}],"predecessor-version":[{"id":16597,"href":"https:\/\/www.studyhelp.de\/online-lernen\/wp-json\/wp\/v2\/pages\/10041\/revisions\/16597"}],"up":[{"embeddable":true,"href":"https:\/\/www.studyhelp.de\/online-lernen\/wp-json\/wp\/v2\/pages\/9325"}],"wp:attachment":[{"href":"https:\/\/www.studyhelp.de\/online-lernen\/wp-json\/wp\/v2\/media?parent=10041"}],"wp:term":[{"taxonomy":"category","embeddable":true,"href":"https:\/\/www.studyhelp.de\/online-lernen\/wp-json\/wp\/v2\/categories?post=10041"},{"taxonomy":"post_tag","embeddable":true,"href":"https:\/\/www.studyhelp.de\/online-lernen\/wp-json\/wp\/v2\/tags?post=10041"}],"curies":[{"name":"wp","href":"https:\/\/api.w.org\/{rel}","templated":true}]}}