{"id":10043,"date":"2018-10-04T14:07:37","date_gmt":"2018-10-04T12:07:37","guid":{"rendered":"https:\/\/www.studyhelp.de\/online-lernen\/?page_id=10043"},"modified":"2018-10-17T10:13:19","modified_gmt":"2018-10-17T08:13:19","slug":"die-redoxreihe","status":"publish","type":"page","link":"https:\/\/www.studyhelp.de\/online-lernen\/chemie\/die-redoxreihe\/","title":{"rendered":"Die Redoxreihe"},"content":{"rendered":"\n<p>Um die Redoxreihe zu erkl\u00e4ren schauen wir uns zun\u00e4chst ein interessantes Ph\u00e4nomen an: Wenn wir in eine Kupfersulfat-L\u00f6sung ein Zinkblech halten, bildet sich an dem Zinkblech eine elementare Kupferschicht. Halten wir aber in eine Zinksulfat-L\u00f6sung ein Kupferblech, bildet sich keine elementare Zinkschicht. Wir k\u00f6nnen sogar vorhersagen, wann eine solche Reaktion funktioniert und wann nicht. Daf\u00fcr brauchen wir die elektrochemische Spannungsreihe (auch Redoxreihe genannt).<\/p>\n<p><img decoding=\"async\" loading=\"lazy\" class=\"aligncenter wp-image-10776\" src=\"https:\/\/www.studyhelp.de\/online-lernen\/wp-content\/uploads\/2018\/10\/Tabelle-Elektrochemische-Spannungsreihe.jpg\" alt=\"Tabelle Elektrochemische Spannungsreihe\" width=\"739\" height=\"770\" srcset=\"https:\/\/www.studyhelp.de\/online-lernen\/wp-content\/uploads\/2018\/10\/Tabelle-Elektrochemische-Spannungsreihe.jpg 870w, https:\/\/www.studyhelp.de\/online-lernen\/wp-content\/uploads\/2018\/10\/Tabelle-Elektrochemische-Spannungsreihe-288x300.jpg 288w, https:\/\/www.studyhelp.de\/online-lernen\/wp-content\/uploads\/2018\/10\/Tabelle-Elektrochemische-Spannungsreihe-768x801.jpg 768w\" sizes=\"(max-width: 739px) 100vw, 739px\" \/><\/p>\n<p>Schauen wir uns diese elektrochemische Spannungsreihe etwas genauer an. Wir haben immer ein korrespondierendes Redoxpaar und die entsprechend beteiligte Elektronenzahl gegeben.<\/p>\n<p>Betrachten wir Kupfer: Die reduzierte Form in der Tabelle ist Cu, das elementare Kupfer. Die oxidierte Form ist Cu2+. Um diese beiden ineinander zu \u00fcberzuf\u00fchren, m\u00fcssen zwei Elektronen abgegeben bzw. aufgenommen werden. Jetzt steht in der letzten Spalte die Zahl +0,35. Dieser Wert ist das sogenannte Standardpotenzial E0. Im Folgenden haben wir einen ganz bestimmten Versuchsaufbau, mit dessen Hilfe das Standardpotenzial bestimmt wird:<\/p>\n<p><img decoding=\"async\" loading=\"lazy\" class=\"aligncenter wp-image-10778\" src=\"https:\/\/www.studyhelp.de\/online-lernen\/wp-content\/uploads\/2018\/10\/Versuchsaufbau-zur-Ermittlung-des-Standardpotenzials-von-Kupfer.jpg\" alt=\"Versuchsaufbau zur Ermittlung des Standardpotenzials von Kupfer\" width=\"686\" height=\"286\" srcset=\"https:\/\/www.studyhelp.de\/online-lernen\/wp-content\/uploads\/2018\/10\/Versuchsaufbau-zur-Ermittlung-des-Standardpotenzials-von-Kupfer.jpg 1005w, https:\/\/www.studyhelp.de\/online-lernen\/wp-content\/uploads\/2018\/10\/Versuchsaufbau-zur-Ermittlung-des-Standardpotenzials-von-Kupfer-300x125.jpg 300w, https:\/\/www.studyhelp.de\/online-lernen\/wp-content\/uploads\/2018\/10\/Versuchsaufbau-zur-Ermittlung-des-Standardpotenzials-von-Kupfer-768x320.jpg 768w\" sizes=\"(max-width: 686px) 100vw, 686px\" \/><\/p>\n<p>Wir tauchen eine Kupferelektrode in eine Kupfersulfat-L\u00f6sung, sodass sich eine Kupferhalbzelle bildet. Die Kupferelektrode verbinden wir \u00fcber einen Draht mit einer Wasserstoffhalbzelle. Das ist im Prinzip genau das Gleiche wie die Kupferhalbzelle, mit dem Unterschied, dass sie ein bisschen anders aufgebaut werden muss, da Wasserstoff, anders als Kupfer, gasf\u00f6rmig ist.<\/p>\n<p>Die beiden Halbzellen verbinden wir nun mit einer Salzbr\u00fccke. Wenn wir nun noch einen Spannungsmesser anschlie\u00dfen, k\u00f6nnen wir beobachten, dass eine Spannung von +0,35 V anliegt. Das ist genau der Wert, der dann auch in der elektrochemischen Spannungsreihe steht. Jetzt kommen in der Spannungsreihe auch negative Standardpotenziale vor. Das Vorzeichen des Standardpotenzials gibt an, in welche Richtung die Elektronen flie\u00dfen. Bei der Kupferhalbzelle haben wir ein positives Standardpotenzial, das hei\u00dft, die Elektronen flie\u00dfen zur Kupferhalbzelle hin.<\/p>\n<p>Bei einer Zinkhalbzelle k\u00f6nnen wir ein Standardpotenzial von \u22120,76 V beobachten. In diesem Fall flie\u00dfen die Elektronen von der Zinkhalbzelle weg. Wir sagen auch, dass Zink ein unedles Metall ist, weil es seine Elektronen gerne abgibt. Kupfer hingegen ist ein edles Metall, da es seine Elektronen nicht gerne abgibt und daher eher in der elementaren Form vorliegt.<\/p>\n<p>Bei der elektrochemischen Spannungsreihe ist zu beachten, dass die Werte f\u00fcr das Standardpotenzial f\u00fcr 1 molare L\u00f6sung gelten. Bei anderen Konzentrationen \u00e4ndern sich die Werte ebenfalls.<\/p>\n<p><img decoding=\"async\" loading=\"lazy\" class=\"aligncenter wp-image-10779\" src=\"https:\/\/www.studyhelp.de\/online-lernen\/wp-content\/uploads\/2018\/10\/Versuchsaufbau-zur-Ermittlung-des-Standardpotenzials-von-Zink.jpg\" alt=\"\" width=\"697\" height=\"303\" srcset=\"https:\/\/www.studyhelp.de\/online-lernen\/wp-content\/uploads\/2018\/10\/Versuchsaufbau-zur-Ermittlung-des-Standardpotenzials-von-Zink.jpg 987w, https:\/\/www.studyhelp.de\/online-lernen\/wp-content\/uploads\/2018\/10\/Versuchsaufbau-zur-Ermittlung-des-Standardpotenzials-von-Zink-300x130.jpg 300w, https:\/\/www.studyhelp.de\/online-lernen\/wp-content\/uploads\/2018\/10\/Versuchsaufbau-zur-Ermittlung-des-Standardpotenzials-von-Zink-768x334.jpg 768w\" sizes=\"(max-width: 697px) 100vw, 697px\" \/><\/p>\n<p>Jetzt wissen wir, was die Werte in der Tabelle bedeuten. Wozu ben\u00f6tigen wir diese?<\/p>\n<p>Schauen wir uns nochmals das anf\u00e4ngliche Beispiel mit dem Zinkblech in Kupfersulfat-L\u00f6sung und dem Kupferblech in Zinksulfat-L\u00f6sung an. Mit der Redoxreihe k\u00f6nnen wir voraussagen, bei welcher Variante die Ionen aus der L\u00f6sung zu dem elementaren Metall reagieren und bei welcher Variante nicht.<\/p>\n<p>Schauen wir uns dazu Kupfer und Zink in der Redoxreihe an.<\/p>\n<p><img decoding=\"async\" loading=\"lazy\" class=\"aligncenter wp-image-10781\" src=\"https:\/\/www.studyhelp.de\/online-lernen\/wp-content\/uploads\/2018\/10\/Tabelle-Versuch-zu-Kupfer-und-Zink.jpg\" alt=\"Tabelle Versuch zu Kupfer und Zink\" width=\"730\" height=\"341\" srcset=\"https:\/\/www.studyhelp.de\/online-lernen\/wp-content\/uploads\/2018\/10\/Tabelle-Versuch-zu-Kupfer-und-Zink.jpg 1116w, https:\/\/www.studyhelp.de\/online-lernen\/wp-content\/uploads\/2018\/10\/Tabelle-Versuch-zu-Kupfer-und-Zink-300x140.jpg 300w, https:\/\/www.studyhelp.de\/online-lernen\/wp-content\/uploads\/2018\/10\/Tabelle-Versuch-zu-Kupfer-und-Zink-768x359.jpg 768w, https:\/\/www.studyhelp.de\/online-lernen\/wp-content\/uploads\/2018\/10\/Tabelle-Versuch-zu-Kupfer-und-Zink-1024x478.jpg 1024w\" sizes=\"(max-width: 730px) 100vw, 730px\" \/><\/p>\n<p>Kupfer steht in der Tabelle h\u00f6her Zink. Das bedeutet, dass die Reaktion zum elementaren Kupfer hin eher stattfindet als die zum elementaren Zink, da Zink seine Elektronen gerne abgibt, Kupfer aber nicht.<\/p>\n<p>Im Allgemeinen k\u00f6nnen wir also sagen, dass die Reaktion stattfindet, wenn ein edleres Metall entsteht und dass sie nicht stattfindet, wenn ein unedleres entstehen w\u00fcrde.<\/p>\n<div class=\"box info\">\n<p>Hinweis: Manchmal sind die Tabellen andersherum angeordnet, sodass die edleren Metalle weiter unten stehen.<br \/>\n<\/div>\n<p>Die Werte der Standardpotenziale werden dann also innerhalb der Tabelle nicht kleiner, sondern gr\u00f6\u00dfer. Dann gilt die Regel nat\u00fcrlich genau umgekehrt!<\/p>\n<div class=\"box info\">\n<ul>\n<li>Eine oxidierte Form, die h\u00f6her in der Redoxreihe steht, reagiert mit einer reduzierten Form, die in der Redoxreihe weiter unten steht.<\/li>\n<li>Eine oxidierte Form, die in der Redoxreihe weiter unten steht, reagiert NICHT mit einer reduzierten Form, die weiter oben steht.<\/li>\n<\/ul>\n<\/div>\n<p>Wenn wir nun zwei verschiedene Halbzellen, z.B. eine Kupfer- und eine Zinkhalbzelle, zusammenschlie\u00dfen, k\u00f6nnen wir mithilfe der elektrochemischen Spannungsreihe auch berechnen, wie hoch die Spannung ist, die damit erzeugt werden kann. Dazu ziehen wir den kleineren Wert vom gr\u00f6\u00dferen ab:<\/p>\n<p><img decoding=\"async\" loading=\"lazy\" class=\"aligncenter  wp-image-10782\" src=\"https:\/\/www.studyhelp.de\/online-lernen\/wp-content\/uploads\/2018\/10\/Spannungsberechnung.jpg\" alt=\"Spannungsberechnung\" width=\"531\" height=\"73\" srcset=\"https:\/\/www.studyhelp.de\/online-lernen\/wp-content\/uploads\/2018\/10\/Spannungsberechnung.jpg 742w, https:\/\/www.studyhelp.de\/online-lernen\/wp-content\/uploads\/2018\/10\/Spannungsberechnung-300x41.jpg 300w\" sizes=\"(max-width: 531px) 100vw, 531px\" \/><\/p>\n<p>Die 1,11 V entsprechen jetzt der maximalen Spannung, die durch diese galvanische Zelle geliefert werden kann bzw. der minimalen Spannung, die angelegt werden muss, um die Reaktion wieder umzukehren.<\/p>\n","protected":false},"excerpt":{"rendered":"<p>Um die Redoxreihe zu erkl\u00e4ren schauen wir uns zun\u00e4chst ein interessantes Ph\u00e4nomen an: Wenn wir in eine Kupfersulfat-L\u00f6sung ein Zinkblech halten, bildet sich an dem Zinkblech eine elementare Kupferschicht. Halten wir aber in eine Zinksulfat-L\u00f6sung ein Kupferblech, bildet sich keine elementare Zinkschicht. Wir k\u00f6nnen sogar vorhersagen, wann eine solche Reaktion funktioniert und wann nicht. Daf\u00fcr [&hellip;]<\/p>\n","protected":false},"author":3,"featured_media":0,"parent":9325,"menu_order":0,"comment_status":"closed","ping_status":"closed","template":"","meta":[],"categories":[54],"tags":[],"yoast_head":"<!-- This site is optimized with the Yoast SEO plugin v14.7 - https:\/\/yoast.com\/wordpress\/plugins\/seo\/ -->\n<title>Die Redoxreihe verst\u00e4ndlich erkl\u00e4rt - StudyHelp Online-Lernen<\/title>\n<meta name=\"description\" content=\"Die Redoxreihe gibt in geordneter Reihenfolge das Oxidationsbestreben von Metallen an. Anhand von 2 Beispielen zeigen wir euch den Umgang mit der Tabelle.\" \/>\n<meta name=\"robots\" content=\"index, follow\" \/>\n<meta name=\"googlebot\" content=\"index, follow, max-snippet:-1, max-image-preview:large, max-video-preview:-1\" \/>\n<meta name=\"bingbot\" content=\"index, follow, max-snippet:-1, max-image-preview:large, max-video-preview:-1\" \/>\n<link rel=\"canonical\" href=\"https:\/\/www.studyhelp.de\/online-lernen\/chemie\/die-redoxreihe\/\" \/>\n<meta property=\"og:locale\" content=\"de_DE\" \/>\n<meta property=\"og:type\" content=\"article\" \/>\n<meta property=\"og:title\" content=\"Die Redoxreihe verst\u00e4ndlich erkl\u00e4rt - StudyHelp Online-Lernen\" \/>\n<meta property=\"og:description\" content=\"Die Redoxreihe gibt in geordneter Reihenfolge das Oxidationsbestreben von Metallen an. Anhand von 2 Beispielen zeigen wir euch den Umgang mit der Tabelle.\" \/>\n<meta property=\"og:url\" content=\"https:\/\/www.studyhelp.de\/online-lernen\/chemie\/die-redoxreihe\/\" \/>\n<meta property=\"og:site_name\" content=\"StudyHelp Online-Lernen\" \/>\n<meta property=\"article:modified_time\" content=\"2018-10-17T08:13:19+00:00\" \/>\n<meta property=\"og:image\" content=\"https:\/\/www.studyhelp.de\/online-lernen\/wp-content\/uploads\/2018\/10\/Tabelle-Elektrochemische-Spannungsreihe.jpg\" \/>\n<meta name=\"twitter:card\" content=\"summary_large_image\" \/>\n<script type=\"application\/ld+json\" class=\"yoast-schema-graph\">{\"@context\":\"https:\/\/schema.org\",\"@graph\":[{\"@type\":\"WebSite\",\"@id\":\"https:\/\/www.studyhelp.de\/online-lernen\/#website\",\"url\":\"https:\/\/www.studyhelp.de\/online-lernen\/\",\"name\":\"StudyHelp Online-Lernen\",\"description\":\"\",\"potentialAction\":[{\"@type\":\"SearchAction\",\"target\":\"https:\/\/www.studyhelp.de\/online-lernen\/?s={search_term_string}\",\"query-input\":\"required name=search_term_string\"}],\"inLanguage\":\"de-DE\"},{\"@type\":\"ImageObject\",\"@id\":\"https:\/\/www.studyhelp.de\/online-lernen\/chemie\/die-redoxreihe\/#primaryimage\",\"inLanguage\":\"de-DE\",\"url\":\"https:\/\/www.studyhelp.de\/online-lernen\/wp-content\/uploads\/2018\/10\/Tabelle-Elektrochemische-Spannungsreihe.jpg\",\"width\":870,\"height\":907,\"caption\":\"Tabelle Elektrochemische Spannungsreihe\"},{\"@type\":\"WebPage\",\"@id\":\"https:\/\/www.studyhelp.de\/online-lernen\/chemie\/die-redoxreihe\/#webpage\",\"url\":\"https:\/\/www.studyhelp.de\/online-lernen\/chemie\/die-redoxreihe\/\",\"name\":\"Die Redoxreihe verst\\u00e4ndlich erkl\\u00e4rt - StudyHelp Online-Lernen\",\"isPartOf\":{\"@id\":\"https:\/\/www.studyhelp.de\/online-lernen\/#website\"},\"primaryImageOfPage\":{\"@id\":\"https:\/\/www.studyhelp.de\/online-lernen\/chemie\/die-redoxreihe\/#primaryimage\"},\"datePublished\":\"2018-10-04T12:07:37+00:00\",\"dateModified\":\"2018-10-17T08:13:19+00:00\",\"description\":\"Die Redoxreihe gibt in geordneter Reihenfolge das Oxidationsbestreben von Metallen an. Anhand von 2 Beispielen zeigen wir euch den Umgang mit der Tabelle.\",\"inLanguage\":\"de-DE\",\"potentialAction\":[{\"@type\":\"ReadAction\",\"target\":[\"https:\/\/www.studyhelp.de\/online-lernen\/chemie\/die-redoxreihe\/\"]}]}]}<\/script>\n<!-- \/ Yoast SEO plugin. -->","_links":{"self":[{"href":"https:\/\/www.studyhelp.de\/online-lernen\/wp-json\/wp\/v2\/pages\/10043"}],"collection":[{"href":"https:\/\/www.studyhelp.de\/online-lernen\/wp-json\/wp\/v2\/pages"}],"about":[{"href":"https:\/\/www.studyhelp.de\/online-lernen\/wp-json\/wp\/v2\/types\/page"}],"author":[{"embeddable":true,"href":"https:\/\/www.studyhelp.de\/online-lernen\/wp-json\/wp\/v2\/users\/3"}],"replies":[{"embeddable":true,"href":"https:\/\/www.studyhelp.de\/online-lernen\/wp-json\/wp\/v2\/comments?post=10043"}],"version-history":[{"count":6,"href":"https:\/\/www.studyhelp.de\/online-lernen\/wp-json\/wp\/v2\/pages\/10043\/revisions"}],"predecessor-version":[{"id":10785,"href":"https:\/\/www.studyhelp.de\/online-lernen\/wp-json\/wp\/v2\/pages\/10043\/revisions\/10785"}],"up":[{"embeddable":true,"href":"https:\/\/www.studyhelp.de\/online-lernen\/wp-json\/wp\/v2\/pages\/9325"}],"wp:attachment":[{"href":"https:\/\/www.studyhelp.de\/online-lernen\/wp-json\/wp\/v2\/media?parent=10043"}],"wp:term":[{"taxonomy":"category","embeddable":true,"href":"https:\/\/www.studyhelp.de\/online-lernen\/wp-json\/wp\/v2\/categories?post=10043"},{"taxonomy":"post_tag","embeddable":true,"href":"https:\/\/www.studyhelp.de\/online-lernen\/wp-json\/wp\/v2\/tags?post=10043"}],"curies":[{"name":"wp","href":"https:\/\/api.w.org\/{rel}","templated":true}]}}