{"id":10047,"date":"2018-10-04T14:08:43","date_gmt":"2018-10-04T12:08:43","guid":{"rendered":"https:\/\/www.studyhelp.de\/online-lernen\/?page_id=10047"},"modified":"2021-04-22T13:15:36","modified_gmt":"2021-04-22T11:15:36","slug":"batterien-und-akkus","status":"publish","type":"page","link":"https:\/\/www.studyhelp.de\/online-lernen\/chemie\/batterien-und-akkus\/","title":{"rendered":"Batterien und Akkus"},"content":{"rendered":"\n<p>Batterien und Akkus basieren auf dem Prinzip der galvanischen Zelle.<\/p>\n<p><strong>Batterien<\/strong> sind sogenannte Prim\u00e4relemente, bei denen die Redoxreaktion nicht umkehrbar ist. Daher k\u00f6nnen diese nicht wieder aufgeladen werden. Akkus hingegen sind sogenannte Sekund\u00e4relemente. Bei denen wird die Reaktion durch das Anlegen von elektrischem Strom umgekehrt, so dass sie anschlie\u00dfend zur Gewinnung von elektrischen Stroms erneut ablaufen kann.<\/p>\n<p><img decoding=\"async\" loading=\"lazy\" class=\"aligncenter wp-image-10791\" src=\"https:\/\/www.studyhelp.de\/online-lernen\/wp-content\/uploads\/2018\/10\/Batterien-und-Akkus-Galvanische-Elememente-Darstellung.jpg\" alt=\"Batterien und Akkus Galvanische Elememente Darstellung\" width=\"519\" height=\"303\" srcset=\"https:\/\/www.studyhelp.de\/online-lernen\/wp-content\/uploads\/2018\/10\/Batterien-und-Akkus-Galvanische-Elememente-Darstellung.jpg 808w, https:\/\/www.studyhelp.de\/online-lernen\/wp-content\/uploads\/2018\/10\/Batterien-und-Akkus-Galvanische-Elememente-Darstellung-300x175.jpg 300w, https:\/\/www.studyhelp.de\/online-lernen\/wp-content\/uploads\/2018\/10\/Batterien-und-Akkus-Galvanische-Elememente-Darstellung-768x449.jpg 768w\" sizes=\"(max-width: 519px) 100vw, 519px\" \/><\/p>\n<p>Batterien sind sogenannte Prim\u00e4relemente, bei denen die Redoxreaktion nicht umkehrbar ist. Daher k\u00f6nnen diese nicht wieder aufgeladen werden. Akkus hingegen sind sogenannte Sekund\u00e4relemente. Bei denen wird die Reaktion durch das Anlegen von elektrischem Strom umgekehrt, so dass sie anschlie\u00dfend zur Gewinnung von elektrischen Stroms erneut ablaufen kann. Akkus sind beliebig oft<br \/>\nwieder aufladbar. Wir betrachten jeweils ein klassisches Beispiel: das Leclanch\u00e9-Element und den Bleiakku.<\/p>\n<h2 id=\"leclanche-elemente\" class=\"anchor\">Leclanach\u00e9-Elemente<\/h2>\n<p>Sehr lange Zeit verwendete man als Batterien das Leclanch\u00e9-Element. Es handelt sich dabei um eine kleine Galvanische Zelle, bestehend aus einer Zinkhalbzelle und einer Braunsteinhalbzelle. Hier l\u00e4uft, wie in jeder Galvanischen Zelle eine Redoxreaktion ab. Diese betrachten wir noch genauer:<\/p>\n<p><img decoding=\"async\" loading=\"lazy\" class=\"aligncenter wp-image-10792\" src=\"https:\/\/www.studyhelp.de\/online-lernen\/wp-content\/uploads\/2018\/10\/Leclanach\u00e9-Elemente.jpg\" alt=\"Leclanach\u00e9-Elemente\" width=\"684\" height=\"65\" srcset=\"https:\/\/www.studyhelp.de\/online-lernen\/wp-content\/uploads\/2018\/10\/Leclanach\u00e9-Elemente.jpg 1074w, https:\/\/www.studyhelp.de\/online-lernen\/wp-content\/uploads\/2018\/10\/Leclanach\u00e9-Elemente-300x28.jpg 300w, https:\/\/www.studyhelp.de\/online-lernen\/wp-content\/uploads\/2018\/10\/Leclanach\u00e9-Elemente-768x73.jpg 768w, https:\/\/www.studyhelp.de\/online-lernen\/wp-content\/uploads\/2018\/10\/Leclanach\u00e9-Elemente-1024x97.jpg 1024w\" sizes=\"(max-width: 684px) 100vw, 684px\" \/><\/p>\n<p>Zink ist ein unedles Metall und gibt daher seine Elektronen sehr gerne ab. Braunstein kann diese Elektronen dann aufnehmen und reagiert zu Mn2O3. Wie bereits als Hinweis genannt, findet diese Redoxreaktion im Sauren statt. Die daf\u00fcr ben\u00f6tigten Oxoniumionen werden von dem in der Batterie enthaltenen Ammoniumchlorid geliefert:<\/p>\n<p><img decoding=\"async\" loading=\"lazy\" class=\"aligncenter wp-image-10793\" src=\"https:\/\/www.studyhelp.de\/online-lernen\/wp-content\/uploads\/2018\/10\/Aufbau-eines-Leclanach\u00e9-Elements.jpg\" alt=\"Aufbau eines Leclanach\u00e9-Elements\" width=\"503\" height=\"498\" srcset=\"https:\/\/www.studyhelp.de\/online-lernen\/wp-content\/uploads\/2018\/10\/Aufbau-eines-Leclanach\u00e9-Elements.jpg 784w, https:\/\/www.studyhelp.de\/online-lernen\/wp-content\/uploads\/2018\/10\/Aufbau-eines-Leclanach\u00e9-Elements-150x150.jpg 150w, https:\/\/www.studyhelp.de\/online-lernen\/wp-content\/uploads\/2018\/10\/Aufbau-eines-Leclanach\u00e9-Elements-300x297.jpg 300w, https:\/\/www.studyhelp.de\/online-lernen\/wp-content\/uploads\/2018\/10\/Aufbau-eines-Leclanach\u00e9-Elements-768x760.jpg 768w\" sizes=\"(max-width: 503px) 100vw, 503px\" \/><\/p>\n<p>Die Spannung, die durch diese Galvanische Zelle maximal erzeugt werden kann, k\u00f6nnen wir ebenfalls ausrechnen:<strong> E = 1,04 V \u2212 (\u22120,76 V) = +1,80 V<\/strong><\/p>\n<p>Es gibt mittlerweile Batterien mit anderen Halbzellen, die aus dem Leclanch\u00e9-Element weiterentwickelt wurden. Diese funktionieren aber auch nach demselben Prinzip, sodass wir nicht jede im Einzelnen zu betrachten brauchen.<\/p>\n<h2 id=\"bleiakku\" class=\"anchor\">Der Bleiakku<\/h2>\n<p>Ein Akku kann, im Gegensatz zu einer gew\u00f6hnlichen Batterie, wieder aufgeladen werden, da die Redoxreaktionen reversibel sind. Ein klassischer Akku ist der Bleiakku. Dieser besteht aus einer Bleielektrode und einer mit Bleioxid \u00fcberzogenen Bleielektrode, welche je in Schwefels\u00e4ure getaucht werden.<\/p>\n<p><img decoding=\"async\" loading=\"lazy\" class=\"aligncenter wp-image-10794\" src=\"https:\/\/www.studyhelp.de\/online-lernen\/wp-content\/uploads\/2018\/10\/Der-Bleiakku.jpg\" alt=\"Der Bleiakku\" width=\"565\" height=\"349\" srcset=\"https:\/\/www.studyhelp.de\/online-lernen\/wp-content\/uploads\/2018\/10\/Der-Bleiakku.jpg 781w, https:\/\/www.studyhelp.de\/online-lernen\/wp-content\/uploads\/2018\/10\/Der-Bleiakku-300x185.jpg 300w, https:\/\/www.studyhelp.de\/online-lernen\/wp-content\/uploads\/2018\/10\/Der-Bleiakku-768x474.jpg 768w\" sizes=\"(max-width: 565px) 100vw, 565px\" \/><\/p>\n<p>Es laufen folgende Reaktionen bei der Verwendung des Akkus ab:<\/p>\n<p><img decoding=\"async\" loading=\"lazy\" class=\"aligncenter wp-image-10795\" src=\"https:\/\/www.studyhelp.de\/online-lernen\/wp-content\/uploads\/2018\/10\/Reaktionen-in-Akkus.jpg\" alt=\"Reaktionen in Akkus\" width=\"638\" height=\"67\" srcset=\"https:\/\/www.studyhelp.de\/online-lernen\/wp-content\/uploads\/2018\/10\/Reaktionen-in-Akkus.jpg 1019w, https:\/\/www.studyhelp.de\/online-lernen\/wp-content\/uploads\/2018\/10\/Reaktionen-in-Akkus-300x32.jpg 300w, https:\/\/www.studyhelp.de\/online-lernen\/wp-content\/uploads\/2018\/10\/Reaktionen-in-Akkus-768x81.jpg 768w\" sizes=\"(max-width: 638px) 100vw, 638px\" \/><\/p>\n<p>Die Redoxpotenziale weichen stark von den Standardpotenzialen ab, da hier keine 1 molaren L\u00f6sungen vorliegen (andere Konzentrationen der Elektrolyte) und der pH-Wert ebenfalls von den Standardbedingungen abweicht. Wenn wir einen entladenen Bleiakku betrachten, stellen wir fest, dass sich an den Elektroden ein wei\u00dfes Salz absetzt. Es handelt sich hierbei um das schwer l\u00f6sliche Blei(II)-sulfat.<\/p>\n<p>\\begin{align*}<br \/>\n{Pb^{2+}} \\ + {SO_4^{2-}} \\quad \\rightarrow \\quad &amp; {PbSO_4}<br \/>\n\\end{align*}<\/p>\n<p>Wenn wir den Akku wieder aufladen wollen, legen wir eine Spannung (in diesem Fall von ca. 2,5 V) an, wodurch die Elektrodenreaktionen umgekehrt werden. Es l\u00e4uft folgende Elektrolyse ab (das im Akku vorhandene Wasser wird nicht elektrolysiert, da die Spannung aufgrund der \u00dcberspannung nicht ausreicht, um diese Reaktion in Gang zu setzen):<\/p>\n<p><img decoding=\"async\" loading=\"lazy\" class=\"aligncenter wp-image-10797\" src=\"https:\/\/www.studyhelp.de\/online-lernen\/wp-content\/uploads\/2018\/10\/Elektrolyse.jpg\" alt=\"Elektrolyse\" width=\"554\" height=\"67\" srcset=\"https:\/\/www.studyhelp.de\/online-lernen\/wp-content\/uploads\/2018\/10\/Elektrolyse.jpg 785w, https:\/\/www.studyhelp.de\/online-lernen\/wp-content\/uploads\/2018\/10\/Elektrolyse-300x36.jpg 300w, https:\/\/www.studyhelp.de\/online-lernen\/wp-content\/uploads\/2018\/10\/Elektrolyse-768x93.jpg 768w\" sizes=\"(max-width: 554px) 100vw, 554px\" \/><\/p>\n<p>Fassen wir diese Teilreaktionen nun zu einer Gesamtgleichung zusammen, k\u00f6nnen wir folgende Reaktionen beim Laden bzw. Entladen eines Bleiakkus formulieren:<\/p>\n<p><img decoding=\"async\" loading=\"lazy\" class=\"aligncenter wp-image-10798\" src=\"https:\/\/www.studyhelp.de\/online-lernen\/wp-content\/uploads\/2018\/10\/Reaktion-zum-Laden-und-Entladen-von-BleiAkkus.jpg\" alt=\"Reaktion zum Laden und Entladen von Bleiakkus\" width=\"499\" height=\"43\" srcset=\"https:\/\/www.studyhelp.de\/online-lernen\/wp-content\/uploads\/2018\/10\/Reaktion-zum-Laden-und-Entladen-von-BleiAkkus.jpg 742w, https:\/\/www.studyhelp.de\/online-lernen\/wp-content\/uploads\/2018\/10\/Reaktion-zum-Laden-und-Entladen-von-BleiAkkus-300x26.jpg 300w\" sizes=\"(max-width: 499px) 100vw, 499px\" \/><\/p>\n","protected":false},"excerpt":{"rendered":"<p>Batterien und Akkus basieren auf dem Prinzip der galvanischen Zelle. Batterien sind sogenannte Prim\u00e4relemente, bei denen die Redoxreaktion nicht umkehrbar ist. Daher k\u00f6nnen diese nicht wieder aufgeladen werden. Akkus hingegen sind sogenannte Sekund\u00e4relemente. Bei denen wird die Reaktion durch das Anlegen von elektrischem Strom umgekehrt, so dass sie anschlie\u00dfend zur Gewinnung von elektrischen Stroms erneut [&hellip;]<\/p>\n","protected":false},"author":3,"featured_media":0,"parent":9325,"menu_order":0,"comment_status":"closed","ping_status":"closed","template":"","meta":[],"categories":[54],"tags":[],"yoast_head":"<!-- This site is optimized with the Yoast SEO plugin v14.7 - https:\/\/yoast.com\/wordpress\/plugins\/seo\/ -->\n<title>Batterien und Akkus - StudyHelp Online-Lernen<\/title>\n<meta name=\"robots\" content=\"index, follow\" \/>\n<meta name=\"googlebot\" content=\"index, follow, max-snippet:-1, max-image-preview:large, max-video-preview:-1\" \/>\n<meta name=\"bingbot\" content=\"index, follow, max-snippet:-1, max-image-preview:large, max-video-preview:-1\" \/>\n<link rel=\"canonical\" href=\"https:\/\/www.studyhelp.de\/online-lernen\/chemie\/batterien-und-akkus\/\" \/>\n<meta property=\"og:locale\" content=\"de_DE\" \/>\n<meta property=\"og:type\" content=\"article\" \/>\n<meta property=\"og:title\" content=\"Batterien und Akkus - StudyHelp Online-Lernen\" \/>\n<meta property=\"og:description\" content=\"Batterien und Akkus basieren auf dem Prinzip der galvanischen Zelle. Batterien sind sogenannte Prim\u00e4relemente, bei denen die Redoxreaktion nicht umkehrbar ist. Daher k\u00f6nnen diese nicht wieder aufgeladen werden. Akkus hingegen sind sogenannte Sekund\u00e4relemente. Bei denen wird die Reaktion durch das Anlegen von elektrischem Strom umgekehrt, so dass sie anschlie\u00dfend zur Gewinnung von elektrischen Stroms erneut [&hellip;]\" \/>\n<meta property=\"og:url\" content=\"https:\/\/www.studyhelp.de\/online-lernen\/chemie\/batterien-und-akkus\/\" \/>\n<meta property=\"og:site_name\" content=\"StudyHelp Online-Lernen\" \/>\n<meta property=\"article:modified_time\" content=\"2021-04-22T11:15:36+00:00\" \/>\n<meta property=\"og:image\" content=\"https:\/\/www.studyhelp.de\/online-lernen\/wp-content\/uploads\/2018\/10\/Batterien-und-Akkus-Galvanische-Elememente-Darstellung.jpg\" \/>\n<meta name=\"twitter:card\" content=\"summary_large_image\" \/>\n<script type=\"application\/ld+json\" class=\"yoast-schema-graph\">{\"@context\":\"https:\/\/schema.org\",\"@graph\":[{\"@type\":\"WebSite\",\"@id\":\"https:\/\/www.studyhelp.de\/online-lernen\/#website\",\"url\":\"https:\/\/www.studyhelp.de\/online-lernen\/\",\"name\":\"StudyHelp Online-Lernen\",\"description\":\"\",\"potentialAction\":[{\"@type\":\"SearchAction\",\"target\":\"https:\/\/www.studyhelp.de\/online-lernen\/?s={search_term_string}\",\"query-input\":\"required name=search_term_string\"}],\"inLanguage\":\"de-DE\"},{\"@type\":\"ImageObject\",\"@id\":\"https:\/\/www.studyhelp.de\/online-lernen\/chemie\/batterien-und-akkus\/#primaryimage\",\"inLanguage\":\"de-DE\",\"url\":\"https:\/\/www.studyhelp.de\/online-lernen\/wp-content\/uploads\/2018\/10\/Batterien-und-Akkus-Galvanische-Elememente-Darstellung.jpg\",\"width\":808,\"height\":472,\"caption\":\"Batterien und Akkus Galvanische Elememente Darstellung\"},{\"@type\":\"WebPage\",\"@id\":\"https:\/\/www.studyhelp.de\/online-lernen\/chemie\/batterien-und-akkus\/#webpage\",\"url\":\"https:\/\/www.studyhelp.de\/online-lernen\/chemie\/batterien-und-akkus\/\",\"name\":\"Batterien und Akkus - StudyHelp Online-Lernen\",\"isPartOf\":{\"@id\":\"https:\/\/www.studyhelp.de\/online-lernen\/#website\"},\"primaryImageOfPage\":{\"@id\":\"https:\/\/www.studyhelp.de\/online-lernen\/chemie\/batterien-und-akkus\/#primaryimage\"},\"datePublished\":\"2018-10-04T12:08:43+00:00\",\"dateModified\":\"2021-04-22T11:15:36+00:00\",\"inLanguage\":\"de-DE\",\"potentialAction\":[{\"@type\":\"ReadAction\",\"target\":[\"https:\/\/www.studyhelp.de\/online-lernen\/chemie\/batterien-und-akkus\/\"]}]}]}<\/script>\n<!-- \/ Yoast SEO plugin. -->","_links":{"self":[{"href":"https:\/\/www.studyhelp.de\/online-lernen\/wp-json\/wp\/v2\/pages\/10047"}],"collection":[{"href":"https:\/\/www.studyhelp.de\/online-lernen\/wp-json\/wp\/v2\/pages"}],"about":[{"href":"https:\/\/www.studyhelp.de\/online-lernen\/wp-json\/wp\/v2\/types\/page"}],"author":[{"embeddable":true,"href":"https:\/\/www.studyhelp.de\/online-lernen\/wp-json\/wp\/v2\/users\/3"}],"replies":[{"embeddable":true,"href":"https:\/\/www.studyhelp.de\/online-lernen\/wp-json\/wp\/v2\/comments?post=10047"}],"version-history":[{"count":7,"href":"https:\/\/www.studyhelp.de\/online-lernen\/wp-json\/wp\/v2\/pages\/10047\/revisions"}],"predecessor-version":[{"id":16725,"href":"https:\/\/www.studyhelp.de\/online-lernen\/wp-json\/wp\/v2\/pages\/10047\/revisions\/16725"}],"up":[{"embeddable":true,"href":"https:\/\/www.studyhelp.de\/online-lernen\/wp-json\/wp\/v2\/pages\/9325"}],"wp:attachment":[{"href":"https:\/\/www.studyhelp.de\/online-lernen\/wp-json\/wp\/v2\/media?parent=10047"}],"wp:term":[{"taxonomy":"category","embeddable":true,"href":"https:\/\/www.studyhelp.de\/online-lernen\/wp-json\/wp\/v2\/categories?post=10047"},{"taxonomy":"post_tag","embeddable":true,"href":"https:\/\/www.studyhelp.de\/online-lernen\/wp-json\/wp\/v2\/tags?post=10047"}],"curies":[{"name":"wp","href":"https:\/\/api.w.org\/{rel}","templated":true}]}}