{"id":10053,"date":"2018-10-04T14:10:14","date_gmt":"2018-10-04T12:10:14","guid":{"rendered":"https:\/\/www.studyhelp.de\/online-lernen\/?page_id=10053"},"modified":"2018-10-18T11:45:40","modified_gmt":"2018-10-18T09:45:40","slug":"korrosion","status":"publish","type":"page","link":"https:\/\/www.studyhelp.de\/online-lernen\/chemie\/korrosion\/","title":{"rendered":"Korrosion"},"content":{"rendered":"\n<p>Bei der Korrosion handelt es sich um die Zerst\u00f6rung von Metallen durch Oxidation dieser Metalle. Die bekannteste und wirtschaftlich sch\u00e4dlichste Korrosion ist das Rosten von Eisen. Dabei reagiert Eisen mit Sauerstoff und Wasser zu verschiedenen Eisenoxiden und -hydroxiden. Diese Reaktionen betrachten wir jetzt noch genauer.<\/p>\n<p>Zun\u00e4chst wird Eisen zu Eisen(II) oxidiert und reagiert mit Hydroxidionen zu dem schwerl\u00f6slichen Eisen(II)-Hydroxid.<\/p>\n<p>\\begin{array}{llcll}<br \/>\n\\text{Ox.:} &#038; {Fe} &#038; \\quad \\rightarrow  &#038; \\quad \\ {Fe^{2+}} \\ + \\ {2e^{-}} &#038; \\cdot 2 \\\\<br \/>\n\\text{Red.:} &#038;  \\ {O_2} \\ + \\ {2H_2O} \\ + \\ {4e^{-}} \\ &#038; \\quad \\rightarrow  &#038; \\quad {4OH^{-}} \\ &#038;  \\\\<br \/>\n\\hline<br \/>\n\\text{Redox:} &#038;  \\ {2Fe^{2+}}\\ + \\ {O_2} \\ + \\ {2H_2O} &#038; \\quad \\rightarrow \\quad &#038; {2Fe^{2+}} \\ + \\ {4OH^{-}} &#038;  \\\\<br \/>\n\\end{array}<\/p>\n<p>\\begin{align*}<br \/>\n\\Rightarrow \\ {2Fe^{2+}} \\ + \\ {4OH^{-}} \\quad \\rightarrow \\quad {2Fe(OH)2}<br \/>\n\\end{align*}<\/p>\n<p>Das Eisen(II) oxidiert leicht weiter zu Eisen(III), welches wieder mit Hydroxidionen zu Eisen(III)-Hydroxid weiterreagiert \u2013 ein gelbbrauner Feststoff.<\/p>\n<p>\\begin{array}{llcll}<br \/>\n\\text{Ox.:} &#038; {Fe^{2+}} &#038; \\quad \\rightarrow  &#038; \\quad \\ {Fe^{3+}} \\ + \\ {e^{-}} &#038; \\cdot 4 \\\\<br \/>\n\\text{Red.:} &#038;  \\ {O_2} \\ + \\ {2H_2O} \\ + \\ {4e^{-}} \\ &#038; \\quad \\rightarrow  &#038; \\quad {4OH^{-}} \\ &#038;  \\\\<br \/>\n\\hline<br \/>\n\\text{Redox:} &#038;  \\ {4Fe^{2+}}\\ + \\ {O_2} \\ + \\ {2H_2O} &#038; \\quad \\rightarrow  \\quad &#038; {4Fe^{3+}} \\ + \\ {4OH^{-}} &#038;  \\\\<br \/>\n\\end{array}<\/p>\n<p>\\begin{array}{cl}<br \/>\n\\Rightarrow &#038; \\ {Fe^{3+}} \\ + \\ {3OH^{-}} \\quad \\rightarrow  &#038; \\quad \\ {Fe(OH)3} \\\\<br \/>\n\\Rightarrow &#038; \\ {Fe(OH)3} \\quad \\rightarrow  &#038; \\quad {FeO(OH)} \\ + \\ {H_2O}<br \/>\n\\end{array}<\/p>\n<p>Das Eisen(III)-Hydroxid reagiert dann weiter zum braunen Eisen(III)-oxidhydroxid, indem Wasser abgespalten wird. Letztendlich liegt ein Gemisch aus Eisen(II)-hydroxid, Eisen(III)-hydroxid, Eisen(III)-oxidhydroxid und Wasser vor. Das Volumen von Rost ist gr\u00f6\u00dfer als das des urspr\u00fcnglichen Eisens, weshalb die Rostschicht auf dem Eisen leicht abplatzt. <\/p>\n<p>Um das Rosten von Eisen zu verhindern, gibt es zwei verschiedene M\u00f6glichkeiten: den passiven und aktiven Korrosionsschutz.<\/p>\n<h2>Passiver Korrosionsschutz<\/h2>\n<p>Wir k\u00f6nnen die Korrosion eines Metalls verhindern, indem wir daf\u00fcr sorgen, dass das Metall nicht mit den f\u00fcr das Rosten verantwortlichen Reaktionspartnern in Ber\u00fchrung kommt. Dazu \u00fcberziehen wir das Metall mit einer Schutzschicht aus einem korrosionsbest\u00e4ndigen Material. Diese Art von Korrosionsschutz wird passiv genannt, da die Schutzschicht keine Reaktion eingeht, also passiv ist.<\/p>\n<p>Problematisch wird es jedoch, wenn die Schutzschicht besch\u00e4digt wird. In diesem Fall entsteht ein sogenanntes Kontaktelement. Die Schutzschicht, ein edles Metall, ist (elektrisch leitend) mit dem Eisen verbunden und durch die Besch\u00e4digung kommt Wasser an beide Metalle. Wasser wirkt in diesem Fall als Elektrolyt und wir haben eine Art galvanische Zelle. Am edleren Metall nimmt Wasser Elektronen auf und es wird Wasserstoff gebildet. Am unedleren Metall werden Elektronen abgegeben und somit das Metall abgebaut. In diesem Fall rostet das Eisen. Durch das Kontaktelement wird der Rostvorgang allerdings beschleunigt und das Eisen wird schneller besch\u00e4digt.<\/p>\n<h2>Aktiver Korrosionsschutz<\/h2>\n<p>Im Gegensatz zum passiven Korrosionsschutz gibt es noch die M\u00f6glichkeit des aktiven Korrosionsschutzes. Hierbei wird das Eisen mit einem unedleren Metall \u00fcberzogen. Zun\u00e4chst wirkt es als passive Schutzschicht. Der Vorteil hier ist, dass das Eisen auch bei der Besch\u00e4digung der Schutzschicht nicht rostet. Es entsteht zwar auch hier ein Kontaktelement, aber bei einem Kontaktelement wird immer das unedlere Element abgebaut, was in diesem Fall die unedlere Schutzschicht ist. Da nun die Schutzschicht unter Korrosion reagiert, handelt es sich um einen<br \/>\naktiven Korrosionsschutz.<\/p>\n","protected":false},"excerpt":{"rendered":"<p>Bei der Korrosion handelt es sich um die Zerst\u00f6rung von Metallen durch Oxidation dieser Metalle. Die bekannteste und wirtschaftlich sch\u00e4dlichste Korrosion ist das Rosten von Eisen. Dabei reagiert Eisen mit Sauerstoff und Wasser zu verschiedenen Eisenoxiden und -hydroxiden. Diese Reaktionen betrachten wir jetzt noch genauer. Zun\u00e4chst wird Eisen zu Eisen(II) oxidiert und reagiert mit Hydroxidionen [&hellip;]<\/p>\n","protected":false},"author":3,"featured_media":0,"parent":9325,"menu_order":0,"comment_status":"closed","ping_status":"closed","template":"","meta":[],"categories":[54],"tags":[],"yoast_head":"<!-- This site is optimized with the Yoast SEO plugin v14.7 - https:\/\/yoast.com\/wordpress\/plugins\/seo\/ -->\n<title>Korrosion - StudyHelp Online-Lernen<\/title>\n<meta name=\"description\" content=\"Bei der Korrosion handelt es sich um die Zerst\u00f6rung von Metallen durch Oxidation. Die bekannteste und sch\u00e4dlichste Korrosion ist das Rosten von Eisen.\" \/>\n<meta name=\"robots\" content=\"index, follow\" \/>\n<meta name=\"googlebot\" content=\"index, follow, max-snippet:-1, max-image-preview:large, max-video-preview:-1\" \/>\n<meta name=\"bingbot\" content=\"index, follow, max-snippet:-1, max-image-preview:large, max-video-preview:-1\" \/>\n<link rel=\"canonical\" href=\"https:\/\/www.studyhelp.de\/online-lernen\/chemie\/korrosion\/\" \/>\n<meta property=\"og:locale\" content=\"de_DE\" \/>\n<meta property=\"og:type\" content=\"article\" \/>\n<meta property=\"og:title\" content=\"Korrosion - StudyHelp Online-Lernen\" \/>\n<meta property=\"og:description\" content=\"Bei der Korrosion handelt es sich um die Zerst\u00f6rung von Metallen durch Oxidation. Die bekannteste und sch\u00e4dlichste Korrosion ist das Rosten von Eisen.\" \/>\n<meta property=\"og:url\" content=\"https:\/\/www.studyhelp.de\/online-lernen\/chemie\/korrosion\/\" \/>\n<meta property=\"og:site_name\" content=\"StudyHelp Online-Lernen\" \/>\n<meta property=\"article:modified_time\" content=\"2018-10-18T09:45:40+00:00\" \/>\n<meta name=\"twitter:card\" content=\"summary_large_image\" \/>\n<script type=\"application\/ld+json\" class=\"yoast-schema-graph\">{\"@context\":\"https:\/\/schema.org\",\"@graph\":[{\"@type\":\"WebSite\",\"@id\":\"https:\/\/www.studyhelp.de\/online-lernen\/#website\",\"url\":\"https:\/\/www.studyhelp.de\/online-lernen\/\",\"name\":\"StudyHelp Online-Lernen\",\"description\":\"\",\"potentialAction\":[{\"@type\":\"SearchAction\",\"target\":\"https:\/\/www.studyhelp.de\/online-lernen\/?s={search_term_string}\",\"query-input\":\"required name=search_term_string\"}],\"inLanguage\":\"de-DE\"},{\"@type\":\"WebPage\",\"@id\":\"https:\/\/www.studyhelp.de\/online-lernen\/chemie\/korrosion\/#webpage\",\"url\":\"https:\/\/www.studyhelp.de\/online-lernen\/chemie\/korrosion\/\",\"name\":\"Korrosion - StudyHelp Online-Lernen\",\"isPartOf\":{\"@id\":\"https:\/\/www.studyhelp.de\/online-lernen\/#website\"},\"datePublished\":\"2018-10-04T12:10:14+00:00\",\"dateModified\":\"2018-10-18T09:45:40+00:00\",\"description\":\"Bei der Korrosion handelt es sich um die Zerst\\u00f6rung von Metallen durch Oxidation. Die bekannteste und sch\\u00e4dlichste Korrosion ist das Rosten von Eisen.\",\"inLanguage\":\"de-DE\",\"potentialAction\":[{\"@type\":\"ReadAction\",\"target\":[\"https:\/\/www.studyhelp.de\/online-lernen\/chemie\/korrosion\/\"]}]}]}<\/script>\n<!-- \/ Yoast SEO plugin. -->","_links":{"self":[{"href":"https:\/\/www.studyhelp.de\/online-lernen\/wp-json\/wp\/v2\/pages\/10053"}],"collection":[{"href":"https:\/\/www.studyhelp.de\/online-lernen\/wp-json\/wp\/v2\/pages"}],"about":[{"href":"https:\/\/www.studyhelp.de\/online-lernen\/wp-json\/wp\/v2\/types\/page"}],"author":[{"embeddable":true,"href":"https:\/\/www.studyhelp.de\/online-lernen\/wp-json\/wp\/v2\/users\/3"}],"replies":[{"embeddable":true,"href":"https:\/\/www.studyhelp.de\/online-lernen\/wp-json\/wp\/v2\/comments?post=10053"}],"version-history":[{"count":5,"href":"https:\/\/www.studyhelp.de\/online-lernen\/wp-json\/wp\/v2\/pages\/10053\/revisions"}],"predecessor-version":[{"id":10848,"href":"https:\/\/www.studyhelp.de\/online-lernen\/wp-json\/wp\/v2\/pages\/10053\/revisions\/10848"}],"up":[{"embeddable":true,"href":"https:\/\/www.studyhelp.de\/online-lernen\/wp-json\/wp\/v2\/pages\/9325"}],"wp:attachment":[{"href":"https:\/\/www.studyhelp.de\/online-lernen\/wp-json\/wp\/v2\/media?parent=10053"}],"wp:term":[{"taxonomy":"category","embeddable":true,"href":"https:\/\/www.studyhelp.de\/online-lernen\/wp-json\/wp\/v2\/categories?post=10053"},{"taxonomy":"post_tag","embeddable":true,"href":"https:\/\/www.studyhelp.de\/online-lernen\/wp-json\/wp\/v2\/tags?post=10053"}],"curies":[{"name":"wp","href":"https:\/\/api.w.org\/{rel}","templated":true}]}}