{"id":10164,"date":"2018-10-08T12:08:17","date_gmt":"2018-10-08T10:08:17","guid":{"rendered":"https:\/\/www.studyhelp.de\/online-lernen\/?page_id=10164"},"modified":"2018-11-15T16:01:37","modified_gmt":"2018-11-15T15:01:37","slug":"zellorganellen","status":"publish","type":"page","link":"https:\/\/www.studyhelp.de\/online-lernen\/biologie\/zellorganellen\/","title":{"rendered":"Zellorganellen"},"content":{"rendered":"<p>Das Thema Zellorganellen ist ein klassischen Thema zum &#8222;Auswendiglernen&#8220;. Falls ihr bereits in der Oberstufe seid, wird euch dieser Artikel zur Wiederholung helfen. <\/p>\n<p>Die folgenden einzelnen Begriffe und ihre Bedeutung solltest du auswendig wiedergeben k\u00f6nnen. Falls das noch nicht der Fall ist, kannst du perfekt mit unseren kurzen Erkl\u00e4rungen dein Wissen \u00fcber Zellorganellen anf\u00fctter.<\/p>\n<p><strong>In diesem Artikel<\/strong><\/p>\n<ul>\n<li><a href=\"#der-zellkern\">Der Zellkern<\/a><\/li>\n<li><a href=\"#ribosomen\">Ribosomen<\/a><\/li>\n<li><a href=\"#endoplasmatisches-retikulum\">Endoplasmatisches Retikulum<\/a><\/li>\n<li><a href=\"#golgi-apparat\">Golgi-Apparat<\/a><\/li>\n<li><a href=\"#lysosomen\">Lysosomen<\/a><\/li>\n<li><a href=\"#mitochondrien\">Mitochondrien<\/a><\/li>\n<li><a href=\"#chloroplasten\">Chloroplasten<\/a><\/li>\n<li><a href=\"#vakuolen\">Vakuolen<\/a><\/li>\n<li><a href=\"#\">Aufbau einer Pflanzenzelle<\/a><\/li>\n<li><a href=\"#\">Aufbau einer Tierzenzelle<\/a><\/li>\n<\/ul>\n<h2 id=\"der-zellkern\" class=\"anchor\">Der Zellkern<\/h2>\n<p>Der Zellkern ist die wohl bekannteste Zellorganelle. Er enth\u00e4lt das Erbmaterial, welches Stoffwechselvorg\u00e4nge und die Zellteilung kontrolliert. Abgegrenzt durch die Kernh\u00fclle, die aus einer inneren und einer \u00e4u\u00dferen Membran besteht, findet nur durch die Kernporen ein Stoffaustausch mit dem Cytoplasma statt. Im Inneren des Zellkerns befinden sich faden\u00e4hnliche Strukturen, das Chromatin. Verdichtet sich dieses, werden getrennte Chromosomen sichtbar. Au\u00dferdem befindet sich hier der Nucleolus (das Zellk\u00f6rperchen), welcher an der Bildung von Ribosomen beteiligt ist.<br \/>\n<\/p>\n<h2 id=\"ribosomen\" class=\"anchor\">Ribosomen<\/h2>\n<p>Ribosomen kommen entweder frei in der Zelle- oder gebunden an das raue Endoplasmatische Retikulum vor. Sie sind im Zuge der Proteinbiosynthese daran beteiligt, dass Proteine auf Grundlage der Bauanleitung im Zellkern synthetisiert werden.<\/p>\n<h2 id=\"endoplasmatisches-retikulum\" class=\"anchor\">Endoplasmatisches Retikulum<\/h2>\n<p>Das Endoplasmatische Retikulum geh\u00f6rt zu dem inneren Membransystem einer Zelle und durchzieht das gesamte Cytoplasma. Es steht in einem engen Kontakt zur Kernh\u00fclle. Beim Endoplasmatischen Retikulum (ER) unterscheidet man zwischen dem rauen ER und dem glatten ER. Am rauen ER sind viele Ribosomen angeheftet, welche Proteine herstellen. Diese werden vom ER weiter ver\u00e4ndert und zu einer bestimmten Raumstruktur gefaltet. Am glatten ER hingegen gibt es keine Ribosomen, stattdessen ist diese Struktur f\u00fcr den Abbau von Giften und Medikamenten zust\u00e4ndig oder auch an der Bildung von Lipiden oder Hormonen beteiligt.<\/p>\n<h2 id=\"golgi-apparat\" class=\"anchor\">Golgi-Apparat<\/h2>\n<p>Der Golgi-Apparat ist das Zentrum des Stofftransports in der Zelle. Er besteht aus abgeflachten Membrans\u00e4ckchen (Dictyosomen) und Golgi-Vesikeln. Aufgabe des Golgi-Apparats ist es, den Stofftransport in der Zelle mittels Exo- und Endocytose zu koordinieren und Proteine durch die Zelle zu bestimmten Orten zu transportieren.<\/p>\n<h2 id=\"lysosomen\" class=\"anchor\">Lysosomen<\/h2>\n<p>Lysosomen sind Vesikel, in denen sich bestimmte Abbauenzyme befinden. Diese dienen dazu, verschiedene Stoffe, die von der Zelle aufgenommen wurden, zu zersetzen. Dabei entstehen f\u00fcr die Zelle nutzbare Produkte. Eine andere Funktion von Lysosomen besteht darin, besch\u00e4digte Zellbestandteile abzubauen, sodass die Bausteine wieder von der Zelle genutzt werden k\u00f6nnen.<\/p>\n<h2 id=\"mitochondrien\" class=\"anchor\">Mitochondrien<\/h2>\n<p>Mitochondrien sind Zellorganellen, in denen im Zuge der Zellatmung Energie produziert wird (Kapitel 4.1.2). Daher werden sie auch als Kraftwerke der Zelle bezeichnet. Mitochondrien besitzen zwei Membranen und sowohl eigene DNA als auch Ribosomen. Die Anzahl der Mitochondrien in einer Zelle h\u00e4ngt davon ab, welche Funktion diese Zelle erf\u00fcllen soll.<br \/>\n<\/p>\n<h2 id=\"chloroplasten\" class=\"anchor\">Chloroplasten<\/h2>\n<p>Chloroplasten kommen in allen gr\u00fcnen Pflanzenteilen vor. Sie sind, genau wie Mitochondrien, von zwei Membranen umgeben und besitzen eine eigene DNA. Chloroplasten besitzen im Inneren viele flache Membrans\u00e4ckchen (Thylakoide), die in Stapeln (Grana) angeordnet sind. Hier ist das Chlorophyll eingelagert, mit welchem das Licht im Zuge der Photosynthese umgewandelt wird.<\/p>\n<h2 id=\"vakuolen\" class=\"anchor\">Vakuolen<\/h2>\n<p>Vakuolen nehmen in pflanzlichen Zellen oft den gr\u00f6\u00dften Teil der Zelle ein. Sie sind mit Zellsaft gef\u00fcllt und dienen zum einen der Speicherung von Stoffen und geben zum anderen Pflanzenteilen, die nicht verholzt sind, Stabilit\u00e4t.<\/p>\n<h2 id=\"zelle-als-bild\" class=\"anchor\">Aufbau einer Pflanzenzelle<\/h2>\n<p><img decoding=\"async\" loading=\"lazy\" class=\"aligncenter wp-image-10855\" src=\"https:\/\/www.studyhelp.de\/online-lernen\/wp-content\/uploads\/2018\/10\/Zerllaufbau.jpg\" alt=\"Aufbau einer Pflanzenzelle\" width=\"534\" height=\"425\" srcset=\"https:\/\/www.studyhelp.de\/online-lernen\/wp-content\/uploads\/2018\/10\/Zerllaufbau.jpg 895w, https:\/\/www.studyhelp.de\/online-lernen\/wp-content\/uploads\/2018\/10\/Zerllaufbau-300x239.jpg 300w, https:\/\/www.studyhelp.de\/online-lernen\/wp-content\/uploads\/2018\/10\/Zerllaufbau-768x612.jpg 768w\" sizes=\"(max-width: 534px) 100vw, 534px\" \/><\/p>\n<h2 id=\"Tierzelle-als-bild\" class=\"anchor\">Aufbau einer Tierzelle<\/h2>\n<p><img decoding=\"async\" loading=\"lazy\" class=\"aligncenter wp-image-10877\" src=\"https:\/\/www.studyhelp.de\/online-lernen\/wp-content\/uploads\/2018\/10\/Aufbau-einer-Tierzelle.jpg\" alt=\"Aufbau einer Tierzelle\" width=\"479\" height=\"465\" srcset=\"https:\/\/www.studyhelp.de\/online-lernen\/wp-content\/uploads\/2018\/10\/Aufbau-einer-Tierzelle.jpg 807w, https:\/\/www.studyhelp.de\/online-lernen\/wp-content\/uploads\/2018\/10\/Aufbau-einer-Tierzelle-300x291.jpg 300w, https:\/\/www.studyhelp.de\/online-lernen\/wp-content\/uploads\/2018\/10\/Aufbau-einer-Tierzelle-768x746.jpg 768w\" sizes=\"(max-width: 479px) 100vw, 479px\" \/><\/p>\n\n","protected":false},"excerpt":{"rendered":"<p>Das Thema Zellorganellen ist ein klassischen Thema zum &#8222;Auswendiglernen&#8220;. Falls ihr bereits in der Oberstufe seid, wird euch dieser Artikel zur Wiederholung helfen. Die folgenden einzelnen Begriffe und ihre Bedeutung solltest du auswendig wiedergeben k\u00f6nnen. Falls das noch nicht der Fall ist, kannst du perfekt mit unseren kurzen Erkl\u00e4rungen dein Wissen \u00fcber Zellorganellen anf\u00fctter. In [&hellip;]<\/p>\n","protected":false},"author":3,"featured_media":0,"parent":10174,"menu_order":0,"comment_status":"closed","ping_status":"closed","template":"","meta":[],"categories":[59],"tags":[],"yoast_head":"<!-- This site is optimized with the Yoast SEO plugin v14.7 - https:\/\/yoast.com\/wordpress\/plugins\/seo\/ -->\n<title>Zellorganellen - woraus besteht eine Zelle? - StudyHelp Online-Lernen<\/title>\n<meta name=\"description\" content=\"Zellorganellen werden auf die einzelnen Bestandteile iner Zelle genannt. Z.b. ist der Zellkern oder das endoplasmatische Retikulum eine Zellorganelle.\" \/>\n<meta name=\"robots\" content=\"index, follow\" \/>\n<meta name=\"googlebot\" content=\"index, follow, max-snippet:-1, max-image-preview:large, max-video-preview:-1\" \/>\n<meta name=\"bingbot\" content=\"index, follow, max-snippet:-1, max-image-preview:large, max-video-preview:-1\" \/>\n<link rel=\"canonical\" href=\"https:\/\/www.studyhelp.de\/online-lernen\/biologie\/zellorganellen\/\" \/>\n<meta property=\"og:locale\" content=\"de_DE\" \/>\n<meta property=\"og:type\" content=\"article\" \/>\n<meta property=\"og:title\" content=\"Zellorganellen - woraus besteht eine Zelle? - StudyHelp Online-Lernen\" \/>\n<meta property=\"og:description\" content=\"Zellorganellen werden auf die einzelnen Bestandteile iner Zelle genannt. Z.b. ist der Zellkern oder das endoplasmatische Retikulum eine Zellorganelle.\" \/>\n<meta property=\"og:url\" content=\"https:\/\/www.studyhelp.de\/online-lernen\/biologie\/zellorganellen\/\" \/>\n<meta property=\"og:site_name\" content=\"StudyHelp Online-Lernen\" \/>\n<meta property=\"article:modified_time\" content=\"2018-11-15T15:01:37+00:00\" \/>\n<meta property=\"og:image\" content=\"https:\/\/www.studyhelp.de\/online-lernen\/wp-content\/uploads\/2018\/10\/Zerllaufbau.jpg\" \/>\n<meta name=\"twitter:card\" content=\"summary_large_image\" \/>\n<script type=\"application\/ld+json\" class=\"yoast-schema-graph\">{\"@context\":\"https:\/\/schema.org\",\"@graph\":[{\"@type\":\"WebSite\",\"@id\":\"https:\/\/www.studyhelp.de\/online-lernen\/#website\",\"url\":\"https:\/\/www.studyhelp.de\/online-lernen\/\",\"name\":\"StudyHelp Online-Lernen\",\"description\":\"\",\"potentialAction\":[{\"@type\":\"SearchAction\",\"target\":\"https:\/\/www.studyhelp.de\/online-lernen\/?s={search_term_string}\",\"query-input\":\"required name=search_term_string\"}],\"inLanguage\":\"de-DE\"},{\"@type\":\"ImageObject\",\"@id\":\"https:\/\/www.studyhelp.de\/online-lernen\/biologie\/zellorganellen\/#primaryimage\",\"inLanguage\":\"de-DE\",\"url\":\"https:\/\/www.studyhelp.de\/online-lernen\/wp-content\/uploads\/2018\/10\/Zerllaufbau.jpg\",\"width\":895,\"height\":713,\"caption\":\"Aufbau einer Pflanzenzelle\"},{\"@type\":\"WebPage\",\"@id\":\"https:\/\/www.studyhelp.de\/online-lernen\/biologie\/zellorganellen\/#webpage\",\"url\":\"https:\/\/www.studyhelp.de\/online-lernen\/biologie\/zellorganellen\/\",\"name\":\"Zellorganellen - woraus besteht eine Zelle? - StudyHelp Online-Lernen\",\"isPartOf\":{\"@id\":\"https:\/\/www.studyhelp.de\/online-lernen\/#website\"},\"primaryImageOfPage\":{\"@id\":\"https:\/\/www.studyhelp.de\/online-lernen\/biologie\/zellorganellen\/#primaryimage\"},\"datePublished\":\"2018-10-08T10:08:17+00:00\",\"dateModified\":\"2018-11-15T15:01:37+00:00\",\"description\":\"Zellorganellen werden auf die einzelnen Bestandteile iner Zelle genannt. Z.b. ist der Zellkern oder das endoplasmatische Retikulum eine Zellorganelle.\",\"inLanguage\":\"de-DE\",\"potentialAction\":[{\"@type\":\"ReadAction\",\"target\":[\"https:\/\/www.studyhelp.de\/online-lernen\/biologie\/zellorganellen\/\"]}]}]}<\/script>\n<!-- \/ Yoast SEO plugin. -->","_links":{"self":[{"href":"https:\/\/www.studyhelp.de\/online-lernen\/wp-json\/wp\/v2\/pages\/10164"}],"collection":[{"href":"https:\/\/www.studyhelp.de\/online-lernen\/wp-json\/wp\/v2\/pages"}],"about":[{"href":"https:\/\/www.studyhelp.de\/online-lernen\/wp-json\/wp\/v2\/types\/page"}],"author":[{"embeddable":true,"href":"https:\/\/www.studyhelp.de\/online-lernen\/wp-json\/wp\/v2\/users\/3"}],"replies":[{"embeddable":true,"href":"https:\/\/www.studyhelp.de\/online-lernen\/wp-json\/wp\/v2\/comments?post=10164"}],"version-history":[{"count":17,"href":"https:\/\/www.studyhelp.de\/online-lernen\/wp-json\/wp\/v2\/pages\/10164\/revisions"}],"predecessor-version":[{"id":11460,"href":"https:\/\/www.studyhelp.de\/online-lernen\/wp-json\/wp\/v2\/pages\/10164\/revisions\/11460"}],"up":[{"embeddable":true,"href":"https:\/\/www.studyhelp.de\/online-lernen\/wp-json\/wp\/v2\/pages\/10174"}],"wp:attachment":[{"href":"https:\/\/www.studyhelp.de\/online-lernen\/wp-json\/wp\/v2\/media?parent=10164"}],"wp:term":[{"taxonomy":"category","embeddable":true,"href":"https:\/\/www.studyhelp.de\/online-lernen\/wp-json\/wp\/v2\/categories?post=10164"},{"taxonomy":"post_tag","embeddable":true,"href":"https:\/\/www.studyhelp.de\/online-lernen\/wp-json\/wp\/v2\/tags?post=10164"}],"curies":[{"name":"wp","href":"https:\/\/api.w.org\/{rel}","templated":true}]}}