{"id":10180,"date":"2018-10-08T13:47:01","date_gmt":"2018-10-08T11:47:01","guid":{"rendered":"https:\/\/www.studyhelp.de\/online-lernen\/?page_id=10180"},"modified":"2018-11-19T10:38:32","modified_gmt":"2018-11-19T09:38:32","slug":"dna","status":"publish","type":"page","link":"https:\/\/www.studyhelp.de\/online-lernen\/biologie\/dna\/","title":{"rendered":"DNA"},"content":{"rendered":"<h2>DNA \/ DNS Grundlagen<\/h2>\n<p>DNA bzw. DNS Grundlagen ist das erste Thema im \u00fcbergeordneten Kapitel Genetik. Wir zeigen euch wie die DNA aufgebaut ist und aus welchen Einzelteilen sie besteht. Hierf\u00fcr schauen wir uns explizit den Aufbau von Nukleotiden an und wie aus ihnen ein DNA-Strang entsteht.<\/p>\n<p><strong>Themen zur DNA auf dieser Seite<\/strong><\/p>\n<ul>\n<li><a href=\"#wie-ist-die-dna-aufgebaut\">Wie ist die DNA aufgebaut?<\/a><\/li>\n<li><a href=\"#die-pentose\">Die Pentose<\/a><\/li>\n<li><a href=\"#was-sind-phosphatgruppen\">Was sind Phosphatgruppen (Auch Phosphatreste genannt)?<\/a>\n<li><a href=\"#basen-\u00fcbersicht\">Basen \u00dcbersicht<\/a><\/li>\n<li><a href=\"#aufgabe-der-base-in-der-dna\">Aufgabe der Base in der DNA?<\/a><\/li>\n<\/ul>\n<p>Bevor wir direkt in das Thema DNA einsteigen, sollten wir zuerst die Verwirrung hinter den Abk\u00fcrzungen DNA und DNS aufkl\u00e4ren. Hierzu eine genaue Wortbeschreibung:<\/p>\n<div class=\"box info\">\n<p>Englisch: <strong>DNA<\/strong> (<strong>D<\/strong>eoxyribo<strong>N<\/strong>ucleic <strong>A<\/strong>cid)<\/p>\n<p>Deutsch: <strong>DNS<\/strong> (<strong>D<\/strong>esoxyribon<strong>N<\/strong>uclein<strong>S<\/strong>\u00e4ure)<br \/>\n<\/div>\n<p>Die Begriffe DNA und DNS unterscheiden sich nur in ihrer Herkunft, nicht in ihrer Bedeutung. DNA ist schlichtweg die englische Variante des Begriffs DNS. Gel\u00e4ufiger ist der Begriff DNA, weswegen wir ihn in diesem Artikel verwenden werden. Kommen wir jetzt zum wesentlichen Thema dieses Artikels: Den Aufbau der DNA.<\/p>\n\n<h2 class=\"anchor\" id=\"wie-ist-die-dna-aufgebaut\">Wie ist die DNA (Deutsch \u201eDesoxyribonukleins\u00e4ure\u201c) aufgebaut?<\/h2>\n<p>Die DNA ist aus sogenannten <strong>Nukleotiden<\/strong> aufgebaut. Merkt euch diesen Begriff, da er f\u00fcr den Aufbau eines DNA-Stranges wichtig sein wird.<\/p>\n<p>Jedes <strong>Nukleotid<\/strong> besteht wiederum aus <strong>3 Teilen<\/strong>:<\/p>\n<ul>\n<li>einer Phosphatgruppe (P),<\/li>\n<li>dem Zucker Desoxyribose<\/li>\n<li>und einer von vier organischen Basen (Adenin, Thymin, Guanin und Cytosin).<\/li>\n<\/ul>\n<p>Schauen wir uns zun\u00e4chst eine vereinfachte Darstellung eines Nukleotids an, bevor wir ins Detail gehen:<\/p>\n<p><img decoding=\"async\" loading=\"lazy\" class=\"aligncenter wp-image-10910\" src=\"https:\/\/www.studyhelp.de\/online-lernen\/wp-content\/uploads\/2018\/10\/Nukleotid.jpg\" alt=\"Nukleotid\" width=\"682\" height=\"199\" srcset=\"https:\/\/www.studyhelp.de\/online-lernen\/wp-content\/uploads\/2018\/10\/Nukleotid.jpg 1031w, https:\/\/www.studyhelp.de\/online-lernen\/wp-content\/uploads\/2018\/10\/Nukleotid-300x88.jpg 300w, https:\/\/www.studyhelp.de\/online-lernen\/wp-content\/uploads\/2018\/10\/Nukleotid-768x224.jpg 768w, https:\/\/www.studyhelp.de\/online-lernen\/wp-content\/uploads\/2018\/10\/Nukleotid-1024x299.jpg 1024w\" sizes=\"(max-width: 682px) 100vw, 682px\" \/><\/p>\n<p>Wenn ihr euch das Schaubild genauer anschaut, seht ihr, dass der Begriff <strong>Pentose<\/strong> hier das erste Mal f\u00e4llt. Bevor Verwirrungen auftreten fangen wir direkt mit diesem Baustein der DNA an.<\/p>\n<h2 class=\"anchor\" id=\"die-pentose\">Die Pentose<\/h2>\n<p><img decoding=\"async\" loading=\"lazy\" class=\"aligncenter wp-image-10912\" src=\"https:\/\/www.studyhelp.de\/online-lernen\/wp-content\/uploads\/2018\/10\/Pentose.jpg\" alt=\"Pentose\" width=\"574\" height=\"218\" srcset=\"https:\/\/www.studyhelp.de\/online-lernen\/wp-content\/uploads\/2018\/10\/Pentose.jpg 963w, https:\/\/www.studyhelp.de\/online-lernen\/wp-content\/uploads\/2018\/10\/Pentose-300x114.jpg 300w, https:\/\/www.studyhelp.de\/online-lernen\/wp-content\/uploads\/2018\/10\/Pentose-768x292.jpg 768w\" sizes=\"(max-width: 574px) 100vw, 574px\" \/><br \/>\nEine Pentose ist ein Zucker mit f\u00fcnf Kohlenstoff-Atomen. Diese sind von 1 bis 5 im Uhrzeigersinn angeordnet (Siehe Symbol-Grafik). Was ihr euch auf jeden Fall merken m\u00fcsst ist folgendes: Desoxyribose ist Bestandteil des Aufbaus der DNA, wobei Ribose Bestandteil des Aufbaus von RNA ist. (Hier zum RNA Artikel)<\/p>\n<p>Wie man den Bildern entnehmen kann liegt der Unterschied zwischen Desoxyribose und Ribose bei dem fehlenden Sauerstoffatom (O-Atom). Dieses Wissen ist sp\u00e4ter wichtig um die Verkettung von Nukleotiden zu einem DNA-Strang nachvollziehen zu k\u00f6nnen. Dazu jedoch sp\u00e4ter mehr.<\/p>\n<p>Um das sogenannte \u201eDNA-R\u00fcckgrat\u201c (Pentose+Phosphatgruppe) bilden zu k\u00f6nnen, m\u00fcssen wir uns zun\u00e4chst die Phosphatgruppen ansehen. Das ist das P in der oben skizzierten Grafik des Nukleotids.<\/p>\n<h2 class=\"anchor\" id=\"was-sind-phosphatgruppen\">Was sind Phosphatgruppen (Auch Phosphatreste genannt)?<\/h2>\n<p><img decoding=\"async\" loading=\"lazy\" class=\"aligncenter wp-image-10913\" src=\"https:\/\/www.studyhelp.de\/online-lernen\/wp-content\/uploads\/2018\/10\/Phosphatreste.jpg\" alt=\"Phosphatreste\" width=\"607\" height=\"213\" srcset=\"https:\/\/www.studyhelp.de\/online-lernen\/wp-content\/uploads\/2018\/10\/Phosphatreste.jpg 978w, https:\/\/www.studyhelp.de\/online-lernen\/wp-content\/uploads\/2018\/10\/Phosphatreste-300x105.jpg 300w, https:\/\/www.studyhelp.de\/online-lernen\/wp-content\/uploads\/2018\/10\/Phosphatreste-768x269.jpg 768w\" sizes=\"(max-width: 607px) 100vw, 607px\" \/><\/p>\n<p>Die Phosphatgruppe dockt in der DNA immer an das 5. C-Atom der Desoxyribose an. Das ist auch der Grund, warum weiter oben in der Skizze des Nukleotids das P an die 5 gekoppelt ist. Warum dort auch die wichtige Zahl 3 auftaucht, erfahren wir sp\u00e4ter und kann bei der Betrachtung eines einzelnen Nukleotids erstmal au\u00dfen vorgelassen werden.<\/p>\n<p>Das DNA-R\u00fcckgrat besteht also aus der Pentose und der Phosphatgruppe. Warum die Kombination der beiden Bestandteile so genannte werden, kann man am besten grafisch erkl\u00e4ren:<\/p>\n<p><img decoding=\"async\" loading=\"lazy\" class=\"aligncenter wp-image-10914\" src=\"https:\/\/www.studyhelp.de\/online-lernen\/wp-content\/uploads\/2018\/10\/DNA-R\u00fcckgrat.jpg\" alt=\"DNA-R\u00fcckgrat\" width=\"617\" height=\"404\" srcset=\"https:\/\/www.studyhelp.de\/online-lernen\/wp-content\/uploads\/2018\/10\/DNA-R\u00fcckgrat.jpg 1047w, https:\/\/www.studyhelp.de\/online-lernen\/wp-content\/uploads\/2018\/10\/DNA-R\u00fcckgrat-300x197.jpg 300w, https:\/\/www.studyhelp.de\/online-lernen\/wp-content\/uploads\/2018\/10\/DNA-R\u00fcckgrat-768x503.jpg 768w, https:\/\/www.studyhelp.de\/online-lernen\/wp-content\/uploads\/2018\/10\/DNA-R\u00fcckgrat-1024x671.jpg 1024w\" sizes=\"(max-width: 617px) 100vw, 617px\" \/><\/p>\n<p>Wie man den Grafiken entnehmen bildet das DNA-R\u00fcckgrat, also die Phosphatgruppe und die Desoxyribose, die Str\u00e4nge der \u201eDNA-Leiter\u201c. Was die Sprossen zwischen den Str\u00e4ngen sind, schauen wir uns im n\u00e4chsten Abschnitt genauer an.<br \/>\n<\/p>\n<h2 class=\"anchor\" id=\"basen-\u00fcbersicht\">Basen \u00dcbersicht<\/h2>\n<p>Nachdem wir uns die Phosphatgruppen und die Desoxyribose angeschaut haben, fehlt noch der 3. Teil eines Nukleotids: Die Base.<\/p>\n<p>Wie man oben in der Skizze erkennen kann, verbindet sich die Base in einem Nukleotid an dem 1. C-Atom der Desoxyribose. Wichtige dabei ist, dass es vier organische Basen gibt, die wie folgt aussehen:<\/p>\n<p><img decoding=\"async\" loading=\"lazy\" class=\"aligncenter wp-image-10916\" src=\"https:\/\/www.studyhelp.de\/online-lernen\/wp-content\/uploads\/2018\/10\/Struktur-Symbol.jpg\" alt=\"Basen (Struktur &amp; Symbol)\" width=\"595\" height=\"752\" srcset=\"https:\/\/www.studyhelp.de\/online-lernen\/wp-content\/uploads\/2018\/10\/Struktur-Symbol.jpg 770w, https:\/\/www.studyhelp.de\/online-lernen\/wp-content\/uploads\/2018\/10\/Struktur-Symbol-237x300.jpg 237w, https:\/\/www.studyhelp.de\/online-lernen\/wp-content\/uploads\/2018\/10\/Struktur-Symbol-768x971.jpg 768w\" sizes=\"(max-width: 595px) 100vw, 595px\" \/><\/p>\n<p>Oben haben wir geschrieben, dass es 4 organische Basen gibt, aber warum f\u00fchren wir hier 5 auf? Die Antwort ist folgende: Es gibt zwei Grundk\u00f6rper f\u00fcr organische Basen. Sie hei\u00dfen <strong>Pyrimidinbasen<\/strong> und <strong>Purinbasen<\/strong>.<\/p>\n<div class=\"box info\">\n<p>Purinbasen: (Adenin, Guanin)<\/p>\n<p>Pyrimidinbasen: (Cytosin, Thymin, Uracil)<br \/>\n<\/div>\n<p>Wir sehen also, dass es 5 Basen gibt, die auf zwei verschiedenen Grundk\u00f6rpern beruhen. Wichtig zu wissen ist, dass <strong>Adenin<\/strong>, <strong>Guanin<\/strong>, <strong>Cytosin<\/strong> und <strong>Thymin<\/strong> in der DNA vorkommen, wobei in der RNA die Base Thymin mit der Base Uracil ausgetauscht wird, sodass dort <strong>Adenin<\/strong>, <strong>Guanin<\/strong>, <strong>Cytosin<\/strong> und <strong>Uracil<\/strong> vorkommen.<\/p>\n<h2 class=\"anchor\" id=\"aufgabe-der-base-in-der-dna\">Aufgabe der Base in der DNA?<\/h2>\n<p>Zwei Nukleotide verbinden sich \u00fcber die Basen miteinander, wobei immer eine der zwei Purinbasen sich mit einer der beiden Pyrimidinbasen verbindet. Grafisch dargestellt sehen zwei verbundene Nukleotide wie nebenstehend aus.<\/p>\n<p><img decoding=\"async\" loading=\"lazy\" class=\"aligncenter wp-image-10919\" src=\"https:\/\/www.studyhelp.de\/online-lernen\/wp-content\/uploads\/2018\/10\/Nukleotide-und-Basen.jpg\" alt=\"Nukleotide und Basen\" width=\"430\" height=\"207\" srcset=\"https:\/\/www.studyhelp.de\/online-lernen\/wp-content\/uploads\/2018\/10\/Nukleotide-und-Basen.jpg 833w, https:\/\/www.studyhelp.de\/online-lernen\/wp-content\/uploads\/2018\/10\/Nukleotide-und-Basen-300x144.jpg 300w, https:\/\/www.studyhelp.de\/online-lernen\/wp-content\/uploads\/2018\/10\/Nukleotide-und-Basen-768x370.jpg 768w\" sizes=\"(max-width: 430px) 100vw, 430px\" \/><\/p>\n<p><strong>Und wie bildet sich ein DNA-Strang?<\/strong><br \/>\nDurch die Verkn\u00fcpfung von mehreren Nukleotiden.<\/p>\n<p>Wie auf dem Bild zu sehen ist, verbindet sich das C3-Atom (3\u2018) der oberen Pentose mit der Phosphatgruppe des unteren Nukleotids.<br \/>\nDie beiden Str\u00e4nge der Helix verlaufen gegenl\u00e4ufig, also antiparallel: Dem 5\u2018-Ende des einen Stranges liegt antiparallel das 3\u2018-Ende des komplement\u00e4ren Stranges gegen\u00fcber. Diese Enden entsprechen dabei den jeweiligen C-Atomen der Ribose.<\/p>\n<p><img decoding=\"async\" loading=\"lazy\" class=\"aligncenter wp-image-10920\" src=\"https:\/\/www.studyhelp.de\/online-lernen\/wp-content\/uploads\/2018\/10\/DNA-Strang.png\" alt=\"DNA-Strang\" width=\"490\" height=\"502\" srcset=\"https:\/\/www.studyhelp.de\/online-lernen\/wp-content\/uploads\/2018\/10\/DNA-Strang.png 1168w, https:\/\/www.studyhelp.de\/online-lernen\/wp-content\/uploads\/2018\/10\/DNA-Strang-292x300.png 292w, https:\/\/www.studyhelp.de\/online-lernen\/wp-content\/uploads\/2018\/10\/DNA-Strang-768x788.png 768w, https:\/\/www.studyhelp.de\/online-lernen\/wp-content\/uploads\/2018\/10\/DNA-Strang-998x1024.png 998w\" sizes=\"(max-width: 490px) 100vw, 490px\" \/><br \/>\n<\/p>\n","protected":false},"excerpt":{"rendered":"<p>DNA \/ DNS Grundlagen DNA bzw. DNS Grundlagen ist das erste Thema im \u00fcbergeordneten Kapitel Genetik. Wir zeigen euch wie die DNA aufgebaut ist und aus welchen Einzelteilen sie besteht. Hierf\u00fcr schauen wir uns explizit den Aufbau von Nukleotiden an und wie aus ihnen ein DNA-Strang entsteht. Themen zur DNA auf dieser Seite Wie ist [&hellip;]<\/p>\n","protected":false},"author":3,"featured_media":0,"parent":10174,"menu_order":0,"comment_status":"closed","ping_status":"closed","template":"","meta":[],"categories":[59],"tags":[],"yoast_head":"<!-- This site is optimized with the Yoast SEO plugin v14.7 - https:\/\/yoast.com\/wordpress\/plugins\/seo\/ -->\n<title>DNA Aufbau verst\u00e4ndlich erkl\u00e4rt - StudyHelp Online-Lernen<\/title>\n<meta name=\"description\" content=\"Die DNA ist ein aus Nukleins\u00e4ure bestehendes Molek\u00fcl. Wir zeigen euch wie die DNA aufgebaut ist und aus welchen Einzelteilen sie besteht! Inkl. Lernvideo!\" \/>\n<meta name=\"robots\" content=\"index, follow\" \/>\n<meta name=\"googlebot\" content=\"index, follow, max-snippet:-1, max-image-preview:large, max-video-preview:-1\" \/>\n<meta name=\"bingbot\" content=\"index, follow, max-snippet:-1, max-image-preview:large, max-video-preview:-1\" \/>\n<link rel=\"canonical\" href=\"https:\/\/www.studyhelp.de\/online-lernen\/biologie\/dna\/\" \/>\n<meta property=\"og:locale\" content=\"de_DE\" \/>\n<meta property=\"og:type\" content=\"article\" \/>\n<meta property=\"og:title\" content=\"DNA Aufbau verst\u00e4ndlich erkl\u00e4rt - StudyHelp Online-Lernen\" \/>\n<meta property=\"og:description\" content=\"Die DNA ist ein aus Nukleins\u00e4ure bestehendes Molek\u00fcl. Wir zeigen euch wie die DNA aufgebaut ist und aus welchen Einzelteilen sie besteht! Inkl. Lernvideo!\" \/>\n<meta property=\"og:url\" content=\"https:\/\/www.studyhelp.de\/online-lernen\/biologie\/dna\/\" \/>\n<meta property=\"og:site_name\" content=\"StudyHelp Online-Lernen\" \/>\n<meta property=\"article:modified_time\" content=\"2018-11-19T09:38:32+00:00\" \/>\n<meta property=\"og:image\" content=\"https:\/\/www.studyhelp.de\/online-lernen\/wp-content\/uploads\/2018\/10\/Nukleotid.jpg\" \/>\n<meta name=\"twitter:card\" content=\"summary_large_image\" \/>\n<script type=\"application\/ld+json\" class=\"yoast-schema-graph\">{\"@context\":\"https:\/\/schema.org\",\"@graph\":[{\"@type\":\"WebSite\",\"@id\":\"https:\/\/www.studyhelp.de\/online-lernen\/#website\",\"url\":\"https:\/\/www.studyhelp.de\/online-lernen\/\",\"name\":\"StudyHelp Online-Lernen\",\"description\":\"\",\"potentialAction\":[{\"@type\":\"SearchAction\",\"target\":\"https:\/\/www.studyhelp.de\/online-lernen\/?s={search_term_string}\",\"query-input\":\"required name=search_term_string\"}],\"inLanguage\":\"de-DE\"},{\"@type\":\"ImageObject\",\"@id\":\"https:\/\/www.studyhelp.de\/online-lernen\/biologie\/dna\/#primaryimage\",\"inLanguage\":\"de-DE\",\"url\":\"https:\/\/www.studyhelp.de\/online-lernen\/wp-content\/uploads\/2018\/10\/Nukleotid.jpg\",\"width\":1031,\"height\":301,\"caption\":\"Nukleotid\"},{\"@type\":\"WebPage\",\"@id\":\"https:\/\/www.studyhelp.de\/online-lernen\/biologie\/dna\/#webpage\",\"url\":\"https:\/\/www.studyhelp.de\/online-lernen\/biologie\/dna\/\",\"name\":\"DNA Aufbau verst\\u00e4ndlich erkl\\u00e4rt - StudyHelp Online-Lernen\",\"isPartOf\":{\"@id\":\"https:\/\/www.studyhelp.de\/online-lernen\/#website\"},\"primaryImageOfPage\":{\"@id\":\"https:\/\/www.studyhelp.de\/online-lernen\/biologie\/dna\/#primaryimage\"},\"datePublished\":\"2018-10-08T11:47:01+00:00\",\"dateModified\":\"2018-11-19T09:38:32+00:00\",\"description\":\"Die DNA ist ein aus Nukleins\\u00e4ure bestehendes Molek\\u00fcl. Wir zeigen euch wie die DNA aufgebaut ist und aus welchen Einzelteilen sie besteht! Inkl. Lernvideo!\",\"inLanguage\":\"de-DE\",\"potentialAction\":[{\"@type\":\"ReadAction\",\"target\":[\"https:\/\/www.studyhelp.de\/online-lernen\/biologie\/dna\/\"]}]}]}<\/script>\n<!-- \/ Yoast SEO plugin. -->","_links":{"self":[{"href":"https:\/\/www.studyhelp.de\/online-lernen\/wp-json\/wp\/v2\/pages\/10180"}],"collection":[{"href":"https:\/\/www.studyhelp.de\/online-lernen\/wp-json\/wp\/v2\/pages"}],"about":[{"href":"https:\/\/www.studyhelp.de\/online-lernen\/wp-json\/wp\/v2\/types\/page"}],"author":[{"embeddable":true,"href":"https:\/\/www.studyhelp.de\/online-lernen\/wp-json\/wp\/v2\/users\/3"}],"replies":[{"embeddable":true,"href":"https:\/\/www.studyhelp.de\/online-lernen\/wp-json\/wp\/v2\/comments?post=10180"}],"version-history":[{"count":15,"href":"https:\/\/www.studyhelp.de\/online-lernen\/wp-json\/wp\/v2\/pages\/10180\/revisions"}],"predecessor-version":[{"id":11480,"href":"https:\/\/www.studyhelp.de\/online-lernen\/wp-json\/wp\/v2\/pages\/10180\/revisions\/11480"}],"up":[{"embeddable":true,"href":"https:\/\/www.studyhelp.de\/online-lernen\/wp-json\/wp\/v2\/pages\/10174"}],"wp:attachment":[{"href":"https:\/\/www.studyhelp.de\/online-lernen\/wp-json\/wp\/v2\/media?parent=10180"}],"wp:term":[{"taxonomy":"category","embeddable":true,"href":"https:\/\/www.studyhelp.de\/online-lernen\/wp-json\/wp\/v2\/categories?post=10180"},{"taxonomy":"post_tag","embeddable":true,"href":"https:\/\/www.studyhelp.de\/online-lernen\/wp-json\/wp\/v2\/tags?post=10180"}],"curies":[{"name":"wp","href":"https:\/\/api.w.org\/{rel}","templated":true}]}}