{"id":10184,"date":"2018-10-08T14:38:08","date_gmt":"2018-10-08T12:38:08","guid":{"rendered":"https:\/\/www.studyhelp.de\/online-lernen\/?page_id=10184"},"modified":"2018-11-16T12:42:56","modified_gmt":"2018-11-16T11:42:56","slug":"mitose","status":"publish","type":"page","link":"https:\/\/www.studyhelp.de\/online-lernen\/biologie\/mitose\/","title":{"rendered":"Mitose"},"content":{"rendered":"<h2>Einleitung zur Mitose<\/h2>\n<p>Organismen wachsen nicht nur, indem sich ihre Zellen vergr\u00f6\u00dfern, sondern vor allem dadurch, dass sich ihre Zellen teilen und vermehren. Dieses Teilen und Vermehren passiert nach einem von der Natur vorgegeben Zyklus, den wir euch auf dieser Seite ausf\u00fchrlich erkl\u00e4ren!<\/p>\n<p>Der Lebenszyklus einer Zelle (Zellzyklus) besteht aus verschiedenen Phasen, die so oft hintereinander durchlaufen werden, bis die Zelle ausdifferenziert ist (d.h. bis sie ihre endg\u00fcltige Funktion \u00fcbernehmen kann) und dann irgendwann abstirbt.<\/p>\n<div class=\"box info\">\nGrob l\u00e4sst sich der Zellzyklus in zwei gro\u00dfe Phasen teilen:<\/p>\n<ul>\n<li><strong>Mitose-Phase<\/strong> (M-Phase)<\/li>\n<li><strong>Interphase<\/strong><\/li>\n<\/ul>\n<\/div>\n<p><img decoding=\"async\" loading=\"lazy\" class=\"wp-image-10886 aligncenter\" src=\"https:\/\/www.studyhelp.de\/online-lernen\/wp-content\/uploads\/2018\/10\/Mitosezyklus.jpg\" alt=\"Mitosezyklus\" width=\"353\" height=\"308\" srcset=\"https:\/\/www.studyhelp.de\/online-lernen\/wp-content\/uploads\/2018\/10\/Mitosezyklus.jpg 744w, https:\/\/www.studyhelp.de\/online-lernen\/wp-content\/uploads\/2018\/10\/Mitosezyklus-300x261.jpg 300w\" sizes=\"(max-width: 353px) 100vw, 353px\" \/><\/p>\n<p>Die <strong>Mitose-Phase<\/strong> umfasst dabei die Zellteilung, die in diesem Kapitel n\u00e4her erl\u00e4utert wird.<\/p>\n<hr>\n<p><strong>F\u00fcr alle, die sich das Thema Mitose gerne anschauen m\u00f6chten, haben wir hier das passende Lernvideo parat!<\/strong><br \/>\n<div class=\"lyte-wrapper\" title=\"Mitose einfach erkl&auml;rt - Zellteilung 1 - Zellzyklus, Ablauf, Phasen &amp;amp; Zusammenfassung - Genetik\" style=\"width:420px;max-width:100%;margin:5px;\"><div class=\"lyMe\" id=\"WYL_aJ8Eto-KjEY\"><div id=\"lyte_aJ8Eto-KjEY\" data-src=\"https:\/\/www.studyhelp.de\/online-lernen\/wp-content\/plugins\/wp-youtube-lyte\/lyteCache.php?origThumbUrl=https%3A%2F%2Fi.ytimg.com%2Fvi%2FaJ8Eto-KjEY%2Fhqdefault.jpg\" class=\"pL\"><div class=\"tC\"><div class=\"tT\">Mitose einfach erkl\u00e4rt - Zellteilung 1 - Zellzyklus, Ablauf, Phasen &amp; Zusammenfassung - Genetik<\/div><\/div><div class=\"play\"><\/div><div class=\"ctrl\"><div class=\"Lctrl\"><\/div><div class=\"Rctrl\"><\/div><\/div><\/div><noscript><a href=\"https:\/\/youtu.be\/aJ8Eto-KjEY\" rel=\"nofollow\"><img src=\"https:\/\/www.studyhelp.de\/online-lernen\/wp-content\/plugins\/wp-youtube-lyte\/lyteCache.php?origThumbUrl=https%3A%2F%2Fi.ytimg.com%2Fvi%2FaJ8Eto-KjEY%2F0.jpg\" alt=\"Mitose einfach erkl&auml;rt - Zellteilung 1 - Zellzyklus, Ablauf, Phasen &amp;amp; Zusammenfassung - Genetik\" width=\"420\" height=\"216\" \/><br \/>Dieses Video auf YouTube ansehen<\/a><\/noscript><\/div><\/div><div class=\"lL\" style=\"max-width:100%;width:420px;margin:5px;\"><\/div><br \/>\n<\/p>\n<hr>\n<h2>Die Interphase<\/h2>\n<p>Die Interphase l\u00e4sst sich in drei gr\u00f6\u00dfere Phase einteilen. Nachdem sich eine Mutterzelle in der M-Phase geteilt hat, treten die Tochterzellen in die <strong>G1-Phase<\/strong> der Interphase ein. Hier werden Zellorganellen und Proteine verdoppelt und die Zellen wachsen auf die Gr\u00f6\u00dfe der Mutterzelle heran.<\/p>\n<p>In der darauffolgenden <strong>S-Phase<\/strong> (oder Synthese-Phase) wird die Erbsubstanz der Zellen verdoppelt. In der <strong>G2-Phase-Phase<\/strong> wachsen die Zellen weiter und Vorbereitungen auf die nachfolgende Zellteilung werden abgeschlossen.<\/p>\n<p>Danach folgt wieder die M-Phase, in der sich die Zellen teilen. Daraufhin wachsen die neuen Tochterzellen wieder in der G1-Phase auf die Gr\u00f6\u00dfe der Mutterzellen heran.<\/p>\n<p>Haben sich diese Zellen nun so oft geteilt, dass sie ihre Teilungsaktivit\u00e4t verlieren, so treten sie nach der G1-Phase in die <strong>G0-Phase<\/strong> ein und differenzieren sich zu einem Dauergewebe, bis die Zellen nach einer bestimmten Zeit absterben.<\/p>\n<p>Wie genau sich die Mitose-Phase, also die Zellteilung an sich abspielt, wird im Folgenden beschrieben. Auch diese Phase l\u00e4sst sich in verschiedene Abschnitte einteilen.<\/p>\n<p>Wichtig bei der Zellteilung ist, dass sich die Erbsubstanz vorher verdoppelt hat und bei der Teilung gleichm\u00e4\u00dfig auf beide Tochterzellen aufteilt, sodass beide Tochterzellen am Ende identische Erbinformationen besitzen.<\/p>\n<p>Dazu kondensiert das Chromatin und verdichtet sich zu Chromosomen, die aus jeweils zwei identischen Schwesternchromatiden und dem Centromer bestehen. Dieser h\u00e4lt die beiden Chromatiden zusammen.<\/p>\n<p><strong>Wenn du wissen m\u00f6chtest, was die Funktion von Chromosomen ist, kannst du dir unser Lernvideo von der Merkhilfe zu diesem Thema anschauen<\/strong><br \/>\n<div class=\"lyte-wrapper\" style=\"width:420px;max-width:100%;margin:5px;\"><div class=\"lyMe\" id=\"WYL_rZMAJopduSw\"><div id=\"lyte_rZMAJopduSw\" data-src=\"https:\/\/www.studyhelp.de\/online-lernen\/wp-content\/plugins\/wp-youtube-lyte\/lyteCache.php?origThumbUrl=%2F%2Fi.ytimg.com%2Fvi%2FrZMAJopduSw%2Fhqdefault.jpg\" class=\"pL\"><div class=\"tC\"><div class=\"tT\"><\/div><\/div><div class=\"play\"><\/div><div class=\"ctrl\"><div class=\"Lctrl\"><\/div><div class=\"Rctrl\"><\/div><\/div><\/div><noscript><a href=\"https:\/\/youtu.be\/rZMAJopduSw\" rel=\"nofollow\"><img src=\"https:\/\/www.studyhelp.de\/online-lernen\/wp-content\/plugins\/wp-youtube-lyte\/lyteCache.php?origThumbUrl=https%3A%2F%2Fi.ytimg.com%2Fvi%2FrZMAJopduSw%2F0.jpg\" alt=\"YouTube-Video-Thumbnail\" width=\"420\" height=\"216\" \/><br \/>Dieses Video auf YouTube ansehen<\/a><\/noscript><\/div><\/div><div class=\"lL\" style=\"max-width:100%;width:420px;margin:5px;\"><\/div><br \/>\n<\/p>\n<hr>\n<h2>Ablauf der Mitose<\/h2>\n<h3 id=\"prophase\" class=\"anchor\">Prophase<\/h3>\n<p>Das Chromatin, welches als lange F\u00e4den im Zellkern vorliegt, beginnt zu kondensieren und einzelne Chromosomen werden sichtbar. Der Nucleolus und die Kernh\u00fclle l\u00f6sen sich auf. Das Centriolenpaar verdoppelt sich, wandert zu den gegen\u00fcberliegenden Zellpolen und zwischen ihnen bildet sich der Spindelapparat. Dieser besteht aus Mikrotubuli-Fasern.<br \/>\n<img decoding=\"async\" loading=\"lazy\" class=\"aligncenter wp-image-10891\" src=\"https:\/\/www.studyhelp.de\/online-lernen\/wp-content\/uploads\/2018\/10\/Prophase.jpg\" alt=\"Prophase\" width=\"486\" height=\"260\" srcset=\"https:\/\/www.studyhelp.de\/online-lernen\/wp-content\/uploads\/2018\/10\/Prophase.jpg 514w, https:\/\/www.studyhelp.de\/online-lernen\/wp-content\/uploads\/2018\/10\/Prophase-300x161.jpg 300w\" sizes=\"(max-width: 486px) 100vw, 486px\" \/><\/p>\n<h3 id=\"metaphase\" class=\"anchor\">Metaphase<\/h3>\n<p>Die Chromosomen ordnen sich auf der \u00c4quatorialebene an und die Fasern des Spindelapparats heften sich an die Centromer der einzelnen Chromosomen.<br \/>\n<img decoding=\"async\" loading=\"lazy\" class=\"aligncenter wp-image-10892\" src=\"https:\/\/www.studyhelp.de\/online-lernen\/wp-content\/uploads\/2018\/10\/Metaphase.jpg\" alt=\"Metaphase\" width=\"472\" height=\"277\" srcset=\"https:\/\/www.studyhelp.de\/online-lernen\/wp-content\/uploads\/2018\/10\/Metaphase.jpg 503w, https:\/\/www.studyhelp.de\/online-lernen\/wp-content\/uploads\/2018\/10\/Metaphase-300x176.jpg 300w\" sizes=\"(max-width: 472px) 100vw, 472px\" \/><\/p>\n<h3 id=\"anaphase\" class=\"anchor\">Anaphase<\/h3>\n<p>In der Anaphase teilt sich das Centromer eines jeden Chromosoms. Die beiden Schwesterchromatiden eines Chromosoms werden getrennt und wandern zu den entgegengesetzten Polen. Dies geschieht durch die Verk\u00fcrzung der angehefteten Mikrotubuli. Sind die Chromatiden an den Polen angekommen, werden sie nicht mehr als Schwesterchromatiden- sondern als Tochterchromosomen bezeichnet.<br \/>\n<img decoding=\"async\" loading=\"lazy\" class=\"aligncenter wp-image-10893\" src=\"https:\/\/www.studyhelp.de\/online-lernen\/wp-content\/uploads\/2018\/10\/Anaphase.jpg\" alt=\"Anaphase\" width=\"493\" height=\"298\" srcset=\"https:\/\/www.studyhelp.de\/online-lernen\/wp-content\/uploads\/2018\/10\/Anaphase.jpg 515w, https:\/\/www.studyhelp.de\/online-lernen\/wp-content\/uploads\/2018\/10\/Anaphase-300x181.jpg 300w\" sizes=\"(max-width: 493px) 100vw, 493px\" \/><\/p>\n<h3 id=\"telophase\" class=\"anchor\">Telophase<\/h3>\n<p>Um die Chromosomens\u00e4tze an jedem Pol bildet sich jeweils eine neue Kernh\u00fclle Die Chromosomen entspiralisieren und werden wieder zu Chromatin. Im Zuge der Cytokinese teilt sich das Cytoplasma und aus einer Mutterzelle entstehen zwei identische Tochterzellen. Danach beginnt f\u00fcr diese Zellen die G1-Phase.<br \/>\n<img decoding=\"async\" loading=\"lazy\" class=\"aligncenter  wp-image-10895\" src=\"https:\/\/www.studyhelp.de\/online-lernen\/wp-content\/uploads\/2018\/10\/Telophase.jpg\" alt=\"Telophase\" width=\"418\" height=\"429\" srcset=\"https:\/\/www.studyhelp.de\/online-lernen\/wp-content\/uploads\/2018\/10\/Telophase.jpg 468w, https:\/\/www.studyhelp.de\/online-lernen\/wp-content\/uploads\/2018\/10\/Telophase-292x300.jpg 292w\" sizes=\"(max-width: 418px) 100vw, 418px\" \/><\/p>\n<p>Nachdem die Mitose abgeschlossen wurde, sind aus der Mutterzelle zwei neue Tochterzellen entstanden. In den Tochterzellen befinden sich jetzt nur einstr\u00e4ngige Chromatide \u2013 also befindet sich die Zelle im gleichen Zustand wie zu Beginn der Interphase. Ihr ahnt es schon: Die Zellteilung kann nach der DNA-Replikation von neuem beginnen. Aus der Tochterzelle wird eine Mutterzelle, die sich in die Interphase begibt um sich anschlie\u00dfend w\u00e4hrend der Mitose zu teilen.<\/p>\n\n","protected":false},"excerpt":{"rendered":"<p>Einleitung zur Mitose Organismen wachsen nicht nur, indem sich ihre Zellen vergr\u00f6\u00dfern, sondern vor allem dadurch, dass sich ihre Zellen teilen und vermehren. Dieses Teilen und Vermehren passiert nach einem von der Natur vorgegeben Zyklus, den wir euch auf dieser Seite ausf\u00fchrlich erkl\u00e4ren! Der Lebenszyklus einer Zelle (Zellzyklus) besteht aus verschiedenen Phasen, die so oft [&hellip;]<\/p>\n","protected":false},"author":3,"featured_media":0,"parent":10174,"menu_order":0,"comment_status":"closed","ping_status":"closed","template":"","meta":[],"categories":[59],"tags":[],"yoast_head":"<!-- This site is optimized with the Yoast SEO plugin v14.7 - https:\/\/yoast.com\/wordpress\/plugins\/seo\/ -->\n<title>Mitose: Prophase, Metaphase, Anaphase, Telophase - StudyHelp Biologie<\/title>\n<meta name=\"description\" content=\"Die vier Phasen der Mitose anschlaulich erkl\u00e4rt - inkl. Lernvideo, leicht verst\u00e4ndlichen Erkl\u00e4rungen und strukturierten Bilder. Jetzt die Mitose verstehen!\" \/>\n<meta name=\"robots\" content=\"index, follow\" \/>\n<meta name=\"googlebot\" content=\"index, follow, max-snippet:-1, max-image-preview:large, max-video-preview:-1\" \/>\n<meta name=\"bingbot\" content=\"index, follow, max-snippet:-1, max-image-preview:large, max-video-preview:-1\" \/>\n<link rel=\"canonical\" href=\"https:\/\/www.studyhelp.de\/online-lernen\/biologie\/mitose\/\" \/>\n<meta property=\"og:locale\" content=\"de_DE\" \/>\n<meta property=\"og:type\" content=\"article\" \/>\n<meta property=\"og:title\" content=\"Mitose: Prophase, Metaphase, Anaphase, Telophase - StudyHelp Biologie\" \/>\n<meta property=\"og:description\" content=\"Die vier Phasen der Mitose anschlaulich erkl\u00e4rt - inkl. Lernvideo, leicht verst\u00e4ndlichen Erkl\u00e4rungen und strukturierten Bilder. Jetzt die Mitose verstehen!\" \/>\n<meta property=\"og:url\" content=\"https:\/\/www.studyhelp.de\/online-lernen\/biologie\/mitose\/\" \/>\n<meta property=\"og:site_name\" content=\"StudyHelp Online-Lernen\" \/>\n<meta property=\"article:modified_time\" content=\"2018-11-16T11:42:56+00:00\" \/>\n<meta property=\"og:image\" content=\"https:\/\/www.studyhelp.de\/online-lernen\/wp-content\/uploads\/2018\/10\/Mitosezyklus.jpg\" \/>\n<meta name=\"twitter:card\" content=\"summary_large_image\" \/>\n<script type=\"application\/ld+json\" class=\"yoast-schema-graph\">{\"@context\":\"https:\/\/schema.org\",\"@graph\":[{\"@type\":\"WebSite\",\"@id\":\"https:\/\/www.studyhelp.de\/online-lernen\/#website\",\"url\":\"https:\/\/www.studyhelp.de\/online-lernen\/\",\"name\":\"StudyHelp Online-Lernen\",\"description\":\"\",\"potentialAction\":[{\"@type\":\"SearchAction\",\"target\":\"https:\/\/www.studyhelp.de\/online-lernen\/?s={search_term_string}\",\"query-input\":\"required name=search_term_string\"}],\"inLanguage\":\"de-DE\"},{\"@type\":\"ImageObject\",\"@id\":\"https:\/\/www.studyhelp.de\/online-lernen\/biologie\/mitose\/#primaryimage\",\"inLanguage\":\"de-DE\",\"url\":\"https:\/\/www.studyhelp.de\/online-lernen\/wp-content\/uploads\/2018\/10\/Mitosezyklus.jpg\",\"width\":744,\"height\":648,\"caption\":\"Mitosezyklus\"},{\"@type\":\"WebPage\",\"@id\":\"https:\/\/www.studyhelp.de\/online-lernen\/biologie\/mitose\/#webpage\",\"url\":\"https:\/\/www.studyhelp.de\/online-lernen\/biologie\/mitose\/\",\"name\":\"Mitose: Prophase, Metaphase, Anaphase, Telophase - StudyHelp Biologie\",\"isPartOf\":{\"@id\":\"https:\/\/www.studyhelp.de\/online-lernen\/#website\"},\"primaryImageOfPage\":{\"@id\":\"https:\/\/www.studyhelp.de\/online-lernen\/biologie\/mitose\/#primaryimage\"},\"datePublished\":\"2018-10-08T12:38:08+00:00\",\"dateModified\":\"2018-11-16T11:42:56+00:00\",\"description\":\"Die vier Phasen der Mitose anschlaulich erkl\\u00e4rt - inkl. Lernvideo, leicht verst\\u00e4ndlichen Erkl\\u00e4rungen und strukturierten Bilder. Jetzt die Mitose verstehen!\",\"inLanguage\":\"de-DE\",\"potentialAction\":[{\"@type\":\"ReadAction\",\"target\":[\"https:\/\/www.studyhelp.de\/online-lernen\/biologie\/mitose\/\"]}]}]}<\/script>\n<!-- \/ Yoast SEO plugin. -->","_links":{"self":[{"href":"https:\/\/www.studyhelp.de\/online-lernen\/wp-json\/wp\/v2\/pages\/10184"}],"collection":[{"href":"https:\/\/www.studyhelp.de\/online-lernen\/wp-json\/wp\/v2\/pages"}],"about":[{"href":"https:\/\/www.studyhelp.de\/online-lernen\/wp-json\/wp\/v2\/types\/page"}],"author":[{"embeddable":true,"href":"https:\/\/www.studyhelp.de\/online-lernen\/wp-json\/wp\/v2\/users\/3"}],"replies":[{"embeddable":true,"href":"https:\/\/www.studyhelp.de\/online-lernen\/wp-json\/wp\/v2\/comments?post=10184"}],"version-history":[{"count":20,"href":"https:\/\/www.studyhelp.de\/online-lernen\/wp-json\/wp\/v2\/pages\/10184\/revisions"}],"predecessor-version":[{"id":11478,"href":"https:\/\/www.studyhelp.de\/online-lernen\/wp-json\/wp\/v2\/pages\/10184\/revisions\/11478"}],"up":[{"embeddable":true,"href":"https:\/\/www.studyhelp.de\/online-lernen\/wp-json\/wp\/v2\/pages\/10174"}],"wp:attachment":[{"href":"https:\/\/www.studyhelp.de\/online-lernen\/wp-json\/wp\/v2\/media?parent=10184"}],"wp:term":[{"taxonomy":"category","embeddable":true,"href":"https:\/\/www.studyhelp.de\/online-lernen\/wp-json\/wp\/v2\/categories?post=10184"},{"taxonomy":"post_tag","embeddable":true,"href":"https:\/\/www.studyhelp.de\/online-lernen\/wp-json\/wp\/v2\/tags?post=10184"}],"curies":[{"name":"wp","href":"https:\/\/api.w.org\/{rel}","templated":true}]}}