{"id":10188,"date":"2018-10-08T14:41:42","date_gmt":"2018-10-08T12:41:42","guid":{"rendered":"https:\/\/www.studyhelp.de\/online-lernen\/?page_id=10188"},"modified":"2019-10-28T13:20:56","modified_gmt":"2019-10-28T12:20:56","slug":"dna-replikation","status":"publish","type":"page","link":"https:\/\/www.studyhelp.de\/online-lernen\/biologie\/dna-replikation\/","title":{"rendered":"DNA-Replikation"},"content":{"rendered":"<h2>Ablauf der DNA-Replikation<\/h2>\n<p>In diesem Artikel erkl\u00e4ren wir euch den genauen Ablauf der DNA-Replikation. F\u00fcr alle, die das Thema <a href=\"https:\/\/www.studyhelp.de\/online-lernen\/biologie\/dna\/\" rel=\"noopener noreferrer\" target=\"_blank\">DNA<\/a> wiederholen m\u00f6chten, finden <a href=\"https:\/\/www.studyhelp.de\/online-lernen\/biologie\/dna\/\" rel=\"noopener noreferrer\" target=\"_blank\">hier<\/a> den passenden Artikel!<\/p>\n<p><strong>Schau dir zur Einf\u00fchrung in das Thema DNA-Replikation das Lernvideo von unserem Partner &#8222;Die Merkhilfe&#8220; an!<\/strong><br \/>\n<div class=\"lyte-wrapper\" style=\"width:420px;max-width:100%;margin:5px;\"><div class=\"lyMe\" id=\"WYL_BlvcgsJh8ZM\"><div id=\"lyte_BlvcgsJh8ZM\" data-src=\"https:\/\/www.studyhelp.de\/online-lernen\/wp-content\/plugins\/wp-youtube-lyte\/lyteCache.php?origThumbUrl=%2F%2Fi.ytimg.com%2Fvi%2FBlvcgsJh8ZM%2Fhqdefault.jpg\" class=\"pL\"><div class=\"tC\"><div class=\"tT\"><\/div><\/div><div class=\"play\"><\/div><div class=\"ctrl\"><div class=\"Lctrl\"><\/div><div class=\"Rctrl\"><\/div><\/div><\/div><noscript><a href=\"https:\/\/youtu.be\/BlvcgsJh8ZM\" rel=\"nofollow\"><img src=\"https:\/\/www.studyhelp.de\/online-lernen\/wp-content\/plugins\/wp-youtube-lyte\/lyteCache.php?origThumbUrl=https%3A%2F%2Fi.ytimg.com%2Fvi%2FBlvcgsJh8ZM%2F0.jpg\" alt=\"YouTube-Video-Thumbnail\" width=\"420\" height=\"216\" \/><br \/>Dieses Video auf YouTube ansehen<\/a><\/noscript><\/div><\/div><div class=\"lL\" style=\"max-width:100%;width:420px;margin:5px;\"><\/div><br \/>\n<\/p>\n<p>K\u00f6rperzellen von Menschen enthalten insgesamt 46 Chromosomen. Man spricht hier von einem zweifachen Chromosomensatz (diploid, 2n), da die Chromosomen als homologe Paare vorliegen. Das bedeutet, dass zwei Chromosomen f\u00fcr die selbe Information codieren, zum Beispiel die Haarfarbe. Eines dieser homologen Chromosomen enth\u00e4lt man bei der Befruchtung vom Vater, eines von der Mutter. Daher kann es sein, dass man vom Vater die Informationen f\u00fcr braune, von der Mutter aber die Informationen f\u00fcr blonde Haare bekommt &#8211; dadurch entstehen bei jedem Menschen andere Variationen von Merkmalen. Die K\u00f6rperzellen eines\u00a0einzigen Menschen unterscheiden sich in ihrer genetischen Information nicht voneinander.<\/p>\n<p>Damit eine Zelle sich teilen kann, m\u00fcssen alle Bestandteile der Zelle im Zuge des <a href=\"https:\/\/www.studyhelp.de\/online-lernen\/biologie\/mitose\/\" target=\"_blank\" rel=\"noopener noreferrer\">Zellzyklus<\/a> verdoppelt werden. Auch die DNA muss dabei identisch kopiert werden. Diesen Vorgang bezeichnet man als Replikation. Hier sind viele verschiedene Enzyme beteiligt, die verschiedene Aufgaben \u00fcbernehmen.<\/p>\n<p>Zuerst drillt das Enzym Helicase die Doppelhelix auf, sodass eine offene Replikationsgabel entsteht. Danach binden an beide Str\u00e4nge der DNA Enzyme mit dem Namen Primase. Diese f\u00fcgen kleine RNA-Abschnitte, die Primer, als Ansatzstellen komplement\u00e4r an die Str\u00e4nge an. Hier kann danach die DNA-Polymerase ansetzen, welche nun freie Nukleotide komplement\u00e4r zum vorhandenen DNA-Strang miteinander verkn\u00fcpft.<\/p>\n<p>Sowohl DNA- als auch RNA-Polymerasen k\u00f6nnen Nukleotide nur verbinden, indem sie das Phosphat (am 5\u2019-Ende) eines freien Nukleotids an das 3\u2019-Ende eines festen Nukleotids kn\u00fcpfen. Die neuen Str\u00e4nge werden also stets am 3\u2019-Ende verl\u00e4ngert. Da beide \u201eUr-Str\u00e4nge\u201c der DNA aber komplement\u00e4r zueinander verlaufen, unterscheidet sich die Replikation an beiden Str\u00e4ngen voneinander. Man spricht bei den neu synthetisierten DNA-Matrizen daher vom Leitstrang und vom Folgestrang<\/p>\n<p><img decoding=\"async\" loading=\"lazy\" class=\"aligncenter wp-image-10926\" src=\"https:\/\/www.studyhelp.de\/online-lernen\/wp-content\/uploads\/2018\/10\/DNA-Replikation-Darstellung.jpg\" alt=\"DNA-Replikation Darstellung\" width=\"720\" height=\"385\" srcset=\"https:\/\/www.studyhelp.de\/online-lernen\/wp-content\/uploads\/2018\/10\/DNA-Replikation-Darstellung.jpg 1149w, https:\/\/www.studyhelp.de\/online-lernen\/wp-content\/uploads\/2018\/10\/DNA-Replikation-Darstellung-300x160.jpg 300w, https:\/\/www.studyhelp.de\/online-lernen\/wp-content\/uploads\/2018\/10\/DNA-Replikation-Darstellung-768x410.jpg 768w, https:\/\/www.studyhelp.de\/online-lernen\/wp-content\/uploads\/2018\/10\/DNA-Replikation-Darstellung-1024x547.jpg 1024w\" sizes=\"(max-width: 720px) 100vw, 720px\" \/><br \/>\n<\/p>\n<p>Der Leitstrang ist der DNA-Strang, der kontinuierlich synthetisiert werden kann. Hier muss die Primase nur einen einzigen Primer setzen, an dem die DNAPolymerase mit der Synthetisierung beginnen kann. Der Leitstrang wird von 5\u2019- in 3\u2019-Richtung synthetisiert, der komplement\u00e4re \u201eUr-Strang\u201c wird also von 3\u2019- in 5\u2019-Richtung abgelesen.<\/p>\n<p>Der Folgestrang muss hingegen diskontinuierlich synthetisiert werden. Hier setzt die Primase viele Primer in kleineren Abst\u00e4nden zueinander, sodass die DNAPolymerase immer neue Ansatzstellen hat, um kleine Abschnitte des Folgestranges zu synthetisieren. Diese kleineren Abschnitte aus RNA-Primern und kleineren DNA-Abschnitten werden als Okazaki-Fragmente bezeichnet. Am Ende kommt ein weiteres Enzym zum Einsatz: die Ligase. Diese tauscht die RNA-Primer durch DNA aus und verkn\u00fcpft die kleinen Fragmente miteinander, sodass ein vollst\u00e4ndiger, neuer DNA-Strang entsteht.<\/p>\n\n","protected":false},"excerpt":{"rendered":"<p>Ablauf der DNA-Replikation In diesem Artikel erkl\u00e4ren wir euch den genauen Ablauf der DNA-Replikation. F\u00fcr alle, die das Thema DNA wiederholen m\u00f6chten, finden hier den passenden Artikel! Schau dir zur Einf\u00fchrung in das Thema DNA-Replikation das Lernvideo von unserem Partner &#8222;Die Merkhilfe&#8220; an! Dieses Video auf YouTube ansehen K\u00f6rperzellen von Menschen enthalten insgesamt 46 Chromosomen. [&hellip;]<\/p>\n","protected":false},"author":3,"featured_media":0,"parent":10174,"menu_order":0,"comment_status":"closed","ping_status":"closed","template":"","meta":[],"categories":[59],"tags":[],"yoast_head":"<!-- This site is optimized with the Yoast SEO plugin v14.7 - https:\/\/yoast.com\/wordpress\/plugins\/seo\/ -->\n<title>Die DNA-Replikation - StudyHelp Biologie Online-Lernen<\/title>\n<meta name=\"description\" content=\"Ablauf DNA-Replikation: Zuerst drillt das Enzym Helicase die Doppelhelix auf, sodass eine offene Replikationsgabel entsteht. Danach binden an beiden..\" \/>\n<meta name=\"robots\" content=\"index, follow\" \/>\n<meta name=\"googlebot\" content=\"index, follow, max-snippet:-1, max-image-preview:large, max-video-preview:-1\" \/>\n<meta name=\"bingbot\" content=\"index, follow, max-snippet:-1, max-image-preview:large, max-video-preview:-1\" \/>\n<link rel=\"canonical\" href=\"https:\/\/www.studyhelp.de\/online-lernen\/biologie\/dna-replikation\/\" \/>\n<meta property=\"og:locale\" content=\"de_DE\" \/>\n<meta property=\"og:type\" content=\"article\" \/>\n<meta property=\"og:title\" content=\"Die DNA-Replikation - StudyHelp Biologie Online-Lernen\" \/>\n<meta property=\"og:description\" content=\"Ablauf DNA-Replikation: Zuerst drillt das Enzym Helicase die Doppelhelix auf, sodass eine offene Replikationsgabel entsteht. Danach binden an beiden..\" \/>\n<meta property=\"og:url\" content=\"https:\/\/www.studyhelp.de\/online-lernen\/biologie\/dna-replikation\/\" \/>\n<meta property=\"og:site_name\" content=\"StudyHelp Online-Lernen\" \/>\n<meta property=\"article:modified_time\" content=\"2019-10-28T12:20:56+00:00\" \/>\n<meta property=\"og:image\" content=\"https:\/\/www.studyhelp.de\/online-lernen\/wp-content\/uploads\/2018\/10\/DNA-Replikation-Darstellung.jpg\" \/>\n<meta name=\"twitter:card\" content=\"summary_large_image\" \/>\n<script type=\"application\/ld+json\" class=\"yoast-schema-graph\">{\"@context\":\"https:\/\/schema.org\",\"@graph\":[{\"@type\":\"WebSite\",\"@id\":\"https:\/\/www.studyhelp.de\/online-lernen\/#website\",\"url\":\"https:\/\/www.studyhelp.de\/online-lernen\/\",\"name\":\"StudyHelp Online-Lernen\",\"description\":\"\",\"potentialAction\":[{\"@type\":\"SearchAction\",\"target\":\"https:\/\/www.studyhelp.de\/online-lernen\/?s={search_term_string}\",\"query-input\":\"required name=search_term_string\"}],\"inLanguage\":\"de-DE\"},{\"@type\":\"ImageObject\",\"@id\":\"https:\/\/www.studyhelp.de\/online-lernen\/biologie\/dna-replikation\/#primaryimage\",\"inLanguage\":\"de-DE\",\"url\":\"https:\/\/www.studyhelp.de\/online-lernen\/wp-content\/uploads\/2018\/10\/DNA-Replikation-Darstellung.jpg\",\"width\":1149,\"height\":614,\"caption\":\"DNA-Replikation Darstellung\"},{\"@type\":\"WebPage\",\"@id\":\"https:\/\/www.studyhelp.de\/online-lernen\/biologie\/dna-replikation\/#webpage\",\"url\":\"https:\/\/www.studyhelp.de\/online-lernen\/biologie\/dna-replikation\/\",\"name\":\"Die DNA-Replikation - StudyHelp Biologie Online-Lernen\",\"isPartOf\":{\"@id\":\"https:\/\/www.studyhelp.de\/online-lernen\/#website\"},\"primaryImageOfPage\":{\"@id\":\"https:\/\/www.studyhelp.de\/online-lernen\/biologie\/dna-replikation\/#primaryimage\"},\"datePublished\":\"2018-10-08T12:41:42+00:00\",\"dateModified\":\"2019-10-28T12:20:56+00:00\",\"description\":\"Ablauf DNA-Replikation: Zuerst drillt das Enzym Helicase die Doppelhelix auf, sodass eine offene Replikationsgabel entsteht. Danach binden an beiden..\",\"inLanguage\":\"de-DE\",\"potentialAction\":[{\"@type\":\"ReadAction\",\"target\":[\"https:\/\/www.studyhelp.de\/online-lernen\/biologie\/dna-replikation\/\"]}]}]}<\/script>\n<!-- \/ Yoast SEO plugin. -->","_links":{"self":[{"href":"https:\/\/www.studyhelp.de\/online-lernen\/wp-json\/wp\/v2\/pages\/10188"}],"collection":[{"href":"https:\/\/www.studyhelp.de\/online-lernen\/wp-json\/wp\/v2\/pages"}],"about":[{"href":"https:\/\/www.studyhelp.de\/online-lernen\/wp-json\/wp\/v2\/types\/page"}],"author":[{"embeddable":true,"href":"https:\/\/www.studyhelp.de\/online-lernen\/wp-json\/wp\/v2\/users\/3"}],"replies":[{"embeddable":true,"href":"https:\/\/www.studyhelp.de\/online-lernen\/wp-json\/wp\/v2\/comments?post=10188"}],"version-history":[{"count":12,"href":"https:\/\/www.studyhelp.de\/online-lernen\/wp-json\/wp\/v2\/pages\/10188\/revisions"}],"predecessor-version":[{"id":15114,"href":"https:\/\/www.studyhelp.de\/online-lernen\/wp-json\/wp\/v2\/pages\/10188\/revisions\/15114"}],"up":[{"embeddable":true,"href":"https:\/\/www.studyhelp.de\/online-lernen\/wp-json\/wp\/v2\/pages\/10174"}],"wp:attachment":[{"href":"https:\/\/www.studyhelp.de\/online-lernen\/wp-json\/wp\/v2\/media?parent=10188"}],"wp:term":[{"taxonomy":"category","embeddable":true,"href":"https:\/\/www.studyhelp.de\/online-lernen\/wp-json\/wp\/v2\/categories?post=10188"},{"taxonomy":"post_tag","embeddable":true,"href":"https:\/\/www.studyhelp.de\/online-lernen\/wp-json\/wp\/v2\/tags?post=10188"}],"curies":[{"name":"wp","href":"https:\/\/api.w.org\/{rel}","templated":true}]}}