{"id":10192,"date":"2018-10-08T14:46:33","date_gmt":"2018-10-08T12:46:33","guid":{"rendered":"https:\/\/www.studyhelp.de\/online-lernen\/?page_id=10192"},"modified":"2018-11-15T16:54:33","modified_gmt":"2018-11-15T15:54:33","slug":"genregulation","status":"publish","type":"page","link":"https:\/\/www.studyhelp.de\/online-lernen\/biologie\/genregulation\/","title":{"rendered":"Die Genregulation"},"content":{"rendered":"<p>Auf dieser Seite erkl\u00e4ren wir euch, was es mit der Genregulation auf sich hat. Hierf\u00fcr werden folgende Begriffe definiert und erkl\u00e4rt:<\/p>\n<ul>\n<li><a href=\"#prokaryoten\">Prokaryoten<\/a>\n<ul>\n<li><a href=\"#abbau-von-laktose\">Substratinduktion am Beispiel des lac-Operons (Abbau von Laktose)<\/a><\/li>\n<li><a href=\"#synthese-von-tryptophan\">Endproduktrepression am Beispiel des trp-Operons (Synthese von Tryptophan)<\/a><\/li>\n<\/ul>\n<\/li>\n<li><a href=\"#eukaryoten\">Eukaryoten<\/a><\/li>\n<\/ul>\n<p>Die genetischen Informationen in den Zellen eines Organismus unterscheiden sich nicht voneinander. Dabei gibt es doch viele verschiedene Zelltypen mit unterschiedlichen Funktionen und Aufgaben! Dazu sind unterschiedliche Enzymausstattungen in den Zellen notwendig. Diese entstehen dadurch, dass nicht alle Gene in den Zellen immer zum Einsatz kommen, sondern diese zum Teil gehemmt werden, wenn die entsprechenden Enzyme nicht gebraucht werden.<\/p>\n<h2 id=\"prokaryoten\" class=\"anchor\">Prokaryoten<\/h2>\n<p>Zur Einf\u00fchrung in das Thema Prokatyoten solltest du dir das Lernvideo zu diesem Thema anschauen!<\/p>\n<div class=\"lyte-wrapper\" style=\"width:420px;max-width:100%;margin:5px;\"><div class=\"lyMe\" id=\"WYL_1TjRB59zFzg\"><div id=\"lyte_1TjRB59zFzg\" data-src=\"https:\/\/www.studyhelp.de\/online-lernen\/wp-content\/plugins\/wp-youtube-lyte\/lyteCache.php?origThumbUrl=%2F%2Fi.ytimg.com%2Fvi%2F1TjRB59zFzg%2Fhqdefault.jpg\" class=\"pL\"><div class=\"tC\"><div class=\"tT\"><\/div><\/div><div class=\"play\"><\/div><div class=\"ctrl\"><div class=\"Lctrl\"><\/div><div class=\"Rctrl\"><\/div><\/div><\/div><noscript><a href=\"https:\/\/youtu.be\/1TjRB59zFzg\" rel=\"nofollow\"><img src=\"https:\/\/www.studyhelp.de\/online-lernen\/wp-content\/plugins\/wp-youtube-lyte\/lyteCache.php?origThumbUrl=https%3A%2F%2Fi.ytimg.com%2Fvi%2F1TjRB59zFzg%2F0.jpg\" alt=\"YouTube-Video-Thumbnail\" width=\"420\" height=\"216\" \/><br \/>Dieses Video auf YouTube ansehen<\/a><\/noscript><\/div><\/div><div class=\"lL\" style=\"max-width:100%;width:420px;margin:5px;\"><\/div><br \/>\n<\/p>\n<p>Bei Prokaryoten, wie zum Beispiel dem Bakterium Escherichia coli, spricht man bei der Genregulation vom sogenannten <strong>Operon-Modell<\/strong>.<\/p>\n<div class=\"box info\">\n<p>Auf der Ebene der DNA liegen dabei in einem Operon bestimmte Genabschnitte hintereinander:<\/p>\n<ul>\n<li><strong>Promotor:<\/strong> Bindungsstelle innerhalb des Operons f\u00fcr die RNA-Polymerase<\/li>\n<li><strong>Operator:<\/strong> Bindungsstelle innerhalb des Operons f\u00fcr den Repressor<\/li>\n<li><strong>Strukturgene :<\/strong> Codieren f\u00fcr spezifische Enzyme<\/li>\n<\/ul>\n<p>Vor diesem Operon gibt es noch ein sogenanntes <strong>Regulatorgen<\/strong>, welches f\u00fcr einen Repressor codiert und etwas weiter entfernt liegen kann.<br \/>\n<\/div>\n<p><img decoding=\"async\" loading=\"lazy\" class=\"aligncenter wp-image-10960\" src=\"https:\/\/www.studyhelp.de\/online-lernen\/wp-content\/uploads\/2018\/10\/Operon.jpg\" alt=\"Operon\" width=\"554\" height=\"136\" srcset=\"https:\/\/www.studyhelp.de\/online-lernen\/wp-content\/uploads\/2018\/10\/Operon.jpg 1136w, https:\/\/www.studyhelp.de\/online-lernen\/wp-content\/uploads\/2018\/10\/Operon-300x74.jpg 300w, https:\/\/www.studyhelp.de\/online-lernen\/wp-content\/uploads\/2018\/10\/Operon-768x189.jpg 768w, https:\/\/www.studyhelp.de\/online-lernen\/wp-content\/uploads\/2018\/10\/Operon-1024x251.jpg 1024w\" sizes=\"(max-width: 554px) 100vw, 554px\" \/><\/p>\n<p>Bei dem Operon-Modell unterscheidet man zwischen zwei verschiedenen Formen der Genregulation:<\/p>\n<ul>\n<li>Substratinduktion, welche am Beispiel von Laktose verdeutlicht wird<\/li>\n<li>Endproduktrepression, welche am Beispiel von Tryptophan veranschaulicht wird<\/li>\n<\/ul>\n<h3 id=\"abbau-von-laktose\" class=\"anchor\">Substratinduktion am Beispiel des lac-Operons (Abbau von Laktose)<\/h3>\n<p>Laktose, oder auch Milchzucker, wird von Bakterien mithilfe des sogenannten lacOperons abgebaut. Zun\u00e4chst wird aber beschrieben, wie das Operon funktioniert, wenn keine Laktose (also kein Substrat) vorhanden ist.<\/p>\n<p>Das Regulatorgen f\u00fcr das lac-Operon codiert, wenn keine Laktose vorhanden ist, f\u00fcr einen aktiven Repressor. Dieser bindet an den Operator innerhalb des Operons und blockiert den Weg f\u00fcr die RNA-Polymerase, die eigentlich die Strukturgene ablesen und in mRNA umschreiben w\u00fcrde. Die Enzyme, die f\u00fcr den Abbau von Laktose zust\u00e4ndig sind, werden also nicht hergestellt, wenn keine Laktose da ist. Dadurch spart die Zelle viel Energie.<\/p>\n<p><img decoding=\"async\" loading=\"lazy\" class=\"aligncenter wp-image-10961\" src=\"https:\/\/www.studyhelp.de\/online-lernen\/wp-content\/uploads\/2018\/10\/Operon-Fortsetzung.jpg\" alt=\"Operon Fortsetzung\" width=\"599\" height=\"377\" srcset=\"https:\/\/www.studyhelp.de\/online-lernen\/wp-content\/uploads\/2018\/10\/Operon-Fortsetzung.jpg 1139w, https:\/\/www.studyhelp.de\/online-lernen\/wp-content\/uploads\/2018\/10\/Operon-Fortsetzung-300x189.jpg 300w, https:\/\/www.studyhelp.de\/online-lernen\/wp-content\/uploads\/2018\/10\/Operon-Fortsetzung-768x483.jpg 768w, https:\/\/www.studyhelp.de\/online-lernen\/wp-content\/uploads\/2018\/10\/Operon-Fortsetzung-1024x644.jpg 1024w\" sizes=\"(max-width: 599px) 100vw, 599px\" \/><\/p>\n<p>Steht dem Bakterium nun Laktose zur Verf\u00fcgung, bindet der Milchzucker an den (eigentlich) aktiven Repressor und inaktiviert ihn, indem die Raumstruktur ver\u00e4ndert wird. Dadurch kann er nicht mehr an den Operator binden und die RNAPolymerase kann die Strukturgene, die f\u00fcr den Abbau von Laktose ben\u00f6tigt werden, ablesen. Die Enzyme, die dann synthetisiert werden, bauen den Milchzucker ab, der Repressor wird nicht mehr inaktiviert und verhindert dann wieder die Synthese weiterer Abbauenzyme.<\/p>\n<p><img decoding=\"async\" loading=\"lazy\" class=\"aligncenter wp-image-10962\" src=\"https:\/\/www.studyhelp.de\/online-lernen\/wp-content\/uploads\/2018\/10\/Abbau-von-Lactose.jpg\" alt=\"Abbau von Lactose\" width=\"612\" height=\"410\" srcset=\"https:\/\/www.studyhelp.de\/online-lernen\/wp-content\/uploads\/2018\/10\/Abbau-von-Lactose.jpg 1144w, https:\/\/www.studyhelp.de\/online-lernen\/wp-content\/uploads\/2018\/10\/Abbau-von-Lactose-300x201.jpg 300w, https:\/\/www.studyhelp.de\/online-lernen\/wp-content\/uploads\/2018\/10\/Abbau-von-Lactose-768x514.jpg 768w, https:\/\/www.studyhelp.de\/online-lernen\/wp-content\/uploads\/2018\/10\/Abbau-von-Lactose-1024x686.jpg 1024w\" sizes=\"(max-width: 612px) 100vw, 612px\" \/><br \/>\n<\/p>\n<h3 id=\"synthese-von-tryptophan\" class=\"anchor\">Endproduktrepression am Beispiel des trp-Operons (Synthese von Tryptophan)<\/h3>\n<p>Die Aminos\u00e4ure Tryptophan wird f\u00fcr den Aufbau vieler Proteine ben\u00f6tigt. Bakterien sind (im Gegensatz zu Menschen) dazu in der Lage, diese Aminos\u00e4ure selbst herzustellen. Die Regulation der Synthese geschieht dabei \u00fcber das trp-Operon.<\/p>\n<p>Das dem Operon vorgelagerte Regulatorgen codiert f\u00fcr einen inaktiven Repressor. Ist in der Zelle kein oder nur sehr wenig Tryptophan vorhanden, bindet der Repressor nicht an den Operator, sodass die RNA-Polymerase ungehindert die Strukturgene ablesen kann. Aus diesen werden Enzyme synthetisiert, welche f\u00fcr die Produktion von Tryptophan verantwortlich sind.<\/p>\n<p><img decoding=\"async\" loading=\"lazy\" class=\"aligncenter  wp-image-10963\" src=\"https:\/\/www.studyhelp.de\/online-lernen\/wp-content\/uploads\/2018\/10\/Abbau-von-Tryptphan.jpg\" alt=\"Abbau von Tryptophan\" width=\"630\" height=\"397\" srcset=\"https:\/\/www.studyhelp.de\/online-lernen\/wp-content\/uploads\/2018\/10\/Abbau-von-Tryptphan.jpg 1139w, https:\/\/www.studyhelp.de\/online-lernen\/wp-content\/uploads\/2018\/10\/Abbau-von-Tryptphan-300x189.jpg 300w, https:\/\/www.studyhelp.de\/online-lernen\/wp-content\/uploads\/2018\/10\/Abbau-von-Tryptphan-768x484.jpg 768w, https:\/\/www.studyhelp.de\/online-lernen\/wp-content\/uploads\/2018\/10\/Abbau-von-Tryptphan-1024x646.jpg 1024w\" sizes=\"(max-width: 630px) 100vw, 630px\" \/><\/p>\n<p>Steigt nun die Konzentration an Tryptophan, so bindet dieses an den Repressor und aktiviert ihn durch eine Ver\u00e4nderung der Raumstruktur. Der Repressor bindet nun an den Operator und verhindert dadurch, dass die RNAPolymerase die Strukturgene ablesen kann. Die Enzyme, die eigentlich Tryptophan synthetisieren, werden dann nicht mehr hergestellt.<\/p>\n<h2 id=\"eukaryoten\" class=\"anchor\">Eukaryoten<\/h2>\n<p>Bei Eukaryoten verl\u00e4uft die Genregulation etwas anders. Hier wird vor allem danach unterschieden, auf welcher Ebene die Regulation stattfindet. <\/p>\n<p><strong>Schau dir zur Einf\u00fchrung in das Thema das passende Lernvideo von Die Merkhilfe an:<\/strong><br \/>\n<div class=\"lyte-wrapper\" style=\"width:420px;max-width:100%;margin:5px;\"><div class=\"lyMe\" id=\"WYL_5o1AtxyFqtE\"><div id=\"lyte_5o1AtxyFqtE\" data-src=\"https:\/\/www.studyhelp.de\/online-lernen\/wp-content\/plugins\/wp-youtube-lyte\/lyteCache.php?origThumbUrl=%2F%2Fi.ytimg.com%2Fvi%2F5o1AtxyFqtE%2Fhqdefault.jpg\" class=\"pL\"><div class=\"tC\"><div class=\"tT\"><\/div><\/div><div class=\"play\"><\/div><div class=\"ctrl\"><div class=\"Lctrl\"><\/div><div class=\"Rctrl\"><\/div><\/div><\/div><noscript><a href=\"https:\/\/youtu.be\/5o1AtxyFqtE\" rel=\"nofollow\"><img src=\"https:\/\/www.studyhelp.de\/online-lernen\/wp-content\/plugins\/wp-youtube-lyte\/lyteCache.php?origThumbUrl=https%3A%2F%2Fi.ytimg.com%2Fvi%2F5o1AtxyFqtE%2F0.jpg\" alt=\"YouTube-Video-Thumbnail\" width=\"420\" height=\"216\" \/><br \/>Dieses Video auf YouTube ansehen<\/a><\/noscript><\/div><\/div><div class=\"lL\" style=\"max-width:100%;width:420px;margin:5px;\"><\/div><br \/>\n<\/p>\n<p>Bestimmte Bereiche der DNA oder der Chromosomen k\u00f6nnen be sonders dichtverpackt werden, so dass keine Transkription stattfinden kann. Dies kann durch eine Methylierung von Cytosinbasen oder Histonschw\u00e4nze geschehen. Beides verhindert die Anlagerung sogenannter Transkriptionsfaktoren (regulatorische Proteine), welche daf\u00fcr zust\u00e4ndig sind, die Genexpression einzuleiten oder zu unterbinden. Dies tun sie, indem sie normalerweise entweder an einen Enhancer binden, der das Ausma\u00df der Transkription beschleunigt, oder an einen Silencer, der es verlangsamt.<\/p>\n<p>Auch auf der Ebene der mRNA (Regulation der Translation) kann eine Regulierung stattfinden. So k\u00f6nnen zum Beispiel mehr oder weniger mRNA-Molek\u00fcle gebildet werden oder besonders schnell zerfallen, so dass nur wenige Translationsdurchl\u00e4ufe stattfinden. Auch das Splei\u00dfen stellt eine Form der Regulation dar. Auf der Ebene der Proteine kann au\u00dferdem die Aktivit\u00e4t ebendieser reguliert werden, indem sie durch bestimmte Faktoren aktiviert oder inaktiviert werden.<\/p>\n","protected":false},"excerpt":{"rendered":"<p>Auf dieser Seite erkl\u00e4ren wir euch, was es mit der Genregulation auf sich hat. Hierf\u00fcr werden folgende Begriffe definiert und erkl\u00e4rt: Prokaryoten Substratinduktion am Beispiel des lac-Operons (Abbau von Laktose) Endproduktrepression am Beispiel des trp-Operons (Synthese von Tryptophan) Eukaryoten Die genetischen Informationen in den Zellen eines Organismus unterscheiden sich nicht voneinander. Dabei gibt es doch [&hellip;]<\/p>\n","protected":false},"author":3,"featured_media":0,"parent":10174,"menu_order":0,"comment_status":"closed","ping_status":"closed","template":"","meta":[],"categories":[59],"tags":[],"yoast_head":"<!-- This site is optimized with the Yoast SEO plugin v14.7 - https:\/\/yoast.com\/wordpress\/plugins\/seo\/ -->\n<title>Die Genregulation vollst\u00e4ndig erkl\u00e4rt - StudyHelp Online-Lernen<\/title>\n<meta name=\"description\" content=\"Auf dieser Seite erkl\u00e4ren wir dir vollst\u00e4ndig das Thema Genregulation! Hierzu z\u00e4hlt z.B. auch die Erkl\u00e4rung der Begriffe Eukaryoten und Prokaryoten!\" \/>\n<meta name=\"robots\" content=\"index, follow\" \/>\n<meta name=\"googlebot\" content=\"index, follow, max-snippet:-1, max-image-preview:large, max-video-preview:-1\" \/>\n<meta name=\"bingbot\" content=\"index, follow, max-snippet:-1, max-image-preview:large, max-video-preview:-1\" \/>\n<link rel=\"canonical\" href=\"https:\/\/www.studyhelp.de\/online-lernen\/biologie\/genregulation\/\" \/>\n<meta property=\"og:locale\" content=\"de_DE\" \/>\n<meta property=\"og:type\" content=\"article\" \/>\n<meta property=\"og:title\" content=\"Die Genregulation vollst\u00e4ndig erkl\u00e4rt - StudyHelp Online-Lernen\" \/>\n<meta property=\"og:description\" content=\"Auf dieser Seite erkl\u00e4ren wir dir vollst\u00e4ndig das Thema Genregulation! Hierzu z\u00e4hlt z.B. auch die Erkl\u00e4rung der Begriffe Eukaryoten und Prokaryoten!\" \/>\n<meta property=\"og:url\" content=\"https:\/\/www.studyhelp.de\/online-lernen\/biologie\/genregulation\/\" \/>\n<meta property=\"og:site_name\" content=\"StudyHelp Online-Lernen\" \/>\n<meta property=\"article:modified_time\" content=\"2018-11-15T15:54:33+00:00\" \/>\n<meta property=\"og:image\" content=\"https:\/\/www.studyhelp.de\/online-lernen\/wp-content\/uploads\/2018\/10\/Operon.jpg\" \/>\n<meta name=\"twitter:card\" content=\"summary_large_image\" \/>\n<script type=\"application\/ld+json\" class=\"yoast-schema-graph\">{\"@context\":\"https:\/\/schema.org\",\"@graph\":[{\"@type\":\"WebSite\",\"@id\":\"https:\/\/www.studyhelp.de\/online-lernen\/#website\",\"url\":\"https:\/\/www.studyhelp.de\/online-lernen\/\",\"name\":\"StudyHelp Online-Lernen\",\"description\":\"\",\"potentialAction\":[{\"@type\":\"SearchAction\",\"target\":\"https:\/\/www.studyhelp.de\/online-lernen\/?s={search_term_string}\",\"query-input\":\"required name=search_term_string\"}],\"inLanguage\":\"de-DE\"},{\"@type\":\"ImageObject\",\"@id\":\"https:\/\/www.studyhelp.de\/online-lernen\/biologie\/genregulation\/#primaryimage\",\"inLanguage\":\"de-DE\",\"url\":\"https:\/\/www.studyhelp.de\/online-lernen\/wp-content\/uploads\/2018\/10\/Operon.jpg\",\"width\":1136,\"height\":279,\"caption\":\"Operon\"},{\"@type\":\"WebPage\",\"@id\":\"https:\/\/www.studyhelp.de\/online-lernen\/biologie\/genregulation\/#webpage\",\"url\":\"https:\/\/www.studyhelp.de\/online-lernen\/biologie\/genregulation\/\",\"name\":\"Die Genregulation vollst\\u00e4ndig erkl\\u00e4rt - StudyHelp Online-Lernen\",\"isPartOf\":{\"@id\":\"https:\/\/www.studyhelp.de\/online-lernen\/#website\"},\"primaryImageOfPage\":{\"@id\":\"https:\/\/www.studyhelp.de\/online-lernen\/biologie\/genregulation\/#primaryimage\"},\"datePublished\":\"2018-10-08T12:46:33+00:00\",\"dateModified\":\"2018-11-15T15:54:33+00:00\",\"description\":\"Auf dieser Seite erkl\\u00e4ren wir dir vollst\\u00e4ndig das Thema Genregulation! Hierzu z\\u00e4hlt z.B. auch die Erkl\\u00e4rung der Begriffe Eukaryoten und Prokaryoten!\",\"inLanguage\":\"de-DE\",\"potentialAction\":[{\"@type\":\"ReadAction\",\"target\":[\"https:\/\/www.studyhelp.de\/online-lernen\/biologie\/genregulation\/\"]}]}]}<\/script>\n<!-- \/ Yoast SEO plugin. -->","_links":{"self":[{"href":"https:\/\/www.studyhelp.de\/online-lernen\/wp-json\/wp\/v2\/pages\/10192"}],"collection":[{"href":"https:\/\/www.studyhelp.de\/online-lernen\/wp-json\/wp\/v2\/pages"}],"about":[{"href":"https:\/\/www.studyhelp.de\/online-lernen\/wp-json\/wp\/v2\/types\/page"}],"author":[{"embeddable":true,"href":"https:\/\/www.studyhelp.de\/online-lernen\/wp-json\/wp\/v2\/users\/3"}],"replies":[{"embeddable":true,"href":"https:\/\/www.studyhelp.de\/online-lernen\/wp-json\/wp\/v2\/comments?post=10192"}],"version-history":[{"count":11,"href":"https:\/\/www.studyhelp.de\/online-lernen\/wp-json\/wp\/v2\/pages\/10192\/revisions"}],"predecessor-version":[{"id":11474,"href":"https:\/\/www.studyhelp.de\/online-lernen\/wp-json\/wp\/v2\/pages\/10192\/revisions\/11474"}],"up":[{"embeddable":true,"href":"https:\/\/www.studyhelp.de\/online-lernen\/wp-json\/wp\/v2\/pages\/10174"}],"wp:attachment":[{"href":"https:\/\/www.studyhelp.de\/online-lernen\/wp-json\/wp\/v2\/media?parent=10192"}],"wp:term":[{"taxonomy":"category","embeddable":true,"href":"https:\/\/www.studyhelp.de\/online-lernen\/wp-json\/wp\/v2\/categories?post=10192"},{"taxonomy":"post_tag","embeddable":true,"href":"https:\/\/www.studyhelp.de\/online-lernen\/wp-json\/wp\/v2\/tags?post=10192"}],"curies":[{"name":"wp","href":"https:\/\/api.w.org\/{rel}","templated":true}]}}