{"id":10198,"date":"2018-10-08T14:50:46","date_gmt":"2018-10-08T12:50:46","guid":{"rendered":"https:\/\/www.studyhelp.de\/online-lernen\/?page_id=10198"},"modified":"2018-11-19T11:24:08","modified_gmt":"2018-11-19T10:24:08","slug":"zelldifferenzierung","status":"publish","type":"page","link":"https:\/\/www.studyhelp.de\/online-lernen\/biologie\/zelldifferenzierung\/","title":{"rendered":"Zelldifferenzierung"},"content":{"rendered":"<p>Alle Zellen von vielzelligen Organismen gehen aus der Zygote hervor, die aus der Verschmelzung von Eizelle und Spermium entsteht. Aus dieser einen Zelle gehen im Laufe der Entwicklung alle verschiedenen spezialisierten Zellen hervor. Man spricht hier von der Zelldifferenzierung. <\/p>\n<p>Nach der Verschmelzung von Eizelle und Spermium teilt sich die Zygote mehrfach. Bei diesem Zellhaufen spricht man von der Morula. Dies geschieht so lange, bis eine mit Fl\u00fcssigkeit gef\u00fcllte, hohle Kugel entsteht. Dieses Stadium der embryonalen Entwicklung wird als Blastula bezeichnet. Durch die darauf folgende Gastrulation (Einst\u00fclpung) kommt es zur Bildung der drei Keimbl\u00e4tter, aus denen in sp\u00e4teren Stadien verschiedene Gewebetypen entstehen: Das Ektoderm liegt au\u00dfen, aus ihm gehen im Laufe der weiteren Entwicklung die Haut und das Nervensystem hervor. Das Mesoderm liegt in der Mitte der Gastrula, es bildet sp\u00e4ter das Bindegewebe, die Muskeln und Knochen. Im Inneren liegt das Entoderm, aus dem sp\u00e4ter das Verdauungssystem und andere wichtige Dr\u00fcsen hervorgehen.<\/p>\n<p>Die Urkeimzelle, also die Zygote, besitzt die Eigenschaft, sich in einen vollst\u00e4ndigen Organismus differenzieren zu k\u00f6nnen. Dies wird als totipotent bezeichnet. In den ersten Stadien der Entwicklung, also im Blastocystenstadium, werden die Zellen als pluripotent bezeichnet. Das bedeutet, dass sich die Zellen, die auch embryonale Stammzellen genannt werden, zwar noch in alle verschiedenen Gewebe, nicht jedoch in einen ganzen Organismus entwickeln k\u00f6nnen. Im weiteren Verlauf verlieren die Stammzellen auch diese Eigenschaft und werden multipotent. Aus ihnen k\u00f6nnen nur noch bestimmte Gewebe hergestellt werden. Hier spricht man auch von adulten Stammzellen, welche beim Menschen zum Beispiel f\u00fcr die Regeneration von Haut- oder Leberzellen zust\u00e4ndig sind.<\/p>\n\n","protected":false},"excerpt":{"rendered":"<p>Alle Zellen von vielzelligen Organismen gehen aus der Zygote hervor, die aus der Verschmelzung von Eizelle und Spermium entsteht. Aus dieser einen Zelle gehen im Laufe der Entwicklung alle verschiedenen spezialisierten Zellen hervor. Man spricht hier von der Zelldifferenzierung. Nach der Verschmelzung von Eizelle und Spermium teilt sich die Zygote mehrfach. Bei diesem Zellhaufen spricht [&hellip;]<\/p>\n","protected":false},"author":3,"featured_media":0,"parent":10174,"menu_order":0,"comment_status":"closed","ping_status":"closed","template":"","meta":[],"categories":[59],"tags":[],"yoast_head":"<!-- This site is optimized with the Yoast SEO plugin v14.7 - https:\/\/yoast.com\/wordpress\/plugins\/seo\/ -->\n<title>Zelldifferenzierung - StudyHelp Online-Lernen<\/title>\n<meta name=\"description\" content=\"Aus der Zygote gehen im Laufe der Entwicklung alle verschiedenen spezialisierten Zellen hervor. Man spricht hier von der Zelldifferenzierung. Wichtig: Die..\" \/>\n<meta name=\"robots\" content=\"index, follow\" \/>\n<meta name=\"googlebot\" content=\"index, follow, max-snippet:-1, max-image-preview:large, max-video-preview:-1\" \/>\n<meta name=\"bingbot\" content=\"index, follow, max-snippet:-1, max-image-preview:large, max-video-preview:-1\" \/>\n<link rel=\"canonical\" href=\"https:\/\/www.studyhelp.de\/online-lernen\/biologie\/zelldifferenzierung\/\" \/>\n<meta property=\"og:locale\" content=\"de_DE\" \/>\n<meta property=\"og:type\" content=\"article\" \/>\n<meta property=\"og:title\" content=\"Zelldifferenzierung - StudyHelp Online-Lernen\" \/>\n<meta property=\"og:description\" content=\"Aus der Zygote gehen im Laufe der Entwicklung alle verschiedenen spezialisierten Zellen hervor. Man spricht hier von der Zelldifferenzierung. Wichtig: Die..\" \/>\n<meta property=\"og:url\" content=\"https:\/\/www.studyhelp.de\/online-lernen\/biologie\/zelldifferenzierung\/\" \/>\n<meta property=\"og:site_name\" content=\"StudyHelp Online-Lernen\" \/>\n<meta property=\"article:modified_time\" content=\"2018-11-19T10:24:08+00:00\" \/>\n<meta name=\"twitter:card\" content=\"summary_large_image\" \/>\n<script type=\"application\/ld+json\" class=\"yoast-schema-graph\">{\"@context\":\"https:\/\/schema.org\",\"@graph\":[{\"@type\":\"WebSite\",\"@id\":\"https:\/\/www.studyhelp.de\/online-lernen\/#website\",\"url\":\"https:\/\/www.studyhelp.de\/online-lernen\/\",\"name\":\"StudyHelp Online-Lernen\",\"description\":\"\",\"potentialAction\":[{\"@type\":\"SearchAction\",\"target\":\"https:\/\/www.studyhelp.de\/online-lernen\/?s={search_term_string}\",\"query-input\":\"required name=search_term_string\"}],\"inLanguage\":\"de-DE\"},{\"@type\":\"WebPage\",\"@id\":\"https:\/\/www.studyhelp.de\/online-lernen\/biologie\/zelldifferenzierung\/#webpage\",\"url\":\"https:\/\/www.studyhelp.de\/online-lernen\/biologie\/zelldifferenzierung\/\",\"name\":\"Zelldifferenzierung - StudyHelp Online-Lernen\",\"isPartOf\":{\"@id\":\"https:\/\/www.studyhelp.de\/online-lernen\/#website\"},\"datePublished\":\"2018-10-08T12:50:46+00:00\",\"dateModified\":\"2018-11-19T10:24:08+00:00\",\"description\":\"Aus der Zygote gehen im Laufe der Entwicklung alle verschiedenen spezialisierten Zellen hervor. Man spricht hier von der Zelldifferenzierung. Wichtig: Die..\",\"inLanguage\":\"de-DE\",\"potentialAction\":[{\"@type\":\"ReadAction\",\"target\":[\"https:\/\/www.studyhelp.de\/online-lernen\/biologie\/zelldifferenzierung\/\"]}]}]}<\/script>\n<!-- \/ Yoast SEO plugin. -->","_links":{"self":[{"href":"https:\/\/www.studyhelp.de\/online-lernen\/wp-json\/wp\/v2\/pages\/10198"}],"collection":[{"href":"https:\/\/www.studyhelp.de\/online-lernen\/wp-json\/wp\/v2\/pages"}],"about":[{"href":"https:\/\/www.studyhelp.de\/online-lernen\/wp-json\/wp\/v2\/types\/page"}],"author":[{"embeddable":true,"href":"https:\/\/www.studyhelp.de\/online-lernen\/wp-json\/wp\/v2\/users\/3"}],"replies":[{"embeddable":true,"href":"https:\/\/www.studyhelp.de\/online-lernen\/wp-json\/wp\/v2\/comments?post=10198"}],"version-history":[{"count":5,"href":"https:\/\/www.studyhelp.de\/online-lernen\/wp-json\/wp\/v2\/pages\/10198\/revisions"}],"predecessor-version":[{"id":11481,"href":"https:\/\/www.studyhelp.de\/online-lernen\/wp-json\/wp\/v2\/pages\/10198\/revisions\/11481"}],"up":[{"embeddable":true,"href":"https:\/\/www.studyhelp.de\/online-lernen\/wp-json\/wp\/v2\/pages\/10174"}],"wp:attachment":[{"href":"https:\/\/www.studyhelp.de\/online-lernen\/wp-json\/wp\/v2\/media?parent=10198"}],"wp:term":[{"taxonomy":"category","embeddable":true,"href":"https:\/\/www.studyhelp.de\/online-lernen\/wp-json\/wp\/v2\/categories?post=10198"},{"taxonomy":"post_tag","embeddable":true,"href":"https:\/\/www.studyhelp.de\/online-lernen\/wp-json\/wp\/v2\/tags?post=10198"}],"curies":[{"name":"wp","href":"https:\/\/api.w.org\/{rel}","templated":true}]}}