{"id":10200,"date":"2018-10-08T14:51:08","date_gmt":"2018-10-08T12:51:08","guid":{"rendered":"https:\/\/www.studyhelp.de\/online-lernen\/?page_id=10200"},"modified":"2018-11-19T11:28:47","modified_gmt":"2018-11-19T10:28:47","slug":"stammbaumanalyse","status":"publish","type":"page","link":"https:\/\/www.studyhelp.de\/online-lernen\/biologie\/stammbaumanalyse\/","title":{"rendered":"Stammbaumanalyse"},"content":{"rendered":"<p>Die Stammbaumanalyse ist ein Teil der Erbforschung, mit der z.B. erblich bedingte Krankheiten nachverfolgt werden k\u00f6nnen. Wie eine Stammbaumanalyse abl\u00e4uft erkl\u00e4ren wir dir hier auf StudyHelp Online-Lernen!<\/p>\n<p>Themen zur Stammnbaumanalyse auf dieser Seite<\/p>\n<ul>\n<li><a href=\"#mendelsche-regeln\">Mendelsche Regeln<\/a><\/li>\n<li><a href=\"#stammbaumanalyse\">Stammbaumanalyse<\/a><\/li>\n<\/ul>\n<p>Alle Menschen unterscheiden sich voneinander und weisen verschiedene Kombinationen von Merkmalen auf. Wichtigste Voraussetzung daf\u00fcr ist die sexuelle Fortpflanzung und damit zusammenh\u00e4ngend die Rekombination w\u00e4hrend der Meiose.<\/p>\n<p>Dadurch entstehen in der n\u00e4chsten Generation verschiedene andere Merkmalskombinationen und -auspr\u00e4gungen. Die ersten Experimente dazu wurden von Johann Gregor Mendel durchgef\u00fchrt, wodurch die mendelschen Regeln zur Merkmalsbildung entstanden. Auch bei der Entwicklung der Stammbaumanalyse von Erbkrankheiten oder genetisch bedingten Merkmalen spielen diese Erkenntnisse eine wichtige Rolle.<\/p>\n<p><strong>Zur Einf\u00fchrung in das Thema Stammbaumanalyse solltest du dir das dieses Lernvideo anschauen!<\/strong><br \/>\n<div class=\"lyte-wrapper\" style=\"width:420px;max-width:100%;margin:5px;\"><div class=\"lyMe\" id=\"WYL_O2EoBg6i09g\"><div id=\"lyte_O2EoBg6i09g\" data-src=\"https:\/\/www.studyhelp.de\/online-lernen\/wp-content\/plugins\/wp-youtube-lyte\/lyteCache.php?origThumbUrl=%2F%2Fi.ytimg.com%2Fvi%2FO2EoBg6i09g%2Fhqdefault.jpg\" class=\"pL\"><div class=\"tC\"><div class=\"tT\"><\/div><\/div><div class=\"play\"><\/div><div class=\"ctrl\"><div class=\"Lctrl\"><\/div><div class=\"Rctrl\"><\/div><\/div><\/div><noscript><a href=\"https:\/\/youtu.be\/O2EoBg6i09g\" rel=\"nofollow\"><img src=\"https:\/\/www.studyhelp.de\/online-lernen\/wp-content\/plugins\/wp-youtube-lyte\/lyteCache.php?origThumbUrl=https%3A%2F%2Fi.ytimg.com%2Fvi%2FO2EoBg6i09g%2F0.jpg\" alt=\"YouTube-Video-Thumbnail\" width=\"420\" height=\"216\" \/><br \/>Dieses Video auf YouTube ansehen<\/a><\/noscript><\/div><\/div><div class=\"lL\" style=\"max-width:100%;width:420px;margin:5px;\"><\/div><br \/>\n<\/p>\n<h2 id=\"mendelsche-regeln\" class=\"anchor\">Mendelsche Regeln<\/h2>\n<p>Die Grundlagen der Merkmalsbildung legte im Jahr 1866 der M\u00f6nch Johann Gregor Mendel. Anhand von Kreuzungsexperimenten mit Erbsen stellte er f\u00fcr die Vererbung bei seinen Beobachtungen verschiedene Regeln auf:<\/p>\n<div class=\"box info\">\n<ol>\n<li><strong>Uniformit\u00e4tsregel:<\/strong> Bei der Kreuzung von Individuen, die sich in einem Merkmal reinerbig unterscheiden (Parentalgeneration P), zeigt die nachfolgende Generation (Filialgeneration F1) dieses Merkmal ph\u00e4notypisch in gleicher Auspr\u00e4gung.<\/li>\n<li><strong>Spaltungsregel:<\/strong> Kreuzt man die F1-Generation untereinander, so erh\u00e4lt man Nachkommen in der F2-Generation, welche die Merkmale in einem bestimmten Zahlenverh\u00e4ltnis widerspiegeln.<\/li>\n<li><strong>Unabh\u00e4ngigkeitsregel:<\/strong> Kreuzt man reinerbige Individuen, die sich nicht nur in einem, sondern in zwei Merkmalen reinerbig unterscheiden, spalten sich die Merkmale in der F2-Generation unabh\u00e4ngig voneinander auf. Sie sind somit frei kombinierbar und es entstehen neue Kombinationen.<\/li>\n<\/ol>\n<\/div>\n<p>Mendel waren die genetischen Vorg\u00e4nge der Vererbung noch nicht bekannt. Erst sp\u00e4ter erkannte man die Chromosomen als Erbsubstanz von Menschen. Trotzdem sind seine Erkenntnisse bis heute von gro\u00dfer Bedeutung.<\/p>\n<h2 id=\"stammbaumanalyse\" class=\"anchor\">Stammbaumanalyse<\/h2>\n<p>Die Vererbung von Merkmalen beim Menschen funktioniert im Prinzip genauso, wie die Vererbung bei Pflanzen und Tieren. In der Humangenetik geht es im Besonderen darum, genetisch bedingte Krankheiten zu untersuchen, Behandlungsmethoden zu entwickeln und Prognosen zu erstellen. Ein wichtiger Bestandteil ist dabei die Stammbaumanalyse. Hier wird anhand eines Familienstammbaums untersucht, wie ein Merkmal oder eine Krankheit vererbt wird. Diese tammbaumanalyse funktioniert jedoch nur bei monogenetischen Merkmalen, also solchen, die nur durch ein einziges Gen bedingt werden.<\/p>\n<p>Die erste Unterscheidung, die bei einer Stammbaumanalyse vorgenommen wird, ist die zwischen<\/p>\n<ul>\n<li>autosomaler und<\/li>\n<li>gonosomaler Vererbung<\/li>\n<\/ul>\n<div class=\"box info\">\n<p>Bei <strong>autosomalen Erbg\u00e4ngen<\/strong> liegen die Gene des Merkmals oder der Krankheit auf den Autosomen, also auf den Chromosomen 1-22.<\/p>\n<p>Handelt es sich hingegen um einen <strong>gonosomalen Erbgang<\/strong>, liegen die Gene auf den Gonosomen &#8211; den Geschlechtschromosomen.<br \/>\n<\/div>\n<p>Bei der n\u00e4chsten Unterscheidung handelt es sich darum, ob ein<\/p>\n<ul>\n<li>dominanter oder ein<\/li>\n<li>rezessiver Erbgang vorliegt.<\/li>\n<\/ul>\n<div class=\"box info\">\n<p>Bei einem <strong>rezessiven Erbgang<\/strong> pr\u00e4gt sich ein Merkmal oder eine Krankheit ph\u00e4notypisch nur aus, wenn beide Allele die gleichen Informationen tragen bzw. defekt sind. Gekennzeichnet wird dieser Erbgang durch zwei kleine Buchstaben.<\/p>\n<p>Wird ein Merkmal <strong>dominant vererbt<\/strong>, muss nur eines der beiden Allele das Merkmal tragen oder defekt sein. Hierf\u00fcr werden Gro\u00dfbuchstaben verwendet.<br \/>\n<\/div>\n<p>Individuen, bei denen beide relevanten Allele in gleicher Auspr\u00e4gung vorliegen (aa oder AA), tragen dieses Merkmal homozygot (homo = \u201egleich\u201c). Sind die beiden Allele unterschiedlich ausgepr\u00e4gt (Aa), spricht man davon, dass das Merkmal heterozygot (hetero = \u201everschieden\u201c, \u201eanders\u201c) vorliegt.<\/p>\n<p><img decoding=\"async\" loading=\"lazy\" class=\"aligncenter wp-image-11042\" src=\"https:\/\/www.studyhelp.de\/online-lernen\/wp-content\/uploads\/2018\/10\/Stammbaumanalyse-Merkmalstr\u00e4ger.jpg\" alt=\"\" width=\"681\" height=\"312\" srcset=\"https:\/\/www.studyhelp.de\/online-lernen\/wp-content\/uploads\/2018\/10\/Stammbaumanalyse-Merkmalstr\u00e4ger.jpg 1119w, https:\/\/www.studyhelp.de\/online-lernen\/wp-content\/uploads\/2018\/10\/Stammbaumanalyse-Merkmalstr\u00e4ger-300x138.jpg 300w, https:\/\/www.studyhelp.de\/online-lernen\/wp-content\/uploads\/2018\/10\/Stammbaumanalyse-Merkmalstr\u00e4ger-768x352.jpg 768w, https:\/\/www.studyhelp.de\/online-lernen\/wp-content\/uploads\/2018\/10\/Stammbaumanalyse-Merkmalstr\u00e4ger-1024x469.jpg 1024w\" sizes=\"(max-width: 681px) 100vw, 681px\" \/><\/p>\n<p>Hier ist ein autosomal-dominanter Erbgang abgebildet. Merkmalstr\u00e4ger k\u00f6nnen bei diesem Erbgang sowohl homozygot (AA) als auch heterozygot (Aa) sein. Ph\u00e4notypisch gesunde Individuen, also Personen, die das Merkmal nicht tragen, sind auch genotypisch gesund.<\/p>\n<p><img decoding=\"async\" loading=\"lazy\" class=\"aligncenter wp-image-11041\" src=\"https:\/\/www.studyhelp.de\/online-lernen\/wp-content\/uploads\/2018\/10\/Stammbaumanalyse-Merkmalstr\u00e4ger-Fortsetzung.jpg\" alt=\"\" width=\"684\" height=\"301\" srcset=\"https:\/\/www.studyhelp.de\/online-lernen\/wp-content\/uploads\/2018\/10\/Stammbaumanalyse-Merkmalstr\u00e4ger-Fortsetzung.jpg 1179w, https:\/\/www.studyhelp.de\/online-lernen\/wp-content\/uploads\/2018\/10\/Stammbaumanalyse-Merkmalstr\u00e4ger-Fortsetzung-300x132.jpg 300w, https:\/\/www.studyhelp.de\/online-lernen\/wp-content\/uploads\/2018\/10\/Stammbaumanalyse-Merkmalstr\u00e4ger-Fortsetzung-768x338.jpg 768w, https:\/\/www.studyhelp.de\/online-lernen\/wp-content\/uploads\/2018\/10\/Stammbaumanalyse-Merkmalstr\u00e4ger-Fortsetzung-1024x451.jpg 1024w\" sizes=\"(max-width: 684px) 100vw, 684px\" \/><\/p>\n<p>Der hier vorliegende Erbgang wird als autosomal rezessiv bezeichnet. Bei Merkmalstr\u00e4gern liegen die Allele homozygot (aa) vor, w\u00e4hrend bei den ph\u00e4notypisch gesunden Personen entweder heterozygote (Aa) oder homozygote (AA) Allele vorliegen k\u00f6nnen.<\/p>\n<p><img decoding=\"async\" loading=\"lazy\" class=\"aligncenter wp-image-11040\" src=\"https:\/\/www.studyhelp.de\/online-lernen\/wp-content\/uploads\/2018\/10\/Stammbaumanalyse-Merkmalstr\u00e4ger-Fortsetzung-2.jpg\" alt=\"\" width=\"802\" height=\"322\" srcset=\"https:\/\/www.studyhelp.de\/online-lernen\/wp-content\/uploads\/2018\/10\/Stammbaumanalyse-Merkmalstr\u00e4ger-Fortsetzung-2.jpg 1306w, https:\/\/www.studyhelp.de\/online-lernen\/wp-content\/uploads\/2018\/10\/Stammbaumanalyse-Merkmalstr\u00e4ger-Fortsetzung-2-300x120.jpg 300w, https:\/\/www.studyhelp.de\/online-lernen\/wp-content\/uploads\/2018\/10\/Stammbaumanalyse-Merkmalstr\u00e4ger-Fortsetzung-2-768x308.jpg 768w, https:\/\/www.studyhelp.de\/online-lernen\/wp-content\/uploads\/2018\/10\/Stammbaumanalyse-Merkmalstr\u00e4ger-Fortsetzung-2-1024x411.jpg 1024w\" sizes=\"(max-width: 802px) 100vw, 802px\" \/><\/p>\n<p>Dieser Erbgang wird als gonosomal rezessiv oder genauer als X-chromosomal rezessiv bezeichnet. Hier liegt das relevante Gen auf dem X-Chromosom. Y-chromosomale Erbg\u00e4nge sind sehr unwahrscheinlich, da das Y-Chromosom sehr klein ist und nur wenige Gene enth\u00e4lt. Bei einem X-chromosomalen Erbgang ist stets zu beachten, dass m\u00e4nnliche Individuen nur ein einziges X-Chromosom besitzen, welches sie von der Mutter bekommen. Der Vater vererbt an seine S\u00f6hne ein Y-Chromoson, auf dem das Merkmal nicht zu finden ist und seine T\u00f6chter erhalten das einzige X-Chromosom, welches er besitzt.<\/p>\n\n","protected":false},"excerpt":{"rendered":"<p>Die Stammbaumanalyse ist ein Teil der Erbforschung, mit der z.B. erblich bedingte Krankheiten nachverfolgt werden k\u00f6nnen. Wie eine Stammbaumanalyse abl\u00e4uft erkl\u00e4ren wir dir hier auf StudyHelp Online-Lernen! Themen zur Stammnbaumanalyse auf dieser Seite Mendelsche Regeln Stammbaumanalyse Alle Menschen unterscheiden sich voneinander und weisen verschiedene Kombinationen von Merkmalen auf. Wichtigste Voraussetzung daf\u00fcr ist die sexuelle Fortpflanzung [&hellip;]<\/p>\n","protected":false},"author":3,"featured_media":0,"parent":10174,"menu_order":0,"comment_status":"closed","ping_status":"closed","template":"","meta":[],"categories":[59],"tags":[],"yoast_head":"<!-- This site is optimized with the Yoast SEO plugin v14.7 - https:\/\/yoast.com\/wordpress\/plugins\/seo\/ -->\n<title>Die Stammbaumanalyse vollst\u00e4ndig erkl\u00e4rt - StudyHelp Online-Lernen<\/title>\n<meta name=\"description\" content=\"Die Stammbaumanalyse geh\u00f6rt zur Erbforschung in der Biologie. Wie eine Stammbaumanalyse abl\u00e4uft erkl\u00e4ren wir dir hier auf StudyHelp Online-Lernen!\" \/>\n<meta name=\"robots\" content=\"index, follow\" \/>\n<meta name=\"googlebot\" content=\"index, follow, max-snippet:-1, max-image-preview:large, max-video-preview:-1\" \/>\n<meta name=\"bingbot\" content=\"index, follow, max-snippet:-1, max-image-preview:large, max-video-preview:-1\" \/>\n<link rel=\"canonical\" href=\"https:\/\/www.studyhelp.de\/online-lernen\/biologie\/stammbaumanalyse\/\" \/>\n<meta property=\"og:locale\" content=\"de_DE\" \/>\n<meta property=\"og:type\" content=\"article\" \/>\n<meta property=\"og:title\" content=\"Die Stammbaumanalyse vollst\u00e4ndig erkl\u00e4rt - StudyHelp Online-Lernen\" \/>\n<meta property=\"og:description\" content=\"Die Stammbaumanalyse geh\u00f6rt zur Erbforschung in der Biologie. Wie eine Stammbaumanalyse abl\u00e4uft erkl\u00e4ren wir dir hier auf StudyHelp Online-Lernen!\" \/>\n<meta property=\"og:url\" content=\"https:\/\/www.studyhelp.de\/online-lernen\/biologie\/stammbaumanalyse\/\" \/>\n<meta property=\"og:site_name\" content=\"StudyHelp Online-Lernen\" \/>\n<meta property=\"article:modified_time\" content=\"2018-11-19T10:28:47+00:00\" \/>\n<meta property=\"og:image\" content=\"https:\/\/www.studyhelp.de\/online-lernen\/wp-content\/uploads\/2018\/10\/Stammbaumanalyse-Merkmalstr\u00e4ger.jpg\" \/>\n<meta name=\"twitter:card\" content=\"summary_large_image\" \/>\n<script type=\"application\/ld+json\" class=\"yoast-schema-graph\">{\"@context\":\"https:\/\/schema.org\",\"@graph\":[{\"@type\":\"WebSite\",\"@id\":\"https:\/\/www.studyhelp.de\/online-lernen\/#website\",\"url\":\"https:\/\/www.studyhelp.de\/online-lernen\/\",\"name\":\"StudyHelp Online-Lernen\",\"description\":\"\",\"potentialAction\":[{\"@type\":\"SearchAction\",\"target\":\"https:\/\/www.studyhelp.de\/online-lernen\/?s={search_term_string}\",\"query-input\":\"required name=search_term_string\"}],\"inLanguage\":\"de-DE\"},{\"@type\":\"ImageObject\",\"@id\":\"https:\/\/www.studyhelp.de\/online-lernen\/biologie\/stammbaumanalyse\/#primaryimage\",\"inLanguage\":\"de-DE\",\"url\":\"https:\/\/www.studyhelp.de\/online-lernen\/wp-content\/uploads\/2018\/10\/Stammbaumanalyse-Merkmalstr\\u00e4ger.jpg\",\"width\":1119,\"height\":513},{\"@type\":\"WebPage\",\"@id\":\"https:\/\/www.studyhelp.de\/online-lernen\/biologie\/stammbaumanalyse\/#webpage\",\"url\":\"https:\/\/www.studyhelp.de\/online-lernen\/biologie\/stammbaumanalyse\/\",\"name\":\"Die Stammbaumanalyse vollst\\u00e4ndig erkl\\u00e4rt - StudyHelp Online-Lernen\",\"isPartOf\":{\"@id\":\"https:\/\/www.studyhelp.de\/online-lernen\/#website\"},\"primaryImageOfPage\":{\"@id\":\"https:\/\/www.studyhelp.de\/online-lernen\/biologie\/stammbaumanalyse\/#primaryimage\"},\"datePublished\":\"2018-10-08T12:51:08+00:00\",\"dateModified\":\"2018-11-19T10:28:47+00:00\",\"description\":\"Die Stammbaumanalyse geh\\u00f6rt zur Erbforschung in der Biologie. Wie eine Stammbaumanalyse abl\\u00e4uft erkl\\u00e4ren wir dir hier auf StudyHelp Online-Lernen!\",\"inLanguage\":\"de-DE\",\"potentialAction\":[{\"@type\":\"ReadAction\",\"target\":[\"https:\/\/www.studyhelp.de\/online-lernen\/biologie\/stammbaumanalyse\/\"]}]}]}<\/script>\n<!-- \/ Yoast SEO plugin. -->","_links":{"self":[{"href":"https:\/\/www.studyhelp.de\/online-lernen\/wp-json\/wp\/v2\/pages\/10200"}],"collection":[{"href":"https:\/\/www.studyhelp.de\/online-lernen\/wp-json\/wp\/v2\/pages"}],"about":[{"href":"https:\/\/www.studyhelp.de\/online-lernen\/wp-json\/wp\/v2\/types\/page"}],"author":[{"embeddable":true,"href":"https:\/\/www.studyhelp.de\/online-lernen\/wp-json\/wp\/v2\/users\/3"}],"replies":[{"embeddable":true,"href":"https:\/\/www.studyhelp.de\/online-lernen\/wp-json\/wp\/v2\/comments?post=10200"}],"version-history":[{"count":11,"href":"https:\/\/www.studyhelp.de\/online-lernen\/wp-json\/wp\/v2\/pages\/10200\/revisions"}],"predecessor-version":[{"id":11482,"href":"https:\/\/www.studyhelp.de\/online-lernen\/wp-json\/wp\/v2\/pages\/10200\/revisions\/11482"}],"up":[{"embeddable":true,"href":"https:\/\/www.studyhelp.de\/online-lernen\/wp-json\/wp\/v2\/pages\/10174"}],"wp:attachment":[{"href":"https:\/\/www.studyhelp.de\/online-lernen\/wp-json\/wp\/v2\/media?parent=10200"}],"wp:term":[{"taxonomy":"category","embeddable":true,"href":"https:\/\/www.studyhelp.de\/online-lernen\/wp-json\/wp\/v2\/categories?post=10200"},{"taxonomy":"post_tag","embeddable":true,"href":"https:\/\/www.studyhelp.de\/online-lernen\/wp-json\/wp\/v2\/tags?post=10200"}],"curies":[{"name":"wp","href":"https:\/\/api.w.org\/{rel}","templated":true}]}}