{"id":10212,"date":"2018-10-08T14:53:55","date_gmt":"2018-10-08T12:53:55","guid":{"rendered":"https:\/\/www.studyhelp.de\/online-lernen\/?page_id=10212"},"modified":"2018-11-19T11:37:35","modified_gmt":"2018-11-19T10:37:35","slug":"evolutionstheorien","status":"publish","type":"page","link":"https:\/\/www.studyhelp.de\/online-lernen\/biologie\/evolutionstheorien\/","title":{"rendered":"Evolutionstheorie"},"content":{"rendered":"<p>Egal welche Evolutionstheorie, sie wurde in der Vergangenheit lange als eine Art ketzerische Theorie angesehen. Das liegt daran, dass der Gedanken eines gemeinsamen Ursprungs die Sch\u00f6pfungsgeschichte und damit die Rolle Gottes in der Geschichte der Erde in Frage stellt. Daher hat es sehr lange gedauert, bis die ersten fundierten wissenschaftlichen Untersuchungen und Erkenntnisse zu Evolutionstheorien in den Naturwissenschaften verankert wurden.<\/p>\n<p>Vor den Entdeckungen von Charles Darwin, dem Begr\u00fcnder der modernen Evolutionstheorie, gingen Naturforscher und Biologen davon aus, dass es sich bei der Erschaffung der verschiedenen  Lebewesen um einen Sch\u00f6pfungsakt Gottes handelte und Arten dementsprechend gleich blieben. Man spricht dabei von der Konstanz der Arten. Zu Beginn wurden bei solchen Theorien sogar die Funde von Fossilien ignoriert. Sie wurden als zuf\u00e4llig entstandene Produkte betrachtet. Erst sp\u00e4ter wurden Fossilien mit in die Evolutionstheorien einbezogen. Es wurde vermutet, dass im Laufe der Zeit immer wieder gro\u00dfe Katastrophen vorkamen, durch die ein Gro\u00dfteil der vorhandenen Lebewesen auf der Welt vernichtet wurden. Trotzdem seien Lebewesen durch den Sch\u00f6pfungsakt entstanden und entsprechend der Konstanz der Arten nicht ver\u00e4nderlich. Jean Baptiste de Lamarck und Charles Darwin waren die ersten gro\u00dfen Naturforscher, die dem widersprachen.<\/p>\n<p><strong>Als Einf\u00fchrung in das Thema erkl\u00e4rt dir unser Partner Die Merkhilfe was eine Evolutionstheorie ist- und welche es gibt<\/strong><br \/>\n<div class=\"lyte-wrapper\" title=\"Evolutionstheorien: Cuvier, Lamarck, Darwin, Kreationismus - im &Uuml;berblick | Evolution 3\" style=\"width:420px;max-width:100%;margin:5px;\"><div class=\"lyMe\" id=\"WYL_EpL3RFF-vaE\"><div id=\"lyte_EpL3RFF-vaE\" data-src=\"https:\/\/www.studyhelp.de\/online-lernen\/wp-content\/plugins\/wp-youtube-lyte\/lyteCache.php?origThumbUrl=https%3A%2F%2Fi.ytimg.com%2Fvi%2FEpL3RFF-vaE%2Fhqdefault.jpg\" class=\"pL\"><div class=\"tC\"><div class=\"tT\">Evolutionstheorien: Cuvier, Lamarck, Darwin, Kreationismus - im \u00dcberblick | Evolution 3<\/div><\/div><div class=\"play\"><\/div><div class=\"ctrl\"><div class=\"Lctrl\"><\/div><div class=\"Rctrl\"><\/div><\/div><\/div><noscript><a href=\"https:\/\/youtu.be\/EpL3RFF-vaE\" rel=\"nofollow\"><img src=\"https:\/\/www.studyhelp.de\/online-lernen\/wp-content\/plugins\/wp-youtube-lyte\/lyteCache.php?origThumbUrl=https%3A%2F%2Fi.ytimg.com%2Fvi%2FEpL3RFF-vaE%2F0.jpg\" alt=\"Evolutionstheorien: Cuvier, Lamarck, Darwin, Kreationismus - im &Uuml;berblick | Evolution 3\" width=\"420\" height=\"216\" \/><br \/>Dieses Video auf YouTube ansehen<\/a><\/noscript><\/div><\/div><div class=\"lL\" style=\"max-width:100%;width:420px;margin:5px;\"><\/div><br \/>\n<\/p>\n<h2 class=\"acnhor\" id=\"lamarch-und-darwin\">Lamarck und Darwin<\/h2>\n<p>Jean Baptiste de Lamarck war der erste Wissenschaftler, der bei seiner Evolutionstheorie die Inkonstanz der Arten postulierte. Er ging davon aus, dass sich Organismen w\u00e4hrend ihres Lebens ver\u00e4ndern und diese Ver\u00e4nderungen vom Gebrauch oder Nichtgebrauch der Organe oder K\u00f6rperteile abh\u00e4ngt. Au\u00dferdem w\u00fcrden diese erworbenen Eigenschaften an die Nachkommen weitergegeben. Lamarck postulierte also einen aktiven Prozess der Anpassungen von Lebewesen an ver\u00e4nderte Umweltbedingungen.<\/p>\n<p><strong>Lass dir in diesem Video die Evolutionstheorie von Lamarck erkl\u00e4ren!<\/strong><br \/>\n<div class=\"lyte-wrapper\" title=\"Evolutionstheorie von Lamarck - Deszendenztheorie \/ Abstammungstheorie | Evolution 4\" style=\"width:420px;max-width:100%;margin:5px;\"><div class=\"lyMe\" id=\"WYL_V9-QBjjor_4\"><div id=\"lyte_V9-QBjjor_4\" data-src=\"https:\/\/www.studyhelp.de\/online-lernen\/wp-content\/plugins\/wp-youtube-lyte\/lyteCache.php?origThumbUrl=https%3A%2F%2Fi.ytimg.com%2Fvi%2FV9-QBjjor_4%2Fhqdefault.jpg\" class=\"pL\"><div class=\"tC\"><div class=\"tT\">Evolutionstheorie von Lamarck - Deszendenztheorie \/ Abstammungstheorie | Evolution 4<\/div><\/div><div class=\"play\"><\/div><div class=\"ctrl\"><div class=\"Lctrl\"><\/div><div class=\"Rctrl\"><\/div><\/div><\/div><noscript><a href=\"https:\/\/youtu.be\/V9-QBjjor_4\" rel=\"nofollow\"><img src=\"https:\/\/www.studyhelp.de\/online-lernen\/wp-content\/plugins\/wp-youtube-lyte\/lyteCache.php?origThumbUrl=https%3A%2F%2Fi.ytimg.com%2Fvi%2FV9-QBjjor_4%2F0.jpg\" alt=\"Evolutionstheorie von Lamarck - Deszendenztheorie \/ Abstammungstheorie | Evolution 4\" width=\"420\" height=\"216\" \/><br \/>Dieses Video auf YouTube ansehen<\/a><\/noscript><\/div><\/div><div class=\"lL\" style=\"max-width:100%;width:420px;margin:5px;\"><\/div><br \/>\n<\/p>\n<p>Der Naturforscher Charles Darwin unternahm bereits in jungen Jahren eine Forschungsreise, mit deren Auswertung er viele Jahre zubrachte. Aufgrund von vielen Beobachtungen und Untersuchungen formulierte er als erster die Selektionstheorie der Evolution, in der er davon ausgeht, dass eine passive Anpassung von Lebewesen an sich \u00e4ndernde Umweltbedingungen stattfindet.<\/p>\n<div class=\"box info\">\n<strong>Die Grundlagen von Darwin\u2019s Theorie:<\/strong><\/p>\n<ul>\n<li>Es findet eine \u00dcberproduktion von Nachkommen statt und trotzdem nimmt die Gesamtheit einer Population nicht zu. Die meisten Nachkommen sterben also, bevor sie sich fortpflanzen k\u00f6nnen.<\/li>\n<li>Die Nachkommen einer Population unterscheiden sich geringf\u00fcgig.<\/li>\n<li>Es findet eine Vererbung statt: Bestimmte Ver\u00e4nderungen treten im Laufe der Zeit immer wieder in einer Erbfolge auf.<\/li>\n<li>Individuen einer Population konkurrieren untereinander, die besser angepassten \u00fcberleben und geben ihre Erbanlagen weiter. (\u201esurvival of the fittest\u201c = \u00dcberleben des am besten angepassten, nicht des st\u00e4rkeren!)<\/li>\n<li>Durch die nat\u00fcrliche Auslese passen sich die Individuen einer Population immer besser den Umweltbedingungen an.<\/li>\n<\/ul>\n<\/div>\n<p>Im Laufe der Zeit f\u00fchren all diese Aspekte zu einem Artwandel, also der Ver\u00e4nderung von Lebewesen, die sich immer neuen Umweltbedingungen anpassen.<\/p>\n<p><strong>Jetzt kennen wir die Evolutionstheorien von Darwin und Lamarck &#8211; schauen wir uns einen Vergleich an!<\/strong><br \/>\n<div class=\"lyte-wrapper\" title=\"Darwin vs. Lamarck - Evolutionstheorie von Lamarck und Darwin im Vergleich | Evolution 8\" style=\"width:420px;max-width:100%;margin:5px;\"><div class=\"lyMe\" id=\"WYL_wWJYYvWAjCo\"><div id=\"lyte_wWJYYvWAjCo\" data-src=\"https:\/\/www.studyhelp.de\/online-lernen\/wp-content\/plugins\/wp-youtube-lyte\/lyteCache.php?origThumbUrl=https%3A%2F%2Fi.ytimg.com%2Fvi%2FwWJYYvWAjCo%2Fhqdefault.jpg\" class=\"pL\"><div class=\"tC\"><div class=\"tT\">Darwin vs. Lamarck - Evolutionstheorie von Lamarck und Darwin im Vergleich | Evolution 8<\/div><\/div><div class=\"play\"><\/div><div class=\"ctrl\"><div class=\"Lctrl\"><\/div><div class=\"Rctrl\"><\/div><\/div><\/div><noscript><a href=\"https:\/\/youtu.be\/wWJYYvWAjCo\" rel=\"nofollow\"><img src=\"https:\/\/www.studyhelp.de\/online-lernen\/wp-content\/plugins\/wp-youtube-lyte\/lyteCache.php?origThumbUrl=https%3A%2F%2Fi.ytimg.com%2Fvi%2FwWJYYvWAjCo%2F0.jpg\" alt=\"Darwin vs. Lamarck - Evolutionstheorie von Lamarck und Darwin im Vergleich | Evolution 8\" width=\"420\" height=\"216\" \/><br \/>Dieses Video auf YouTube ansehen<\/a><\/noscript><\/div><\/div><div class=\"lL\" style=\"max-width:100%;width:420px;margin:5px;\"><\/div><br \/>\n<\/p>\n<h2 class=\"anchor\" id=\"synthetische-evolutionstheorie\">Synthetische Evolutionstheorie<\/h2>\n<p>Die Synthetische Theorie der Evolution entwickelt den Grundgedanken Darwins mithilfe von neueren Erkenntnissen aus den Bereichen der Genetik, der \u00d6kologie und anderen naturwissenschaftlichen Disziplinen weiter. Besonders der Begriff der Population spielt dabei eine wichtige Rolle, da Evolutionsvorg\u00e4nge vor allem auf der Grundlage von populationsgenetischen Erkenntnissen erkl\u00e4rt werden. Bei einer Population handelt es sich um eine Gruppe von Individuen derselben Art, die zur gleichen Zeit im gleichen Raum leben. Au\u00dferdem besteht eine Fortpflanzungsgemeinschaft zwischen den Individuen.<\/p>\n<p>Die Gesamtheit aller Gene in einer Population wird dabei als Genpool bezeichnet. In diesem Genpool treten f\u00fcr ein Merkmal verschiedene Allele in unterschiedlichen H\u00e4ufigkeiten auf (Allelfrequenz) und auch die Wahrscheinlichkeit von Mutationen ist h\u00f6her, als bei einem einzelnen Individuum. So kommt es stetig zu einer Erweiterung und Ver\u00e4nderung des Genpools.<\/p>\n<p><strong>Schau dir zum Abschluss des Artikels das passende Lernvideo zur synthetischen Evolutionstheorie an!<\/strong><br \/>\n<div class=\"lyte-wrapper\" style=\"width:420px;max-width:100%;margin:5px;\"><div class=\"lyMe\" id=\"WYL_KRiPMmTJXcg\"><div id=\"lyte_KRiPMmTJXcg\" data-src=\"https:\/\/www.studyhelp.de\/online-lernen\/wp-content\/plugins\/wp-youtube-lyte\/lyteCache.php?origThumbUrl=%2F%2Fi.ytimg.com%2Fvi%2FKRiPMmTJXcg%2Fhqdefault.jpg\" class=\"pL\"><div class=\"tC\"><div class=\"tT\"><\/div><\/div><div class=\"play\"><\/div><div class=\"ctrl\"><div class=\"Lctrl\"><\/div><div class=\"Rctrl\"><\/div><\/div><\/div><noscript><a href=\"https:\/\/youtu.be\/KRiPMmTJXcg\" rel=\"nofollow\"><img src=\"https:\/\/www.studyhelp.de\/online-lernen\/wp-content\/plugins\/wp-youtube-lyte\/lyteCache.php?origThumbUrl=https%3A%2F%2Fi.ytimg.com%2Fvi%2FKRiPMmTJXcg%2F0.jpg\" alt=\"YouTube-Video-Thumbnail\" width=\"420\" height=\"216\" \/><br \/>Dieses Video auf YouTube ansehen<\/a><\/noscript><\/div><\/div><div class=\"lL\" style=\"max-width:100%;width:420px;margin:5px;\"><\/div><br \/>\n<\/p>\n","protected":false},"excerpt":{"rendered":"<p>Egal welche Evolutionstheorie, sie wurde in der Vergangenheit lange als eine Art ketzerische Theorie angesehen. Das liegt daran, dass der Gedanken eines gemeinsamen Ursprungs die Sch\u00f6pfungsgeschichte und damit die Rolle Gottes in der Geschichte der Erde in Frage stellt. Daher hat es sehr lange gedauert, bis die ersten fundierten wissenschaftlichen Untersuchungen und Erkenntnisse zu Evolutionstheorien [&hellip;]<\/p>\n","protected":false},"author":3,"featured_media":0,"parent":10174,"menu_order":0,"comment_status":"closed","ping_status":"closed","template":"","meta":[],"categories":[59],"tags":[],"yoast_head":"<!-- This site is optimized with the Yoast SEO plugin v14.7 - https:\/\/yoast.com\/wordpress\/plugins\/seo\/ -->\n<title>Evolutionstheorie [Darwin &amp; Lamarck] - StudyHelp Online-Lernen<\/title>\n<meta name=\"description\" content=\"Was ist eine Evolutionstheorie? Wie lauten die Evulotionstheorien von Darwin oder Lamarck? All diese Fragen und noch viele weitere beantworten wir dir hier!\" \/>\n<meta name=\"robots\" content=\"index, follow\" \/>\n<meta name=\"googlebot\" content=\"index, follow, max-snippet:-1, max-image-preview:large, max-video-preview:-1\" \/>\n<meta name=\"bingbot\" content=\"index, follow, max-snippet:-1, max-image-preview:large, max-video-preview:-1\" \/>\n<link rel=\"canonical\" href=\"https:\/\/www.studyhelp.de\/online-lernen\/biologie\/evolutionstheorien\/\" \/>\n<meta property=\"og:locale\" content=\"de_DE\" \/>\n<meta property=\"og:type\" content=\"article\" \/>\n<meta property=\"og:title\" content=\"Evolutionstheorie [Darwin &amp; Lamarck] - StudyHelp Online-Lernen\" \/>\n<meta property=\"og:description\" content=\"Was ist eine Evolutionstheorie? Wie lauten die Evulotionstheorien von Darwin oder Lamarck? All diese Fragen und noch viele weitere beantworten wir dir hier!\" \/>\n<meta property=\"og:url\" content=\"https:\/\/www.studyhelp.de\/online-lernen\/biologie\/evolutionstheorien\/\" \/>\n<meta property=\"og:site_name\" content=\"StudyHelp Online-Lernen\" \/>\n<meta property=\"article:modified_time\" content=\"2018-11-19T10:37:35+00:00\" \/>\n<meta name=\"twitter:card\" content=\"summary_large_image\" \/>\n<script type=\"application\/ld+json\" class=\"yoast-schema-graph\">{\"@context\":\"https:\/\/schema.org\",\"@graph\":[{\"@type\":\"WebSite\",\"@id\":\"https:\/\/www.studyhelp.de\/online-lernen\/#website\",\"url\":\"https:\/\/www.studyhelp.de\/online-lernen\/\",\"name\":\"StudyHelp Online-Lernen\",\"description\":\"\",\"potentialAction\":[{\"@type\":\"SearchAction\",\"target\":\"https:\/\/www.studyhelp.de\/online-lernen\/?s={search_term_string}\",\"query-input\":\"required name=search_term_string\"}],\"inLanguage\":\"de-DE\"},{\"@type\":\"WebPage\",\"@id\":\"https:\/\/www.studyhelp.de\/online-lernen\/biologie\/evolutionstheorien\/#webpage\",\"url\":\"https:\/\/www.studyhelp.de\/online-lernen\/biologie\/evolutionstheorien\/\",\"name\":\"Evolutionstheorie [Darwin & Lamarck] - StudyHelp Online-Lernen\",\"isPartOf\":{\"@id\":\"https:\/\/www.studyhelp.de\/online-lernen\/#website\"},\"datePublished\":\"2018-10-08T12:53:55+00:00\",\"dateModified\":\"2018-11-19T10:37:35+00:00\",\"description\":\"Was ist eine Evolutionstheorie? Wie lauten die Evulotionstheorien von Darwin oder Lamarck? All diese Fragen und noch viele weitere beantworten wir dir hier!\",\"inLanguage\":\"de-DE\",\"potentialAction\":[{\"@type\":\"ReadAction\",\"target\":[\"https:\/\/www.studyhelp.de\/online-lernen\/biologie\/evolutionstheorien\/\"]}]}]}<\/script>\n<!-- \/ Yoast SEO plugin. -->","_links":{"self":[{"href":"https:\/\/www.studyhelp.de\/online-lernen\/wp-json\/wp\/v2\/pages\/10212"}],"collection":[{"href":"https:\/\/www.studyhelp.de\/online-lernen\/wp-json\/wp\/v2\/pages"}],"about":[{"href":"https:\/\/www.studyhelp.de\/online-lernen\/wp-json\/wp\/v2\/types\/page"}],"author":[{"embeddable":true,"href":"https:\/\/www.studyhelp.de\/online-lernen\/wp-json\/wp\/v2\/users\/3"}],"replies":[{"embeddable":true,"href":"https:\/\/www.studyhelp.de\/online-lernen\/wp-json\/wp\/v2\/comments?post=10212"}],"version-history":[{"count":11,"href":"https:\/\/www.studyhelp.de\/online-lernen\/wp-json\/wp\/v2\/pages\/10212\/revisions"}],"predecessor-version":[{"id":11489,"href":"https:\/\/www.studyhelp.de\/online-lernen\/wp-json\/wp\/v2\/pages\/10212\/revisions\/11489"}],"up":[{"embeddable":true,"href":"https:\/\/www.studyhelp.de\/online-lernen\/wp-json\/wp\/v2\/pages\/10174"}],"wp:attachment":[{"href":"https:\/\/www.studyhelp.de\/online-lernen\/wp-json\/wp\/v2\/media?parent=10212"}],"wp:term":[{"taxonomy":"category","embeddable":true,"href":"https:\/\/www.studyhelp.de\/online-lernen\/wp-json\/wp\/v2\/categories?post=10212"},{"taxonomy":"post_tag","embeddable":true,"href":"https:\/\/www.studyhelp.de\/online-lernen\/wp-json\/wp\/v2\/tags?post=10212"}],"curies":[{"name":"wp","href":"https:\/\/api.w.org\/{rel}","templated":true}]}}