{"id":10222,"date":"2018-10-08T14:57:11","date_gmt":"2018-10-08T12:57:11","guid":{"rendered":"https:\/\/www.studyhelp.de\/online-lernen\/?page_id=10222"},"modified":"2018-11-19T11:44:59","modified_gmt":"2018-11-19T10:44:59","slug":"methoden-der-verwandtschaftsanalyse","status":"publish","type":"page","link":"https:\/\/www.studyhelp.de\/online-lernen\/biologie\/methoden-der-verwandtschaftsanalyse\/","title":{"rendered":"Verwandtschaftsanalyse"},"content":{"rendered":"<p>Mit der Verwandtschaftsanalyse misst man den Grad der Verwandschaft zu anderen Individuen, Populationen oder Arten. In der Verwandschaftsanalyse kommen neben morphologischen und verhaltensbiologischen Aspekten vor allem molekularbiologische Methoden zum Einsatz. Drei dieser Methoden zur Bestimmung des Grades der Verwandschaft stellen wir euch in diesem Artikel vor:<\/p>\n<h2 class=\"anchor\" id=\"vergleich-der-aminos\u00e4uresequenz-von-proteinen\">Vergleich der Aminos\u00e4uresequenz von Proteinen<\/h2>\n<p>Die Funktion von Proteinen h\u00e4ngt sehr stark mit der Raumstruktur zusammen, die wiederum von der Aminos\u00e4uresequenz der Polypeptidkette abh\u00e4ngt. Geht man bei allen Lebewesen von einem einzigen, gemeinsamen Vorfahren aus, so sollten sich die Aminos\u00e4uresequenzen der gleichen Proteine auch bei unterschiedlichen Arten sehr \u00e4hneln. Je n\u00e4her die Organismen miteinander verwandt sind, desto weniger Unterschiede sollte die Aminos\u00e4uresequenz haben, da Ver\u00e4nderungen auf Mutationen zur\u00fcckgehen. Die Wahrscheinlichkeit und damit die H\u00e4ufigkeit von Mutationen steigt mit der Zeit. Daher unterscheiden sich die Proteine von weniger nah verwandten Arten mehr als die von nah Verwandten. Typische Proteine, bei denen sich ein Vergleich der Aminos\u00e4uresequenzen anbietet, sind zum Beispiel die Molek\u00fcle des Hormons Insulin oder das Cytochrom c. Beides sind Proteine, deren biokatalytische Wirkung trotz eines Austausches mehrerer Aminos\u00e4uren nicht verloren geht.<\/p>\n\n<h2 class=\"anchor\" id=\"vergleich-von-serumproteinen-pr\u00e4zipitintest\">Vergleich von Serumproteinen: Pr\u00e4zipitintest<\/h2>\n<p>Neben dem Vergleich der Aminos\u00e4urensequenz von Proteinen kann der Pr\u00e4zipitintest f\u00fcr eine Verwandtschaftsanalyse zwischen zwei Arten genutzt werden. Dazu wird z.B. einem Kaninchen etwas menschliches Blutserum gespritzt. Blutserum ist der fl\u00fcssige Bestandteil von Blut, der \u00fcbrig bleibt, wenn man die festen Bestandteile durch Zentrifugieren herausgefiltert hat. Das Immunsystem des Kaninchens entwickelt nach der Aufnahme des menschlichen Blutserums Antik\u00f6rper gegen dieses. Entnimmt man dann dem Kaninchen nach einiger Zeit etwas Blut, zentrifugiert dieses und sondert die festen Blutbestandteile heraus, erh\u00e4lt man ein Blutserum, in welchem sehr viele Antik\u00f6rper gegen das menschliche Blutserum enthalten sind. Mischt man nun dieses Antik\u00f6rper-Serum mit menschlichem Blut, wird die Mischung eine hundertprozentige Ausf\u00e4llung aufweisen, da alle menschlichen Proteine verklumpen. Diese Reaktion wird Pr\u00e4zipitinreaktion genannt. Wird das Antik\u00f6rper-Serum mit dem Blut von anderen Arten gemischt, zum Beispiel dem Blut von einem Schimpansen, wird das Gemisch ebenfalls eine hohe Ausf\u00e4llung aufweisen, die jedoch nicht ganz 100% betr\u00e4gt, da nicht alle vorhandenen Proteine die gleichen sind, wie bei Menschen. Je h\u00f6her die Ausf\u00e4llung bei einer Mischung des Antik\u00f6rper-Serums mit einer zu testenden Art ist, desto n\u00e4her sind beide Arten miteinander verwandt.<\/p>\n<h2 class=\"anchor\" id=\"dna-hybridisierung\">Vergleich der DNA-Sequenz: DNA-Hybridisierung<\/h2>\n<p>Auch mithilfe der DNA-Hybridisierung kann eine Verwandtschaftsanalyse durchgef\u00fchrt werden. Dazu werden zun\u00e4chst ausgew\u00e4hlte DNA-Abschnitte von zwei miteinander zu vergleichenden Arten selektiert, fragmentiert und gereinigt. Anschlie\u00dfend werden beide Abschnitte getrennt voneinander erhitzt, sodass die Wasserstoffbr\u00fccken zwischen den Str\u00e4ngen aufbrechen und die komplement\u00e4ren Str\u00e4nge getrennt werden. Bringt man diese Str\u00e4nge nun zusammen und l\u00e4sst sie langsam abk\u00fchlen, so lagern sich auch die artfremden Str\u00e4nge an homologen Sequenzen aneinander und bilden sogenannte Hybrid-Doppelstr\u00e4nge. Je mehr gleiche Sequenzen auf den Str\u00e4ngen vorhanden sind, desto mehr Wasserstoffbr\u00fccken werden dabei gebildet. In einem n\u00e4chsten Schritt erhitzt man diese Hybrid-Doppelstr\u00e4nge erneut. Die Temperatur, die ben\u00f6tigt wird, um diese Str\u00e4nge wieder voneinander zu trennen, muss umso h\u00f6her sein, je mehr Wasserstoffbr\u00fccken gebildet worden sind, also je mehr Sequenzen auf den urspr\u00fcnglichen Str\u00e4ngen \u00fcbereinstimmen.<\/p>\n<p><strong>Die DNA-Hybridisierung kannst du dir hier nochmal in Ruhe per Lernvideo erkl\u00e4ren lassen!<\/strong><br \/>\n<div class=\"lyte-wrapper\" title=\"Hybridisierung &amp;amp; DNA-Hybridisierungsverfahren einfach erkl&auml;rt - Southern-Blotting &amp;amp; Bsp - Analyse 2\" style=\"width:420px;max-width:100%;margin:5px;\"><div class=\"lyMe\" id=\"WYL_gE4_xM6NLxg\"><div id=\"lyte_gE4_xM6NLxg\" data-src=\"https:\/\/www.studyhelp.de\/online-lernen\/wp-content\/plugins\/wp-youtube-lyte\/lyteCache.php?origThumbUrl=https%3A%2F%2Fi.ytimg.com%2Fvi%2FgE4_xM6NLxg%2Fhqdefault.jpg\" class=\"pL\"><div class=\"tC\"><div class=\"tT\">Hybridisierung &amp; DNA-Hybridisierungsverfahren einfach erkl\u00e4rt - Southern-Blotting &amp; Bsp - Analyse 2<\/div><\/div><div class=\"play\"><\/div><div class=\"ctrl\"><div class=\"Lctrl\"><\/div><div class=\"Rctrl\"><\/div><\/div><\/div><noscript><a href=\"https:\/\/youtu.be\/gE4_xM6NLxg\" rel=\"nofollow\"><img src=\"https:\/\/www.studyhelp.de\/online-lernen\/wp-content\/plugins\/wp-youtube-lyte\/lyteCache.php?origThumbUrl=https%3A%2F%2Fi.ytimg.com%2Fvi%2FgE4_xM6NLxg%2F0.jpg\" alt=\"Hybridisierung &amp;amp; DNA-Hybridisierungsverfahren einfach erkl&auml;rt - Southern-Blotting &amp;amp; Bsp - Analyse 2\" width=\"420\" height=\"216\" \/><br \/>Dieses Video auf YouTube ansehen<\/a><\/noscript><\/div><\/div><div class=\"lL\" style=\"max-width:100%;width:420px;margin:5px;\"><\/div><br \/>\n<\/p>\n","protected":false},"excerpt":{"rendered":"<p>Mit der Verwandtschaftsanalyse misst man den Grad der Verwandschaft zu anderen Individuen, Populationen oder Arten. In der Verwandschaftsanalyse kommen neben morphologischen und verhaltensbiologischen Aspekten vor allem molekularbiologische Methoden zum Einsatz. Drei dieser Methoden zur Bestimmung des Grades der Verwandschaft stellen wir euch in diesem Artikel vor: Vergleich der Aminos\u00e4uresequenz von Proteinen Die Funktion von Proteinen [&hellip;]<\/p>\n","protected":false},"author":3,"featured_media":0,"parent":10174,"menu_order":0,"comment_status":"closed","ping_status":"closed","template":"","meta":[],"categories":[59],"tags":[],"yoast_head":"<!-- This site is optimized with the Yoast SEO plugin v14.7 - https:\/\/yoast.com\/wordpress\/plugins\/seo\/ -->\n<title>Verwandschaftsanalyse ausf\u00fchrlich erkl\u00e4rt - StudyHelp Online-Lernen<\/title>\n<meta name=\"description\" content=\"Mit der Verwandtschaftsanalyse misst man den Grad der Verwandschaft zu anderen Individuen, Populationen oder Arten. Alle Methoden werden dir hier erkl\u00e4rt!\" \/>\n<meta name=\"robots\" content=\"index, follow\" \/>\n<meta name=\"googlebot\" content=\"index, follow, max-snippet:-1, max-image-preview:large, max-video-preview:-1\" \/>\n<meta name=\"bingbot\" content=\"index, follow, max-snippet:-1, max-image-preview:large, max-video-preview:-1\" \/>\n<link rel=\"canonical\" href=\"https:\/\/www.studyhelp.de\/online-lernen\/biologie\/methoden-der-verwandtschaftsanalyse\/\" \/>\n<meta property=\"og:locale\" content=\"de_DE\" \/>\n<meta property=\"og:type\" content=\"article\" \/>\n<meta property=\"og:title\" content=\"Verwandschaftsanalyse ausf\u00fchrlich erkl\u00e4rt - StudyHelp Online-Lernen\" \/>\n<meta property=\"og:description\" content=\"Mit der Verwandtschaftsanalyse misst man den Grad der Verwandschaft zu anderen Individuen, Populationen oder Arten. Alle Methoden werden dir hier erkl\u00e4rt!\" \/>\n<meta property=\"og:url\" content=\"https:\/\/www.studyhelp.de\/online-lernen\/biologie\/methoden-der-verwandtschaftsanalyse\/\" \/>\n<meta property=\"og:site_name\" content=\"StudyHelp Online-Lernen\" \/>\n<meta property=\"article:modified_time\" content=\"2018-11-19T10:44:59+00:00\" \/>\n<meta name=\"twitter:card\" content=\"summary_large_image\" \/>\n<script type=\"application\/ld+json\" class=\"yoast-schema-graph\">{\"@context\":\"https:\/\/schema.org\",\"@graph\":[{\"@type\":\"WebSite\",\"@id\":\"https:\/\/www.studyhelp.de\/online-lernen\/#website\",\"url\":\"https:\/\/www.studyhelp.de\/online-lernen\/\",\"name\":\"StudyHelp Online-Lernen\",\"description\":\"\",\"potentialAction\":[{\"@type\":\"SearchAction\",\"target\":\"https:\/\/www.studyhelp.de\/online-lernen\/?s={search_term_string}\",\"query-input\":\"required name=search_term_string\"}],\"inLanguage\":\"de-DE\"},{\"@type\":\"WebPage\",\"@id\":\"https:\/\/www.studyhelp.de\/online-lernen\/biologie\/methoden-der-verwandtschaftsanalyse\/#webpage\",\"url\":\"https:\/\/www.studyhelp.de\/online-lernen\/biologie\/methoden-der-verwandtschaftsanalyse\/\",\"name\":\"Verwandschaftsanalyse ausf\\u00fchrlich erkl\\u00e4rt - StudyHelp Online-Lernen\",\"isPartOf\":{\"@id\":\"https:\/\/www.studyhelp.de\/online-lernen\/#website\"},\"datePublished\":\"2018-10-08T12:57:11+00:00\",\"dateModified\":\"2018-11-19T10:44:59+00:00\",\"description\":\"Mit der Verwandtschaftsanalyse misst man den Grad der Verwandschaft zu anderen Individuen, Populationen oder Arten. Alle Methoden werden dir hier erkl\\u00e4rt!\",\"inLanguage\":\"de-DE\",\"potentialAction\":[{\"@type\":\"ReadAction\",\"target\":[\"https:\/\/www.studyhelp.de\/online-lernen\/biologie\/methoden-der-verwandtschaftsanalyse\/\"]}]}]}<\/script>\n<!-- \/ Yoast SEO plugin. -->","_links":{"self":[{"href":"https:\/\/www.studyhelp.de\/online-lernen\/wp-json\/wp\/v2\/pages\/10222"}],"collection":[{"href":"https:\/\/www.studyhelp.de\/online-lernen\/wp-json\/wp\/v2\/pages"}],"about":[{"href":"https:\/\/www.studyhelp.de\/online-lernen\/wp-json\/wp\/v2\/types\/page"}],"author":[{"embeddable":true,"href":"https:\/\/www.studyhelp.de\/online-lernen\/wp-json\/wp\/v2\/users\/3"}],"replies":[{"embeddable":true,"href":"https:\/\/www.studyhelp.de\/online-lernen\/wp-json\/wp\/v2\/comments?post=10222"}],"version-history":[{"count":8,"href":"https:\/\/www.studyhelp.de\/online-lernen\/wp-json\/wp\/v2\/pages\/10222\/revisions"}],"predecessor-version":[{"id":11494,"href":"https:\/\/www.studyhelp.de\/online-lernen\/wp-json\/wp\/v2\/pages\/10222\/revisions\/11494"}],"up":[{"embeddable":true,"href":"https:\/\/www.studyhelp.de\/online-lernen\/wp-json\/wp\/v2\/pages\/10174"}],"wp:attachment":[{"href":"https:\/\/www.studyhelp.de\/online-lernen\/wp-json\/wp\/v2\/media?parent=10222"}],"wp:term":[{"taxonomy":"category","embeddable":true,"href":"https:\/\/www.studyhelp.de\/online-lernen\/wp-json\/wp\/v2\/categories?post=10222"},{"taxonomy":"post_tag","embeddable":true,"href":"https:\/\/www.studyhelp.de\/online-lernen\/wp-json\/wp\/v2\/tags?post=10222"}],"curies":[{"name":"wp","href":"https:\/\/api.w.org\/{rel}","templated":true}]}}