{"id":10224,"date":"2018-10-08T14:57:45","date_gmt":"2018-10-08T12:57:45","guid":{"rendered":"https:\/\/www.studyhelp.de\/online-lernen\/?page_id=10224"},"modified":"2018-11-19T13:48:32","modified_gmt":"2018-11-19T12:48:32","slug":"evolution-des-menschen","status":"publish","type":"page","link":"https:\/\/www.studyhelp.de\/online-lernen\/biologie\/evolution-des-menschen\/","title":{"rendered":"Evolution des Menschen"},"content":{"rendered":"<p>In diesem Artikel erkl\u00e4ren wir euch ausf\u00fchrlich wie die Evolution des Menschen vonstatten gegangen ist.<\/p>\n<p><strong>Zur Einf\u00fchrung in das Thema kannst du dir das passende Lernvideo zur Evolution des Menschen anschauen!<\/strong><br \/>\n<div class=\"lyte-wrapper\" style=\"width:420px;max-width:100%;margin:5px;\"><div class=\"lyMe\" id=\"WYL_oGm_z7PGRq4\"><div id=\"lyte_oGm_z7PGRq4\" data-src=\"https:\/\/www.studyhelp.de\/online-lernen\/wp-content\/plugins\/wp-youtube-lyte\/lyteCache.php?origThumbUrl=%2F%2Fi.ytimg.com%2Fvi%2FoGm_z7PGRq4%2Fhqdefault.jpg\" class=\"pL\"><div class=\"tC\"><div class=\"tT\"><\/div><\/div><div class=\"play\"><\/div><div class=\"ctrl\"><div class=\"Lctrl\"><\/div><div class=\"Rctrl\"><\/div><\/div><\/div><noscript><a href=\"https:\/\/youtu.be\/oGm_z7PGRq4\" rel=\"nofollow\"><img src=\"https:\/\/www.studyhelp.de\/online-lernen\/wp-content\/plugins\/wp-youtube-lyte\/lyteCache.php?origThumbUrl=https%3A%2F%2Fi.ytimg.com%2Fvi%2FoGm_z7PGRq4%2F0.jpg\" alt=\"YouTube-Video-Thumbnail\" width=\"420\" height=\"216\" \/><br \/>Dieses Video auf YouTube ansehen<\/a><\/noscript><\/div><\/div><div class=\"lL\" style=\"max-width:100%;width:420px;margin:5px;\"><\/div><br \/>\n<\/p>\n<p>&nbsp;<br \/>\nWie jedes andere Lebewesen auch, l\u00e4sst sich der Mensch in einen Stammbaum einordnen. Der Mensch geh\u00f6rt zu den Wirbeltieren und hier zu den S\u00e4ugern oder S\u00e4ugetieren. Zusammen mit den Affen und Halbaffen bildet er die Ordnung der Primaten. Die n\u00e4chsten Verwandten des Menschen sind die Menschenaffen, zu denen der Schimpanse, der Orang-Utan und der Gorilla geh\u00f6ren. Anhand von anatomischen Merkmalen l\u00e4sst sich hier eine n\u00e4here Verwandtschaft zu Schimpanse und Gorilla erkennen, DNA-Vergleiche haben jedoch gezeigt, dass der Mensch n\u00e4her mit dem Schimpansen als mit den anderen Menschenaffen verwandt ist. Ein bedeutender Unterschied, der wahrscheinlich die weitere Artaufspaltung zwischen den Menschenaffen und dem Menschen, dem Homo sapiens sapiens, beg\u00fcnstigte, war der \u00dcbergang vom Baumleben zum Bodenleben und der damit einhergehende Aufrechte Gang beim Menschen. Dieser bot einige Vorteile: Nahrung und Kinder konnten leichter \u00fcber gro\u00dfe Strecken getragen werden, der zweif\u00fc\u00dfige Gang ist energiesparender als der vierf\u00fc\u00dfige, die K\u00f6rpertemperatur konnte leichter reguliert werden weil die Sonneneinstrahlung durch geringere Oberfl\u00e4che nach oben verringert wurde und der Mensch konnte in der weiten Savanne sowohl R\u00e4uber als auch Beutetiere schneller ausmachen.<\/p>\n<p>Molekularbiologisch haben sich beim Menschen ebenfalls einige Merkmale ver\u00e4ndert. So betr\u00e4gt die Chromosomenzahl beim Menschenaffen 48, w\u00e4hrend der Mensch 46 Chromosomen besitzt. Es sind also bei der Entwicklung des Menschen zwei kleinere Chromosomen zu einem verschmolzen. Auch verschiedene Verwandtschaftstest, wie die Aminos\u00e4uresequenzanalyse, serologische Untersuchungen und Analysen der Basensequenz der DNA haben gezeigt, dass es zwischen Schimpansen und Menschen nur sehr geringe Unterschiede gibt. Menschenaffen besitzen sogar das AB0-System der Blutgruppen.<\/p>\n<h2 id=\"stammesgeschichtliche-entwicklung-des-menschen\" class=\"anchor\">Stammesgeschichtliche Entwicklung des Menschen<\/h2>\n<p>\u00dcber die stammesgeschichtliche Entwicklung des Menschen wird in der Fachwelt bis heute sehr viel diskutiert. Zwar werden immer wieder \u00dcberreste von menschlichen Skeletten, Werkzeuge oder andere \u00dcberbleibsel unserer Vorfahren gefunden, h\u00e4ufig werfen diese jedoch mehr Fragen auf, als sie beantworten. Dies liegt daran, dass die Verwandtschaftsbeziehungen der verschiedenen Hominiden (=Menschenartige, also Menschen und ausgestorbene Vor- und Fr\u00fchmenschen) nur schwer zu verstehen und zu analysieren sind.<\/p>\n<p>Ein Stammbaum, der von einem Gro\u00dfteil der Fachwelt unterst\u00fctzt wird, ist folgender:<\/p>\n<p><img decoding=\"async\" loading=\"lazy\" class=\"aligncenter wp-image-11233\" src=\"https:\/\/www.studyhelp.de\/online-lernen\/wp-content\/uploads\/2018\/11\/Evolution-des-Menschen.jpg\" alt=\"Evolution des Menschen\" width=\"563\" height=\"487\" srcset=\"https:\/\/www.studyhelp.de\/online-lernen\/wp-content\/uploads\/2018\/11\/Evolution-des-Menschen.jpg 867w, https:\/\/www.studyhelp.de\/online-lernen\/wp-content\/uploads\/2018\/11\/Evolution-des-Menschen-300x260.jpg 300w, https:\/\/www.studyhelp.de\/online-lernen\/wp-content\/uploads\/2018\/11\/Evolution-des-Menschen-768x664.jpg 768w\" sizes=\"(max-width: 563px) 100vw, 563px\" \/><br \/>\n<br \/>\nDieser Stammbaum ist nicht vollkommen gesichert, vielmehr gibt es eine Menge Unklarheiten dar\u00fcber, ob noch weitere Arten existiert haben oder die Verwandtschaftsbeziehungen doch anders sein m\u00fcssten.<\/p>\n<p>Die Gruppe der Australopithecus-Arten, die Vormenschen, lebten vor etwa 4 bis 1 Millionen Jahren in Afrika. Diese Art konnte bereits aufrecht gehen, was das Leben in der Savanne enorm erleichtert haben d\u00fcrfte. Ern\u00e4hrt haben sie sich wahrscheinlich von pflanzlicher Nahrung und Kleintieren. Von dieser Gruppe gab es mehrere Arten, die den Vertretern der Gattung Homo sehr \u00e4hnelte. Die meisten von ihnen starben jedoch aus, ohne Nachfahren zu hinterlassen. Aus einigen wenigen entwickelten sich jedoch mit der Zeit weitere Gruppen, aus denen auch die<br \/>\nVorfahren der heutigen Menschen hervorgingen.<\/p>\n<p>Auch die ersten Vertreter der Gattung Homo, Homo rudolfensis und Homo habilis, lebten in Afrika. Ob sich diese Arten durch Artaufspaltung oder Artumwandlung gebildet haben, ist nicht bekannt. Vertreter dieser Gruppe ern\u00e4hrten sich ebenfalls von Pflanzen und Kleintieren, vermutlich bereits auch von Aas. Mithilfe von einfachen, scharfkantigen Steinwerkzeugen waren sie in der Lage, an das Fleisch gr\u00f6\u00dferer Tiere zu gelangen. Dadurch lag der Fleischanteil der Nahrung wahrscheinlich h\u00f6her, als bei seinen Vorfahren.<\/p>\n<p>Aus Homo rudolfensis entwickelte sich, wieder aus Artumwandlung oder Artspaltung, die Homo erectus-Gruppe (Fr\u00fchmenschen). Von diesen wurden nicht nur in Afrika, sondern auch in Asien und Europa fossile Funde gemacht. Vertreter dieser Art scheinen bereits als J\u00e4ger und Sammler gelebt zu haben, sie nutzten bereits mehr oder weniger bearbeitete Steinwerkzeuge und -waffen, welche die Ern\u00e4hrung von Fleisch noch mehr beg\u00fcnstigten. Auch das Feuer wurde bereits von diesen Fr\u00fchmenschen genutzt. Der Homo erectus entstand zwar in Afrika, wanderte von dort jedoch nach Asien und Europa aus.<\/p>\n<p>Zu der Gruppe der Homo sapiens z\u00e4hlen nicht nur der moderne Mensch, Homo sapiens sapiens, sondern auch der Homo sapiens neanderthalensis. Letzterer war kleiner und gedrungener als der heutige Mensch und sehr gut an die kalten Klimabedingungen der fr\u00fcheren Zeit angepasst. Auch scheint er bereits an ein Leben nach dem Tode geglaubt zu haben, da an einigen Fundorten Hinweise auf Bestattungen nachgewiesen werden konnten. Neben dem Neandertaler lebte auch der Homo sapiens sapiens im gleichen Verbreitungsgebiet und verdr\u00e4ngte wahrscheinlich den Neandertaler aus seiner \u00f6kologischen Nische, woraufhin dieser ausstarb. Es k\u00f6nnte jedoch auch sein, dass sich beide Unterarten vermischten.<\/p>\n<p>Entstanden ist der Homo sapiens sapiens in Afrika, von wo aus er sich vermutlich \u00fcber die ganze Welt verbreitete. Sein Vorteil war wahrscheinlich der Ideenreichtum und seine Kreativit\u00e4t, durch welche er sich sehr gut an verschiedene Lebensr\u00e4ume anpassen konnte. Er ist die einzige \u00fcberlebende Unterart aller Hominiden und der Vorfahre aller heute lebenden Menschen.<\/p>\n<h2 id=\"ursprung-des-modernen-menschen\" class=\"anchor\">Ursprung des modernen Menschen<\/h2>\n<p>In der Fachwissenschaft werden zwei verschiedene Hypothesen diskutiert, wie der heutige Mensch entstanden sein k\u00f6nnte:<br \/>\nDie \u201eOut of Africa\u201c-Hypothese besagt, dass der moderne Mensch vor ungef\u00e4hr 200.000 Jahren in Afrika entstanden ist. Von dort breitete er sich aus und besiedelte zuerst Asien und Europa. Hier verdr\u00e4ngte er die regionalen Homo erectus Arten, wanderte von Asien nach Australien und \u00fcber die ehemals trockene Beringstra\u00dfe nach Nord-, Mittel- und S\u00fcdamerika. Sein gr\u00f6\u00dferes Gehirn verschaffte ihm einen deutlichen Selektionsvorteil gegen\u00fcber der anderen Hominiden-Arten, weshalb er sich gegen die Konkurrenten um die gleiche \u00f6kologische Nische durchsetzen konnte. Allgemein geht diese Theorie also davon aus, dass die heutigen \u201eMenschentypen\u201c innerhalb einer sehr kurzen Zeitspanne entstanden sind.<\/p>\n<p>Die Hypothese des Multiregionalen Ursprungs geht davon aus, dass die heutigen Menschen getrennt aus verschiedenen Unterarten des Homo erectus entwickelten. Die heutigen Menschentypen\u00dfollen sich also in getrennten Populationen \u00fcber einen l\u00e4ngeren Zeitraum unabh\u00e4ngig voneinander entwickelt haben.<\/p>\n<p>Die \u201eOut of Africa\u201c-Hypothese l\u00e4sst sich anhand von DNA-Analysen wesentlich besser belegen. Die genetischen Unterschiede der heute lebenden Homo sapiens sapiens sind so gering, dass ein gemeinsamer Vorfahre und eine kurze Entwicklungszeit aus diesem sehr wahrscheinlich sind. Die Unterschiede sind so gering, dass sich auch die Einteilung von Menschen in verschiedene Rassen biologisch nicht halten l\u00e4sst. Oft werden derartige Theorien f\u00fcr ideologische Zwecke jedoch missbraucht.<\/p>\n\n","protected":false},"excerpt":{"rendered":"<p>In diesem Artikel erkl\u00e4ren wir euch ausf\u00fchrlich wie die Evolution des Menschen vonstatten gegangen ist. Zur Einf\u00fchrung in das Thema kannst du dir das passende Lernvideo zur Evolution des Menschen anschauen! Dieses Video auf YouTube ansehen &nbsp; Wie jedes andere Lebewesen auch, l\u00e4sst sich der Mensch in einen Stammbaum einordnen. Der Mensch geh\u00f6rt zu den [&hellip;]<\/p>\n","protected":false},"author":3,"featured_media":0,"parent":10174,"menu_order":0,"comment_status":"closed","ping_status":"closed","template":"","meta":[],"categories":[59],"tags":[],"yoast_head":"<!-- This site is optimized with the Yoast SEO plugin v14.7 - https:\/\/yoast.com\/wordpress\/plugins\/seo\/ -->\n<title>Evolution des Menschen voll\u00e4st\u00e4ndig erkl\u00e4rt - StudyHelp Biologie<\/title>\n<meta name=\"description\" content=\"Wir erkl\u00e4ren euch in diesem Artikel die Evolution des Menschen, die Stammesgeschichtliche Entiwcklung des Menschen und den Ursprung des modernen Menschen!\" \/>\n<meta name=\"robots\" content=\"index, follow\" \/>\n<meta name=\"googlebot\" content=\"index, follow, max-snippet:-1, max-image-preview:large, max-video-preview:-1\" \/>\n<meta name=\"bingbot\" content=\"index, follow, max-snippet:-1, max-image-preview:large, max-video-preview:-1\" \/>\n<link rel=\"canonical\" href=\"https:\/\/www.studyhelp.de\/online-lernen\/biologie\/evolution-des-menschen\/\" \/>\n<meta property=\"og:locale\" content=\"de_DE\" \/>\n<meta property=\"og:type\" content=\"article\" \/>\n<meta property=\"og:title\" content=\"Evolution des Menschen voll\u00e4st\u00e4ndig erkl\u00e4rt - StudyHelp Biologie\" \/>\n<meta property=\"og:description\" content=\"Wir erkl\u00e4ren euch in diesem Artikel die Evolution des Menschen, die Stammesgeschichtliche Entiwcklung des Menschen und den Ursprung des modernen Menschen!\" \/>\n<meta property=\"og:url\" content=\"https:\/\/www.studyhelp.de\/online-lernen\/biologie\/evolution-des-menschen\/\" \/>\n<meta property=\"og:site_name\" content=\"StudyHelp Online-Lernen\" \/>\n<meta property=\"article:modified_time\" content=\"2018-11-19T12:48:32+00:00\" \/>\n<meta property=\"og:image\" content=\"https:\/\/www.studyhelp.de\/online-lernen\/wp-content\/uploads\/2018\/11\/Evolution-des-Menschen.jpg\" \/>\n<meta name=\"twitter:card\" content=\"summary_large_image\" \/>\n<script type=\"application\/ld+json\" class=\"yoast-schema-graph\">{\"@context\":\"https:\/\/schema.org\",\"@graph\":[{\"@type\":\"WebSite\",\"@id\":\"https:\/\/www.studyhelp.de\/online-lernen\/#website\",\"url\":\"https:\/\/www.studyhelp.de\/online-lernen\/\",\"name\":\"StudyHelp Online-Lernen\",\"description\":\"\",\"potentialAction\":[{\"@type\":\"SearchAction\",\"target\":\"https:\/\/www.studyhelp.de\/online-lernen\/?s={search_term_string}\",\"query-input\":\"required name=search_term_string\"}],\"inLanguage\":\"de-DE\"},{\"@type\":\"ImageObject\",\"@id\":\"https:\/\/www.studyhelp.de\/online-lernen\/biologie\/evolution-des-menschen\/#primaryimage\",\"inLanguage\":\"de-DE\",\"url\":\"https:\/\/www.studyhelp.de\/online-lernen\/wp-content\/uploads\/2018\/11\/Evolution-des-Menschen.jpg\",\"width\":867,\"height\":750,\"caption\":\"Evolution des Menschen\"},{\"@type\":\"WebPage\",\"@id\":\"https:\/\/www.studyhelp.de\/online-lernen\/biologie\/evolution-des-menschen\/#webpage\",\"url\":\"https:\/\/www.studyhelp.de\/online-lernen\/biologie\/evolution-des-menschen\/\",\"name\":\"Evolution des Menschen voll\\u00e4st\\u00e4ndig erkl\\u00e4rt - StudyHelp Biologie\",\"isPartOf\":{\"@id\":\"https:\/\/www.studyhelp.de\/online-lernen\/#website\"},\"primaryImageOfPage\":{\"@id\":\"https:\/\/www.studyhelp.de\/online-lernen\/biologie\/evolution-des-menschen\/#primaryimage\"},\"datePublished\":\"2018-10-08T12:57:45+00:00\",\"dateModified\":\"2018-11-19T12:48:32+00:00\",\"description\":\"Wir erkl\\u00e4ren euch in diesem Artikel die Evolution des Menschen, die Stammesgeschichtliche Entiwcklung des Menschen und den Ursprung des modernen Menschen!\",\"inLanguage\":\"de-DE\",\"potentialAction\":[{\"@type\":\"ReadAction\",\"target\":[\"https:\/\/www.studyhelp.de\/online-lernen\/biologie\/evolution-des-menschen\/\"]}]}]}<\/script>\n<!-- \/ Yoast SEO plugin. -->","_links":{"self":[{"href":"https:\/\/www.studyhelp.de\/online-lernen\/wp-json\/wp\/v2\/pages\/10224"}],"collection":[{"href":"https:\/\/www.studyhelp.de\/online-lernen\/wp-json\/wp\/v2\/pages"}],"about":[{"href":"https:\/\/www.studyhelp.de\/online-lernen\/wp-json\/wp\/v2\/types\/page"}],"author":[{"embeddable":true,"href":"https:\/\/www.studyhelp.de\/online-lernen\/wp-json\/wp\/v2\/users\/3"}],"replies":[{"embeddable":true,"href":"https:\/\/www.studyhelp.de\/online-lernen\/wp-json\/wp\/v2\/comments?post=10224"}],"version-history":[{"count":6,"href":"https:\/\/www.studyhelp.de\/online-lernen\/wp-json\/wp\/v2\/pages\/10224\/revisions"}],"predecessor-version":[{"id":11495,"href":"https:\/\/www.studyhelp.de\/online-lernen\/wp-json\/wp\/v2\/pages\/10224\/revisions\/11495"}],"up":[{"embeddable":true,"href":"https:\/\/www.studyhelp.de\/online-lernen\/wp-json\/wp\/v2\/pages\/10174"}],"wp:attachment":[{"href":"https:\/\/www.studyhelp.de\/online-lernen\/wp-json\/wp\/v2\/media?parent=10224"}],"wp:term":[{"taxonomy":"category","embeddable":true,"href":"https:\/\/www.studyhelp.de\/online-lernen\/wp-json\/wp\/v2\/categories?post=10224"},{"taxonomy":"post_tag","embeddable":true,"href":"https:\/\/www.studyhelp.de\/online-lernen\/wp-json\/wp\/v2\/tags?post=10224"}],"curies":[{"name":"wp","href":"https:\/\/api.w.org\/{rel}","templated":true}]}}