{"id":10250,"date":"2018-10-08T15:11:04","date_gmt":"2018-10-08T13:11:04","guid":{"rendered":"https:\/\/www.studyhelp.de\/online-lernen\/?page_id=10250"},"modified":"2018-11-19T14:05:59","modified_gmt":"2018-11-19T13:05:59","slug":"biozoenose","status":"publish","type":"page","link":"https:\/\/www.studyhelp.de\/online-lernen\/biologie\/biozoenose\/","title":{"rendered":"Bioz\u00f6nose"},"content":{"rendered":"<p>Innerhalb eines bestimmten Lebensraum leben viele Arten miteinander. Diese Lebensgemeinschaft besteht nicht aus zuf\u00e4llig zusammengew\u00fcrfelten Tier- und Pflanzenarten, sondern stellt eine charakteristische Gemeinschaft von Arten dar, welche miteinander in Wechselbeziehungen stehen. Diese Lebensgemeinschaft bezeichnet man auch als Bioz\u00f6nose. Eine Bioz\u00f6nose lebt in einem bestimmten Lebensraum, welches man als Biotop bezeichnet. Beide zusammen bilden ein \u00d6kosystem.<\/p>\n<p><strong>Schau dir zur Einf\u00fchrung in das Thema Bioz\u00f6nose dieses Grundlagenvideo zum Theme \u00d6kosysteme an!<\/strong><br \/>\n<div class=\"lyte-wrapper\" title=\"Was ist ein &Ouml;kosystem? Eigenschaften &amp;amp; Kategorien von &Ouml;kosystemen - &Ouml;kosysteme 1\" style=\"width:420px;max-width:100%;margin:5px;\"><div class=\"lyMe\" id=\"WYL_TNdzH4tctVo\"><div id=\"lyte_TNdzH4tctVo\" data-src=\"https:\/\/www.studyhelp.de\/online-lernen\/wp-content\/plugins\/wp-youtube-lyte\/lyteCache.php?origThumbUrl=https%3A%2F%2Fi.ytimg.com%2Fvi%2FTNdzH4tctVo%2Fhqdefault.jpg\" class=\"pL\"><div class=\"tC\"><div class=\"tT\">Was ist ein \u00d6kosystem? Eigenschaften &amp; Kategorien von \u00d6kosystemen - \u00d6kosysteme 1<\/div><\/div><div class=\"play\"><\/div><div class=\"ctrl\"><div class=\"Lctrl\"><\/div><div class=\"Rctrl\"><\/div><\/div><\/div><noscript><a href=\"https:\/\/youtu.be\/TNdzH4tctVo\" rel=\"nofollow\"><img src=\"https:\/\/www.studyhelp.de\/online-lernen\/wp-content\/plugins\/wp-youtube-lyte\/lyteCache.php?origThumbUrl=https%3A%2F%2Fi.ytimg.com%2Fvi%2FTNdzH4tctVo%2F0.jpg\" alt=\"Was ist ein &Ouml;kosystem? Eigenschaften &amp;amp; Kategorien von &Ouml;kosystemen - &Ouml;kosysteme 1\" width=\"420\" height=\"216\" \/><br \/>Dieses Video auf YouTube ansehen<\/a><\/noscript><\/div><\/div><div class=\"lL\" style=\"max-width:100%;width:420px;margin:5px;\"><\/div><br \/>\n<\/p>\n<hr \/>\n<h2 id=\"wechselbeziehungen-innerhalb-einer-lebensgemeinschaft\" class=\"anchor\">Wechselbeziehungen innerhalb einer Lebensgemeinschaft<\/h2>\n<p>Zwischen den verschiedenen Arten einer Bioz\u00f6nose gibt es viele Wechselwirkungen. Diese k\u00f6nnen f\u00fcr eine der Arten positive und f\u00fcr die andere negative, f\u00fcr beide Arten positive oder f\u00fcr beide Arten negative Konsequenzen haben.<\/p>\n<h3>Symbiose<\/h3>\n<p>Als Symbiose werden wechselseitige Beziehungen zwischen zwei Arten bezeichnet, die zu beiderseitigem Nutzen sind. Dabei muss es sich bei den zwei Arten nicht entweder um zwei Tier- oder zwei Pflanzenarten handeln, sondern es sind auch Symbiosen zwischen einer Tier- und einer Pflanzenart m\u00f6glich.<\/p>\n<p>Es gibt mehrere M\u00f6glichkeiten, verschiedene Symbiosen voneinander zu unterscheiden:<\/p>\n<p><strong>1. Unterscheidung nach der Art der r\u00e4umlichen Beziehung:<\/strong><\/p>\n<ul>\n<li>Ektosymbiose: Die beiden Partner der symbiotischen Beziehung bleiben k\u00f6rperlich voneinander getrennt (zum Beispiel Bl\u00fcten und Best\u00e4uber oder der Clownfisch und die Seeanemone)<\/li>\n<li>Endosymbiose: Einer der beiden Partner wird in den K\u00f6rper des anderen aufgenommen (zum Beispiel bestimmte Bakterien im Darm von Menschen oder Tieren, Kn\u00f6llchenbakterien in den Wurzeln von einige Pflanzen)<\/li>\n<\/ul>\n<p><strong>2. Unterscheidung nach der Art der wechselseitigen Abh\u00e4ngigkeit:<\/strong><\/p>\n<ul>\n<li>Fortpflanzungssymbiose: Ein Beispiel f\u00fcr die Fortpflanzungssymbiose ist das Zusammenleben von Bienen und Bl\u00fctenpflanzen. Die Biene bekommt von den Bl\u00fctenpflanzen Nektar als Nahrung und verbreitet bei dem Besuch vieler verschiedener Bl\u00fcten die Pollen, die bei der Nektaraufnahme an hier h\u00e4ngen bleiben.<\/li>\n<li>Symbiose zum Schutz vor Feinden: Beispielhaft ist hier die Symbiose von Ameisen und Blattl\u00e4usen zu nennen. Die Blattlaus geh\u00f6rt zu den Beutetieren von Marienk\u00e4fern, welche aber von den Ameisen vertrieben werden. Die Blattl\u00e4use sondern wiederum als Abfallprodukt ihres eigenen Stoffwechsels eine Zuckerl\u00f6sung ab, welche von den Ameisen als Nahrung verwendet wird.<\/li>\n<\/ul>\n<p>Eine besondere Form der Symbiose wird durch die Endosymbiontentheorie beschrieben. Hierbei wird der Schritt von einem Prokaryoten zu einem Eukaryoten erkl\u00e4rt, der sich von ungef\u00e4hr 1,8 Milliarden Jahren vollzogen hat. Man geht davon aus, dass sowohl die Mitochondrien als auch die Chloroplasten aus Prokaryoten hervorgegangen sind, die von gr\u00f6\u00dferen Prokaryoten durch Phagozytose aufgenommen worden sind. Dabei wurden einige dieser Prokaryoten nicht verdaut, sondern \u00fcberlebten in den Vesikeln der Wirtszelle. Diese Interaktion war f\u00fcr beide Partner von gro\u00dfem Vorteil, da die kleineren, aufgenommenen Prokaryoten wichtige Stoffwechselprodukte lieferten und der gr\u00f6\u00dfere Prokaryot die aufgenommenen vor der Phagozytose und dem Verdau anderer Prokaryoten sch\u00fctzte.<\/p>\n<p><img decoding=\"async\" loading=\"lazy\" class=\"aligncenter wp-image-11271\" src=\"https:\/\/www.studyhelp.de\/online-lernen\/wp-content\/uploads\/2018\/11\/Endosymbiontentheorie.jpg\" alt=\"Endosymbiontentheorie\" width=\"717\" height=\"440\" srcset=\"https:\/\/www.studyhelp.de\/online-lernen\/wp-content\/uploads\/2018\/11\/Endosymbiontentheorie.jpg 1351w, https:\/\/www.studyhelp.de\/online-lernen\/wp-content\/uploads\/2018\/11\/Endosymbiontentheorie-300x184.jpg 300w, https:\/\/www.studyhelp.de\/online-lernen\/wp-content\/uploads\/2018\/11\/Endosymbiontentheorie-768x471.jpg 768w, https:\/\/www.studyhelp.de\/online-lernen\/wp-content\/uploads\/2018\/11\/Endosymbiontentheorie-1024x628.jpg 1024w\" sizes=\"(max-width: 717px) 100vw, 717px\" \/><\/p>\n<div class=\"box info\">\n<strong>Hinweise f\u00fcr die Richtigkeit der Endosymbiontentheorie:<\/strong><\/p>\n<ul>\n<li>Zwischen den Chloroplasten und den heutigen Photosynthese betreibenden Prokaryoten existieren viele biochemische Gemeinsamkeiten<\/li>\n<li>Chloroplasten und Mitochondrien haben jeweils eigene DNA-Fragmente, die den Erbinformationen von heute freilebenden Prokaryoten stark \u00e4hneln<\/li>\n<li>Die \u00e4u\u00dfere Membran der Doppelmembran von Chloroplasten und Mitochondrien stammen von der Wirtszelle, w\u00e4hrend die Innere Membran eher der von Prokaryoten \u00e4hnelt<\/li>\n<\/ul>\n<\/div>\n<hr \/>\n\n<h3>Parasitismus<\/h3>\n<p>Ein Parasit ist ein Organismus, der innerhalb einer engen Lebensgemeinschaft auf Kosten eines anderen lebt, indem er sich von diesem Wirt ern\u00e4hrt oder auf eine andere Art und Weise von ihm profitiert. Der Wirt wird dabei zwar gesch\u00e4digt, in der Regel jedoch nicht get\u00f6tet.<\/p>\n<div class=\"box info\">\n<strong>Auch Parasiten werden in verschiedene Arten unterteilt:<\/strong><\/p>\n<p>1. Unterscheidung nach der r\u00e4umlichen Beziehung:<\/p>\n<ul>\n<li>Endoparasiten leben im Wirt (zum Beispiel Bandwurm)<\/li>\n<li>Ektoparasiten leben auf dem Wirt (zum Beispiel Zecken)<\/li>\n<\/ul>\n<p>&nbsp;<br \/>\n2. Unterscheidung nach zeitlichen Aspekten:<\/p>\n<ul>\n<li>Tempor\u00e4re Parasiten leben zeitweise in einem Wirt<\/li>\n<li>Periodische Parasiten leben nur w\u00e4hrend einer Lebensphase am oder im Wirt<\/li>\n<li>Permanente Parasiten leben zeitlebens am oder im Wirt<\/li>\n<li>Parasitoide: Organismen, die in ihrer Entwicklung parasitisch leben, den Wirt zum Abschluss der Parasitierung jedoch t\u00f6ten<\/li>\n<\/ul>\n<\/div>\n<hr \/>\n<h3>R\u00e4uber-Beute-Beziehung<\/h3>\n<div class=\"lyte-wrapper\" style=\"width:420px;max-width:100%;margin:5px;\"><div class=\"lyMe\" id=\"WYL_YeT5wTA0nPo\"><div id=\"lyte_YeT5wTA0nPo\" data-src=\"https:\/\/www.studyhelp.de\/online-lernen\/wp-content\/plugins\/wp-youtube-lyte\/lyteCache.php?origThumbUrl=%2F%2Fi.ytimg.com%2Fvi%2FYeT5wTA0nPo%2Fhqdefault.jpg\" class=\"pL\"><div class=\"tC\"><div class=\"tT\"><\/div><\/div><div class=\"play\"><\/div><div class=\"ctrl\"><div class=\"Lctrl\"><\/div><div class=\"Rctrl\"><\/div><\/div><\/div><noscript><a href=\"https:\/\/youtu.be\/YeT5wTA0nPo\" rel=\"nofollow\"><img src=\"https:\/\/www.studyhelp.de\/online-lernen\/wp-content\/plugins\/wp-youtube-lyte\/lyteCache.php?origThumbUrl=https%3A%2F%2Fi.ytimg.com%2Fvi%2FYeT5wTA0nPo%2F0.jpg\" alt=\"YouTube-Video-Thumbnail\" width=\"420\" height=\"216\" \/><br \/>Dieses Video auf YouTube ansehen<\/a><\/noscript><\/div><\/div><div class=\"lL\" style=\"max-width:100%;width:420px;margin:5px;\"><\/div><br \/>\n<\/p>\n<p>&nbsp;<\/p>\n<p>Bei R\u00e4uber-Beute-Beziehungen ist eine der beiden Arten die Nahrung der anderen Art. Der R\u00e4uber dezimiert aktiv die Population der Beute, w\u00e4hrend die Population des R\u00e4ubers indirekt durch das Nahrungsangebot beeinflusst wird. Es handelt sich also um eine wechselseitige Beziehung.<\/p>\n<p>Wie R\u00e4uber- und Beutepopulation sich gegenseitig beeinflussen, haben die Mathematiker Alfred Lotka und Vito Volterra in den Lotka-Volterra-Regeln festgehalten. Den Effekt, dem die Lotka-Volterra-Regeln zugrundeliegen, bezeichnet man als negative R\u00fcckkopplung.<\/p>\n<div class=\"box info\">\n<p>1. Die Populationsgr\u00f6\u00dfen von R\u00e4uber und Beute schwankt periodisch um einen Mittelwert. Eine hohe Beutedichte geht dabei phasenverschoben einer hohen R\u00e4uberdichte voraus.<\/p>\n<p>2. Die mittleren Populationsdichten bleiben langfristig konstant.<\/p>\n<p>3. Nach starker Dezimierung beider Populationen erholt sich zuerst die Beutepopulation, zeitversetzt auch die R\u00e4uberpopulation.<br \/>\n<\/div>\n<p>Der st\u00e4ndige Kampf ums \u00dcberleben, die Vorteile von besser angepassten Jagdoder Abwehrmerkmalen und der daraus resultierende Selektionsvorteil f\u00fchrt oft zu Spezialisierungen:<\/p>\n<div class=\"box info\">\n<ul>\n<li>Warntracht: Schutzmechanismus vor R\u00e4ubern, indem eine mehr oder weniger einheitliche und auff\u00e4llige Farben von verschiedenen ungenie\u00dfbaren Arten genutzt werden.<\/li>\n<li>Mimikry (Scheinwarntracht): Eine harmlose Art ahmt in ihrer Form oder ihrer Farbe eine wehrhafte Art nach.<\/li>\n<li>Schrecktracht: Pl\u00f6tzlicher Farb- oder Stellungswechsel bei einer Art, die den R\u00e4uber abschrecken soll.<\/li>\n<li>Mimese: T\u00e4uschende \u00c4hnlichkeit einer Art mit unbeachteten Dingen wie Bl\u00e4ttern, Steinen oder \u00c4sten.<\/li>\n<li>Krypsis (Umgebungstracht): Farb- und Form\u00e4hnlichkeit mit der Umgebung.<\/li>\n<li>Locktracht: Farb- und Form\u00fcbereinstimmung einer Art mit der Nahrung oder dem Sexualpartner der Beute.<\/li>\n<li>Induzierte Abwehr: Die Anwesenheit eines R\u00e4ubers l\u00f6st die Bildung von Abwehrmechanismen aus.<\/li>\n<\/ul>\n<\/div>\n<hr \/>\n<h3>Konkurrenz<\/h3>\n<p>Leben zwei verschiedene Arten am selben Lebensraum und K\u00e4mpfen dort um die selbe Ressource, wie zum Beispiel die Nahrungsquelle oder Brutpl\u00e4tze, so spricht man von Konkurrenz. Zwei nah verwandte Arten, die um dieselbe Ressource konkurrieren, k\u00f6nnen am gleichen Standort nicht koexistieren. Die konkurrenzf\u00e4higere Art verdr\u00e4ngt dann die konkurrenzschw\u00e4che. Dieses Prinzip nennt sich Konkurrenzausschlussprinzip. Beide Arten k\u00f6nnen erst nebeneinander koexistieren, wenn sich die \u00f6kologischen Nischen beider Arten im Laufe der Evolution voneinander unterscheiden. Dieser Vorgang nennt sich dann Nischendifferenzierung. Dazu ist eine divergente Entwicklung der Arten von N\u00f6ten, was bedeutet, dass sich die Merkmale, die erm\u00f6glicht, die begehrte Ressource zu erlangen, auseinanderentwickeln m\u00fcssen (zum Beispiel ein anders geformter Schnabel).<\/p>\n<p>H\u00e4ufig ist es aber so, dass Konkurrenz im gleichen Lebensraum eher vermieden wird, indem unterschiedliche Arten in Lebensgemeinschaften auch unterschiedliche \u00f6kologische Nischen einnehmen. Man unterscheidet zwei verschiedene Arten von Konkurrenz:<\/p>\n<p>Bei der Interspezifischen Konkurrenz konkurrieren zwei Individuen verschiedener Arten um den Standort oder eine Ressource. Wird um das Habitat konkurriert, spricht man von der Raumkonkurrenz. Wird um eine gemeinsam genutzte Ressource konkurriert, spricht man von der Ausbeutungskonkurrenz. Hierbei gilt dann das Konkurrenzausschlussprinzip. Im Gegensatz zu den R\u00e4uber-Beute-Beziehungen, bei denen durch die negative R\u00fcckkopplung keine der beiden Arten ausstirbt, ist es bei einer konkurrierenden Wechselbeziehung durchaus m\u00f6glich, dass Arten aussterben.<\/p>\n<p>Bei der zweiten Form spricht man von der Intraspezifischen Konkurrenz. Hierbei konkurrieren zwei Individuen der gleichen Art um einen Standort oder Ressourcen, wie zum Beispiel Nahrung oder auch Fortpflanzungspartner. Intraspezifische Konkurrenz wird h\u00e4ufig durch bestimmte Verhaltensweisen verringert, wie die Revierbildung bei Amseln w\u00e4hrend der Brutzeit, Unterschieden zwischen Jugendund Altersformen (unterschiedliche \u00f6kologische Nischen bei Raupe und Schmetterling) oder durch einen Sexualdimorphismus, der daf\u00fcr sorgt, dass M\u00e4nnchen und Weibchen unterschiedliche Bed\u00fcrfnisse haben (m\u00e4nnliche Stechm\u00fccken konsumieren Nektar, weibliche saugen Blut).<\/p>\n<p><strong>Das Thema &#8222;Konkurrenzausschlussprinzip&#8220; kannst du dir durch dieses Lernvideo nochmals erkl\u00e4ren lassen!<\/strong><br \/>\n<div class=\"lyte-wrapper\" title=\"&Ouml;kologische Nische &amp;amp; Planstelle - Konkurrenzausschlussprinzip - Konvergente Entwicklung | &Ouml;kologie\" style=\"width:420px;max-width:100%;margin:5px;\"><div class=\"lyMe\" id=\"WYL_Z4veZnl2HuQ\"><div id=\"lyte_Z4veZnl2HuQ\" data-src=\"https:\/\/www.studyhelp.de\/online-lernen\/wp-content\/plugins\/wp-youtube-lyte\/lyteCache.php?origThumbUrl=https%3A%2F%2Fi.ytimg.com%2Fvi%2FZ4veZnl2HuQ%2Fhqdefault.jpg\" class=\"pL\"><div class=\"tC\"><div class=\"tT\">\u00d6kologische Nische &amp; Planstelle - Konkurrenzausschlussprinzip - Konvergente Entwicklung | \u00d6kologie<\/div><\/div><div class=\"play\"><\/div><div class=\"ctrl\"><div class=\"Lctrl\"><\/div><div class=\"Rctrl\"><\/div><\/div><\/div><noscript><a href=\"https:\/\/youtu.be\/Z4veZnl2HuQ\" rel=\"nofollow\"><img src=\"https:\/\/www.studyhelp.de\/online-lernen\/wp-content\/plugins\/wp-youtube-lyte\/lyteCache.php?origThumbUrl=https%3A%2F%2Fi.ytimg.com%2Fvi%2FZ4veZnl2HuQ%2F0.jpg\" alt=\"&Ouml;kologische Nische &amp;amp; Planstelle - Konkurrenzausschlussprinzip - Konvergente Entwicklung | &Ouml;kologie\" width=\"420\" height=\"216\" \/><br \/>Dieses Video auf YouTube ansehen<\/a><\/noscript><\/div><\/div><div class=\"lL\" style=\"max-width:100%;width:420px;margin:5px;\"><\/div><br \/>\n<\/p>\n","protected":false},"excerpt":{"rendered":"<p>Innerhalb eines bestimmten Lebensraum leben viele Arten miteinander. Diese Lebensgemeinschaft besteht nicht aus zuf\u00e4llig zusammengew\u00fcrfelten Tier- und Pflanzenarten, sondern stellt eine charakteristische Gemeinschaft von Arten dar, welche miteinander in Wechselbeziehungen stehen. Diese Lebensgemeinschaft bezeichnet man auch als Bioz\u00f6nose. Eine Bioz\u00f6nose lebt in einem bestimmten Lebensraum, welches man als Biotop bezeichnet. Beide zusammen bilden ein \u00d6kosystem. [&hellip;]<\/p>\n","protected":false},"author":3,"featured_media":0,"parent":10174,"menu_order":0,"comment_status":"closed","ping_status":"closed","template":"","meta":[],"categories":[59],"tags":[],"yoast_head":"<!-- This site is optimized with the Yoast SEO plugin v14.7 - https:\/\/yoast.com\/wordpress\/plugins\/seo\/ -->\n<title>Bioz\u00f6nose [Biologie Abiturvorbereitung] - StudyHelp Online-Lernen<\/title>\n<meta name=\"description\" content=\"Eine Lebensgemeinschaft aus Arten &amp; Pflanzen, die innerhalb eines Lebensraum in einer Wechselbeziehung zueinander stehen, werden als Bioz\u00f6nose bezeichnet.\" \/>\n<meta name=\"robots\" content=\"index, follow\" \/>\n<meta name=\"googlebot\" content=\"index, follow, max-snippet:-1, max-image-preview:large, max-video-preview:-1\" \/>\n<meta name=\"bingbot\" content=\"index, follow, max-snippet:-1, max-image-preview:large, max-video-preview:-1\" \/>\n<link rel=\"canonical\" href=\"https:\/\/www.studyhelp.de\/online-lernen\/biologie\/biozoenose\/\" \/>\n<meta property=\"og:locale\" content=\"de_DE\" \/>\n<meta property=\"og:type\" content=\"article\" \/>\n<meta property=\"og:title\" content=\"Bioz\u00f6nose [Biologie Abiturvorbereitung] - StudyHelp Online-Lernen\" \/>\n<meta property=\"og:description\" content=\"Eine Lebensgemeinschaft aus Arten &amp; Pflanzen, die innerhalb eines Lebensraum in einer Wechselbeziehung zueinander stehen, werden als Bioz\u00f6nose bezeichnet.\" \/>\n<meta property=\"og:url\" content=\"https:\/\/www.studyhelp.de\/online-lernen\/biologie\/biozoenose\/\" \/>\n<meta property=\"og:site_name\" content=\"StudyHelp Online-Lernen\" \/>\n<meta property=\"article:modified_time\" content=\"2018-11-19T13:05:59+00:00\" \/>\n<meta property=\"og:image\" content=\"https:\/\/www.studyhelp.de\/online-lernen\/wp-content\/uploads\/2018\/11\/Endosymbiontentheorie.jpg\" \/>\n<meta name=\"twitter:card\" content=\"summary_large_image\" \/>\n<script type=\"application\/ld+json\" class=\"yoast-schema-graph\">{\"@context\":\"https:\/\/schema.org\",\"@graph\":[{\"@type\":\"WebSite\",\"@id\":\"https:\/\/www.studyhelp.de\/online-lernen\/#website\",\"url\":\"https:\/\/www.studyhelp.de\/online-lernen\/\",\"name\":\"StudyHelp Online-Lernen\",\"description\":\"\",\"potentialAction\":[{\"@type\":\"SearchAction\",\"target\":\"https:\/\/www.studyhelp.de\/online-lernen\/?s={search_term_string}\",\"query-input\":\"required name=search_term_string\"}],\"inLanguage\":\"de-DE\"},{\"@type\":\"ImageObject\",\"@id\":\"https:\/\/www.studyhelp.de\/online-lernen\/biologie\/biozoenose\/#primaryimage\",\"inLanguage\":\"de-DE\",\"url\":\"https:\/\/www.studyhelp.de\/online-lernen\/wp-content\/uploads\/2018\/11\/Endosymbiontentheorie.jpg\",\"width\":1351,\"height\":829,\"caption\":\"Endosymbiontentheorie\"},{\"@type\":\"WebPage\",\"@id\":\"https:\/\/www.studyhelp.de\/online-lernen\/biologie\/biozoenose\/#webpage\",\"url\":\"https:\/\/www.studyhelp.de\/online-lernen\/biologie\/biozoenose\/\",\"name\":\"Bioz\\u00f6nose [Biologie Abiturvorbereitung] - StudyHelp Online-Lernen\",\"isPartOf\":{\"@id\":\"https:\/\/www.studyhelp.de\/online-lernen\/#website\"},\"primaryImageOfPage\":{\"@id\":\"https:\/\/www.studyhelp.de\/online-lernen\/biologie\/biozoenose\/#primaryimage\"},\"datePublished\":\"2018-10-08T13:11:04+00:00\",\"dateModified\":\"2018-11-19T13:05:59+00:00\",\"description\":\"Eine Lebensgemeinschaft aus Arten & Pflanzen, die innerhalb eines Lebensraum in einer Wechselbeziehung zueinander stehen, werden als Bioz\\u00f6nose bezeichnet.\",\"inLanguage\":\"de-DE\",\"potentialAction\":[{\"@type\":\"ReadAction\",\"target\":[\"https:\/\/www.studyhelp.de\/online-lernen\/biologie\/biozoenose\/\"]}]}]}<\/script>\n<!-- \/ Yoast SEO plugin. -->","_links":{"self":[{"href":"https:\/\/www.studyhelp.de\/online-lernen\/wp-json\/wp\/v2\/pages\/10250"}],"collection":[{"href":"https:\/\/www.studyhelp.de\/online-lernen\/wp-json\/wp\/v2\/pages"}],"about":[{"href":"https:\/\/www.studyhelp.de\/online-lernen\/wp-json\/wp\/v2\/types\/page"}],"author":[{"embeddable":true,"href":"https:\/\/www.studyhelp.de\/online-lernen\/wp-json\/wp\/v2\/users\/3"}],"replies":[{"embeddable":true,"href":"https:\/\/www.studyhelp.de\/online-lernen\/wp-json\/wp\/v2\/comments?post=10250"}],"version-history":[{"count":19,"href":"https:\/\/www.studyhelp.de\/online-lernen\/wp-json\/wp\/v2\/pages\/10250\/revisions"}],"predecessor-version":[{"id":11501,"href":"https:\/\/www.studyhelp.de\/online-lernen\/wp-json\/wp\/v2\/pages\/10250\/revisions\/11501"}],"up":[{"embeddable":true,"href":"https:\/\/www.studyhelp.de\/online-lernen\/wp-json\/wp\/v2\/pages\/10174"}],"wp:attachment":[{"href":"https:\/\/www.studyhelp.de\/online-lernen\/wp-json\/wp\/v2\/media?parent=10250"}],"wp:term":[{"taxonomy":"category","embeddable":true,"href":"https:\/\/www.studyhelp.de\/online-lernen\/wp-json\/wp\/v2\/categories?post=10250"},{"taxonomy":"post_tag","embeddable":true,"href":"https:\/\/www.studyhelp.de\/online-lernen\/wp-json\/wp\/v2\/tags?post=10250"}],"curies":[{"name":"wp","href":"https:\/\/api.w.org\/{rel}","templated":true}]}}