{"id":10288,"date":"2018-10-08T15:23:11","date_gmt":"2018-10-08T13:23:11","guid":{"rendered":"https:\/\/www.studyhelp.de\/online-lernen\/?page_id=10288"},"modified":"2018-11-19T14:08:59","modified_gmt":"2018-11-19T13:08:59","slug":"populationswachstum","status":"publish","type":"page","link":"https:\/\/www.studyhelp.de\/online-lernen\/biologie\/populationswachstum\/","title":{"rendered":"Populationswachstum"},"content":{"rendered":"<p>Das Populationswachstum und die daraus resultierende Gr\u00f6\u00dfe der Population einer Art h\u00e4ngt von der Gr\u00f6\u00dfe der Umweltkapazit\u00e4ten oder Kapazit\u00e4tsgrenzen ab. Darunter versteht man die gr\u00f6\u00dftm\u00f6gliche Anzahl an Individuen einer Art, die langfristig in einem Lebensraum \u00fcberleben kann. Sie wird bestimmt durch Angebot und Verf\u00fcgbarkeit limitierter Ressourcen.<\/p>\n<p>Im Laufe der Evolution haben sich bei viele Arten verschiedene Strategien zur Fortpflanzung und Vermehrung herausgebildet. Bakterien und Einzeller vermehren sich h\u00e4ufig \u00fcber die Parthenogenese, ein Individuum teilt sich also und es bilden sich zwei Tochterzellen. Die Individuenanzahl verdoppelt sich also mit jeder Generation so lange, bis eine limitierte Ressource, zum Beispiel Nahrung, aufgebraucht ist.<\/p>\n<p>Eukaryoten vermehren sich nicht durch Teilung, sondern durch sexuelle Fortpflanzung. Viele dieser Arten leben au\u00dferdem in mehr oder weniger gro\u00dfen Populationen und Lebensgemeinschaften, weshalb fast alle zur Verf\u00fcgung stehenden Ressourcen begrenzt sind. Um die Umweltkapazit\u00e4t bestm\u00f6glich zu nutzen, haben sich zwei Fortpflanzungsstrategien herausgebildet:<\/p>\n<p><strong>Du kannst dir die Themen r- und k-Strategien in diesem Video erkl\u00e4ren lassen, oder du liest sie dir in diesem Artikel durch!<\/strong><br \/>\n<div class=\"lyte-wrapper\" title=\"K-Strategen &amp;amp; R-Strategen - Fortpflanzungsstrategien - Strategien der Vermehrung einfach erkl&auml;rt\" style=\"width:420px;max-width:100%;margin:5px;\"><div class=\"lyMe\" id=\"WYL_nrY7flHE-RI\"><div id=\"lyte_nrY7flHE-RI\" data-src=\"https:\/\/www.studyhelp.de\/online-lernen\/wp-content\/plugins\/wp-youtube-lyte\/lyteCache.php?origThumbUrl=https%3A%2F%2Fi.ytimg.com%2Fvi%2FnrY7flHE-RI%2Fhqdefault.jpg\" class=\"pL\"><div class=\"tC\"><div class=\"tT\">K-Strategen &amp; R-Strategen - Fortpflanzungsstrategien - Strategien der Vermehrung einfach erkl\u00e4rt<\/div><\/div><div class=\"play\"><\/div><div class=\"ctrl\"><div class=\"Lctrl\"><\/div><div class=\"Rctrl\"><\/div><\/div><\/div><noscript><a href=\"https:\/\/youtu.be\/nrY7flHE-RI\" rel=\"nofollow\"><img src=\"https:\/\/www.studyhelp.de\/online-lernen\/wp-content\/plugins\/wp-youtube-lyte\/lyteCache.php?origThumbUrl=https%3A%2F%2Fi.ytimg.com%2Fvi%2FnrY7flHE-RI%2F0.jpg\" alt=\"K-Strategen &amp;amp; R-Strategen - Fortpflanzungsstrategien - Strategien der Vermehrung einfach erkl&auml;rt\" width=\"420\" height=\"216\" \/><br \/>Dieses Video auf YouTube ansehen<\/a><\/noscript><\/div><\/div><div class=\"lL\" style=\"max-width:100%;width:420px;margin:5px;\"><\/div><br \/>\n<\/p>\n<h3>r-Strategen<\/h3>\n<p>Die r-Strategen (r = Reproduktionsrate der Art) erzeugen bei der Fortpflanzung einen \u00dcberschuss an Nachkommen. Viele dieser Nachkommen fallen jedoch dem Umweltwiderstand zum Opfer, werden also von R\u00e4ubern gefressen oder verhungern\/erfrieren\/etc., bevor sie selbst ins fortpflanzungsf\u00e4hige Alter kommen. Arten, die den r-Strategen angeh\u00f6ren, leben h\u00e4ufig in einer sehr wechselhaften Umwelt, weshalb es sehr von Vorteil ist, viele Nachkommen zu haben, da mit ihnen auch die M\u00f6glichkeit einer vorteilhaften Mutation steigt und die Population so insgesamt variabler auf Umweltbedingungen reagieren kann. Die K\u00f6rpergr\u00f6\u00dfe ist h\u00e4ufig relativ gering und die Lebensdauer kurz. Elterntieren betreiben kaum bis wenig Brutpflege, sodass der Nachwuchs sehr schnell entw\u00f6hnt und auf sich selbst gestellt ist. Die Konkurrenzkraft dieser Arten ist meist gering, ebenso die Ortstreue, da sich die Arten, statt sich auf die Konkurrenz einzulassen, eher an eine andere \u00f6kologische Nische anpasst. Aufgrund der vielen Umweltfaktoren, denen diese Arten nichts entgegen zu setzen hat au\u00dfer eine hohe Nachkommensrate und damit die F\u00e4higkeit, sich schnell neuen Bedingungen anzupassen, schwanken die Populationsgr\u00f6\u00dfen sehr.<\/p>\n<h3>K-Strategen<\/h3>\n<p>Im Gegensatz dazu produzieren K-Strategen (K = Kapazit\u00e4tsgrenze des \u00d6kosystems) nur wenige Nachkommen, in die viel Zeit bei der Schwangerschaft und bei der Brutpflege investiert wird. Diese Nachkommen haben meist eine hohe \u00dcberlebensf\u00e4higkeit und sind langfristig an konstante Umweltbedingungen angepasst. Das wirft bei vielen K-Strategen heutzutage ein gro\u00dfes Problem auf, da viele Lebensr\u00e4ume f\u00fcr Tiere zerst\u00f6rt werden, die Arten aber nicht in der Lage sind, sich angemessen schnell an eine neue \u00f6kologische Nische anzupassen. Die K\u00f6rpergr\u00f6\u00dfe dieser Tiere ist h\u00e4ufig relativ gro\u00df, genauso wie die Lebensdauer der Individuen. K-Strategen sind h\u00e4ufig konkurrenzkr\u00e4ftig, da sie sehr gut an ihren jeweiligen Lebensraum angepasst sind und dementsprechend ortstreu. Die Populationsgr\u00f6\u00dfen schwanken wesentlich weniger als bei den r-Strategen, wobei Umweltaspekte wie Wilderei oder die gro\u00dffl\u00e4chige Zerst\u00f6rung der Lebensr\u00e4ume nicht mit bedacht werden.<\/p>\n<p><strong>Zum Abschluss des Thema findest du hier noch ein n\u00fctzliches Lernvideo zum Thema Populationswachstum!<\/strong><\/p>\n<div class=\"lyte-wrapper\" style=\"width:420px;max-width:100%;margin:5px;\"><div class=\"lyMe\" id=\"WYL_QsNRYYhBAJk\"><div id=\"lyte_QsNRYYhBAJk\" data-src=\"https:\/\/www.studyhelp.de\/online-lernen\/wp-content\/plugins\/wp-youtube-lyte\/lyteCache.php?origThumbUrl=%2F%2Fi.ytimg.com%2Fvi%2FQsNRYYhBAJk%2Fhqdefault.jpg\" class=\"pL\"><div class=\"tC\"><div class=\"tT\"><\/div><\/div><div class=\"play\"><\/div><div class=\"ctrl\"><div class=\"Lctrl\"><\/div><div class=\"Rctrl\"><\/div><\/div><\/div><noscript><a href=\"https:\/\/youtu.be\/QsNRYYhBAJk\" rel=\"nofollow\"><img src=\"https:\/\/www.studyhelp.de\/online-lernen\/wp-content\/plugins\/wp-youtube-lyte\/lyteCache.php?origThumbUrl=https%3A%2F%2Fi.ytimg.com%2Fvi%2FQsNRYYhBAJk%2F0.jpg\" alt=\"YouTube-Video-Thumbnail\" width=\"420\" height=\"216\" \/><br \/>Dieses Video auf YouTube ansehen<\/a><\/noscript><\/div><\/div><div class=\"lL\" style=\"max-width:100%;width:420px;margin:5px;\"><\/div><br \/>\n<\/p>\n","protected":false},"excerpt":{"rendered":"<p>Das Populationswachstum und die daraus resultierende Gr\u00f6\u00dfe der Population einer Art h\u00e4ngt von der Gr\u00f6\u00dfe der Umweltkapazit\u00e4ten oder Kapazit\u00e4tsgrenzen ab. Darunter versteht man die gr\u00f6\u00dftm\u00f6gliche Anzahl an Individuen einer Art, die langfristig in einem Lebensraum \u00fcberleben kann. Sie wird bestimmt durch Angebot und Verf\u00fcgbarkeit limitierter Ressourcen. Im Laufe der Evolution haben sich bei viele Arten [&hellip;]<\/p>\n","protected":false},"author":3,"featured_media":0,"parent":10174,"menu_order":0,"comment_status":"closed","ping_status":"closed","template":"","meta":[],"categories":[59],"tags":[],"yoast_head":"<!-- This site is optimized with the Yoast SEO plugin v14.7 - https:\/\/yoast.com\/wordpress\/plugins\/seo\/ -->\n<title>Populationswachstum verst\u00e4ndlich erkl\u00e4rt - StudyHelp Online-Lernen<\/title>\n<meta name=\"description\" content=\"Das Populationswachstum kann anhand zweier Strategien gesichert werden: die r-Strategie und die K-Strategie. Wie sie aussehen? Das zeigen wir euch hier!\" \/>\n<meta name=\"robots\" content=\"index, follow\" \/>\n<meta name=\"googlebot\" content=\"index, follow, max-snippet:-1, max-image-preview:large, max-video-preview:-1\" \/>\n<meta name=\"bingbot\" content=\"index, follow, max-snippet:-1, max-image-preview:large, max-video-preview:-1\" \/>\n<link rel=\"canonical\" href=\"https:\/\/www.studyhelp.de\/online-lernen\/biologie\/populationswachstum\/\" \/>\n<meta property=\"og:locale\" content=\"de_DE\" \/>\n<meta property=\"og:type\" content=\"article\" \/>\n<meta property=\"og:title\" content=\"Populationswachstum verst\u00e4ndlich erkl\u00e4rt - StudyHelp Online-Lernen\" \/>\n<meta property=\"og:description\" content=\"Das Populationswachstum kann anhand zweier Strategien gesichert werden: die r-Strategie und die K-Strategie. Wie sie aussehen? Das zeigen wir euch hier!\" \/>\n<meta property=\"og:url\" content=\"https:\/\/www.studyhelp.de\/online-lernen\/biologie\/populationswachstum\/\" \/>\n<meta property=\"og:site_name\" content=\"StudyHelp Online-Lernen\" \/>\n<meta property=\"article:modified_time\" content=\"2018-11-19T13:08:59+00:00\" \/>\n<meta name=\"twitter:card\" content=\"summary_large_image\" \/>\n<script type=\"application\/ld+json\" class=\"yoast-schema-graph\">{\"@context\":\"https:\/\/schema.org\",\"@graph\":[{\"@type\":\"WebSite\",\"@id\":\"https:\/\/www.studyhelp.de\/online-lernen\/#website\",\"url\":\"https:\/\/www.studyhelp.de\/online-lernen\/\",\"name\":\"StudyHelp Online-Lernen\",\"description\":\"\",\"potentialAction\":[{\"@type\":\"SearchAction\",\"target\":\"https:\/\/www.studyhelp.de\/online-lernen\/?s={search_term_string}\",\"query-input\":\"required name=search_term_string\"}],\"inLanguage\":\"de-DE\"},{\"@type\":\"WebPage\",\"@id\":\"https:\/\/www.studyhelp.de\/online-lernen\/biologie\/populationswachstum\/#webpage\",\"url\":\"https:\/\/www.studyhelp.de\/online-lernen\/biologie\/populationswachstum\/\",\"name\":\"Populationswachstum verst\\u00e4ndlich erkl\\u00e4rt - StudyHelp Online-Lernen\",\"isPartOf\":{\"@id\":\"https:\/\/www.studyhelp.de\/online-lernen\/#website\"},\"datePublished\":\"2018-10-08T13:23:11+00:00\",\"dateModified\":\"2018-11-19T13:08:59+00:00\",\"description\":\"Das Populationswachstum kann anhand zweier Strategien gesichert werden: die r-Strategie und die K-Strategie. Wie sie aussehen? Das zeigen wir euch hier!\",\"inLanguage\":\"de-DE\",\"potentialAction\":[{\"@type\":\"ReadAction\",\"target\":[\"https:\/\/www.studyhelp.de\/online-lernen\/biologie\/populationswachstum\/\"]}]}]}<\/script>\n<!-- \/ Yoast SEO plugin. -->","_links":{"self":[{"href":"https:\/\/www.studyhelp.de\/online-lernen\/wp-json\/wp\/v2\/pages\/10288"}],"collection":[{"href":"https:\/\/www.studyhelp.de\/online-lernen\/wp-json\/wp\/v2\/pages"}],"about":[{"href":"https:\/\/www.studyhelp.de\/online-lernen\/wp-json\/wp\/v2\/types\/page"}],"author":[{"embeddable":true,"href":"https:\/\/www.studyhelp.de\/online-lernen\/wp-json\/wp\/v2\/users\/3"}],"replies":[{"embeddable":true,"href":"https:\/\/www.studyhelp.de\/online-lernen\/wp-json\/wp\/v2\/comments?post=10288"}],"version-history":[{"count":8,"href":"https:\/\/www.studyhelp.de\/online-lernen\/wp-json\/wp\/v2\/pages\/10288\/revisions"}],"predecessor-version":[{"id":11505,"href":"https:\/\/www.studyhelp.de\/online-lernen\/wp-json\/wp\/v2\/pages\/10288\/revisions\/11505"}],"up":[{"embeddable":true,"href":"https:\/\/www.studyhelp.de\/online-lernen\/wp-json\/wp\/v2\/pages\/10174"}],"wp:attachment":[{"href":"https:\/\/www.studyhelp.de\/online-lernen\/wp-json\/wp\/v2\/media?parent=10288"}],"wp:term":[{"taxonomy":"category","embeddable":true,"href":"https:\/\/www.studyhelp.de\/online-lernen\/wp-json\/wp\/v2\/categories?post=10288"},{"taxonomy":"post_tag","embeddable":true,"href":"https:\/\/www.studyhelp.de\/online-lernen\/wp-json\/wp\/v2\/tags?post=10288"}],"curies":[{"name":"wp","href":"https:\/\/api.w.org\/{rel}","templated":true}]}}