{"id":10296,"date":"2018-10-08T15:24:25","date_gmt":"2018-10-08T13:24:25","guid":{"rendered":"https:\/\/www.studyhelp.de\/online-lernen\/?page_id=10296"},"modified":"2018-11-19T14:14:43","modified_gmt":"2018-11-19T13:14:43","slug":"biodiversitaet","status":"publish","type":"page","link":"https:\/\/www.studyhelp.de\/online-lernen\/biologie\/biodiversitaet\/","title":{"rendered":"Biodiversit\u00e4t"},"content":{"rendered":"<p>Die Biodiversit\u00e4t, also die Vielfalt allen Lebens auf der Erde, wird durch den Menschen immer mehr verringert. Man spricht hier von einem Biodiversit\u00e4tsverlust. Oft sterben dabei Arten aus, weil der Mensch durch seine wachsende Bev\u00f6lkerung \u00fcberall in die Natur eingreift und viele Lebensr\u00e4ume zerst\u00f6rt. Besonders Arten, die an sehr spezielle Bedingungen angepasst sind, verlieren ihre \u00f6kologische Nische und k\u00f6nnen sich nicht an neue Umweltbedingungen anpassen. Auch eine Fragmentierung der ehemaligen Lebensr\u00e4ume von Tier- und Pflanzenarten hat gro\u00dfe Auswirkungen auf die Populationen, da zwischen diesen Inselpopulationen kein Genfluss mehr stattfindet und die Arten daher genetisch verarmen.<\/p>\n<p>Durch die Kolonialisierung und die fortschreitende Globalisierung werden zunehmend Neobiota zu Probleme in \u00d6kosystemen. Darunter versteht man Arten, die ohne oder mit menschlicher Einflussnahme in einem Gebiet etabliert haben, in dem sie zuvor nicht heimisch waren. In diesen Gebieten fehlen f\u00fcr die neu eingewanderten Tiere oder Pflanzen oft sowohl Fressfeinde als auch Konkurrenten, sodass sich die Tiere ungehindert vermehren k\u00f6nnen und die vorhandenen \u00d6kosysteme stark beeinflussen. Bei neu eingewanderten Tieren spricht man von Neozoen und bei neobiotischen Pflanzen von Neophyten.<\/p>\n<p>Nachdem sich das Bewusstsein f\u00fcr die Wichtigkeit von \u00d6kosystemen entwickelt hat, wurden in vielen Bereichen der Erde kleine Naturschutzgebiete errichtet. Dies sind kleine Gebiete mit einem f\u00fcr die Region typischen \u00d6kosystem, welches mit all seinen Arten und Funktionen dauerhaft erhalten bleiben soll. H\u00e4ufig ist es jedoch so, dass bereits einige wichtige Schl\u00fcsselarten in diesen Gebieten ausgestorben sind. Das sind Arten innerhalb eines \u00d6kosystems, deren Verlust eine ganze Kaskade von teils dramatischen Auswirkungen ausl\u00f6sen kann. Fehlen diese Arten, werden ganze \u00d6kosysteme stark ver\u00e4ndert, sodass das urspr\u00fcngliche Gleichgewicht im \u00d6kosystem kaum wiederherzustellen ist.<\/p>\n\n","protected":false},"excerpt":{"rendered":"<p>Die Biodiversit\u00e4t, also die Vielfalt allen Lebens auf der Erde, wird durch den Menschen immer mehr verringert. Man spricht hier von einem Biodiversit\u00e4tsverlust. Oft sterben dabei Arten aus, weil der Mensch durch seine wachsende Bev\u00f6lkerung \u00fcberall in die Natur eingreift und viele Lebensr\u00e4ume zerst\u00f6rt. Besonders Arten, die an sehr spezielle Bedingungen angepasst sind, verlieren ihre [&hellip;]<\/p>\n","protected":false},"author":3,"featured_media":0,"parent":10174,"menu_order":0,"comment_status":"closed","ping_status":"closed","template":"","meta":[],"categories":[59],"tags":[],"yoast_head":"<!-- This site is optimized with the Yoast SEO plugin v14.7 - https:\/\/yoast.com\/wordpress\/plugins\/seo\/ -->\n<title>Biodiversit\u00e4t erkl\u00e4rt - StudyHelp Online-Lernen [Biologie]<\/title>\n<meta name=\"description\" content=\"Biodiversit\u00e4t ist der zusammenfassende Begriff f\u00fcr die Vielfalt der \u00d6kosysteme, die Vielfalt der Arten sowie die genetische Vielfalt innerhalb dieser Arten.\" \/>\n<meta name=\"robots\" content=\"index, follow\" \/>\n<meta name=\"googlebot\" content=\"index, follow, max-snippet:-1, max-image-preview:large, max-video-preview:-1\" \/>\n<meta name=\"bingbot\" content=\"index, follow, max-snippet:-1, max-image-preview:large, max-video-preview:-1\" \/>\n<link rel=\"canonical\" href=\"http:\/\/www.studyhelp.de\/online-lernen\/biologie\/biodiversitaet\/\" \/>\n<meta property=\"og:locale\" content=\"de_DE\" \/>\n<meta property=\"og:type\" content=\"article\" \/>\n<meta property=\"og:title\" content=\"Biodiversit\u00e4t erkl\u00e4rt - StudyHelp Online-Lernen [Biologie]\" \/>\n<meta property=\"og:description\" content=\"Biodiversit\u00e4t ist der zusammenfassende Begriff f\u00fcr die Vielfalt der \u00d6kosysteme, die Vielfalt der Arten sowie die genetische Vielfalt innerhalb dieser Arten.\" \/>\n<meta property=\"og:url\" content=\"http:\/\/www.studyhelp.de\/online-lernen\/biologie\/biodiversitaet\/\" \/>\n<meta property=\"og:site_name\" content=\"StudyHelp Online-Lernen\" \/>\n<meta property=\"article:modified_time\" content=\"2018-11-19T13:14:43+00:00\" \/>\n<meta name=\"twitter:card\" content=\"summary_large_image\" \/>\n<script type=\"application\/ld+json\" class=\"yoast-schema-graph\">{\"@context\":\"https:\/\/schema.org\",\"@graph\":[{\"@type\":\"WebSite\",\"@id\":\"https:\/\/www.studyhelp.de\/online-lernen\/#website\",\"url\":\"https:\/\/www.studyhelp.de\/online-lernen\/\",\"name\":\"StudyHelp Online-Lernen\",\"description\":\"\",\"potentialAction\":[{\"@type\":\"SearchAction\",\"target\":\"https:\/\/www.studyhelp.de\/online-lernen\/?s={search_term_string}\",\"query-input\":\"required name=search_term_string\"}],\"inLanguage\":\"de-DE\"},{\"@type\":\"WebPage\",\"@id\":\"http:\/\/www.studyhelp.de\/online-lernen\/biologie\/biodiversitaet\/#webpage\",\"url\":\"http:\/\/www.studyhelp.de\/online-lernen\/biologie\/biodiversitaet\/\",\"name\":\"Biodiversit\\u00e4t erkl\\u00e4rt - StudyHelp Online-Lernen [Biologie]\",\"isPartOf\":{\"@id\":\"https:\/\/www.studyhelp.de\/online-lernen\/#website\"},\"datePublished\":\"2018-10-08T13:24:25+00:00\",\"dateModified\":\"2018-11-19T13:14:43+00:00\",\"description\":\"Biodiversit\\u00e4t ist der zusammenfassende Begriff f\\u00fcr die Vielfalt der \\u00d6kosysteme, die Vielfalt der Arten sowie die genetische Vielfalt innerhalb dieser Arten.\",\"inLanguage\":\"de-DE\",\"potentialAction\":[{\"@type\":\"ReadAction\",\"target\":[\"http:\/\/www.studyhelp.de\/online-lernen\/biologie\/biodiversitaet\/\"]}]}]}<\/script>\n<!-- \/ Yoast SEO plugin. -->","_links":{"self":[{"href":"https:\/\/www.studyhelp.de\/online-lernen\/wp-json\/wp\/v2\/pages\/10296"}],"collection":[{"href":"https:\/\/www.studyhelp.de\/online-lernen\/wp-json\/wp\/v2\/pages"}],"about":[{"href":"https:\/\/www.studyhelp.de\/online-lernen\/wp-json\/wp\/v2\/types\/page"}],"author":[{"embeddable":true,"href":"https:\/\/www.studyhelp.de\/online-lernen\/wp-json\/wp\/v2\/users\/3"}],"replies":[{"embeddable":true,"href":"https:\/\/www.studyhelp.de\/online-lernen\/wp-json\/wp\/v2\/comments?post=10296"}],"version-history":[{"count":4,"href":"https:\/\/www.studyhelp.de\/online-lernen\/wp-json\/wp\/v2\/pages\/10296\/revisions"}],"predecessor-version":[{"id":11510,"href":"https:\/\/www.studyhelp.de\/online-lernen\/wp-json\/wp\/v2\/pages\/10296\/revisions\/11510"}],"up":[{"embeddable":true,"href":"https:\/\/www.studyhelp.de\/online-lernen\/wp-json\/wp\/v2\/pages\/10174"}],"wp:attachment":[{"href":"https:\/\/www.studyhelp.de\/online-lernen\/wp-json\/wp\/v2\/media?parent=10296"}],"wp:term":[{"taxonomy":"category","embeddable":true,"href":"https:\/\/www.studyhelp.de\/online-lernen\/wp-json\/wp\/v2\/categories?post=10296"},{"taxonomy":"post_tag","embeddable":true,"href":"https:\/\/www.studyhelp.de\/online-lernen\/wp-json\/wp\/v2\/tags?post=10296"}],"curies":[{"name":"wp","href":"https:\/\/api.w.org\/{rel}","templated":true}]}}