{"id":103,"date":"2015-03-25T21:04:40","date_gmt":"2015-03-25T20:04:40","guid":{"rendered":"https:\/\/www.studyhelp.de\/mathe\/wp\/?page_id=103"},"modified":"2019-04-11T16:37:00","modified_gmt":"2019-04-11T14:37:00","slug":"kombinatorik","status":"publish","type":"page","link":"https:\/\/www.studyhelp.de\/online-lernen\/mathe\/kombinatorik\/","title":{"rendered":"Kombinatorik"},"content":{"rendered":"\n<p>Erinnern wir uns an dieser Stelle an den Quotienten der Laplace -Wahrscheinlichkeit:<\/p>\n<p>\\begin{align*}<br \/>\nP(A) = \\frac{\\textrm{Anzahl der guenstigen Ergebnisse}}{\\textrm{Anzahl der moeglichen Ergebnisse}}<br \/>\n\\end{align*}<\/p>\n<p>Bei der Bestimmung dieses Quotienten bedient man sich der Kombinatorik. Dort veranschaulicht man Ergebnisse f\u00fcr Zufallsexperimente mit endlicher Ergebnismenge h\u00e4ufig anhand des Urnenmodells &#8211; gedanklich ein Gef\u00e4\u00df mit $n$ durchnummerierten Kugeln, von denen $k$ zuf\u00e4llig ausgew\u00e4hlt werden.<\/p>\n\n<p>Die Auswahl der Kugeln ist als Ziehung einer Zufallsstichprobe des Umfangs $k$ aus einer Grundgesamtheit mit $n$ Elementen zu interpretieren. Wenn jede denkbare Stichprobe des Umfangs $k$ mit gleicher Wahrscheinlichkeit realisiert wird, liegt eine einfache Zufallsstichprobe vor.<\/p>\n<p><img decoding=\"async\" loading=\"lazy\" class=\"aligncenter wp-image-3666\" src=\"https:\/\/www.studyhelp.de\/online-lernen\/wp-content\/uploads\/2015\/03\/bil_kombinatorik_uebersicht-1024x609.png\" alt=\"Kombinatorik \u00dcbersicht\" width=\"701\" height=\"417\" srcset=\"https:\/\/www.studyhelp.de\/online-lernen\/wp-content\/uploads\/2015\/03\/bil_kombinatorik_uebersicht-1024x609.png 1024w, https:\/\/www.studyhelp.de\/online-lernen\/wp-content\/uploads\/2015\/03\/bil_kombinatorik_uebersicht-300x178.png 300w, https:\/\/www.studyhelp.de\/online-lernen\/wp-content\/uploads\/2015\/03\/bil_kombinatorik_uebersicht-768x457.png 768w, https:\/\/www.studyhelp.de\/online-lernen\/wp-content\/uploads\/2015\/03\/bil_kombinatorik_uebersicht.png 1676w\" sizes=\"(max-width: 701px) 100vw, 701px\" \/><\/p>\n<p>Wie viele M\u00f6glichkeiten der Auswahl der $n$ Elemente es gibt, h\u00e4ngt davon ab, ob die Elemente der Stichprobe nach der Ziehung jeweils wieder zur\u00fcckgelegt werden oder nicht (Urnenmodell bzw. Stichprobenziehung mit\/ohne Zur\u00fccklegen).<\/p>\n<p>Die Anzahl der M\u00f6glichkeiten h\u00e4ngt auch davon ab, in welcher Reihenfolge die $n$ nummerierten Kugeln gezogen werden (Stichprobenziehung mit\/ohne Ber\u00fccksichtigung der Anordnung).<\/p>\n<p>Formeln f\u00fcr die Berechnung der Anzahl der M\u00f6glichkeiten der Ziehung einer Stichprobe des Umfangs $k$ aus einer Grundgesamtheit mit $n$ Elementen in allen 6 F\u00e4llen sind obiger \u00dcbersicht zusammenfassend dargestellt.<\/p>\n<p><strong>Der Binomialkoeffizient ist definiert durch:<\/strong><\/p>\n<p>\\begin{align*}<br \/>\n\\begin{pmatrix} n \\\\ k \\end{pmatrix} = \\frac{n!}{(n-k)!\\cdot k!}<br \/>\n\\end{align*}<\/p>\n<p><strong>Besondere F\u00e4lle:<\/strong><\/p>\n<p>$\\begin{pmatrix} n \\\\ 0 \\end{pmatrix} = 1$ und $\\begin{pmatrix} k \\\\ 1 \\end{pmatrix} = k$ sowie $\\begin{pmatrix} n \\\\ n \\end{pmatrix} = 1$.<\/p>\n<p>Die Fakult\u00e4t $k!=1 \\cdot 2 \\cdot 3 \\cdot &#8230; \\cdot k$ ist das Produkt aus allen nat\u00fcrlichen Zahlen von 1 bis $k$. Weiterhin solltet ihr wissen, dass $0!=1$ ist.<\/p>\n<p><strong>Welche Formel brauche ich?<\/strong><\/p>\n<ol>\n<li>Entscheide, ob alle Elemente betrachtet werden oder nur eine Stichprobe.<\/li>\n<li>Entscheide, ob die Reihenfolge\/Anordnung wichtig ist.<\/li>\n<li>Entscheide, ob eine Wiederholung der Elemente m\u00f6glich ist .<\/li>\n<li>Formel ausw\u00e4hlen.<\/li>\n<li>W\u00e4hle $n$ und $k$.<\/li>\n<\/ol>\n<p>Merke: $k$ ist immer etwas, von dem wir die M\u00f6glichkeiten\/Wahrscheinlichkeit wissen m\u00f6chten und $n$ sind immer die Elemente, die wir zur Verf\u00fcgung haben.<\/p>\n\n<h2>Beispiele<\/h2>\n<div class=\"box exercise\">\n<p><strong>Peter hat ein Zahlenschloss mit vier Ziffern. Er hat bei den ganzen Abiparties seinen Code vergessen. Er fragt sich nun, wie viele M\u00f6glichkeiten er hat, um sein Schloss wieder zu \u00f6ffnen. Hierf\u00fcr arbeiten wir das obige Vorgehen ab:<\/strong><\/p>\n<p>1) Entscheide ob alle Elemente betrachtet werden oder nur eine Stichprobe.Stichprobe, da Ziffern von $[0-9]$ zur Verf\u00fcgung stehen, aber nur vier Ziffern genutzt werden.<\/p>\n<p>2) Entscheide ob die Reihenfolge\/Anordnung wichtig ist.Die Reihenfolge beim Zahlenschloss ist wichtig, da $[1,2,3,4]$ eine andere Variation des Codes ist als $[1,3,2,4]$.<\/p>\n<p>3) Entscheide ob eine Wiederholung der Elemente m\u00f6glich ist.Eine Wiederholung der Elemente bei einem Zahlenschloss ist m\u00f6glich $[2,2,1,4]$.<\/p>\n<p>4) Formel ausw\u00e4hlen: $n^k$<\/p>\n<p>5) W\u00e4hle $n$ und $k$:In diesem Beispiel sind die Ziffern $[0-9]$ die Elemente, die wir zur Verf\u00fcgung haben und entnehmen aus dieser Grundgesamtheit vier Elemente, die uns interessieren.<\/p>\n<p>\\begin{align*}<br \/>\n10^4=10000 ~\\textrm{M\u00f6glichkeiten}<br \/>\n\\end{align*}<\/p>\n<\/div>\n<div class=\"box exercise\">\n<p><strong>Beim Osterlauf in Paderborn nehmen 10 Rennl\u00e4ufer teil. Wie viele M\u00f6glichkeiten gibt es f\u00fcr Gold, Silber und Bronze?Hierf\u00fcr arbeiten wir auch wieder das obige Vorgehen ab:<\/strong><\/p>\n<p>1) Entscheide ob alle Elemente betrachtet werden oder nur eine Stichprobe.Stichprobe, da nur die ersten drei Pl\u00e4tze von Interesse sind, es aber zehn Rennl\u00e4ufer gibt.<\/p>\n<p>2) Entscheide ob die Reihenfolge\/Anordnung wichtig ist.Die Reihenfolge\/Anordnung ist wichtig, da Gold, Silber und Bronze von Interesse ist.<\/p>\n<p>3) Entscheide ob eine Wiederholung der Elemente m\u00f6glich ist.Eine Wiederholung ist nicht m\u00f6glich, da der Rennl\u00e4ufer der Gold gewonnen hat nicht gleichzeitig auch Silber gewinnen kann.<\/p>\n<p>4) Formel ausw\u00e4hlen: $\\frac{n!}{(n-k)!}$<\/p>\n<p>5) W\u00e4hle $n$ und $k$:In diesem Beispiel sind die zehn Rennl\u00e4ufer die Grundgesamtheit ($n=10$), die zur Verf\u00fcgung steht. Von Interesse sind hier die ersten drei Pl\u00e4tze ($k=3$).<\/p>\n<p>\\begin{align*}<br \/>\n\\frac{10!}{(10-3)!} = \\frac{10!}{7!} = 10 \\cdot 9 \\cdot 8 = 720 ~\\textrm{M\u00f6glichkeiten}<br \/>\n\\end{align*}<\/p>\n<\/div>\n\n<div class=\"box exercise\">\n<p><strong>Wie viele M\u00f6glichkeiten gibt es, f\u00fcnf verschiedene Stochastik-B\u00fccher in ein Regal nebeneinander zu stellen? Hierf\u00fcr arbeiten wir auch wieder das obige Vorgehen ab:<\/strong><\/p>\n<p>1) Entscheide ob alle Elemente betrachtet werden oder nur eine Stichprobe.In diesem Beispiel werden alle Elemente in der Aufgabenstellung betrachtet und nicht etwa eine Stichprobe von drei B\u00fcchern erfragt.<\/p>\n<p>2) Entscheide ob die Reihenfolge\/Anordnung wichtig ist.Wenn man Elemente betrachtet, dann verwendet man die Permutation, die immer geordnet ist.<\/p>\n<p>3) Entscheide ob eine Wiederholung der Elemente m\u00f6glich ist.Es ist keine Wiederholung m\u00f6glich, da die Stochastik-B\u00fccher verschiedenartig sind, somit jedes Element nur einmal existiert. (Signalwort: \u201everschiedene\u201c).<\/p>\n<p>4) Formel ausw\u00e4hlen: $n!$<\/p>\n<p>5)W\u00e4hle $n$:Zu w\u00e4hlen sind alle Elemente in der Aufgabenstellung.<\/p>\n<p>\\begin{align*}<br \/>\n5! = 5 \\cdot 4 \\cdot 3 \\cdot 2 \\cdot 1 = 120 ~\\textrm{M\u00f6glichkeiten}<br \/>\n\\end{align*}<br \/>\n<\/div>\n<p><strong>Schau dir zur Vertiefung und Wiederholung Daniels Playlist zu Kombinatorik an.<\/strong><\/p>\n<div class=\"lyte-wrapper\" title=\"Playlist: Kombinatorik, Abz&auml;hlverfahren, Stochastik\" style=\"width:420px;max-width:100%;margin:5px;\"><div class=\"lyMe playlist\" id=\"WYL_PLLTAHuUj-zHh-naSM6JwN44dMvrsEeTuU\"><div id=\"lyte_PLLTAHuUj-zHh-naSM6JwN44dMvrsEeTuU\" data-src=\"https:\/\/www.studyhelp.de\/online-lernen\/wp-content\/plugins\/wp-youtube-lyte\/lyteCache.php?origThumbUrl=https%3A%2F%2Fi.ytimg.com%2Fvi%2Ft7eeuBkDoJQ%2Fhqdefault.jpg\" class=\"pL\"><div class=\"tC\"><div class=\"tT\">Playlist: Kombinatorik, Abz\u00e4hlverfahren, Stochastik<\/div><\/div><div class=\"play\"><\/div><div class=\"ctrl\"><div class=\"Lctrl\"><\/div><div class=\"Rctrl\"><\/div><\/div><\/div><noscript><a href=\"https:\/\/youtube.com\/playlist?list=PLLTAHuUj-zHh-naSM6JwN44dMvrsEeTuU\" rel=\"nofollow\"><br \/>Diese Wiedergabeliste auf YouTube ansehen<\/a><\/noscript><\/div><\/div><br \/>\n<\/p>\n","protected":false},"excerpt":{"rendered":"<p>Erinnern wir uns an dieser Stelle an den Quotienten der Laplace -Wahrscheinlichkeit: \\begin{align*} P(A) = \\frac{\\textrm{Anzahl der guenstigen Ergebnisse}}{\\textrm{Anzahl der moeglichen Ergebnisse}} \\end{align*} Bei der Bestimmung dieses Quotienten bedient man sich der Kombinatorik. Dort veranschaulicht man Ergebnisse f\u00fcr Zufallsexperimente mit endlicher Ergebnismenge h\u00e4ufig anhand des Urnenmodells &#8211; gedanklich ein Gef\u00e4\u00df mit durchnummerierten Kugeln, von denen [&hellip;]<\/p>\n","protected":false},"author":5,"featured_media":0,"parent":6291,"menu_order":3,"comment_status":"closed","ping_status":"closed","template":"","meta":[],"categories":[18],"tags":[],"yoast_head":"<!-- This site is optimized with the Yoast SEO plugin v14.7 - https:\/\/yoast.com\/wordpress\/plugins\/seo\/ -->\n<title>Kombinatorik inkl. Beispielen und Lernvideos - StudyHelp<\/title>\n<meta name=\"description\" content=\"Suchst du nach Erkl\u00e4rungen zur Kombinatorik? Wir erkl\u00e4ren dir das Thema anhand von verst\u00e4ndlichen Erkl\u00e4rungen, Beispielen und Lernvideos.\" \/>\n<meta name=\"robots\" content=\"index, follow\" \/>\n<meta name=\"googlebot\" content=\"index, follow, max-snippet:-1, max-image-preview:large, max-video-preview:-1\" \/>\n<meta name=\"bingbot\" content=\"index, follow, max-snippet:-1, max-image-preview:large, max-video-preview:-1\" \/>\n<link rel=\"canonical\" href=\"https:\/\/www.studyhelp.de\/online-lernen\/mathe\/kombinatorik\/\" \/>\n<meta property=\"og:locale\" content=\"de_DE\" \/>\n<meta property=\"og:type\" content=\"article\" \/>\n<meta property=\"og:title\" content=\"Kombinatorik inkl. Beispielen und Lernvideos - StudyHelp\" \/>\n<meta property=\"og:description\" content=\"Suchst du nach Erkl\u00e4rungen zur Kombinatorik? Wir erkl\u00e4ren dir das Thema anhand von verst\u00e4ndlichen Erkl\u00e4rungen, Beispielen und Lernvideos.\" \/>\n<meta property=\"og:url\" content=\"https:\/\/www.studyhelp.de\/online-lernen\/mathe\/kombinatorik\/\" \/>\n<meta property=\"og:site_name\" content=\"StudyHelp Online-Lernen\" \/>\n<meta property=\"article:modified_time\" content=\"2019-04-11T14:37:00+00:00\" \/>\n<meta property=\"og:image\" content=\"https:\/\/www.studyhelp.de\/online-lernen\/wp-content\/uploads\/2015\/03\/bil_kombinatorik_uebersicht-1024x609.png\" \/>\n<meta name=\"twitter:card\" content=\"summary_large_image\" \/>\n<script type=\"application\/ld+json\" class=\"yoast-schema-graph\">{\"@context\":\"https:\/\/schema.org\",\"@graph\":[{\"@type\":\"WebSite\",\"@id\":\"https:\/\/www.studyhelp.de\/online-lernen\/#website\",\"url\":\"https:\/\/www.studyhelp.de\/online-lernen\/\",\"name\":\"StudyHelp Online-Lernen\",\"description\":\"\",\"potentialAction\":[{\"@type\":\"SearchAction\",\"target\":\"https:\/\/www.studyhelp.de\/online-lernen\/?s={search_term_string}\",\"query-input\":\"required name=search_term_string\"}],\"inLanguage\":\"de-DE\"},{\"@type\":\"ImageObject\",\"@id\":\"https:\/\/www.studyhelp.de\/online-lernen\/mathe\/kombinatorik\/#primaryimage\",\"inLanguage\":\"de-DE\",\"url\":\"https:\/\/www.studyhelp.de\/online-lernen\/wp-content\/uploads\/2015\/03\/bil_kombinatorik_uebersicht.png\",\"width\":1676,\"height\":997},{\"@type\":\"WebPage\",\"@id\":\"https:\/\/www.studyhelp.de\/online-lernen\/mathe\/kombinatorik\/#webpage\",\"url\":\"https:\/\/www.studyhelp.de\/online-lernen\/mathe\/kombinatorik\/\",\"name\":\"Kombinatorik inkl. Beispielen und Lernvideos - StudyHelp\",\"isPartOf\":{\"@id\":\"https:\/\/www.studyhelp.de\/online-lernen\/#website\"},\"primaryImageOfPage\":{\"@id\":\"https:\/\/www.studyhelp.de\/online-lernen\/mathe\/kombinatorik\/#primaryimage\"},\"datePublished\":\"2015-03-25T20:04:40+00:00\",\"dateModified\":\"2019-04-11T14:37:00+00:00\",\"description\":\"Suchst du nach Erkl\\u00e4rungen zur Kombinatorik? Wir erkl\\u00e4ren dir das Thema anhand von verst\\u00e4ndlichen Erkl\\u00e4rungen, Beispielen und Lernvideos.\",\"inLanguage\":\"de-DE\",\"potentialAction\":[{\"@type\":\"ReadAction\",\"target\":[\"https:\/\/www.studyhelp.de\/online-lernen\/mathe\/kombinatorik\/\"]}]}]}<\/script>\n<!-- \/ Yoast SEO plugin. -->","_links":{"self":[{"href":"https:\/\/www.studyhelp.de\/online-lernen\/wp-json\/wp\/v2\/pages\/103"}],"collection":[{"href":"https:\/\/www.studyhelp.de\/online-lernen\/wp-json\/wp\/v2\/pages"}],"about":[{"href":"https:\/\/www.studyhelp.de\/online-lernen\/wp-json\/wp\/v2\/types\/page"}],"author":[{"embeddable":true,"href":"https:\/\/www.studyhelp.de\/online-lernen\/wp-json\/wp\/v2\/users\/5"}],"replies":[{"embeddable":true,"href":"https:\/\/www.studyhelp.de\/online-lernen\/wp-json\/wp\/v2\/comments?post=103"}],"version-history":[{"count":14,"href":"https:\/\/www.studyhelp.de\/online-lernen\/wp-json\/wp\/v2\/pages\/103\/revisions"}],"predecessor-version":[{"id":12290,"href":"https:\/\/www.studyhelp.de\/online-lernen\/wp-json\/wp\/v2\/pages\/103\/revisions\/12290"}],"up":[{"embeddable":true,"href":"https:\/\/www.studyhelp.de\/online-lernen\/wp-json\/wp\/v2\/pages\/6291"}],"wp:attachment":[{"href":"https:\/\/www.studyhelp.de\/online-lernen\/wp-json\/wp\/v2\/media?parent=103"}],"wp:term":[{"taxonomy":"category","embeddable":true,"href":"https:\/\/www.studyhelp.de\/online-lernen\/wp-json\/wp\/v2\/categories?post=103"},{"taxonomy":"post_tag","embeddable":true,"href":"https:\/\/www.studyhelp.de\/online-lernen\/wp-json\/wp\/v2\/tags?post=103"}],"curies":[{"name":"wp","href":"https:\/\/api.w.org\/{rel}","templated":true}]}}