{"id":11992,"date":"2019-02-25T15:41:35","date_gmt":"2019-02-25T14:41:35","guid":{"rendered":"https:\/\/www.studyhelp.de\/online-lernen\/?page_id=11992"},"modified":"2019-02-25T15:48:03","modified_gmt":"2019-02-25T14:48:03","slug":"zellatmung","status":"publish","type":"page","link":"https:\/\/www.studyhelp.de\/online-lernen\/biologie\/zellatmung\/","title":{"rendered":"Zellatmung"},"content":{"rendered":"<h2 class=\"anchor\" id=\"zellatmung\">Die Zellatmung<\/h2>\n<p>Menschen und Tiere k\u00f6nnen keine eigene Energie produzieren. Sie nehmen daher die energiereichen Verbindungen aus pflanzlicher oder tierischer Nahrung auf. Diese Nahrung wird zerlegt um die so freiwerdende Energie nutzen zu k\u00f6nnen. Auch Pflanzen zerlegen eigens produzierte energiereiche Verbindungen wieder. Die dabei freiwerdende Energie wird f\u00fcr Stoffwechselreaktionen genutzt. Bei dieser Zerlegung von energiereichen organischen Stoffen zu energiearmen Stoffen wird von der Zellatmung gesprochen. <\/p>\n<p>Die Zellatmung l\u00e4sst sich in drei verschiedene Prozesse unterteilen: <\/p>\n<ul>\n<li><a href=\"#glykolyse\">Glykolyse<\/a><\/li>\n<li><a href=\"#citrat-zyklus\">Citrat-Zyklus<\/a><\/li>\n<li><a href=\"#atmungskette\">Atmungskette<\/a><\/li>\n<\/ul>\n<p>Ziel dieser ganzen Prozesse ist, aus einer energiereichen Verbindung den Energietr\u00e4ger ATP herzustellen. Dabei wird die energiereiche Verbindung zu einer energiearmen Verbindung abgebaut. Energiereiche Verbindungen werden von Pflanzen selbst produziert und von Menschen oder Tieren durch die Nahrung aufgenommen und durch Verdauung zerlegt.<\/p>\n<h2 class=\"anchor\" id=\"glykolyse\">Glykolyse<\/h2>\n<p>Bei der Glykolyse wird der Ausgangsstoff der Zellatmung, ein Glucose-Molek\u00fcl, zu Brenztraubens\u00e4ure (BTS) abgebaut. Dieser Vorgang findet im Zytoplasma von tierischen oder pflanzlichen Zellen statt. Zun\u00e4chst wird das Glucose-Molek\u00fcl (C6H12O6) unter Verbrauch von Energie zu zwei C3-Molek\u00fclen, den 3-Phosphoglycerinaldehyd-Molek\u00fclen, abgebaut. Diese beiden Molek\u00fcle werden dann oxidiert und geben Elektronen auf das Oxidationsmittel NAD+ ab, wodurch dieses zum Reduktionsmittel NADH\/H+ wird. Au\u00dferdem entstehen dabei zwei Molek\u00fcle ATP. Bei der Glykolyse entstehen also zwei Molek\u00fcle Brenztraubens\u00e4ure, zwei Molek\u00fcle NADH\/H+ und zwei Molek\u00fcle ATP.<\/p>\n<h2 class=\"anchor\" id=\"citrat-zyklus\">Citrat-Zyklus<\/h2>\n<p>Steht einem Organismus Sauerstoff zur Verf\u00fcgung, wird dieser im Zuge des Citrat-Zyklus genutzt, um die Brenztraubens\u00e4ure vollst\u00e4ndig abzubauen und auf diese Weise m\u00f6glichst viel Energie zu gewinnen. Der Citrat-Zyklus und auch die darauffolgende Atmungskette finden in den Mitochondrien der Zellen statt. Zu Beginn wird von den Brenztraubens\u00e4ure-Molek\u00fclen Kohlenstoffdioxid abgespalten, wodurch das Kohlenstoffger\u00fcst des Molek\u00fcls abgebaut wird. Dabei wird CO2 als Abfallprodukt frei und es entstehen neue Reduktionsmittel in Form von NADH\/H+. Die C2-Molek\u00fcle8 werden dann an C4-Akzeptormolek\u00fcle gebunden und die Abspaltung von CO2 findet weitere zwei Mal statt. Dabei wird au\u00dferdem ATP gebildet. Danach findet die Regeneration der Akzeptormolek\u00fcle statt, wobei erneut Reduktionsmittel in Form von NADH\/H+ und auch in Form von FADH2 entstehen. Die Bilanz aus dem Citrat-Zyklus sind also 6 Molek\u00fcle CO2, zwei Molek\u00fcle ATP, 8 Molek\u00fcle NADH\/H+ und 2 Molek\u00fcle FADH2.<\/p>\n<h2 class=\"anchor\" id=\"atmungskette\">Atmungskette<\/h2>\n<p>Bei der Atmungskette, oder auch Endoxidation, werden alle bisher entstandenen Reduktionsmittel mithilfe von Sauerstoff (als Elektronenakzeptor) oxidiert, wodurch Wasser abgespalten wird und ATP als Energietr\u00e4ger entsteht. Die freiwerdende Reaktionsenergie bei der Reaktion von Wasserstoff und Sauerstoff zu Wasser wird dabei stufenweise frei, sodass die ATP-Molek\u00fcle aufgebaut werden k\u00f6nnen.<\/p>\n<p>Die Reduktionsmittel NADH\/H+ und FADH2 geben Wasserstoff (H) an sogenannte Redoxsysteme in der inneren Mitochondrienmembran ab, die nebeneinander angeordnet sind. Sie \u00fcbertragen entweder Wasserstoff oder geben Elektronen weiter. Bei jeder dieser \u00dcbertragungen wird ATP gebildet. Am Ende werden Elektronen auf Sauerstoffmolek\u00fcle \u00fcbertragen, die wiederum mit Wasserstoffionen zu Wasser reagieren. Bei der Atmungskette entstehen dabei insgesamt 34 Molek\u00fcle ATP.<\/p>\n<p>In der Gesamtbilanz der Zellatmung ergibt sich aus einem Molek\u00fcl Glucose also 38 ATP bei dem sogenannten aeroben Abbau. Steht einem Organismus kein Sauerstoff zur Verf\u00fcgung, l\u00e4uft nur die Glykolyse ab, an die sich die anaerobe G\u00e4rung anschlie\u00dft. Dieser Prozess der Energiegewinnung ist wesentlich ineffizienter, weshalb die meisten Lebewesen, wenn m\u00f6glich, Sauerstoff bei der Energiegewinnung als Elektronenakzeptor verwenden.<\/p>\n","protected":false},"excerpt":{"rendered":"<p>Die Zellatmung Menschen und Tiere k\u00f6nnen keine eigene Energie produzieren. Sie nehmen daher die energiereichen Verbindungen aus pflanzlicher oder tierischer Nahrung auf. Diese Nahrung wird zerlegt um die so freiwerdende Energie nutzen zu k\u00f6nnen. Auch Pflanzen zerlegen eigens produzierte energiereiche Verbindungen wieder. Die dabei freiwerdende Energie wird f\u00fcr Stoffwechselreaktionen genutzt. Bei dieser Zerlegung von energiereichen [&hellip;]<\/p>\n","protected":false},"author":3,"featured_media":0,"parent":10174,"menu_order":0,"comment_status":"closed","ping_status":"closed","template":"","meta":[],"categories":[59],"tags":[],"yoast_head":"<!-- This site is optimized with the Yoast SEO plugin v14.7 - https:\/\/yoast.com\/wordpress\/plugins\/seo\/ -->\n<title>Zellatmung - Biologie Online-Lernen mit StudyHelp<\/title>\n<meta name=\"description\" content=\"Unter Zellatmung versteht man den Stoffwechselweg, bei dem energiereiche Verbindungen zerlegt- und f\u00fcr Stoffwechselreaktionen genutzt werden. Wichtig: Bei..\" \/>\n<meta name=\"robots\" content=\"index, follow\" \/>\n<meta name=\"googlebot\" content=\"index, follow, max-snippet:-1, max-image-preview:large, max-video-preview:-1\" \/>\n<meta name=\"bingbot\" content=\"index, follow, max-snippet:-1, max-image-preview:large, max-video-preview:-1\" \/>\n<link rel=\"canonical\" href=\"https:\/\/www.studyhelp.de\/online-lernen\/biologie\/zellatmung\/\" \/>\n<meta property=\"og:locale\" content=\"de_DE\" \/>\n<meta property=\"og:type\" content=\"article\" \/>\n<meta property=\"og:title\" content=\"Zellatmung - Biologie Online-Lernen mit StudyHelp\" \/>\n<meta property=\"og:description\" content=\"Unter Zellatmung versteht man den Stoffwechselweg, bei dem energiereiche Verbindungen zerlegt- und f\u00fcr Stoffwechselreaktionen genutzt werden. Wichtig: Bei..\" \/>\n<meta property=\"og:url\" content=\"https:\/\/www.studyhelp.de\/online-lernen\/biologie\/zellatmung\/\" \/>\n<meta property=\"og:site_name\" content=\"StudyHelp Online-Lernen\" \/>\n<meta property=\"article:modified_time\" content=\"2019-02-25T14:48:03+00:00\" \/>\n<meta name=\"twitter:card\" content=\"summary_large_image\" \/>\n<script type=\"application\/ld+json\" class=\"yoast-schema-graph\">{\"@context\":\"https:\/\/schema.org\",\"@graph\":[{\"@type\":\"WebSite\",\"@id\":\"https:\/\/www.studyhelp.de\/online-lernen\/#website\",\"url\":\"https:\/\/www.studyhelp.de\/online-lernen\/\",\"name\":\"StudyHelp Online-Lernen\",\"description\":\"\",\"potentialAction\":[{\"@type\":\"SearchAction\",\"target\":\"https:\/\/www.studyhelp.de\/online-lernen\/?s={search_term_string}\",\"query-input\":\"required name=search_term_string\"}],\"inLanguage\":\"de-DE\"},{\"@type\":\"WebPage\",\"@id\":\"https:\/\/www.studyhelp.de\/online-lernen\/biologie\/zellatmung\/#webpage\",\"url\":\"https:\/\/www.studyhelp.de\/online-lernen\/biologie\/zellatmung\/\",\"name\":\"Zellatmung - Biologie Online-Lernen mit StudyHelp\",\"isPartOf\":{\"@id\":\"https:\/\/www.studyhelp.de\/online-lernen\/#website\"},\"datePublished\":\"2019-02-25T14:41:35+00:00\",\"dateModified\":\"2019-02-25T14:48:03+00:00\",\"description\":\"Unter Zellatmung versteht man den Stoffwechselweg, bei dem energiereiche Verbindungen zerlegt- und f\\u00fcr Stoffwechselreaktionen genutzt werden. Wichtig: Bei..\",\"inLanguage\":\"de-DE\",\"potentialAction\":[{\"@type\":\"ReadAction\",\"target\":[\"https:\/\/www.studyhelp.de\/online-lernen\/biologie\/zellatmung\/\"]}]}]}<\/script>\n<!-- \/ Yoast SEO plugin. -->","_links":{"self":[{"href":"https:\/\/www.studyhelp.de\/online-lernen\/wp-json\/wp\/v2\/pages\/11992"}],"collection":[{"href":"https:\/\/www.studyhelp.de\/online-lernen\/wp-json\/wp\/v2\/pages"}],"about":[{"href":"https:\/\/www.studyhelp.de\/online-lernen\/wp-json\/wp\/v2\/types\/page"}],"author":[{"embeddable":true,"href":"https:\/\/www.studyhelp.de\/online-lernen\/wp-json\/wp\/v2\/users\/3"}],"replies":[{"embeddable":true,"href":"https:\/\/www.studyhelp.de\/online-lernen\/wp-json\/wp\/v2\/comments?post=11992"}],"version-history":[{"count":3,"href":"https:\/\/www.studyhelp.de\/online-lernen\/wp-json\/wp\/v2\/pages\/11992\/revisions"}],"predecessor-version":[{"id":11996,"href":"https:\/\/www.studyhelp.de\/online-lernen\/wp-json\/wp\/v2\/pages\/11992\/revisions\/11996"}],"up":[{"embeddable":true,"href":"https:\/\/www.studyhelp.de\/online-lernen\/wp-json\/wp\/v2\/pages\/10174"}],"wp:attachment":[{"href":"https:\/\/www.studyhelp.de\/online-lernen\/wp-json\/wp\/v2\/media?parent=11992"}],"wp:term":[{"taxonomy":"category","embeddable":true,"href":"https:\/\/www.studyhelp.de\/online-lernen\/wp-json\/wp\/v2\/categories?post=11992"},{"taxonomy":"post_tag","embeddable":true,"href":"https:\/\/www.studyhelp.de\/online-lernen\/wp-json\/wp\/v2\/tags?post=11992"}],"curies":[{"name":"wp","href":"https:\/\/api.w.org\/{rel}","templated":true}]}}