{"id":12338,"date":"2019-04-17T14:58:21","date_gmt":"2019-04-17T12:58:21","guid":{"rendered":"https:\/\/www.studyhelp.de\/online-lernen\/?page_id=12338"},"modified":"2020-02-12T14:54:29","modified_gmt":"2020-02-12T13:54:29","slug":"der-sandmann-zusammenfassung","status":"publish","type":"page","link":"https:\/\/www.studyhelp.de\/online-lernen\/deutsch\/der-sandmann-zusammenfassung\/","title":{"rendered":"Der Sandmann (E.T.A Hoffmann) &#8211; Zusammenfassung"},"content":{"rendered":"<p>Der Sandmann wurde im Jahr 1816 von Ernst Theodor Wilhelm Hoffmann erstver\u00f6ffentlicht und erz\u00e4hlt die Geschichte von Nathanael, der sich vom Sandmann aus seiner Kindheit verfolgt f\u00fchlt.<\/p>\n<p>W\u00e4hrend seiner Kindheit begegnet Nathanael dem Sandmann, der scheinbar seinen Vater get\u00f6tet hat. Jahre sp\u00e4ter taucht der Wetterglash\u00e4ndler Coppola in Nathanaels Leben auf. Seine \u00c4hnlichkeit zum Sandmann l\u00e4sst Nathanael in den Wahnsinn st\u00fcrzen. Was genau mit Nathanael passieren wird, welche Charaktere miteinander verkn\u00fcpft sind und wie sich das Werk zeitgeschichtlich einordnen l\u00e4sst k\u00f6nnt ihr im folgenden Artikel nachlesen.<\/p>\n<p><strong>Themen auf dieser Seite<\/strong><\/p>\n<ul>\n<li><a href=\"#inhaltsangabe-der-goldne-topf\">Inhaltsangabe Der Sandmann<\/a><\/li>\n<li><a href=\"#uebersicht-wichtiger-charaktere\">\u00dcbersicht wichtiger Charaktere<\/a><\/li>\n<li><a href=\"#personenkonstellation\">Personenkonstellation Der Sandmann<\/a><\/li>\n<li><a href=\"#der-sandmann-zeitgeschichtliche-einordnung\">Zeitgeschichtliche Einordnung<\/a><\/li>\n<li><a href=\"#hoffmann-kurzbiografie\">E.T.A. Hoffmann<\/a><\/li>\n<li><a href=\"#hinweise\">Hinweise zum Artikel<\/a><\/li>\n<\/ul>\n<div class=\"lyte-wrapper\" style=\"width:420px;max-width:100%;margin:5px;\"><div class=\"lyMe\" id=\"WYL_qOqqxy7hRSI\"><div id=\"lyte_qOqqxy7hRSI\" data-src=\"https:\/\/www.studyhelp.de\/online-lernen\/wp-content\/plugins\/wp-youtube-lyte\/lyteCache.php?origThumbUrl=%2F%2Fi.ytimg.com%2Fvi%2FqOqqxy7hRSI%2Fhqdefault.jpg\" class=\"pL\"><div class=\"tC\"><div class=\"tT\"><\/div><\/div><div class=\"play\"><\/div><div class=\"ctrl\"><div class=\"Lctrl\"><\/div><div class=\"Rctrl\"><\/div><\/div><\/div><noscript><a href=\"https:\/\/youtu.be\/qOqqxy7hRSI\" rel=\"nofollow\"><img src=\"https:\/\/www.studyhelp.de\/online-lernen\/wp-content\/plugins\/wp-youtube-lyte\/lyteCache.php?origThumbUrl=https%3A%2F%2Fi.ytimg.com%2Fvi%2FqOqqxy7hRSI%2F0.jpg\" alt=\"YouTube-Video-Thumbnail\" width=\"420\" height=\"216\" \/><br \/>Dieses Video auf YouTube ansehen<\/a><\/noscript><\/div><\/div><div class=\"lL\" style=\"max-width:100%;width:420px;margin:5px;\"><\/div><br \/>\n<\/p>\n<h2 id=\"inhaltsangabe-der-sandmann\" class=\"anchor\">Inhaltsangabe Der Sandmann<\/h2>\n<p>E.T.A Hoffmanns romantische Erz\u00e4hlung \u201eDer Sandmann\u201c spiegelt einen zentralen Konflikt seiner Epoche: Es geht um den Widerstreit von Vernunft, Fantasie, Rationalit\u00e4t und Imagination.<\/p>\n<p>Die Erz\u00e4hlung beginnt mit drei Briefen, die dem folgenden Bericht des eigentlichen Ich-Erz\u00e4hlers vorangestellt sind. Im ersten Brief schreibt der Protagonist der Erz\u00e4hlung, der junge, k\u00fcnstlerisch begabte Student Nathanael an seinen Ziehbruder Lothar. In diesem berichtet er von der seltsamen Begegnung mit einem Wetterglash\u00e4ndler Coppola, die ihn in starke seelische Unruhe versetzt habe. Diese k\u00f6nne der gesch\u00e4tzte Lothar nur nachvollziehen, wenn man \u00fcber ein traumatisches Kindheitserlebnis Nathanaels informiert sei. Genau hiervon berichtet der Student nun:<\/p>\n<p>Als Kind sei er, Nathanael, von seiner Mutter regelm\u00e4\u00dfig mit der Drohung ins Bett geschickt worden, dass der Sandmann schon auf dem Wege sei. Eines Abends habe er zum wiederholten Male seltsame Ger\u00e4usche vernommen, f\u00fcr die er keine Erkl\u00e4rung habe. Daher habe er sich heimlich im Zimmer seines Vaters versteckt, weil er \u2013 motiviert durch kindliche Neugier \u2013 habe herausbekommen wollen, was sich hinter der angeblichen M\u00e4rchenfigur des Sandmanns verberge. Tats\u00e4chlich habe er den der Familie verhassten Advokaten (Anwalt) Coppelius als eben diesen Sandmann entlarven k\u00f6nnen. Dieser habe offensichtlich alchemistische Experimente mit seinem eingesch\u00fcchterten Vater vorgenommen. Coppelius habe ihn jedoch entdeckt und ihm mit dem gewaltsamen Entfernen der Augen gedroht. Heute, viele Jahre sp\u00e4ter, habe er eben jenen verhassten Coppelius wieder getroffen. Er trage nun den \u00e4hnlichen Namen Coppola.<\/p>\n<p>Dem ersten Brief Nathanaels schlie\u00dft sich \u2013 ebenfalls in Briefform \u2013 die Antwort Claras, seiner Verlobten, an. Diese hat den eigentlich an ihren Bruder adressierten Brief f\u00e4lschlicherweise erhalten und gelesen. Sie versucht, Nathaniel die Angst zu nehmen, indem sie f\u00fcr das Kindheitserlebnis eine rationale Erkl\u00e4rung gibt: Die Gefahr, die von dem Sandmann ausgehe, sei blo\u00df eingebildet und eine logische Folge psychischer Prozesse. In der Realit\u00e4t gebe es eine solche Figur, die von au\u00dfen auf Nathanael in b\u00f6swilliger Absicht einwirke, nicht. Daher k\u00f6nne er sich beruhigen.<\/p>\n<p>Im weiteren Verlauf werden die Geschehnisse nun von einem Ich-Erz\u00e4hler dargestellt, der sich als Freund des Protagonisten bezeichnet. Er berichtet, wie Nathanaels Glaube an die Wirksamkeit dunkler M\u00e4chte nach und nach zunimmt. Nathanael leidet offensichtlich unter einer Art Verfolgungswahn. Diese ihn und sein Leben bestimmende \u00c4ngste versucht ihm seine Verlobte Clara zu nehmen, was nicht gelingt. Im Gegenteil: Ein von Nathanael mit gro\u00dfer Inbrunst vorgetragenes Gedicht, das die gewaltsame Zerst\u00f6rung seiner Liebe zu Clara zum Inhalt hat, f\u00fchrt zu einem gro\u00dfen Streit, der jedoch am Ende wieder aufgel\u00f6st werden kann, sodass Nathanael gl\u00fccklich an seinen Studienort zur\u00fcckkehrt.<\/p>\n<p>Dort angekommen, wird er ein weiteres Mal vom Wetterglash\u00e4ndler Coppola aufgesucht. Dieser verkauft ihm ein kleines Taschenfernrohr, das Nathanael dazu nutzt, einen heimlichen Blick auf die sagenumwobene Tochter seines Professors Spalanzani zu werden. Das der Gesellschaft vorenthaltene M\u00e4dchen namens Olimpia wohnt in einem Zimmer, das Nathanael von seiner Studentenbude aus im Blick hat. Er beobachtet sie immer h\u00e4ufiger durch sein Fernrohr und verliebt sich in die unbekannte Sch\u00f6ne \u2013 Eine Einladung zum Hausball des Professors kommt da wie gerufen.<\/p>\n<p>Nathanael besucht den Ball und wird bei einem zuf\u00e4lligen Besuch in Spalanzanis Zimmer Augenzeuge eines unerh\u00f6rten Vorgangs: Der Wetterglash\u00e4ndler Coppola ist zu Gast und streitet sich auf grobe Art und Weise mit dem Hausherrn um Olimpia. Die beiden K\u00e4mpfen um das M\u00e4dchen und zerst\u00f6ren es gewaltsam. Nathanael muss erkennen, dass seine gro\u00dfe Liebe in Wirklichkeit nur eine Automatenpuppe ist. Diese schockierenden Eindr\u00fccke sind zu viel f\u00fcr die sensible K\u00fcnstlerseele: Der junge Mann wird wahnsinnig und st\u00fcrzt sich in m\u00f6rderischer Absicht auf Spalanzani, der jedoch entkommen kann.<\/p>\n<p>Nathanael wird in eine Nervenklinik gebracht und wacht nach l\u00e4ngerer Krankheit scheinbar geheilt in Claras Armen auf. Doch dieser Schein tr\u00fcgt: Bei einem Ausflug mit der gl\u00fccklichen Clara auf einen Aussichtsturm erleidet Nathanael einen gravierenden R\u00fcckschlag.<\/p>\n<p>Als er in der sich unter dem Turm versammelnden Menschenmenge den verhassten Advokaten Coppelius erblickt, st\u00fcrzt er sich vom Turm und stirbt.<\/p>\n<p>(Auszug aus dem 1. Kapitel aus <a href=\"https:\/\/www.westermann.de\/artikel\/978-3-14-022572-4\/EinFach-Deutsch-verstehen-E-T-A-Hoffmann-Der-Sandmann\" target=\"_blank\" rel=\"noopener noreferrer\">EinFach Deutsch&#8230; verstehen: E.T.A. Hoffmann: Der Sandmann<\/a>, erschienen im Bildungshaus Schulbuchverlage Westermann Schroedel Diesterweg Sch\u00f6ningh Winklers GmbH)<\/p>\n\n<h2 id=\"uebersicht-wichtiger-charaktere\" class=\"anchor\">\u00dcbersicht wichtiger Charaktere<\/h2>\n<h3>Nathanael<\/h3>\n<ul>\n<li>Hauptfigur der Erz\u00e4hlung<\/li>\n<li>ist ein junger Student<\/li>\n<li>sieht sich als Dichter und Maler<\/li>\n<li>gibt Sandmann schuld an Vaters Tod<\/li>\n<li>h\u00e4lt Coppola f\u00fcr den Sandmann<\/li>\n<li>Trauma aus der Kindheit kommt hervor<\/li>\n<li>Wahnsinn holt ihn am Ende des Werkes ein, worauf er sich in den Tod st\u00fcrzt<\/li>\n<\/ul>\n<h3>Clara<\/h3>\n<ul>\n<li>Verlobte von Nathanael<\/li>\n<li>ist selbstbewusst und glaubt an Vernunft<\/li>\n<li>versucht Nathanael rational zur Vernunft zu bringen<\/li>\n<li>steht mit ihren Werten f\u00fcr die Epoche der Aufkl\u00e4rung<\/li>\n<\/ul>\n<h3>Der Wetterglash\u00e4ndler Coppola<\/h3>\n<ul>\n<li>vermeintlicher M\u00f6rder von Nathanaels Vater<\/li>\n<li>taucht ohne Vorwarnung als Wetterglash\u00e4ndler bei Nathanael auf<\/li>\n<li>Ausl\u00f6ser f\u00fcr Nathanaels R\u00fcckfall in vergangene Emotionen<\/li>\n<li>wird von Nathanael in der Menschenmenge unter dem Turm entdeckt, worauf sich Nathanael in den Tod st\u00fcrzt<\/li>\n<\/ul>\n<p>(Auszug des Kapitels &#8222;Der Blick auf die Figuren: Die Personencharakterisierung&#8220; aus <a href=\"https:\/\/www.westermann.de\/artikel\/978-3-14-022572-4\/EinFach-Deutsch-verstehen-E-T-A-Hoffmann-Der-Sandmann\" target=\"_blank\" rel=\"noopener noreferrer\">EinFach Deutsch&#8230; verstehen: E.T.A. Hoffmann: Der Sandmann<\/a>, erschienen im Bildungshaus Schulbuchverlage Westermann Schroedel Diesterweg Sch\u00f6ningh Winklers GmbH)<br \/>\n<\/p>\n<h2 id=\"personenkonstellation\" class=\"anchor\">Personenkonstellation<\/h2>\n<p><img decoding=\"async\" loading=\"lazy\" class=\"alignnone wp-image-12346 size-full\" src=\"https:\/\/www.studyhelp.de\/online-lernen\/wp-content\/uploads\/2019\/04\/Personenkonstellation-Der-Sandmann.jpg\" alt=\"Personenkonstellation Der Sandmann\" width=\"1290\" height=\"761\" srcset=\"https:\/\/www.studyhelp.de\/online-lernen\/wp-content\/uploads\/2019\/04\/Personenkonstellation-Der-Sandmann.jpg 1290w, https:\/\/www.studyhelp.de\/online-lernen\/wp-content\/uploads\/2019\/04\/Personenkonstellation-Der-Sandmann-300x177.jpg 300w, https:\/\/www.studyhelp.de\/online-lernen\/wp-content\/uploads\/2019\/04\/Personenkonstellation-Der-Sandmann-768x453.jpg 768w, https:\/\/www.studyhelp.de\/online-lernen\/wp-content\/uploads\/2019\/04\/Personenkonstellation-Der-Sandmann-1024x604.jpg 1024w\" sizes=\"(max-width: 1290px) 100vw, 1290px\" \/><\/p>\n<p>(Auszug des Kapitels &#8222;Die Personenkonstellation&#8220; aus <a href=\"https:\/\/www.westermann.de\/artikel\/978-3-14-022572-4\/EinFach-Deutsch-verstehen-E-T-A-Hoffmann-Der-Sandmann\" target=\"_blank\" rel=\"noopener noreferrer\">EinFach Deutsch&#8230; verstehen: E.T.A. Hoffmann: Der Sandmann<\/a>, erschienen im Bildungshaus Schulbuchverlage Westermann Schroedel Diesterweg Sch\u00f6ningh Winklers GmbH)<\/p>\n<h2 id=\"der-sandmann-zeitgeschichtliche-einordnung\" class=\"anchor\">Zeitgeschichtliche Einordnung<\/h2>\n<p>In der Literaturgeschichte wird die Zeit von etwa 1790 bis 1835 als Romantik bezeichnet. Die gel\u00e4ufige Unterscheidung in Fr\u00fch-, Hoch-, und Sp\u00e4tromantik sowie die Jenaer und Heidelberger Romantik dient dem Zweck, in die Vielfalt und Heterogenit\u00e4t der literarisch-k\u00fcnstlerischen Werken Ordnung und Struktur zu bringen.<\/p>\n<p>Die wesentlichen k\u00fcnstlerischen Str\u00f6mungen der Romantik sind nur vor dem Hintergrund der Klassik (ca. 1786 \u2013 1832) und der Aufkl\u00e4rung zu verstehen. Die enge Verwandtschaft mit der Klassik l\u00e4sst sich schon allein dadurch erahnen, dass sich die Romantik mit ihr zeitlich \u00fcberschneidet.<\/p>\n<p>Goethe als klassischer Autor des Romans \u201eWilhelm Meister\u201c wurde anfangs von vielen romantischen Autoren gesch\u00e4tzt, auch die Ich-Zentriertheit und Emotionalit\u00e4t des Goethe\u2019schen St\u00fcrmers und Dr\u00e4ngers Werther begeistern und inspirierten romantische Dichter. Auch Hoffmanns Nathanael ist dem Werther in seiner radikalen Emotionalit\u00e4t und Sensibilit\u00e4t durchaus \u00e4hnlich.<\/p>\n<p>Die Epoche der Aufkl\u00e4rung (etwas 1720 \u2013 1785) hingegen diente vielen Romantikern eher als Negativfolie. Diese behauptete den Vorrang der Vernunft vor dem Gef\u00fchl und betonte zugleich die M\u00fcndigkeit des Menschen, der ein selbstverantwortliches Leben f\u00fchren kann.<\/p>\n<p>Man glaubte also daran, dass man mithilfe der dem Menschen eigenen Vernunft die Dinge der Au\u00dfenwelt durchdringen, verstehen und auf diese Weise beherrschen kann. Den aufkl\u00e4rerischen Gedanken formuliert in Hoffmanns Erz\u00e4hlung \u201eDer Sandmann\u201c vor allem die Figur Clara. Sie erkl\u00e4rt die \u00c4ngste und Vorstellungswelten ihres Verlobten Nathanael allein rational. Wenn Nathanael intensiv genug nachdenke, w\u00fcrde er auch erkennen, dass es den gef\u00fcrchteten Sandmann blo\u00df in seinem Inneren g\u00e4be. Hat er als vern\u00fcnftiger Mensch dies erst einmal erkannt, dann ist die Gefahr auch schon gebannt und l\u00f6st sich in Luft auf.<\/p>\n<p>Haben wir Clara als typische romantische Figur der Erz\u00e4hlung erkannt, so wird schnell deutlich, dass Nathanael selbst als typischer Romantiker ihre Gegenfigur darstellt: Er dichtet, er malt und mithilfe seiner Kunst will er sein Gem\u00fct und seine Lebenswelt erweitern. Dass dieser Plan nicht aufgeht, steht auf einem anderen Blatt und weist darauf hin, dass es kaum m\u00f6glich ist, E.T.A. Hoffmann dem aufkl\u00e4rerischen oder dem romantischen Lager zuzuschreiben.<\/p>\n<p>(Auszug des Kapitels &#8222;Hintergr\u00fcnde&#8220; aus <a href=\"https:\/\/www.westermann.de\/artikel\/978-3-14-022572-4\/EinFach-Deutsch-verstehen-E-T-A-Hoffmann-Der-Sandmann\" target=\"_blank\" rel=\"noopener noreferrer\">EinFach Deutsch&#8230; verstehen: E.T.A. Hoffmann: Der Sandmann<\/a>, erschienen im Bildungshaus Schulbuchverlage Westermann Schroedel Diesterweg Sch\u00f6ningh Winklers GmbH)<\/p>\n<h2 id=\"hoffmann-kurzbiografie\" class=\"anchor\">Kurzbiographie E.T.A. Hoffmann<\/h2>\n<ul>\n<li>voller Name: Ernst Theodor Amadeus Hoffmann<\/li>\n<li>geboren: 24. Januar 1776<\/li>\n<li>von Beruf Beamter &#038; K\u00fcnstler<\/li>\n<li>ber\u00fchmte Werke: Der Goldne Topf, Don Juan, Der Sandmann uvm.<\/li>\n<li>schrieb auch musikalische Werke<\/li>\n<li>starb am 25.06.1822 in Berlin<\/li>\n<\/ul>\n\n<h2 id=\"hinweise\" class=\"anchor\">Hinweise zum Artikel<\/h2>\n<div class=\"box info\">\n<p>Dieser Artikel ist eine deutlich gek\u00fcrzte Fassung. Eine umfangreiche und weitaus detailliertere Analyse zum Werk &#8222;Der Sandmann&#8220; findet ihr <a href=\"https:\/\/www.westermann.de\/artikel\/978-3-14-022572-4\/EinFach-Deutsch-verstehen-E-T-A-Hoffmann-Der-Sandmann\">hier<\/a>. In der Lekt\u00fcrenhilfe findet ihr weitere Hintergr\u00fcnde zu allen Kapitel, Eigenschaften von Charakteren und viel n\u00fctzliches Wissen!<\/p>\n<\/div>\n Ver\u00f6ffentlich am 17.04.2019,  zuletzt aktualisiert: 12.02.2020 von StudyHelp\n","protected":false},"excerpt":{"rendered":"<p>Der Sandmann wurde im Jahr 1816 von Ernst Theodor Wilhelm Hoffmann erstver\u00f6ffentlicht und erz\u00e4hlt die Geschichte von Nathanael, der sich vom Sandmann aus seiner Kindheit verfolgt f\u00fchlt. W\u00e4hrend seiner Kindheit begegnet Nathanael dem Sandmann, der scheinbar seinen Vater get\u00f6tet hat. Jahre sp\u00e4ter taucht der Wetterglash\u00e4ndler Coppola in Nathanaels Leben auf. Seine \u00c4hnlichkeit zum Sandmann l\u00e4sst [&hellip;]<\/p>\n","protected":false},"author":3,"featured_media":0,"parent":8123,"menu_order":0,"comment_status":"closed","ping_status":"closed","template":"","meta":[],"categories":[30],"tags":[],"yoast_head":"<!-- This site is optimized with the Yoast SEO plugin v14.7 - https:\/\/yoast.com\/wordpress\/plugins\/seo\/ -->\n<title>Der Sandmann (E.T.A. Hoffmann) - Zusammenfassung<\/title>\n<meta name=\"description\" content=\"Der Sandmann von E.T.A. Hoffmann. Auf dieser Seite findest du eine ausf\u00fchrliche Inhaltsangabe, Personenkonstellation und \u00dcbersichten wichtiger Charaktere.\" \/>\n<meta name=\"robots\" content=\"index, follow\" \/>\n<meta name=\"googlebot\" content=\"index, follow, max-snippet:-1, max-image-preview:large, max-video-preview:-1\" \/>\n<meta name=\"bingbot\" content=\"index, follow, max-snippet:-1, max-image-preview:large, max-video-preview:-1\" \/>\n<link rel=\"canonical\" href=\"https:\/\/www.studyhelp.de\/online-lernen\/deutsch\/der-sandmann-zusammenfassung\/\" \/>\n<meta property=\"og:locale\" content=\"de_DE\" \/>\n<meta property=\"og:type\" content=\"article\" \/>\n<meta property=\"og:title\" content=\"Der Sandmann (E.T.A. Hoffmann) - Zusammenfassung\" \/>\n<meta property=\"og:description\" content=\"Der Sandmann von E.T.A. Hoffmann. Auf dieser Seite findest du eine ausf\u00fchrliche Inhaltsangabe, Personenkonstellation und \u00dcbersichten wichtiger Charaktere.\" \/>\n<meta property=\"og:url\" content=\"https:\/\/www.studyhelp.de\/online-lernen\/deutsch\/der-sandmann-zusammenfassung\/\" \/>\n<meta property=\"og:site_name\" content=\"StudyHelp Online-Lernen\" \/>\n<meta property=\"article:modified_time\" content=\"2020-02-12T13:54:29+00:00\" \/>\n<meta property=\"og:image\" content=\"https:\/\/www.studyhelp.de\/online-lernen\/wp-content\/uploads\/2019\/04\/Personenkonstellation-Der-Sandmann.jpg\" \/>\n<meta name=\"twitter:card\" content=\"summary_large_image\" \/>\n<script type=\"application\/ld+json\" class=\"yoast-schema-graph\">{\"@context\":\"https:\/\/schema.org\",\"@graph\":[{\"@type\":\"WebSite\",\"@id\":\"https:\/\/www.studyhelp.de\/online-lernen\/#website\",\"url\":\"https:\/\/www.studyhelp.de\/online-lernen\/\",\"name\":\"StudyHelp Online-Lernen\",\"description\":\"\",\"potentialAction\":[{\"@type\":\"SearchAction\",\"target\":\"https:\/\/www.studyhelp.de\/online-lernen\/?s={search_term_string}\",\"query-input\":\"required name=search_term_string\"}],\"inLanguage\":\"de-DE\"},{\"@type\":\"ImageObject\",\"@id\":\"https:\/\/www.studyhelp.de\/online-lernen\/deutsch\/der-sandmann-zusammenfassung\/#primaryimage\",\"inLanguage\":\"de-DE\",\"url\":\"https:\/\/www.studyhelp.de\/online-lernen\/wp-content\/uploads\/2019\/04\/Personenkonstellation-Der-Sandmann.jpg\",\"width\":1290,\"height\":761,\"caption\":\"Personenkonstellation Der Sandmann\"},{\"@type\":\"WebPage\",\"@id\":\"https:\/\/www.studyhelp.de\/online-lernen\/deutsch\/der-sandmann-zusammenfassung\/#webpage\",\"url\":\"https:\/\/www.studyhelp.de\/online-lernen\/deutsch\/der-sandmann-zusammenfassung\/\",\"name\":\"Der Sandmann (E.T.A. Hoffmann) - Zusammenfassung\",\"isPartOf\":{\"@id\":\"https:\/\/www.studyhelp.de\/online-lernen\/#website\"},\"primaryImageOfPage\":{\"@id\":\"https:\/\/www.studyhelp.de\/online-lernen\/deutsch\/der-sandmann-zusammenfassung\/#primaryimage\"},\"datePublished\":\"2019-04-17T12:58:21+00:00\",\"dateModified\":\"2020-02-12T13:54:29+00:00\",\"description\":\"Der Sandmann von E.T.A. Hoffmann. Auf dieser Seite findest du eine ausf\\u00fchrliche Inhaltsangabe, Personenkonstellation und \\u00dcbersichten wichtiger Charaktere.\",\"inLanguage\":\"de-DE\",\"potentialAction\":[{\"@type\":\"ReadAction\",\"target\":[\"https:\/\/www.studyhelp.de\/online-lernen\/deutsch\/der-sandmann-zusammenfassung\/\"]}]}]}<\/script>\n<!-- \/ Yoast SEO plugin. -->","_links":{"self":[{"href":"https:\/\/www.studyhelp.de\/online-lernen\/wp-json\/wp\/v2\/pages\/12338"}],"collection":[{"href":"https:\/\/www.studyhelp.de\/online-lernen\/wp-json\/wp\/v2\/pages"}],"about":[{"href":"https:\/\/www.studyhelp.de\/online-lernen\/wp-json\/wp\/v2\/types\/page"}],"author":[{"embeddable":true,"href":"https:\/\/www.studyhelp.de\/online-lernen\/wp-json\/wp\/v2\/users\/3"}],"replies":[{"embeddable":true,"href":"https:\/\/www.studyhelp.de\/online-lernen\/wp-json\/wp\/v2\/comments?post=12338"}],"version-history":[{"count":22,"href":"https:\/\/www.studyhelp.de\/online-lernen\/wp-json\/wp\/v2\/pages\/12338\/revisions"}],"predecessor-version":[{"id":15637,"href":"https:\/\/www.studyhelp.de\/online-lernen\/wp-json\/wp\/v2\/pages\/12338\/revisions\/15637"}],"up":[{"embeddable":true,"href":"https:\/\/www.studyhelp.de\/online-lernen\/wp-json\/wp\/v2\/pages\/8123"}],"wp:attachment":[{"href":"https:\/\/www.studyhelp.de\/online-lernen\/wp-json\/wp\/v2\/media?parent=12338"}],"wp:term":[{"taxonomy":"category","embeddable":true,"href":"https:\/\/www.studyhelp.de\/online-lernen\/wp-json\/wp\/v2\/categories?post=12338"},{"taxonomy":"post_tag","embeddable":true,"href":"https:\/\/www.studyhelp.de\/online-lernen\/wp-json\/wp\/v2\/tags?post=12338"}],"curies":[{"name":"wp","href":"https:\/\/api.w.org\/{rel}","templated":true}]}}