{"id":12400,"date":"2019-05-20T16:26:51","date_gmt":"2019-05-20T14:26:51","guid":{"rendered":"https:\/\/www.studyhelp.de\/online-lernen\/?page_id=12400"},"modified":"2020-01-30T15:18:51","modified_gmt":"2020-01-30T14:18:51","slug":"nathan-der-weise-zusammenfassung","status":"publish","type":"page","link":"https:\/\/www.studyhelp.de\/online-lernen\/deutsch\/nathan-der-weise-zusammenfassung\/","title":{"rendered":"Nathan der Weise &#8211; Zusammenfassung"},"content":{"rendered":"<p>&#8222;Nathan der Weise&#8220; ist ein Drama von Gotthold Ephraim Lessing, das 1783 in Berlin uraufgef\u00fchrt wurde.<\/p>\n<p>Im folgenden Artikel findest du hilfreiche Informationen, die dein Verst\u00e4ndnis f\u00fcr die Lekt\u00fcre st\u00e4rken. Neben einer Inhaltsangabe haben wir f\u00fcr dich eine Personenkonstellation, eine epochale Einordnung des Dramas und Informationen zu Charakteren sowie dem Autor des St\u00fcckes bereitgestellt.<\/p>\n<p><strong>Themen auf dieser Seite<\/strong><\/p>\n<ul>\n<li><a href=\"#inhaltsangabe-der-goldne-topf\">Inhaltsangabe Nathan der Weise<\/a><\/li>\n<li><a href=\"#uebersicht-wichtiger-charaktere\">\u00dcbersicht wichtiger Charaktere<\/a><\/li>\n<li><a href=\"#personenkonstellation\">Personenkonstellation Nathan der Weise<\/a><\/li>\n<li><a href=\"#der-sandmann-zeitgeschichtliche-einordnung\">Zeitgeschichtliche Einordnung<\/a><\/li>\n<li><a href=\"#lessing-kurzbiografie\">Kurzbiographie Gotthold Ephraim Lessing<\/a><\/li>\n<li><a href=\"#hinweise\">Hinweise zum Artikel<\/a><\/li>\n<\/ul>\n<div class=\"lyte-wrapper\" style=\"width:420px;max-width:100%;margin:5px;\"><div class=\"lyMe\" id=\"WYL_QPp9UqdMLJU\"><div id=\"lyte_QPp9UqdMLJU\" data-src=\"https:\/\/www.studyhelp.de\/online-lernen\/wp-content\/plugins\/wp-youtube-lyte\/lyteCache.php?origThumbUrl=%2F%2Fi.ytimg.com%2Fvi%2FQPp9UqdMLJU%2Fhqdefault.jpg\" class=\"pL\"><div class=\"tC\"><div class=\"tT\"><\/div><\/div><div class=\"play\"><\/div><div class=\"ctrl\"><div class=\"Lctrl\"><\/div><div class=\"Rctrl\"><\/div><\/div><\/div><noscript><a href=\"https:\/\/youtu.be\/QPp9UqdMLJU\" rel=\"nofollow\"><img src=\"https:\/\/www.studyhelp.de\/online-lernen\/wp-content\/plugins\/wp-youtube-lyte\/lyteCache.php?origThumbUrl=https%3A%2F%2Fi.ytimg.com%2Fvi%2FQPp9UqdMLJU%2F0.jpg\" alt=\"YouTube-Video-Thumbnail\" width=\"420\" height=\"216\" \/><br \/>Dieses Video auf YouTube ansehen<\/a><\/noscript><\/div><\/div><div class=\"lL\" style=\"max-width:100%;width:420px;margin:5px;\"><\/div><br \/>\n<\/p>\n<h2 id=\"inhaltsangabe-der-sandmann\" class=\"anchor\">Inhaltsangabe Nathan der Weise<\/h2>\n<p>Jerusalem im Jahr 1192, zur Zeit des dritten Kreuzzugs: Der muslimische Herrscher Saladin hat mit den christlichen Kreuzfahrern ein Waffenstillstandsabkommen getroffen, welches von den Tempelrittern (Tempelherren), einem christlichen Orden, gebrochen wurde. Saladin will das Schweigen der Waffen wiederherstellen und durch geschickte Heiratspolitik festigen.<\/p>\n<p>Drei angesichts dieses fragilen Friedenszustands au\u00dfergew\u00f6hnliche Taten gehen der Dramenhandlung voran: Der Jude Nathan hat nach dem von Christen ver\u00fcbten Mord an seiner Familie die christlich getaufte Tochter seines Freundes Wolf von Filnek aufgenommen und erzieht sie seitdem als seine Tochter. Sultan Saladin hat nach einem Teilsieg \u00fcber christliche Angreifer einen einzigen christlichen Tempelherrn begnadigt, weil dieser seinem verschollenen Bruder Assad \u00e4hnelt. Besagter Tempelherr wiederum hat das mittlerweile jugendliche M\u00e4dchen, Recha, die vermeintliche Tochter Nathans, aus den Flammen des brennenden Hauses Nathans gerettet.<\/p>\n<p>Als Nathan heimkehrt, erf\u00e4hrt er von Daja, der christlichen Gesellschafterin seiner Tochter, von der Rettungstat und will dem Tempelherrn seinen Dank bezeugen. Dies erweist sich aufgrund der tief verwurzelten antij\u00fcdischen Vorurteilen des Tempelherrn jedoch als schwierig und gelingt Nathan erst nach einem intensiven, erzieherischen Gespr\u00e4ch. Der Tempelherr willigt in ein Wiedersehen mit Recha in Nathans Haus ein und verliebt sich sogleich in sie. Als er Nathan st\u00fcrmisch um die Hand seiner vermeintlichen Tochter bittet und dieser ihm seinen Wunsch sogleich gew\u00e4hren will, stellt er die gerade gewonnene Freundschaft wieder infrage. Nathan hat zu diesem Zeitpunkt bereits den Verdacht, dass der Tempelherr Rechas Bruder sein k\u00f6nnte.<\/p>\n<p>Derweil hat Sultan Saladin finanzielle Schwierigkeiten. Seine Schwester Sittah wei\u00df von dem sagenhaften Reichtum Nathans, den man auch \u201eden Weisen\u201c nennt. Sie erdenkt einen Plan, um an sein Geld zu kommen: Saladin solle ihn unter dem Vorwand in den Palast schaffen, von ihm die Antwort auf die Frage der wahren Religion erfahren zu wollen. Durch diese verf\u00e4ngliche Frage in die Enge gedr\u00e4ngt, w\u00e4re es ein Leichtes, an sein Geld zu kommen.<\/p>\n<p>Im Palast antwortet Nathan dem Sultan mit einem \u201eM\u00e4rchen\u201c, der Ringparabel. Er vergleicht dabei die Streitigkeiten um die wahre Religion mit einem Erbstreit von drei S\u00f6hnen um einen Ring. Dieser hat die Kraft, seinen Tr\u00e4ger vor Gott und den Menschen angenehm zu machen. Der Vater hat aus Liebe zu seinen S\u00f6hnen zwei weitere Ringe anfertigen lassen und ihnen auf dem Sterbebett je einen davon vererbt. Ein hinzugezogener Richter verweigert das Urteil, vertagt die Entscheidung um \u201etausend, tausend, Jahre\u201c und gibt den S\u00f6hnen den Rat, die Echtheit ihres Rings bis dahin durch gute Taten an den Menschen zu erweisen. Saladin reagiert besch\u00e4mt und bittet um Nathans Freundschaft. Dieser nimmt an und bietet dem Sultan sein Geld freiwillig in Form eines Kredits an.<\/p>\n<p>Daja, die um die christliche Herkunft Rechas wei\u00df, will diese mit dem Tempelherrn verkuppeln, weil sie hofft, mit beiden in ihre Heimat Europa zur\u00fcckzukehren zu k\u00f6nnen. Als christliche Fanatikerin f\u00fcrchtet sie zudem um das ewige Seelenheil der getauften Christin und will sie ihrer wahren Religion zuf\u00fchren. Als sie von Nathans z\u00f6gerlicher Reaktion h\u00f6rt, er\u00f6ffnet sie dem Tempelherrn die Wahrheit \u00fcber die christliche Herkunft Rechas. Dieser wendet sich sogleich Rat suchend an den christlichen Patriarchen, nennt aber nicht Nathans Namen. Der Patriarch, dem die Annahme des Christenkindes durch einen Andersgl\u00e4ubigen als S\u00fcnde erscheint, will den ungenannten Juden sogleich finden und verbrennen lassen. Er schickt seinen unwilligen Boten, den Klosterbruder, aus, um ihn zu suchen.<\/p>\n<p>Saladin mutma\u00dft, dass der Tempelherr der Sohn seines Bruders Assad und einer Christin und somit sein Neffe ist. Als dieser ihn aufsucht, bietet er ihm deshalb an, im Palast zu bleiben, ist dann aber \u00fcber seinen Bericht \u00fcber die j\u00fcngsten Ereignisse entsetzt. Zwar will er den Tempelherrn darin unterst\u00fctzen, Recha zur Frau zu nehmen, findet aber den Groll des Tempelherrn auf Nathan unverh\u00e4ltnism\u00e4\u00dfig. Seine Schwester Sittah schl\u00e4gt vor, Recha in den Palast holen zu lassen.<\/p>\n<p>Als Nathan dies erf\u00e4hrt, eilt er sogleich hinterher. Auf dem Weg trifft er auf einen zerknirschten Tempelherrn, der zugibt, ihn beinah verraten zu haben. St\u00fcrmisch bittet der Tempelherr ihn erneut um die Hand Rechas. Nathan wiegelt ab und verweist auf einen Bruder, den er zuerst fragen m\u00fcsse und den er im Palast antreffen k\u00f6nne.<\/p>\n<p>Als sie dort angelangen, finden sie Recha aufgel\u00f6st vor. Daja habe ihr er\u00f6ffnet, dass Nathan nicht ihr Vater sei. Dieser bejaht dies, bietet ihr jedoch weiterhin seine geistige Vaterschaft an. Auf die entt\u00e4uschte Reaktion des Tempelherrn, dem Recha wenig Beachtung schenkt, reagiert Nathan mit der Aufkl\u00e4rung der wahren Verwandtschaftsverh\u00e4ltnisse. Beide seien tats\u00e4chlich Geschwister und Kinder seines damalige Freundes Wolf von Filnek. Dieser habe sie nach dem Tod seiner Frau angesichts des Krieges in fremde Obhut geben m\u00fcssen.<\/p>\n<p>In einem Seitengespr\u00e4ch vergewissert sich Saladin bei Nathan, dass es sich bei Wolf von Filnek um seinen verschollenen Bruder Assad handelt. Er erkennt sogleich die Geschwister als Teile seiner Familie an. Es wird deutlich, dass die Juden, die Christen und die Muslime einer gro\u00dfen Familie angeh\u00f6ren. Alle umarmen sich gegenseitig und erkennen, dass sie gemeinsame Wurzeln haben und aufeinander angewiesen sind.<\/p>\n<p>(Auszug aus dem 1. Kapitel aus <a href=\"https:\/\/www.westermann.de\/artikel\/978-3-14-022526-7\/EinFach-Deutsch-verstehen-Gotthold-Ephraim-Lessing-Nathan-der-Weise\" target=\"_blank\" rel=\"noopener noreferrer\">EinFach Deutsch&#8230; verstehen: Gotthold Ephraim Lessing: Nathan der Weise<\/a>, erschienen im Bildungshaus Schulbuchverlage Westermann Schroedel Diesterweg Sch\u00f6ningh Winklers GmbH)<\/p>\n\n<h2 id=\"uebersicht-wichtiger-charaktere\" class=\"anchor\">\u00dcbersicht wichtiger Charaktere<\/h2>\n<h3>Nathan<\/h3>\n<ul>\n<li>Hauptfigur des St\u00fcckes<\/li>\n<li>ist ein reicher, erfolgreicher j\u00fcdischer Kaufmann<\/li>\n<li>lebt gemeinsam mit seiner Ziehtochter Recha und ihrer Gesellschaftlerin Daja<\/li>\n<li>hei\u00dft &#8222;der Weise&#8220;, weil sein Ratschlag bei den Menschen begehrt ist<\/li>\n<li>wird als gro\u00dfz\u00fcgig und tolerant bezeichnet<\/li>\n<li>verk\u00f6rpert mit seinen Eigenschaften die Ideale der Aufkl\u00e4rung<\/li>\n<li>die von ihm aufgestellte Ringparabel zeigt, dass er ein Vordenker seiner Zeit ist<\/li>\n<\/ul>\n<h3>Recha<\/h3>\n<ul>\n<li>ist 18 Jahre jung<\/li>\n<li>wird von Nathan erzogen, obwohl sie Tochter von Saladins Bruder Assad (Wolf von Filnek) ist<\/li>\n<li>genoss eine j\u00fcdische Erziehung, ist getaufte Christin und Tochter eines Muslims<\/li>\n<li>ist die Schwester vom Tempelherrn<\/li>\n<li>akzeptiert jede Religion -&gt; verk\u00f6rpert aufkl\u00e4rerische Gedanken<\/li>\n<\/ul>\n<h3>Al-Hafi<\/h3>\n<ul>\n<li>erscheint im Drama in der Doppelrolle eines Derwischs und als Schatzmeister des Sultans Saladin<\/li>\n<li>war in seiner Vorgeschichte ein enger Freund und Vertrauter Nathans<\/li>\n<li>wurde von Saladin in ein Amt am Hof berufen<\/li>\n<li>hat das Amt nicht aus Prestigegr\u00fcnden, sondern aus innerer \u00dcberzeugung und dem Gef\u00fchl einer moralischen Verpflichtung heraus angenommen<\/li>\n<\/ul>\n<p>(Auszug des Kapitels &#8222;Der Blick auf die Figuren: Die Personencharakterisierung&#8220; aus <a href=\"https:\/\/www.westermann.de\/artikel\/978-3-14-022526-7\/EinFach-Deutsch-verstehen-Gotthold-Ephraim-Lessing-Nathan-der-Weise\" target=\"_blank\" rel=\"noopener noreferrer\">EinFach Deutsch&#8230; verstehen: Gotthold Ephraim Lessing: Nathan der Weise<\/a>, erschienen im Bildungshaus Schulbuchverlage Westermann Schroedel Diesterweg Sch\u00f6ningh Winklers GmbH)<br \/>\n<\/p>\n<h2 id=\"personenkonstellation\" class=\"anchor\">Personenkonstellation<\/h2>\n<p><img decoding=\"async\" loading=\"lazy\" class=\"alignnone wp-image-12422 size-full\" src=\"https:\/\/www.studyhelp.de\/online-lernen\/wp-content\/uploads\/2019\/05\/Nathan-der-Weise.jpg\" alt=\"Nathan der Weise Personenkonstellation\" width=\"1466\" height=\"829\" srcset=\"https:\/\/www.studyhelp.de\/online-lernen\/wp-content\/uploads\/2019\/05\/Nathan-der-Weise.jpg 1466w, https:\/\/www.studyhelp.de\/online-lernen\/wp-content\/uploads\/2019\/05\/Nathan-der-Weise-300x170.jpg 300w, https:\/\/www.studyhelp.de\/online-lernen\/wp-content\/uploads\/2019\/05\/Nathan-der-Weise-768x434.jpg 768w, https:\/\/www.studyhelp.de\/online-lernen\/wp-content\/uploads\/2019\/05\/Nathan-der-Weise-1024x579.jpg 1024w\" sizes=\"(max-width: 1466px) 100vw, 1466px\" \/><\/p>\n<p>(Auszug des Kapitels &#8222;Die Personenkonstellation&#8220; aus <a href=\"https:\/\/www.westermann.de\/artikel\/978-3-14-022526-7\/EinFach-Deutsch-verstehen-Gotthold-Ephraim-Lessing-Nathan-der-Weise\" target=\"_blank\" rel=\"noopener noreferrer\">EinFach Deutsch&#8230; verstehen: Gotthold Ephraim Lessing: Nathan der Weise<\/a>, erschienen im Bildungshaus Schulbuchverlage Westermann Schroedel Diesterweg Sch\u00f6ningh Winklers GmbH)<\/p>\n<h2 id=\"der-sandmann-zeitgeschichtliche-einordnung\" class=\"anchor\">Epochale Einordnung<\/h2>\n<p>\u201eNicht die Wahrheit, in deren Besitz irgend ein Mensch ist oder zu sein vermeinet, sondern die aufrichtige M\u00fche, die er angewandt hat, hinter die Wahrheit zu kommen, macht den Wert des Menschen. Denn nicht durch den Besitz, sondern durch die Nachforschung der Wahrheit erweitern sich seine Kr\u00e4fte, worin allein seine immer wachsende Vollkommenheit bestehet. Der Besitz macht ruhig, tr\u00e4ge, stolz. Wenn Gott in seiner Rechten alle Wahrheit und in seiner Linken den einzigen immer regen Trieb nach Wahrheit, obschon mit dem Zusatze, mich immer und ewig zu irren, verschlossen hielte und spr\u00e4che zu mir: \u201aW\u00e4hle\u2018 \u2013 ich fiele ihm mit Demut in seine Linke und sagte: \u201aVater, gib! Die reine Wahrheit ist ja doch nur f\u00fcr dich allein!\u2018\u201c<\/p>\n<p>Das Zitat zeigt Lessing als Aufkl\u00e4rer. Ihm geht es um das Selbstdenken, das den Menschen vor einer frag- und kritiklosen \u00dcbernahme fremder Wahrheiten bewahrt und ihn hierdurch m\u00fcndig macht. Dahinter steht ein optimistisches Bild vom Menschen, nach welchem er lern- und entwicklungsf\u00e4hig, grunds\u00e4tzlich verstandesbegabt und auf die Vervollkommung seiner guten Eigenschaften hin erziehbar ist. Um den Menschen zur Verwirklichung dieser Ideale zu motivieren, so argumentiert der Autor des \u201eNathan\u201c, sei an seinen Ehrgeiz, seine Neugierde und an das belohnende Vergn\u00fcgen an der Erkenntnis der Wahrheit zu appellieren. Der Erkenntnisgewinn, den der Einzelne anstreben sollte, sei dabei kein Selbstzweck, sondern er verhelfe dazu, eine Verbindung zur Welt herzustellen und sich im Leben zu verankern. Der Mensch, so Lessing, sei nicht zum Vern\u00fcnfteln, sondern zum Tun geschaffen.<\/p>\n<p>Das Gedankengut der Aufkl\u00e4rung findet sich in verschiedenen Formen im Drama, das deshalb h\u00e4ufig auch als Erziehungsdrama oder Ideendrama bezeichnet wird, wieder. Die Idee der Erziehbarkeit des Menschen zum Guten wird an dem durch Nathan angesto\u00dfenen Lern- und Entwicklungsprozess Rechas, des Tempelherrn sowie Saladins exemplarisch entfaltet. Da Recha ihren naiven Wunder- und Engelsglauben, der Tempelherr seine religi\u00f6s motivierte Intoleranz und seine stumpfe Judenfeindlichkeit und Saladin seinen Hochmut und seine Selbstgef\u00e4lligkeit \u00fcberwinden, wird der positive Ausgang der Handlung erst erm\u00f6glicht. Noch erstaunlicher scheint der Weg Nathans zu seiner Weisheit, weil er sie sich nicht durch eine au\u00dfenstehende Erziehergestalt, sondern selbstst\u00e4ndig durch das H\u00f6ren auf die Stimme der Vernunft erwirbt.<\/p>\n<p>Den Idealen der Aufkl\u00e4rung entspricht auch der Lernweg der genannten Figuren: Sie werden nicht durch eine \u00e4u\u00dfere Instanz belehrt, sondern gelangen selbst zu ihrer vernunftgem\u00e4\u00dfen Erkenntnis. Daf\u00fcr brauchen sie einen Dialogpartner wie den weisen Nathan, der ihre festgefahrene Meinung infrage stellt und sie gleichzeitig nicht abwertet.<\/p>\n<p>(Auszug des Kapitels &#8222;Nathan der Weise als Drama der Aufkl\u00e4rung&#8220; aus <a href=\"https:\/\/www.westermann.de\/artikel\/978-3-14-022526-7\/EinFach-Deutsch-verstehen-Gotthold-Ephraim-Lessing-Nathan-der-Weise\" target=\"_blank\" rel=\"noopener noreferrer\">EinFach Deutsch&#8230; verstehen: Gotthold Ephraim Lessing: Nathan der Weise<\/a>, erschienen im Bildungshaus Schulbuchverlage Westermann Schroedel Diesterweg Sch\u00f6ningh Winklers GmbH)<br \/>\n<\/p>\n<h2 id=\"lessing-kurzbiografie\" class=\"anchor\">Kurzbiographie Gotthold Ephraim Lessing<\/h2>\n<ul>\n<li>geboren: 22. Januar 1729<\/li>\n<li>bedeutender Dichter der deutschen Aufkl\u00e4rung<\/li>\n<li>ber\u00fchmte Werke: Nathan der Weise, Emilia Galotti, Minna von Barnhelm uvm.<\/li>\n<li>verfasste unter anderem viele theologiekritische und philosophische Schriften<\/li>\n<li>starb am 15. Februar 1729 in Braunschweig<\/li>\n<\/ul>\n\n<h2 id=\"hinweise\" class=\"anchor\">Hinweise zum Artikel<\/h2>\n<div class=\"box info\">\n<p>Dieser Artikel ist eine deutlich gek\u00fcrzte Fassung. Eine umfangreiche und weitaus detailliertere Analyse zum Werk &#8222;Nathan der Weise&#8220; findest du <a href=\"https:\/\/www.westermann.de\/artikel\/978-3-14-022526-7\/EinFach-Deutsch-verstehen-Gotthold-Ephraim-Lessing-Nathan-der-Weise\">hier<\/a>. In der Lekt\u00fcrenhilfe findest du Hintergr\u00fcnde zu allen Kapitel, Eigenschaften von Charakteren und weiteres n\u00fctzliches Wissen!<\/p>\n<\/div>\n Ver\u00f6ffentlich am 20.05.2019,  zuletzt aktualisiert: 30.01.2020 von StudyHelp\n","protected":false},"excerpt":{"rendered":"<p>&#8222;Nathan der Weise&#8220; ist ein Drama von Gotthold Ephraim Lessing, das 1783 in Berlin uraufgef\u00fchrt wurde. Im folgenden Artikel findest du hilfreiche Informationen, die dein Verst\u00e4ndnis f\u00fcr die Lekt\u00fcre st\u00e4rken. Neben einer Inhaltsangabe haben wir f\u00fcr dich eine Personenkonstellation, eine epochale Einordnung des Dramas und Informationen zu Charakteren sowie dem Autor des St\u00fcckes bereitgestellt. Themen [&hellip;]<\/p>\n","protected":false},"author":3,"featured_media":0,"parent":8123,"menu_order":0,"comment_status":"closed","ping_status":"closed","template":"","meta":[],"categories":[30],"tags":[],"yoast_head":"<!-- This site is optimized with the Yoast SEO plugin v14.7 - https:\/\/yoast.com\/wordpress\/plugins\/seo\/ -->\n<title>Nathan der Weise - Zusammenfassung - StudyHelp Online-Lernen<\/title>\n<meta name=\"robots\" content=\"index, follow\" \/>\n<meta name=\"googlebot\" content=\"index, follow, max-snippet:-1, max-image-preview:large, max-video-preview:-1\" \/>\n<meta name=\"bingbot\" content=\"index, follow, max-snippet:-1, max-image-preview:large, max-video-preview:-1\" \/>\n<link rel=\"canonical\" href=\"https:\/\/www.studyhelp.de\/online-lernen\/deutsch\/nathan-der-weise-zusammenfassung\/\" \/>\n<meta property=\"og:locale\" content=\"de_DE\" \/>\n<meta property=\"og:type\" content=\"article\" \/>\n<meta property=\"og:title\" content=\"Nathan der Weise - Zusammenfassung - StudyHelp Online-Lernen\" \/>\n<meta property=\"og:description\" content=\"&#8222;Nathan der Weise&#8220; ist ein Drama von Gotthold Ephraim Lessing, das 1783 in Berlin uraufgef\u00fchrt wurde. Im folgenden Artikel findest du hilfreiche Informationen, die dein Verst\u00e4ndnis f\u00fcr die Lekt\u00fcre st\u00e4rken. Neben einer Inhaltsangabe haben wir f\u00fcr dich eine Personenkonstellation, eine epochale Einordnung des Dramas und Informationen zu Charakteren sowie dem Autor des St\u00fcckes bereitgestellt. Themen [&hellip;]\" \/>\n<meta property=\"og:url\" content=\"https:\/\/www.studyhelp.de\/online-lernen\/deutsch\/nathan-der-weise-zusammenfassung\/\" \/>\n<meta property=\"og:site_name\" content=\"StudyHelp Online-Lernen\" \/>\n<meta property=\"article:modified_time\" content=\"2020-01-30T14:18:51+00:00\" \/>\n<meta property=\"og:image\" content=\"https:\/\/www.studyhelp.de\/online-lernen\/wp-content\/uploads\/2019\/05\/Nathan-der-Weise.jpg\" \/>\n<meta name=\"twitter:card\" content=\"summary_large_image\" \/>\n<script type=\"application\/ld+json\" class=\"yoast-schema-graph\">{\"@context\":\"https:\/\/schema.org\",\"@graph\":[{\"@type\":\"WebSite\",\"@id\":\"https:\/\/www.studyhelp.de\/online-lernen\/#website\",\"url\":\"https:\/\/www.studyhelp.de\/online-lernen\/\",\"name\":\"StudyHelp Online-Lernen\",\"description\":\"\",\"potentialAction\":[{\"@type\":\"SearchAction\",\"target\":\"https:\/\/www.studyhelp.de\/online-lernen\/?s={search_term_string}\",\"query-input\":\"required name=search_term_string\"}],\"inLanguage\":\"de-DE\"},{\"@type\":\"ImageObject\",\"@id\":\"https:\/\/www.studyhelp.de\/online-lernen\/deutsch\/nathan-der-weise-zusammenfassung\/#primaryimage\",\"inLanguage\":\"de-DE\",\"url\":\"https:\/\/www.studyhelp.de\/online-lernen\/wp-content\/uploads\/2019\/05\/Nathan-der-Weise.jpg\",\"width\":1466,\"height\":829,\"caption\":\"Nathan der Weise Personenkonstellation\"},{\"@type\":\"WebPage\",\"@id\":\"https:\/\/www.studyhelp.de\/online-lernen\/deutsch\/nathan-der-weise-zusammenfassung\/#webpage\",\"url\":\"https:\/\/www.studyhelp.de\/online-lernen\/deutsch\/nathan-der-weise-zusammenfassung\/\",\"name\":\"Nathan der Weise - Zusammenfassung - StudyHelp Online-Lernen\",\"isPartOf\":{\"@id\":\"https:\/\/www.studyhelp.de\/online-lernen\/#website\"},\"primaryImageOfPage\":{\"@id\":\"https:\/\/www.studyhelp.de\/online-lernen\/deutsch\/nathan-der-weise-zusammenfassung\/#primaryimage\"},\"datePublished\":\"2019-05-20T14:26:51+00:00\",\"dateModified\":\"2020-01-30T14:18:51+00:00\",\"inLanguage\":\"de-DE\",\"potentialAction\":[{\"@type\":\"ReadAction\",\"target\":[\"https:\/\/www.studyhelp.de\/online-lernen\/deutsch\/nathan-der-weise-zusammenfassung\/\"]}]}]}<\/script>\n<!-- \/ Yoast SEO plugin. -->","_links":{"self":[{"href":"https:\/\/www.studyhelp.de\/online-lernen\/wp-json\/wp\/v2\/pages\/12400"}],"collection":[{"href":"https:\/\/www.studyhelp.de\/online-lernen\/wp-json\/wp\/v2\/pages"}],"about":[{"href":"https:\/\/www.studyhelp.de\/online-lernen\/wp-json\/wp\/v2\/types\/page"}],"author":[{"embeddable":true,"href":"https:\/\/www.studyhelp.de\/online-lernen\/wp-json\/wp\/v2\/users\/3"}],"replies":[{"embeddable":true,"href":"https:\/\/www.studyhelp.de\/online-lernen\/wp-json\/wp\/v2\/comments?post=12400"}],"version-history":[{"count":10,"href":"https:\/\/www.studyhelp.de\/online-lernen\/wp-json\/wp\/v2\/pages\/12400\/revisions"}],"predecessor-version":[{"id":15506,"href":"https:\/\/www.studyhelp.de\/online-lernen\/wp-json\/wp\/v2\/pages\/12400\/revisions\/15506"}],"up":[{"embeddable":true,"href":"https:\/\/www.studyhelp.de\/online-lernen\/wp-json\/wp\/v2\/pages\/8123"}],"wp:attachment":[{"href":"https:\/\/www.studyhelp.de\/online-lernen\/wp-json\/wp\/v2\/media?parent=12400"}],"wp:term":[{"taxonomy":"category","embeddable":true,"href":"https:\/\/www.studyhelp.de\/online-lernen\/wp-json\/wp\/v2\/categories?post=12400"},{"taxonomy":"post_tag","embeddable":true,"href":"https:\/\/www.studyhelp.de\/online-lernen\/wp-json\/wp\/v2\/tags?post=12400"}],"curies":[{"name":"wp","href":"https:\/\/api.w.org\/{rel}","templated":true}]}}