{"id":13884,"date":"2019-06-25T16:46:04","date_gmt":"2019-06-25T14:46:04","guid":{"rendered":"https:\/\/www.studyhelp.de\/online-lernen\/?page_id=13884"},"modified":"2019-06-26T16:23:11","modified_gmt":"2019-06-26T14:23:11","slug":"umkehrfunktion","status":"publish","type":"page","link":"https:\/\/www.studyhelp.de\/online-lernen\/mathe\/umkehrfunktion\/","title":{"rendered":"Umkehrfunktion"},"content":{"rendered":"<p>Die Umkehrfunktion zur Funktion $f$ wird mit $f^{-1}$ notiert. ($f^{-1} \\neq \\frac{1}{f}$!).<\/p>\n<p>$\\quad f : D\\longrightarrow W{\\ldots}\\notag$<br \/>\n$\\quad f^{-1}:{x}\\longrightarrow{W}{D}{\\ldots}$<\/p>\n<p>Definitions- und Wertebereich drehen sich um. $f^{-1}$ ordnet folglich jeder Zahl aus $W$ sein Urbild aus $D$ zu!<\/p>\n<p>&nbsp;<\/p>\n<p>Es gilt:<\/p>\n<p>$\\quad (f\\circ f^{-1})(x)=(f^{-1}\\circ f)(x)=f\\Bigl(f^{-1}(x)\\Bigr)=f^{-1}\\Bigl(f(x)\\Bigr)=x$<br \/>\n$\\quad \\text{bzw. } f\\circ f^{-1}=f^{-1}\\circ f=\\text{id}_D$<\/p>\n<p>Geometrisch ist deswegen auch der Graph von $f^{-1}$ die Spiegelung des Graphen von $f$ an der Winkelhalbierenden des ersten Quadranten im Koordinatenkreuz (die Winkelhalbierende entspricht dem Graphen der Identit\u00e4tsfunktion ${id}_D:{D}\\longrightarrow ,{id}_{D}(x)$, die jedes $x$ einfach auf sich selbst abbildet. Dies ist der Grund, warum Definitions- und Wertebereich gleich sind.)<\/p>\n<h2 id=\"\" class=\"anchro\">Nachweis Injektivit\u00e4t<\/h2>\n<p>Am Einfachsten zeigen wir hierf\u00fcr strenge Monotonie. Falls im Definitionsbereich der Funktion L\u00fccken auftreten, so kann auch die Monotonie f\u00fcr die Teilintervalle bestimmt werden, danach muss jedoch weiter argumentiert werden, z.B. \u00fcber das Grenzverhalten.<\/p>\n<p>Vorausgesetzt die Funktion hat in $D$ keine Definitionsl\u00fccke:<\/p>\n<ul>\n<li>Funktion ableiten (muss auf $D$ differenzierbar sein)<\/li>\n<li>Ableitung &gt; 0 (evtl. vereinzelte Stellen $=0$ ) $\\Rightarrow$ Funktion streng monoton wachsend auf $D$<\/li>\n<li>Ableitung &lt; 0 (evtl. vereinzelte Stellen $=0$ ) $\\Rightarrow$ Funktion streng monoton fallend auf $D$<\/li>\n<\/ul>\n<p><strong>Beispiel 1<\/strong><\/p>\n<p>Ist $f$ injektiv?<\/p>\n$f:{\\mathbb{R}\\setminus\\{0\\}}{\\mathbb{R}}{\\frac{x^2+3x+3}{x^3}}$\n<p>&nbsp;<\/p>\n<p>$f$ ist differenzierbar auf $\\mathbb{R}\\setminus\\{0\\}$, da es eine gebrochenrationale Funktion ist.<\/p>\n$f'(x)=\\frac{(2x+3)x^3-(x^2+3x+3)\\cdot 3x^2}{x^6}=\\frac{(2x+3)x-(x^2+3x+3)\\cdot 3}{x^4}$\n$=\\frac{-x^2-6x-9}{x^4}=-\\frac{x^2+6x+9}{x^4}$\n<p>&nbsp;<\/p>\n<p>Nenner $x^4$ ist f\u00fcr alle $x\\in\\mathbb{R}\\setminus\\{0\\}$ gr\u00f6\u00dfer Null,<\/p>\n<p>Z\u00e4hler $x^2+6x+9$ stellt als Funktion eine nach oben ge\u00f6ffnete Parabel dar.<\/p>\n<p>&nbsp;<\/p>\n<p>Nullstellen: $x_{1,2}=-3\\pm\\sqrt{3^2-9}=-3$ (doppelte Nullstelle). Also liegt der Scheitelpunkt auf der $x$-Achse.<\/p>\n<p>Also ist auch $x^2+6x+9$ f\u00fcr alle $x\\in\\mathbb{R}\\setminus\\{-3,0\\}$ gr\u00f6\u00dfer Null und f\u00fcr $x=-3$ gleich Null (vereinzelte Stelle darf Null sein ($f$ hat hier eine Sattelstelle)). Damit also $-\\frac{x^2+6x+9}{x^4}&lt;0$ f\u00fcr alle $x\\in\\mathbb{R}\\setminus\\{0\\}$.<\/p>\n<p>$f$ f\u00e4llt also jeweils streng monoton auf den Teilintervallen $(-\\infty,0)$ und $(0,\\infty)$.<\/p>\n<p>&nbsp;<\/p>\n<p>Wenn jetzt $\\lim\\limits_{x \\to -\\infty}{f(x)}\\leq \\lim\\limits_{x \\to \\infty}{f(x)}$ gilt und die Funktion die Grenzwerte f\u00fcr kein $x$ annimmt (so schlie\u00dfen wir das $&#8222;=&#8220;$ im $&#8222;\\leq&#8220;$ f\u00fcr angenommene Funktionswerte aus, denn das darf bei Injektivit\u00e4t f\u00fcr Funktionswerte nicht gelten; f\u00fcr den Grenzwert ist das aber egal), muss $f$ injektiv sein.<\/p>\n<p>$\\lim\\limits_{x \\to -\\infty}{f(x)}=0$ und $\\lim\\limits_{x \\to \\infty}{f(x)}=0$ (Nennergrad $&gt;$ Z\u00e4hlergrad)<\/p>\n<p>$f(x)=0\\ \\Leftrightarrow\\ x^2+3x+3=0\\ \\Leftrightarrow\\ x_{1,2}=-\\frac{3}{2}\\pm\\sqrt{\\frac{9}{4}-\\frac{12}{4}}$, negativer Term unter der Wurzel, also keine L\u00f6sung in $\\mathbb{R}$.<\/p>\n<p>Damit ist $f$ injektiv!<\/p>\n<p><img decoding=\"async\" loading=\"lazy\" class=\"wp-image-13910 aligncenter\" src=\"https:\/\/www.studyhelp.de\/online-lernen\/wp-content\/uploads\/2019\/06\/Umkehrfunktion-Beispiel-300x124.png\" alt=\"Umkehrfunktion Beispiel\" width=\"675\" height=\"279\" srcset=\"https:\/\/www.studyhelp.de\/online-lernen\/wp-content\/uploads\/2019\/06\/Umkehrfunktion-Beispiel-300x124.png 300w, https:\/\/www.studyhelp.de\/online-lernen\/wp-content\/uploads\/2019\/06\/Umkehrfunktion-Beispiel-768x317.png 768w, https:\/\/www.studyhelp.de\/online-lernen\/wp-content\/uploads\/2019\/06\/Umkehrfunktion-Beispiel-1024x423.png 1024w, https:\/\/www.studyhelp.de\/online-lernen\/wp-content\/uploads\/2019\/06\/Umkehrfunktion-Beispiel.png 1216w\" sizes=\"(max-width: 675px) 100vw, 675px\" \/><\/p>\n<h2 class=\"anchor\">Nachweis Surjektivit\u00e4t<\/h2>\n<p>F\u00fcr die Surjektivit\u00e4t gibt es kein allgemein g\u00fcltiges Kochrezept.<\/p>\n<p>Falls nicht explizit auf $x$ umgeformt werden kann &#8222;basteln&#8220; wir uns den Nachweis \u00fcber die Stetigkeit und dem Grenzverhalten der Funktion zusammen.<\/p>\n<p>Um das Grenzverhalten festzustellen wird oft die Regel von l&#8217;hospital angewendet. Ebenfalls wird, wenn z.B. das Grenzverhalten einer Funktion $\\infty$ f\u00fcr $x\\rightarrow\\pm\\infty$ ist auf die Extremstellenberechnung zur\u00fcckgreifen. Wo liegt dann der tiefste Punkt?<\/p>\n<p>$f {:} \\ \\ \\mathbb{R}\\text{ \\ {0}} \\longrightarrow \\mathbb{R}, \\ f(x)={x^2\\sin\\left(\\frac{1}{x}\\right)} \\quad \\quad \\text{ Ziel: Zeige, dass } f(\\mathbb{R}\\text{ \\ {0}})=\\mathbb{R}$ gilt.<\/p>\n<p>$f$ ist auf ganz $\\mathbb{R}\\text{ \\ {0}}$ stetig, da es aus stetigen Funktionen zusammengesetzt ist und kein unbestimmter Ausdruck auftreten kann (z.B. durch 0 teilen etc.)<\/p>\n<p>Grenzverhalten:<br \/>\n\\begin{align*}<br \/>\n&amp;\\lim\\limits_{x \\to \\infty}{x^2\\sin\\left(\\frac{1}{x}\\right)}=&#8220;\\infty\\cdot 0&#8243;&#8218;\\ \\Rightarrow\\ \\lim\\limits_{x \\to \\infty}{\\frac{\\sin\\left(\\frac{1}{x}\\right)}{\\frac{1}{x^2}}}=&#8220;\\frac{0}{0}&#8220;\\\\<br \/>\n\\text{(l.&#8217;h.)}\\Rightarrow\\ &amp;\\lim\\limits_{x \\to \\infty}{\\frac{\\cos\\left(\\frac{1}{x}\\right)\\cdot\\left(-\\frac{1}{x^2}\\right)}{-2\\cdot\\frac{1}{x^3}}}=\\frac{1}{2}\\lim\\limits_{x \\to \\infty}{\\frac{\\cos\\left(\\frac{1}{x}\\right)}{\\frac{1}{x}}}=\\frac{1}{2}\\lim\\limits_{x \\to \\infty}{x\\cdot\\cos\\left(\\frac{1}{x}\\right)}=\\infty\\text{ (&#8222;$\\infty\\cdot 1$&#8222;)}\\\\[4mm]<br \/>\n&amp;\\lim\\limits_{x \\to &#8211; \\infty}{x^2\\sin\\left(\\frac{1}{x}\\right)}=\\ldots=\\frac{1}{2}\\lim\\limits_{x \\to &#8211; \\infty}{x\\cdot\\cos\\left(\\frac{1}{x}\\right)}=-\\infty\\text{ (&#8222;$-\\infty\\cdot 1$&#8220;)}\\\\[4mm]<br \/>\n&amp;\\lim\\limits_{x \\to 0}{x^2\\sin\\left(\\frac{1}{x}\\right)}{=}0\\text{ (da } x^2 \\text{ gegen Null l\u00e4uft und der Sinus beschr\u00e4nkt ist)}<br \/>\n\\end{align*}<\/p>\n<p>Wir wissen zu diesem Zeitpunkt schon, dass f auf jeden Fall alle Werte aus $(-\\infty,0)\\cup(0,\\infty)$ annimmt:<\/p>\n<p>$\\quad$ Intervall $(-\\infty,0)$ aufgrund von $\\lim\\limits_{x \\to &#8211; \\infty}{f(x)}, \\lim\\limits_{x \\to 0}{f(x)}$ und Stetigkeit,<br \/>\n$\\quad$ Intervall $(\\infty,0)$ aufgrund von $\\lim\\limits_{x \\to \\infty}{f(x)}, \\lim\\limits_{x \\to 0}{f(x)}$ und Stetigkeit.<\/p>\n<p>Den Grenzwert 0 f\u00fcr $x\\rightarrow 0$ k\u00f6nnen wir nat\u00fcrlich nicht als Funktionswert verwenden, da $x=0$ nicht im Definitionsbereich liegt. Jetzt k\u00f6nnen wir versuchen, einen $x$-Wert zu finden, f\u00fcr den $f(x)=0$ gilt: $x=\\frac{1}{\\pi}$ liefert das Gew\u00fcnschte:<\/p>\n<p>&nbsp;<\/p>\n$f\\left(\\frac{1}{\\pi}\\right)=\\frac{1}{\\pi^2}\\cdot\\sin\\left(\\frac{1}{\\frac{1}{\\pi}}\\right)=\\frac{1}{\\pi^2}\\cdot\\sin(\\pi)=0$\n<p>(Wie kommen wir auf $\\sin(\\pi)=0$? $x^2$ wird nie Null, falls $x\\neq 0$. Also muss der Sinus herhalten: Nullstellen des Sinus sind $\\ldots-\\pi, 0, \\pi, 2\\pi,\\ldots$ und da im Sinus ein Kehrbruch steht, m\u00fcssen wir die Nullstelle auch in einen Kehrbruch schreiben.)<\/p>\n<p>Also gilt $f(\\mathbb{R}\\text{ \\ {0}})=\\mathbb{R}$ und damit ist $f$ surjektiv!<\/p>\n<p><img decoding=\"async\" loading=\"lazy\" class=\"wp-image-13939 aligncenter\" src=\"https:\/\/www.studyhelp.de\/online-lernen\/wp-content\/uploads\/2019\/06\/Nachweis-Surjektivit\u00e4t-300x132.png\" alt=\"Nachweis Surjektivit\u00e4t\" width=\"614\" height=\"270\" srcset=\"https:\/\/www.studyhelp.de\/online-lernen\/wp-content\/uploads\/2019\/06\/Nachweis-Surjektivit\u00e4t-300x132.png 300w, https:\/\/www.studyhelp.de\/online-lernen\/wp-content\/uploads\/2019\/06\/Nachweis-Surjektivit\u00e4t-768x337.png 768w, https:\/\/www.studyhelp.de\/online-lernen\/wp-content\/uploads\/2019\/06\/Nachweis-Surjektivit\u00e4t-1024x450.png 1024w, https:\/\/www.studyhelp.de\/online-lernen\/wp-content\/uploads\/2019\/06\/Nachweis-Surjektivit\u00e4t.png 1248w\" sizes=\"(max-width: 614px) 100vw, 614px\" \/><\/p>\n<h2 id=\"bestimmung-umkehrfunktion\" class=\"anchor\">Bestimmung Umkehrfunktion<\/h2>\n<p>Wenn Bijektivit\u00e4t nachgewiesen wurde, kann ebenfalls die Umkehrvorschrift $f^{-1}(x)$ bestimmt werden (Achtung: nicht bei allen bijektiven Funktionen ist dies m\u00f6glich!). Daf\u00fcr muss $f(y)=x$ gesetzt und auf $y$ umgeformt werden:<\/p>\n<p>\\begin{align*}<br \/>\n\\begin{array}{rrcl}<br \/>\n&amp;f(y) = y^2+1&amp;=&amp;x\\\\<br \/>\n\\Leftrightarrow\\ &amp;\\quad y^2&amp;=&amp; x-1\\\\<br \/>\n\\Leftrightarrow\\ &amp;\\quad y&amp;=&amp;\\sqrt{x-1} =: f^{-1}(x)\\\\<br \/>\n\\Rightarrow\\ &amp;{f^{-1}} \\ : \\ {[1,\\infty)}\\longrightarrow {[0,\\infty)}, \\ f^{-1}(x)={\\sqrt{x-1}}<br \/>\n\\end{array}<br \/>\n\\end{align*}<\/p>\n<p><img decoding=\"async\" loading=\"lazy\" class=\"wp-image-13948 aligncenter\" src=\"https:\/\/www.studyhelp.de\/online-lernen\/wp-content\/uploads\/2019\/06\/Umkehrfunktion-bestimmen-300x239.png\" alt=\"\" width=\"441\" height=\"351\" srcset=\"https:\/\/www.studyhelp.de\/online-lernen\/wp-content\/uploads\/2019\/06\/Umkehrfunktion-bestimmen-300x239.png 300w, https:\/\/www.studyhelp.de\/online-lernen\/wp-content\/uploads\/2019\/06\/Umkehrfunktion-bestimmen.png 582w\" sizes=\"(max-width: 441px) 100vw, 441px\" \/><\/p>\n<p><strong>Kombiniertes Beispiel:<\/strong><\/p>\n$f: \\ \\mathbb{R} \\longrightarrow {(0,\\infty)}\\ f(x) \\ =\\frac{e^x}{e^{-x}+2}$\n<p>&nbsp;<\/p>\n<p><strong>Injektivit\u00e4t<\/strong><\/p>\n<ul>\n<li>$f$ besitzt keine Polstellen, da Nenner nie Null wird ($e^{-x}+2&gt;0$ f\u00fcr alle $x\\in\\mathbb{R}$).<\/li>\n<li>$f$ ist auf ganz $\\mathbb{R}$ differenzierbar.<\/li>\n<li>Ableiten:<br \/>\n\\begin{align*}&amp;f'(x)=\\frac{\\exp^{x}(\\exp^{-x}+2)-\\text{e}^{x}(-\\exp^{-x})}{(\\exp^{-x}+2)^2}=\\frac{1+2\\exp^{x}+1}{(\\exp^{-x}+2)^2}=2\\cdot\\frac{\\exp^{x}+1}{(\\exp^{-x}+2)^2}<br \/>\n\\end{align*}<\/li>\n<\/ul>\n<p>$f'(x)&gt;0$ f\u00fcr alle $x\\in\\mathbb{R}$. Damit ist $f$ streng monoton steigend und deshalb injektiv.<\/p>\n<p>&nbsp;<\/p>\n<p><strong>Surjektivit\u00e4t<\/strong><\/p>\n<ul>\n<li>$f$ ist stetig, da aus stetigen Funktionen zusammengesetzt.<\/li>\n<li>$\\lim\\limits_{x\\to \\infty}{f(x)}=0\\ ,\\ \\lim\\limits_{x\\to \\infty}=\\infty$<\/li>\n<\/ul>\n<p>Der ganze Wertebereich wird von $f(x)$ erreicht und damit ist $f$ surjektiv.<\/p>\n<p><img decoding=\"async\" loading=\"lazy\" class=\" wp-image-13953 aligncenter\" src=\"https:\/\/www.studyhelp.de\/online-lernen\/wp-content\/uploads\/2019\/06\/Surjektivit\u00e4t-300x243.png\" alt=\"Surjektivit\u00e4t\" width=\"451\" height=\"365\" srcset=\"https:\/\/www.studyhelp.de\/online-lernen\/wp-content\/uploads\/2019\/06\/Surjektivit\u00e4t-300x243.png 300w, https:\/\/www.studyhelp.de\/online-lernen\/wp-content\/uploads\/2019\/06\/Surjektivit\u00e4t.png 624w\" sizes=\"(max-width: 451px) 100vw, 451px\" \/><\/p>\n<p>$f$ ist also bijektiv und besitzt daher eine Umkehrfunktion $f^{-1}$<\/p>\n${f^{-1}}{x}{(0,\\infty)}\\mathbb{R}{\\ldots}$\n<p>\\begin{align*}<br \/>\n&amp;&amp;f(y) = \\frac{\\exp^y}{\\exp^{-y}+2}&amp;=x\\quad\\left|\\right.\\text{ Bruch erweitern mit }\\exp^y\\\\ \\\\<br \/>\n\\Leftrightarrow\\ &amp;&amp;\\quad \\frac{\\exp^{2y}}{1+2\\exp^y}&amp;= x\\\\ \\\\<br \/>\n\\Leftrightarrow\\ &amp;&amp;\\quad \\exp^{2y}-2x\\exp^y-x&amp;= 0\\\\ \\\\<br \/>\n\\Leftrightarrow\\ &amp;&amp;\\quad \\exp^y_{1,2}&amp;= x\\pm\\sqrt{x^2+x}\\stackrel{!}{&gt;}0\\quad \\text{da} \\exp^y&gt;0\\ \\forall y\\in\\mathbb{R}\\\\ \\\\<br \/>\n\\Leftrightarrow\\ &amp;&amp;\\quad \\exp^y&amp;= x+\\sqrt{x^2+x}\\\\ \\\\<br \/>\n\\Leftrightarrow\\ &amp;&amp;\\quad y&amp;= \\ln\\left(x+\\sqrt{x^2+x}\\right)=:f^{-1}(x)\\\\ \\\\ \\\\<br \/>\n\\Rightarrow\\ &amp;&amp;\\quad {f^{-1}}:{(0,\\infty)}\\rightarrow\\mathbb{R}, {f^{-1}}(x)={\\ln\\left(x+\\sqrt{x^2+x}\\right)}<br \/>\n\\end{align*}<\/p>\n","protected":false},"excerpt":{"rendered":"<p>Die Umkehrfunktion zur Funktion wird mit notiert. (!). Definitions- und Wertebereich drehen sich um. ordnet folglich jeder Zahl aus sein Urbild aus zu! &nbsp; Es gilt: Geometrisch ist deswegen auch der Graph von die Spiegelung des Graphen von an der Winkelhalbierenden des ersten Quadranten im Koordinatenkreuz (die Winkelhalbierende entspricht dem Graphen der Identit\u00e4tsfunktion , die [&hellip;]<\/p>\n","protected":false},"author":3,"featured_media":0,"parent":6291,"menu_order":0,"comment_status":"closed","ping_status":"closed","template":"","meta":[],"categories":[64],"tags":[],"yoast_head":"<!-- This site is optimized with the Yoast SEO plugin v14.7 - https:\/\/yoast.com\/wordpress\/plugins\/seo\/ -->\n<title>Umkehrfunktion verst\u00e4ndlich erkl\u00e4rt - StudyHelp Online-Lernen<\/title>\n<meta name=\"description\" content=\"Das Thema Umkehrfunktion wirkt auf den ersten Blick sehr kompliziert. Auf dieser Seite findest du eine leicht Verst\u00e4ndliche Erkl\u00e4rung und Beispielaufgaben.\" \/>\n<meta name=\"robots\" content=\"index, follow\" \/>\n<meta name=\"googlebot\" content=\"index, follow, max-snippet:-1, max-image-preview:large, max-video-preview:-1\" \/>\n<meta name=\"bingbot\" content=\"index, follow, max-snippet:-1, max-image-preview:large, max-video-preview:-1\" \/>\n<link rel=\"canonical\" href=\"https:\/\/www.studyhelp.de\/online-lernen\/mathe\/umkehrfunktion\/\" \/>\n<meta property=\"og:locale\" content=\"de_DE\" \/>\n<meta property=\"og:type\" content=\"article\" \/>\n<meta property=\"og:title\" content=\"Umkehrfunktion verst\u00e4ndlich erkl\u00e4rt - StudyHelp Online-Lernen\" \/>\n<meta property=\"og:description\" content=\"Das Thema Umkehrfunktion wirkt auf den ersten Blick sehr kompliziert. Auf dieser Seite findest du eine leicht Verst\u00e4ndliche Erkl\u00e4rung und Beispielaufgaben.\" \/>\n<meta property=\"og:url\" content=\"https:\/\/www.studyhelp.de\/online-lernen\/mathe\/umkehrfunktion\/\" \/>\n<meta property=\"og:site_name\" content=\"StudyHelp Online-Lernen\" \/>\n<meta property=\"article:modified_time\" content=\"2019-06-26T14:23:11+00:00\" \/>\n<meta property=\"og:image\" content=\"https:\/\/www.studyhelp.de\/online-lernen\/wp-content\/uploads\/2019\/06\/Umkehrfunktion-Beispiel-300x124.png\" \/>\n<meta name=\"twitter:card\" content=\"summary_large_image\" \/>\n<script type=\"application\/ld+json\" class=\"yoast-schema-graph\">{\"@context\":\"https:\/\/schema.org\",\"@graph\":[{\"@type\":\"WebSite\",\"@id\":\"https:\/\/www.studyhelp.de\/online-lernen\/#website\",\"url\":\"https:\/\/www.studyhelp.de\/online-lernen\/\",\"name\":\"StudyHelp Online-Lernen\",\"description\":\"\",\"potentialAction\":[{\"@type\":\"SearchAction\",\"target\":\"https:\/\/www.studyhelp.de\/online-lernen\/?s={search_term_string}\",\"query-input\":\"required name=search_term_string\"}],\"inLanguage\":\"de-DE\"},{\"@type\":\"ImageObject\",\"@id\":\"https:\/\/www.studyhelp.de\/online-lernen\/mathe\/umkehrfunktion\/#primaryimage\",\"inLanguage\":\"de-DE\",\"url\":\"https:\/\/www.studyhelp.de\/online-lernen\/wp-content\/uploads\/2019\/06\/Umkehrfunktion-Beispiel.png\",\"width\":1216,\"height\":502,\"caption\":\"Umkehrfunktion Beispiel\"},{\"@type\":\"WebPage\",\"@id\":\"https:\/\/www.studyhelp.de\/online-lernen\/mathe\/umkehrfunktion\/#webpage\",\"url\":\"https:\/\/www.studyhelp.de\/online-lernen\/mathe\/umkehrfunktion\/\",\"name\":\"Umkehrfunktion verst\\u00e4ndlich erkl\\u00e4rt - StudyHelp Online-Lernen\",\"isPartOf\":{\"@id\":\"https:\/\/www.studyhelp.de\/online-lernen\/#website\"},\"primaryImageOfPage\":{\"@id\":\"https:\/\/www.studyhelp.de\/online-lernen\/mathe\/umkehrfunktion\/#primaryimage\"},\"datePublished\":\"2019-06-25T14:46:04+00:00\",\"dateModified\":\"2019-06-26T14:23:11+00:00\",\"description\":\"Das Thema Umkehrfunktion wirkt auf den ersten Blick sehr kompliziert. Auf dieser Seite findest du eine leicht Verst\\u00e4ndliche Erkl\\u00e4rung und Beispielaufgaben.\",\"inLanguage\":\"de-DE\",\"potentialAction\":[{\"@type\":\"ReadAction\",\"target\":[\"https:\/\/www.studyhelp.de\/online-lernen\/mathe\/umkehrfunktion\/\"]}]}]}<\/script>\n<!-- \/ Yoast SEO plugin. -->","_links":{"self":[{"href":"https:\/\/www.studyhelp.de\/online-lernen\/wp-json\/wp\/v2\/pages\/13884"}],"collection":[{"href":"https:\/\/www.studyhelp.de\/online-lernen\/wp-json\/wp\/v2\/pages"}],"about":[{"href":"https:\/\/www.studyhelp.de\/online-lernen\/wp-json\/wp\/v2\/types\/page"}],"author":[{"embeddable":true,"href":"https:\/\/www.studyhelp.de\/online-lernen\/wp-json\/wp\/v2\/users\/3"}],"replies":[{"embeddable":true,"href":"https:\/\/www.studyhelp.de\/online-lernen\/wp-json\/wp\/v2\/comments?post=13884"}],"version-history":[{"count":75,"href":"https:\/\/www.studyhelp.de\/online-lernen\/wp-json\/wp\/v2\/pages\/13884\/revisions"}],"predecessor-version":[{"id":13976,"href":"https:\/\/www.studyhelp.de\/online-lernen\/wp-json\/wp\/v2\/pages\/13884\/revisions\/13976"}],"up":[{"embeddable":true,"href":"https:\/\/www.studyhelp.de\/online-lernen\/wp-json\/wp\/v2\/pages\/6291"}],"wp:attachment":[{"href":"https:\/\/www.studyhelp.de\/online-lernen\/wp-json\/wp\/v2\/media?parent=13884"}],"wp:term":[{"taxonomy":"category","embeddable":true,"href":"https:\/\/www.studyhelp.de\/online-lernen\/wp-json\/wp\/v2\/categories?post=13884"},{"taxonomy":"post_tag","embeddable":true,"href":"https:\/\/www.studyhelp.de\/online-lernen\/wp-json\/wp\/v2\/tags?post=13884"}],"curies":[{"name":"wp","href":"https:\/\/api.w.org\/{rel}","templated":true}]}}