{"id":15304,"date":"2020-01-08T15:33:35","date_gmt":"2020-01-08T14:33:35","guid":{"rendered":"https:\/\/www.studyhelp.de\/online-lernen\/?page_id=15304"},"modified":"2024-09-13T12:20:53","modified_gmt":"2024-09-13T10:20:53","slug":"nouns-und-substantive-englische-wortarten","status":"publish","type":"page","link":"https:\/\/www.studyhelp.de\/online-lernen\/englisch\/nouns-und-substantive-englische-wortarten\/","title":{"rendered":"Nouns und Substantive &#8211; Englische Wortarten"},"content":{"rendered":"<p>Ein <i>Noun<\/i>, auch Substantiv genannt, ist ein Wort, das etwas benennt: entweder eine Person, einen Ort oder eine Sache.<\/p>\n<p>Nouns z\u00e4hlen zu den am h\u00e4ufigsten vorkommenden W\u00f6rter in der englischen Sprache. Aus diesem Grund widmen wir dieser Wortart einen etwas ausf\u00fchrlicheren Artikel!<\/p>\n<p><strong>Inhaltsverzeichnis<\/strong><\/p>\n<ul>\n<li><a href=\"#was-sind-nouns\">Was sind Nouns (Substantive)?<\/a><\/li>\n<li><a href=\"#regeln-f\u00fcr-substantive\">Regeln f\u00fcr Substantive\/Nouns<\/a>\n<ul>\n<li><a href=\"#gro\u00df-und-kleinschreibung-von-substantiven\">Gro\u00df- und Kleinschreibung von Subtantiven<\/a><\/li>\n<li><a href=\"#plural-von-substantiven-bilden\">Plural von Substantiven bilden<\/a><\/li>\n<\/li>\n<\/ul>\n<\/li>\n<li><a href=\"#kategorien-von-substantiven\">Kategorien von Substantiven<\/a>\n<ul>\n<li><a href=\"#was-sind-common-nouns>Was sind <em>common nouns<\/em>?<\/a><\/li>\n<li><a href=\"#was-sind-proper-nouns\">Was sind <em>proper nouns<\/em>?<\/a><\/li>\n<li><a href=\"#was-sind-countable-nouns\">Was sind <em>countable nouns<\/em>?<\/a><\/li>\n<li><a href=\"#was-sind-uncountable-nouns\">Was sind <em>uncountable nouns<\/em>?<\/a><\/li>\n<li><a href=\"#was-sind-collective-nouns\">Was sind <em>collective nouns<\/em>?<\/a><\/li>\n<\/li>\n<\/ul>\n<\/ul>\n<h2 class=anchor id=\"was-sind-nouns\">Was sind <em>Nouns<\/em> (Substantive)?<\/h2>\n<p>Allgemein nutzen wir <em>nouns<\/em>, um Personen und Gegenst\u00e4nde zu identifizieren, zum Beispiel girl, car oder elephant. Letztendlich nutzen wir sie aber noch f\u00fcr viel mehr. Zust\u00e4nde (happiness, relaxation, sadness) sind beispielsweise auch Substantive.<\/p>\n<p>Im Deutschen sind Substantive leicht zu erkennen, denn sie beginnen mit einem gro\u00dfen Anfangsbuchstaben. Diesen Luxus haben wir in der Englischen Sprache nicht, denn hier werden Substantive NICHT gro\u00df geschrieben! Ein Substantiv kannst du am einfachsten finden, wenn du dir folgende Frage stellst: K\u00f6nnen wir einen Artikel davor setzen? Ja?<\/p>\n<p>Dann ist es ein Substantiv!<\/p>\n<p>Wie viele Substantive kannst du in folgendem Beispielsatz finden?<br \/>\n&nbsp;<\/p>\n<p style=\"text-align: center;\"><em><strong>My grandma likes to cook.<\/strong><\/em><\/p>\n<p>&nbsp;<\/p>\n<p>In diesem Satz finden wir nur ein Substantiv, n\u00e4mlich eine Person: <em>grandma<\/em>. Gegenst\u00e4nde oder Zust\u00e4nde k\u00f6nnen wir in diesem Satz nicht finden.<\/p>\n<p>Wie ist es mit diesem Satz?<\/p>\n<p>&nbsp;<\/p>\n<p style=\"text-align: center;\"><strong><em>My grandma likes to cook delicious chocolate pudding.<\/em><\/strong><\/p>\n<p>&nbsp;<\/p>\n<p>In diesem Satz k\u00f6nnen wir zwei Substantive entdecken, eine Person und einen Gegenstand:<br \/>\n<em>grandma<\/em> und <em>chocolate pudding<\/em>. <em>Chocolate pudding<\/em> ist ein sogenanntes <em>compound noun<\/em> &#8211; ein zusammengesetztes Substantiv.<\/p>\n<p><em>Delicious<\/em> sieht auf den ersten Blick aus wie ein Zustand, beschreibt aber den<em> chocolate pudding<\/em> nur genauer und z\u00e4hlt somit zu den Adjektiven.<\/p>\n<p>Erweitern wir den Satz noch ein kleines bisschen. Wie viele Substantive findest du in diesem Satz?<\/p>\n<p>&nbsp;<\/p>\n<p style=\"text-align: center;\"><strong><em>My grandma is filled with joy when she cooks delicious chocolate pudding.<\/em><\/strong><\/p>\n<p>&nbsp;<\/p>\n<p>Zus\u00e4tzlich finden wir hier noch das Wort <em>joy<\/em>, die Freude. <em>Joy<\/em> ist ein Zustand und z\u00e4hlt somit zu den Substantiven.<\/p>\n<div class=\"box info\">\n<strong><em>Nouns<\/em> often end with:<\/strong><\/p>\n<ol>\n<li> -ion<\/li>\n<li> -ment<\/li>\n<li> -ness<\/li>\n<li> -ity<\/li>\n<\/ol>\n<\/div>\n<hr>\n<h2 class=\"anchor\" id=\"regeln-f\u00fcr-substantive\">Regeln f\u00fcr Substantive (<em>Nouns<\/em>)<\/h2>\n<h3 class=\"anchor\" id=\"gro\u00df-und-kleinschreibung-von-substantiven\">Gro\u00df- und Kleinschreibung von Subtantiven<\/h3>\n<p>Im Englischen werden Substantive immer klein geschrieben. Hier gibt es jedoch einige Ausnahmen, bei denen auch im Englischen Substantive gro\u00df geschrieben werden. <\/p>\n<p>Darunter fallen folgende Kategorien:<\/p>\n<ul>\n<li>Das Personalpronomen &#8222;I&#8220;<\/li>\n<li>Wochentage (Monday, Tuesday)<\/li>\n<li>Nationalit\u00e4ten (German, Spanish)<\/li>\n<li>Eigennamen\n<ul>\n<li>Firmennamen (Google, Apple)<\/li>\n<li>L\u00e4nder &#038; St\u00e4dte (Belgium, Berlin, New York)<\/li>\n<li>Sehensw\u00fcrdigkeiten (Statue of Liberty, Golden Gate Bridge)<\/li>\n<li>B\u00fccher (the Bible)<\/li>\n<li>Filme (Oceans&#8217;s Eleven)<\/li>\n<li>Namen von Personen (Arnold Schwarzenegger)<\/li>\n<li>Fl\u00fcsse, Meere, bekannte Orte..<\/li>\n<\/li>\n<\/ul>\n<\/ul>\n<h3 class=\"anchor\" id=\"plural-von-substantiven-bilden\">Plural von Substantiven bilden<\/h3>\n<p>Die meisten Substantive werden in den Plural umgewandelt indem ihnen ein <strong>-s<\/strong> ans Ende gehangen wird. Jedoch gibt es viele weitere Regeln die bestimmen, wie die Endung des Plural aussieht. Dabei h\u00e4ngt es davon ab welcher Buchstabe am Ende des Substantivs steht.<\/p>\n<p>Schauen wir uns in aller Ruhe alle Regeln an:<\/p>\n<ol>\n<li><strong>Normale Substantive in Pluralform umwandeln<\/strong>\n<p>Um &#8222;normale Substantive&#8220; in den Plural umzuwandeln musst du lediglich ein -s an das Ende des Substantives setzen.<\/p>\n<p>car &#8211; cars<\/p>\n<p>book &#8211; books<\/p>\n<p>game &#8211; games\n<\/li>\n<li><strong>Substantive, die auf \u2011s, -ss, -sh, -ch, -x, oder -z enden in Pluralform umwandeln<\/strong><br \/>\nAn dieser Stelle musst du einfach die passenden Pluralformen zu den Endungen auswendig lernen.<br \/>\n&nbsp;<br \/>\nbusiness &#8211; businesses<\/p>\n<p>bus &#8211; buses<\/p>\n<p>brush &#8211; brushes<\/p>\n<p>lunch &#8211; lunches<\/p>\n<p>tax &#8211; taxes<\/p>\n<p>blitz &#8211; blitzes\n<\/li>\n<li><strong>Seltene F\u00e4lle f\u00fcr Substantive, die auf -s oder -z enden<\/strong><br \/>\nIn einigen sehr seltenen F\u00e4llen m\u00fcssen Substantive die auf -s oder -z mit einem doppelten -ss oder -zz in die Pluralform umgewandelt werden<br \/>\n&nbsp;<br \/>\nfez &#8211; fezzes<\/p>\n<p>gas &#8211; gasses\n<\/li>\n<li><strong>Substantive, die auf -f oder -fe enden<\/strong><br \/>\nWie du bestimmt schon bemerkt hast, gib es bei der Bildung eines Plurals verschiedene Ausnahmen, so auch hier bei einigen Substantiven, die auf -f oder -fe enden. Aber zuerst die &#8222;Nichtausnahmen&#8220;.<br \/>\n&nbsp;<br \/>\nleaf &#8211; leaves<\/p>\n<p>wolf &#8211; wolves<\/p>\n<p>life &#8211; lives<\/p>\n<p>knife &#8211; knives<\/p>\n<p><strong>Ausnahmen<\/strong><br \/>\n&nbsp;<br \/>\nchief \u2013 chiefs<\/p>\n<p>roof \u2013 roofs<\/p>\n<p>belief \u2013 beliefs<\/p>\n<p>chef \u2013 chefs\n<\/li>\n<li><strong>Falls ein Substantiv auf -y endet und vor dem y ein Konsonant steht, muss daraus ein -ies geformt werden.<\/strong><br \/>\n&nbsp;<br \/>\ncity &#8211; cities<\/p>\n<p>puppy &#8211; puppies\n<\/li>\n<li><strong>Falls ein Substantiv auf -y endet und vor dem y ein Vokal steht wird nur ein s an das -y gef\u00fcgt.<\/strong><br \/>\nkey &#8211; keys<\/p>\n<p>boy &#8211; boys\n<\/li>\n<li><strong>Um Substantive, die auf -o enden, in die Pluralform zu bringen wird ihnen ein -es angeh\u00e4ngt.<\/strong><br \/>\nhero &#8211; heroes <\/p>\n<p>potato &#8211; potatoes<\/p>\n<p>tomato &#8211; tomatoes<\/p>\n<p>echo &#8211; echoes<\/p>\n<p><strong>Aber auch hier gibt es Ausnahmen, die du kennen solltest:<\/strong><br \/>\nphoto &#8211; photos<\/p>\n<p>piano &#8211; pianos<\/p>\n<p>tattoo &#8211; tattoos<\/p>\n<p>zoo &#8211; zoos\n<\/li>\n<li><strong>Substantive mit -us Endungen werden im Plural in -i umgeformt.<\/strong><br \/>\ncactus &#8211; cacti<\/p>\n<p>focus &#8211; foci\n<\/li>\n<li><strong>Endet das Substantiv mit -is, wird daraus in der Pluralform -es.<\/strong><br \/>\nanalysis &#8211; analyses<\/p>\n<p>ellipsis &#8211; ellipses\n<\/li>\n<li><strong>Substantiv mit -on Endung bekommen in der Pluralform eine-a Endung.<\/strong><br \/>\nphenomenom &#8211; phenomena<\/p>\n<p>criterion &#8211; criteria\n<\/li>\n<li><strong>Eine Substantive \u00e4ndern ihre Form \u00fcberhaupt nicht<\/strong><br \/>\n&nbsp;<br \/>\nsheep \u2013 sheep<\/p>\n<p>series \u2013 series<\/p>\n<p>species \u2013 species<\/p>\n<p>deer \u2013deer\n<\/li>\n<\/ol>\n<h2 class=\"anchor\" id=\"kategorien-von-substantiven\">Kategorien von Substantiven<\/h2>\n<p>Es existieren verschiedene Kategorien, in die Substantive eingeordnet werden k\u00f6nnen. Eine klare Abgrenzung der Kategorien ist meistens nicht m\u00f6glich, da sich viele Kategorien \u00fcberschneiden. Wir schauen uns im Folgenden die verschiedenen Kategorien an. Pr\u00e4gt euch diese im besten Fall direkt mit den englischen Begriffen ein, denn eine 1:1 \u00dcbersetzung ins Deutsche macht teilweise keinen Sinn.<\/p>\n<h3 class=\"anchor\" id=\"was-sind-common-nouns>Was sind <em>common nouns<\/em>?<\/p>\n<h3>\n<em>Common nouns<\/em> sind W\u00f6rter, die sich auf generelle Dinge, Orte oder nicht-spezifizierte Personen beziehen. Es kann gesagt werden, dass <em>common nouns<\/em> immer auf Klassen von Dingen beziehen. Wichtig zu wissen ist, dass <em>common nouns<\/em> <strong>nicht<\/strong> gro\u00df geschrieben werden!<\/p>\n<p>Beispiele zu <em>common nouns<\/em>:<\/p>\n<ul>\n<li> <em>Tom is going to read a book in <strong>the evening<\/strong>.<\/em><\/li>\n<li> <em>My <strong>friend<\/strong> will come too.<\/em><\/li>\n<li> <em>My <strong>cup<\/strong> glass is emtpy.<\/em><\/li>\n<\/ul>\n<h3 class=\"anchor\" id=\"was-sind-proper-nouns\">Was sind <em>proper nouns<\/em>?<\/h3>\n<p><em>Proper nouns<\/em> sind W\u00f6rter, die sich auf klar identifizierbare Dinge oder Personen beziehen. <em>Proper nouns<\/em> werden <strong>immer<\/strong> gro\u00dfgeschrieben.<\/p>\n<p>Beispiele zu <em>proper nouns<\/em>:<\/p>\n<ul>\n<li> Patrick, Carlo, Maximilian, Daniel<\/li>\n<li> Paris, Berlin, London<\/li>\n<li> England, Belgien, Spanien<\/li>\n<li> <em><strong>Patrick<\/strong> is a friend who lives in <strong>Paderborn<\/strong>.<\/em><\/li>\n<li> <em>My friend <strong>Carlo<\/strong> loves to drink a large pint of lager.<\/em><\/li>\n<\/ul>\n<p>&nbsp;<\/p>\n<h3 class=\"anchor\" id=\"was-sind-concrete-nouns\">Was sind <em>concrete nouns<\/em>?<\/h3>\n<p><em>Concrete nouns<\/em> sind W\u00f6rter, die eine reale und greifbare Sache beschreiben. <\/p>\n<p>Beispiele zu <em>concrete nouns<\/em>:<\/p>\n<ul>\n<li>dog, cat, air, smell, table, bottle, house<\/li>\n<li><em><strong>Carlo<\/strong> drank his <strong>pint<\/strong> within seconds.<\/em><\/li>\n<li><em><strong>Patrick<\/strong> lives in a <strong>flat<\/strong> all alone.<\/em><\/li>\n<\/ul>\n<p>&nbsp;<\/p>\n<h3 class=\"anchor\" id=\"was-sind-abstract-nouns\">Was sind <em>abstract nouns<\/em>?<\/h3>\n<p><em>Abstract nouns<\/em> sind W\u00f6rter, die ein Konzept oder eine Idee repr\u00e4sentieren. Hierbei handelt es sich um nicht greifbare Sachen. <\/p>\n<p>Beispiele zu <em>abstract nouns<\/em>:<\/p>\n<ul>\n<li><em>friendship, love, feelings, knowledge, decmocracy, beauty<\/em><\/li>\n<\/ul>\n<p>&nbsp;<\/p>\n<h3 class=\"anchor\" id=\"was-sind-countable-nouns\">Was sind <em>countable nouns<\/em>?<\/h3>\n<p><em>Countable nouns<\/em> sind W\u00f6rter, denen eine Zahl zugeordnet- und gez\u00e4hlt werden k\u00f6nnen.<\/p>\n<p>Beispiele zu <em>countable nouns<\/em>:<\/p>\n<ul>\n<li><em>dogs, noodle, car, golfball, table, 20 cats, 2 horses<\/em><\/li>\n<\/ul>\n<p>&nbsp;<\/p>\n<h3 class=\"anchor\" id=\"was-sind-uncountable-nouns\">Was sind <em>uncountable nouns<\/em>?<\/h3>\n<p><em>Uncountable nouns<\/em> sind W\u00f6rter, die eine messbare Gr\u00f6\u00dfe oder Menge haben, die jedoch nicht gez\u00e4hlt werden kann.<\/p>\n<p>Beispiele zu <em>uncountable nouns<\/em>:<\/p>\n<ul>\n<li>water, hate, feelings, coal, air, love<\/li>\n<\/ul>\n<p>&nbsp;<\/p>\n<h3 class=\"anchor\" id=\"was-sind-collective-nouns\">Was sind <em>collective nouns<\/em>?<\/h3>\n<p><em>Collective nouns<\/em> sind W\u00f6rter, die einer Gruppe von Menschen oder Dingen zugeordnet werden k\u00f6nnen.<\/p>\n<p>Beispiele zu <em>collective nouns<\/em>:<\/p>\n<ul>\n<li>band, class, team, crowd, family<\/li>\n<\/ul>\n Ver\u00f6ffentlich am 08.01.2020,  zuletzt aktualisiert: 13.09.2024 von StudyHelp\n","protected":false},"excerpt":{"rendered":"<p>Ein Noun, auch Substantiv genannt, ist ein Wort, das etwas benennt: entweder eine Person, einen Ort oder eine Sache. Nouns z\u00e4hlen zu den am h\u00e4ufigsten vorkommenden W\u00f6rter in der englischen Sprache. Aus diesem Grund widmen wir dieser Wortart einen etwas ausf\u00fchrlicheren Artikel! Inhaltsverzeichnis Was sind Nouns (Substantive)? Regeln f\u00fcr Substantive\/Nouns Gro\u00df- und Kleinschreibung von Subtantiven [&hellip;]<\/p>\n","protected":false},"author":3,"featured_media":0,"parent":15357,"menu_order":0,"comment_status":"closed","ping_status":"closed","template":"","meta":[],"categories":[68],"tags":[],"yoast_head":"<!-- This site is optimized with the Yoast SEO plugin v14.7 - https:\/\/yoast.com\/wordpress\/plugins\/seo\/ -->\n<title>Nouns und Substantive - StudyHelp Online-Lernen<\/title>\n<meta name=\"description\" content=\"Ein Noun, auch Substantiv genannt, ist ein Wort, das etwas benennt: entweder eine Person, einen Ort oder eine Sache.\" \/>\n<meta name=\"robots\" content=\"index, follow\" \/>\n<meta name=\"googlebot\" content=\"index, follow, max-snippet:-1, max-image-preview:large, max-video-preview:-1\" \/>\n<meta name=\"bingbot\" content=\"index, follow, max-snippet:-1, max-image-preview:large, max-video-preview:-1\" \/>\n<link rel=\"canonical\" href=\"https:\/\/www.studyhelp.de\/online-lernen\/englisch\/nouns-und-substantive-englische-wortarten\/\" \/>\n<meta property=\"og:locale\" content=\"de_DE\" \/>\n<meta property=\"og:type\" content=\"article\" \/>\n<meta property=\"og:title\" content=\"Nouns und Substantive - StudyHelp Online-Lernen\" \/>\n<meta property=\"og:description\" content=\"Ein Noun, auch Substantiv genannt, ist ein Wort, das etwas benennt: entweder eine Person, einen Ort oder eine Sache.\" \/>\n<meta property=\"og:url\" content=\"https:\/\/www.studyhelp.de\/online-lernen\/englisch\/nouns-und-substantive-englische-wortarten\/\" \/>\n<meta property=\"og:site_name\" content=\"StudyHelp Online-Lernen\" \/>\n<meta property=\"article:modified_time\" content=\"2024-09-13T10:20:53+00:00\" \/>\n<meta name=\"twitter:card\" content=\"summary_large_image\" \/>\n<script type=\"application\/ld+json\" class=\"yoast-schema-graph\">{\"@context\":\"https:\/\/schema.org\",\"@graph\":[{\"@type\":\"WebSite\",\"@id\":\"https:\/\/www.studyhelp.de\/online-lernen\/#website\",\"url\":\"https:\/\/www.studyhelp.de\/online-lernen\/\",\"name\":\"StudyHelp Online-Lernen\",\"description\":\"\",\"potentialAction\":[{\"@type\":\"SearchAction\",\"target\":\"https:\/\/www.studyhelp.de\/online-lernen\/?s={search_term_string}\",\"query-input\":\"required name=search_term_string\"}],\"inLanguage\":\"de-DE\"},{\"@type\":\"WebPage\",\"@id\":\"https:\/\/www.studyhelp.de\/online-lernen\/englisch\/nouns-und-substantive-englische-wortarten\/#webpage\",\"url\":\"https:\/\/www.studyhelp.de\/online-lernen\/englisch\/nouns-und-substantive-englische-wortarten\/\",\"name\":\"Nouns und Substantive - StudyHelp Online-Lernen\",\"isPartOf\":{\"@id\":\"https:\/\/www.studyhelp.de\/online-lernen\/#website\"},\"datePublished\":\"2020-01-08T14:33:35+00:00\",\"dateModified\":\"2024-09-13T10:20:53+00:00\",\"description\":\"Ein Noun, auch Substantiv genannt, ist ein Wort, das etwas benennt: entweder eine Person, einen Ort oder eine Sache.\",\"inLanguage\":\"de-DE\",\"potentialAction\":[{\"@type\":\"ReadAction\",\"target\":[\"https:\/\/www.studyhelp.de\/online-lernen\/englisch\/nouns-und-substantive-englische-wortarten\/\"]}]}]}<\/script>\n<!-- \/ Yoast SEO plugin. -->","_links":{"self":[{"href":"https:\/\/www.studyhelp.de\/online-lernen\/wp-json\/wp\/v2\/pages\/15304"}],"collection":[{"href":"https:\/\/www.studyhelp.de\/online-lernen\/wp-json\/wp\/v2\/pages"}],"about":[{"href":"https:\/\/www.studyhelp.de\/online-lernen\/wp-json\/wp\/v2\/types\/page"}],"author":[{"embeddable":true,"href":"https:\/\/www.studyhelp.de\/online-lernen\/wp-json\/wp\/v2\/users\/3"}],"replies":[{"embeddable":true,"href":"https:\/\/www.studyhelp.de\/online-lernen\/wp-json\/wp\/v2\/comments?post=15304"}],"version-history":[{"count":58,"href":"https:\/\/www.studyhelp.de\/online-lernen\/wp-json\/wp\/v2\/pages\/15304\/revisions"}],"predecessor-version":[{"id":17811,"href":"https:\/\/www.studyhelp.de\/online-lernen\/wp-json\/wp\/v2\/pages\/15304\/revisions\/17811"}],"up":[{"embeddable":true,"href":"https:\/\/www.studyhelp.de\/online-lernen\/wp-json\/wp\/v2\/pages\/15357"}],"wp:attachment":[{"href":"https:\/\/www.studyhelp.de\/online-lernen\/wp-json\/wp\/v2\/media?parent=15304"}],"wp:term":[{"taxonomy":"category","embeddable":true,"href":"https:\/\/www.studyhelp.de\/online-lernen\/wp-json\/wp\/v2\/categories?post=15304"},{"taxonomy":"post_tag","embeddable":true,"href":"https:\/\/www.studyhelp.de\/online-lernen\/wp-json\/wp\/v2\/tags?post=15304"}],"curies":[{"name":"wp","href":"https:\/\/api.w.org\/{rel}","templated":true}]}}