{"id":15640,"date":"2020-02-27T09:25:29","date_gmt":"2020-02-27T08:25:29","guid":{"rendered":"https:\/\/www.studyhelp.de\/online-lernen\/?page_id=15640"},"modified":"2025-05-20T14:36:37","modified_gmt":"2025-05-20T12:36:37","slug":"woyzeck-zusammenfassung","status":"publish","type":"page","link":"https:\/\/www.studyhelp.de\/online-lernen\/deutsch\/woyzeck-zusammenfassung\/","title":{"rendered":"Woyzeck (Georg B\u00fcchner) &#8211; Zusammenfassung"},"content":{"rendered":"<p>Woyzeck wurde im Jahr 1879 von Georg B\u00fcchner ver\u00f6ffentlicht, jedoch erst am 08.11.1913 in M\u00fcnchen uraufgef\u00fchrt. Das Dramenfragment handelt von dem einfachen Soldat Woyzeck, der im Laufe der Handlung immer weiter in einen Wahn verf\u00e4llt und letztendlich seine Geliebte Marie ermordet.<\/p>\n<p><strong>Themen auf dieser Seite <\/strong><\/p>\n<ul>\n<li><a href=\"#woyzeck-zusammenfassung\">Woyzeck Zusammenfassung<\/a><\/li>\n<li><a href=\"#woyzeck-personenkonstellation\">Personenkonstellation Woyzeck<\/a><\/li>\n<li><a href=\"#woyzeck-zeitgeschichtliche-einordnung\">Zeitgeschichtliche Einordnung<\/a><\/li>\n<li><a href=\"#uebersicht-wichtiger-charaktere\">\u00dcbersicht wichtiger Charaktere<\/a><\/li>\n<li><a href=\"#kurzbiographie-georg-b\u00fcchner\">Georg B\u00fcchner<\/a><\/li>\n<li><a href=\"#hinweise-zum-artikel\">Hinweise zum Artikel<\/a><\/li>\n<\/ul>\n<h2 id=\"woyzeck-zusammenfassung\" class=\"anchor\">Woyzeck Zusammenfassung<\/h2>\n<p>Georg B\u00fcchners Dramenfragment Woyzeck spielt zu Lebzeiten B\u00fcchners in einer deutschen Garnisonsstadt. Vier Jahre nachdem Wolfgang von Goethe als letzter gro\u00dfer Vertreter der Weimarer Klassik verstorben war, ver\u00f6ffentlichte B\u00fcchner sein St\u00fcck. Trotz dieser zeitlichen N\u00e4he erscheint B\u00fcchners St\u00fcck weit abgelegen von den Menscheits- und Kunstidealen des aufgekl\u00e4rten 18.-Jahrhunderts.<\/p>\n<p>F\u00fcr die folgende Zusammenfassung Woyzecks gibt es keine strikt chronologisch richtige- oder falsche Reihenfolge. Wie bereits erw\u00e4hnt, wurde das Drama nur in Fragmenten \u00fcberliefert, denen keine Reihenfolge vorgegeben wurde.<\/p>\n<p><strong>Freies Feld, die Stadt in der Ferne<\/strong><br \/>\nDas Drama beginnt mit einer Szene auf freiem Feld. Kurz vor dem abendlichen Zapfenstreich schneiden die beiden Soldaten Woyzeck und Andres St\u00f6cke aus einem Geb\u00fcsch. W\u00e4hrend sich die beiden jungen Soldaten unterhalten, sieht Woyzeck einen Lichtstreifen \u00fcber dem Gras. Er erz\u00e4hlt von einem \u00fcber das Feld rollendem Kopf, der jeden der ihn hochhebt den Tod erwartet. Hinter diesen gespenstischen Begebenheiten vermutet Woyzeck das Werk der Freimaurer. Getrieben durch Woyzecks Wahnsvorstellungen fl\u00fcchten die beiden Soldaten Richtung Stadt.<\/p>\n<p><strong>Die Stadt<\/strong><br \/>\nMarie, ihr mit Woyzeck gezeugtes Kind auf dem Arm, beobachtet vom Fenster ihrer Wohnung aus den vorbeimarschierenden Zapfenstreich. Sie f\u00fchrt eine Unterhaltung mit ihrer Nachbarin Margret, die ebenfalls an einem ge\u00f6ffneten Fenster steht und den vorbeiziehenden Marsch verfolgt. Allen Soldaten voran marschiert der Tambourmajor, dessen Ausstrahlung und maskulines Erscheinungsbild Marie und ihre Nachbarin beeindruckt. Der kurze Flirt zwischen Marie und dem Tambourmajor l\u00f6st einen Streit zwischen den zwei Frauen aus, der darin endet, dass Marie das Fenster zuschl\u00e4gt und ihrem Kind ein Lied vorsingt. Der vorbeilaufende Woyzeck klopft an Maries Fenster und berichtet ihr von den sonderbaren Dingen, die er auf dem Feld beobachten konnte.<\/p>\n<p><strong>Buden. Lichter. Volk<\/strong><br \/>\nWoyzeck und Marie besuchen den Jahrmarkt. Sie bleiben an einer Bude stehen und h\u00f6ren einem alten Mann zu, der von menschlicher Verg\u00e4nglichkeit singt. Das junge Paar beschlie\u00dft die Vorf\u00fchrung in seiner Bude zu besuchen. W\u00e4hrenddessen bemerkt der ebenfalls anwesende Tambourmajor Marie. Nach einem kurzen Austausch mit dem Unteroffizier \u00fcber Maries Sch\u00f6nheit beschlie\u00dfen die beiden die Vorf\u00fchrung im inneren der Bude ebenfalls zu besuchen.<\/p>\n<p><strong>Das Innere der hellerleuchteten Bude<\/strong><br \/>\nMarie und Woyzeck verfolgen die Auff\u00fchrung des Budenbesitzers, der Kunstst\u00fccke mit einem Pferd vorf\u00fchrt.<\/p>\n<p><strong>Mariens Kammer<\/strong><br \/>\nMarie sitzt mit ihrem Kind auf dem Scho\u00df in ihrer Kammer. In einem zerst\u00f6rten Spiegel betrachtet Marie ihre neuen Ohrringe bis Woyzeck hereintritt. Schnell versucht Marie ihre neuen Ohrringe zu verstcken, doch Woyzeck entdeckt sie. Auf ihren neuen Schmuck angesprochen versichert Marie Woyzeck, dass sie diesen gefunden hat. Im Vertrauen zu Marie schenkt Woyzeck ihr Glauben und \u00fcberreicht ihr seinen Lohn. Die Szene endet mit einem von Marie gef\u00fchrten Monolog, durch den Marie ihr schlechtes Gewissen Preis gibt.<\/p>\n<p><strong>Der Hauptmann. Woyzeck<\/strong><br \/>\nWoyzeck rasiert den Hauptmann. Mit dieser T\u00e4tigkeit verdient er neben seinem Soldatenlohn zus\u00e4tzlich Geld f\u00fcr seine Familie. Das Gespr\u00e4ch zwischen den beiden ist zu Beginn einseitig gef\u00fchrt. Der Hauptmann philosophiert \u00fcber die Langeweile, die ihn plagt. Als Woyzeck anf\u00e4ngt dar\u00fcber zu sprechen, dass f\u00fcr eine Heirat mit Marie das Geld fehlt und generell ein tugendhaftes Leben nur der beg\u00fcteten Schicht vorenthalten ist, schickt der Hauptmann ihn fort.<\/p>\n<p><strong>Mariens Kammer<\/strong><br \/>\nMarie und der Tombourmajor haben ein Rendezvous in Maries Kammer. Marie ist sichtlich fasziniert von der k\u00f6rperlichen Ausstrahlung des Tambourmajors. Der Tambourmajor wiederum sch\u00e4tzt an Marie ebenfalls ihre ohysischen Attribute, die einen animalischen Fortpflanzungstrieb in ihm wecken. Nach kurzer Unterhaltung bricht Maries physischer Widerstand gegen den Tambourmajor und gibt sich ihm hin.<\/p>\n<p><strong>Mariens Kammer<\/strong><br \/>\nWoyzeck steht kopfsch\u00fcttelnd vor Marie. Mit aufgeregter Stimme wirft er ihr vor mit dem Tambourmajor angebandelt zu haben. Anstatt die Aff\u00e4re zuzugeben, bestreiten sie den Vorwurf, woraufhin Woyzeck auf Marie los-geht, bevor er die Szene verl\u00e4sst.<\/p>\n<p><strong>Beim Doktor<\/strong><br \/>\nWoyzeck hat sich beim Arzt gegen Geld f\u00fcr ein Experiment zur Verf\u00fcgung gestellt. F\u00fcr Untersuchungszwecke des Doktors hat sich Woyzeck dazu verpflichtet sich ausschlie\u00dflich von Erbsen zu ern\u00e4hren und regelm\u00e4\u00dfig Urinproben abzugeben. Woyzeck ist auf das Geld angewiesen, da seine finanzielle Situation angespannt ist.<\/p>\n<p><strong>Stra\u00dfe<\/strong><br \/>\nDas dynamische Gehtempo des Doktors bereitet dem kraftlosen Hauptmann gro\u00dfe Probleme. Deshalb r\u00e4t ihm der Hauptmann eindringlich zu einem ruhigeren Lebensrhythmus. Au\u00dferdem will er mit seiner Ermahnung den Doktor davon abhalten, sich zu Tode zu hetzen. Die Szene endet mit einem Dialog gegenseitiger verbaler Boshaftigkeiten. Jeder der beiden Charaktere versuchte sich \u00fcber den Anderen zu stellen.<\/p>\n<p><strong>Die Wachstube<\/strong><br \/>\nWoyzeck und Andres halten sich in der Wachstube auf. Woyzeck ist von gro\u00dfer innerer Unruhe geplagt, sodass er die hitzige Spannung in der Wachstube nicht mehr aush\u00e4lt. Er muss seiner Vermutung nachgehen, dass Marie eine Aff\u00e4re mit dem Tambourmajor hat.<\/p>\n<p><strong>Wirtshaus<\/strong><br \/>\nDiese Szene dreht sich haupts\u00e4chlich darum, dass Woyzeck Marie und den Tambourmajor beim Tanzen entdeckt. Ihm wird bewusst, dass seine Vermutungen \u00fcber eine Aff\u00e4re der beiden korrekt ist.<\/p>\n<p><strong>Freies Feld<\/strong><br \/>\nWoyzeck befindet sich erneut auf einem freien Feld und damit au\u00dferhalb der Stadt und wiederum wird er zum Opfer d\u00fcsterer halluzinatorischer Fantasien.<\/p>\n<p><strong>Nacht<\/strong><br \/>\nWoyzeck und Andres \u00fcbernachten in der Kaserne. Auch an diesem Ort wird Woyzeck von seinen halluzinatorischen Fantasien verfolgt, die ihm keinen Schlaf lassen. Dabei h\u00f6rt er sogar Stimmen aus den Zimmerw\u00e4nden. Als Woyzeck sich hilfe-suchend an Andres wendet, versucht ihn dieser zu beruhigen, schl\u00e4ft aber sofort wieder ein.<\/p>\n<p><strong>Wirtshaus<\/strong><br \/>\nIm Wirtshaus kommt es zur direkten Konfrontation mit dem Tambourmajor. Woyzeck l\u00e4sst sich auf die Provokationen des Tambourmajors ein, was in einer Schl\u00e4gerei m\u00fcndet, aus der der Tambourmajor als Sieger hervorgeht.<\/p>\n<p><strong>Kramladen<\/strong><br \/>\nWoyzeck begibt sich in einen Kramladen. Die ihm angebotene Pistole ist Woyzeck zu teuer. Stattdessen kauft er von dem H\u00e4ndler ein Messer.<\/p>\n<p><strong>Kammer<\/strong><br \/>\nMarie befindet sich mit ihrem Kind und dem geistig zur\u00fcckgebliebenen Karl in ihrer Kammer. W\u00e4hrend des Lesens st\u00f6\u00dft sie auf drei Textstellen aus dem neuen Testament, die sie besonders auf ihre Situation bezieht. Unterdessen erz\u00e4hlt der gedankenabwesende Karl sich selbst M\u00e4rchen.<\/p>\n<p><strong>Kaserne<\/strong><br \/>\nWoyzeck schenkt Andres seine Habseligkeiten: Ein Hemd, ein Kreuz, einen Ring sowie ein Heiligenbild.<\/p>\n<p><strong>Der Hof des Doktors<\/strong><br \/>\nDer Doktor will seinen Studenten ein wissenschaftliches Experiment demonstrieren. Die Aufgabe des Gehilfen Woyzeck besteht darin, vom Dachfenster eine Katze in den Hof hinabzuwerfen, um ihre Reaktion beobachten zu k\u00f6nnen. Doch das Experiment findet nicht statt, da Woyzeck zu \u00e4ngstlich mit dem Tier umgeht, was dem Doktor missf\u00e4llt. Sein Interesse fokussiert sich auf Woyzeck, der den Studenten als Testobjekt vorgef\u00fchrt wird. Als Woyzeck Wiederstreben zeigt, geht der Doktor auf diesen Versuch seines Gegen\u00fcbers, einen Rest an W\u00fcrde zu bewahren, gar nicht ein.<\/p>\n<p><strong>Marie mit dem M\u00e4dchen vor der Haust\u00fcr<\/strong><br \/>\nMarie, Gro\u00dfmutter und drei M\u00e4dchen befinden sich vor der Haust\u00fcr. Die Kinder singen gemeinsam ein fr\u00f6hliches Fr\u00fchlingslied, in das Marie nicht mit ihrem Gesang einsteigen m\u00f6chte. Nachdem die Gro\u00dfmutter den M\u00e4dchen ein M\u00e4rchen erz\u00e4hlt hat, erschreckt Marie durch den pl\u00f6tzlichen Auftritt von Woyzeck, der sie auffordert mit ihm zu kommen.<\/p>\n<p><strong>Abend. Die Stadt in der Ferne<\/strong><br \/>\nWoyzeck und Marie halten sich au\u00dferhalb der Stadt auf. Marie m\u00f6chte aus der Dunkelheit des Abends in die Sicherheit der Stadt zur\u00fcckkehren, aber Woyzeck fordert sie mit Bestimmtheit auf zu bleiben. Als Marie den Sinn der Zusammenkunft au\u00dferhalb der Stadt ergr\u00fcnden will, verstummt Woyzeck. Das Gespr\u00e4ch wird durch Beschreibung des Mondes von Marie wieder aufgenommen, woraufhin Woyzeck sein Messer zieht und Marie ermordet. Als sich Passanten n\u00e4hern, flieht Woyzeck.<\/p>\n<p><strong>Es kommen Leute<\/strong><br \/>\nZwei Fremde werden durch die Ger\u00e4usche auf das Geschehen aufmerksam. W\u00e4hrend der eine einen unheimlichen Naturspuk vermutet und fliehen will, erkennt der andere darin die Rufe eines sterbenden Menschen und bewegt seinen Begleiter dazu, sich mit ihm an den Tatort zu begeben, um die Situation aufzukl\u00e4ren.<\/p>\n<p><strong>Das Wirtshaus<\/strong><br \/>\nWoyzeck sucht nach seiner Tat Ablenkung in einem Wirtshaus, wo er ausgelassen tanzt und singt. Die Situation schl\u00e4gt pl\u00f6tzlich um, als K\u00e4the Blutspuren an Woyzeck entdeckt. Durch ihr Rufen erregt sie sofort die Aufmerksamkeit anderer Anwesender. Diese treiben Woyzeck in die Enge. Seine Ausfl\u00fcchte und Erkl\u00e4rungsversuche k\u00f6nnen niemanden \u00fcberzeugen. Als auch noch der anwesende Narr einen Hinweis auf Woyzecks Verbrechen macht, flieht dieser aus dem Wirtshaus. Dabei wendet er den Verdacht, ein M\u00f6rder zu sein, von sich.<\/p>\n<p><strong>Abend. Stadt in der Ferne<\/strong><br \/>\nWoyzeck befindet sich erneut am Tatort, um das Messer zu suchen, das ihn verraten k\u00f6nnte. Nachdem er das Messer im Wasser gefunden hat, schmei\u00dft er es noch weiter in den Teich hinein.<\/p>\n<p><strong>Stra\u00dfe<\/strong><br \/>\nEin Kind verst\u00e4ndigt ein anderes vom Leichenfund.<\/p>\n<p><strong>Gerichtsdiener. Arzt. Richter.<\/strong><br \/>\nDer Gerichtsdiener ist zusammen mit dem Arzt und dem Richter am Tatort eingetroffen.<\/p>\n<p><strong>Der Idiot. Das Kind. Woyzeck<\/strong><br \/>\nKarl h\u00e4lt Woyzecks Kind im Arm. Als Woyzeck seinen Sohn liebkosen will, wendet sich dieser unter Schreien ab. Daraufhin beauftragt er den Narren mit dem Kauf eines Spielzeugs.<\/p>\n<p>(Auszug aus dem 2. Kapitel aus EinFach Deutsch\u2026 verstehen: E.T.A. Hoffmann: Der Sandmann, erschienen im Bildungshaus Schulbuchverlage Westermann Schroedel Diesterweg Sch\u00f6ningh Winklers GmbH)<\/p>\n<p>(Auszug aus dem Kapitel Personenkonstellation aus EinFach Deutsch\u2026 verstehen: Georg B\u00fcchner: Woyzeck, erschienen im Bildungshaus Schulbuchverlage Westermann Schroedel Diesterweg Sch\u00f6ningh Winklers GmbH)<\/p>\n<h2 id=\"woyzeck-personenkonstellation\" class=\"anchor\">Woyzeck Personenkonstellation<\/h2>\n<p><img decoding=\"async\" loading=\"lazy\" class=\"size-large wp-image-15649 aligncenter\" src=\"https:\/\/www.studyhelp.de\/online-lernen\/wp-content\/uploads\/2020\/02\/Personenkonstellation-1024x563.png\" alt=\"\" width=\"1024\" height=\"563\" srcset=\"https:\/\/www.studyhelp.de\/online-lernen\/wp-content\/uploads\/2020\/02\/Personenkonstellation-1024x563.png 1024w, https:\/\/www.studyhelp.de\/online-lernen\/wp-content\/uploads\/2020\/02\/Personenkonstellation-300x165.png 300w, https:\/\/www.studyhelp.de\/online-lernen\/wp-content\/uploads\/2020\/02\/Personenkonstellation-768x423.png 768w, https:\/\/www.studyhelp.de\/online-lernen\/wp-content\/uploads\/2020\/02\/Personenkonstellation.png 1405w\" sizes=\"(max-width: 1024px) 100vw, 1024px\" \/><\/p>\n<h2 id=\"woyzeck-zeitgeschichtliche-einordnung\" class=\"anchor\">Woyzeck zeitgeschichtliche Einordnung<\/h2>\n<p>Die Entstehungszeit des Dramas &#8222;Woyzeck&#8220; d\u00fcrfte auf die zweite H\u00e4lfte des Jahres 1836 zu datieren sein. Das Drama wurde zu Lebzeiten B\u00fcchners nicht ver\u00f6ffentlicht. Es liegt nicht einmal eine abgeschlossene Endfassung vor. Erst nach B\u00fcchners Tod konnte durch einen aufwendigen chemischen Prozess die verblasste Schrift auf dem m\u00fcrben Papier wieder sichtbar gemacht werden. Jedoch enthielt die auf dem Paper ver\u00f6ffentlichte Version inhaltliche- und textliche Fehler.<\/p>\n<p>Dem Stoff des Dramas &#8222;Woyzeck&#8220; liegt ein historischer Kriminalfall zugrunde. 1821 hatte der arbeitslose Per\u00fcckenmacher Johann Christian Woyzeck aus Leipzig seine Geliebte aus Eifersucht erstochen. Da Zweifel an der Schuldf\u00e4higkeit des psychisch auff\u00e4lligen Woyzecks ge\u00e4u\u00dfert wurden, erstellte der Leipziger Stadtphysikus Christian August Clarus isngesamt zwei Gutachten, in denen er den T\u00e4ter f\u00fcr zurechnungsf\u00e4hig erkl\u00e4rte. Daraufhin wurde Woyzeck mit dem Tode bestraft und \u00f6ffentlich gek\u00f6pft.<\/p>\n<p>B\u00fcchner hatte sich schon zu Schulzeiten mit den psychischen Ursachen menschlichen Handelns befasst. Den Fall &#8222;Woyzeck&#8220; studierte er mit gro\u00dfen Interesse. Die Hauptfigur seines Dramas zeigt bis ins kleinste Detail zahlreiche Parallelen in Lebenslauf und Tathergang.<\/p>\n<p>Daneben verwendete B\u00fcchner f\u00fcr sein St\u00fcck noch andere Vorbilder. So entspricht die Figur des Doktors in Vielem dem Gie\u00dfener Anatomieprofessor Willbrand. Die Vorf\u00fchrung der Funktion der Ohrmuskeln wurde direkt einer Vorlesung des historischen Vorbilds vor Studenten nachempfunden.<\/p>\n<p>(Auszug aus dem Kapitel &#8222;Der historische Kontext&#8220; aus EinFach Deutsch\u2026 verstehen: Georg B\u00fcchner: Woyzeck, erschienen im Bildungshaus im Bildungshaus Schulbuchverlage Westermann Schroedel Diesterweg Sch\u00f6ningh Winklers GmbH)<\/p>\n<h2 class=\"achor\" id=\"uebersicht-wichtiger-charaktere\">\u00dcbersicht wichtiger Charaktere<\/h2>\n<h3>Woyzeck<\/h3>\n<ul>\n<li>Franz Woyzeck, 30 Jahre alt<\/li>\n<li>von Beruf &#8222;Wehrmann&#8220; in einem Infanterieregiment<\/li>\n<li>lebt in einer Beziehung mit Marie<\/li>\n<li>steht auf einer niedrigen sozialen Stufe<\/li>\n<li>ern\u00e4hrt sich f\u00fcr ein Experiment ausschlie\u00dflich von Erbsen<\/li>\n<li>beginnt zu halluzinieren<\/li>\n<li>deckt die Aff\u00e4re von Marie und dem Tambourmajor auf<\/li>\n<li>ersticht Marie in einem Blutrausch<\/li>\n<\/ul>\n<h3>Marie<\/h3>\n<ul>\n<li>ist eine junge Frau mit langem schwarzen Haar<\/li>\n<li>befindet sich in einer Beziehung mit Woyzeck<\/li>\n<li>hat gemeinsam mit Woyzeck ein Kind<\/li>\n<li>tr\u00e4umt von sozialem Aufstieg<\/li>\n<li>beginnt Aff\u00e4re mit Tambourmajor<\/li>\n<li>wird nach Aufdeckung der Aff\u00e4re von Woyzeck erstochen<\/li>\n<\/ul>\n<h3>Tambourmajor<\/h3>\n<ul>\n<li>ist eine sehr m\u00e4nnliche und kr\u00e4ftige Erscheinung<\/li>\n<li>ist von Beruf Soldat<\/li>\n<li>obwohl er nur ein einfacher Soldat ist, wird er sogar vom Prinzen bewunder<\/li>\n<li>erblickt bei einer Parade Marie am Fenster und flirtet mit ihr<\/li>\n<li>beginnt Aff\u00e4re mit Marie<\/li>\n<li>durchl\u00e4uft keine innere Entwicklung und besitzt keine charakterliche Komplexit\u00e4t<\/li>\n<\/ul>\n<h2 class=\"anchor\" id=\"kurzbiographie-georg-b\u00fcchner\">Kurzbiographie Georg B\u00fcchner<\/h2>\n<ul>\n<li>Name: Georg B\u00fcchner<\/li>\n<li>geboren: 17. Oktober 1813<\/li>\n<li>war Autor, Mediziner, Naturwissenschaftler und Revolution\u00e4r<\/li>\n<li>erkrankte am 02. Februar schwer an Typhus<\/li>\n<li>starb am 19. Februar 1837 \u2020<\/li>\n<h2 class=\"anchor\" id=\"hinweise-zum-artikel\">Hinweise zum Artikel<\/h2>\n<p>(Auszug aus dem Kapitel &#8222;Die Personencharakterisierung&#8220; aus EinFach Deutsch\u2026 verstehen: Georg B\u00fcchner: Woyzeck, erschienen im Bildungshaus im Bildungshaus Schulbuchverlage Westermann Schroedel Diesterweg Sch\u00f6ningh Winklers GmbH)<\/p>\n","protected":false},"excerpt":{"rendered":"<p>Woyzeck wurde im Jahr 1879 von Georg B\u00fcchner ver\u00f6ffentlicht, jedoch erst am 08.11.1913 in M\u00fcnchen uraufgef\u00fchrt. Das Dramenfragment handelt von dem einfachen Soldat Woyzeck, der im Laufe der Handlung immer weiter in einen Wahn verf\u00e4llt und letztendlich seine Geliebte Marie ermordet. Themen auf dieser Seite Woyzeck Zusammenfassung Personenkonstellation Woyzeck Zeitgeschichtliche Einordnung \u00dcbersicht wichtiger Charaktere Georg [&hellip;]<\/p>\n","protected":false},"author":3,"featured_media":0,"parent":8123,"menu_order":0,"comment_status":"closed","ping_status":"closed","template":"","meta":[],"categories":[30],"tags":[],"yoast_head":"<!-- This site is optimized with the Yoast SEO plugin v14.7 - https:\/\/yoast.com\/wordpress\/plugins\/seo\/ -->\n<title>Woyzeck (Georg B\u00fcchner) - Zusammenfassung - StudyHelp Online-Lernen<\/title>\n<meta name=\"robots\" content=\"index, follow\" \/>\n<meta name=\"googlebot\" content=\"index, follow, max-snippet:-1, max-image-preview:large, max-video-preview:-1\" \/>\n<meta name=\"bingbot\" content=\"index, follow, max-snippet:-1, max-image-preview:large, max-video-preview:-1\" \/>\n<link rel=\"canonical\" href=\"https:\/\/www.studyhelp.de\/online-lernen\/deutsch\/woyzeck-zusammenfassung\/\" \/>\n<meta property=\"og:locale\" content=\"de_DE\" \/>\n<meta property=\"og:type\" content=\"article\" \/>\n<meta property=\"og:title\" content=\"Woyzeck (Georg B\u00fcchner) - Zusammenfassung - StudyHelp Online-Lernen\" \/>\n<meta property=\"og:description\" content=\"Woyzeck wurde im Jahr 1879 von Georg B\u00fcchner ver\u00f6ffentlicht, jedoch erst am 08.11.1913 in M\u00fcnchen uraufgef\u00fchrt. Das Dramenfragment handelt von dem einfachen Soldat Woyzeck, der im Laufe der Handlung immer weiter in einen Wahn verf\u00e4llt und letztendlich seine Geliebte Marie ermordet. Themen auf dieser Seite Woyzeck Zusammenfassung Personenkonstellation Woyzeck Zeitgeschichtliche Einordnung \u00dcbersicht wichtiger Charaktere Georg [&hellip;]\" \/>\n<meta property=\"og:url\" content=\"https:\/\/www.studyhelp.de\/online-lernen\/deutsch\/woyzeck-zusammenfassung\/\" \/>\n<meta property=\"og:site_name\" content=\"StudyHelp Online-Lernen\" \/>\n<meta property=\"article:modified_time\" content=\"2025-05-20T12:36:37+00:00\" \/>\n<meta property=\"og:image\" content=\"https:\/\/www.studyhelp.de\/online-lernen\/wp-content\/uploads\/2020\/02\/Personenkonstellation-1024x563.png\" \/>\n<meta name=\"twitter:card\" content=\"summary_large_image\" \/>\n<script type=\"application\/ld+json\" class=\"yoast-schema-graph\">{\"@context\":\"https:\/\/schema.org\",\"@graph\":[{\"@type\":\"WebSite\",\"@id\":\"https:\/\/www.studyhelp.de\/online-lernen\/#website\",\"url\":\"https:\/\/www.studyhelp.de\/online-lernen\/\",\"name\":\"StudyHelp Online-Lernen\",\"description\":\"\",\"potentialAction\":[{\"@type\":\"SearchAction\",\"target\":\"https:\/\/www.studyhelp.de\/online-lernen\/?s={search_term_string}\",\"query-input\":\"required name=search_term_string\"}],\"inLanguage\":\"de-DE\"},{\"@type\":\"ImageObject\",\"@id\":\"https:\/\/www.studyhelp.de\/online-lernen\/deutsch\/woyzeck-zusammenfassung\/#primaryimage\",\"inLanguage\":\"de-DE\",\"url\":\"https:\/\/www.studyhelp.de\/online-lernen\/wp-content\/uploads\/2020\/02\/Personenkonstellation.png\",\"width\":1405,\"height\":773},{\"@type\":\"WebPage\",\"@id\":\"https:\/\/www.studyhelp.de\/online-lernen\/deutsch\/woyzeck-zusammenfassung\/#webpage\",\"url\":\"https:\/\/www.studyhelp.de\/online-lernen\/deutsch\/woyzeck-zusammenfassung\/\",\"name\":\"Woyzeck (Georg B\\u00fcchner) - Zusammenfassung - StudyHelp Online-Lernen\",\"isPartOf\":{\"@id\":\"https:\/\/www.studyhelp.de\/online-lernen\/#website\"},\"primaryImageOfPage\":{\"@id\":\"https:\/\/www.studyhelp.de\/online-lernen\/deutsch\/woyzeck-zusammenfassung\/#primaryimage\"},\"datePublished\":\"2020-02-27T08:25:29+00:00\",\"dateModified\":\"2025-05-20T12:36:37+00:00\",\"inLanguage\":\"de-DE\",\"potentialAction\":[{\"@type\":\"ReadAction\",\"target\":[\"https:\/\/www.studyhelp.de\/online-lernen\/deutsch\/woyzeck-zusammenfassung\/\"]}]}]}<\/script>\n<!-- \/ Yoast SEO plugin. -->","_links":{"self":[{"href":"https:\/\/www.studyhelp.de\/online-lernen\/wp-json\/wp\/v2\/pages\/15640"}],"collection":[{"href":"https:\/\/www.studyhelp.de\/online-lernen\/wp-json\/wp\/v2\/pages"}],"about":[{"href":"https:\/\/www.studyhelp.de\/online-lernen\/wp-json\/wp\/v2\/types\/page"}],"author":[{"embeddable":true,"href":"https:\/\/www.studyhelp.de\/online-lernen\/wp-json\/wp\/v2\/users\/3"}],"replies":[{"embeddable":true,"href":"https:\/\/www.studyhelp.de\/online-lernen\/wp-json\/wp\/v2\/comments?post=15640"}],"version-history":[{"count":19,"href":"https:\/\/www.studyhelp.de\/online-lernen\/wp-json\/wp\/v2\/pages\/15640\/revisions"}],"predecessor-version":[{"id":18478,"href":"https:\/\/www.studyhelp.de\/online-lernen\/wp-json\/wp\/v2\/pages\/15640\/revisions\/18478"}],"up":[{"embeddable":true,"href":"https:\/\/www.studyhelp.de\/online-lernen\/wp-json\/wp\/v2\/pages\/8123"}],"wp:attachment":[{"href":"https:\/\/www.studyhelp.de\/online-lernen\/wp-json\/wp\/v2\/media?parent=15640"}],"wp:term":[{"taxonomy":"category","embeddable":true,"href":"https:\/\/www.studyhelp.de\/online-lernen\/wp-json\/wp\/v2\/categories?post=15640"},{"taxonomy":"post_tag","embeddable":true,"href":"https:\/\/www.studyhelp.de\/online-lernen\/wp-json\/wp\/v2\/tags?post=15640"}],"curies":[{"name":"wp","href":"https:\/\/api.w.org\/{rel}","templated":true}]}}