{"id":15674,"date":"2020-02-27T09:25:14","date_gmt":"2020-02-27T08:25:14","guid":{"rendered":"https:\/\/www.studyhelp.de\/online-lernen\/?page_id=15674"},"modified":"2025-05-20T14:33:26","modified_gmt":"2025-05-20T12:33:26","slug":"die-verwandlung-franz-kafka-zusammenfassung","status":"publish","type":"page","link":"https:\/\/www.studyhelp.de\/online-lernen\/deutsch\/die-verwandlung-franz-kafka-zusammenfassung\/","title":{"rendered":"Die Verwandlung (Franz Kafka) &#8211; Zusammenfassung"},"content":{"rendered":"<p>Die Verwandlung ist eine Erz\u00e4hlung von Franz Kafka, die im Jahr 1912 entstanden- und 1915 erstver\u00f6ffentlicht wurde. Die Verwandlung erz\u00e4hlt die Geschichte des Junggesellen Gregor Samsa, der zusammen mit seinen Eltern und seiner Schwester in einer kleinen Wohnung lebt. Aus ungekl\u00e4rter Ursache wacht Gregor eines Morgens nicht in seinem menschlichen K\u00f6rper auf, sondern im K\u00f6rper eines Ungeziefers, was sein Leben vollst\u00e4ndig ver\u00e4ndern wird.<\/p>\n<p><strong>Themen auf dieser Seite<\/strong><\/p>\n<ul>\n<li><a href=\"#inhaltsangabe-die-verwandlung\">Inhaltsangabe Die Verwandlung<\/a><\/li>\n<li><a href=\"#personenkonstellation-die-verwandlung\">Personenkonstellation Der Sandmann<\/a><\/li>\n<li><a href=\"#uebersicht-wichtiger-charaktere\">\u00dcbersicht wichtiger Charaktere<\/a><\/li>\n<li><a href=\"#historischer-kontext-zu-die-verwandlung\">Historischer Kontext zu Die Verwandlung<\/a><\/li>\n<li><a href=\"#franz-kafka-kurzbiographie\">Franz Kafka<\/a><\/li>\n<\/ul>\n<h2 class=\"anchor\" id=\"inhaltsangabe-die-verwandlung\">Inhaltsangabe die Verwandlung<\/h2>\n<p>In &#8222;Die Verwandlung&#8220; wird die Geschichte von Gregor Samsa erz\u00e4hlt, der, zusammen mit seinen Eltern und seiner Schwester in einer Wohnung lebend, eines Morgens im K\u00f6rper eines Ungeziefers aufwacht. <\/p>\n<p>Das Leben der Familie ist gepr\u00e4gt von gegenseitiger Abh\u00e4ngigkeit. Vor seiner Verwandlung war Gregor der Ern\u00e4hrer und das Oberhaupt der Familie. Da sein Vater arbeitslos war, war er der Einzige, der Geld nach Hause gebracht hat.<\/p>\n<p>Als Gregor am Morgen seiner Verwandlung nicht p\u00fcnktlich zur Arbeit erscheint, stattet Gregors Vorgesetzter, der Prokurist, der Familie einen Kontrollbesuch ab. Gregor, der in seinem neuen K\u00f6rper noch nicht zurechtkommt, soll sein Zimmer verlassen. Unter gro\u00dfer Anstrengung und Schmerzen versucht Gregor seine Zimmert\u00fcr zu \u00f6ffnen. Da die Anwesenden Gregors Absicht nicht erkennen, kommt es zum Eklat. Schlie\u00dflich wird Gregor durch die Gewalteinwirkung des Vaters in sein Zimmer zur\u00fcckgetrieben und darin eingeschlossen.<\/p>\n<p>Gregor, der sich langsam an seine neue Gestalt gew\u00f6hnt, ist von Schuldgef\u00fchlen gegen\u00fcber seiner Familie geplagt. Es stellt sich jedoch heraus, dass die finanzielle Situation weniger besorgniserregend ist als zun\u00e4chst bef\u00fcrchtet. Gregors Vater hat unbemerkt ein kleines Verm\u00f6gen angespart, mit dem die Familie vorerst ihren Lebensstandard aufrechterhalten kann.<\/p>\n<p>Bei einem Versuch Gretes, das Zimmer von Gregor auszur\u00e4umen um ihm mehr Bewegungsfreiheit zu geben eskaliert die Situation. Als die Mutter von Grete und Gregor in das Zimmer tritt, f\u00e4llt sie beim Anblick von Gregor, der inzwischen an der Wand h\u00e4ngt und sein Lieblingsbild einer Dame besch\u00fctzt, in Ohnmacht. Beim Versuch die Situation klarzustellen, verl\u00e4sst Gregor sein Zimmer und trifft dabei auf seinen Vater, der ihn mit \u00c4pfeln bewirft. Einer der \u00c4pfel trifft Gregors R\u00fcckenpanzer so hart, dass er stecken bleibt und in der Wunde langsam beginnt zu verfaulen.<\/p>\n<p>Der Vorfall hinterl\u00e4sst bei Gregor deutliche Spuren. Durch seine Verletzung verschlechtert sich sein Gesundheitszustand dramatisch und so verk\u00fcmmert er abgeschottet alleine in seinem Zimmer. W\u00e4hrenddessen w\u00e4chst die Selbstst\u00e4ndigkeit und Unabh\u00e4ngigkeit der Familie von ihrem einstigen Ern\u00e4hrer durch die Erwerbst\u00e4tigkeit aller Familienmitglieder.<\/p>\n<p>Die Notwendigkeit, Gregor zu pflegen und ihm einen Platz in der Familie zu bieten, wird zunehmend als Belastung empfunden, was eine Einschr\u00e4nkung der Hilfeleistungen zur Folge hat.<\/p>\n<p>Der H\u00f6hepunkt der Erz\u00e4hlung wird durch ein Violinspiel von Grete herbeigef\u00fchrt. Gregor f\u00fchlt sich von der Musik angezogen und verl\u00e4sst sein Zimmer. So kommt es zu einem Treffen zwischen Gregor und den neu eingezogenen Untermietern im Wohnzimmer, woraufhin die Untermieter ihr Verh\u00e4ltnis mit der Familie k\u00fcndigen. In einem sich anschlie\u00dfenden Gespr\u00e4ch innerhalb der Familie fordert Grete energisch die Beseitigung des Ungeziefers, in dem sie nicht mehr ihren Bruder erkennen kann. Im Einverst\u00e4ndnis mit diesem Todesurteil zieht sich Gregor besch\u00e4mt in sein Zimmer zur\u00fcck und stirbt. <\/p>\n<p>Die Familie reagiert erleichtert auf den Tod Gregors. Statt zur Arbeit zu gehen, machen die drei einen Ausflug und schmieden Zukunftspl\u00e4ne.<\/p>\n<h2 class=\"anchor\" id=\"personenkonstellation-die-verwandlung\">Personenkonstellation<\/h2>\n<p><img decoding=\"async\" loading=\"lazy\" src=\"https:\/\/www.studyhelp.de\/online-lernen\/wp-content\/uploads\/2020\/02\/Personenkonstellation-1-1024x621.png\" alt=\"\" width=\"1024\" height=\"621\" class=\"alignnone size-large wp-image-15676\" srcset=\"https:\/\/www.studyhelp.de\/online-lernen\/wp-content\/uploads\/2020\/02\/Personenkonstellation-1-1024x621.png 1024w, https:\/\/www.studyhelp.de\/online-lernen\/wp-content\/uploads\/2020\/02\/Personenkonstellation-1-300x182.png 300w, https:\/\/www.studyhelp.de\/online-lernen\/wp-content\/uploads\/2020\/02\/Personenkonstellation-1-768x466.png 768w, https:\/\/www.studyhelp.de\/online-lernen\/wp-content\/uploads\/2020\/02\/Personenkonstellation-1.png 1878w\" sizes=\"(max-width: 1024px) 100vw, 1024px\" \/><\/p>\n<h2 class=\"anchor\" id=\"uebersicht-wichtiger-charaktere\">\u00dcbersicht wichtiger Charaktere<\/h2>\n<h3>Gregor Samsa<\/h3>\n<ul>\n<li>bei seiner Verwandlung etwa 25 Jahre alt<\/li>\n<li>lebt als Junggeselle bei seiner Familie<\/li>\n<li>von Beruf Handlungsreisender<\/li>\n<li>versorgt vor Verwandlung Familie<\/li>\n<li>gilt als au\u00dferordentlich pflichtbewusst<\/lI>\n<\/ul>\n<h3>Die Mutter<\/h3>\n<ul>\n<li>Anna Samsa<\/li>\n<li>\u00fcbernimmt die Rolle als Ehefrau und Mutter<\/li>\n<li>steht zwischen den Interessen ihres Mannes und Sohnes<\/li>\n<li>ertr\u00e4gt den Anblick des Ungeziefers nicht und f\u00e4llt \u00f6fters in Ohnmacht<\/li>\n<li>erholt sich sehr schnell nach Gregors Tod<\/li>\n<\/ul>\n<h3>Der Vater<\/h3>\n<ul>\n<li>der volle Name wird nicht erw\u00e4hnt<\/li>\n<li>war einst Unternehmer, f\u00e4llt nach Zusammenbruch des Unternehmens in finanzielle Abh\u00e4ngigkeit von Gregor<\/li>\n<li>befindet sich die meiste Zeit mit Schlafrock im Lehnstuhl<\/li>\n<li>\u00fcbernimmt nach Verwandlung von Gregor wieder die Rolle als Familienoberhaupt<\/li>\n<li>hat ein kleines Verm\u00f6gen angespart, das die Familie nach Verwandlung ern\u00e4hrt<\/li>\n<\/ul>\n<h3>Die Schwester<\/h3>\n<ul>\n<li>Grete Samsa, 17 Jahre alt<\/li>\n<li>wird zu Beginn nicht als vollwertiges Familienmitglied anerkannt<\/li>\n<li>soll im Sinne der Eltern ebenfalls zuk\u00fcnftig die Rolle der &#8222;klassischen Frau&#8220; annehmen<\/li>\n<li>Gregor sieht in ihr eine K\u00fcnstlerin, die gef\u00f6rdert werden sollte<\/li>\n<li>pflegt zu Beginn ihren verwandelten Bruder<\/li>\n<li>entwickelt erst Abscheu, dann Hass gegen\u00fcber dem Ungeziefer<\/li>\n<li>wendet sich von Gregor ab, der daraufhin stirbt<\/li>\n<\/ul>\n<h2 class=\"anchor\" id=\"historischer-kontext-zu-die-verwandlung\">Historischer Kontext zu Die Verwandlung<\/h2>\n<p>Mit 29 Jahren schrieb Franz Kafka &#8222;Die Verwandlung&#8220;, womit die Erz\u00e4hlung zeitgeschichtlich gesehen zur Epoche des Expressionismus geh\u00f6rt.<\/p>\n<p>Die von Kafka durch das Werk angesprochenen Themen sind typisch f\u00fcr diese Epoche. So werden durch das Werk unter anderem die Themen Gesellschaftskritik, innerlich erlebte Wahrheit, \u00c4ngste und Erlebnisse angesprochen. Auch der Vater-Sohn-Konflikt zwischen Gregor und seinem Vater ist ein g\u00e4ngiges Thema w\u00e4hrend des Expressionismus.<\/p>\n<p>Auch die Frage nach dem Sinn des Lebens wird durch Gregors Perspektivlosigkeit deutlich. Das f\u00fcr den Expressionismus typische Thema wird durch Kafka aufgegriffen, da diese Frage ihn sein gesamtes Leben besch\u00e4ftigt hat.<\/p>\n<h2 class=\"anchor\" id=\"franz-kafka-kurzbiographie\">Franz Kafka Kurzbiographie<\/h2>\n<ul>\n<li>Geboren: 3. Juli 1883<\/li>\n<li>studierte zwei Semester Germanistik, anschlie\u00dfend Jura an der Deutschen Universit\u00e4t in Prag<\/li>\n<li>arbeitete urspr\u00fcnglich als Versicherungsangestellter<\/li>\n<li>wurde zu einem der wichtigsten deutschsprachigen Schriftsteller<\/li>\n<li>Verh\u00e4ltnis zu seinem Vater spielte gro\u00dfe Rolle in seinem Leben und seiner Literatur<\/li>\n<li>Gro\u00dfteil seiner Werke wurde erst nach seinem Tod ver\u00f6ffentlicht<\/li>\n<\/ul>\n","protected":false},"excerpt":{"rendered":"<p>Die Verwandlung ist eine Erz\u00e4hlung von Franz Kafka, die im Jahr 1912 entstanden- und 1915 erstver\u00f6ffentlicht wurde. Die Verwandlung erz\u00e4hlt die Geschichte des Junggesellen Gregor Samsa, der zusammen mit seinen Eltern und seiner Schwester in einer kleinen Wohnung lebt. Aus ungekl\u00e4rter Ursache wacht Gregor eines Morgens nicht in seinem menschlichen K\u00f6rper auf, sondern im K\u00f6rper [&hellip;]<\/p>\n","protected":false},"author":3,"featured_media":0,"parent":8123,"menu_order":0,"comment_status":"closed","ping_status":"closed","template":"","meta":[],"categories":[30],"tags":[],"yoast_head":"<!-- This site is optimized with the Yoast SEO plugin v14.7 - https:\/\/yoast.com\/wordpress\/plugins\/seo\/ -->\n<title>Die Verwandlung Zusammenfassung (Franz Kafka) - StudyHelp<\/title>\n<meta name=\"description\" content=\"Die Verwandlung ist eine Erz\u00e4hlung von Franz Kafka, die im Jahr 1912 entstanden- und 1915 erstver\u00f6ffentlicht wurde. Die Erz\u00e4hlung dreht sich um die Verwandlung von Gregor Samsa.\" \/>\n<meta name=\"robots\" content=\"index, follow\" \/>\n<meta name=\"googlebot\" content=\"index, follow, max-snippet:-1, max-image-preview:large, max-video-preview:-1\" \/>\n<meta name=\"bingbot\" content=\"index, follow, max-snippet:-1, max-image-preview:large, max-video-preview:-1\" \/>\n<link rel=\"canonical\" href=\"https:\/\/www.studyhelp.de\/online-lernen\/deutsch\/die-verwandlung-franz-kafka-zusammenfassung\/\" \/>\n<meta property=\"og:locale\" content=\"de_DE\" \/>\n<meta property=\"og:type\" content=\"article\" \/>\n<meta property=\"og:title\" content=\"Die Verwandlung Zusammenfassung (Franz Kafka) - StudyHelp\" \/>\n<meta property=\"og:description\" content=\"Die Verwandlung ist eine Erz\u00e4hlung von Franz Kafka, die im Jahr 1912 entstanden- und 1915 erstver\u00f6ffentlicht wurde. Die Erz\u00e4hlung dreht sich um die Verwandlung von Gregor Samsa.\" \/>\n<meta property=\"og:url\" content=\"https:\/\/www.studyhelp.de\/online-lernen\/deutsch\/die-verwandlung-franz-kafka-zusammenfassung\/\" \/>\n<meta property=\"og:site_name\" content=\"StudyHelp Online-Lernen\" \/>\n<meta property=\"article:modified_time\" content=\"2025-05-20T12:33:26+00:00\" \/>\n<meta property=\"og:image\" content=\"https:\/\/www.studyhelp.de\/online-lernen\/wp-content\/uploads\/2020\/02\/Personenkonstellation-1-1024x621.png\" \/>\n<meta name=\"twitter:card\" content=\"summary_large_image\" \/>\n<script type=\"application\/ld+json\" class=\"yoast-schema-graph\">{\"@context\":\"https:\/\/schema.org\",\"@graph\":[{\"@type\":\"WebSite\",\"@id\":\"https:\/\/www.studyhelp.de\/online-lernen\/#website\",\"url\":\"https:\/\/www.studyhelp.de\/online-lernen\/\",\"name\":\"StudyHelp Online-Lernen\",\"description\":\"\",\"potentialAction\":[{\"@type\":\"SearchAction\",\"target\":\"https:\/\/www.studyhelp.de\/online-lernen\/?s={search_term_string}\",\"query-input\":\"required name=search_term_string\"}],\"inLanguage\":\"de-DE\"},{\"@type\":\"ImageObject\",\"@id\":\"https:\/\/www.studyhelp.de\/online-lernen\/deutsch\/die-verwandlung-franz-kafka-zusammenfassung\/#primaryimage\",\"inLanguage\":\"de-DE\",\"url\":\"https:\/\/www.studyhelp.de\/online-lernen\/wp-content\/uploads\/2020\/02\/Personenkonstellation-1.png\",\"width\":1878,\"height\":1139},{\"@type\":\"WebPage\",\"@id\":\"https:\/\/www.studyhelp.de\/online-lernen\/deutsch\/die-verwandlung-franz-kafka-zusammenfassung\/#webpage\",\"url\":\"https:\/\/www.studyhelp.de\/online-lernen\/deutsch\/die-verwandlung-franz-kafka-zusammenfassung\/\",\"name\":\"Die Verwandlung Zusammenfassung (Franz Kafka) - StudyHelp\",\"isPartOf\":{\"@id\":\"https:\/\/www.studyhelp.de\/online-lernen\/#website\"},\"primaryImageOfPage\":{\"@id\":\"https:\/\/www.studyhelp.de\/online-lernen\/deutsch\/die-verwandlung-franz-kafka-zusammenfassung\/#primaryimage\"},\"datePublished\":\"2020-02-27T08:25:14+00:00\",\"dateModified\":\"2025-05-20T12:33:26+00:00\",\"description\":\"Die Verwandlung ist eine Erz\\u00e4hlung von Franz Kafka, die im Jahr 1912 entstanden- und 1915 erstver\\u00f6ffentlicht wurde. Die Erz\\u00e4hlung dreht sich um die Verwandlung von Gregor Samsa.\",\"inLanguage\":\"de-DE\",\"potentialAction\":[{\"@type\":\"ReadAction\",\"target\":[\"https:\/\/www.studyhelp.de\/online-lernen\/deutsch\/die-verwandlung-franz-kafka-zusammenfassung\/\"]}]}]}<\/script>\n<!-- \/ Yoast SEO plugin. -->","_links":{"self":[{"href":"https:\/\/www.studyhelp.de\/online-lernen\/wp-json\/wp\/v2\/pages\/15674"}],"collection":[{"href":"https:\/\/www.studyhelp.de\/online-lernen\/wp-json\/wp\/v2\/pages"}],"about":[{"href":"https:\/\/www.studyhelp.de\/online-lernen\/wp-json\/wp\/v2\/types\/page"}],"author":[{"embeddable":true,"href":"https:\/\/www.studyhelp.de\/online-lernen\/wp-json\/wp\/v2\/users\/3"}],"replies":[{"embeddable":true,"href":"https:\/\/www.studyhelp.de\/online-lernen\/wp-json\/wp\/v2\/comments?post=15674"}],"version-history":[{"count":15,"href":"https:\/\/www.studyhelp.de\/online-lernen\/wp-json\/wp\/v2\/pages\/15674\/revisions"}],"predecessor-version":[{"id":18475,"href":"https:\/\/www.studyhelp.de\/online-lernen\/wp-json\/wp\/v2\/pages\/15674\/revisions\/18475"}],"up":[{"embeddable":true,"href":"https:\/\/www.studyhelp.de\/online-lernen\/wp-json\/wp\/v2\/pages\/8123"}],"wp:attachment":[{"href":"https:\/\/www.studyhelp.de\/online-lernen\/wp-json\/wp\/v2\/media?parent=15674"}],"wp:term":[{"taxonomy":"category","embeddable":true,"href":"https:\/\/www.studyhelp.de\/online-lernen\/wp-json\/wp\/v2\/categories?post=15674"},{"taxonomy":"post_tag","embeddable":true,"href":"https:\/\/www.studyhelp.de\/online-lernen\/wp-json\/wp\/v2\/tags?post=15674"}],"curies":[{"name":"wp","href":"https:\/\/api.w.org\/{rel}","templated":true}]}}