{"id":15720,"date":"2020-03-11T15:59:08","date_gmt":"2020-03-11T14:59:08","guid":{"rendered":"https:\/\/www.studyhelp.de\/online-lernen\/?page_id=15720"},"modified":"2024-09-13T12:24:36","modified_gmt":"2024-09-13T10:24:36","slug":"verben-im-englischen","status":"publish","type":"page","link":"https:\/\/www.studyhelp.de\/online-lernen\/englisch\/verben-im-englischen\/","title":{"rendered":"Verben im Englischen"},"content":{"rendered":"<p>Im Allgemeinen kann man Verben auch als T\u00e4tigkeiten betiteln. <em>Go<\/em>, <em>play <\/em>oder <em>see <\/em>sind alle Teil dieser Wortart, doch tats\u00e4chlich m\u00fcssen wir Verben noch einmal in drei Unterkategorien unterteilen:<\/p>\n<ul>\n<li><a href=\"#vollverben\">Vollverben<\/a><\/li>\n<li><a href=\"#hilfsverben\">Hilfsverben<\/a><\/li>\n<li><a href=\"#modalverb\">Modalverben<\/a><\/li>\n<\/ul>\n<h2 id=\"vollverben\" class=\"anchor\">Vollverben<\/h2>\n<p><em>Full verbs<\/em> (auch <em>proper verbs<\/em> oder <em>lexical verbs<\/em>) sind, wie bereits oben schon erw\u00e4hnt, T\u00e4tigkeiten. Sie sind tats\u00e4chlich Aktionen, die ausgef\u00fchrt werden k\u00f6nnen. <strong>Beispiele<\/strong>: <em>eat, study, go, sleep<\/em> und leave.<\/p>\n<p>Vollverben k\u00f6nnen, anders als Hilf- und Modalverben, als einziges Verb im Satz existieren.<\/p>\n<p><u><center><em>My son <strong>eats<\/strong> for the apple pie.<\/em><\/center><\/u><\/p>\n<p>Dieser Satz beinhaltet nur ein Verb: <em>eat<\/em>. Hierbei handelt es sich um eine beobachtbare T\u00e4tigkeit.<br \/>\nWenn du deinen Sohn ansiehst kannst du erkennen, dass er den Apfelkuchen isst.<\/p>\n<h2 id=\"hilfesverben\" class=\"anchor\">Hilfsverben &#8211; Auxiliary Verbs<\/h2>\n<p>Etwas komplizierter wird es bei <em>auxiliary verbs<\/em> (auch <em>helping verbs<\/em> oder <em>primary verbs<\/em>), denn anders als Vollverb beschreiben sie keine T\u00e4tigkeiten, sondern \u00fcbermitteln nur grammatikaische Informationen. Das macht vor allem die \u00dcbersetzung aus dem Deutschen kompliziert. Gl\u00fccklicherweise gibt es nur eine handvoll Hilfsverben, die du dir merken musst:<br \/>\n&nbsp;<br \/>\n<img decoding=\"async\" loading=\"lazy\" class=\"size-full wp-image-15722 aligncenter\" src=\"https:\/\/www.studyhelp.de\/online-lernen\/wp-content\/uploads\/2020\/03\/Verben.png\" alt=\"Verben im Englischen\" width=\"565\" height=\"235\" srcset=\"https:\/\/www.studyhelp.de\/online-lernen\/wp-content\/uploads\/2020\/03\/Verben.png 565w, https:\/\/www.studyhelp.de\/online-lernen\/wp-content\/uploads\/2020\/03\/Verben-300x125.png 300w\" sizes=\"(max-width: 565px) 100vw, 565px\" \/><\/p>\n<p>*<em>will<\/em> wird nur f\u00fcr die Future-Zeitform genutzt, weshalb keine Past-Formen existieren.<\/p>\n<p>Um das Ganze noch etwas komplizierter zu machen, haben be, <em>do<\/em> und <em>have<\/em> verschiedene Formen, abh\u00e4ngig vom genutzten Personalpronomen im Satz.<\/p>\n<p><img decoding=\"async\" loading=\"lazy\" class=\"size-full wp-image-15724 aligncenter\" src=\"https:\/\/www.studyhelp.de\/online-lernen\/wp-content\/uploads\/2020\/03\/Verben-Tabelle.png\" alt=\"Verben Tabelle\" width=\"353\" height=\"193\" srcset=\"https:\/\/www.studyhelp.de\/online-lernen\/wp-content\/uploads\/2020\/03\/Verben-Tabelle.png 353w, https:\/\/www.studyhelp.de\/online-lernen\/wp-content\/uploads\/2020\/03\/Verben-Tabelle-300x164.png 300w\" sizes=\"(max-width: 353px) 100vw, 353px\" \/><\/p>\n<p>Im Satz sieht es so aus:<\/p>\n<p><img decoding=\"async\" loading=\"lazy\" class=\"size-full wp-image-15725 aligncenter\" src=\"https:\/\/www.studyhelp.de\/online-lernen\/wp-content\/uploads\/2020\/03\/Verben-zweite-Tabelle.png\" alt=\"Verben zweite Tabelle\" width=\"287\" height=\"151\" \/><\/p>\n<p>Im Satz stehen sie meist vor dem Vollverb. <strong>Wichtig ist, dass Hilfsverben nur in Kombination mit Vollverben benutzt werden k\u00f6nnen, sie k\u00f6nnen nicht alleine stehen!<\/strong> Die W\u00f6rter <em>be<\/em>, <em>do <\/em>, <em>have <\/em>und <em>can<\/em> k\u00f6nnen aber auch als Vollverben genutzt werden. Sehen wir uns das einmal genauer an.<\/p>\n<p><center><em>I <strong>have<\/strong> seen an elephant.<\/em><\/center><\/p>\n<p><em>Have<\/em> ist hier das Hilfsverb und <em>seen<\/em> das Vollverb. <em>Seen<\/em> ist somit die eigentliche T\u00e4tigkeit, \u00fcber die im Satz gesprochen wird, <em>have<\/em> gibt uns nur die grammatikalische Information, dass der Satz im Present Perfect steht.<\/p>\n<p><center><em>I <strong>have<\/strong> three sisters.<\/em><\/center><\/p>\n<p><em>Have<\/em> steht wieder f\u00fcr sich und steht nicht in Verbindung zu einem anderen Verb, somit ist es ein Vollverb. Im zweiten Teil des Satzes ist <em>play<\/em> die eigentliche T\u00e4tigkeit, <em>can<\/em> liefert nur zus\u00e4tzliche Informationen. <em>Can<\/em> ist also ein Hilfsverb.<\/p>\n<h2 id=\"modalverb\" class=\"anchor\">Modalverben &#8211; modal auxiliaries<\/h2>\n<p>Von unseren drei Verbarten finden die <em>modal verbs<\/em> wohl die geringste Anwendung, dennoch sind sie nicht weniger wichtig, wenn wir einen anst\u00e4ndigen Satz auf die Beine stellen wollen. Wie die Hilfsverben, erf\u00fcllen sie einen eher grammatikalischen Zweck und werden unter anderem verwendet, wenn eine Verpflichtung oder eine Freiwilligkeit ausgedr\u00fcckt werden m\u00f6chte.<\/p>\n<p>Hier sind die wichtigsten Modalverben. Es gibt noch ein paar mehr, die im Alltag aber weniger Anwendung finden.<br \/>\n&nbsp;<br \/>\n<img decoding=\"async\" loading=\"lazy\" class=\"size-full wp-image-15726 aligncenter\" src=\"https:\/\/www.studyhelp.de\/online-lernen\/wp-content\/uploads\/2020\/03\/Modalverben.png\" alt=\"Modalverben\" width=\"261\" height=\"269\" \/><\/p>\n<p>Im Satz stehen sie <strong>vor dem Hilfs- und Vollverb.<\/strong><\/p>\n<p><center><em>My brother <strong>should be arriving<\/strong> any minute now.<\/em><\/center><\/p>\n<p>Das Vollverbist <em>arriving<\/em> (ankommen, von <em>arrive<\/em>), das Hilfsverb ist <em>be<\/em> und kennzeichnet, dass der Satz im <em>Present Progressive<\/em> steht. Das should gibt nun an, ob die Handlung freiwillig oder gezwungen stattfindet.<\/p>\n<div class=\"box info\">\n<em>When using a modal auxiliary in front of an auxiliary verb, the auxiliary verb is always in its infinite form (<strong>is<\/strong> reverts back to <strong>be<\/strong>)<\/em><\/p>\n<\/div>\n<p><center><em>I <strong>would come<\/strong> to your house, but my car is broken<\/em><\/center><\/p>\n<p><em>Come<\/em> ist das Vollverb und <em>would<\/em> das Modalverb. <em>Is<\/em> (eine Form von <em>be<\/em>) nimmt hier die Stelle des Vollverbs ein, da es nicht in Kombination mit einer anderen T\u00e4tigkeit verwendet wird.<\/p>\n<div class=\"box info\">\n<p><em>Remember: If you want to use a modal auxiliary, an auxiliary verb and a full verb in your sentence, the order is always: MODAL AUXILIARY &#8211; AUXILIARY VERB &#8211; FULL VERB<\/em><\/p>\n<\/div>\n Ver\u00f6ffentlich am 11.03.2020,  zuletzt aktualisiert: 13.09.2024 von StudyHelp\n","protected":false},"excerpt":{"rendered":"<p>Im Allgemeinen kann man Verben auch als T\u00e4tigkeiten betiteln. Go, play oder see sind alle Teil dieser Wortart, doch tats\u00e4chlich m\u00fcssen wir Verben noch einmal in drei Unterkategorien unterteilen: Vollverben Hilfsverben Modalverben Vollverben Full verbs (auch proper verbs oder lexical verbs) sind, wie bereits oben schon erw\u00e4hnt, T\u00e4tigkeiten. Sie sind tats\u00e4chlich Aktionen, die ausgef\u00fchrt werden [&hellip;]<\/p>\n","protected":false},"author":3,"featured_media":0,"parent":15357,"menu_order":0,"comment_status":"closed","ping_status":"closed","template":"","meta":[],"categories":[68],"tags":[],"yoast_head":"<!-- This site is optimized with the Yoast SEO plugin v14.7 - https:\/\/yoast.com\/wordpress\/plugins\/seo\/ -->\n<title>Verben im Englischen - StudyHelp Online-Lernen<\/title>\n<meta name=\"description\" content=\"Die Englische Grammatik kann kompliziert sein. Wir werden dir in diesem Artikel erkl\u00e4ren welche Arten von Verben es gibt und wie sie angewendet werden.\" \/>\n<meta name=\"robots\" content=\"index, follow\" \/>\n<meta name=\"googlebot\" content=\"index, follow, max-snippet:-1, max-image-preview:large, max-video-preview:-1\" \/>\n<meta name=\"bingbot\" content=\"index, follow, max-snippet:-1, max-image-preview:large, max-video-preview:-1\" \/>\n<link rel=\"canonical\" href=\"https:\/\/www.studyhelp.de\/online-lernen\/englisch\/verben-im-englischen\/\" \/>\n<meta property=\"og:locale\" content=\"de_DE\" \/>\n<meta property=\"og:type\" content=\"article\" \/>\n<meta property=\"og:title\" content=\"Verben im Englischen - StudyHelp Online-Lernen\" \/>\n<meta property=\"og:description\" content=\"Die Englische Grammatik kann kompliziert sein. Wir werden dir in diesem Artikel erkl\u00e4ren welche Arten von Verben es gibt und wie sie angewendet werden.\" \/>\n<meta property=\"og:url\" content=\"https:\/\/www.studyhelp.de\/online-lernen\/englisch\/verben-im-englischen\/\" \/>\n<meta property=\"og:site_name\" content=\"StudyHelp Online-Lernen\" \/>\n<meta property=\"article:modified_time\" content=\"2024-09-13T10:24:36+00:00\" \/>\n<meta property=\"og:image\" content=\"https:\/\/www.studyhelp.de\/online-lernen\/wp-content\/uploads\/2020\/03\/Verben.png\" \/>\n<meta name=\"twitter:card\" content=\"summary_large_image\" \/>\n<script type=\"application\/ld+json\" class=\"yoast-schema-graph\">{\"@context\":\"https:\/\/schema.org\",\"@graph\":[{\"@type\":\"WebSite\",\"@id\":\"https:\/\/www.studyhelp.de\/online-lernen\/#website\",\"url\":\"https:\/\/www.studyhelp.de\/online-lernen\/\",\"name\":\"StudyHelp Online-Lernen\",\"description\":\"\",\"potentialAction\":[{\"@type\":\"SearchAction\",\"target\":\"https:\/\/www.studyhelp.de\/online-lernen\/?s={search_term_string}\",\"query-input\":\"required name=search_term_string\"}],\"inLanguage\":\"de-DE\"},{\"@type\":\"ImageObject\",\"@id\":\"https:\/\/www.studyhelp.de\/online-lernen\/englisch\/verben-im-englischen\/#primaryimage\",\"inLanguage\":\"de-DE\",\"url\":\"https:\/\/www.studyhelp.de\/online-lernen\/wp-content\/uploads\/2020\/03\/Verben.png\",\"width\":565,\"height\":235,\"caption\":\"Verben im Englischen\"},{\"@type\":\"WebPage\",\"@id\":\"https:\/\/www.studyhelp.de\/online-lernen\/englisch\/verben-im-englischen\/#webpage\",\"url\":\"https:\/\/www.studyhelp.de\/online-lernen\/englisch\/verben-im-englischen\/\",\"name\":\"Verben im Englischen - StudyHelp Online-Lernen\",\"isPartOf\":{\"@id\":\"https:\/\/www.studyhelp.de\/online-lernen\/#website\"},\"primaryImageOfPage\":{\"@id\":\"https:\/\/www.studyhelp.de\/online-lernen\/englisch\/verben-im-englischen\/#primaryimage\"},\"datePublished\":\"2020-03-11T14:59:08+00:00\",\"dateModified\":\"2024-09-13T10:24:36+00:00\",\"description\":\"Die Englische Grammatik kann kompliziert sein. Wir werden dir in diesem Artikel erkl\\u00e4ren welche Arten von Verben es gibt und wie sie angewendet werden.\",\"inLanguage\":\"de-DE\",\"potentialAction\":[{\"@type\":\"ReadAction\",\"target\":[\"https:\/\/www.studyhelp.de\/online-lernen\/englisch\/verben-im-englischen\/\"]}]}]}<\/script>\n<!-- \/ Yoast SEO plugin. -->","_links":{"self":[{"href":"https:\/\/www.studyhelp.de\/online-lernen\/wp-json\/wp\/v2\/pages\/15720"}],"collection":[{"href":"https:\/\/www.studyhelp.de\/online-lernen\/wp-json\/wp\/v2\/pages"}],"about":[{"href":"https:\/\/www.studyhelp.de\/online-lernen\/wp-json\/wp\/v2\/types\/page"}],"author":[{"embeddable":true,"href":"https:\/\/www.studyhelp.de\/online-lernen\/wp-json\/wp\/v2\/users\/3"}],"replies":[{"embeddable":true,"href":"https:\/\/www.studyhelp.de\/online-lernen\/wp-json\/wp\/v2\/comments?post=15720"}],"version-history":[{"count":12,"href":"https:\/\/www.studyhelp.de\/online-lernen\/wp-json\/wp\/v2\/pages\/15720\/revisions"}],"predecessor-version":[{"id":17821,"href":"https:\/\/www.studyhelp.de\/online-lernen\/wp-json\/wp\/v2\/pages\/15720\/revisions\/17821"}],"up":[{"embeddable":true,"href":"https:\/\/www.studyhelp.de\/online-lernen\/wp-json\/wp\/v2\/pages\/15357"}],"wp:attachment":[{"href":"https:\/\/www.studyhelp.de\/online-lernen\/wp-json\/wp\/v2\/media?parent=15720"}],"wp:term":[{"taxonomy":"category","embeddable":true,"href":"https:\/\/www.studyhelp.de\/online-lernen\/wp-json\/wp\/v2\/categories?post=15720"},{"taxonomy":"post_tag","embeddable":true,"href":"https:\/\/www.studyhelp.de\/online-lernen\/wp-json\/wp\/v2\/tags?post=15720"}],"curies":[{"name":"wp","href":"https:\/\/api.w.org\/{rel}","templated":true}]}}