{"id":15781,"date":"2020-05-11T08:35:32","date_gmt":"2020-05-11T06:35:32","guid":{"rendered":"https:\/\/www.studyhelp.de\/online-lernen\/?page_id=15781"},"modified":"2024-09-13T12:17:30","modified_gmt":"2024-09-13T10:17:30","slug":"pronomen-im-englischen","status":"publish","type":"page","link":"https:\/\/www.studyhelp.de\/online-lernen\/pronomen-im-englischen\/","title":{"rendered":"Pronomen im Englischen"},"content":{"rendered":"<p>Pronomen geh\u00f6ren zu den wichtigsten Aspekten einer Sprache. Aus diesem Grund sollten wir sie ohne nachzudenken anwenden k\u00f6nnen. Sie geh\u00f6ren nicht nur zu den am h\u00e4ufigsten verwendeten W\u00f6rtern der englischen Sprache, die meisten Grammatikregeln drehen sich au\u00dferdem um das im Satz verwendete Pronomen. Das wirst du sp\u00e4testens dann sehen, wenn wir uns den Zeitformen<br \/>\nwidmen.<\/p>\n<p>Pronomen geh\u00f6ren zu den wichtigsten Aspekten einer Sprache. Aus diesem Grund sollten wir sie ohne nachzudenken anwenden k\u00f6nnen. Sie geh\u00f6ren nicht nur zu den am h\u00e4ufigsten verwendeten W\u00f6rtern der englischen Sprache, die meisten Grammatikregeln drehen sich au\u00dferdem um das im Satz verwendete Pronomen. Das wirst du sp\u00e4testens dann sehen, wenn wir uns den Zeitformen widmen.<\/p>\n<h2>Personalpronomen &#8211; Personal Pronouns<\/h2>\n<p>Wenn es um das Lernen einer Sprache geht, geh\u00f6ren Personalpronomen zum absoluten Minimum &#8211; ohne sie geht nichts. Gl\u00fccklicherweise sind sie einer der leichtesten Aspekte der Sprache, denn sie verlangen nicht viel mehr als blo\u00dfes Auswendiglernen. <\/p>\n<div class=\"Table\">\n<div class=\"Table-row Table-header\">\n<div class=\"Table-row-item\">Deutsch<\/div>\n<div class=\"Table-row-item\">Definition<\/div>\n<\/p><\/div>\n<div class=\"Table-row\">\n<div class=\"Table-row-item\" data-header=\"Operator\">\n<p>Ich<\/p>\n<\/div>\n<div class=\"Table-row-item\" data-header=\"Definition\">\n<p>\/<\/p>\n<\/div><\/div>\n<div class=\"Table-row\">\n<div class=\"Table-row-item\" data-header=\"Operator\">\n<p>du<\/p>\n<\/div>\n<div class=\"Table-row-item\" data-header=\"Definition\">\n<p><em>you<\/em><\/p>\n<\/div><\/div>\n<div class=\"Table-row\">\n<div class=\"Table-row-item\" data-header=\"Operator\">\n<p>er<\/p><\/div>\n<div class=\"Table-row-item\" data-header=\"Definition\">\n<p><em>he<\/em><\/p>\n<\/div><\/div>\n<div class=\"Table-row\">\n<div class=\"Table-row-item\" data-header=\"Operator\">\n<p>sie<\/p>\n<\/div>\n<div class=\"Table-row-item\" data-header=\"Definition\">\n<p><em>she<\/em><\/p>\n<\/div><\/div>\n<div class=\"Table-row\">\n<div class=\"Table-row-item\" data-header=\"Operator\">\n<p>es<\/p>\n<\/div>\n<div class=\"Table-row-item\" data-header=\"Definition\">\n<p><em>it<\/em><\/p>\n<\/div><\/div>\n<div class=\"Table-row\">\n<div class=\"Table-row-item\" data-header=\"Operator\">\n<p>wir<\/p>\n<\/div>\n<div class=\"Table-row-item\" data-header=\"Definition\">\n<p><em>we<\/em><\/p>\n<\/div><\/div>\n<div class=\"Table-row\">\n<div class=\"Table-row-item\" data-header=\"Operator\">\n<p>ihr<\/p>\n<\/div>\n<div class=\"Table-row-item\" data-header=\"Definition\">\n<p><em>you<\/em><\/p>\n<\/div><\/div>\n<div class=\"Table-row\">\n<div class=\"Table-row-item\" data-header=\"Operator\">\n<p>sie<\/p>\n<\/div>\n<div class=\"Table-row-item\" data-header=\"Definition\">\n<p><em>they<\/em><\/p>\n<\/div><\/div>\n<\/div>\n<div class=\"box info\">\nThe English pronoun \u201eI\u201c is always written with an uppercase letter. It doesn\u2019t matter how you<br \/>\nuse it, never write it with a lowercase \u201ei\u201c!<br \/>\n<\/div>\n<p><strong>In einem Satz sieht es so aus:<\/strong><br \/>\n<center><strong>Er<\/strong> lebt lieber in der Stadt. \u2192 <u><em><strong>He<\/strong> prefers to live in the city. <\/em><\/center><\/u><br \/>\n<center><strong>Sie<\/strong> ist gegen Kinderarbeit. \u2192 <u><em><strong>She<\/strong> is against child labor.<\/em><\/center><\/u><br \/>\n<center><strong>Wir<\/strong> wollen Kindern helfen. \u2192 <u><em><strong>We<\/strong> want to help children.<\/em><\/center><\/u><\/p>\n<p>Da wir im Deutschen zwei verschiedene Verwendungszwecke f\u00fcr das Personalpronomen \u201esie\u201c haben (im Singular und im Plural), solltest du hier besonders vorsichtig sein.<br \/>\n<center><strong>Sie<\/strong> isst Apfelkuchen. \u2192 <u><em><strong>She<\/strong> eats apple pie.<\/em><\/center><\/u><br \/>\n<center><strong>Sie<\/strong> essen Apfelkuchen. \u2192 <u><em><strong>They<\/strong> eat apple pie.<\/em><\/center><\/u><\/p>\n<p>Einem \u00e4hnlichen Problem m\u00fcssen wir uns stellen, wenn wir das Personalpronom you aus dem Englischen \u00fcbersetzen wollen, da es sowohl du als auch ihr bedeuten kann.<br \/>\n<center><strong>You<\/strong> ate the apple pie. \u2192 <u><em><strong>Du<\/strong> a\u00dft den Apfelkuchen.<\/em><\/center><\/u><br \/>\n<center><strong>You<\/strong> ate the apple pie. \u2192 <u><em><strong>Ihr<\/strong> a\u00dft den Apfelkuchen.<\/em><\/center><\/u><\/p>\n<p>Diese Situation ist besonders kompliziert. Anders als beim deutschen \u201esie\u201c, wo wir mit Hilfe der Verbform bestimmen k\u00f6nnen, ob es sich um die Ein- oder Mehrzahl handelt, sehen wir beim<br \/>\nEnglischen you keinen Unterschied. Die S\u00e4tze sind exakt gleich. In diesen Situationen musst du aus dem gegebenen Kontext herauslesen, ob Singular oder Plural verlangt wird.<\/p>\n<h2>Personalpronomen im Objekt<\/h2>\n<p>Wenn es um das Lernen einer Sprache geht, geh\u00f6ren Personalpronomen zum absoluten Minimum<br \/>\n&#8211; ohne sie geht nichts. Gl\u00fccklicherweise sind sie einer der leichtesten Aspekte der Sprache, denn<br \/>\nsie verlangen nicht viel mehr als blo\u00dfes Auswendiglernen.<\/p>\n<p>Die einzelnen Personalpronomen lassen sich 1:1 aus dem Deutschen \u00fcbersetzen:<\/p>\n<div class=\"Table\">\n<div class=\"Table-row Table-header\">\n<div class=\"Table-row-item\">Subjekt<\/div>\n<div class=\"Table-row-item\">Objekt<\/div>\n<\/p><\/div>\n<div class=\"Table-row\">\n<div class=\"Table-row-item\" data-header=\"Operator\">\n<p><strong>Deutsch<\/strong><\/p>\n<\/div>\n<div class=\"Table-row-item\" data-header=\"Definition\">\n<p><strong>Englisch<\/strong><\/p>\n<\/div>\n<div class=\"Table-row-item\" data-header=\"Operator\">\n<p><strong>Deutsch<\/strong><\/p>\n<\/div>\n<div class=\"Table-row-item\" data-header=\"Definition\">\n<p><strong>Englisch<\/strong><\/p>\n<\/div><\/div>\n<div class=\"Table-row\">\n<div class=\"Table-row-item\" data-header=\"Operator\">\n<p>ich<\/p>\n<\/div>\n<div class=\"Table-row-item\" data-header=\"Definition\">\n<p><em>I<\/em><\/p>\n<\/div>\n<div class=\"Table-row-item\" data-header=\"Operator\">\n<p>mich<\/p>\n<\/div>\n<div class=\"Table-row-item\" data-header=\"Definition\">\n<p><em>me<\/em><\/p>\n<\/div><\/div>\n<div class=\"Table-row\">\n<div class=\"Table-row-item\" data-header=\"Operator\">\n<p>du<\/p>\n<\/div>\n<div class=\"Table-row-item\" data-header=\"Definition\">\n<p><em>you<\/em><\/p>\n<\/div>\n<div class=\"Table-row-item\" data-header=\"Operator\">\n<p>dich<\/p>\n<\/div>\n<div class=\"Table-row-item\" data-header=\"Definition\">\n<p><em>you<\/em><\/p>\n<\/div><\/div>\n<div class=\"Table-row\">\n<div class=\"Table-row-item\" data-header=\"Operator\">\n<p>er<\/p><\/div>\n<div class=\"Table-row-item\" data-header=\"Definition\">\n<p><em>he<\/em><\/p>\n<\/div>\n<div class=\"Table-row-item\" data-header=\"Operator\">\n<p>ihn<\/p><\/div>\n<div class=\"Table-row-item\" data-header=\"Definition\">\n<p><em>him<\/em><\/p>\n<\/div><\/div>\n<div class=\"Table-row\">\n<div class=\"Table-row-item\" data-header=\"Operator\">\n<p>sie<\/p>\n<\/div>\n<div class=\"Table-row-item\" data-header=\"Definition\">\n<p><em>she<\/em><\/p>\n<\/div>\n<div class=\"Table-row-item\" data-header=\"Operator\">\n<p>ihr<\/p>\n<\/div>\n<div class=\"Table-row-item\" data-header=\"Definition\">\n<p><em>her<\/em><\/p>\n<\/div><\/div>\n<div class=\"Table-row\">\n<div class=\"Table-row-item\" data-header=\"Operator\">\n<p>es<\/p>\n<\/div>\n<div class=\"Table-row-item\" data-header=\"Definition\">\n<p><em>it<\/em><\/p>\n<\/div>\n<div class=\"Table-row-item\" data-header=\"Operator\">\n<p>es<\/p>\n<\/div>\n<div class=\"Table-row-item\" data-header=\"Definition\">\n<p><em>it<\/em><\/p>\n<\/div><\/div>\n<div class=\"Table-row\">\n<div class=\"Table-row-item\" data-header=\"Operator\">\n<p>wir<\/p>\n<\/div>\n<div class=\"Table-row-item\" data-header=\"Definition\">\n<p><em>we<\/em><\/p>\n<\/div>\n<div class=\"Table-row-item\" data-header=\"Operator\">\n<p>uns<\/p>\n<\/div>\n<div class=\"Table-row-item\" data-header=\"Definition\">\n<p><em>us<\/em><\/p>\n<\/div><\/div>\n<div class=\"Table-row\">\n<div class=\"Table-row-item\" data-header=\"Operator\">\n<p>ihr<\/p>\n<\/div>\n<div class=\"Table-row-item\" data-header=\"Definition\">\n<p><em>you<\/em><\/p>\n<\/div>\n<div class=\"Table-row-item\" data-header=\"Operator\">\n<p>euch<\/p>\n<\/div>\n<div class=\"Table-row-item\" data-header=\"Definition\">\n<p><em>you<\/em><\/p>\n<\/div><\/div>\n<div class=\"Table-row\">\n<div class=\"Table-row-item\" data-header=\"Operator\">\n<p>sie<\/p>\n<\/div>\n<div class=\"Table-row-item\" data-header=\"Definition\">\n<p><em>they<\/em><\/p>\n<\/div>\n<div class=\"Table-row-item\" data-header=\"Operator\">\n<p>sie<\/p>\n<\/div>\n<div class=\"Table-row-item\" data-header=\"Definition\">\n<p><em>them<\/em><\/p>\n<\/div><\/div>\n<\/div>\n<p>&nbsp;<br \/>\n<strong>Hier ein paar Beispiele, um das Ganze etwas anschaulicher zu machen.<\/strong><br \/>\n<center><strong>Ich<\/strong> besuche <strong>ihn<\/strong>. \u2192  <strong>I<\/strong> visit <strong>him<\/strong>.<\/center><br \/>\n<center><strong>Sie<\/strong> liebt <strong>ihn<\/strong>. \u2192 <strong>She<\/strong> loves <strong>him<\/strong>.<\/center><br \/>\n<center><strong>Wir<\/strong> besiegen <strong>sie<\/strong>. \u2192 <strong>We<\/strong> beat <strong>them<\/strong>.<\/center><\/p>\n<div class=\"box info\">\n<p>Steht das Pronomen im&#8230;<\/p>\n<ul>\n<li> Subjekt (vorderer Teil des Satzes), nutzen wir die Subjektformen<\/li>\n<li> Objekt (hinterer Teil), nutzen wir die Objektformen<\/li>\n<\/ul>\n<\/div>\n<p>Lass dich von den ganzen W\u00f6rtern und Formen nicht entmutigen. Die gr\u00f6\u00dfte Schwierigkeit an Personalpronomen ist nicht die Anwendung, sondern das Auswendiglernen. Die Personalpronomen geh\u00f6ren zu den am h\u00e4ufigsten verwendeten W\u00f6rtern der englischen Sprache. Es ist also wichtig, dass du sie ohne nachzudenken korrekt verwenden kannst, bevor du dich den komplexeren Aspekten der Sprache widmest.<\/p>\n<h2>Besitzanzeigende Pronomen &#8211; Possessive Pronouns<\/h2>\n<p>Possessive Pronouns nutzen wir dann, wenn wir ohne viel Aufwand die Zugeh\u00f6rigkeit einer Person oder eines Gegenstandes zeigen wollen. <\/p>\n<p>Die besitzanzeigende Form von Substantiven zu bilden ist denkbar einfach, wir setzen einfach ein Apostroph und ein s hinter das Substantiv.<\/p>\n<p><center>This is my grandmother\u2019<strong>s<\/strong> garden.<\/center><br \/>\n<center>Susie\u2019<strong>s<\/strong> hat flew away.<\/center><br \/>\n<center>My brother\u2019<strong>s<\/strong> dream is to become a teacher.<\/center><\/p>\n<p>Das Substantiv mit dem Anh\u00e4ngsel \u2019s ist immer die Person bzw. der Gegenstand, der im Besitz<br \/>\ndes darauf folgenden Substantivs ist.<\/p>\n<p><center>This is my grandmother\u2019s garden.<\/center><\/p>\n<p>Etwas anders ist es bei Possessivpronomen, also die besitzanzeigenden Formen von Personalpronomen. Sie werden zu neuen W\u00f6rtern und k\u00f6nnen nicht einfach durch ein \u2019s erweitert werden.<\/p>\n<div class=\"Table\">\n<div class=\"Table-row Table-header\">\n<div class=\"Table-row-item\">Personalpronomen<\/div>\n<div class=\"Table-row-item\">Possesivpronomen<\/div>\n<\/p><\/div>\n<div class=\"Table-row\">\n<div class=\"Table-row-item\" data-header=\"Operator\">\n<p><strong>Englisch<\/strong><\/p>\n<\/div>\n<div class=\"Table-row-item\" data-header=\"Definition\">\n<p><strong>Deutsch<\/strong><\/p>\n<\/div>\n<div class=\"Table-row-item\" data-header=\"Operator\">\n<p><strong>Englisch<\/strong><\/p>\n<\/div>\n<div class=\"Table-row-item\" data-header=\"Definition\">\n<p><strong>Deutsch<\/strong><\/p>\n<\/div><\/div>\n<div class=\"Table-row\">\n<div class=\"Table-row-item\" data-header=\"Definition\">\n<p><em>I<\/em><\/p>\n<\/div>\n<div class=\"Table-row-item\" data-header=\"Operator\">\n<p>ich<\/p>\n<\/div>\n<div class=\"Table-row-item\" data-header=\"Definition\">\n<p><em>my<\/em><\/p>\n<\/div>\n<div class=\"Table-row-item\" data-header=\"Operator\">\n<p>mein<\/p>\n<\/div><\/div>\n<div class=\"Table-row\">\n<div class=\"Table-row-item\" data-header=\"Definition\">\n<p><em>you<\/em><\/p>\n<\/div>\n<div class=\"Table-row-item\" data-header=\"Operator\">\n<p>du<\/p>\n<\/div>\n<div class=\"Table-row-item\" data-header=\"Definition\">\n<p><em>your<\/em><\/p>\n<\/div>\n<div class=\"Table-row-item\" data-header=\"Operator\">\n<p>dein<\/p>\n<\/div><\/div>\n<div class=\"Table-row\">\n<div class=\"Table-row-item\" data-header=\"Definition\">\n<p><em>he<\/em><\/p>\n<\/div>\n<div class=\"Table-row-item\" data-header=\"Operator\">\n<p>er<\/p>\n<\/div>\n<div class=\"Table-row-item\" data-header=\"Definition\">\n<p><em>his<\/em><\/p>\n<\/div>\n<div class=\"Table-row-item\" data-header=\"Operator\">\n<p>sein<\/p>\n<\/div><\/div>\n<div class=\"Table-row\">\n<div class=\"Table-row-item\" data-header=\"Definition\">\n<p><em>she<\/em><\/p>\n<\/div>\n<div class=\"Table-row-item\" data-header=\"Operator\">\n<p>sie<\/p>\n<\/div>\n<div class=\"Table-row-item\" data-header=\"Definition\">\n<p><em>her<\/em><\/p>\n<\/div>\n<div class=\"Table-row-item\" data-header=\"Operator\">\n<p>ihr<\/p>\n<\/div><\/div>\n<div class=\"Table-row\">\n<div class=\"Table-row-item\" data-header=\"Definition\">\n<p><em>it<\/em><\/p>\n<\/div>\n<div class=\"Table-row-item\" data-header=\"Operator\">\n<p>es<\/p>\n<\/div>\n<div class=\"Table-row-item\" data-header=\"Definition\">\n<p><em>its<\/em><\/p>\n<\/div>\n<div class=\"Table-row-item\" data-header=\"Operator\">\n<p>&#8211;<\/p>\n<\/div><\/div>\n<div class=\"Table-row\">\n<div class=\"Table-row-item\" data-header=\"Definition\">\n<p><em>we<\/em><\/p>\n<\/div>\n<div class=\"Table-row-item\" data-header=\"Operator\">\n<p>wir<\/p>\n<\/div>\n<div class=\"Table-row-item\" data-header=\"Definition\">\n<p><em>our<\/em><\/p>\n<\/div>\n<div class=\"Table-row-item\" data-header=\"Operator\">\n<p>unser<\/p>\n<\/div><\/div>\n<div class=\"Table-row\">\n<div class=\"Table-row-item\" data-header=\"Definition\">\n<p><em>you<\/em><\/p>\n<\/div>\n<div class=\"Table-row-item\" data-header=\"Operator\">\n<p>ihr<\/p>\n<\/div>\n<div class=\"Table-row-item\" data-header=\"Definition\">\n<p><em>your<\/em><\/p>\n<\/div>\n<div class=\"Table-row-item\" data-header=\"Operator\">\n<p>euer<\/p>\n<\/div><\/div>\n<div class=\"Table-row\">\n<div class=\"Table-row-item\" data-header=\"Definition\">\n<p><em>they<\/em><\/p>\n<\/div>\n<div class=\"Table-row-item\" data-header=\"Operator\">\n<p>sie<\/p>\n<\/div>\n<div class=\"Table-row-item\" data-header=\"Definition\">\n<p><em>their<\/em><\/p>\n<\/div>\n<div class=\"Table-row-item\" data-header=\"Operator\">\n<p>ihr<\/p>\n<\/div><\/div>\n<\/div>\n<p>&nbsp;<br \/>\n<div class=\"box info\">\n<strong>Folgende Besonderheiten solltest du beachten:<\/strong><\/p>\n<ul>\n<li>Your kann, genauso wie <em>you<\/em>, in der Ein- und Mehrzahl verwendet werden und sowohl dein als auch euer bedeuten. Wieder k\u00f6nnen wir aus der Grammatik nicht herauslesen, welche Form gemeint ist. Hierf\u00fcr m\u00fcssen wir den Inhalt des Satzes deuten.\n<li>In der deutschen Sprache haben wir keine besitzanzeigende Form von es, weshalb <em>its<\/em> nicht \u00fcbersetzt werden kann. In \u00dcbersetzungen benutzen wir stattdessen sein oder ihr.\n<li>Verwechsle <em>its<\/em> nicht mit dem \u00e4hnlich geschriebenen <em>it\u2019s<\/em>. <em>Its<\/em> ist die besitzanzeigende Form von <em>it<\/em>, <em>it\u2019s<\/em> die Kurzform von <em>it is<\/em>.\n<li>Verwechsle <em>their<\/em> nicht mit den \u00e4hnlich geschriebenen <em>there<\/em> und <em>they\u2019re<\/em>. <em>Their<\/em> ist die besitzanzeigende Form von <em>they<\/em>, <em>they\u2019re <\/em>ist die Kurzform von <em>they <\/em><em>are <\/em>und <em>there <\/em>bedeutet dort.\n<li>Das deutsche ihr kann wieder f\u00fcr die Einzahl oder Mehrzahl genutzt werden. Achte genau<br \/>\ndarauf, ob du her oder <em>their <\/em>nutzen musst.\n<\/ul>\n<\/div><\/p>\n<p>Versuche nun einmal folgenden Text zu \u00fcbersetzen und achte vor allem auf die richtige Possessivform.<br \/>\n<center>Unser Lehrer gab Lea die beste Note f\u00fcr ihren Vortrag.<\/center><br \/>\n<center>Ihr Vortrag war gut, aber ich mochte Markos Gruppe auch.<\/center><br \/>\n<center>Ihr Vortrag h\u00e4tte eine bessere Note verdient.<\/center><\/p>\n<p>Folgende \u00dcbersetzung w\u00e4re Korrekt:<br \/>\n<center><em><strong>Our<\/strong> teacher gave Lea the best mark for <strong>her<\/strong> presentation<\/em>.<\/center><br \/>\n<center><em><strong>Her<\/strong> presentation was good, but I liked Marko<strong>\u2019s<\/strong> group, too.<\/em><\/center><br \/>\n<center><em><strong>Their<\/strong> presentation deserved a better mark.<\/em><\/center><\/p>\n<p>In diesem Beispiel m\u00fcssen wir genau aufpassen, dass wir die verschiedenen Formen des deutschen \u201eihr\u201c auseinanderhalten. Zuerst ging es um Leas Vortrag. Lea ist eine einzelne, weibliche Person, weshalb her genutzt werden muss. Im dritten Satz geht es um die Pr\u00e4sentation von Markos Gruppe. Demzufolge muss their verwendet werden, da Markos Gruppe mehrere Personen beinhaltet. Beachte auch, dass du in Marko\u2019s group ein Apostroph ben\u00f6tigt<\/p>\n<p>Wie du an diesem Beispiel sehen kannst, nutzen wir oft das Wort presentation, was zu starker Wortwiederholung und f\u00fcr dich zu einer schlechten Note im Schreibstil f\u00fchrt. Gl\u00fccklicherweise k\u00f6nnen wir dieses Problem beheben, indem wir die Pronomen mit dem Substantiv zu einem neuen Wort verbinden.<\/p>\n<p><strong>Im Deutschen k\u00f6nnten wir aus dem Satz folgendes machen:<\/strong><\/p>\n<p><center><strong>Ihr Vortrag<\/strong> war gut, aber ich mochte Markos Gruppe auch.<\/center><br \/>\n<center><strong>Ihrer<\/strong> war gut, aber ich mochte Markos Gruppe auch.<\/center><\/p>\n<p>Klingt doch schon viel besser, oder? Gl\u00fccklicherweise haben wir in der englischen Sprache eine \u00e4hnliche M\u00f6glichkeit:<\/p>\n<p><center><strong>Her presentation<\/strong> was good, but I liked Marko\u2019s group, too.<\/center><br \/>\n<center><strong>Hers<\/strong> was good, but I liked Marko\u2019s group, too.<\/center><\/p>\n<p>Dieses Prinzip kannst du auf alle anderen Personalpronomen anwenden.<br \/>\n<center>my \u2192  mine<\/center><br \/>\n<center>your \u2192  yours<\/center><br \/>\n<center>his \u2192  his<\/center><br \/>\n<center>her \u2192  hers<\/center><br \/>\n<center>its \u2192  its<\/center><br \/>\n<center>our \u2192  ours<\/center><br \/>\n<center>your \u2192  yours<\/center><br \/>\n<center>their \u2192  theirs<\/center><\/p>\n<p>An die meisten Possessivpronomen wird in dieser Form einfach ein s angeh\u00e4ngt. Its und his bleiben gleich und my wird zu mine. Diese Form von its klingt jedoch sehr unnat\u00fcrlich und sollte nicht<br \/>\nverwendet werden. Nimm stattdessen his oder hers.<\/p>\n<p>Versuchen wir es einmal an folgenden Beispiels\u00e4tzen:<\/p>\n<p>It\u2019s my book and not your book. \u2192 It\u2019s my book and not yours.<br \/>\nYour computer is more powerful than my computer. \u2192 Your computer is more powerful than mine.<br \/>\nMy holidays were great, I visited my grandparents! How were your holidays? \u2192 My holidays were great, I visited my grandparents! How were yours?<\/p>\n<h2>Reflexivpronomen &#8211; Reflexive Pronouns<\/h2>\n<p>Reflexive pronouns klingen direkt komplizierter als die bisher betrachteten Varianten der Wortart, lassen sich aber \u00e4hnlich einfach anwenden.<\/p>\n<p>Das Wort reflexive definiert sich in der Sprachwissenschaft als \u201esich auf das Subjekt zur\u00fcckbeziehend\u201c. Wir nutzen sie, wenn die im Subjekt und im Objekt besprochene Person dieselbe ist. Wie bereits besprochen, k\u00f6nnen Personalpronomen im Subjekt und im Objekt eines Satzes verwendet werden.<\/p>\n<p><u><em>I like <strong>you<\/strong>.<\/em><\/u><br \/>\n<u><em>You like <strong>her<\/strong>.<\/em><\/u><br \/>\n<u><em>We like <strong>them<\/strong>.<\/em><\/u><\/p>\n<p>Im Subjekt dieses Satzes geht es immer um eine Person (oder eine Gruppe von Personen), die eine andere Person (oder Gruppe), die im Objekt steht, mag. Es sind also immer mindestens zwei Personen involviert. Sprichst du in deinem Satz nur \u00fcber eine Person, muss ein Reflexivpronom verwendet werden.<\/p>\n<p><strong>Du magst dich<\/strong>.<br \/>\n<em><strong>You like <strong>yourself<\/strong><\/em><\/p>\n<p>F\u00fcr alle Personalpronomen gibt es ein entsprechendes Reflexivpronom:<br \/>\n<em>I \u2192 myself<\/em><br \/>\n<em>you \u2192 yourself<\/em><br \/>\n<em>he \u2192 himself<\/em><br \/>\n<em>she \u2192 herself<\/em><br \/>\n<em>it \u2192 itself<\/em><br \/>\n<em>we \u2192 ourselves<\/em><br \/>\n<em>you \u2192 yourselves<\/em><br \/>\n<em>they \u2192 themselves<\/em><\/p>\n<div class=\"box info\">\nFor singular pronouns (I, you, he, she, it) you add \u201eself\u201c at the end, for plural pronouns (we, you, they) you have to add \u201eselves\u201c. This is one of the few situations where you can actually tell the difference between the singular and the plural you.<br \/>\n<\/div>\n<p>Wie du siehst, ist es gar nicht so kompliziert. Diese Reflexivpronomen stehen im Normalfall nur im Objekt eines Satzes. <\/p>\n<p><em>He plays chess by <strong>himself.<\/strong><\/em><br \/>\n<em>She ate the whole cake by <strong>herself.<\/strong><\/em><br \/>\n<em><strong>They taught themselves how to play the guitar.<\/em><\/p>\n<p>Das funktioniert nat\u00fcrlich auch, wenn die besprochenen Personen im Subjekt genauer bezeichnet und nicht durch ein Pronomen dargestellt werden.<\/p>\n<p><em><strong>My brother<\/strong> plays chess by <strong>himself.<\/strong><\/em><br \/>\n<em><strong>My friend<\/strong> ate the whole cake by <strong>herself.<\/strong><\/em><br \/>\n<em><strong>The band members<\/strong> taught <strong>themselves how to play the guitar.<\/strong><\/em><\/p>\n Ver\u00f6ffentlich am 11.05.2020,  zuletzt aktualisiert: 13.09.2024 von StudyHelp\n","protected":false},"excerpt":{"rendered":"<p>Pronomen geh\u00f6ren zu den wichtigsten Aspekten einer Sprache. Aus diesem Grund sollten wir sie ohne nachzudenken anwenden k\u00f6nnen. Sie geh\u00f6ren nicht nur zu den am h\u00e4ufigsten verwendeten W\u00f6rtern der englischen Sprache, die meisten Grammatikregeln drehen sich au\u00dferdem um das im Satz verwendete Pronomen. Das wirst du sp\u00e4testens dann sehen, wenn wir uns den Zeitformen widmen. [&hellip;]<\/p>\n","protected":false},"author":3,"featured_media":0,"parent":0,"menu_order":0,"comment_status":"closed","ping_status":"closed","template":"","meta":[],"categories":[68],"tags":[],"yoast_head":"<!-- This site is optimized with the Yoast SEO plugin v14.7 - https:\/\/yoast.com\/wordpress\/plugins\/seo\/ -->\n<title>Pronomen im Englischen - StudyHelp Online-Lernen<\/title>\n<meta name=\"description\" content=\"Leicht verst\u00e4ndliche Erkl\u00e4rungen zu den verschiedenen Pronomen im Englischen mit vielen Beispielen und hilfreichen Tipps.\" \/>\n<meta name=\"robots\" content=\"index, follow\" \/>\n<meta name=\"googlebot\" content=\"index, follow, max-snippet:-1, max-image-preview:large, max-video-preview:-1\" \/>\n<meta name=\"bingbot\" content=\"index, follow, max-snippet:-1, max-image-preview:large, max-video-preview:-1\" \/>\n<link rel=\"canonical\" href=\"https:\/\/www.studyhelp.de\/online-lernen\/pronomen-im-englischen\/\" \/>\n<meta property=\"og:locale\" content=\"de_DE\" \/>\n<meta property=\"og:type\" content=\"article\" \/>\n<meta property=\"og:title\" content=\"Pronomen im Englischen - StudyHelp Online-Lernen\" \/>\n<meta property=\"og:description\" content=\"Leicht verst\u00e4ndliche Erkl\u00e4rungen zu den verschiedenen Pronomen im Englischen mit vielen Beispielen und hilfreichen Tipps.\" \/>\n<meta property=\"og:url\" content=\"https:\/\/www.studyhelp.de\/online-lernen\/pronomen-im-englischen\/\" \/>\n<meta property=\"og:site_name\" content=\"StudyHelp Online-Lernen\" \/>\n<meta property=\"article:modified_time\" content=\"2024-09-13T10:17:30+00:00\" \/>\n<meta name=\"twitter:card\" content=\"summary_large_image\" \/>\n<script type=\"application\/ld+json\" class=\"yoast-schema-graph\">{\"@context\":\"https:\/\/schema.org\",\"@graph\":[{\"@type\":\"WebSite\",\"@id\":\"https:\/\/www.studyhelp.de\/online-lernen\/#website\",\"url\":\"https:\/\/www.studyhelp.de\/online-lernen\/\",\"name\":\"StudyHelp Online-Lernen\",\"description\":\"\",\"potentialAction\":[{\"@type\":\"SearchAction\",\"target\":\"https:\/\/www.studyhelp.de\/online-lernen\/?s={search_term_string}\",\"query-input\":\"required name=search_term_string\"}],\"inLanguage\":\"de-DE\"},{\"@type\":\"WebPage\",\"@id\":\"https:\/\/www.studyhelp.de\/online-lernen\/pronomen-im-englischen\/#webpage\",\"url\":\"https:\/\/www.studyhelp.de\/online-lernen\/pronomen-im-englischen\/\",\"name\":\"Pronomen im Englischen - StudyHelp Online-Lernen\",\"isPartOf\":{\"@id\":\"https:\/\/www.studyhelp.de\/online-lernen\/#website\"},\"datePublished\":\"2020-05-11T06:35:32+00:00\",\"dateModified\":\"2024-09-13T10:17:30+00:00\",\"description\":\"Leicht verst\\u00e4ndliche Erkl\\u00e4rungen zu den verschiedenen Pronomen im Englischen mit vielen Beispielen und hilfreichen Tipps.\",\"inLanguage\":\"de-DE\",\"potentialAction\":[{\"@type\":\"ReadAction\",\"target\":[\"https:\/\/www.studyhelp.de\/online-lernen\/pronomen-im-englischen\/\"]}]}]}<\/script>\n<!-- \/ Yoast SEO plugin. -->","_links":{"self":[{"href":"https:\/\/www.studyhelp.de\/online-lernen\/wp-json\/wp\/v2\/pages\/15781"}],"collection":[{"href":"https:\/\/www.studyhelp.de\/online-lernen\/wp-json\/wp\/v2\/pages"}],"about":[{"href":"https:\/\/www.studyhelp.de\/online-lernen\/wp-json\/wp\/v2\/types\/page"}],"author":[{"embeddable":true,"href":"https:\/\/www.studyhelp.de\/online-lernen\/wp-json\/wp\/v2\/users\/3"}],"replies":[{"embeddable":true,"href":"https:\/\/www.studyhelp.de\/online-lernen\/wp-json\/wp\/v2\/comments?post=15781"}],"version-history":[{"count":30,"href":"https:\/\/www.studyhelp.de\/online-lernen\/wp-json\/wp\/v2\/pages\/15781\/revisions"}],"predecessor-version":[{"id":18050,"href":"https:\/\/www.studyhelp.de\/online-lernen\/wp-json\/wp\/v2\/pages\/15781\/revisions\/18050"}],"wp:attachment":[{"href":"https:\/\/www.studyhelp.de\/online-lernen\/wp-json\/wp\/v2\/media?parent=15781"}],"wp:term":[{"taxonomy":"category","embeddable":true,"href":"https:\/\/www.studyhelp.de\/online-lernen\/wp-json\/wp\/v2\/categories?post=15781"},{"taxonomy":"post_tag","embeddable":true,"href":"https:\/\/www.studyhelp.de\/online-lernen\/wp-json\/wp\/v2\/tags?post=15781"}],"curies":[{"name":"wp","href":"https:\/\/api.w.org\/{rel}","templated":true}]}}