{"id":15868,"date":"2020-06-03T15:25:48","date_gmt":"2020-06-03T13:25:48","guid":{"rendered":"https:\/\/www.studyhelp.de\/online-lernen\/?page_id=15868"},"modified":"2024-09-13T12:19:55","modified_gmt":"2024-09-13T10:19:55","slug":"konjunktionen-conjunctions","status":"publish","type":"page","link":"https:\/\/www.studyhelp.de\/online-lernen\/englisch\/konjunktionen-conjunctions\/","title":{"rendered":"Konjunktionen &#8211; Conjunctions"},"content":{"rendered":"<p>Mit einer Konjunktion (conjunction) lassen sich zwei normalerweise einzelne S\u00e4tze miteinander verbinden. Die bekanntesten und am h\u00e4ufigsten genutzten Konjunktionen haben wir in der folgenden Tabelle zusammengefasst. <\/p>\n<div class=\"Table\">\n<div class=\"Table-row Table-header\">\n<div class=\"Table-row-item\">Deutsch<\/div>\n<div class=\"Table-row-item\">Englisch<\/div>\n<div class=\"Table-row-item\">Beispiel<\/div>\n<\/div>\n<div class=\"Table-row\">\n<div class=\"Table-row-item\">\nund\n<\/div>\n<div class=\"Table-row-item\">\n<i>and<\/i>\n<\/div>\n<div class=\"Table-row-item\">\n<i>I went to school, and I learned a lot.<\/i>\n<\/div>\n<\/div>\n<div class=\"Table-row\">\n<div class=\"Table-row-item\">\naber\n<\/div>\n<div class=\"Table-row-item\">\n<i>but<\/i>\n<\/div>\n<div class=\"Table-row-item\">\n<i>My sister cooks dinner, but I am not hungry.<\/i>\n<\/div>\n<\/div>\n<div class=\"Table-row\">\n<div class=\"Table-row-item\">\noder\n<\/div>\n<div class=\"Table-row-item\">\n<i>or<\/i>\n<\/div>\n<div class=\"Table-row-item\">\n<i>Can you help me, or are you busy?<\/i>\n<\/div>\n<\/div>\n<\/div>\n<p>&nbsp;<br \/>\nIn den Beispiels\u00e4tzen verbinden die Konjunktionen zwei Haupts\u00e4tze. Hierbei sollte ein Komma vor die Konjunktion gesetzt werden. Eine andere Variante k\u00f6nnen wir im ersten Beispielsatz anwenden.<\/p>\n<p><i><u>I went to school, and I learned a lot.<\/u><\/i><\/p>\n<p>Wie du sehen kannst verwenden beide S\u00e4tze das gleiche Subjekt, n\u00e4mlich <i><u>I<\/u><\/i>. Hier k\u00f6nnen wir das zweite <i><u>I<\/u><\/i> einfach \u201ewegk\u00fcrzen\u201c.<\/p>\n<p><i><u>I went to school and learned a lot.<\/u><\/i><\/p>\n<p>Beide S\u00e4tze teilen sich nun das Subjekt des ersten Satzes, wodurch weniger Wortwiederholungen im Text entstehen. Da der zweite Satz durch die Entfernung des Subjekts zu einem Nebensatz<br \/>\nwurde, muss kein Komma mehr gesetzt werden.<\/p>\n<div class=\"box info\">\n<p>\n<i><strong>Another use for some conjunctions are enumerations.<\/strong><\/i><\/p>\n<p><i>I bought a new book, some pens and a ruler.<\/i><br \/>\n<i>Do you want ice cream, hot chocolate, or a piece of cake?<\/i><br \/>\n<i>The comma in front of the conjunction is optional. You can use it, but you don\u2019t have to.<\/i>\n<\/p>\n<\/div>\n<p><i><u>And,<\/u><\/i> <i><u>or<\/u><\/i> und <i><u>but<\/u><\/i> sind zwar bei weitem die bekanntesten Konjunktionen in der Englischen Sprache, trotzdem sollten die anderen nicht zu kurz kommen. Die Liste aller Konjunktionen ist lang. <\/p>\n<p>Hier ein kurzer Auszug der G\u00e4ngigsten.<\/p>\n<div class=\"Table\">\n<div class=\"Table-row Table-header\">\n<div class=\"Table-row-item\">Deutsch<\/div>\n<div class=\"Table-row-item\">Englisch<\/div>\n<div class=\"Table-row-item\">Beispiel<\/div>\n<\/div>\n<div class=\"Table-row\">\n<div class=\"Table-row-item\">\nwenn\/falls\n<\/div>\n<div class=\"Table-row-item\">\n<i>if<\/i>\n<\/div>\n<div class=\"Table-row-item\">\n<i>We will go to the mall, if you finish your homework.<\/i>\n<\/div>\n<\/div>\n<div class=\"Table-row\">\n<div class=\"Table-row-item\">\ntrotzdem\n<\/div>\n<div class=\"Table-row-item\">\n<i>even though<\/i>\n<\/div>\n<div class=\"Table-row-item\">\n<i>We went to the mall, even though I never finished my homework.<\/i>\n<\/div>\n<\/div>\n<div class=\"Table-row\">\n<div class=\"Table-row-item\">\nweil\n<\/div>\n<div class=\"Table-row-item\">\n<i>because<\/i>\n<\/div>\n<div class=\"Table-row-item\">\n<i>We went to the mall, because I finished my homework<\/i>\n<\/div>\n<\/div>\n<div class=\"Table-row\">\n<div class=\"Table-row-item\">\nsogar\n<\/div>\n<div class=\"Table-row-item\">\n<i>even<\/i>\n<\/div>\n<div class=\"Table-row-item\">\n<i>We go to the mall every day, even on weekends.<\/i>\n<\/div>\n<\/div>\n<p><\/p>\n Ver\u00f6ffentlich am 03.06.2020,  zuletzt aktualisiert: 13.09.2024 von StudyHelp\n","protected":false},"excerpt":{"rendered":"<p>Mit einer Konjunktion (conjunction) lassen sich zwei normalerweise einzelne S\u00e4tze miteinander verbinden. Die bekanntesten und am h\u00e4ufigsten genutzten Konjunktionen haben wir in der folgenden Tabelle zusammengefasst. Deutsch Englisch Beispiel und and I went to school, and I learned a lot. aber but My sister cooks dinner, but I am not hungry. oder or Can you [&hellip;]<\/p>\n","protected":false},"author":3,"featured_media":0,"parent":15357,"menu_order":0,"comment_status":"closed","ping_status":"closed","template":"","meta":[],"categories":[68],"tags":[],"yoast_head":"<!-- This site is optimized with the Yoast SEO plugin v14.7 - https:\/\/yoast.com\/wordpress\/plugins\/seo\/ -->\n<title>Konjunctionen im Englischen - StudyHelp Online-Lernen<\/title>\n<meta name=\"description\" content=\"Mit einer Konjunktion (conjunction) lassen sich zwei normalerweise einzeln stehende S\u00e4tze verbinden. Die bekanntesten sind &quot;and&quot;, &quot;but&quot; und &quot;or.&quot;\" \/>\n<meta name=\"robots\" content=\"index, follow\" \/>\n<meta name=\"googlebot\" content=\"index, follow, max-snippet:-1, max-image-preview:large, max-video-preview:-1\" \/>\n<meta name=\"bingbot\" content=\"index, follow, max-snippet:-1, max-image-preview:large, max-video-preview:-1\" \/>\n<link rel=\"canonical\" href=\"https:\/\/www.studyhelp.de\/online-lernen\/englisch\/konjunktionen-conjunctions\/\" \/>\n<meta property=\"og:locale\" content=\"de_DE\" \/>\n<meta property=\"og:type\" content=\"article\" \/>\n<meta property=\"og:title\" content=\"Konjunctionen im Englischen - StudyHelp Online-Lernen\" \/>\n<meta property=\"og:description\" content=\"Mit einer Konjunktion (conjunction) lassen sich zwei normalerweise einzeln stehende S\u00e4tze verbinden. Die bekanntesten sind &quot;and&quot;, &quot;but&quot; und &quot;or.&quot;\" \/>\n<meta property=\"og:url\" content=\"https:\/\/www.studyhelp.de\/online-lernen\/englisch\/konjunktionen-conjunctions\/\" \/>\n<meta property=\"og:site_name\" content=\"StudyHelp Online-Lernen\" \/>\n<meta property=\"article:modified_time\" content=\"2024-09-13T10:19:55+00:00\" \/>\n<meta name=\"twitter:card\" content=\"summary_large_image\" \/>\n<script type=\"application\/ld+json\" class=\"yoast-schema-graph\">{\"@context\":\"https:\/\/schema.org\",\"@graph\":[{\"@type\":\"WebSite\",\"@id\":\"https:\/\/www.studyhelp.de\/online-lernen\/#website\",\"url\":\"https:\/\/www.studyhelp.de\/online-lernen\/\",\"name\":\"StudyHelp Online-Lernen\",\"description\":\"\",\"potentialAction\":[{\"@type\":\"SearchAction\",\"target\":\"https:\/\/www.studyhelp.de\/online-lernen\/?s={search_term_string}\",\"query-input\":\"required name=search_term_string\"}],\"inLanguage\":\"de-DE\"},{\"@type\":\"WebPage\",\"@id\":\"https:\/\/www.studyhelp.de\/online-lernen\/englisch\/konjunktionen-conjunctions\/#webpage\",\"url\":\"https:\/\/www.studyhelp.de\/online-lernen\/englisch\/konjunktionen-conjunctions\/\",\"name\":\"Konjunctionen im Englischen - StudyHelp Online-Lernen\",\"isPartOf\":{\"@id\":\"https:\/\/www.studyhelp.de\/online-lernen\/#website\"},\"datePublished\":\"2020-06-03T13:25:48+00:00\",\"dateModified\":\"2024-09-13T10:19:55+00:00\",\"description\":\"Mit einer Konjunktion (conjunction) lassen sich zwei normalerweise einzeln stehende S\\u00e4tze verbinden. Die bekanntesten sind \\\"and\\\", \\\"but\\\" und \\\"or.\\\"\",\"inLanguage\":\"de-DE\",\"potentialAction\":[{\"@type\":\"ReadAction\",\"target\":[\"https:\/\/www.studyhelp.de\/online-lernen\/englisch\/konjunktionen-conjunctions\/\"]}]}]}<\/script>\n<!-- \/ Yoast SEO plugin. -->","_links":{"self":[{"href":"https:\/\/www.studyhelp.de\/online-lernen\/wp-json\/wp\/v2\/pages\/15868"}],"collection":[{"href":"https:\/\/www.studyhelp.de\/online-lernen\/wp-json\/wp\/v2\/pages"}],"about":[{"href":"https:\/\/www.studyhelp.de\/online-lernen\/wp-json\/wp\/v2\/types\/page"}],"author":[{"embeddable":true,"href":"https:\/\/www.studyhelp.de\/online-lernen\/wp-json\/wp\/v2\/users\/3"}],"replies":[{"embeddable":true,"href":"https:\/\/www.studyhelp.de\/online-lernen\/wp-json\/wp\/v2\/comments?post=15868"}],"version-history":[{"count":15,"href":"https:\/\/www.studyhelp.de\/online-lernen\/wp-json\/wp\/v2\/pages\/15868\/revisions"}],"predecessor-version":[{"id":18060,"href":"https:\/\/www.studyhelp.de\/online-lernen\/wp-json\/wp\/v2\/pages\/15868\/revisions\/18060"}],"up":[{"embeddable":true,"href":"https:\/\/www.studyhelp.de\/online-lernen\/wp-json\/wp\/v2\/pages\/15357"}],"wp:attachment":[{"href":"https:\/\/www.studyhelp.de\/online-lernen\/wp-json\/wp\/v2\/media?parent=15868"}],"wp:term":[{"taxonomy":"category","embeddable":true,"href":"https:\/\/www.studyhelp.de\/online-lernen\/wp-json\/wp\/v2\/categories?post=15868"},{"taxonomy":"post_tag","embeddable":true,"href":"https:\/\/www.studyhelp.de\/online-lernen\/wp-json\/wp\/v2\/tags?post=15868"}],"curies":[{"name":"wp","href":"https:\/\/api.w.org\/{rel}","templated":true}]}}