{"id":15886,"date":"2020-06-08T14:54:05","date_gmt":"2020-06-08T12:54:05","guid":{"rendered":"https:\/\/www.studyhelp.de\/online-lernen\/?page_id=15886"},"modified":"2024-09-13T12:18:34","modified_gmt":"2024-09-13T10:18:34","slug":"fragewoerter-im-englischen-question-words","status":"publish","type":"page","link":"https:\/\/www.studyhelp.de\/online-lernen\/englisch\/fragewoerter-im-englischen-question-words\/","title":{"rendered":"Fragew\u00f6rter im Englischen &#8211; Question Words"},"content":{"rendered":"<p>Question words, auf deutsch auch gerne W-W\u00f6rter genannt, benutzen wir, wenn wir nach einer ganz bestimmten Sache fragen. Sie lassen sich in den meisten F\u00e4llen direkt aus dem Deutschen<br \/>\n\u00fcbersetzen. Deutsch Englisch Fragt nach. . .<\/p>\n<div class=\"Table\">\n<div class=\"Table-row Table-header\">\n<div class=\"Table-row-item\">Deutsch<\/div>\n<div class=\"Table-row-item\">Englisch<\/div>\n<div class=\"Table-row-item\">Fragt nach&#8230;<\/div>\n<\/p><\/div>\n<div class=\"Table-row\">\n<div class=\"Table-row-item\">\n    wer\n<\/div>\n<div class=\"Table-row-item\">\n    <i><u>who<\/u><\/i>\n<\/div>\n<div class=\"Table-row-item\">\n    einer Person (im Subjekt)\n<\/div>\n<\/div>\n<div class=\"Table-row\">\n<div class=\"Table-row-item\">\n    wen\/wem\n<\/div>\n<div class=\"Table-row-item\">\n    <i><u>whom<\/u><\/i>\n<\/div>\n<div class=\"Table-row-item\">\n    einer Person (im Objekt)*\n<\/div>\n<\/div>\n<div class=\"Table-row\">\n<div class=\"Table-row-item\">\n    was\n<\/div>\n<div class=\"Table-row-item\">\n    <i><u>what<\/u><\/i>\n<\/div>\n<div class=\"Table-row-item\">\n    einem Gegenstand (im Subjekt oder Objekt)\n<\/div>\n<\/div>\n<div class=\"Table-row\">\n<div class=\"Table-row-item\">\n    welche\n<\/div>\n<div class=\"Table-row-item\">\n    <i><u>which<\/u><\/i>\n<\/div>\n<div class=\"Table-row-item\">\neiner Auswahl\n<\/div>\n<\/div>\n<div class=\"Table-row\">\n<div class=\"Table-row-item\">\n    wo\n<\/div>\n<div class=\"Table-row-item\">\n    <i><u>where<\/u><\/i>\n<\/div>\n<div class=\"Table-row-item\">\ndem ort\n<\/div>\n<\/div>\n<div class=\"Table-row\">\n<div class=\"Table-row-item\">\n    wann\n<\/div>\n<div class=\"Table-row-item\">\n    <i><u>when<\/u><\/i>\n<\/div>\n<div class=\"Table-row-item\">\nder Zeit\n<\/div>\n<\/div>\n<div class=\"Table-row\">\n<div class=\"Table-row-item\">\n    warum\n<\/div>\n<div class=\"Table-row-item\">\n    <i><u>why<\/u><\/i>\n<\/div>\n<div class=\"Table-row-item\">\ndem Grund\n<\/div>\n<\/div>\n<div class=\"Table-row\">\n<div class=\"Table-row-item\">\n    wie\n<\/div>\n<div class=\"Table-row-item\">\n    <i><u>how<\/u><\/i>\n<\/div>\n<div class=\"Table-row-item\">\nZustand oder Art und Weise\n<\/div>\n<\/div>\n<div class=\"Table-row\">\n<div class=\"Table-row-item\">\n    wessen\n<\/div>\n<div class=\"Table-row-item\">\n    <i><u>whose<\/u><\/i>\n<\/div>\n<div class=\"Table-row-item\">\neinem Besitzer\n<\/div>\n<\/div>\n<\/div>\n<p>&nbsp;<br \/>\n*Das Fragewort whom findet in der modernen Sprache immer weniger Verwendung und wird inzwischen meistens mit who ersetzt. Dennoch solltest du es kennen, da es immer noch h\u00e4ufig vorkommt und in manchen F\u00e4llen eine eindeutigere Frage bildet.<\/p>\n Ver\u00f6ffentlich am 08.06.2020,  zuletzt aktualisiert: 13.09.2024 von StudyHelp\n","protected":false},"excerpt":{"rendered":"<p>Question words, auf deutsch auch gerne W-W\u00f6rter genannt, benutzen wir, wenn wir nach einer ganz bestimmten Sache fragen. Sie lassen sich in den meisten F\u00e4llen direkt aus dem Deutschen \u00fcbersetzen. Deutsch Englisch Fragt nach. . . Deutsch Englisch Fragt nach&#8230; wer who einer Person (im Subjekt) wen\/wem whom einer Person (im Objekt)* was what einem [&hellip;]<\/p>\n","protected":false},"author":3,"featured_media":0,"parent":15357,"menu_order":0,"comment_status":"closed","ping_status":"closed","template":"","meta":[],"categories":[68],"tags":[],"yoast_head":"<!-- This site is optimized with the Yoast SEO plugin v14.7 - https:\/\/yoast.com\/wordpress\/plugins\/seo\/ -->\n<title>Fragew\u00f6rter im Englischen - Question Words - StudyHelp Online-Lernen<\/title>\n<meta name=\"description\" content=\"Fragew\u00f6rter im Englischen einfach erkl\u00e4rt: who, whom, what, which, where, when, why, how and whose. Inklusive Beispiels\u00e4tzen.\" \/>\n<meta name=\"robots\" content=\"index, follow\" \/>\n<meta name=\"googlebot\" content=\"index, follow, max-snippet:-1, max-image-preview:large, max-video-preview:-1\" \/>\n<meta name=\"bingbot\" content=\"index, follow, max-snippet:-1, max-image-preview:large, max-video-preview:-1\" \/>\n<link rel=\"canonical\" href=\"https:\/\/www.studyhelp.de\/online-lernen\/englisch\/fragewoerter-im-englischen-question-words\/\" \/>\n<meta property=\"og:locale\" content=\"de_DE\" \/>\n<meta property=\"og:type\" content=\"article\" \/>\n<meta property=\"og:title\" content=\"Fragew\u00f6rter im Englischen - Question Words - StudyHelp Online-Lernen\" \/>\n<meta property=\"og:description\" content=\"Fragew\u00f6rter im Englischen einfach erkl\u00e4rt: who, whom, what, which, where, when, why, how and whose. Inklusive Beispiels\u00e4tzen.\" \/>\n<meta property=\"og:url\" content=\"https:\/\/www.studyhelp.de\/online-lernen\/englisch\/fragewoerter-im-englischen-question-words\/\" \/>\n<meta property=\"og:site_name\" content=\"StudyHelp Online-Lernen\" \/>\n<meta property=\"article:modified_time\" content=\"2024-09-13T10:18:34+00:00\" \/>\n<meta name=\"twitter:card\" content=\"summary_large_image\" \/>\n<script type=\"application\/ld+json\" class=\"yoast-schema-graph\">{\"@context\":\"https:\/\/schema.org\",\"@graph\":[{\"@type\":\"WebSite\",\"@id\":\"https:\/\/www.studyhelp.de\/online-lernen\/#website\",\"url\":\"https:\/\/www.studyhelp.de\/online-lernen\/\",\"name\":\"StudyHelp Online-Lernen\",\"description\":\"\",\"potentialAction\":[{\"@type\":\"SearchAction\",\"target\":\"https:\/\/www.studyhelp.de\/online-lernen\/?s={search_term_string}\",\"query-input\":\"required name=search_term_string\"}],\"inLanguage\":\"de-DE\"},{\"@type\":\"WebPage\",\"@id\":\"https:\/\/www.studyhelp.de\/online-lernen\/englisch\/fragewoerter-im-englischen-question-words\/#webpage\",\"url\":\"https:\/\/www.studyhelp.de\/online-lernen\/englisch\/fragewoerter-im-englischen-question-words\/\",\"name\":\"Fragew\\u00f6rter im Englischen - Question Words - StudyHelp Online-Lernen\",\"isPartOf\":{\"@id\":\"https:\/\/www.studyhelp.de\/online-lernen\/#website\"},\"datePublished\":\"2020-06-08T12:54:05+00:00\",\"dateModified\":\"2024-09-13T10:18:34+00:00\",\"description\":\"Fragew\\u00f6rter im Englischen einfach erkl\\u00e4rt: who, whom, what, which, where, when, why, how and whose. Inklusive Beispiels\\u00e4tzen.\",\"inLanguage\":\"de-DE\",\"potentialAction\":[{\"@type\":\"ReadAction\",\"target\":[\"https:\/\/www.studyhelp.de\/online-lernen\/englisch\/fragewoerter-im-englischen-question-words\/\"]}]}]}<\/script>\n<!-- \/ Yoast SEO plugin. -->","_links":{"self":[{"href":"https:\/\/www.studyhelp.de\/online-lernen\/wp-json\/wp\/v2\/pages\/15886"}],"collection":[{"href":"https:\/\/www.studyhelp.de\/online-lernen\/wp-json\/wp\/v2\/pages"}],"about":[{"href":"https:\/\/www.studyhelp.de\/online-lernen\/wp-json\/wp\/v2\/types\/page"}],"author":[{"embeddable":true,"href":"https:\/\/www.studyhelp.de\/online-lernen\/wp-json\/wp\/v2\/users\/3"}],"replies":[{"embeddable":true,"href":"https:\/\/www.studyhelp.de\/online-lernen\/wp-json\/wp\/v2\/comments?post=15886"}],"version-history":[{"count":5,"href":"https:\/\/www.studyhelp.de\/online-lernen\/wp-json\/wp\/v2\/pages\/15886\/revisions"}],"predecessor-version":[{"id":18056,"href":"https:\/\/www.studyhelp.de\/online-lernen\/wp-json\/wp\/v2\/pages\/15886\/revisions\/18056"}],"up":[{"embeddable":true,"href":"https:\/\/www.studyhelp.de\/online-lernen\/wp-json\/wp\/v2\/pages\/15357"}],"wp:attachment":[{"href":"https:\/\/www.studyhelp.de\/online-lernen\/wp-json\/wp\/v2\/media?parent=15886"}],"wp:term":[{"taxonomy":"category","embeddable":true,"href":"https:\/\/www.studyhelp.de\/online-lernen\/wp-json\/wp\/v2\/categories?post=15886"},{"taxonomy":"post_tag","embeddable":true,"href":"https:\/\/www.studyhelp.de\/online-lernen\/wp-json\/wp\/v2\/tags?post=15886"}],"curies":[{"name":"wp","href":"https:\/\/api.w.org\/{rel}","templated":true}]}}