{"id":15891,"date":"2020-06-09T15:36:10","date_gmt":"2020-06-09T13:36:10","guid":{"rendered":"https:\/\/www.studyhelp.de\/online-lernen\/?page_id=15891"},"modified":"2020-06-15T14:22:55","modified_gmt":"2020-06-15T12:22:55","slug":"zaehlwoerter-im-englischen-numerals","status":"publish","type":"page","link":"https:\/\/www.studyhelp.de\/online-lernen\/englisch\/zaehlwoerter-im-englischen-numerals\/","title":{"rendered":"Z\u00e4hlw\u00f6rter im Englischen &#8211; Numerals"},"content":{"rendered":"<p>Wir nutzen t\u00e4glich Zahlw\u00f6rter ohne \u00fcberhaupt zu wissen, dass sie eine eigene Wortart sind. Sie umfasst Br\u00fcche (one third, one half, eight tenth) und Vervielf\u00e4ltigungsw\u00f6rter (double, eight<br \/>\ntimes).<\/p>\n<p><strong>Inhaltsverzeichnis<\/strong><\/p>\n<ul>\n<li><a href=\"#kardinalzahlen\">Kardinalzahlen (<i>Cardinal Numbers<\/i>)<\/a><\/li>\n<li><a href=\"#ordnungszahlen\">Ordnungszahlen<\/a><\/li>\n<\/ul>\n<h2 class=\"anchor\" id=\"kardinalzahlen\">Kardinalzahlen (<i>Cardinal Numbers<\/i>)<\/h2>\n<p><i>Cardinal Numbers<\/i>, auch nat\u00fcrliche Zahlen genannt, sind die Zahlen, die jeder kennt.<\/p>\n<div class=\"Table\">\n<div class=\"Table-row Table-header\">\n<div class=\"Table-row-item\">Cardinal Numbers<\/div>\n<\/p><\/div>\n<div class=\"Table-row\">\n<div class=\"Table-row-item\">\n    1\n<\/div>\n<div class=\"Table-row-item\">\n    <i>one<\/i>\n<\/div>\n<div class=\"Table-row-item\">\n    2\n<\/div>\n<div class=\"Table-row-item\">\n    <i>two<\/i>\n<\/div>\n<div class=\"Table-row-item\">\n    3\n<\/div>\n<div class=\"Table-row-item\">\n    <i>three<\/i>\n<\/div>\n<\/div>\n<div class=\"Table-row\">\n<div class=\"Table-row-item\">\n    4\n<\/div>\n<div class=\"Table-row-item\">\n    <i>four<\/i>\n<\/div>\n<div class=\"Table-row-item\">\n    5\n<\/div>\n<div class=\"Table-row-item\">\n    <i>five<\/i>\n<\/div>\n<div class=\"Table-row-item\">\n    6\n<\/div>\n<div class=\"Table-row-item\">\n    <i>six<\/i>\n<\/div>\n<\/div>\n<div class=\"Table-row\">\n<div class=\"Table-row-item\">\n    7\n<\/div>\n<div class=\"Table-row-item\">\n    <i>seven<\/i>\n<\/div>\n<div class=\"Table-row-item\">\n    8\n<\/div>\n<div class=\"Table-row-item\">\n    <i>eight<\/i>\n<\/div>\n<div class=\"Table-row-item\">\n    9\n<\/div>\n<div class=\"Table-row-item\">\n    <i>nine<\/i>\n<\/div>\n<\/div>\n<div class=\"Table-row\">\n<div class=\"Table-row-item\">\n    10\n<\/div>\n<div class=\"Table-row-item\">\n    <i>ten<\/i>\n<\/div>\n<div class=\"Table-row-item\">\n    11\n<\/div>\n<div class=\"Table-row-item\">\n    <i>eleven<\/i>\n<\/div>\n<div class=\"Table-row-item\">\n    12\n<\/div>\n<div class=\"Table-row-item\">\n    <i>twelve<\/i>\n<\/div>\n<\/div>\n<div class=\"Table-row\">\n<div class=\"Table-row-item\">\n    13\n<\/div>\n<div class=\"Table-row-item\">\n    <i>thirteen<\/i>\n<\/div>\n<div class=\"Table-row-item\">\n    14\n<\/div>\n<div class=\"Table-row-item\">\n    <i>fourteen<\/i>\n<\/div>\n<div class=\"Table-row-item\">\n    15\n<\/div>\n<div class=\"Table-row-item\">\n    <i>fifteen<\/i>\n<\/div>\n<\/div>\n<div class=\"Table-row\">\n<div class=\"Table-row-item\">\n    16\n<\/div>\n<div class=\"Table-row-item\">\n    <i>sixteen<\/i>\n<\/div>\n<div class=\"Table-row-item\">\n    17\n<\/div>\n<div class=\"Table-row-item\">\n    <i>seventeen<\/i>\n<\/div>\n<div class=\"Table-row-item\">\n    18\n<\/div>\n<div class=\"Table-row-item\">\n    <i>eighteen<\/i>\n<\/div>\n<\/div>\n<div class=\"Table-row\">\n<div class=\"Table-row-item\">\n    19\n<\/div>\n<div class=\"Table-row-item\">\n    <i>nineteen<\/i>\n<\/div>\n<div class=\"Table-row-item\">\n    <i><\/i>\n<\/div>\n<div class=\"Table-row-item\">\n    <i><\/i>\n<\/div>\n<div class=\"Table-row-item\">\n    <i><\/i>\n<\/div>\n<div class=\"Table-row-item\">\n    <i><\/i>\n<\/div>\n<\/div>\n<\/div>\n<p>&nbsp;<br \/>\nDas Wort <i>teen<\/i> sollte dir auch vom Wort <i>teenager<\/i> bekannt sein, denn ein <i>teenager<\/i> ist jemand, dessen Alter auf <i>teen<\/i> endet.<\/p>\n<p>Die auf <i>nineteen<\/i> folgende Zahl ist <i>twenty<\/i>, oder zwanzig auf deutsch. Um nun von zwanzig bis neunundzwanzig zu z\u00e4hlen nehmen wir einfach <i>twenty<\/i> und h\u00e4ngen danach die Zahlen von eins bis neun an. Die beiden Zahlen werden durch einen Bindestrich miteinander verbinden.<\/p>\n<div class=\"Table\">\n<div class=\"Table-row Table-header\">\n<\/div>\n<div class=\"Table-row\">\n<div class=\"Table-row-item\">\n    20\n<\/div>\n<div class=\"Table-row-item\">\n    <i>twenty<\/i>\n<\/div>\n<div class=\"Table-row-item\">\n    21\n<\/div>\n<div class=\"Table-row-item\">\n    <i>twenty-one<\/i>\n<\/div>\n<div class=\"Table-row-item\">\n    22\n<\/div>\n<div class=\"Table-row-item\">\n    <i>twenty-two<\/i>\n<\/div>\n<\/div>\n<div class=\"Table-row\">\n<div class=\"Table-row-item\">\n    23\n<\/div>\n<div class=\"Table-row-item\">\n    <i>twenty-three<\/i>\n<\/div>\n<div class=\"Table-row-item\">\n    24\n<\/div>\n<div class=\"Table-row-item\">\n    <i>twenty-four<\/i>\n<\/div>\n<div class=\"Table-row-item\">\n    25\n<\/div>\n<div class=\"Table-row-item\">\n    <i>twenty-five<\/i>\n<\/div>\n<\/div>\n<div class=\"Table-row\">\n<div class=\"Table-row-item\">\n    26\n<\/div>\n<div class=\"Table-row-item\">\n    <i>twenty-six<\/i>\n<\/div>\n<div class=\"Table-row-item\">\n    27\n<\/div>\n<div class=\"Table-row-item\">\n    <i>twenty-seven<\/i>\n<\/div>\n<div class=\"Table-row-item\">\n    28\n<\/div>\n<div class=\"Table-row-item\">\n    <i>twenty-eight<\/i>\n<\/div>\n<\/div>\n<div class=\"Table-row\">\n<div class=\"Table-row-item\">\n    29\n<\/div>\n<div class=\"Table-row-item\">\n    <i>twenty-nine<\/i>\n<\/div>\n<div class=\"Table-row-item\">\n    <i><\/i>\n<\/div>\n<div class=\"Table-row-item\">\n    <i><\/i>\n<\/div>\n<div class=\"Table-row-item\">\n    <i><\/i>\n<\/div>\n<div class=\"Table-row-item\">\n    <i><\/i>\n<\/div>\n<\/div>\n<\/div>\n<p>&nbsp;<br \/>\nGenauso geht es mit den Zahlen bis 99 weiter.<\/p>\n<div class=\"Table\">\n<div class=\"Table-row Table-header\">\n<\/div>\n<div class=\"Table-row\">\n<div class=\"Table-row-item\">\n    30\n<\/div>\n<div class=\"Table-row-item\">\n    <i>thirty<\/i>\n<\/div>\n<div class=\"Table-row-item\">\n    40\n<\/div>\n<div class=\"Table-row-item\">\n    <i>fourty<\/i>\n<\/div>\n<div class=\"Table-row-item\">\n    50\n<\/div>\n<div class=\"Table-row-item\">\n    <i>fifty<\/i>\n<\/div>\n<\/div>\n<div class=\"Table-row\">\n<div class=\"Table-row-item\">\n    60\n<\/div>\n<div class=\"Table-row-item\">\n    <i>sixty<\/i>\n<\/div>\n<div class=\"Table-row-item\">\n    70\n<\/div>\n<div class=\"Table-row-item\">\n    <i>seventy<\/i>\n<\/div>\n<div class=\"Table-row-item\">\n    80\n<\/div>\n<div class=\"Table-row-item\">\n    <i>eighty<\/i>\n<\/div>\n<\/div>\n<div class=\"Table-row\">\n<div class=\"Table-row-item\">\n    90\n<\/div>\n<div class=\"Table-row-item\">\n    <i>ninety<\/i>\n<\/div>\n<div class=\"Table-row-item\">\n    <i><\/i>\n<\/div>\n<div class=\"Table-row-item\">\n    <i><\/i>\n<\/div>\n<div class=\"Table-row-item\">\n    <i><\/i>\n<\/div>\n<div class=\"Table-row-item\">\n    <i><\/i>\n<\/div>\n<\/div>\n<\/div>\n<p>&nbsp;<br \/>\nUnd nun setzen wir die Zahlen von eins bis neun dahinter, z.B.<br \/>\n&nbsp;<br \/>\n56 \u2192 <i>fifty-six<\/i><br \/>\n42 \u2192 <i>forty-two<\/i><br \/>\n75 \u2192 <i>seventy-five<\/i><br \/>\n&nbsp;<br \/>\nAchte bei <i>-teen<\/i> und <i>-ty<\/i> besonders auf die Aussprache. <i>Eighteen<\/i> und <i>eighty<\/i> klingen sehr \u00e4hnlich<br \/>\nund k\u00f6nnten zu Verwirrungen f\u00fchren. Mit derselben Logik f\u00fchren wir die Zahlen ab einhundert weiter.<br \/>\n&nbsp;<\/p>\n<div class=\"Table\">\n<div class=\"Table-row Table-header\">\n<\/div>\n<div class=\"Table-row\">\n<div class=\"Table-row-item\">\n    100\n<\/div>\n<div class=\"Table-row-item\">\n    <i>one hundred<\/i>\n<\/div>\n<div class=\"Table-row-item\">\n    200\n<\/div>\n<div class=\"Table-row-item\">\n    <i>two hundred<\/i>\n<\/div>\n<div class=\"Table-row-item\">\n    300\n<\/div>\n<div class=\"Table-row-item\">\n    <i>three hundred<\/i>\n<\/div>\n<\/div>\n<div class=\"Table-row\">\n<div class=\"Table-row-item\">\n    400\n<\/div>\n<div class=\"Table-row-item\">\n    <i>four hundred<\/i>\n<\/div>\n<div class=\"Table-row-item\">\n    500\n<\/div>\n<div class=\"Table-row-item\">\n    <i>five hundred<\/i>\n<\/div>\n<div class=\"Table-row-item\">\n    600\n<\/div>\n<div class=\"Table-row-item\">\n    <i>six hundred<\/i>\n<\/div>\n<\/div>\n<div class=\"Table-row\">\n<div class=\"Table-row-item\">\n    700\n<\/div>\n<div class=\"Table-row-item\">\n    <i>seven hundred<\/i>\n<\/div>\n<div class=\"Table-row-item\">\n    800\n<\/div>\n<div class=\"Table-row-item\">\n    <i>eight hundred<\/i>\n<\/div>\n<div class=\"Table-row-item\">\n    900\n<\/div>\n<div class=\"Table-row-item\">\n    <i>nine hundred<\/i>\n<\/div>\n<\/div>\n<\/div>\n<p>&nbsp;<br \/>\nDahinter setzen wir dann einfach die entsprechende Zahl, z.B.<\/p>\n<p>145 \u2192 <i>one hundred forty-five<\/i><br \/>\n699 \u2192 <i>six hundred ninety-nine<\/i><br \/>\n777 \u2192 <i>seven hundred seventy-seven<\/i><\/p>\n<p>Weiter geht es dann mit Tausend <i>(thousand)<\/i>, Million <i>(million)<\/i> und so weiter. Ein wichtiger Unterschied ist die Milliarde und Billion, da sie eine verwirrende \u00dcbersetzung haben. Milliarde hei\u00dft auf englisch n\u00e4mlich <i>billion<\/i>, die deutsche Billion ist hingegen die <i>trillion<\/i> im Englischen. Mit solchen Zahlen solltest du in der Schule jedoch seltener Kontakt haben.<\/p>\n<p>Eine weitere Eigenart sind Jahreszahlen, da sie nicht wie gew\u00f6hnliche Zahlen ausgesprochen werden. Das Jahr 1993 ist n\u00e4mlich nicht <i>one thousand nine hundred ninety-three<\/i>, sondern <i>nineteen hundred ninety-three<\/i>. Umgangssprachlich sagt man auch einfach <i>nineteen ninety-three.<\/i><\/p>\n","protected":false},"excerpt":{"rendered":"<p>Wir nutzen t\u00e4glich Zahlw\u00f6rter ohne \u00fcberhaupt zu wissen, dass sie eine eigene Wortart sind. Sie umfasst Br\u00fcche (one third, one half, eight tenth) und Vervielf\u00e4ltigungsw\u00f6rter (double, eight times). Inhaltsverzeichnis Kardinalzahlen (Cardinal Numbers) Ordnungszahlen Kardinalzahlen (Cardinal Numbers) Cardinal Numbers, auch nat\u00fcrliche Zahlen genannt, sind die Zahlen, die jeder kennt. Cardinal Numbers 1 one 2 two 3 [&hellip;]<\/p>\n","protected":false},"author":3,"featured_media":0,"parent":15357,"menu_order":0,"comment_status":"closed","ping_status":"closed","template":"","meta":[],"categories":[68],"tags":[],"yoast_head":"<!-- This site is optimized with the Yoast SEO plugin v14.7 - https:\/\/yoast.com\/wordpress\/plugins\/seo\/ -->\n<title>Z\u00e4hlw\u00f6rter im Englischen - Numerals - StudyHelp Online-Lernen<\/title>\n<meta name=\"description\" content=\"Englische Zahlen verst\u00e4ndlich und \u00fcbersichtlich in diesem Artikel dargestellt. Inklusive Beispielen von kleine- bis gro\u00dfe Zahlen.\" \/>\n<meta name=\"robots\" content=\"index, follow\" \/>\n<meta name=\"googlebot\" content=\"index, follow, max-snippet:-1, max-image-preview:large, max-video-preview:-1\" \/>\n<meta name=\"bingbot\" content=\"index, follow, max-snippet:-1, max-image-preview:large, max-video-preview:-1\" \/>\n<link rel=\"canonical\" href=\"https:\/\/www.studyhelp.de\/online-lernen\/englisch\/zaehlwoerter-im-englischen-numerals\/\" \/>\n<meta property=\"og:locale\" content=\"de_DE\" \/>\n<meta property=\"og:type\" content=\"article\" \/>\n<meta property=\"og:title\" content=\"Z\u00e4hlw\u00f6rter im Englischen - Numerals - StudyHelp Online-Lernen\" \/>\n<meta property=\"og:description\" content=\"Englische Zahlen verst\u00e4ndlich und \u00fcbersichtlich in diesem Artikel dargestellt. Inklusive Beispielen von kleine- bis gro\u00dfe Zahlen.\" \/>\n<meta property=\"og:url\" content=\"https:\/\/www.studyhelp.de\/online-lernen\/englisch\/zaehlwoerter-im-englischen-numerals\/\" \/>\n<meta property=\"og:site_name\" content=\"StudyHelp Online-Lernen\" \/>\n<meta property=\"article:modified_time\" content=\"2020-06-15T12:22:55+00:00\" \/>\n<meta name=\"twitter:card\" content=\"summary_large_image\" \/>\n<script type=\"application\/ld+json\" class=\"yoast-schema-graph\">{\"@context\":\"https:\/\/schema.org\",\"@graph\":[{\"@type\":\"WebSite\",\"@id\":\"https:\/\/www.studyhelp.de\/online-lernen\/#website\",\"url\":\"https:\/\/www.studyhelp.de\/online-lernen\/\",\"name\":\"StudyHelp Online-Lernen\",\"description\":\"\",\"potentialAction\":[{\"@type\":\"SearchAction\",\"target\":\"https:\/\/www.studyhelp.de\/online-lernen\/?s={search_term_string}\",\"query-input\":\"required name=search_term_string\"}],\"inLanguage\":\"de-DE\"},{\"@type\":\"WebPage\",\"@id\":\"https:\/\/www.studyhelp.de\/online-lernen\/englisch\/zaehlwoerter-im-englischen-numerals\/#webpage\",\"url\":\"https:\/\/www.studyhelp.de\/online-lernen\/englisch\/zaehlwoerter-im-englischen-numerals\/\",\"name\":\"Z\\u00e4hlw\\u00f6rter im Englischen - Numerals - StudyHelp Online-Lernen\",\"isPartOf\":{\"@id\":\"https:\/\/www.studyhelp.de\/online-lernen\/#website\"},\"datePublished\":\"2020-06-09T13:36:10+00:00\",\"dateModified\":\"2020-06-15T12:22:55+00:00\",\"description\":\"Englische Zahlen verst\\u00e4ndlich und \\u00fcbersichtlich in diesem Artikel dargestellt. Inklusive Beispielen von kleine- bis gro\\u00dfe Zahlen.\",\"inLanguage\":\"de-DE\",\"potentialAction\":[{\"@type\":\"ReadAction\",\"target\":[\"https:\/\/www.studyhelp.de\/online-lernen\/englisch\/zaehlwoerter-im-englischen-numerals\/\"]}]}]}<\/script>\n<!-- \/ Yoast SEO plugin. -->","_links":{"self":[{"href":"https:\/\/www.studyhelp.de\/online-lernen\/wp-json\/wp\/v2\/pages\/15891"}],"collection":[{"href":"https:\/\/www.studyhelp.de\/online-lernen\/wp-json\/wp\/v2\/pages"}],"about":[{"href":"https:\/\/www.studyhelp.de\/online-lernen\/wp-json\/wp\/v2\/types\/page"}],"author":[{"embeddable":true,"href":"https:\/\/www.studyhelp.de\/online-lernen\/wp-json\/wp\/v2\/users\/3"}],"replies":[{"embeddable":true,"href":"https:\/\/www.studyhelp.de\/online-lernen\/wp-json\/wp\/v2\/comments?post=15891"}],"version-history":[{"count":27,"href":"https:\/\/www.studyhelp.de\/online-lernen\/wp-json\/wp\/v2\/pages\/15891\/revisions"}],"predecessor-version":[{"id":15918,"href":"https:\/\/www.studyhelp.de\/online-lernen\/wp-json\/wp\/v2\/pages\/15891\/revisions\/15918"}],"up":[{"embeddable":true,"href":"https:\/\/www.studyhelp.de\/online-lernen\/wp-json\/wp\/v2\/pages\/15357"}],"wp:attachment":[{"href":"https:\/\/www.studyhelp.de\/online-lernen\/wp-json\/wp\/v2\/media?parent=15891"}],"wp:term":[{"taxonomy":"category","embeddable":true,"href":"https:\/\/www.studyhelp.de\/online-lernen\/wp-json\/wp\/v2\/categories?post=15891"},{"taxonomy":"post_tag","embeddable":true,"href":"https:\/\/www.studyhelp.de\/online-lernen\/wp-json\/wp\/v2\/tags?post=15891"}],"curies":[{"name":"wp","href":"https:\/\/api.w.org\/{rel}","templated":true}]}}