{"id":15961,"date":"2020-06-23T15:31:21","date_gmt":"2020-06-23T13:31:21","guid":{"rendered":"https:\/\/www.studyhelp.de\/online-lernen\/?page_id=15961"},"modified":"2024-09-13T12:17:50","modified_gmt":"2024-09-13T10:17:50","slug":"adverbials-of-place","status":"publish","type":"page","link":"https:\/\/www.studyhelp.de\/online-lernen\/englisch\/adverbials-of-place\/","title":{"rendered":"Adverbials of place &#8211; Adverbiale Bestimmung des Ortes"},"content":{"rendered":"<p>Die <i>adverbials of place<\/i> beinhalten Informationen zu einem Ort. An dieser Stelle des Satzes schreiben wir wo die T\u00e4tigkeit im Pr\u00e4dikat ausgef\u00fchrt wird oder sich das Subjekt\/Objekt aufh\u00e4lt.<\/p>\n<p>Die Ortsangabe steht im Regelfall hinter dem Objekt des Satzes.<\/p>\n<p><img decoding=\"async\" loading=\"lazy\" class=\"aligncenter wp-image-15962\" src=\"https:\/\/www.studyhelp.de\/online-lernen\/wp-content\/uploads\/2020\/06\/adverbials-of-place.jpg\" alt=\"adverbials of place\" width=\"354\" height=\"115\" srcset=\"https:\/\/www.studyhelp.de\/online-lernen\/wp-content\/uploads\/2020\/06\/adverbials-of-place.jpg 545w, https:\/\/www.studyhelp.de\/online-lernen\/wp-content\/uploads\/2020\/06\/adverbials-of-place-300x97.jpg 300w\" sizes=\"(max-width: 354px) 100vw, 354px\" \/><\/p>\n<p>In der Ortsangabe nutzen wir meistens eine Preposition of Place. Sie sind leicht zu erkennen indem wir das Fragewort \u201ewo\u201c, auf Englisch <i>where<\/i>, anwenden.<\/p>\n<p><center><i>The students are sitting <u>in the classroom<\/u><\/i><\/center><\/p>\n<p>Hier ist die Ortsangabe leicht zu erkennen. Wir stellen uns die Frage <i><strong>where<\/strong> are the students sitting?<\/i><br \/>\nDie Antwort ist <i>in the classroom<\/i>. Versuche es einmal selbstst\u00e4ndig im n\u00e4chsten Satz.<\/p>\n<p><center><u><i>Every weekend my family visits my aunt in Berlin<\/i><\/u><\/center><\/p>\n<p>Die Frage in diesem Satz ist <i>Where does my family visit my aunt every weekend?<\/i>, woraufhin die richtige Antwort <i>in Berlin<\/i> ist. Demzufolge ist <i>in Berlin<\/i> die Ortsangabe des Satzes. Zur \u00dcbung sehen wir uns auch einmal die anderen Satzbausteine an. Zuerst suchen wir nach der Handlung im Satz, also dem Pr\u00e4dikat. Es ist <i>visits<\/i>, das einzige vorhandene Verb. Nun suchen wir nach den Personen, die diese T\u00e4tigkeit ausf\u00fchren, also dem Subjekt. Dieses erkennen wir mit der Frage <i>Who visits my aunt in Berlin every weekend?<\/i>, dementsprechend ist es <i>my family.<\/i> Das Objekt ist die Person die meine Familie besucht, die Frage ist <i>Who does my family visit?<\/i>, die Antwort ist <i>my aunt.<\/i><\/p>\n<p><img decoding=\"async\" loading=\"lazy\" class=\"aligncenter  wp-image-15962\" src=\"https:\/\/www.studyhelp.de\/online-lernen\/wp-content\/uploads\/2020\/06\/adverbials-of-place.jpg\" alt=\"adverbials of place\" width=\"363\" height=\"118\" srcset=\"https:\/\/www.studyhelp.de\/online-lernen\/wp-content\/uploads\/2020\/06\/adverbials-of-place.jpg 545w, https:\/\/www.studyhelp.de\/online-lernen\/wp-content\/uploads\/2020\/06\/adverbials-of-place-300x97.jpg 300w\" sizes=\"(max-width: 363px) 100vw, 363px\" \/><\/i><\/p>\n<p>Die Worte every weekend sind in diesem Satz die Zeitangabe, mit der wir uns jetzt ebenfalls<br \/>\nbesch\u00e4ftigen wollen.<\/p>\n Ver\u00f6ffentlich am 23.06.2020,  zuletzt aktualisiert: 13.09.2024 von StudyHelp\n","protected":false},"excerpt":{"rendered":"<p>Die adverbials of place beinhalten Informationen zu einem Ort. An dieser Stelle des Satzes schreiben wir wo die T\u00e4tigkeit im Pr\u00e4dikat ausgef\u00fchrt wird oder sich das Subjekt\/Objekt aufh\u00e4lt. Die Ortsangabe steht im Regelfall hinter dem Objekt des Satzes. In der Ortsangabe nutzen wir meistens eine Preposition of Place. Sie sind leicht zu erkennen indem wir [&hellip;]<\/p>\n","protected":false},"author":3,"featured_media":0,"parent":15357,"menu_order":0,"comment_status":"closed","ping_status":"closed","template":"","meta":[],"categories":[68],"tags":[],"yoast_head":"<!-- This site is optimized with the Yoast SEO plugin v14.7 - https:\/\/yoast.com\/wordpress\/plugins\/seo\/ -->\n<title>Adverbials of place - StudyHelp Online-Lernen<\/title>\n<meta name=\"description\" content=\"Adverbials of place beschreiben in einem Satz den Ort, an dem die T\u00e4tigkeit im Pr\u00e4dikat ausgef\u00fchrt wird oder sich das Subjekt\/Objekt aufh\u00e4lt.\" \/>\n<meta name=\"robots\" content=\"index, follow\" \/>\n<meta name=\"googlebot\" content=\"index, follow, max-snippet:-1, max-image-preview:large, max-video-preview:-1\" \/>\n<meta name=\"bingbot\" content=\"index, follow, max-snippet:-1, max-image-preview:large, max-video-preview:-1\" \/>\n<link rel=\"canonical\" href=\"https:\/\/www.studyhelp.de\/online-lernen\/englisch\/adverbials-of-place\/\" \/>\n<meta property=\"og:locale\" content=\"de_DE\" \/>\n<meta property=\"og:type\" content=\"article\" \/>\n<meta property=\"og:title\" content=\"Adverbials of place - StudyHelp Online-Lernen\" \/>\n<meta property=\"og:description\" content=\"Adverbials of place beschreiben in einem Satz den Ort, an dem die T\u00e4tigkeit im Pr\u00e4dikat ausgef\u00fchrt wird oder sich das Subjekt\/Objekt aufh\u00e4lt.\" \/>\n<meta property=\"og:url\" content=\"https:\/\/www.studyhelp.de\/online-lernen\/englisch\/adverbials-of-place\/\" \/>\n<meta property=\"og:site_name\" content=\"StudyHelp Online-Lernen\" \/>\n<meta property=\"article:modified_time\" content=\"2024-09-13T10:17:50+00:00\" \/>\n<meta property=\"og:image\" content=\"https:\/\/www.studyhelp.de\/online-lernen\/wp-content\/uploads\/2020\/06\/adverbials-of-place.jpg\" \/>\n<meta name=\"twitter:card\" content=\"summary_large_image\" \/>\n<script type=\"application\/ld+json\" class=\"yoast-schema-graph\">{\"@context\":\"https:\/\/schema.org\",\"@graph\":[{\"@type\":\"WebSite\",\"@id\":\"https:\/\/www.studyhelp.de\/online-lernen\/#website\",\"url\":\"https:\/\/www.studyhelp.de\/online-lernen\/\",\"name\":\"StudyHelp Online-Lernen\",\"description\":\"\",\"potentialAction\":[{\"@type\":\"SearchAction\",\"target\":\"https:\/\/www.studyhelp.de\/online-lernen\/?s={search_term_string}\",\"query-input\":\"required name=search_term_string\"}],\"inLanguage\":\"de-DE\"},{\"@type\":\"ImageObject\",\"@id\":\"https:\/\/www.studyhelp.de\/online-lernen\/englisch\/adverbials-of-place\/#primaryimage\",\"inLanguage\":\"de-DE\",\"url\":\"https:\/\/www.studyhelp.de\/online-lernen\/wp-content\/uploads\/2020\/06\/adverbials-of-place.jpg\",\"width\":545,\"height\":177,\"caption\":\"adverbials of place\"},{\"@type\":\"WebPage\",\"@id\":\"https:\/\/www.studyhelp.de\/online-lernen\/englisch\/adverbials-of-place\/#webpage\",\"url\":\"https:\/\/www.studyhelp.de\/online-lernen\/englisch\/adverbials-of-place\/\",\"name\":\"Adverbials of place - StudyHelp Online-Lernen\",\"isPartOf\":{\"@id\":\"https:\/\/www.studyhelp.de\/online-lernen\/#website\"},\"primaryImageOfPage\":{\"@id\":\"https:\/\/www.studyhelp.de\/online-lernen\/englisch\/adverbials-of-place\/#primaryimage\"},\"datePublished\":\"2020-06-23T13:31:21+00:00\",\"dateModified\":\"2024-09-13T10:17:50+00:00\",\"description\":\"Adverbials of place beschreiben in einem Satz den Ort, an dem die T\\u00e4tigkeit im Pr\\u00e4dikat ausgef\\u00fchrt wird oder sich das Subjekt\/Objekt aufh\\u00e4lt.\",\"inLanguage\":\"de-DE\",\"potentialAction\":[{\"@type\":\"ReadAction\",\"target\":[\"https:\/\/www.studyhelp.de\/online-lernen\/englisch\/adverbials-of-place\/\"]}]}]}<\/script>\n<!-- \/ Yoast SEO plugin. -->","_links":{"self":[{"href":"https:\/\/www.studyhelp.de\/online-lernen\/wp-json\/wp\/v2\/pages\/15961"}],"collection":[{"href":"https:\/\/www.studyhelp.de\/online-lernen\/wp-json\/wp\/v2\/pages"}],"about":[{"href":"https:\/\/www.studyhelp.de\/online-lernen\/wp-json\/wp\/v2\/types\/page"}],"author":[{"embeddable":true,"href":"https:\/\/www.studyhelp.de\/online-lernen\/wp-json\/wp\/v2\/users\/3"}],"replies":[{"embeddable":true,"href":"https:\/\/www.studyhelp.de\/online-lernen\/wp-json\/wp\/v2\/comments?post=15961"}],"version-history":[{"count":11,"href":"https:\/\/www.studyhelp.de\/online-lernen\/wp-json\/wp\/v2\/pages\/15961\/revisions"}],"predecessor-version":[{"id":18052,"href":"https:\/\/www.studyhelp.de\/online-lernen\/wp-json\/wp\/v2\/pages\/15961\/revisions\/18052"}],"up":[{"embeddable":true,"href":"https:\/\/www.studyhelp.de\/online-lernen\/wp-json\/wp\/v2\/pages\/15357"}],"wp:attachment":[{"href":"https:\/\/www.studyhelp.de\/online-lernen\/wp-json\/wp\/v2\/media?parent=15961"}],"wp:term":[{"taxonomy":"category","embeddable":true,"href":"https:\/\/www.studyhelp.de\/online-lernen\/wp-json\/wp\/v2\/categories?post=15961"},{"taxonomy":"post_tag","embeddable":true,"href":"https:\/\/www.studyhelp.de\/online-lernen\/wp-json\/wp\/v2\/tags?post=15961"}],"curies":[{"name":"wp","href":"https:\/\/api.w.org\/{rel}","templated":true}]}}