{"id":15971,"date":"2020-07-01T15:19:58","date_gmt":"2020-07-01T13:19:58","guid":{"rendered":"https:\/\/www.studyhelp.de\/online-lernen\/?page_id=15971"},"modified":"2024-09-13T12:18:02","modified_gmt":"2024-09-13T10:18:02","slug":"adverbials-of-time","status":"publish","type":"page","link":"https:\/\/www.studyhelp.de\/online-lernen\/englisch\/adverbials-of-time\/","title":{"rendered":"Adverbials of time \u2013 Adverbiale Bestimmung der Zeit"},"content":{"rendered":"<p>Die Zeitangabe eines Satzes tut genau das, was der Name vermuten l\u00e4sst. Sie gibt n\u00e4mlich die Zeit an, in der eine T\u00e4tigkeit ausgef\u00fchrt wird. Das deutsche Fragewort f\u00fcr die Zeitangabe ist \u201ewann\u201c und das englische <i>when<\/i>. <\/p>\n<div class=\"alert alert-light mt-5 mb-5\">\n<p>Im Satz kann die Zeitangabe zwei verschiedene Pl\u00e4tze einnehmen, entweder <\/p>\n<ul>\n<li>die erste oder<\/li>\n<li>letzte Stelle<\/li>\n<\/ul>\n<p>im Satz. Schematisch sieht ein Satz mit Orts- und Zeitangabe also wie folgt aus:<\/p>\n<p><center><strong>(Zeit) &#8211; Subjekt &#8211; Pr\u00e4dikat &#8211; Objekt &#8211; Ort &#8211; Zeit<\/strong><\/center><\/p>\n<p>Es gibt keine feste Regelung, wann du die Zeitangabe an erster und letzter Stelle platzieren musst. Der Satz<\/p>\n<p><center><i>I am living in Cologne <u>right now<\/u>.<\/i><\/center><\/p>\n<p>hat inhaltlich dieselbe Bedeutung wie<\/p>\n<p><center><i><u>Right now<\/u> I am living in Cologne.<\/i><\/center><\/p>\n<p>Nennst du sie, wie hier im zweiten Satz, an erster Stelle, liegt die Betonung eher auf der Zeitangabe, als auf dem Rest des Satzes. Sollte die Zeitangabe also besonders wichtig sein, solltest du sie zuerst nennen. Beispielsweise in folgendem Satz:<\/p>\n<p><center><i><u>Right now<\/u> I am living in Cologne, but I want to move to Berlin <u>soon<\/u>.<\/i><\/center><\/p>\n<p>Die hier sprechende Person legt Betonung darauf, dass sie momentan in K\u00f6ln lebt. Es scheint ihr also sehr wichtig zu ein, dass man erkennt, dass sie bald umziehen m\u00f6chte. Wir erkennen die Zeitangabe leicht, indem wir Fragen, wann die besprochene T\u00e4tigkeit ausgef\u00fchrt wird.<\/p>\n<p><center><i>I want to sleep longer <u>next weekend<\/u>.<\/i><\/center><\/p>\n<p>Hier ist die Frage <i><strong>When<\/strong> do you want to sleep longer?,<\/i> die Antwort ist <i>next weekend<\/i>. Wo befindet sich die Zeitangabe in folgendem Satz?<\/p>\n<p><center><i>My friends do their homework in the morning.<\/i><\/center><\/p>\n<p><i>In the morning<\/i> ist hier die Zeitangabe, da es auf die Frage <i>When do your friends do their homework?<\/i> antwortet.<\/p>\n Ver\u00f6ffentlich am 01.07.2020,  zuletzt aktualisiert: 13.09.2024 von StudyHelp\n","protected":false},"excerpt":{"rendered":"<p>Die Zeitangabe eines Satzes tut genau das, was der Name vermuten l\u00e4sst. Sie gibt n\u00e4mlich die Zeit an, in der eine T\u00e4tigkeit ausgef\u00fchrt wird. Das deutsche Fragewort f\u00fcr die Zeitangabe ist \u201ewann\u201c und das englische when. Im Satz kann die Zeitangabe zwei verschiedene Pl\u00e4tze einnehmen, entweder die erste oder letzte Stelle im Satz. Schematisch sieht [&hellip;]<\/p>\n","protected":false},"author":3,"featured_media":0,"parent":15357,"menu_order":0,"comment_status":"closed","ping_status":"closed","template":"","meta":[],"categories":[68],"tags":[],"yoast_head":"<!-- This site is optimized with the Yoast SEO plugin v14.7 - https:\/\/yoast.com\/wordpress\/plugins\/seo\/ -->\n<title>Adverbials of Time - StudyHelp Online-Lernen<\/title>\n<meta name=\"description\" content=\"Alle Grundlagen zu den adverbials of time. Inklusive leicht verst\u00e4ndlichen Beispielen und ausf\u00fchrlichen Erkl\u00e4rungen, wie du die adverbials of time einsetzt.\" \/>\n<meta name=\"robots\" content=\"index, follow\" \/>\n<meta name=\"googlebot\" content=\"index, follow, max-snippet:-1, max-image-preview:large, max-video-preview:-1\" \/>\n<meta name=\"bingbot\" content=\"index, follow, max-snippet:-1, max-image-preview:large, max-video-preview:-1\" \/>\n<link rel=\"canonical\" href=\"https:\/\/www.studyhelp.de\/online-lernen\/englisch\/adverbials-of-time\/\" \/>\n<meta property=\"og:locale\" content=\"de_DE\" \/>\n<meta property=\"og:type\" content=\"article\" \/>\n<meta property=\"og:title\" content=\"Adverbials of Time - StudyHelp Online-Lernen\" \/>\n<meta property=\"og:description\" content=\"Alle Grundlagen zu den adverbials of time. Inklusive leicht verst\u00e4ndlichen Beispielen und ausf\u00fchrlichen Erkl\u00e4rungen, wie du die adverbials of time einsetzt.\" \/>\n<meta property=\"og:url\" content=\"https:\/\/www.studyhelp.de\/online-lernen\/englisch\/adverbials-of-time\/\" \/>\n<meta property=\"og:site_name\" content=\"StudyHelp Online-Lernen\" \/>\n<meta property=\"article:modified_time\" content=\"2024-09-13T10:18:02+00:00\" \/>\n<meta name=\"twitter:card\" content=\"summary_large_image\" \/>\n<script type=\"application\/ld+json\" class=\"yoast-schema-graph\">{\"@context\":\"https:\/\/schema.org\",\"@graph\":[{\"@type\":\"WebSite\",\"@id\":\"https:\/\/www.studyhelp.de\/online-lernen\/#website\",\"url\":\"https:\/\/www.studyhelp.de\/online-lernen\/\",\"name\":\"StudyHelp Online-Lernen\",\"description\":\"\",\"potentialAction\":[{\"@type\":\"SearchAction\",\"target\":\"https:\/\/www.studyhelp.de\/online-lernen\/?s={search_term_string}\",\"query-input\":\"required name=search_term_string\"}],\"inLanguage\":\"de-DE\"},{\"@type\":\"WebPage\",\"@id\":\"https:\/\/www.studyhelp.de\/online-lernen\/englisch\/adverbials-of-time\/#webpage\",\"url\":\"https:\/\/www.studyhelp.de\/online-lernen\/englisch\/adverbials-of-time\/\",\"name\":\"Adverbials of Time - StudyHelp Online-Lernen\",\"isPartOf\":{\"@id\":\"https:\/\/www.studyhelp.de\/online-lernen\/#website\"},\"datePublished\":\"2020-07-01T13:19:58+00:00\",\"dateModified\":\"2024-09-13T10:18:02+00:00\",\"description\":\"Alle Grundlagen zu den adverbials of time. Inklusive leicht verst\\u00e4ndlichen Beispielen und ausf\\u00fchrlichen Erkl\\u00e4rungen, wie du die adverbials of time einsetzt.\",\"inLanguage\":\"de-DE\",\"potentialAction\":[{\"@type\":\"ReadAction\",\"target\":[\"https:\/\/www.studyhelp.de\/online-lernen\/englisch\/adverbials-of-time\/\"]}]}]}<\/script>\n<!-- \/ Yoast SEO plugin. -->","_links":{"self":[{"href":"https:\/\/www.studyhelp.de\/online-lernen\/wp-json\/wp\/v2\/pages\/15971"}],"collection":[{"href":"https:\/\/www.studyhelp.de\/online-lernen\/wp-json\/wp\/v2\/pages"}],"about":[{"href":"https:\/\/www.studyhelp.de\/online-lernen\/wp-json\/wp\/v2\/types\/page"}],"author":[{"embeddable":true,"href":"https:\/\/www.studyhelp.de\/online-lernen\/wp-json\/wp\/v2\/users\/3"}],"replies":[{"embeddable":true,"href":"https:\/\/www.studyhelp.de\/online-lernen\/wp-json\/wp\/v2\/comments?post=15971"}],"version-history":[{"count":6,"href":"https:\/\/www.studyhelp.de\/online-lernen\/wp-json\/wp\/v2\/pages\/15971\/revisions"}],"predecessor-version":[{"id":18053,"href":"https:\/\/www.studyhelp.de\/online-lernen\/wp-json\/wp\/v2\/pages\/15971\/revisions\/18053"}],"up":[{"embeddable":true,"href":"https:\/\/www.studyhelp.de\/online-lernen\/wp-json\/wp\/v2\/pages\/15357"}],"wp:attachment":[{"href":"https:\/\/www.studyhelp.de\/online-lernen\/wp-json\/wp\/v2\/media?parent=15971"}],"wp:term":[{"taxonomy":"category","embeddable":true,"href":"https:\/\/www.studyhelp.de\/online-lernen\/wp-json\/wp\/v2\/categories?post=15971"},{"taxonomy":"post_tag","embeddable":true,"href":"https:\/\/www.studyhelp.de\/online-lernen\/wp-json\/wp\/v2\/tags?post=15971"}],"curies":[{"name":"wp","href":"https:\/\/api.w.org\/{rel}","templated":true}]}}