{"id":16023,"date":"2020-07-02T15:54:19","date_gmt":"2020-07-02T13:54:19","guid":{"rendered":"https:\/\/www.studyhelp.de\/online-lernen\/?page_id=16023"},"modified":"2024-09-13T12:21:54","modified_gmt":"2024-09-13T10:21:54","slug":"past-tenses-die-vergangenheit","status":"publish","type":"page","link":"https:\/\/www.studyhelp.de\/online-lernen\/englisch\/past-tenses-die-vergangenheit\/","title":{"rendered":"Past Tenses &#8211; Die Vergangenheit"},"content":{"rendered":"<p>Die <i>Past Tenses<\/i> (in der deutschen Grammatik Vergangenheit oder Pr\u00e4teritum) besch\u00e4ftigen sich mit Handlungen, die vor der Gegenwart stattfanden und somit keine direkte Verbindung zum Augenblick haben.<\/p>\n<p>Wie auch schon die <i>Present Tenses<\/i> sich aufgeteilt haben, so teilen auch die <i>Past Tenses<\/i> folgenderma\u00dfen auf <i>in<\/i>:<\/p>\n<ul>\n<li><a href=\"#past-simple\">past simple<\/a><\/li>\n<li><a href=\"#past-progressive\">past progressive<\/a><\/li>\n<li><a href=\"#past-perfect\">past perfect<\/a><\/li>\n<li><a href=\"#past-perfect-progressive\">past perfect progressive<\/a><\/li>\n<p><\/i>\n<\/ul>\n<hr>\n<h2 class=\"anchor\" id=\"past-simple\">Past Simple<\/h2>\n<p>Wie aus dem <i>Present Simple<\/i>bekannt ben\u00f6tigen wir kein Hilfsverb, um diese Zeitform zu bilden. Stattdessen steht das Vollverb in der <i>Simple Past Form<\/i>.<\/p>\n<p><strong>Genutzt wird <i>Past Simple<\/i>, um Handlungen zu beschreiben, die zu einem genauer beschriebenen Zeitpunkt in der Vergangenheit stattfanden.<\/strong><br \/>\n<center> <i>I <u>played<\/u> the guitar yesterday.<\/i> <\/center><\/p>\n<p>Der Satz beinhaltet eine Zeitangabe in der Vergangenheit (<i>yesterday<\/i>) und das Vollverb steht in der <i>Simple Past<\/i> Form (Endung <i>-ed<\/i>).<\/p>\n<p><center> <i><br \/>\nShe <u>studied<\/u> for the test this morning.<br \/>\n<\/i> <\/center><\/p>\n<p>Wieder finden wir in diesem Satz mit <i>this morning<\/i> eine genaue Zeitangabe und das Vollverb steht mit einer <i>-ed<\/i> Endung in der <i>Simple Past<\/i> Form. Achte immer darauf, dass in der <i>Simple Past<\/i> Form nicht alle Verben auf <i>-ed<\/i> enden. Unregelm\u00e4\u00dfige Verben k\u00f6nnen verschiedene Formen annehmen. <\/p>\n<p><center><i>Who <u>ate<\/u> the cake? <br \/> I <u>ate<\/u> it earlier.<\/i><\/center><\/p>\n<p>Oft kommt der Vergleich zum <i>Present Perfect<\/i> auf, da beide dieselbe Situation zu beschreiben scheinen.<br \/>\n<center><i>I <u>have studied<\/u> for the test. <br \/>I <u>studied<\/u> for the test.<\/i><\/center><\/p>\n<p>Es kann kompliziert sein, die richtige Zeitform zu w\u00e4hlen, vor allem weil wir im Deutschen oft das Perfekt verwenden, wo eigentlich die Vergangenheit angebracht w\u00e4re, dennoch gibt es einen einfachen Weg den richtigen Satz zu bilden.<br \/>\n<strong>Das <i>Past Simple<\/i> kann nur verwendet werden, wenn irgendwo eine genaue Zeitangabe in der Vergangenheit genannt wird.<\/strong><\/p>\n<p>Das kann entweder im Satz sein<br \/>\n<center><i>My father <u>broke<\/u> his leg last week.<\/i><\/center><\/p>\n<p>oder an irgendeiner anderen Position. Wenn du die Aufgabe <i>Write about your last holidays<\/i> bekommst, musst du beispielsweise im <i>Past Simple<\/i> schreiben, da eine genaue Zeitangabe vorgegeben ist. Au\u00dferdem solltest du immer ein Auge auf die Signalw\u00f6rter haben, die dir angeben, welche Zeitform du nutzen musst.<\/p>\n<p><i>Following signal words tell you that you have to use the Simple Past Tense:<\/p>\n<ul>\n<li>yesterday<\/li>\n<li>last week\/year\/holidays\/&#8230; <\/li>\n<li>ago<\/li>\n<\/ul>\n<p><\/i><\/p>\n<hr>\n<h2 class=\"anchor\" id=\"past-progressive\">Past Progressive<\/h2>\n<p>Mit der Zeitform <i>Past Progressive<\/i> kommen wir zu einer der umfangreichsten Zeitformen, denn sie kann in mehreren Situationen verwendet werden. Wir bilden sie genauso wie das <i>Present Progressive<\/i>, setzen das <i>be<\/i> jedoch in die Vergangenheitsform: <i>was<\/i> oder <i>were<\/i>.<br \/>\n<center><i>I <u>was playing<\/u> the guitar yesterday.<\/i><\/center><\/p>\n<p><i>Was<\/i> nutzen wir, wenn als Subjekt <i>I<\/i>, <i>he, she<\/i> oder <i>it<\/i> genutzt wird; <i>were<\/i> bei <i>you, we<\/i> und <i>they<\/i>.<\/p>\n<p><strong>Wir nutzen sie f\u00fcr Handlungen, die in der Vergangenheit andauerten.<\/strong><\/p>\n<p>Eine einfachere Erkl\u00e4rung w\u00e4re: <strong>Was du vor zwei Tagen im <i>Present Progressive<\/i> geschrieben h\u00e4ttest, musst du jetzt ins <i>Past Progressive<\/i> setzen.<\/strong><\/p>\n<p><center><i><br \/>\nI <u>am learning<\/u> for school right now. <br \/>\nI <u>was learning<\/u> for school two days ago.<br \/>\n<\/i><\/center><\/p>\n<p>Inhaltlich unterscheidet sich diese Variante des <i>Past Progressive<\/i> kaum vom <i>Past Simple<\/i>. Aus diesem Grund musst du dir hier keine zu gro\u00dfen Gedanken machen. Beide Zeitformen sind f\u00fcr die meisten Situationen anwendbar, ohne gro\u00dfe inhaltliche Unterschiede zu verursachen. Das <i>Past Progressive<\/i> hat allerdings noch andere Anwendungszwecke.<\/p>\n<p><strong>Wir verwenden es auch, wenn in der Vergangenheit zwei Dinge gleichzeitig geschahen.<\/strong><\/p>\n<p>Meistens werden diese mit der Pr\u00e4position <i>while<\/i> (w\u00e4hrend) miteinander verbunden.<\/p>\n<p><center><i><br \/>\nI <u>was eating<\/u> the cake while my sisters <u>were learning<\/u> for school.<br \/>\n<\/i><\/center><\/p>\n<p>In diesem Satz fanden das Essen und das Lernen zeitgleich statt und <i>Past Progressive<\/i> wird in beiden Satzteilen verwendet.<\/p>\n<p><strong> Eine dritte Variante verwenden wir, wenn jemand in der Vergangenheit eine T\u00e4tigkeit ausf\u00fchrte, die danach von einer anderen unterbrochen wurde.<\/strong><\/p>\n<p><center><i><br \/>\nWe <u>were learning<\/u> for the exam when my mother <u>came<\/u> into the room.<br \/>\n<\/i><\/center><\/p>\n<p>Der Satz mit der ausgef\u00fchrten T\u00e4tigkeit steht in diesem Fall immer im <i>Past Progressive<\/i>, w\u00e4hrend die unterbrechende T\u00e4tigkeit das <i>Past Simple<\/i> verwendet.<\/p>\n<p><i>There is really only one signal word that shows you that Past Progressive has to be used:<\/p>\n<ul>\n<li>while<\/li>\n<\/ul>\n<p><\/i><\/p>\n<div class=\"lyte-wrapper\" style=\"width:420px;max-width:100%;margin:5px;\"><div class=\"lyMe\" id=\"WYL_Ck5-znQJqJE\"><div id=\"lyte_Ck5-znQJqJE\" data-src=\"https:\/\/www.studyhelp.de\/online-lernen\/wp-content\/plugins\/wp-youtube-lyte\/lyteCache.php?origThumbUrl=%2F%2Fi.ytimg.com%2Fvi%2FCk5-znQJqJE%2Fhqdefault.jpg\" class=\"pL\"><div class=\"tC\"><div class=\"tT\"><\/div><\/div><div class=\"play\"><\/div><div class=\"ctrl\"><div class=\"Lctrl\"><\/div><div class=\"Rctrl\"><\/div><\/div><\/div><noscript><a href=\"https:\/\/youtu.be\/Ck5-znQJqJE\" rel=\"nofollow\"><img src=\"https:\/\/www.studyhelp.de\/online-lernen\/wp-content\/plugins\/wp-youtube-lyte\/lyteCache.php?origThumbUrl=https%3A%2F%2Fi.ytimg.com%2Fvi%2FCk5-znQJqJE%2F0.jpg\" alt=\"YouTube-Video-Thumbnail\" width=\"420\" height=\"216\" \/><br \/>Dieses Video auf YouTube ansehen<\/a><\/noscript><\/div><\/div><div class=\"lL\" style=\"max-width:100%;width:420px;margin:5px;\"><\/div><\/p>\n<h2 class=\"anchor\" id=\"past-perfect\">Past Perfect<\/h2>\n<p>Die abgeschlossene Vergangenheit, so redundant sie auch klingen mag, ist eine recht h\u00e4ufig verwendete Zeitform in allt\u00e4glichen Konversationen.<\/p>\n<p><strong>Sie beschreibt T\u00e4tigkeiten, die zu einem Zeitpunkt in der Vergangenheit bereits abgeschlossen waren.<\/strong><\/p>\n<p>\u00c4hnlich wie beim <i>Past Perfect<\/i> gilt hier wieder die grobe Regel: <strong>Was du gestern im <i>Present Perfect<\/i> gesagt h\u00e4ttest schreibst du jetzt im <i>Past Perfect<\/i>.<\/strong><\/p>\n<p>Wir bilden es genauso wie das <i>Present Perfect<\/i>, setzen das <i>have<\/i> jedoch in die Vergangenheitsform: <i>had<\/i>.<\/p>\n<p><center><br \/>\n<i>had<\/i> + Verb (im <i>Past Participle<\/i>)<br \/>\n<\/center><br \/>\n<center><i>I <u>had played<\/u> the guitar.<\/i> <\/center><\/p>\n<p>Das <i>Past Perfect<\/i> hat, \u00e4hnlich wie das <i>Past Progressive<\/i>, noch eine andere Anwendungsm\u00f6glichkeit, die h\u00e4ufig Anwendung findet.<\/p>\n<p><strong>Wir nutzen sie auch, wenn in der Vergangenheit etwas geschah, nachdem eine andere Handlung abgeschlossen wurde.<\/strong><br \/>\n<center><i>She <u>ate<\/u> all the cake after she <u>had finished<\/u> learning for the exam.<\/i><\/center><\/p>\n<p>Dieser Satz sagt aus, dass die Handlung des Lernens bereits abgeschlossen war, bevor sie den Kuchen a\u00df. Der Satz mit der abgeschlossenen Handlung steht in diesen S\u00e4tzen immer im <i>Past Perfect<\/i>, die folgende Handlung im <i>Past Simple<\/i>.<\/p>\n<p><i><br \/>\nWhile there are no proper signal words for the Past Perfect, the following words are often used in this tense.<\/p>\n<ul>\n<li>after<\/li>\n<li>before<\/li>\n<li>when<\/li>\n<\/ul>\n<p><\/i><\/p>\n<hr>\n<h2 class=\"anchor\" id=\"past-perfect-progressive\">Past Perfect Progressive<\/h2>\n<p>Wenn du die Erkl\u00e4rung f\u00fcr das <i>Present Perfect Progressive<\/i> verstanden hast, sollte das <i>Past Perfect Progressive<\/i> kein Problem f\u00fcr dich sein. Wieder ist es eine Kombination aus <i>Perfect<\/i> und <i>Progressive<\/i>.<\/p>\n<p><strong> Diese Zeitform beschreibt eine T\u00e4tigkeit, die in der Vergangenheit anfing, weiterlief und zu einem anderen Zeitpunkt in der Vergangenheit immer noch anhielt.<\/strong><\/p>\n<p>Der Fokus liegt hier auch wieder auf der Dauer der Handlung.<\/p>\n<p>Gebildet wird sie wie das <i>Present Perfect Progressive<\/i>, statt <i>have<\/i> verwenden wir aber die Vergangenheitsform <i>had<\/i>:<\/p>\n<p><center><i>had<\/i> + <i>been<\/i> + Verb + <i>-ing<\/i><\/center><\/p>\n<p><center><i>I <u>had been playing<\/u> the guitar since 2010.<\/i><\/center><\/p>\n<p>Dieser Satz dr\u00fcckt aus, dass ich damals bereits seit 2010 Gitarre spielte. Mit dieser Zeitform erhalten wir ausschlie\u00dflich Informationen \u00fcber die Vergangenheit. Anders als im <i>Present Perfect Progressive<\/i> wissen wir nicht, ob ich gegenw\u00e4rtig immer noch Gitarre spiele.<\/p>\n<p><center><i>She <u>had been learning<\/u> for the exam all day.<\/i><\/center><\/p>\n<p>In diesem Satz liegt der Fokus wieder auf der Dauer der Handlung. In der Vergangenheit hatte sie den ganzen Tag gelernt.<\/p>\n<p><i><br \/>\nThis tense uses the same signal words as Present Perfect Progressive:<\/p>\n<ul>\n<li>allday\/week\/&#8230;<\/li>\n<li>since\/for<\/li>\n<li>wholeday\/week\/&#8230;<\/li>\n<\/ul>\n<p><\/i><\/p>\n<div class=\"lyte-wrapper\" style=\"width:420px;max-width:100%;margin:5px;\"><div class=\"lyMe\" id=\"WYL_z2g7AaaaElU\"><div id=\"lyte_z2g7AaaaElU\" data-src=\"https:\/\/www.studyhelp.de\/online-lernen\/wp-content\/plugins\/wp-youtube-lyte\/lyteCache.php?origThumbUrl=%2F%2Fi.ytimg.com%2Fvi%2Fz2g7AaaaElU%2Fhqdefault.jpg\" class=\"pL\"><div class=\"tC\"><div class=\"tT\"><\/div><\/div><div class=\"play\"><\/div><div class=\"ctrl\"><div class=\"Lctrl\"><\/div><div class=\"Rctrl\"><\/div><\/div><\/div><noscript><a href=\"https:\/\/youtu.be\/z2g7AaaaElU\" rel=\"nofollow\"><img src=\"https:\/\/www.studyhelp.de\/online-lernen\/wp-content\/plugins\/wp-youtube-lyte\/lyteCache.php?origThumbUrl=https%3A%2F%2Fi.ytimg.com%2Fvi%2Fz2g7AaaaElU%2F0.jpg\" alt=\"YouTube-Video-Thumbnail\" width=\"420\" height=\"216\" \/><br \/>Dieses Video auf YouTube ansehen<\/a><\/noscript><\/div><\/div><div class=\"lL\" style=\"max-width:100%;width:420px;margin:5px;\"><\/div><\/p>\n Ver\u00f6ffentlich am 02.07.2020,  zuletzt aktualisiert: 13.09.2024 von StudyHelp\n","protected":false},"excerpt":{"rendered":"<p>Die Past Tenses (in der deutschen Grammatik Vergangenheit oder Pr\u00e4teritum) besch\u00e4ftigen sich mit Handlungen, die vor der Gegenwart stattfanden und somit keine direkte Verbindung zum Augenblick haben. Wie auch schon die Present Tenses sich aufgeteilt haben, so teilen auch die Past Tenses folgenderma\u00dfen auf in: past simple past progressive past perfect past perfect progressive Past [&hellip;]<\/p>\n","protected":false},"author":3,"featured_media":0,"parent":15357,"menu_order":0,"comment_status":"closed","ping_status":"closed","template":"","meta":[],"categories":[68],"tags":[],"yoast_head":"<!-- This site is optimized with the Yoast SEO plugin v14.7 - https:\/\/yoast.com\/wordpress\/plugins\/seo\/ -->\n<title>Past Tenses - Die Vergangenheit - StudyHelp Online-Lernen<\/title>\n<meta name=\"description\" content=\"\u00dcbersichtlicher Artikel zu den past tenses in der englischen Sprache: past simple, past progressive, past perfec &amp; past perfect progressive.\" \/>\n<meta name=\"robots\" content=\"index, follow\" \/>\n<meta name=\"googlebot\" content=\"index, follow, max-snippet:-1, max-image-preview:large, max-video-preview:-1\" \/>\n<meta name=\"bingbot\" content=\"index, follow, max-snippet:-1, max-image-preview:large, max-video-preview:-1\" \/>\n<link rel=\"canonical\" href=\"https:\/\/www.studyhelp.de\/online-lernen\/englisch\/past-tenses-die-vergangenheit\/\" \/>\n<meta property=\"og:locale\" content=\"de_DE\" \/>\n<meta property=\"og:type\" content=\"article\" \/>\n<meta property=\"og:title\" content=\"Past Tenses - Die Vergangenheit - StudyHelp Online-Lernen\" \/>\n<meta property=\"og:description\" content=\"\u00dcbersichtlicher Artikel zu den past tenses in der englischen Sprache: past simple, past progressive, past perfec &amp; past perfect progressive.\" \/>\n<meta property=\"og:url\" content=\"https:\/\/www.studyhelp.de\/online-lernen\/englisch\/past-tenses-die-vergangenheit\/\" \/>\n<meta property=\"og:site_name\" content=\"StudyHelp Online-Lernen\" \/>\n<meta property=\"article:modified_time\" content=\"2024-09-13T10:21:54+00:00\" \/>\n<meta name=\"twitter:card\" content=\"summary_large_image\" \/>\n<script type=\"application\/ld+json\" class=\"yoast-schema-graph\">{\"@context\":\"https:\/\/schema.org\",\"@graph\":[{\"@type\":\"WebSite\",\"@id\":\"https:\/\/www.studyhelp.de\/online-lernen\/#website\",\"url\":\"https:\/\/www.studyhelp.de\/online-lernen\/\",\"name\":\"StudyHelp Online-Lernen\",\"description\":\"\",\"potentialAction\":[{\"@type\":\"SearchAction\",\"target\":\"https:\/\/www.studyhelp.de\/online-lernen\/?s={search_term_string}\",\"query-input\":\"required name=search_term_string\"}],\"inLanguage\":\"de-DE\"},{\"@type\":\"WebPage\",\"@id\":\"https:\/\/www.studyhelp.de\/online-lernen\/englisch\/past-tenses-die-vergangenheit\/#webpage\",\"url\":\"https:\/\/www.studyhelp.de\/online-lernen\/englisch\/past-tenses-die-vergangenheit\/\",\"name\":\"Past Tenses - Die Vergangenheit - StudyHelp Online-Lernen\",\"isPartOf\":{\"@id\":\"https:\/\/www.studyhelp.de\/online-lernen\/#website\"},\"datePublished\":\"2020-07-02T13:54:19+00:00\",\"dateModified\":\"2024-09-13T10:21:54+00:00\",\"description\":\"\\u00dcbersichtlicher Artikel zu den past tenses in der englischen Sprache: past simple, past progressive, past perfec & past perfect progressive.\",\"inLanguage\":\"de-DE\",\"potentialAction\":[{\"@type\":\"ReadAction\",\"target\":[\"https:\/\/www.studyhelp.de\/online-lernen\/englisch\/past-tenses-die-vergangenheit\/\"]}]}]}<\/script>\n<!-- \/ Yoast SEO plugin. -->","_links":{"self":[{"href":"https:\/\/www.studyhelp.de\/online-lernen\/wp-json\/wp\/v2\/pages\/16023"}],"collection":[{"href":"https:\/\/www.studyhelp.de\/online-lernen\/wp-json\/wp\/v2\/pages"}],"about":[{"href":"https:\/\/www.studyhelp.de\/online-lernen\/wp-json\/wp\/v2\/types\/page"}],"author":[{"embeddable":true,"href":"https:\/\/www.studyhelp.de\/online-lernen\/wp-json\/wp\/v2\/users\/3"}],"replies":[{"embeddable":true,"href":"https:\/\/www.studyhelp.de\/online-lernen\/wp-json\/wp\/v2\/comments?post=16023"}],"version-history":[{"count":7,"href":"https:\/\/www.studyhelp.de\/online-lernen\/wp-json\/wp\/v2\/pages\/16023\/revisions"}],"predecessor-version":[{"id":18064,"href":"https:\/\/www.studyhelp.de\/online-lernen\/wp-json\/wp\/v2\/pages\/16023\/revisions\/18064"}],"up":[{"embeddable":true,"href":"https:\/\/www.studyhelp.de\/online-lernen\/wp-json\/wp\/v2\/pages\/15357"}],"wp:attachment":[{"href":"https:\/\/www.studyhelp.de\/online-lernen\/wp-json\/wp\/v2\/media?parent=16023"}],"wp:term":[{"taxonomy":"category","embeddable":true,"href":"https:\/\/www.studyhelp.de\/online-lernen\/wp-json\/wp\/v2\/categories?post=16023"},{"taxonomy":"post_tag","embeddable":true,"href":"https:\/\/www.studyhelp.de\/online-lernen\/wp-json\/wp\/v2\/tags?post=16023"}],"curies":[{"name":"wp","href":"https:\/\/api.w.org\/{rel}","templated":true}]}}