{"id":16052,"date":"2020-07-07T15:41:57","date_gmt":"2020-07-07T13:41:57","guid":{"rendered":"https:\/\/www.studyhelp.de\/online-lernen\/?page_id=16052"},"modified":"2024-09-13T12:19:03","modified_gmt":"2024-09-13T10:19:03","slug":"future-tenses-studyhelp-online-lernen","status":"publish","type":"page","link":"https:\/\/www.studyhelp.de\/online-lernen\/englisch\/future-tenses-studyhelp-online-lernen\/","title":{"rendered":"Future Tenses &#8211; StudyHelp Online-Lernen"},"content":{"rendered":"<p><i>Future Tenses<\/i> werden haupts\u00e4chlich daf\u00fcr verwendet, \u00fcber Handlungen zu sprechen, die noch nicht stattgefunden haben, aber in zuk\u00fcnftigen Situationen eintreten k\u00f6nnten. Da wir die Zukunft nicht vorhersagen k\u00f6nnen sind Aussagen, die mit Hilfe der <i>Future Tenses<\/i> ausgedr\u00fcckt werden, immer nur Vermutungen oder Pl\u00e4ne und stehen nie zu 100% fest. Wir erkennen sie haupts\u00e4chlich am Hilfsverb <i>will<\/i>. Meistens beinhalten S\u00e4tze in diesen Zeitformen eine entsprechende Zeitangabe wie <i>tomorrow, next week<\/i> oder <i>later<\/i>.<\/p>\n<ul>\n<li><a href=\"#simple-future\">Simple Future<\/a><\/li>\n<li><a href=\"#future-progressive\">Future Progressive<\/a><\/li>\n<li><a href=\"#future-perfect\">Future Perfect<\/a><\/li>\n<li><a href=\"#future-perfect-progressive\">Future Perfect Progressive<\/a><\/li>\n<\/ul>\n<hr>\n<h2 class=\"anchor\" id=\"simple-future\">Simple Future<\/h2>\n<p>Die <i>Simple Future<\/i> stellt einen Gegensatz zu <i>Simple Present<\/i> und <i>Simple Past<\/i> dar, da sie zwei verschiedene Formen annehmen kann:<\/p>\n<ul>\n<i><\/p>\n<li> will-Future\n<li> going to-Future<br \/>\n<\/i>\n<\/ul>\n<div class=\"box info\">\n<p><strong>Wir verwenden das will-Future um Vermutungen f\u00fcr die Zukunft auszudr\u00fccken. Bei diesen Vermutungen handelt es sich nicht um feste Pl\u00e4ne, sondern blo\u00dfe Vorhersagen.<\/strong><\/p>\n<\/div>\n<p>Die Bildung der <i>will-Future<\/i> ist nicht sonderlich kompliziert. Sie folgt dem Muster des <i>Present Simple<\/i>, da das Vollverb in der Grundform steht. Zus\u00e4tzlich enth\u00e4lt sie das Hilfsverb will.<br \/>\n<center><i>will<\/i> + Verb<\/center><\/p>\n<p><center>I <u>will play<\/u> the guitar tomorrow.<\/center><\/p>\n<p>Dieser Satz dr\u00fcckt eine Vorhersage f\u00fcr den morgigen Tag aus, beinhaltet allerdings keine Planung. Wir k\u00f6nnen uns also nicht darauf verlassen, dass diese Handlung tats\u00e4chlich ausgef\u00fchrt wird.<\/p>\n<p>Beachte bei der Bildung der <i>will-Future<\/i> unseren Merksatz \u201e<i>He, she, it<\/i> &#8211; das <i>s<\/i> muss mit\u201c, da er in der will-Future keine Anwendung findet! Das Wort wills existiert nicht und das Vollverb steht immer in der Grundform.<br \/>\n<center>She eats the whole cake.<\/center><\/p>\n<p>Die <i>will-Future<\/i> f\u00fcr diesen Satz ist dementsprechend nicht <i>She wills eat the whole cake<\/i> oder <i>She will eats the whole cake<\/i>, sondern:<br \/>\n<center>She <u>will eat<\/u> the whole cake.<\/center><\/p>\n<p><strong> Ein weiteres Einsatzgebiet f\u00fcr das <i>will-Future<\/i> sind Wettervorhersagen, da sich diese nicht beeinflussen lassen.<\/strong><\/p>\n<p><center><br \/>\nIt <u>will rain<\/u> tomorrow. <br \/>\nThere <u>will be<\/u> clouds in the sky.<br \/>\n<\/center><\/p>\n<p><i>While there are no signal words exclusive to the will-Future, they often contain extra verbs to express intention. These could be:<\/i><\/p>\n<ul>\n<li><i>I think I will&#8230;<\/i><\/li>\n<li><i>I guess I will&#8230;<\/i><\/li>\n<li><i>I hope I will&#8230;<\/i><\/li>\n<\/ul>\n<p>Das <i>going to-Future<\/i> ist der etwas ernstere Bruder der <i>will-Future<\/i>.<\/p>\n<p><strong>Wir benutzen diese Zeitformen, um Pl\u00e4ne und feste Absichten auszudr\u00fccken.<\/strong><\/p>\n<p>Handlungen in der <i>going to-Future<\/i> werden wesentlich wahrscheinlicher eintreten als bei der <i>will-Future<\/i>. Bei Unsicherheit \u00fcberlege dir einfach: Wenn du eine zuk\u00fcnftige Handlung in den Kalender eintragen w\u00fcrdest und fest planst, diese auch auszuf\u00fchren, solltest du das <i>going to-Future<\/i> verwenden.<\/p>\n<p>S\u00e4tze mit dieser Zeitform beinhalten immer eine Form von <i>be<\/i>, ein <i>going to<\/i>, gefolgt von einem Vollverb in der Grundform:<br \/>\n<center><i>be<\/i> + <i>going to<\/i> + Verb<\/center><\/p>\n<p><center><i>I <u>am going to play<\/u> guitar tomorrow.<\/i><\/center><\/p>\n<p>Durch die Anwendung des <i>going to-<\/i>Future wird in diesem Satz mein ausdr\u00fccklicher Plan, Gitarre zu spielen, ausgedr\u00fcckt. Es ist sehr wahrscheinlich, dass diese Handlung eintreten wird. Anders als bei der will-Future ver\u00e4ndert das Subjekt den Aufbau des Pr\u00e4dikats, da die Form von <i>be<\/i> von ihr abh\u00e4ngig ist.<br \/>\n<i><center>I <u>am going to eat<\/u> the whole cake. <br \/>\nYou <u>are going to eat<\/u> the whole cake.  <br \/>\nHe\/she\/it <u>is going to eat<\/u> the whole cake. <br \/>\nWe\/you\/they <u>are going to eat<\/u> the whole cake.<br \/>\n<\/center><\/i><\/p>\n<p><i>You can only use the be-forms am, is and are. Was and were are exclusive to past tenses and you can\u2019t use them to talk about the future.<\/i><\/p>\n<div class=\"lyte-wrapper\" style=\"width:420px;max-width:100%;margin:5px;\"><div class=\"lyMe\" id=\"WYL_RnuAzpBq3hU\"><div id=\"lyte_RnuAzpBq3hU\" data-src=\"https:\/\/www.studyhelp.de\/online-lernen\/wp-content\/plugins\/wp-youtube-lyte\/lyteCache.php?origThumbUrl=%2F%2Fi.ytimg.com%2Fvi%2FRnuAzpBq3hU%2Fhqdefault.jpg\" class=\"pL\"><div class=\"tC\"><div class=\"tT\"><\/div><\/div><div class=\"play\"><\/div><div class=\"ctrl\"><div class=\"Lctrl\"><\/div><div class=\"Rctrl\"><\/div><\/div><\/div><noscript><a href=\"https:\/\/youtu.be\/RnuAzpBq3hU\" rel=\"nofollow\"><img src=\"https:\/\/www.studyhelp.de\/online-lernen\/wp-content\/plugins\/wp-youtube-lyte\/lyteCache.php?origThumbUrl=https%3A%2F%2Fi.ytimg.com%2Fvi%2FRnuAzpBq3hU%2F0.jpg\" alt=\"YouTube-Video-Thumbnail\" width=\"420\" height=\"216\" \/><br \/>Dieses Video auf YouTube ansehen<\/a><\/noscript><\/div><\/div><div class=\"lL\" style=\"max-width:100%;width:420px;margin:5px;\"><\/div><\/p>\n<hr>\n<h2 class=\"anchor\" id=\"future-progressive\">Future Progressive<\/h2>\n<p>Beim <i>Future Progressive<\/i> handelt es sich um eine Zeitform, die f\u00fcr Deutsche ungew\u00f6hnlich klingt, da sie kein Gegenst\u00fcck in unserer Grammatik hat. Auch in der englischen Sprache wirkt sie etwas \u00fcberholt, erf\u00fcllt aber dennoch ein paar Zwecke.<\/p>\n<p><strong>Wir verwenden sie f\u00fcr Handlungsverl\u00e4ufe in der Zukunft.<\/strong><\/p>\n<p>Gebildet wird sie wie das <i>Present Progressive<\/i>, das <i>be<\/i> bleibt jedoch in der Grundform und wir setzen ein <i>will<\/i> davor:<br \/>\n<center><br \/>\n<i>will<\/i> + <i>be<\/i> + Verb + <i>-ing<\/i><br \/>\n<\/center><\/p>\n<p><center><i><br \/>\nI <u>will be playing<\/u> the guitar tomorrow.<br \/>\n<\/i><\/center><\/p>\n<p>Mit diesem Satz wird ausgedr\u00fcckt, dass sich die Handlung des Gitarrespielens morgen im Verlauf befinden wird. \u00c4hnlich wie beim <i>Present Progressive<\/i> wird \u00fcber eine Handlung in dem Moment gesprochen. Wenn du mich morgen besuchen wirst, werde ich in diesem Augenblick Gitarre spielen.<br \/>\n<center><i><br \/>\nTomorrow my sister <u>will be learning<\/u> for her test, so we can watch TV.<br \/>\n<\/i><\/center><\/p>\n<p>Auch in diesem Satz sprechen wir davon, dass meine Schwester f\u00fcr den Test lernen wird, wir w\u00e4hrenddessen also den Fernseher benutzen k\u00f6nnen. Der Fokus liegt hier wieder darauf, dass sich die Handlung in Ausf\u00fchrung befinden wird.<\/p>\n<p><strong> Alternativ l\u00e4sst sich das <i>Future Progressive<\/i> auch f\u00fcr Handlungen verwenden, die mit sehr hoher Wahrscheinlichkeit stattfinden werden.<\/strong><\/p>\n<p>In diesen F\u00e4llen unterscheidet sich die Zeitform also kaum von der <i>going to-Future<\/i>.<br \/>\n<center><i> After work I <u>will be having<\/u> a nice dinner.<\/i><\/center><\/p>\n<p><i>Again, there are no signal words exclusive for this tense. You can use the Future Progressive if you have problems with the going to-Future, because the difference is so small that it doesn\u2019t really matter. It can sound a bit unnatural, though.<\/i><\/p>\n<hr>\n<h2 class=\"anchor\" id=\"future-perfect\">Future Perfect<\/h2>\n<p>Mit dem <i>Future Perfect<\/i> beschreiben wir T\u00e4tigkeiten, die zu einem bestimmten Zeitpunkt in der Zukunft bereits abgeschlossen sein werden. Wir bilden sie wie das <i>Present Perfect<\/i>, setzen jedoch ein <i>will<\/i> davor und lassen das <i>have<\/i> in der Grundform:<br \/>\n<center><br \/>\n<i>will<\/i> + <i>have<\/i> + Verb (in <i>Past Participle<\/i>)<br \/>\n<\/center><\/p>\n<p><center><i><br \/>\nI <u>will have finished<\/u> playing guitar when you\u2019re coming over.<br \/>\n<\/i><\/center><\/p>\n<p>Mit diesem Satz dr\u00fccken wir aus, dass die Handlung des Gitarrespielens bereits abgeschlossen sein wird, zum genannten Zeitpunkt spiele ich also nicht mehr.<br \/>\n<center><i><br \/>\nMy sister <u>will have eaten<\/u> the whole cake when I get home.<br \/>\n<\/i><\/center><\/p>\n<p>Auch hier wird die Handlung, in diesem Fall das Essen, abgeschlossen sein, wenn der angegeben Zeitpunkt eintritt. Sobald die Person nach Hause kommt, wird der Kuchen weg sein und die Schwester nicht mehr essen.<\/p>\n<p><i>The signal words for Future Perfect are the same as those for the other Future and Perfect tenses.<\/i><\/p>\n<hr>\n<h2 class=\"anchor\" id=\"future-perfect-progressive\">Future Perfect Progressive<\/h2>\n<p>Genauso wie das <i>Future Perfect<\/i> dr\u00fccken wir mit dieser Zeitform eine abgeschlossene Handlung aus, der Fokus liegt allerdings auf der Dauer der Aktion. <\/strong><\/p>\n<p>Sie beinhaltet im Vergleich zu allen anderen Zeitformen die meisten Verben, die Bildung ist allerdings nicht komplizierter als beim <i>Present<\/i> oder <i>Past Perfect Progressive<\/i>. Wir setzen einfach ein <i>will<\/i> davor und das <i>have<\/i> bleibt immer in der Grundform:<br \/>\n<center><br \/>\n<i>will<\/i> + <i>have<\/i> + <i>been<\/i> + Verb + <i>-ing<\/i><br \/>\n<\/center><\/p>\n<p><center><i><br \/>\nIn a year I <u>will have been playing<\/u> the guitar for six years.<br \/>\n<\/i><\/center><\/p>\n<p>Mit diesem Satz dr\u00fccken wir aus, dass ich in einem Jahr seit sechs Jahren Gitarre gespielt haben werde. Dementsprechend spiele ich in der Gegenwart seit f\u00fcnf Jahren Gitarre. Sehen wir uns einmal den Unterschied von <i>Future Perfect<\/i> und <i>Future Perfect Progressive<\/i> im Vergleich an:<br \/>\n<center><i><br \/>\nMy sister <u>will have learned<\/u> when I come home. <br \/>\nMy sister <u>will have been learning<\/u> for an hour when I come home.<br \/>\n<\/i><\/center><\/p>\n<p>Der Satz im <i>Future Perfect<\/i> sagt einfach aus, dass die T\u00e4tigkeit beendet sein wird. Der zweite Satz im <i>Future Perfect Progressive<\/i> beinhaltet dieselbe Aussage, legt aber noch gesonderten Fokus auf die Dauer der T\u00e4tigkeit.<\/p>\n<p><i>The most confusing part is to keep in mind that the action that\u2019s talked about will be finished, unlike Present and Past Perfect Progressive, where it is still going on.<\/i><\/p>\n Ver\u00f6ffentlich am 07.07.2020,  zuletzt aktualisiert: 13.09.2024 von StudyHelp\n","protected":false},"excerpt":{"rendered":"<p>Future Tenses werden haupts\u00e4chlich daf\u00fcr verwendet, \u00fcber Handlungen zu sprechen, die noch nicht stattgefunden haben, aber in zuk\u00fcnftigen Situationen eintreten k\u00f6nnten. Da wir die Zukunft nicht vorhersagen k\u00f6nnen sind Aussagen, die mit Hilfe der Future Tenses ausgedr\u00fcckt werden, immer nur Vermutungen oder Pl\u00e4ne und stehen nie zu 100% fest. Wir erkennen sie haupts\u00e4chlich am Hilfsverb [&hellip;]<\/p>\n","protected":false},"author":3,"featured_media":0,"parent":15357,"menu_order":0,"comment_status":"closed","ping_status":"closed","template":"","meta":[],"categories":[68],"tags":[],"yoast_head":"<!-- This site is optimized with the Yoast SEO plugin v14.7 - https:\/\/yoast.com\/wordpress\/plugins\/seo\/ -->\n<title>Future Tenses - StudyHelp Online-Lernen - StudyHelp Online-Lernen<\/title>\n<meta name=\"robots\" content=\"index, follow\" \/>\n<meta name=\"googlebot\" content=\"index, follow, max-snippet:-1, max-image-preview:large, max-video-preview:-1\" \/>\n<meta name=\"bingbot\" content=\"index, follow, max-snippet:-1, max-image-preview:large, max-video-preview:-1\" \/>\n<link rel=\"canonical\" href=\"https:\/\/www.studyhelp.de\/online-lernen\/englisch\/future-tenses-studyhelp-online-lernen\/\" \/>\n<meta property=\"og:locale\" content=\"de_DE\" \/>\n<meta property=\"og:type\" content=\"article\" \/>\n<meta property=\"og:title\" content=\"Future Tenses - StudyHelp Online-Lernen - StudyHelp Online-Lernen\" \/>\n<meta property=\"og:description\" content=\"Future Tenses werden haupts\u00e4chlich daf\u00fcr verwendet, \u00fcber Handlungen zu sprechen, die noch nicht stattgefunden haben, aber in zuk\u00fcnftigen Situationen eintreten k\u00f6nnten. Da wir die Zukunft nicht vorhersagen k\u00f6nnen sind Aussagen, die mit Hilfe der Future Tenses ausgedr\u00fcckt werden, immer nur Vermutungen oder Pl\u00e4ne und stehen nie zu 100% fest. Wir erkennen sie haupts\u00e4chlich am Hilfsverb [&hellip;]\" \/>\n<meta property=\"og:url\" content=\"https:\/\/www.studyhelp.de\/online-lernen\/englisch\/future-tenses-studyhelp-online-lernen\/\" \/>\n<meta property=\"og:site_name\" content=\"StudyHelp Online-Lernen\" \/>\n<meta property=\"article:modified_time\" content=\"2024-09-13T10:19:03+00:00\" \/>\n<meta name=\"twitter:card\" content=\"summary_large_image\" \/>\n<script type=\"application\/ld+json\" class=\"yoast-schema-graph\">{\"@context\":\"https:\/\/schema.org\",\"@graph\":[{\"@type\":\"WebSite\",\"@id\":\"https:\/\/www.studyhelp.de\/online-lernen\/#website\",\"url\":\"https:\/\/www.studyhelp.de\/online-lernen\/\",\"name\":\"StudyHelp Online-Lernen\",\"description\":\"\",\"potentialAction\":[{\"@type\":\"SearchAction\",\"target\":\"https:\/\/www.studyhelp.de\/online-lernen\/?s={search_term_string}\",\"query-input\":\"required name=search_term_string\"}],\"inLanguage\":\"de-DE\"},{\"@type\":\"WebPage\",\"@id\":\"https:\/\/www.studyhelp.de\/online-lernen\/englisch\/future-tenses-studyhelp-online-lernen\/#webpage\",\"url\":\"https:\/\/www.studyhelp.de\/online-lernen\/englisch\/future-tenses-studyhelp-online-lernen\/\",\"name\":\"Future Tenses - StudyHelp Online-Lernen - StudyHelp Online-Lernen\",\"isPartOf\":{\"@id\":\"https:\/\/www.studyhelp.de\/online-lernen\/#website\"},\"datePublished\":\"2020-07-07T13:41:57+00:00\",\"dateModified\":\"2024-09-13T10:19:03+00:00\",\"inLanguage\":\"de-DE\",\"potentialAction\":[{\"@type\":\"ReadAction\",\"target\":[\"https:\/\/www.studyhelp.de\/online-lernen\/englisch\/future-tenses-studyhelp-online-lernen\/\"]}]}]}<\/script>\n<!-- \/ Yoast SEO plugin. -->","_links":{"self":[{"href":"https:\/\/www.studyhelp.de\/online-lernen\/wp-json\/wp\/v2\/pages\/16052"}],"collection":[{"href":"https:\/\/www.studyhelp.de\/online-lernen\/wp-json\/wp\/v2\/pages"}],"about":[{"href":"https:\/\/www.studyhelp.de\/online-lernen\/wp-json\/wp\/v2\/types\/page"}],"author":[{"embeddable":true,"href":"https:\/\/www.studyhelp.de\/online-lernen\/wp-json\/wp\/v2\/users\/3"}],"replies":[{"embeddable":true,"href":"https:\/\/www.studyhelp.de\/online-lernen\/wp-json\/wp\/v2\/comments?post=16052"}],"version-history":[{"count":11,"href":"https:\/\/www.studyhelp.de\/online-lernen\/wp-json\/wp\/v2\/pages\/16052\/revisions"}],"predecessor-version":[{"id":18057,"href":"https:\/\/www.studyhelp.de\/online-lernen\/wp-json\/wp\/v2\/pages\/16052\/revisions\/18057"}],"up":[{"embeddable":true,"href":"https:\/\/www.studyhelp.de\/online-lernen\/wp-json\/wp\/v2\/pages\/15357"}],"wp:attachment":[{"href":"https:\/\/www.studyhelp.de\/online-lernen\/wp-json\/wp\/v2\/media?parent=16052"}],"wp:term":[{"taxonomy":"category","embeddable":true,"href":"https:\/\/www.studyhelp.de\/online-lernen\/wp-json\/wp\/v2\/categories?post=16052"},{"taxonomy":"post_tag","embeddable":true,"href":"https:\/\/www.studyhelp.de\/online-lernen\/wp-json\/wp\/v2\/tags?post=16052"}],"curies":[{"name":"wp","href":"https:\/\/api.w.org\/{rel}","templated":true}]}}