{"id":16063,"date":"2020-07-08T14:09:00","date_gmt":"2020-07-08T12:09:00","guid":{"rendered":"https:\/\/www.studyhelp.de\/online-lernen\/?page_id=16063"},"modified":"2024-09-13T12:19:12","modified_gmt":"2024-09-13T10:19:12","slug":"if-saetze-conditional-clauses","status":"publish","type":"page","link":"https:\/\/www.studyhelp.de\/online-lernen\/englisch\/if-saetze-conditional-clauses\/","title":{"rendered":"If-S\u00e4tze (Conditional Clauses)"},"content":{"rendered":"<p>Das Wort <i>Condition<\/i> hei\u00dft \u00fcbersetzt Zustand oder Voraussetzung. Aus dieser \u00dcbersetzung l\u00e4sst sich bereits erahnen, f\u00fcr welche Zwecke wir diese Satzart verwenden. Mit den <i>Conditional Clauses<\/i> werden immer Voraussetzungen genannt, die erf\u00fcllt werden m\u00fcssen, damit etwas anderes geschehen kann. Ein <i>Conditional Clause<\/i> besteht immer aus zwei zusammengesetzten S\u00e4tzen. Das Wort <i>if<\/i> l\u00e4sst sich direkt in das deutsche \u201ewenn\u201c oder \u201efalls\u201c \u00fcbersetzen und hat sich bereits au\u00dferhalb der englischen Grammatik verbreitet. In der Programmierung gibt es beispielsweise die sogenannten <i>if<\/i>-Befehle. Sie funktionieren genauso wie in der Sprache und geben an, was gegeben sein muss, damit eine zweite Aktion eintreten kann.<\/p>\n<p>Die <i>Conditional Clauses<\/i> geh\u00f6ren zu den kompliziertesten Grammatikregeln in der englischen Sprache, da sie bereits vorhandenes Wissen \u00fcber Zeitformen und alle grundlegenden Sprachgesetze fordern. Sie lassen sich in vier Kategorien einteilen, die sich in Aufbau und Inhalt unterscheiden. Nutzt du die falsche Form, kann es dazu f\u00fchren, dass dein Satz eine komplett neue Bedeutung annimmt, auch wenn er sich augenscheinlich kaum ver\u00e4ndert hat.<\/p>\n<p>Die Formen der <i>Conditional Clauses<\/i> nennen sich:<\/p>\n<ul>\n<li><a href=\"#conditional-type-0\">Conditional Type-0<\/a><\/li>\n<li><a href=\"#conditional-type-1\">Conditional Type-I<\/a><\/li>\n<li><a href=\"#conditional-type-two\">Conditional Type-II<\/a><\/li>\n<li><a href=\"#conditionaly-type-three\">Conditional Type-III<\/a><\/li>\n<\/ul>\n<hr>\n<p>\nDer Unterschied zwischen diesen Formen besteht nur in den verwendeten Zeitformen, der Satzaufbau eines <i>Conditional Clause<\/i> ist immer gleich. Der Satz, der die Bedingung beinhaltet, beginnt stets mit dem Wort <i>if<\/i>.<\/p>\n<p><center><i>If I study for my exam, I will get a good mark.<\/i> &#8211; Wenn ich f\u00fcr die Klassenarbeit lerne, werde ich eine gute Note bekommen.<br \/>\n<\/center><\/p>\n<p>In diesem Beispielsatz beinhaltet der erste Satzteil die Bedingung und beginnt deshalb mit dem Wort <i>if<\/i>. Der zweite Satz kann wiederum nur eintreten, wenn diese Bedingung erf\u00fcllt ist. Die gute Note bekomme ich nur, wenn ich vorher f\u00fcr die Klassenarbeit lerne. Die Reihenfolge der beiden Satzabschnitte kann beliebig gew\u00e4hlt werden.<br \/>\n<center><i>If I study for my exam, I will get a good mark. <br \/>I will get a good mark if I study for my exam.<\/i><\/center><\/p>\n<p>Inhaltlich unterscheiden sich diese beiden S\u00e4tze nicht und du kannst die Variante w\u00e4hlen, die sich besser in deinen Text einf\u00fcgen l\u00e4sst.<\/p>\n<p><strong>Beachte aber die Kommasetzung: Beginnt der Satz mit einem <i>if<\/i>, muss ein Komma gesetzt werden. Das ist nicht n\u00f6tig, wenn du die Reihenfolge vertauscht.<\/strong><\/p>\n<div class=\"lyte-wrapper\" style=\"width:420px;max-width:100%;margin:5px;\"><div class=\"lyMe\" id=\"WYL_NwDLr5RN4CU\"><div id=\"lyte_NwDLr5RN4CU\" data-src=\"https:\/\/www.studyhelp.de\/online-lernen\/wp-content\/plugins\/wp-youtube-lyte\/lyteCache.php?origThumbUrl=%2F%2Fi.ytimg.com%2Fvi%2FNwDLr5RN4CU%2Fhqdefault.jpg\" class=\"pL\"><div class=\"tC\"><div class=\"tT\"><\/div><\/div><div class=\"play\"><\/div><div class=\"ctrl\"><div class=\"Lctrl\"><\/div><div class=\"Rctrl\"><\/div><\/div><\/div><noscript><a href=\"https:\/\/youtu.be\/NwDLr5RN4CU\" rel=\"nofollow\"><img src=\"https:\/\/www.studyhelp.de\/online-lernen\/wp-content\/plugins\/wp-youtube-lyte\/lyteCache.php?origThumbUrl=https%3A%2F%2Fi.ytimg.com%2Fvi%2FNwDLr5RN4CU%2F0.jpg\" alt=\"YouTube-Video-Thumbnail\" width=\"420\" height=\"216\" \/><br \/>Dieses Video auf YouTube ansehen<\/a><\/noscript><\/div><\/div><div class=\"lL\" style=\"max-width:100%;width:420px;margin:5px;\"><\/div><\/p>\n<hr>\n<h2 class=\"anchor\" id=\"conditional-type-0\">Conditional Type-0<\/h2>\n<p>Das <i> Conditional Type-0<\/i> findet dann Verwendung, wenn auf eine gegebene Aktion stets ein bestimmtes Resultat folgt. Die Wahrscheinlichkeit betr\u00e4gt nahezu 100%.<\/p>\n<p>Beim <i>Type-0<\/i> stehen beiden H\u00e4lften den Satzes in der Zeitform <i>Present Simple<\/i>:<br \/>\n<center><i>If<\/i> + <i>Present Simple, Present Simple<\/i><\/center><\/p>\n<p><center><i><u>If<\/u> I <u>flip<\/u> the light switch, the lamp <u>turns<\/u> on.<\/i><\/center><\/p>\n<p>Dieser Satz ist ein gutes Beispiel f\u00fcr das <i>Conditional Type-0<\/i>. Unter normalen Umst\u00e4nden geht das Licht immer an, wenn ich den Schalter umlege.<br \/>\n<center><i>The fire <u>burns<\/u> your hand <u>if<\/u> you <u>touch<\/u> it.<\/p>\n<p><u>If<\/u> I <u>don\u2019t drink<\/u> enough, I <u>am<\/u> thirsty.<br \/>\n<\/i><\/center><\/p>\n<p>Bei S\u00e4tzen im <i>Conditional Type-0<\/i> kann das <i>if<\/i> auch gegen ein <i>when<\/i> oder sogar ein <i>whenever<\/i> ausgetauscht werden.<br \/>\n<center><i>I <u>see<\/u> you <u>when<\/u> I <u>get<\/u> home. <\/p>\n<p>Just <u>come<\/u> over <u>whenever<\/u> you <u>have<\/u> the time.<br \/>\n<\/i><\/center><\/p>\n<hr>\n<h2 class=\"anchor\" id=\"conditional-type-1\">Conditional Type-I<\/h2>\n<p><strong> Das <i>Type-I Conditional<\/i> verwenden wir f\u00fcr Situationen, die wahrscheinlich eintreten werden, wenn die Voraussetzung erf\u00fcllt wird.<\/strong><\/p>\n<p>Die H\u00e4lfte mit dem <i>if<\/i> verwendet hier wieder das <i>Present Simple<\/i>, w\u00e4hrend die zweite H\u00e4lfte in der <i>will-Future<\/i> steht:<br \/>\n<center><i>If<\/i> + <i>Present Simple<\/i>, <i>will-Future<\/i><\/center><br \/>\n<center><i><u>If<\/u> I <u>study<\/u> for the test, I <u>will get<\/u> a good mark.<\/i><\/center><\/p>\n<p>Da dieser Satz im Conditional Type-I steht, k\u00f6nnen wir erfassen, dass es sehr wahrscheinlich ist, dass ich eine gute Note bekommen werde, wenn ich f\u00fcr den Test lerne. Anders als beim Type-0 liegt die Wahrscheinlichkeit jedoch etwas niedriger. Es ist sehr gut m\u00f6glich, aber nicht garantiert.<br \/>\n<center><i>I <u>will bring<\/u> a cake to the party <u>if<\/u> I <u>finish<\/u> it on time. <\/p>\n<p><u>If<\/u> you <u>eat<\/u> the whole cake by yourself, you <u>will get<\/u> fat. <\/p>\n<p>We <u>will invite<\/u> you again next year <u>if<\/u> you <u>make<\/u> another delicious cake.<br \/>\n<\/i><\/center><\/p>\n<p><i>In everyday speech it can be difficult to decide between Conditional Type-0 and Type-I. Always remember that you expect things in Type-0 to happen. It is bad if it doesn\u2019t and you would complain. For Type-I clauses on the other hand it it perfectly normal that they don\u2019t work out all the time.<br \/>\n<\/i><\/p>\n<hr>\n<h2 class=\"conditional-type-two\">Conditional Type-II<\/h2>\n<p><strong> Diese Variante beschreibt Handlungen, die passieren w\u00fcrden, nachdem eine sehr unwahrscheinliche Voraussetzung erf\u00fcllt wird.<\/strong><\/p>\n<p>Es ist theoretisch m\u00f6glich, aber sehr unsicher. F\u00fcr das <i>Type-II<\/i> steht der <i>if<\/i>-Satz im <i>Past Simple<\/i>, gefolgt von einem <i>would<\/i> und dem <i>Present Simple<\/i> in der zweiten H\u00e4lfte:<br \/>\n<center><i>If<\/i> + <i>Past Simple<\/i>, <i>would<\/i> + <i>Present Simple<\/i><\/center><\/p>\n<p><center><i><u>If<\/u> I <u>had<\/u> a million dollars, I <u>would buy<\/u> an expensive car.<\/i><\/center><\/p>\n<p>Mit diesem Satz dr\u00fccke ich mein Vorhaben ein teures Auto zu kaufen aus, wenn ich eine Million Dollar h\u00e4tte. Dass diese Situation eintritt, ist jedoch sehr unwahrscheinlich.<br \/>\n<center><i>Sorry, I <u>would help<\/u> you <u>if<\/u> I <u>had<\/u> the time. <\/p>\n<p><u>If<\/u> I <u>studied<\/u> for my exams, I <u>would have<\/u> better marks.<br \/>\n<\/i><\/center><\/p>\n<p>Anstelle eines <i>would<\/i> k\u00f6nnen wir alternativ auch ein <i>could<\/i> verwenden.<\/p>\n<p><center><i><u>If<\/u> you <u>gave<\/u> me some extra time, I <u>could finish<\/u> the bonus task in the test.<\/i><\/center><\/p>\n<hr>\n<h2 class=\"anchor\" id=\"conditionaly-type-three\">Conditional Type-III<\/h2>\n<p>Das letzte <i>Conditional<\/i> ist vom Verst\u00e4ndnis und von der Bildung das komplizierteste, nach etwas \u00dcbung sollte es aber ebenfalls kein Problem sein.<\/p>\n<p><strong> Das <i>Type-III<\/i> nutzen wir f\u00fcr unm\u00f6gliche Situationen. Die Handlung kann niemals eintreten, da die Voraussetzung nicht mehr erf\u00fcllt werden kann. Es handelt sich um eine \u201ewas w\u00e4re, wenn&#8230; \u201c Situation.<\/strong><\/p>\n<p>Der <i>if<\/i>-Satz steht hier im <i>Past Perfect<\/i>, der zweite Satz beinhaltet wieder ein would und steht zus\u00e4tzlich im <i>Present Perfect<\/i>:<br \/>\n<center><i>If<\/i> + <i>Past Perfect<\/i>, <i>would<\/i> + <i>Present Perfect<\/i><\/center><\/p>\n<p><center><i><u>If<\/u> I <u>had studied<\/u> for the test, I <u>would have gotten<\/u> a better mark.<\/i><\/center><\/p>\n<p>Diese Situation kann nicht mehr eintreten, da der Test bereits geschrieben wurde. Er liegt in der Vergangenheit, die Note wurde bereits vergeben. Um diese Voraussetzung zu erf\u00fcllen, h\u00e4tte ich in der Vergangenheit lernen m\u00fcssen. Da es f\u00fcr uns nicht m\u00f6glich ist, die Vergangenheit zu \u00e4ndern, ist es unm\u00f6glich, die Voraussetzung zu erf\u00fcllen.<\/p>\n<p><center><i><u>If<\/u> you <u>had told<\/u> me about your problems, I <u>would have helped<\/u> you.<\/i><\/center><\/p>\n<p>Das gleiche gilt in diesem Satz. Die Person hatte sich in der Vergangenheit dazu entschieden nicht \u00fcber ihre Probleme zu reden, weshalb ich ihr nicht helfen konnte. Nun ist es unm\u00f6glich, diese Voraussetzung zu erf\u00fcllen. Genauso wie im <i>Type-II<\/i> k\u00f6nnen wir auch wieder ein <i>could<\/i> anstelle von <i>would<\/i> verwenden.<br \/>\n<center><i>She <u>could have won<\/u> the race <u>if<\/u> she <u>hadn\u2019t tripped<\/u> over that stone.<\/i><\/center><\/p>\n Ver\u00f6ffentlich am 08.07.2020,  zuletzt aktualisiert: 13.09.2024 von StudyHelp\n","protected":false},"excerpt":{"rendered":"<p>Das Wort Condition hei\u00dft \u00fcbersetzt Zustand oder Voraussetzung. Aus dieser \u00dcbersetzung l\u00e4sst sich bereits erahnen, f\u00fcr welche Zwecke wir diese Satzart verwenden. Mit den Conditional Clauses werden immer Voraussetzungen genannt, die erf\u00fcllt werden m\u00fcssen, damit etwas anderes geschehen kann. Ein Conditional Clause besteht immer aus zwei zusammengesetzten S\u00e4tzen. Das Wort if l\u00e4sst sich direkt in [&hellip;]<\/p>\n","protected":false},"author":3,"featured_media":0,"parent":15357,"menu_order":0,"comment_status":"closed","ping_status":"closed","template":"","meta":[],"categories":[68],"tags":[],"yoast_head":"<!-- This site is optimized with the Yoast SEO plugin v14.7 - https:\/\/yoast.com\/wordpress\/plugins\/seo\/ -->\n<title>If-S\u00e4tze (Conditional Clauses) - StudyHelp Online-Lernen<\/title>\n<meta name=\"robots\" content=\"index, follow\" \/>\n<meta name=\"googlebot\" content=\"index, follow, max-snippet:-1, max-image-preview:large, max-video-preview:-1\" \/>\n<meta name=\"bingbot\" content=\"index, follow, max-snippet:-1, max-image-preview:large, max-video-preview:-1\" \/>\n<link rel=\"canonical\" href=\"https:\/\/www.studyhelp.de\/online-lernen\/englisch\/if-saetze-conditional-clauses\/\" \/>\n<meta property=\"og:locale\" content=\"de_DE\" \/>\n<meta property=\"og:type\" content=\"article\" \/>\n<meta property=\"og:title\" content=\"If-S\u00e4tze (Conditional Clauses) - StudyHelp Online-Lernen\" \/>\n<meta property=\"og:description\" content=\"Das Wort Condition hei\u00dft \u00fcbersetzt Zustand oder Voraussetzung. Aus dieser \u00dcbersetzung l\u00e4sst sich bereits erahnen, f\u00fcr welche Zwecke wir diese Satzart verwenden. Mit den Conditional Clauses werden immer Voraussetzungen genannt, die erf\u00fcllt werden m\u00fcssen, damit etwas anderes geschehen kann. Ein Conditional Clause besteht immer aus zwei zusammengesetzten S\u00e4tzen. Das Wort if l\u00e4sst sich direkt in [&hellip;]\" \/>\n<meta property=\"og:url\" content=\"https:\/\/www.studyhelp.de\/online-lernen\/englisch\/if-saetze-conditional-clauses\/\" \/>\n<meta property=\"og:site_name\" content=\"StudyHelp Online-Lernen\" \/>\n<meta property=\"article:modified_time\" content=\"2024-09-13T10:19:12+00:00\" \/>\n<meta name=\"twitter:card\" content=\"summary_large_image\" \/>\n<script type=\"application\/ld+json\" class=\"yoast-schema-graph\">{\"@context\":\"https:\/\/schema.org\",\"@graph\":[{\"@type\":\"WebSite\",\"@id\":\"https:\/\/www.studyhelp.de\/online-lernen\/#website\",\"url\":\"https:\/\/www.studyhelp.de\/online-lernen\/\",\"name\":\"StudyHelp Online-Lernen\",\"description\":\"\",\"potentialAction\":[{\"@type\":\"SearchAction\",\"target\":\"https:\/\/www.studyhelp.de\/online-lernen\/?s={search_term_string}\",\"query-input\":\"required name=search_term_string\"}],\"inLanguage\":\"de-DE\"},{\"@type\":\"WebPage\",\"@id\":\"https:\/\/www.studyhelp.de\/online-lernen\/englisch\/if-saetze-conditional-clauses\/#webpage\",\"url\":\"https:\/\/www.studyhelp.de\/online-lernen\/englisch\/if-saetze-conditional-clauses\/\",\"name\":\"If-S\\u00e4tze (Conditional Clauses) - StudyHelp Online-Lernen\",\"isPartOf\":{\"@id\":\"https:\/\/www.studyhelp.de\/online-lernen\/#website\"},\"datePublished\":\"2020-07-08T12:09:00+00:00\",\"dateModified\":\"2024-09-13T10:19:12+00:00\",\"inLanguage\":\"de-DE\",\"potentialAction\":[{\"@type\":\"ReadAction\",\"target\":[\"https:\/\/www.studyhelp.de\/online-lernen\/englisch\/if-saetze-conditional-clauses\/\"]}]}]}<\/script>\n<!-- \/ Yoast SEO plugin. -->","_links":{"self":[{"href":"https:\/\/www.studyhelp.de\/online-lernen\/wp-json\/wp\/v2\/pages\/16063"}],"collection":[{"href":"https:\/\/www.studyhelp.de\/online-lernen\/wp-json\/wp\/v2\/pages"}],"about":[{"href":"https:\/\/www.studyhelp.de\/online-lernen\/wp-json\/wp\/v2\/types\/page"}],"author":[{"embeddable":true,"href":"https:\/\/www.studyhelp.de\/online-lernen\/wp-json\/wp\/v2\/users\/3"}],"replies":[{"embeddable":true,"href":"https:\/\/www.studyhelp.de\/online-lernen\/wp-json\/wp\/v2\/comments?post=16063"}],"version-history":[{"count":14,"href":"https:\/\/www.studyhelp.de\/online-lernen\/wp-json\/wp\/v2\/pages\/16063\/revisions"}],"predecessor-version":[{"id":18058,"href":"https:\/\/www.studyhelp.de\/online-lernen\/wp-json\/wp\/v2\/pages\/16063\/revisions\/18058"}],"up":[{"embeddable":true,"href":"https:\/\/www.studyhelp.de\/online-lernen\/wp-json\/wp\/v2\/pages\/15357"}],"wp:attachment":[{"href":"https:\/\/www.studyhelp.de\/online-lernen\/wp-json\/wp\/v2\/media?parent=16063"}],"wp:term":[{"taxonomy":"category","embeddable":true,"href":"https:\/\/www.studyhelp.de\/online-lernen\/wp-json\/wp\/v2\/categories?post=16063"},{"taxonomy":"post_tag","embeddable":true,"href":"https:\/\/www.studyhelp.de\/online-lernen\/wp-json\/wp\/v2\/tags?post=16063"}],"curies":[{"name":"wp","href":"https:\/\/api.w.org\/{rel}","templated":true}]}}